{"id":2715,"date":"2022-09-12T23:08:22","date_gmt":"2022-09-12T20:08:22","guid":{"rendered":"https:\/\/radis.ee\/Ei-luokiteltu\/sanky-muster-laatikoilla\/"},"modified":"2024-01-31T22:17:15","modified_gmt":"2024-01-31T20:17:15","slug":"sanky-dreamy-sankylaatikoilla","status":"publish","type":"product","link":"https:\/\/radis.ee\/fi\/sanky-dreamy-sankylaatikoilla\/","title":{"rendered":"S\u00e4nky DREAMY s\u00e4nkylaatikoilla"},"content":{"rendered":"<p>Upeimmat, mieleenpainuvimmat ja v\u00e4rikk\u00e4imm\u00e4t unet tulevat sinulle DREAMY-s\u00e4ngyss\u00e4. Tukeva ja turvallinen runko pehmeimm\u00e4lle patjallesi, se on ilme jokaisessa makuuhuoneessa.<\/p>\n<p>S\u00e4ngyn leveys on valitun patjan leveys + 4 cm. S\u00e4ngyn reunan korkeus on 40 cm. Patjan pohjan korkeus maasta on 25 cm.<\/p>\n<p>Valmistettu vahvasta 18mm Koskisen korkeapainelaminaatti HPL koivuvanerista, sivut haluttaessa luonnonvanerilla, \u00f6ljyvahattu Light Oak \u00f6ljyvaha tai kokonaan tammiviilu.<\/p>\n<p>S\u00e4ngyn alla on kolme vahvoilla py\u00f6rill\u00e4 varustettua laatikkolaatikkoa, sis\u00e4syvyys 70 cm, korkeus 17 cm ja leveys 60 cm. S\u00e4nkylaatikkoa voidaan k\u00e4ytt\u00e4\u00e4 s\u00e4ngyn molemmilla puolilla. Sis\u00e4lt\u00e4\u00e4 my\u00f6s vaneriset s\u00e4ngyn pohjat. Jalustan v\u00e4liss\u00e4 on vahva vaneriydin, joka pit\u00e4\u00e4 s\u00e4ngyn sivut tiukasti linjassa sek\u00e4 alemmat laatikot.<\/p>\n","protected":false},"excerpt":{"rendered":"<p>Upeimmat, mieleenpainuvimmat ja v\u00e4rikk\u00e4imm\u00e4t unet tulevat sinulle DREAMY-s\u00e4ngyss\u00e4. Tukeva ja turvallinen runko pehmeimm\u00e4lle patjallesi, se on ilme jokaisessa makuuhuoneessa. S\u00e4ngyn leveys on valitun patjan leveys + 4 cm. S\u00e4ngyn reunan korkeus on 40 cm. Patjan pohjan korkeus maasta on 25 cm. Valmistettu vahvasta 18mm Koskisen korkeapainelaminaatti HPL koivuvanerista, sivut haluttaessa luonnonvanerilla, \u00f6ljyvahattu Light Oak \u00f6ljyvaha&#8230;<\/p>\n","protected":false},"featured_media":21101,"comment_status":"open","ping_status":"closed","template":"","meta":{"_acf_changed":false},"product_brand":[],"product_cat":[113],"product_tag":[],"class_list":{"0":"post-2715","1":"product","2":"type-product","3":"status-publish","4":"has-post-thumbnail","6":"product_cat-voodid","8":"first","9":"instock","10":"taxable","11":"shipping-taxable","12":"purchasable","13":"product-type-variable","14":"has-default-attributes"},"acf":[],"yoast_head":"<!-- This site is optimized with the Yoast SEO plugin v27.4 - https:\/\/yoast.com\/product\/yoast-seo-wordpress\/ -->\n<title>S\u00e4nky DREAMY s\u00e4nkylaatikoilla - Radis<\/title>\n<meta name=\"robots\" content=\"index, follow, max-snippet:-1, max-image-preview:large, max-video-preview:-1\" \/>\n<link rel=\"canonical\" href=\"https:\/\/radis.ee\/fi\/sanky-dreamy-sankylaatikoilla\/\" \/>\n<meta property=\"og:locale\" content=\"fi_FI\" \/>\n<meta property=\"og:type\" content=\"article\" \/>\n<meta property=\"og:title\" content=\"S\u00e4nky DREAMY s\u00e4nkylaatikoilla - Radis\" \/>\n<meta property=\"og:description\" content=\"Upeimmat, mieleenpainuvimmat ja v\u00e4rikk\u00e4imm\u00e4t unet tulevat sinulle DREAMY-s\u00e4ngyss\u00e4. Tukeva ja turvallinen runko pehmeimm\u00e4lle patjallesi, se on ilme jokaisessa makuuhuoneessa. S\u00e4ngyn leveys on valitun patjan leveys + 4 cm. S\u00e4ngyn reunan korkeus on 40 cm. Patjan pohjan korkeus maasta on 25 cm. Valmistettu vahvasta 18mm Koskisen korkeapainelaminaatti HPL koivuvanerista, sivut haluttaessa luonnonvanerilla, \u00f6ljyvahattu Light Oak \u00f6ljyvaha...\" \/>\n<meta property=\"og:url\" content=\"https:\/\/radis.ee\/fi\/sanky-dreamy-sankylaatikoilla\/\" \/>\n<meta property=\"og:site_name\" content=\"Radis\" \/>\n<meta property=\"article:publisher\" content=\"https:\/\/www.facebook.com\/radisfurniture\/\" \/>\n<meta property=\"article:modified_time\" content=\"2024-01-31T20:17:15+00:00\" \/>\n<meta property=\"og:image\" content=\"https:\/\/radis.ee\/wp-content\/uploads\/2022\/09\/RADIS_bed_DREAMY_Oak_veneered_White_background.jpg\" \/>\n\t<meta property=\"og:image:width\" content=\"521\" \/>\n\t<meta property=\"og:image:height\" content=\"620\" \/>\n\t<meta property=\"og:image:type\" content=\"image\/jpeg\" \/>\n<meta name=\"twitter:card\" content=\"summary_large_image\" \/>\n<meta name=\"twitter:label1\" content=\"Arvioitu lukuaika\" \/>\n\t<meta name=\"twitter:data1\" content=\"1 minuutti\" \/>\n<script type=\"application\/ld+json\" class=\"yoast-schema-graph\">{\"@context\":\"https:\\\/\\\/schema.org\",\"@graph\":[{\"@type\":\"WebPage\",\"@id\":\"https:\\\/\\\/radis.ee\\\/fi\\\/sanky-dreamy-sankylaatikoilla\\\/\",\"url\":\"https:\\\/\\\/radis.ee\\\/fi\\\/sanky-dreamy-sankylaatikoilla\\\/\",\"name\":\"S\u00e4nky DREAMY s\u00e4nkylaatikoilla - Radis\",\"isPartOf\":{\"@id\":\"https:\\\/\\\/radis.ee\\\/#website\"},\"primaryImageOfPage\":{\"@id\":\"https:\\\/\\\/radis.ee\\\/fi\\\/sanky-dreamy-sankylaatikoilla\\\/#primaryimage\"},\"image\":{\"@id\":\"https:\\\/\\\/radis.ee\\\/fi\\\/sanky-dreamy-sankylaatikoilla\\\/#primaryimage\"},\"thumbnailUrl\":\"https:\\\/\\\/radis.ee\\\/wp-content\\\/uploads\\\/2022\\\/09\\\/RADIS_bed_DREAMY_Oak_veneered_White_background.jpg\",\"datePublished\":\"2022-09-12T20:08:22+00:00\",\"dateModified\":\"2024-01-31T20:17:15+00:00\",\"breadcrumb\":{\"@id\":\"https:\\\/\\\/radis.ee\\\/fi\\\/sanky-dreamy-sankylaatikoilla\\\/#breadcrumb\"},\"inLanguage\":\"fi\",\"potentialAction\":[{\"@type\":\"ReadAction\",\"target\":[\"https:\\\/\\\/radis.ee\\\/fi\\\/sanky-dreamy-sankylaatikoilla\\\/\"]}]},{\"@type\":\"ImageObject\",\"inLanguage\":\"fi\",\"@id\":\"https:\\\/\\\/radis.ee\\\/fi\\\/sanky-dreamy-sankylaatikoilla\\\/#primaryimage\",\"url\":\"https:\\\/\\\/radis.ee\\\/wp-content\\\/uploads\\\/2022\\\/09\\\/RADIS_bed_DREAMY_Oak_veneered_White_background.jpg\",\"contentUrl\":\"https:\\\/\\\/radis.ee\\\/wp-content\\\/uploads\\\/2022\\\/09\\\/RADIS_bed_DREAMY_Oak_veneered_White_background.jpg\",\"width\":521,\"height\":620,\"caption\":\"Radis bed DREAMY Oak veneered\"},{\"@type\":\"BreadcrumbList\",\"@id\":\"https:\\\/\\\/radis.ee\\\/fi\\\/sanky-dreamy-sankylaatikoilla\\\/#breadcrumb\",\"itemListElement\":[{\"@type\":\"ListItem\",\"position\":1,\"name\":\"Home\",\"item\":\"https:\\\/\\\/radis.ee\\\/\"},{\"@type\":\"ListItem\",\"position\":2,\"name\":\"Tuotteet\",\"item\":\"https:\\\/\\\/radis.ee\\\/fi\\\/tuotteet\\\/\"},{\"@type\":\"ListItem\",\"position\":3,\"name\":\"S\u00e4nky DREAMY s\u00e4nkylaatikoilla\"}]},{\"@type\":\"WebSite\",\"@id\":\"https:\\\/\\\/radis.ee\\\/#website\",\"url\":\"https:\\\/\\\/radis.ee\\\/\",\"name\":\"Radis\",\"description\":\"Nordic design furniture, environmentally friendly and sustainable.\",\"publisher\":{\"@id\":\"https:\\\/\\\/radis.ee\\\/#organization\"},\"potentialAction\":[{\"@type\":\"SearchAction\",\"target\":{\"@type\":\"EntryPoint\",\"urlTemplate\":\"https:\\\/\\\/radis.ee\\\/?s={search_term_string}\"},\"query-input\":{\"@type\":\"PropertyValueSpecification\",\"valueRequired\":true,\"valueName\":\"search_term_string\"}}],\"inLanguage\":\"fi\"},{\"@type\":\"Organization\",\"@id\":\"https:\\\/\\\/radis.ee\\\/#organization\",\"name\":\"Radis O\u00dc\",\"url\":\"https:\\\/\\\/radis.ee\\\/\",\"logo\":{\"@type\":\"ImageObject\",\"inLanguage\":\"fi\",\"@id\":\"https:\\\/\\\/radis.ee\\\/#\\\/schema\\\/logo\\\/image\\\/\",\"url\":\"https:\\\/\\\/radis.ee\\\/wp-content\\\/uploads\\\/2020\\\/10\\\/Radis-logo.png\",\"contentUrl\":\"https:\\\/\\\/radis.ee\\\/wp-content\\\/uploads\\\/2020\\\/10\\\/Radis-logo.png\",\"width\":300,\"height\":63,\"caption\":\"Radis O\u00dc\"},\"image\":{\"@id\":\"https:\\\/\\\/radis.ee\\\/#\\\/schema\\\/logo\\\/image\\\/\"},\"sameAs\":[\"https:\\\/\\\/www.facebook.com\\\/radisfurniture\\\/\"]}]}<\/script>\n<!-- \/ Yoast SEO plugin. -->","yoast_head_json":{"title":"S\u00e4nky DREAMY s\u00e4nkylaatikoilla - Radis","robots":{"index":"index","follow":"follow","max-snippet":"max-snippet:-1","max-image-preview":"max-image-preview:large","max-video-preview":"max-video-preview:-1"},"canonical":"https:\/\/radis.ee\/fi\/sanky-dreamy-sankylaatikoilla\/","og_locale":"fi_FI","og_type":"article","og_title":"S\u00e4nky DREAMY s\u00e4nkylaatikoilla - Radis","og_description":"Upeimmat, mieleenpainuvimmat ja v\u00e4rikk\u00e4imm\u00e4t unet tulevat sinulle DREAMY-s\u00e4ngyss\u00e4. Tukeva ja turvallinen runko pehmeimm\u00e4lle patjallesi, se on ilme jokaisessa makuuhuoneessa. S\u00e4ngyn leveys on valitun patjan leveys + 4 cm. S\u00e4ngyn reunan korkeus on 40 cm. Patjan pohjan korkeus maasta on 25 cm. Valmistettu vahvasta 18mm Koskisen korkeapainelaminaatti HPL koivuvanerista, sivut haluttaessa luonnonvanerilla, \u00f6ljyvahattu Light Oak \u00f6ljyvaha...","og_url":"https:\/\/radis.ee\/fi\/sanky-dreamy-sankylaatikoilla\/","og_site_name":"Radis","article_publisher":"https:\/\/www.facebook.com\/radisfurniture\/","article_modified_time":"2024-01-31T20:17:15+00:00","og_image":[{"width":521,"height":620,"url":"https:\/\/radis.ee\/wp-content\/uploads\/2022\/09\/RADIS_bed_DREAMY_Oak_veneered_White_background.jpg","type":"image\/jpeg"}],"twitter_card":"summary_large_image","twitter_misc":{"Arvioitu lukuaika":"1 minuutti"},"schema":{"@context":"https:\/\/schema.org","@graph":[{"@type":"WebPage","@id":"https:\/\/radis.ee\/fi\/sanky-dreamy-sankylaatikoilla\/","url":"https:\/\/radis.ee\/fi\/sanky-dreamy-sankylaatikoilla\/","name":"S\u00e4nky DREAMY s\u00e4nkylaatikoilla - Radis","isPartOf":{"@id":"https:\/\/radis.ee\/#website"},"primaryImageOfPage":{"@id":"https:\/\/radis.ee\/fi\/sanky-dreamy-sankylaatikoilla\/#primaryimage"},"image":{"@id":"https:\/\/radis.ee\/fi\/sanky-dreamy-sankylaatikoilla\/#primaryimage"},"thumbnailUrl":"https:\/\/radis.ee\/wp-content\/uploads\/2022\/09\/RADIS_bed_DREAMY_Oak_veneered_White_background.jpg","datePublished":"2022-09-12T20:08:22+00:00","dateModified":"2024-01-31T20:17:15+00:00","breadcrumb":{"@id":"https:\/\/radis.ee\/fi\/sanky-dreamy-sankylaatikoilla\/#breadcrumb"},"inLanguage":"fi","potentialAction":[{"@type":"ReadAction","target":["https:\/\/radis.ee\/fi\/sanky-dreamy-sankylaatikoilla\/"]}]},{"@type":"ImageObject","inLanguage":"fi","@id":"https:\/\/radis.ee\/fi\/sanky-dreamy-sankylaatikoilla\/#primaryimage","url":"https:\/\/radis.ee\/wp-content\/uploads\/2022\/09\/RADIS_bed_DREAMY_Oak_veneered_White_background.jpg","contentUrl":"https:\/\/radis.ee\/wp-content\/uploads\/2022\/09\/RADIS_bed_DREAMY_Oak_veneered_White_background.jpg","width":521,"height":620,"caption":"Radis bed DREAMY Oak veneered"},{"@type":"BreadcrumbList","@id":"https:\/\/radis.ee\/fi\/sanky-dreamy-sankylaatikoilla\/#breadcrumb","itemListElement":[{"@type":"ListItem","position":1,"name":"Home","item":"https:\/\/radis.ee\/"},{"@type":"ListItem","position":2,"name":"Tuotteet","item":"https:\/\/radis.ee\/fi\/tuotteet\/"},{"@type":"ListItem","position":3,"name":"S\u00e4nky DREAMY s\u00e4nkylaatikoilla"}]},{"@type":"WebSite","@id":"https:\/\/radis.ee\/#website","url":"https:\/\/radis.ee\/","name":"Radis","description":"Nordic design furniture, environmentally friendly and sustainable.","publisher":{"@id":"https:\/\/radis.ee\/#organization"},"potentialAction":[{"@type":"SearchAction","target":{"@type":"EntryPoint","urlTemplate":"https:\/\/radis.ee\/?s={search_term_string}"},"query-input":{"@type":"PropertyValueSpecification","valueRequired":true,"valueName":"search_term_string"}}],"inLanguage":"fi"},{"@type":"Organization","@id":"https:\/\/radis.ee\/#organization","name":"Radis O\u00dc","url":"https:\/\/radis.ee\/","logo":{"@type":"ImageObject","inLanguage":"fi","@id":"https:\/\/radis.ee\/#\/schema\/logo\/image\/","url":"https:\/\/radis.ee\/wp-content\/uploads\/2020\/10\/Radis-logo.png","contentUrl":"https:\/\/radis.ee\/wp-content\/uploads\/2020\/10\/Radis-logo.png","width":300,"height":63,"caption":"Radis O\u00dc"},"image":{"@id":"https:\/\/radis.ee\/#\/schema\/logo\/image\/"},"sameAs":["https:\/\/www.facebook.com\/radisfurniture\/"]}]}},"_links":{"self":[{"href":"https:\/\/radis.ee\/fi\/wp-json\/wp\/v2\/product\/2715","targetHints":{"allow":["GET"]}}],"collection":[{"href":"https:\/\/radis.ee\/fi\/wp-json\/wp\/v2\/product"}],"about":[{"href":"https:\/\/radis.ee\/fi\/wp-json\/wp\/v2\/types\/product"}],"replies":[{"embeddable":true,"href":"https:\/\/radis.ee\/fi\/wp-json\/wp\/v2\/comments?post=2715"}],"wp:featuredmedia":[{"embeddable":true,"href":"https:\/\/radis.ee\/fi\/wp-json\/wp\/v2\/media\/21101"}],"wp:attachment":[{"href":"https:\/\/radis.ee\/fi\/wp-json\/wp\/v2\/media?parent=2715"}],"wp:term":[{"taxonomy":"product_brand","embeddable":true,"href":"https:\/\/radis.ee\/fi\/wp-json\/wp\/v2\/product_brand?post=2715"},{"taxonomy":"product_cat","embeddable":true,"href":"https:\/\/radis.ee\/fi\/wp-json\/wp\/v2\/product_cat?post=2715"},{"taxonomy":"product_tag","embeddable":true,"href":"https:\/\/radis.ee\/fi\/wp-json\/wp\/v2\/product_tag?post=2715"}],"curies":[{"name":"wp","href":"https:\/\/api.w.org\/{rel}","templated":true}]}}