{"id":27402,"date":"2024-09-12T15:39:19","date_gmt":"2024-09-12T12:39:20","guid":{"rendered":"https:\/\/radis.ee\/?post_type=product&#038;p=27402"},"modified":"2024-09-23T22:33:32","modified_gmt":"2024-09-23T19:33:32","slug":"tuoli-cula","status":"publish","type":"product","link":"https:\/\/radis.ee\/fi\/tuoli-cula\/","title":{"rendered":"Tuoli CULA"},"content":{"rendered":"<p>Ajaton tuoli puhtailla linjoilla, joka huolehtii hoitajasta joka aterialla. Matala selk\u00e4noja ei seiso n\u00e4k\u00f6kent\u00e4n edess\u00e4 eik\u00e4 hallitse huoneen sisustusta. K\u00e4sinojat antavat sinulle mahdollisuuden tuntea olosi mukavaksi my\u00f6s pidempien illallisten aikana.<\/p>\n<p>CULA-tuoli on saatavana sek\u00e4 tammiviiluna ett\u00e4 koivuvanerina. Se menee nopeasti yhteen parilla tapilla ja rakennusruuvilla. Istuinkorkeus 46 cm.<\/p>\n<p>Suunnittelija: Martin Soome<\/p>\n","protected":false},"excerpt":{"rendered":"<p>Ajaton tuoli puhtailla linjoilla, joka huolehtii hoitajasta joka aterialla. Matala selk\u00e4noja ei seiso n\u00e4k\u00f6kent\u00e4n edess\u00e4 eik\u00e4 hallitse huoneen sisustusta. K\u00e4sinojat antavat sinulle mahdollisuuden tuntea olosi mukavaksi my\u00f6s pidempien illallisten aikana. CULA-tuoli on saatavana sek\u00e4 tammiviiluna ett\u00e4 koivuvanerina. Se menee nopeasti yhteen parilla tapilla ja rakennusruuvilla. Istuinkorkeus 46 cm. Suunnittelija: Martin Soome<\/p>\n","protected":false},"featured_media":27432,"comment_status":"open","ping_status":"closed","template":"","meta":{"_acf_changed":false},"product_brand":[],"product_cat":[34],"product_tag":[],"class_list":{"0":"post-27402","1":"product","2":"type-product","3":"status-publish","4":"has-post-thumbnail","6":"product_cat-aksessuaarid","8":"first","9":"instock","10":"taxable","11":"shipping-taxable","12":"purchasable","13":"product-type-simple"},"acf":[],"yoast_head":"<!-- This site is optimized with the Yoast SEO plugin v27.4 - https:\/\/yoast.com\/product\/yoast-seo-wordpress\/ -->\n<title>Tuoli CULA - Radis<\/title>\n<meta name=\"robots\" content=\"index, follow, max-snippet:-1, max-image-preview:large, max-video-preview:-1\" \/>\n<link rel=\"canonical\" href=\"https:\/\/radis.ee\/tool-cula\/\" \/>\n<meta property=\"og:locale\" content=\"fi_FI\" \/>\n<meta property=\"og:type\" content=\"article\" \/>\n<meta property=\"og:title\" content=\"Tuoli CULA - Radis\" \/>\n<meta property=\"og:description\" content=\"Ajaton tuoli puhtailla linjoilla, joka huolehtii hoitajasta joka aterialla. Matala selk\u00e4noja ei seiso n\u00e4k\u00f6kent\u00e4n edess\u00e4 eik\u00e4 hallitse huoneen sisustusta. K\u00e4sinojat antavat sinulle mahdollisuuden tuntea olosi mukavaksi my\u00f6s pidempien illallisten aikana. CULA-tuoli on saatavana sek\u00e4 tammiviiluna ett\u00e4 koivuvanerina. Se menee nopeasti yhteen parilla tapilla ja rakennusruuvilla. Istuinkorkeus 46 cm. Suunnittelija: Martin Soome\" \/>\n<meta property=\"og:url\" content=\"https:\/\/radis.ee\/tool-cula\/\" \/>\n<meta property=\"og:site_name\" content=\"Radis\" \/>\n<meta property=\"article:publisher\" content=\"https:\/\/www.facebook.com\/radisfurniture\/\" \/>\n<meta property=\"article:modified_time\" content=\"2024-09-23T19:33:32+00:00\" \/>\n<meta property=\"og:image\" content=\"https:\/\/radis.ee\/wp-content\/uploads\/2024\/09\/RADIS_Chair_CULA.jpg\" \/>\n\t<meta property=\"og:image:width\" content=\"1606\" \/>\n\t<meta property=\"og:image:height\" content=\"1912\" \/>\n\t<meta property=\"og:image:type\" content=\"image\/jpeg\" \/>\n<meta name=\"twitter:card\" content=\"summary_large_image\" \/>\n<meta name=\"twitter:label1\" content=\"Arvioitu lukuaika\" \/>\n\t<meta name=\"twitter:data1\" content=\"1 minuutti\" \/>\n<script type=\"application\/ld+json\" class=\"yoast-schema-graph\">{\"@context\":\"https:\\\/\\\/schema.org\",\"@graph\":[{\"@type\":\"WebPage\",\"@id\":\"https:\\\/\\\/radis.ee\\\/tool-cula\\\/\",\"url\":\"https:\\\/\\\/radis.ee\\\/tool-cula\\\/\",\"name\":\"Tuoli CULA - Radis\",\"isPartOf\":{\"@id\":\"https:\\\/\\\/radis.ee\\\/#website\"},\"primaryImageOfPage\":{\"@id\":\"https:\\\/\\\/radis.ee\\\/tool-cula\\\/#primaryimage\"},\"image\":{\"@id\":\"https:\\\/\\\/radis.ee\\\/tool-cula\\\/#primaryimage\"},\"thumbnailUrl\":\"https:\\\/\\\/radis.ee\\\/wp-content\\\/uploads\\\/2024\\\/09\\\/RADIS_Chair_CULA.jpg\",\"datePublished\":\"2024-09-12T12:39:20+00:00\",\"dateModified\":\"2024-09-23T19:33:32+00:00\",\"breadcrumb\":{\"@id\":\"https:\\\/\\\/radis.ee\\\/tool-cula\\\/#breadcrumb\"},\"inLanguage\":\"fi\",\"potentialAction\":[{\"@type\":\"ReadAction\",\"target\":[\"https:\\\/\\\/radis.ee\\\/tool-cula\\\/\"]}]},{\"@type\":\"ImageObject\",\"inLanguage\":\"fi\",\"@id\":\"https:\\\/\\\/radis.ee\\\/tool-cula\\\/#primaryimage\",\"url\":\"https:\\\/\\\/radis.ee\\\/wp-content\\\/uploads\\\/2024\\\/09\\\/RADIS_Chair_CULA.jpg\",\"contentUrl\":\"https:\\\/\\\/radis.ee\\\/wp-content\\\/uploads\\\/2024\\\/09\\\/RADIS_Chair_CULA.jpg\",\"width\":1606,\"height\":1912,\"caption\":\"Radis stool CULA oak veneered plywood\"},{\"@type\":\"BreadcrumbList\",\"@id\":\"https:\\\/\\\/radis.ee\\\/tool-cula\\\/#breadcrumb\",\"itemListElement\":[{\"@type\":\"ListItem\",\"position\":1,\"name\":\"Home\",\"item\":\"https:\\\/\\\/radis.ee\\\/\"},{\"@type\":\"ListItem\",\"position\":2,\"name\":\"Tuotteet\",\"item\":\"https:\\\/\\\/radis.ee\\\/fi\\\/tuotteet\\\/\"},{\"@type\":\"ListItem\",\"position\":3,\"name\":\"Tuoli CULA\"}]},{\"@type\":\"WebSite\",\"@id\":\"https:\\\/\\\/radis.ee\\\/#website\",\"url\":\"https:\\\/\\\/radis.ee\\\/\",\"name\":\"Radis\",\"description\":\"Nordic design furniture, environmentally friendly and sustainable.\",\"publisher\":{\"@id\":\"https:\\\/\\\/radis.ee\\\/#organization\"},\"potentialAction\":[{\"@type\":\"SearchAction\",\"target\":{\"@type\":\"EntryPoint\",\"urlTemplate\":\"https:\\\/\\\/radis.ee\\\/?s={search_term_string}\"},\"query-input\":{\"@type\":\"PropertyValueSpecification\",\"valueRequired\":true,\"valueName\":\"search_term_string\"}}],\"inLanguage\":\"fi\"},{\"@type\":\"Organization\",\"@id\":\"https:\\\/\\\/radis.ee\\\/#organization\",\"name\":\"Radis O\u00dc\",\"url\":\"https:\\\/\\\/radis.ee\\\/\",\"logo\":{\"@type\":\"ImageObject\",\"inLanguage\":\"fi\",\"@id\":\"https:\\\/\\\/radis.ee\\\/#\\\/schema\\\/logo\\\/image\\\/\",\"url\":\"https:\\\/\\\/radis.ee\\\/wp-content\\\/uploads\\\/2020\\\/10\\\/Radis-logo.png\",\"contentUrl\":\"https:\\\/\\\/radis.ee\\\/wp-content\\\/uploads\\\/2020\\\/10\\\/Radis-logo.png\",\"width\":300,\"height\":63,\"caption\":\"Radis O\u00dc\"},\"image\":{\"@id\":\"https:\\\/\\\/radis.ee\\\/#\\\/schema\\\/logo\\\/image\\\/\"},\"sameAs\":[\"https:\\\/\\\/www.facebook.com\\\/radisfurniture\\\/\"]}]}<\/script>\n<!-- \/ Yoast SEO plugin. -->","yoast_head_json":{"title":"Tuoli CULA - Radis","robots":{"index":"index","follow":"follow","max-snippet":"max-snippet:-1","max-image-preview":"max-image-preview:large","max-video-preview":"max-video-preview:-1"},"canonical":"https:\/\/radis.ee\/tool-cula\/","og_locale":"fi_FI","og_type":"article","og_title":"Tuoli CULA - Radis","og_description":"Ajaton tuoli puhtailla linjoilla, joka huolehtii hoitajasta joka aterialla. Matala selk\u00e4noja ei seiso n\u00e4k\u00f6kent\u00e4n edess\u00e4 eik\u00e4 hallitse huoneen sisustusta. K\u00e4sinojat antavat sinulle mahdollisuuden tuntea olosi mukavaksi my\u00f6s pidempien illallisten aikana. CULA-tuoli on saatavana sek\u00e4 tammiviiluna ett\u00e4 koivuvanerina. Se menee nopeasti yhteen parilla tapilla ja rakennusruuvilla. Istuinkorkeus 46 cm. Suunnittelija: Martin Soome","og_url":"https:\/\/radis.ee\/tool-cula\/","og_site_name":"Radis","article_publisher":"https:\/\/www.facebook.com\/radisfurniture\/","article_modified_time":"2024-09-23T19:33:32+00:00","og_image":[{"width":1606,"height":1912,"url":"https:\/\/radis.ee\/wp-content\/uploads\/2024\/09\/RADIS_Chair_CULA.jpg","type":"image\/jpeg"}],"twitter_card":"summary_large_image","twitter_misc":{"Arvioitu lukuaika":"1 minuutti"},"schema":{"@context":"https:\/\/schema.org","@graph":[{"@type":"WebPage","@id":"https:\/\/radis.ee\/tool-cula\/","url":"https:\/\/radis.ee\/tool-cula\/","name":"Tuoli CULA - Radis","isPartOf":{"@id":"https:\/\/radis.ee\/#website"},"primaryImageOfPage":{"@id":"https:\/\/radis.ee\/tool-cula\/#primaryimage"},"image":{"@id":"https:\/\/radis.ee\/tool-cula\/#primaryimage"},"thumbnailUrl":"https:\/\/radis.ee\/wp-content\/uploads\/2024\/09\/RADIS_Chair_CULA.jpg","datePublished":"2024-09-12T12:39:20+00:00","dateModified":"2024-09-23T19:33:32+00:00","breadcrumb":{"@id":"https:\/\/radis.ee\/tool-cula\/#breadcrumb"},"inLanguage":"fi","potentialAction":[{"@type":"ReadAction","target":["https:\/\/radis.ee\/tool-cula\/"]}]},{"@type":"ImageObject","inLanguage":"fi","@id":"https:\/\/radis.ee\/tool-cula\/#primaryimage","url":"https:\/\/radis.ee\/wp-content\/uploads\/2024\/09\/RADIS_Chair_CULA.jpg","contentUrl":"https:\/\/radis.ee\/wp-content\/uploads\/2024\/09\/RADIS_Chair_CULA.jpg","width":1606,"height":1912,"caption":"Radis stool CULA oak veneered plywood"},{"@type":"BreadcrumbList","@id":"https:\/\/radis.ee\/tool-cula\/#breadcrumb","itemListElement":[{"@type":"ListItem","position":1,"name":"Home","item":"https:\/\/radis.ee\/"},{"@type":"ListItem","position":2,"name":"Tuotteet","item":"https:\/\/radis.ee\/fi\/tuotteet\/"},{"@type":"ListItem","position":3,"name":"Tuoli CULA"}]},{"@type":"WebSite","@id":"https:\/\/radis.ee\/#website","url":"https:\/\/radis.ee\/","name":"Radis","description":"Nordic design furniture, environmentally friendly and sustainable.","publisher":{"@id":"https:\/\/radis.ee\/#organization"},"potentialAction":[{"@type":"SearchAction","target":{"@type":"EntryPoint","urlTemplate":"https:\/\/radis.ee\/?s={search_term_string}"},"query-input":{"@type":"PropertyValueSpecification","valueRequired":true,"valueName":"search_term_string"}}],"inLanguage":"fi"},{"@type":"Organization","@id":"https:\/\/radis.ee\/#organization","name":"Radis O\u00dc","url":"https:\/\/radis.ee\/","logo":{"@type":"ImageObject","inLanguage":"fi","@id":"https:\/\/radis.ee\/#\/schema\/logo\/image\/","url":"https:\/\/radis.ee\/wp-content\/uploads\/2020\/10\/Radis-logo.png","contentUrl":"https:\/\/radis.ee\/wp-content\/uploads\/2020\/10\/Radis-logo.png","width":300,"height":63,"caption":"Radis O\u00dc"},"image":{"@id":"https:\/\/radis.ee\/#\/schema\/logo\/image\/"},"sameAs":["https:\/\/www.facebook.com\/radisfurniture\/"]}]}},"_links":{"self":[{"href":"https:\/\/radis.ee\/fi\/wp-json\/wp\/v2\/product\/27402","targetHints":{"allow":["GET"]}}],"collection":[{"href":"https:\/\/radis.ee\/fi\/wp-json\/wp\/v2\/product"}],"about":[{"href":"https:\/\/radis.ee\/fi\/wp-json\/wp\/v2\/types\/product"}],"replies":[{"embeddable":true,"href":"https:\/\/radis.ee\/fi\/wp-json\/wp\/v2\/comments?post=27402"}],"wp:featuredmedia":[{"embeddable":true,"href":"https:\/\/radis.ee\/fi\/wp-json\/wp\/v2\/media\/27432"}],"wp:attachment":[{"href":"https:\/\/radis.ee\/fi\/wp-json\/wp\/v2\/media?parent=27402"}],"wp:term":[{"taxonomy":"product_brand","embeddable":true,"href":"https:\/\/radis.ee\/fi\/wp-json\/wp\/v2\/product_brand?post=27402"},{"taxonomy":"product_cat","embeddable":true,"href":"https:\/\/radis.ee\/fi\/wp-json\/wp\/v2\/product_cat?post=27402"},{"taxonomy":"product_tag","embeddable":true,"href":"https:\/\/radis.ee\/fi\/wp-json\/wp\/v2\/product_tag?post=27402"}],"curies":[{"name":"wp","href":"https:\/\/api.w.org\/{rel}","templated":true}]}}