{"id":27501,"date":"2022-08-10T12:43:12","date_gmt":"2024-09-27T14:43:17","guid":{"rendered":"https:\/\/radis.ee\/?post_type=product&#038;p=27501"},"modified":"2024-10-04T18:31:56","modified_gmt":"2024-10-04T15:31:56","slug":"senkki-rubi","status":"publish","type":"product","link":"https:\/\/radis.ee\/fi\/senkki-rubi\/","title":{"rendered":"Senkki RUBI"},"content":{"rendered":"<p>RUBI-sekkip\u00f6yd\u00e4n kaarevat reunat tekev\u00e4t jokaisen huoneen dynamiikasta rytmisemm\u00e4n. Pronssinv\u00e4risill\u00e4 peililaseilla varustetut ovet tekev\u00e4t ymp\u00e4rist\u00f6st\u00e4 tilavamman ja suuremman. Leikkis\u00e4sti siirrett\u00e4vien ovien avulla k\u00e4ytt\u00e4j\u00e4 voi vaikuttaa lipaston ulkon\u00e4k\u00f6\u00f6n ja olla osana sen suunnitteluprosessia.<\/p>\n<p>Lipasto RUBI on valmistettu ymp\u00e4rist\u00f6yst\u00e4v\u00e4llisest\u00e4 vanerista tammiviilulla, jonka alla on vahva 20x20mm musta pulverimaalattu metallijalka, jonka korkeus on 35 cm. Pehme\u00e4sti sulkeutuvat oven saranat, ovet avautuvat-sulkeutuvat painamalla, push2open. Ovien leveys on 36 cm. Kahden suuren oven takana on my\u00f6s kaksi v\u00e4lihylly\u00e4, joiden korkeus on s\u00e4\u00e4dett\u00e4viss\u00e4 ja joiden leveys on 70 cm.<\/p>\n<p>Voit valita useiden korkeuksien ja ovien v\u00e4lill\u00e4 &#8211; pronssisella peililasilla tai tammiviilulla mustalla petsill\u00e4.<\/p>\n<p>Suunnittelija: Martin Soome, Raul Abner<\/p>\n","protected":false},"excerpt":{"rendered":"<p>RUBI-sekkip\u00f6yd\u00e4n kaarevat reunat tekev\u00e4t jokaisen huoneen dynamiikasta rytmisemm\u00e4n. Pronssinv\u00e4risill\u00e4 peililaseilla varustetut ovet tekev\u00e4t ymp\u00e4rist\u00f6st\u00e4 tilavamman ja suuremman. Leikkis\u00e4sti siirrett\u00e4vien ovien avulla k\u00e4ytt\u00e4j\u00e4 voi vaikuttaa lipaston ulkon\u00e4k\u00f6\u00f6n ja olla osana sen suunnitteluprosessia. Lipasto RUBI on valmistettu ymp\u00e4rist\u00f6yst\u00e4v\u00e4llisest\u00e4 vanerista tammiviilulla, jonka alla on vahva 20x20mm musta pulverimaalattu metallijalka, jonka korkeus on 35 cm. Pehme\u00e4sti sulkeutuvat oven saranat,&#8230;<\/p>\n","protected":false},"featured_media":27732,"comment_status":"open","ping_status":"closed","template":"","meta":{"_acf_changed":false},"product_brand":[],"product_cat":[17],"product_tag":[],"class_list":{"0":"post-27501","1":"product","2":"type-product","3":"status-publish","4":"has-post-thumbnail","6":"product_cat-kummutid","8":"first","9":"instock","10":"taxable","11":"shipping-taxable","12":"purchasable","13":"product-type-variable","14":"has-default-attributes"},"acf":[],"yoast_head":"<!-- This site is optimized with the Yoast SEO plugin v27.4 - https:\/\/yoast.com\/product\/yoast-seo-wordpress\/ -->\n<title>Senkki RUBI - Radis<\/title>\n<meta name=\"robots\" content=\"index, follow, max-snippet:-1, max-image-preview:large, max-video-preview:-1\" \/>\n<link rel=\"canonical\" href=\"https:\/\/radis.ee\/kummut-rubi\/\" \/>\n<meta property=\"og:locale\" content=\"fi_FI\" \/>\n<meta property=\"og:type\" content=\"article\" \/>\n<meta property=\"og:title\" content=\"Senkki RUBI - Radis\" \/>\n<meta property=\"og:description\" content=\"RUBI-sekkip\u00f6yd\u00e4n kaarevat reunat tekev\u00e4t jokaisen huoneen dynamiikasta rytmisemm\u00e4n. Pronssinv\u00e4risill\u00e4 peililaseilla varustetut ovet tekev\u00e4t ymp\u00e4rist\u00f6st\u00e4 tilavamman ja suuremman. Leikkis\u00e4sti siirrett\u00e4vien ovien avulla k\u00e4ytt\u00e4j\u00e4 voi vaikuttaa lipaston ulkon\u00e4k\u00f6\u00f6n ja olla osana sen suunnitteluprosessia. Lipasto RUBI on valmistettu ymp\u00e4rist\u00f6yst\u00e4v\u00e4llisest\u00e4 vanerista tammiviilulla, jonka alla on vahva 20x20mm musta pulverimaalattu metallijalka, jonka korkeus on 35 cm. Pehme\u00e4sti sulkeutuvat oven saranat,...\" \/>\n<meta property=\"og:url\" content=\"https:\/\/radis.ee\/kummut-rubi\/\" \/>\n<meta property=\"og:site_name\" content=\"Radis\" \/>\n<meta property=\"article:publisher\" content=\"https:\/\/www.facebook.com\/radisfurniture\/\" \/>\n<meta property=\"article:modified_time\" content=\"2024-10-04T15:31:56+00:00\" \/>\n<meta property=\"og:image\" content=\"https:\/\/radis.ee\/wp-content\/uploads\/2024\/09\/Radis_sideboard_RUBI_3_levels_Oak_veneered_doors_Bronze_mirror_white_background.jpg\" \/>\n\t<meta property=\"og:image:width\" content=\"356\" \/>\n\t<meta property=\"og:image:height\" content=\"425\" \/>\n\t<meta property=\"og:image:type\" content=\"image\/jpeg\" \/>\n<meta name=\"twitter:card\" content=\"summary_large_image\" \/>\n<meta name=\"twitter:label1\" content=\"Arvioitu lukuaika\" \/>\n\t<meta name=\"twitter:data1\" content=\"1 minuutti\" \/>\n<script type=\"application\/ld+json\" class=\"yoast-schema-graph\">{\"@context\":\"https:\\\/\\\/schema.org\",\"@graph\":[{\"@type\":\"WebPage\",\"@id\":\"https:\\\/\\\/radis.ee\\\/kummut-rubi\\\/\",\"url\":\"https:\\\/\\\/radis.ee\\\/kummut-rubi\\\/\",\"name\":\"Senkki RUBI - Radis\",\"isPartOf\":{\"@id\":\"https:\\\/\\\/radis.ee\\\/#website\"},\"primaryImageOfPage\":{\"@id\":\"https:\\\/\\\/radis.ee\\\/kummut-rubi\\\/#primaryimage\"},\"image\":{\"@id\":\"https:\\\/\\\/radis.ee\\\/kummut-rubi\\\/#primaryimage\"},\"thumbnailUrl\":\"https:\\\/\\\/radis.ee\\\/wp-content\\\/uploads\\\/2024\\\/09\\\/Radis_sideboard_RUBI_3_levels_Oak_veneered_doors_Bronze_mirror_white_background.jpg\",\"datePublished\":\"2024-09-27T14:43:17+00:00\",\"dateModified\":\"2024-10-04T15:31:56+00:00\",\"breadcrumb\":{\"@id\":\"https:\\\/\\\/radis.ee\\\/kummut-rubi\\\/#breadcrumb\"},\"inLanguage\":\"fi\",\"potentialAction\":[{\"@type\":\"ReadAction\",\"target\":[\"https:\\\/\\\/radis.ee\\\/kummut-rubi\\\/\"]}]},{\"@type\":\"ImageObject\",\"inLanguage\":\"fi\",\"@id\":\"https:\\\/\\\/radis.ee\\\/kummut-rubi\\\/#primaryimage\",\"url\":\"https:\\\/\\\/radis.ee\\\/wp-content\\\/uploads\\\/2024\\\/09\\\/Radis_sideboard_RUBI_3_levels_Oak_veneered_doors_Bronze_mirror_white_background.jpg\",\"contentUrl\":\"https:\\\/\\\/radis.ee\\\/wp-content\\\/uploads\\\/2024\\\/09\\\/Radis_sideboard_RUBI_3_levels_Oak_veneered_doors_Bronze_mirror_white_background.jpg\",\"width\":356,\"height\":425,\"caption\":\"Radis sideboard RUBI 3 levels Oak veneered plywood doors Bronze mirror\"},{\"@type\":\"BreadcrumbList\",\"@id\":\"https:\\\/\\\/radis.ee\\\/kummut-rubi\\\/#breadcrumb\",\"itemListElement\":[{\"@type\":\"ListItem\",\"position\":1,\"name\":\"Home\",\"item\":\"https:\\\/\\\/radis.ee\\\/\"},{\"@type\":\"ListItem\",\"position\":2,\"name\":\"Tuotteet\",\"item\":\"https:\\\/\\\/radis.ee\\\/fi\\\/tuotteet\\\/\"},{\"@type\":\"ListItem\",\"position\":3,\"name\":\"Senkki RUBI\"}]},{\"@type\":\"WebSite\",\"@id\":\"https:\\\/\\\/radis.ee\\\/#website\",\"url\":\"https:\\\/\\\/radis.ee\\\/\",\"name\":\"Radis\",\"description\":\"Nordic design furniture, environmentally friendly and sustainable.\",\"publisher\":{\"@id\":\"https:\\\/\\\/radis.ee\\\/#organization\"},\"potentialAction\":[{\"@type\":\"SearchAction\",\"target\":{\"@type\":\"EntryPoint\",\"urlTemplate\":\"https:\\\/\\\/radis.ee\\\/?s={search_term_string}\"},\"query-input\":{\"@type\":\"PropertyValueSpecification\",\"valueRequired\":true,\"valueName\":\"search_term_string\"}}],\"inLanguage\":\"fi\"},{\"@type\":\"Organization\",\"@id\":\"https:\\\/\\\/radis.ee\\\/#organization\",\"name\":\"Radis O\u00dc\",\"url\":\"https:\\\/\\\/radis.ee\\\/\",\"logo\":{\"@type\":\"ImageObject\",\"inLanguage\":\"fi\",\"@id\":\"https:\\\/\\\/radis.ee\\\/#\\\/schema\\\/logo\\\/image\\\/\",\"url\":\"https:\\\/\\\/radis.ee\\\/wp-content\\\/uploads\\\/2020\\\/10\\\/Radis-logo.png\",\"contentUrl\":\"https:\\\/\\\/radis.ee\\\/wp-content\\\/uploads\\\/2020\\\/10\\\/Radis-logo.png\",\"width\":300,\"height\":63,\"caption\":\"Radis O\u00dc\"},\"image\":{\"@id\":\"https:\\\/\\\/radis.ee\\\/#\\\/schema\\\/logo\\\/image\\\/\"},\"sameAs\":[\"https:\\\/\\\/www.facebook.com\\\/radisfurniture\\\/\"]}]}<\/script>\n<!-- \/ Yoast SEO plugin. -->","yoast_head_json":{"title":"Senkki RUBI - Radis","robots":{"index":"index","follow":"follow","max-snippet":"max-snippet:-1","max-image-preview":"max-image-preview:large","max-video-preview":"max-video-preview:-1"},"canonical":"https:\/\/radis.ee\/kummut-rubi\/","og_locale":"fi_FI","og_type":"article","og_title":"Senkki RUBI - Radis","og_description":"RUBI-sekkip\u00f6yd\u00e4n kaarevat reunat tekev\u00e4t jokaisen huoneen dynamiikasta rytmisemm\u00e4n. Pronssinv\u00e4risill\u00e4 peililaseilla varustetut ovet tekev\u00e4t ymp\u00e4rist\u00f6st\u00e4 tilavamman ja suuremman. Leikkis\u00e4sti siirrett\u00e4vien ovien avulla k\u00e4ytt\u00e4j\u00e4 voi vaikuttaa lipaston ulkon\u00e4k\u00f6\u00f6n ja olla osana sen suunnitteluprosessia. Lipasto RUBI on valmistettu ymp\u00e4rist\u00f6yst\u00e4v\u00e4llisest\u00e4 vanerista tammiviilulla, jonka alla on vahva 20x20mm musta pulverimaalattu metallijalka, jonka korkeus on 35 cm. Pehme\u00e4sti sulkeutuvat oven saranat,...","og_url":"https:\/\/radis.ee\/kummut-rubi\/","og_site_name":"Radis","article_publisher":"https:\/\/www.facebook.com\/radisfurniture\/","article_modified_time":"2024-10-04T15:31:56+00:00","og_image":[{"width":356,"height":425,"url":"https:\/\/radis.ee\/wp-content\/uploads\/2024\/09\/Radis_sideboard_RUBI_3_levels_Oak_veneered_doors_Bronze_mirror_white_background.jpg","type":"image\/jpeg"}],"twitter_card":"summary_large_image","twitter_misc":{"Arvioitu lukuaika":"1 minuutti"},"schema":{"@context":"https:\/\/schema.org","@graph":[{"@type":"WebPage","@id":"https:\/\/radis.ee\/kummut-rubi\/","url":"https:\/\/radis.ee\/kummut-rubi\/","name":"Senkki RUBI - Radis","isPartOf":{"@id":"https:\/\/radis.ee\/#website"},"primaryImageOfPage":{"@id":"https:\/\/radis.ee\/kummut-rubi\/#primaryimage"},"image":{"@id":"https:\/\/radis.ee\/kummut-rubi\/#primaryimage"},"thumbnailUrl":"https:\/\/radis.ee\/wp-content\/uploads\/2024\/09\/Radis_sideboard_RUBI_3_levels_Oak_veneered_doors_Bronze_mirror_white_background.jpg","datePublished":"2024-09-27T14:43:17+00:00","dateModified":"2024-10-04T15:31:56+00:00","breadcrumb":{"@id":"https:\/\/radis.ee\/kummut-rubi\/#breadcrumb"},"inLanguage":"fi","potentialAction":[{"@type":"ReadAction","target":["https:\/\/radis.ee\/kummut-rubi\/"]}]},{"@type":"ImageObject","inLanguage":"fi","@id":"https:\/\/radis.ee\/kummut-rubi\/#primaryimage","url":"https:\/\/radis.ee\/wp-content\/uploads\/2024\/09\/Radis_sideboard_RUBI_3_levels_Oak_veneered_doors_Bronze_mirror_white_background.jpg","contentUrl":"https:\/\/radis.ee\/wp-content\/uploads\/2024\/09\/Radis_sideboard_RUBI_3_levels_Oak_veneered_doors_Bronze_mirror_white_background.jpg","width":356,"height":425,"caption":"Radis sideboard RUBI 3 levels Oak veneered plywood doors Bronze mirror"},{"@type":"BreadcrumbList","@id":"https:\/\/radis.ee\/kummut-rubi\/#breadcrumb","itemListElement":[{"@type":"ListItem","position":1,"name":"Home","item":"https:\/\/radis.ee\/"},{"@type":"ListItem","position":2,"name":"Tuotteet","item":"https:\/\/radis.ee\/fi\/tuotteet\/"},{"@type":"ListItem","position":3,"name":"Senkki RUBI"}]},{"@type":"WebSite","@id":"https:\/\/radis.ee\/#website","url":"https:\/\/radis.ee\/","name":"Radis","description":"Nordic design furniture, environmentally friendly and sustainable.","publisher":{"@id":"https:\/\/radis.ee\/#organization"},"potentialAction":[{"@type":"SearchAction","target":{"@type":"EntryPoint","urlTemplate":"https:\/\/radis.ee\/?s={search_term_string}"},"query-input":{"@type":"PropertyValueSpecification","valueRequired":true,"valueName":"search_term_string"}}],"inLanguage":"fi"},{"@type":"Organization","@id":"https:\/\/radis.ee\/#organization","name":"Radis O\u00dc","url":"https:\/\/radis.ee\/","logo":{"@type":"ImageObject","inLanguage":"fi","@id":"https:\/\/radis.ee\/#\/schema\/logo\/image\/","url":"https:\/\/radis.ee\/wp-content\/uploads\/2020\/10\/Radis-logo.png","contentUrl":"https:\/\/radis.ee\/wp-content\/uploads\/2020\/10\/Radis-logo.png","width":300,"height":63,"caption":"Radis O\u00dc"},"image":{"@id":"https:\/\/radis.ee\/#\/schema\/logo\/image\/"},"sameAs":["https:\/\/www.facebook.com\/radisfurniture\/"]}]}},"_links":{"self":[{"href":"https:\/\/radis.ee\/fi\/wp-json\/wp\/v2\/product\/27501","targetHints":{"allow":["GET"]}}],"collection":[{"href":"https:\/\/radis.ee\/fi\/wp-json\/wp\/v2\/product"}],"about":[{"href":"https:\/\/radis.ee\/fi\/wp-json\/wp\/v2\/types\/product"}],"replies":[{"embeddable":true,"href":"https:\/\/radis.ee\/fi\/wp-json\/wp\/v2\/comments?post=27501"}],"wp:featuredmedia":[{"embeddable":true,"href":"https:\/\/radis.ee\/fi\/wp-json\/wp\/v2\/media\/27732"}],"wp:attachment":[{"href":"https:\/\/radis.ee\/fi\/wp-json\/wp\/v2\/media?parent=27501"}],"wp:term":[{"taxonomy":"product_brand","embeddable":true,"href":"https:\/\/radis.ee\/fi\/wp-json\/wp\/v2\/product_brand?post=27501"},{"taxonomy":"product_cat","embeddable":true,"href":"https:\/\/radis.ee\/fi\/wp-json\/wp\/v2\/product_cat?post=27501"},{"taxonomy":"product_tag","embeddable":true,"href":"https:\/\/radis.ee\/fi\/wp-json\/wp\/v2\/product_tag?post=27501"}],"curies":[{"name":"wp","href":"https:\/\/api.w.org\/{rel}","templated":true}]}}