{"id":2760,"date":"2020-10-01T23:25:40","date_gmt":"2020-09-27T19:25:40","guid":{"rendered":"https:\/\/radis.ee\/Ei-luokiteltu\/sanky-soffi\/"},"modified":"2024-01-31T22:23:35","modified_gmt":"2024-01-31T20:23:35","slug":"sanky-soffi","status":"publish","type":"product","link":"https:\/\/radis.ee\/fi\/sanky-soffi\/","title":{"rendered":"S\u00e4nky SOFFI"},"content":{"rendered":"<p>Onko ihmisen paras yst\u00e4v\u00e4 koira? Ei, vaan uni! Virtaviivainen S\u00e4nky Soffi on luotu laadukasta unta varten. \u00c4l\u00e4 ole huolissasi, se on niin leve\u00e4, ett\u00e4 siin\u00e4 on tilaa my\u00f6s koiralle. Tai rentouttavaa unta kaipaavalle kumppanille.<\/p>\n<p>S\u00e4ngyn alla kaksi laatikkoa, joiden syvyys on 60 cm. Valmistettu 18 mm valkoisesta Koskisen HPL vanerista, patjan koko 90&#215;200 cm. Soffi-s\u00e4ngyn etureunan korkeus on 40 cm, s\u00e4ngyn pohjan korkeus 31 cm, takasein\u00e4n korkeus 70 cm. Sopiva patja on 15-20 cm korkea.<\/p>\n","protected":false},"excerpt":{"rendered":"<p>Onko ihmisen paras yst\u00e4v\u00e4 koira? Ei, vaan uni! Virtaviivainen S\u00e4nky Soffi on luotu laadukasta unta varten. \u00c4l\u00e4 ole huolissasi, se on niin leve\u00e4, ett\u00e4 siin\u00e4 on tilaa my\u00f6s koiralle. Tai rentouttavaa unta kaipaavalle kumppanille. S\u00e4ngyn alla kaksi laatikkoa, joiden syvyys on 60 cm. Valmistettu 18 mm valkoisesta Koskisen HPL vanerista, patjan koko 90&#215;200 cm. Soffi-s\u00e4ngyn&#8230;<\/p>\n","protected":false},"featured_media":4923,"comment_status":"open","ping_status":"closed","template":"","meta":{"_acf_changed":false},"product_brand":[],"product_cat":[113],"product_tag":[],"class_list":{"0":"post-2760","1":"product","2":"type-product","3":"status-publish","4":"has-post-thumbnail","6":"product_cat-voodid","8":"first","9":"instock","10":"sale","11":"taxable","12":"shipping-taxable","13":"purchasable","14":"product-type-variable","15":"has-default-attributes"},"acf":[],"yoast_head":"<!-- This site is optimized with the Yoast SEO plugin v27.3 - https:\/\/yoast.com\/product\/yoast-seo-wordpress\/ -->\n<title>S\u00e4nky SOFFI - Radis<\/title>\n<meta name=\"robots\" content=\"index, follow, max-snippet:-1, max-image-preview:large, max-video-preview:-1\" \/>\n<link rel=\"canonical\" href=\"https:\/\/radis.ee\/voodi-soffi\/\" \/>\n<meta property=\"og:locale\" content=\"fi_FI\" \/>\n<meta property=\"og:type\" content=\"article\" \/>\n<meta property=\"og:title\" content=\"S\u00e4nky SOFFI - Radis\" \/>\n<meta property=\"og:description\" content=\"Onko ihmisen paras yst\u00e4v\u00e4 koira? Ei, vaan uni! Virtaviivainen S\u00e4nky Soffi on luotu laadukasta unta varten. \u00c4l\u00e4 ole huolissasi, se on niin leve\u00e4, ett\u00e4 siin\u00e4 on tilaa my\u00f6s koiralle. Tai rentouttavaa unta kaipaavalle kumppanille. S\u00e4ngyn alla kaksi laatikkoa, joiden syvyys on 60 cm. Valmistettu 18 mm valkoisesta Koskisen HPL vanerista, patjan koko 90&#215;200 cm. Soffi-s\u00e4ngyn...\" \/>\n<meta property=\"og:url\" content=\"https:\/\/radis.ee\/voodi-soffi\/\" \/>\n<meta property=\"og:site_name\" content=\"Radis\" \/>\n<meta property=\"article:publisher\" content=\"https:\/\/www.facebook.com\/radisfurniture\/\" \/>\n<meta property=\"article:modified_time\" content=\"2024-01-31T20:23:35+00:00\" \/>\n<meta property=\"og:image\" content=\"https:\/\/radis.ee\/wp-content\/uploads\/2020\/09\/RA0599-Radis-bed-Soffi-with-2-bedboxes.jpg\" \/>\n\t<meta property=\"og:image:width\" content=\"2500\" \/>\n\t<meta property=\"og:image:height\" content=\"2500\" \/>\n\t<meta property=\"og:image:type\" content=\"image\/jpeg\" \/>\n<meta name=\"twitter:card\" content=\"summary_large_image\" \/>\n<script type=\"application\/ld+json\" class=\"yoast-schema-graph\">{\"@context\":\"https:\\\/\\\/schema.org\",\"@graph\":[{\"@type\":\"WebPage\",\"@id\":\"https:\\\/\\\/radis.ee\\\/voodi-soffi\\\/\",\"url\":\"https:\\\/\\\/radis.ee\\\/voodi-soffi\\\/\",\"name\":\"S\u00e4nky SOFFI - Radis\",\"isPartOf\":{\"@id\":\"https:\\\/\\\/radis.ee\\\/#website\"},\"primaryImageOfPage\":{\"@id\":\"https:\\\/\\\/radis.ee\\\/voodi-soffi\\\/#primaryimage\"},\"image\":{\"@id\":\"https:\\\/\\\/radis.ee\\\/voodi-soffi\\\/#primaryimage\"},\"thumbnailUrl\":\"https:\\\/\\\/radis.ee\\\/wp-content\\\/uploads\\\/2020\\\/09\\\/RA0599-Radis-bed-Soffi-with-2-bedboxes.jpg\",\"datePublished\":\"2020-09-27T19:25:40+00:00\",\"dateModified\":\"2024-01-31T20:23:35+00:00\",\"breadcrumb\":{\"@id\":\"https:\\\/\\\/radis.ee\\\/voodi-soffi\\\/#breadcrumb\"},\"inLanguage\":\"fi\",\"potentialAction\":[{\"@type\":\"ReadAction\",\"target\":[\"https:\\\/\\\/radis.ee\\\/voodi-soffi\\\/\"]}]},{\"@type\":\"ImageObject\",\"inLanguage\":\"fi\",\"@id\":\"https:\\\/\\\/radis.ee\\\/voodi-soffi\\\/#primaryimage\",\"url\":\"https:\\\/\\\/radis.ee\\\/wp-content\\\/uploads\\\/2020\\\/09\\\/RA0599-Radis-bed-Soffi-with-2-bedboxes.jpg\",\"contentUrl\":\"https:\\\/\\\/radis.ee\\\/wp-content\\\/uploads\\\/2020\\\/09\\\/RA0599-Radis-bed-Soffi-with-2-bedboxes.jpg\",\"width\":2500,\"height\":2500},{\"@type\":\"BreadcrumbList\",\"@id\":\"https:\\\/\\\/radis.ee\\\/voodi-soffi\\\/#breadcrumb\",\"itemListElement\":[{\"@type\":\"ListItem\",\"position\":1,\"name\":\"Home\",\"item\":\"https:\\\/\\\/radis.ee\\\/\"},{\"@type\":\"ListItem\",\"position\":2,\"name\":\"Tuotteet\",\"item\":\"https:\\\/\\\/radis.ee\\\/fi\\\/tuotteet\\\/\"},{\"@type\":\"ListItem\",\"position\":3,\"name\":\"S\u00e4nky SOFFI\"}]},{\"@type\":\"WebSite\",\"@id\":\"https:\\\/\\\/radis.ee\\\/#website\",\"url\":\"https:\\\/\\\/radis.ee\\\/\",\"name\":\"Radis\",\"description\":\"Nordic design furniture, environmentally friendly and sustainable.\",\"publisher\":{\"@id\":\"https:\\\/\\\/radis.ee\\\/#organization\"},\"potentialAction\":[{\"@type\":\"SearchAction\",\"target\":{\"@type\":\"EntryPoint\",\"urlTemplate\":\"https:\\\/\\\/radis.ee\\\/?s={search_term_string}\"},\"query-input\":{\"@type\":\"PropertyValueSpecification\",\"valueRequired\":true,\"valueName\":\"search_term_string\"}}],\"inLanguage\":\"fi\"},{\"@type\":\"Organization\",\"@id\":\"https:\\\/\\\/radis.ee\\\/#organization\",\"name\":\"Radis O\u00dc\",\"url\":\"https:\\\/\\\/radis.ee\\\/\",\"logo\":{\"@type\":\"ImageObject\",\"inLanguage\":\"fi\",\"@id\":\"https:\\\/\\\/radis.ee\\\/#\\\/schema\\\/logo\\\/image\\\/\",\"url\":\"https:\\\/\\\/radis.ee\\\/wp-content\\\/uploads\\\/2020\\\/10\\\/Radis-logo.png\",\"contentUrl\":\"https:\\\/\\\/radis.ee\\\/wp-content\\\/uploads\\\/2020\\\/10\\\/Radis-logo.png\",\"width\":300,\"height\":63,\"caption\":\"Radis O\u00dc\"},\"image\":{\"@id\":\"https:\\\/\\\/radis.ee\\\/#\\\/schema\\\/logo\\\/image\\\/\"},\"sameAs\":[\"https:\\\/\\\/www.facebook.com\\\/radisfurniture\\\/\"]}]}<\/script>\n<!-- \/ Yoast SEO plugin. -->","yoast_head_json":{"title":"S\u00e4nky SOFFI - Radis","robots":{"index":"index","follow":"follow","max-snippet":"max-snippet:-1","max-image-preview":"max-image-preview:large","max-video-preview":"max-video-preview:-1"},"canonical":"https:\/\/radis.ee\/voodi-soffi\/","og_locale":"fi_FI","og_type":"article","og_title":"S\u00e4nky SOFFI - Radis","og_description":"Onko ihmisen paras yst\u00e4v\u00e4 koira? Ei, vaan uni! Virtaviivainen S\u00e4nky Soffi on luotu laadukasta unta varten. \u00c4l\u00e4 ole huolissasi, se on niin leve\u00e4, ett\u00e4 siin\u00e4 on tilaa my\u00f6s koiralle. Tai rentouttavaa unta kaipaavalle kumppanille. S\u00e4ngyn alla kaksi laatikkoa, joiden syvyys on 60 cm. Valmistettu 18 mm valkoisesta Koskisen HPL vanerista, patjan koko 90&#215;200 cm. Soffi-s\u00e4ngyn...","og_url":"https:\/\/radis.ee\/voodi-soffi\/","og_site_name":"Radis","article_publisher":"https:\/\/www.facebook.com\/radisfurniture\/","article_modified_time":"2024-01-31T20:23:35+00:00","og_image":[{"width":2500,"height":2500,"url":"https:\/\/radis.ee\/wp-content\/uploads\/2020\/09\/RA0599-Radis-bed-Soffi-with-2-bedboxes.jpg","type":"image\/jpeg"}],"twitter_card":"summary_large_image","schema":{"@context":"https:\/\/schema.org","@graph":[{"@type":"WebPage","@id":"https:\/\/radis.ee\/voodi-soffi\/","url":"https:\/\/radis.ee\/voodi-soffi\/","name":"S\u00e4nky SOFFI - Radis","isPartOf":{"@id":"https:\/\/radis.ee\/#website"},"primaryImageOfPage":{"@id":"https:\/\/radis.ee\/voodi-soffi\/#primaryimage"},"image":{"@id":"https:\/\/radis.ee\/voodi-soffi\/#primaryimage"},"thumbnailUrl":"https:\/\/radis.ee\/wp-content\/uploads\/2020\/09\/RA0599-Radis-bed-Soffi-with-2-bedboxes.jpg","datePublished":"2020-09-27T19:25:40+00:00","dateModified":"2024-01-31T20:23:35+00:00","breadcrumb":{"@id":"https:\/\/radis.ee\/voodi-soffi\/#breadcrumb"},"inLanguage":"fi","potentialAction":[{"@type":"ReadAction","target":["https:\/\/radis.ee\/voodi-soffi\/"]}]},{"@type":"ImageObject","inLanguage":"fi","@id":"https:\/\/radis.ee\/voodi-soffi\/#primaryimage","url":"https:\/\/radis.ee\/wp-content\/uploads\/2020\/09\/RA0599-Radis-bed-Soffi-with-2-bedboxes.jpg","contentUrl":"https:\/\/radis.ee\/wp-content\/uploads\/2020\/09\/RA0599-Radis-bed-Soffi-with-2-bedboxes.jpg","width":2500,"height":2500},{"@type":"BreadcrumbList","@id":"https:\/\/radis.ee\/voodi-soffi\/#breadcrumb","itemListElement":[{"@type":"ListItem","position":1,"name":"Home","item":"https:\/\/radis.ee\/"},{"@type":"ListItem","position":2,"name":"Tuotteet","item":"https:\/\/radis.ee\/fi\/tuotteet\/"},{"@type":"ListItem","position":3,"name":"S\u00e4nky SOFFI"}]},{"@type":"WebSite","@id":"https:\/\/radis.ee\/#website","url":"https:\/\/radis.ee\/","name":"Radis","description":"Nordic design furniture, environmentally friendly and sustainable.","publisher":{"@id":"https:\/\/radis.ee\/#organization"},"potentialAction":[{"@type":"SearchAction","target":{"@type":"EntryPoint","urlTemplate":"https:\/\/radis.ee\/?s={search_term_string}"},"query-input":{"@type":"PropertyValueSpecification","valueRequired":true,"valueName":"search_term_string"}}],"inLanguage":"fi"},{"@type":"Organization","@id":"https:\/\/radis.ee\/#organization","name":"Radis O\u00dc","url":"https:\/\/radis.ee\/","logo":{"@type":"ImageObject","inLanguage":"fi","@id":"https:\/\/radis.ee\/#\/schema\/logo\/image\/","url":"https:\/\/radis.ee\/wp-content\/uploads\/2020\/10\/Radis-logo.png","contentUrl":"https:\/\/radis.ee\/wp-content\/uploads\/2020\/10\/Radis-logo.png","width":300,"height":63,"caption":"Radis O\u00dc"},"image":{"@id":"https:\/\/radis.ee\/#\/schema\/logo\/image\/"},"sameAs":["https:\/\/www.facebook.com\/radisfurniture\/"]}]}},"_links":{"self":[{"href":"https:\/\/radis.ee\/fi\/wp-json\/wp\/v2\/product\/2760","targetHints":{"allow":["GET"]}}],"collection":[{"href":"https:\/\/radis.ee\/fi\/wp-json\/wp\/v2\/product"}],"about":[{"href":"https:\/\/radis.ee\/fi\/wp-json\/wp\/v2\/types\/product"}],"replies":[{"embeddable":true,"href":"https:\/\/radis.ee\/fi\/wp-json\/wp\/v2\/comments?post=2760"}],"wp:featuredmedia":[{"embeddable":true,"href":"https:\/\/radis.ee\/fi\/wp-json\/wp\/v2\/media\/4923"}],"wp:attachment":[{"href":"https:\/\/radis.ee\/fi\/wp-json\/wp\/v2\/media?parent=2760"}],"wp:term":[{"taxonomy":"product_brand","embeddable":true,"href":"https:\/\/radis.ee\/fi\/wp-json\/wp\/v2\/product_brand?post=2760"},{"taxonomy":"product_cat","embeddable":true,"href":"https:\/\/radis.ee\/fi\/wp-json\/wp\/v2\/product_cat?post=2760"},{"taxonomy":"product_tag","embeddable":true,"href":"https:\/\/radis.ee\/fi\/wp-json\/wp\/v2\/product_tag?post=2760"}],"curies":[{"name":"wp","href":"https:\/\/api.w.org\/{rel}","templated":true}]}}