{"id":2773,"date":"2023-10-11T21:49:16","date_gmt":"2023-10-11T18:49:16","guid":{"rendered":"https:\/\/radis.ee\/Ei-luokiteltu\/lipasto-noble\/"},"modified":"2025-01-24T19:21:59","modified_gmt":"2025-01-24T17:21:59","slug":"lipasto-noble-2-liukuovea-ja-3-laatikkoa","status":"publish","type":"product","link":"https:\/\/radis.ee\/fi\/lipasto-noble-2-liukuovea-ja-3-laatikkoa\/","title":{"rendered":"Lipasto NOBLE 2 liukuovea ja 3 laatikkoa"},"content":{"rendered":"<p>Laatikot ovat uusi musta! Ette osaa kuvitella, miten asui ilman sellaista, kunnes olet kokeillut sit\u00e4, mit\u00e4 haluat el\u00e4\u00e4 yhden kanssa. Noble -sarjan laatikko tallentaa kaiken ja riitt\u00e4\u00e4 kotisi helposti. Samalla etsii tyylikk\u00e4\u00e4sti ja parantamalla kotisi visuaalista estetiikkaa.<\/p>\n<p>Kuten muutkin Noble-sarjan tuotteet, se on valmistettu tammiviilusta tai koivuvanerista, siin\u00e4 on hiljaiset liukuovet. Mist\u00e4 Noble Drawerissa ei pid\u00e4 pit\u00e4\u00e4?<\/p>\n<p>Laatikoiden molemmilla puolilla on s\u00e4\u00e4dett\u00e4v\u00e4t v\u00e4lihyllyt, leveys 47 cm (64 cm 2m leve\u00e4ss\u00e4 versiossa), 36 cm syv\u00e4. Sis\u00e4korkeus 41 cm. Pehme\u00e4sti sulkeutuvat piilolaatikot, liukuovet H\u00e4fele rullilla. Mustaksi pulverimaalatut s\u00e4\u00e4dett\u00e4v\u00e4t metallijalat, korkeus 17 cm.<\/p>\n<p>NOBLE-sarja p\u00e4\u00e4si Estonian Design Award Bruno 2020 -palkinnon toiselle kierrokselle.<\/p>\n","protected":false},"excerpt":{"rendered":"<p>Laatikot ovat uusi musta! Ette osaa kuvitella, miten asui ilman sellaista, kunnes olet kokeillut sit\u00e4, mit\u00e4 haluat el\u00e4\u00e4 yhden kanssa. Noble -sarjan laatikko tallentaa kaiken ja riitt\u00e4\u00e4 kotisi helposti. Samalla etsii tyylikk\u00e4\u00e4sti ja parantamalla kotisi visuaalista estetiikkaa. Kuten muutkin Noble-sarjan tuotteet, se on valmistettu tammiviilusta tai koivuvanerista, siin\u00e4 on hiljaiset liukuovet. Mist\u00e4 Noble Drawerissa ei&#8230;<\/p>\n","protected":false},"featured_media":17375,"comment_status":"open","ping_status":"closed","template":"","meta":{"_acf_changed":false},"product_brand":[],"product_cat":[17],"product_tag":[],"class_list":{"0":"post-2773","1":"product","2":"type-product","3":"status-publish","4":"has-post-thumbnail","6":"product_cat-kummutid","8":"first","9":"instock","10":"sale","11":"taxable","12":"shipping-taxable","13":"purchasable","14":"product-type-variable","15":"has-default-attributes"},"acf":[],"yoast_head":"<!-- This site is optimized with the Yoast SEO plugin v27.3 - https:\/\/yoast.com\/product\/yoast-seo-wordpress\/ -->\n<title>Lipasto NOBLE 2 liukuovea ja 3 laatikkoa - Radis<\/title>\n<meta name=\"robots\" content=\"index, follow, max-snippet:-1, max-image-preview:large, max-video-preview:-1\" \/>\n<link rel=\"canonical\" href=\"https:\/\/radis.ee\/fi\/lipasto-noble-2-liukuovea-ja-3-laatikkoa\/\" \/>\n<meta property=\"og:locale\" content=\"fi_FI\" \/>\n<meta property=\"og:type\" content=\"article\" \/>\n<meta property=\"og:title\" content=\"Lipasto NOBLE 2 liukuovea ja 3 laatikkoa - Radis\" \/>\n<meta property=\"og:description\" content=\"Laatikot ovat uusi musta! Ette osaa kuvitella, miten asui ilman sellaista, kunnes olet kokeillut sit\u00e4, mit\u00e4 haluat el\u00e4\u00e4 yhden kanssa. Noble -sarjan laatikko tallentaa kaiken ja riitt\u00e4\u00e4 kotisi helposti. Samalla etsii tyylikk\u00e4\u00e4sti ja parantamalla kotisi visuaalista estetiikkaa. Kuten muutkin Noble-sarjan tuotteet, se on valmistettu tammiviilusta tai koivuvanerista, siin\u00e4 on hiljaiset liukuovet. Mist\u00e4 Noble Drawerissa ei...\" \/>\n<meta property=\"og:url\" content=\"https:\/\/radis.ee\/fi\/lipasto-noble-2-liukuovea-ja-3-laatikkoa\/\" \/>\n<meta property=\"og:site_name\" content=\"Radis\" \/>\n<meta property=\"article:publisher\" content=\"https:\/\/www.facebook.com\/radisfurniture\/\" \/>\n<meta property=\"article:modified_time\" content=\"2025-01-24T17:21:59+00:00\" \/>\n<meta property=\"og:image\" content=\"https:\/\/radis.ee\/wp-content\/uploads\/2022\/02\/RADIS_sideboard_NOBLE_Oak_veneered_plywood_white_background_3.jpg\" \/>\n\t<meta property=\"og:image:width\" content=\"1150\" \/>\n\t<meta property=\"og:image:height\" content=\"1429\" \/>\n\t<meta property=\"og:image:type\" content=\"image\/jpeg\" \/>\n<meta name=\"twitter:card\" content=\"summary_large_image\" \/>\n<meta name=\"twitter:label1\" content=\"Arvioitu lukuaika\" \/>\n\t<meta name=\"twitter:data1\" content=\"1 minuutti\" \/>\n<script type=\"application\/ld+json\" class=\"yoast-schema-graph\">{\"@context\":\"https:\\\/\\\/schema.org\",\"@graph\":[{\"@type\":\"WebPage\",\"@id\":\"https:\\\/\\\/radis.ee\\\/fi\\\/lipasto-noble-2-liukuovea-ja-3-laatikkoa\\\/\",\"url\":\"https:\\\/\\\/radis.ee\\\/fi\\\/lipasto-noble-2-liukuovea-ja-3-laatikkoa\\\/\",\"name\":\"Lipasto NOBLE 2 liukuovea ja 3 laatikkoa - Radis\",\"isPartOf\":{\"@id\":\"https:\\\/\\\/radis.ee\\\/#website\"},\"primaryImageOfPage\":{\"@id\":\"https:\\\/\\\/radis.ee\\\/fi\\\/lipasto-noble-2-liukuovea-ja-3-laatikkoa\\\/#primaryimage\"},\"image\":{\"@id\":\"https:\\\/\\\/radis.ee\\\/fi\\\/lipasto-noble-2-liukuovea-ja-3-laatikkoa\\\/#primaryimage\"},\"thumbnailUrl\":\"https:\\\/\\\/radis.ee\\\/wp-content\\\/uploads\\\/2022\\\/02\\\/RADIS_sideboard_NOBLE_Oak_veneered_plywood_white_background_3.jpg\",\"datePublished\":\"2023-10-11T18:49:16+00:00\",\"dateModified\":\"2025-01-24T17:21:59+00:00\",\"breadcrumb\":{\"@id\":\"https:\\\/\\\/radis.ee\\\/fi\\\/lipasto-noble-2-liukuovea-ja-3-laatikkoa\\\/#breadcrumb\"},\"inLanguage\":\"fi\",\"potentialAction\":[{\"@type\":\"ReadAction\",\"target\":[\"https:\\\/\\\/radis.ee\\\/fi\\\/lipasto-noble-2-liukuovea-ja-3-laatikkoa\\\/\"]}]},{\"@type\":\"ImageObject\",\"inLanguage\":\"fi\",\"@id\":\"https:\\\/\\\/radis.ee\\\/fi\\\/lipasto-noble-2-liukuovea-ja-3-laatikkoa\\\/#primaryimage\",\"url\":\"https:\\\/\\\/radis.ee\\\/wp-content\\\/uploads\\\/2022\\\/02\\\/RADIS_sideboard_NOBLE_Oak_veneered_plywood_white_background_3.jpg\",\"contentUrl\":\"https:\\\/\\\/radis.ee\\\/wp-content\\\/uploads\\\/2022\\\/02\\\/RADIS_sideboard_NOBLE_Oak_veneered_plywood_white_background_3.jpg\",\"width\":1150,\"height\":1429,\"caption\":\"RADIS_sideboard_NOBLE_Oak_veneered_plywood\"},{\"@type\":\"BreadcrumbList\",\"@id\":\"https:\\\/\\\/radis.ee\\\/fi\\\/lipasto-noble-2-liukuovea-ja-3-laatikkoa\\\/#breadcrumb\",\"itemListElement\":[{\"@type\":\"ListItem\",\"position\":1,\"name\":\"Home\",\"item\":\"https:\\\/\\\/radis.ee\\\/\"},{\"@type\":\"ListItem\",\"position\":2,\"name\":\"Tuotteet\",\"item\":\"https:\\\/\\\/radis.ee\\\/fi\\\/tuotteet\\\/\"},{\"@type\":\"ListItem\",\"position\":3,\"name\":\"Lipasto NOBLE 2 liukuovea ja 3 laatikkoa\"}]},{\"@type\":\"WebSite\",\"@id\":\"https:\\\/\\\/radis.ee\\\/#website\",\"url\":\"https:\\\/\\\/radis.ee\\\/\",\"name\":\"Radis\",\"description\":\"Nordic design furniture, environmentally friendly and sustainable.\",\"publisher\":{\"@id\":\"https:\\\/\\\/radis.ee\\\/#organization\"},\"potentialAction\":[{\"@type\":\"SearchAction\",\"target\":{\"@type\":\"EntryPoint\",\"urlTemplate\":\"https:\\\/\\\/radis.ee\\\/?s={search_term_string}\"},\"query-input\":{\"@type\":\"PropertyValueSpecification\",\"valueRequired\":true,\"valueName\":\"search_term_string\"}}],\"inLanguage\":\"fi\"},{\"@type\":\"Organization\",\"@id\":\"https:\\\/\\\/radis.ee\\\/#organization\",\"name\":\"Radis O\u00dc\",\"url\":\"https:\\\/\\\/radis.ee\\\/\",\"logo\":{\"@type\":\"ImageObject\",\"inLanguage\":\"fi\",\"@id\":\"https:\\\/\\\/radis.ee\\\/#\\\/schema\\\/logo\\\/image\\\/\",\"url\":\"https:\\\/\\\/radis.ee\\\/wp-content\\\/uploads\\\/2020\\\/10\\\/Radis-logo.png\",\"contentUrl\":\"https:\\\/\\\/radis.ee\\\/wp-content\\\/uploads\\\/2020\\\/10\\\/Radis-logo.png\",\"width\":300,\"height\":63,\"caption\":\"Radis O\u00dc\"},\"image\":{\"@id\":\"https:\\\/\\\/radis.ee\\\/#\\\/schema\\\/logo\\\/image\\\/\"},\"sameAs\":[\"https:\\\/\\\/www.facebook.com\\\/radisfurniture\\\/\"]}]}<\/script>\n<!-- \/ Yoast SEO plugin. -->","yoast_head_json":{"title":"Lipasto NOBLE 2 liukuovea ja 3 laatikkoa - Radis","robots":{"index":"index","follow":"follow","max-snippet":"max-snippet:-1","max-image-preview":"max-image-preview:large","max-video-preview":"max-video-preview:-1"},"canonical":"https:\/\/radis.ee\/fi\/lipasto-noble-2-liukuovea-ja-3-laatikkoa\/","og_locale":"fi_FI","og_type":"article","og_title":"Lipasto NOBLE 2 liukuovea ja 3 laatikkoa - Radis","og_description":"Laatikot ovat uusi musta! Ette osaa kuvitella, miten asui ilman sellaista, kunnes olet kokeillut sit\u00e4, mit\u00e4 haluat el\u00e4\u00e4 yhden kanssa. Noble -sarjan laatikko tallentaa kaiken ja riitt\u00e4\u00e4 kotisi helposti. Samalla etsii tyylikk\u00e4\u00e4sti ja parantamalla kotisi visuaalista estetiikkaa. Kuten muutkin Noble-sarjan tuotteet, se on valmistettu tammiviilusta tai koivuvanerista, siin\u00e4 on hiljaiset liukuovet. Mist\u00e4 Noble Drawerissa ei...","og_url":"https:\/\/radis.ee\/fi\/lipasto-noble-2-liukuovea-ja-3-laatikkoa\/","og_site_name":"Radis","article_publisher":"https:\/\/www.facebook.com\/radisfurniture\/","article_modified_time":"2025-01-24T17:21:59+00:00","og_image":[{"width":1150,"height":1429,"url":"https:\/\/radis.ee\/wp-content\/uploads\/2022\/02\/RADIS_sideboard_NOBLE_Oak_veneered_plywood_white_background_3.jpg","type":"image\/jpeg"}],"twitter_card":"summary_large_image","twitter_misc":{"Arvioitu lukuaika":"1 minuutti"},"schema":{"@context":"https:\/\/schema.org","@graph":[{"@type":"WebPage","@id":"https:\/\/radis.ee\/fi\/lipasto-noble-2-liukuovea-ja-3-laatikkoa\/","url":"https:\/\/radis.ee\/fi\/lipasto-noble-2-liukuovea-ja-3-laatikkoa\/","name":"Lipasto NOBLE 2 liukuovea ja 3 laatikkoa - Radis","isPartOf":{"@id":"https:\/\/radis.ee\/#website"},"primaryImageOfPage":{"@id":"https:\/\/radis.ee\/fi\/lipasto-noble-2-liukuovea-ja-3-laatikkoa\/#primaryimage"},"image":{"@id":"https:\/\/radis.ee\/fi\/lipasto-noble-2-liukuovea-ja-3-laatikkoa\/#primaryimage"},"thumbnailUrl":"https:\/\/radis.ee\/wp-content\/uploads\/2022\/02\/RADIS_sideboard_NOBLE_Oak_veneered_plywood_white_background_3.jpg","datePublished":"2023-10-11T18:49:16+00:00","dateModified":"2025-01-24T17:21:59+00:00","breadcrumb":{"@id":"https:\/\/radis.ee\/fi\/lipasto-noble-2-liukuovea-ja-3-laatikkoa\/#breadcrumb"},"inLanguage":"fi","potentialAction":[{"@type":"ReadAction","target":["https:\/\/radis.ee\/fi\/lipasto-noble-2-liukuovea-ja-3-laatikkoa\/"]}]},{"@type":"ImageObject","inLanguage":"fi","@id":"https:\/\/radis.ee\/fi\/lipasto-noble-2-liukuovea-ja-3-laatikkoa\/#primaryimage","url":"https:\/\/radis.ee\/wp-content\/uploads\/2022\/02\/RADIS_sideboard_NOBLE_Oak_veneered_plywood_white_background_3.jpg","contentUrl":"https:\/\/radis.ee\/wp-content\/uploads\/2022\/02\/RADIS_sideboard_NOBLE_Oak_veneered_plywood_white_background_3.jpg","width":1150,"height":1429,"caption":"RADIS_sideboard_NOBLE_Oak_veneered_plywood"},{"@type":"BreadcrumbList","@id":"https:\/\/radis.ee\/fi\/lipasto-noble-2-liukuovea-ja-3-laatikkoa\/#breadcrumb","itemListElement":[{"@type":"ListItem","position":1,"name":"Home","item":"https:\/\/radis.ee\/"},{"@type":"ListItem","position":2,"name":"Tuotteet","item":"https:\/\/radis.ee\/fi\/tuotteet\/"},{"@type":"ListItem","position":3,"name":"Lipasto NOBLE 2 liukuovea ja 3 laatikkoa"}]},{"@type":"WebSite","@id":"https:\/\/radis.ee\/#website","url":"https:\/\/radis.ee\/","name":"Radis","description":"Nordic design furniture, environmentally friendly and sustainable.","publisher":{"@id":"https:\/\/radis.ee\/#organization"},"potentialAction":[{"@type":"SearchAction","target":{"@type":"EntryPoint","urlTemplate":"https:\/\/radis.ee\/?s={search_term_string}"},"query-input":{"@type":"PropertyValueSpecification","valueRequired":true,"valueName":"search_term_string"}}],"inLanguage":"fi"},{"@type":"Organization","@id":"https:\/\/radis.ee\/#organization","name":"Radis O\u00dc","url":"https:\/\/radis.ee\/","logo":{"@type":"ImageObject","inLanguage":"fi","@id":"https:\/\/radis.ee\/#\/schema\/logo\/image\/","url":"https:\/\/radis.ee\/wp-content\/uploads\/2020\/10\/Radis-logo.png","contentUrl":"https:\/\/radis.ee\/wp-content\/uploads\/2020\/10\/Radis-logo.png","width":300,"height":63,"caption":"Radis O\u00dc"},"image":{"@id":"https:\/\/radis.ee\/#\/schema\/logo\/image\/"},"sameAs":["https:\/\/www.facebook.com\/radisfurniture\/"]}]}},"_links":{"self":[{"href":"https:\/\/radis.ee\/fi\/wp-json\/wp\/v2\/product\/2773","targetHints":{"allow":["GET"]}}],"collection":[{"href":"https:\/\/radis.ee\/fi\/wp-json\/wp\/v2\/product"}],"about":[{"href":"https:\/\/radis.ee\/fi\/wp-json\/wp\/v2\/types\/product"}],"replies":[{"embeddable":true,"href":"https:\/\/radis.ee\/fi\/wp-json\/wp\/v2\/comments?post=2773"}],"wp:featuredmedia":[{"embeddable":true,"href":"https:\/\/radis.ee\/fi\/wp-json\/wp\/v2\/media\/17375"}],"wp:attachment":[{"href":"https:\/\/radis.ee\/fi\/wp-json\/wp\/v2\/media?parent=2773"}],"wp:term":[{"taxonomy":"product_brand","embeddable":true,"href":"https:\/\/radis.ee\/fi\/wp-json\/wp\/v2\/product_brand?post=2773"},{"taxonomy":"product_cat","embeddable":true,"href":"https:\/\/radis.ee\/fi\/wp-json\/wp\/v2\/product_cat?post=2773"},{"taxonomy":"product_tag","embeddable":true,"href":"https:\/\/radis.ee\/fi\/wp-json\/wp\/v2\/product_tag?post=2773"}],"curies":[{"name":"wp","href":"https:\/\/api.w.org\/{rel}","templated":true}]}}