{"id":27971,"date":"2024-12-27T12:49:20","date_gmt":"2024-12-27T10:49:20","guid":{"rendered":"https:\/\/radis.ee\/?post_type=product&#038;p=27971"},"modified":"2026-01-27T22:43:03","modified_gmt":"2026-01-27T20:43:03","slug":"kaareva-seinalle-asennettava-tv-taso-floaty","status":"publish","type":"product","link":"https:\/\/radis.ee\/fi\/kaareva-seinalle-asennettava-tv-taso-floaty\/","title":{"rendered":"Kaareva sein\u00e4lle kiinnitett\u00e4v\u00e4 TV-taso FLOATY"},"content":{"rendered":"<p>Huolellisesti muotoiltu sein\u00e4\u00e4n kiinnitett\u00e4v\u00e4 TV-taso FLOATY, joka m\u00e4\u00e4rittelee minimalismin uudelleen. Kauniisti kaareva siluettillaan FLOATY lis\u00e4\u00e4 pohjoismaista charmia ja maksimoi tilan tehokkuuden. Tyylik\u00e4s, kelluva muotoilu luo ilmavan, sotkuttoman ilmeen, mik\u00e4 tekee siit\u00e4 ihanteellisen moderniin sisustukseen. Kuten parhaat unelmat, FLOATY TV-taso leijuu ilmassa.<\/p>\n<p>Olitpa sitten rentoutumassa suosikkiesityksen parissa tai is\u00e4nn\u00f6itk\u00f6 tapaamista, FLOATY yhdist\u00e4\u00e4 saumattomasti muodon ja toimivuuden kohottaakseen kotiasi. Kaarevan FLOATY-TV-telineen kohtuullinen syvyys ja korkeus tarkoittaa, ett\u00e4 se ei vie paljon tilaa olohuoneessasi, mutta tekee teht\u00e4v\u00e4ns\u00e4 eritt\u00e4in hyvin. TV-telineess\u00e4 on useita halkaisijaltaan 4 cm:n reiki\u00e4 kaapelien reititt\u00e4mist\u00e4 varten &#8211; sek\u00e4 katossa ett\u00e4 pohjassa sek\u00e4 sis\u00e4seiniss\u00e4. Haluttaessa voimme j\u00e4tt\u00e4\u00e4 langanrei\u00e4t pois. Kaksi uurrettua liukuovea tarjoavat tilaa, jonka taakse voit s\u00e4ilytt\u00e4\u00e4 esimerkiksi television kaukos\u00e4\u00e4timen tai muita pienempi\u00e4 tavaroita.<\/p>\n<p>Py\u00f6ristetty\u00e4 FLOATYa on saatavilla nelj\u00e4ss\u00e4 eri leveydess\u00e4 (150-180-200-230 cm), joten t\u00e4ydellisen koon l\u00f6yt\u00e4minen huoneeseesi on helppoa. Valmistettu kest\u00e4vist\u00e4 ja ymp\u00e4rist\u00f6yst\u00e4v\u00e4llisist\u00e4 materiaaleista ajattoman laadun takaamiseksi &#8211; koivuvanerista, jossa on tammiviilua, jossa on v\u00e4rit\u00f6n \u00f6ljyvaha tai ruskea Antique Oak -\u00f6ljyvaha tai musta petsattu pinta, sek\u00e4 mustasta Forescolor-v\u00e4rj\u00e4tyst\u00e4 kuitulevyst\u00e4. TV-kaapin sis\u00e4korkeus on 16 cm, kokonaiskorkeus 19 cm ja syvyys 24 cm. 230 cm leve\u00e4n ratkaisun korkeus on 38 cm ja syvyys 29 cm.<\/p>\n<p>Tarkkaan ja huolellisesti suunniteltu FLOATY tuo l\u00e4mp\u00f6\u00e4 ja hienostuneisuutta asuintilaasi ja auttaa sinua kokemaan yksinkertaisuuden taiteen.<\/p>\n<div id=\"n3a9\" class=\"w-tabs-section active\">\n<div id=\"content-n3a9\" class=\"w-tabs-section-content\">\n<div class=\"w-tabs-section-content-h i-cf\">\n<div class=\"w-post-elm post_content\">\n<p><strong>2 viikon toimitus kaikkialle Suomeen!<\/strong><\/p>\n<\/div>\n<\/div>\n<\/div>\n<\/div>\n","protected":false},"excerpt":{"rendered":"<p>Huolellisesti muotoiltu sein\u00e4\u00e4n kiinnitett\u00e4v\u00e4 TV-taso FLOATY, joka m\u00e4\u00e4rittelee minimalismin uudelleen. Kauniisti kaareva siluettillaan FLOATY lis\u00e4\u00e4 pohjoismaista charmia ja maksimoi tilan tehokkuuden. Tyylik\u00e4s, kelluva muotoilu luo ilmavan, sotkuttoman ilmeen, mik\u00e4 tekee siit\u00e4 ihanteellisen moderniin sisustukseen. Kuten parhaat unelmat, FLOATY TV-taso leijuu ilmassa. Olitpa sitten rentoutumassa suosikkiesityksen parissa tai is\u00e4nn\u00f6itk\u00f6 tapaamista, FLOATY yhdist\u00e4\u00e4 saumattomasti muodon ja toimivuuden&#8230;<\/p>\n","protected":false},"featured_media":28079,"comment_status":"open","ping_status":"closed","template":"","meta":{"_acf_changed":false},"product_brand":[],"product_cat":[112],"product_tag":[],"class_list":{"0":"post-27971","1":"product","2":"type-product","3":"status-publish","4":"has-post-thumbnail","6":"product_cat-tv-alused","8":"first","9":"instock","10":"taxable","11":"shipping-taxable","12":"purchasable","13":"product-type-variable","14":"has-default-attributes"},"acf":[],"yoast_head":"<!-- This site is optimized with the Yoast SEO plugin v27.4 - https:\/\/yoast.com\/product\/yoast-seo-wordpress\/ -->\n<title>Kaareva sein\u00e4lle kiinnitett\u00e4v\u00e4 TV-taso FLOATY - Radis<\/title>\n<meta name=\"robots\" content=\"index, follow, max-snippet:-1, max-image-preview:large, max-video-preview:-1\" \/>\n<link rel=\"canonical\" href=\"https:\/\/radis.ee\/fi\/kaareva-seinalle-asennettava-tv-taso-floaty\/\" \/>\n<meta property=\"og:locale\" content=\"fi_FI\" \/>\n<meta property=\"og:type\" content=\"article\" \/>\n<meta property=\"og:title\" content=\"Kaareva sein\u00e4lle kiinnitett\u00e4v\u00e4 TV-taso FLOATY - Radis\" \/>\n<meta property=\"og:description\" content=\"Huolellisesti muotoiltu sein\u00e4\u00e4n kiinnitett\u00e4v\u00e4 TV-taso FLOATY, joka m\u00e4\u00e4rittelee minimalismin uudelleen. Kauniisti kaareva siluettillaan FLOATY lis\u00e4\u00e4 pohjoismaista charmia ja maksimoi tilan tehokkuuden. Tyylik\u00e4s, kelluva muotoilu luo ilmavan, sotkuttoman ilmeen, mik\u00e4 tekee siit\u00e4 ihanteellisen moderniin sisustukseen. Kuten parhaat unelmat, FLOATY TV-taso leijuu ilmassa. Olitpa sitten rentoutumassa suosikkiesityksen parissa tai is\u00e4nn\u00f6itk\u00f6 tapaamista, FLOATY yhdist\u00e4\u00e4 saumattomasti muodon ja toimivuuden...\" \/>\n<meta property=\"og:url\" content=\"https:\/\/radis.ee\/fi\/kaareva-seinalle-asennettava-tv-taso-floaty\/\" \/>\n<meta property=\"og:site_name\" content=\"Radis\" \/>\n<meta property=\"article:publisher\" content=\"https:\/\/www.facebook.com\/radisfurniture\/\" \/>\n<meta property=\"article:modified_time\" content=\"2026-01-27T20:43:03+00:00\" \/>\n<meta property=\"og:image\" content=\"https:\/\/radis.ee\/wp-content\/uploads\/2024\/12\/Radis_wall_mounted_TV_stand_curved_FLOATY_oak_veneered_plywood_white_background.jpg\" \/>\n\t<meta property=\"og:image:width\" content=\"1614\" \/>\n\t<meta property=\"og:image:height\" content=\"1921\" \/>\n\t<meta property=\"og:image:type\" content=\"image\/jpeg\" \/>\n<meta name=\"twitter:card\" content=\"summary_large_image\" \/>\n<meta name=\"twitter:label1\" content=\"Arvioitu lukuaika\" \/>\n\t<meta name=\"twitter:data1\" content=\"1 minuutti\" \/>\n<script type=\"application\/ld+json\" class=\"yoast-schema-graph\">{\"@context\":\"https:\\\/\\\/schema.org\",\"@graph\":[{\"@type\":\"WebPage\",\"@id\":\"https:\\\/\\\/radis.ee\\\/fi\\\/kaareva-seinalle-asennettava-tv-taso-floaty\\\/\",\"url\":\"https:\\\/\\\/radis.ee\\\/fi\\\/kaareva-seinalle-asennettava-tv-taso-floaty\\\/\",\"name\":\"Kaareva sein\u00e4lle kiinnitett\u00e4v\u00e4 TV-taso FLOATY - Radis\",\"isPartOf\":{\"@id\":\"https:\\\/\\\/radis.ee\\\/#website\"},\"primaryImageOfPage\":{\"@id\":\"https:\\\/\\\/radis.ee\\\/fi\\\/kaareva-seinalle-asennettava-tv-taso-floaty\\\/#primaryimage\"},\"image\":{\"@id\":\"https:\\\/\\\/radis.ee\\\/fi\\\/kaareva-seinalle-asennettava-tv-taso-floaty\\\/#primaryimage\"},\"thumbnailUrl\":\"https:\\\/\\\/radis.ee\\\/wp-content\\\/uploads\\\/2024\\\/12\\\/Radis_wall_mounted_TV_stand_curved_FLOATY_oak_veneered_plywood_white_background.jpg\",\"datePublished\":\"2024-12-27T10:49:20+00:00\",\"dateModified\":\"2026-01-27T20:43:03+00:00\",\"breadcrumb\":{\"@id\":\"https:\\\/\\\/radis.ee\\\/fi\\\/kaareva-seinalle-asennettava-tv-taso-floaty\\\/#breadcrumb\"},\"inLanguage\":\"fi\",\"potentialAction\":[{\"@type\":\"ReadAction\",\"target\":[\"https:\\\/\\\/radis.ee\\\/fi\\\/kaareva-seinalle-asennettava-tv-taso-floaty\\\/\"]}]},{\"@type\":\"ImageObject\",\"inLanguage\":\"fi\",\"@id\":\"https:\\\/\\\/radis.ee\\\/fi\\\/kaareva-seinalle-asennettava-tv-taso-floaty\\\/#primaryimage\",\"url\":\"https:\\\/\\\/radis.ee\\\/wp-content\\\/uploads\\\/2024\\\/12\\\/Radis_wall_mounted_TV_stand_curved_FLOATY_oak_veneered_plywood_white_background.jpg\",\"contentUrl\":\"https:\\\/\\\/radis.ee\\\/wp-content\\\/uploads\\\/2024\\\/12\\\/Radis_wall_mounted_TV_stand_curved_FLOATY_oak_veneered_plywood_white_background.jpg\",\"width\":1614,\"height\":1921,\"caption\":\"Radis wall mounted curved TV-stand FLOATY oak veneered plywood\"},{\"@type\":\"BreadcrumbList\",\"@id\":\"https:\\\/\\\/radis.ee\\\/fi\\\/kaareva-seinalle-asennettava-tv-taso-floaty\\\/#breadcrumb\",\"itemListElement\":[{\"@type\":\"ListItem\",\"position\":1,\"name\":\"Home\",\"item\":\"https:\\\/\\\/radis.ee\\\/\"},{\"@type\":\"ListItem\",\"position\":2,\"name\":\"Tuotteet\",\"item\":\"https:\\\/\\\/radis.ee\\\/fi\\\/tuotteet\\\/\"},{\"@type\":\"ListItem\",\"position\":3,\"name\":\"Kaareva sein\u00e4lle kiinnitett\u00e4v\u00e4 TV-taso FLOATY\"}]},{\"@type\":\"WebSite\",\"@id\":\"https:\\\/\\\/radis.ee\\\/#website\",\"url\":\"https:\\\/\\\/radis.ee\\\/\",\"name\":\"Radis\",\"description\":\"Nordic design furniture, environmentally friendly and sustainable.\",\"publisher\":{\"@id\":\"https:\\\/\\\/radis.ee\\\/#organization\"},\"potentialAction\":[{\"@type\":\"SearchAction\",\"target\":{\"@type\":\"EntryPoint\",\"urlTemplate\":\"https:\\\/\\\/radis.ee\\\/?s={search_term_string}\"},\"query-input\":{\"@type\":\"PropertyValueSpecification\",\"valueRequired\":true,\"valueName\":\"search_term_string\"}}],\"inLanguage\":\"fi\"},{\"@type\":\"Organization\",\"@id\":\"https:\\\/\\\/radis.ee\\\/#organization\",\"name\":\"Radis O\u00dc\",\"url\":\"https:\\\/\\\/radis.ee\\\/\",\"logo\":{\"@type\":\"ImageObject\",\"inLanguage\":\"fi\",\"@id\":\"https:\\\/\\\/radis.ee\\\/#\\\/schema\\\/logo\\\/image\\\/\",\"url\":\"https:\\\/\\\/radis.ee\\\/wp-content\\\/uploads\\\/2020\\\/10\\\/Radis-logo.png\",\"contentUrl\":\"https:\\\/\\\/radis.ee\\\/wp-content\\\/uploads\\\/2020\\\/10\\\/Radis-logo.png\",\"width\":300,\"height\":63,\"caption\":\"Radis O\u00dc\"},\"image\":{\"@id\":\"https:\\\/\\\/radis.ee\\\/#\\\/schema\\\/logo\\\/image\\\/\"},\"sameAs\":[\"https:\\\/\\\/www.facebook.com\\\/radisfurniture\\\/\"]}]}<\/script>\n<!-- \/ Yoast SEO plugin. -->","yoast_head_json":{"title":"Kaareva sein\u00e4lle kiinnitett\u00e4v\u00e4 TV-taso FLOATY - Radis","robots":{"index":"index","follow":"follow","max-snippet":"max-snippet:-1","max-image-preview":"max-image-preview:large","max-video-preview":"max-video-preview:-1"},"canonical":"https:\/\/radis.ee\/fi\/kaareva-seinalle-asennettava-tv-taso-floaty\/","og_locale":"fi_FI","og_type":"article","og_title":"Kaareva sein\u00e4lle kiinnitett\u00e4v\u00e4 TV-taso FLOATY - Radis","og_description":"Huolellisesti muotoiltu sein\u00e4\u00e4n kiinnitett\u00e4v\u00e4 TV-taso FLOATY, joka m\u00e4\u00e4rittelee minimalismin uudelleen. Kauniisti kaareva siluettillaan FLOATY lis\u00e4\u00e4 pohjoismaista charmia ja maksimoi tilan tehokkuuden. Tyylik\u00e4s, kelluva muotoilu luo ilmavan, sotkuttoman ilmeen, mik\u00e4 tekee siit\u00e4 ihanteellisen moderniin sisustukseen. Kuten parhaat unelmat, FLOATY TV-taso leijuu ilmassa. Olitpa sitten rentoutumassa suosikkiesityksen parissa tai is\u00e4nn\u00f6itk\u00f6 tapaamista, FLOATY yhdist\u00e4\u00e4 saumattomasti muodon ja toimivuuden...","og_url":"https:\/\/radis.ee\/fi\/kaareva-seinalle-asennettava-tv-taso-floaty\/","og_site_name":"Radis","article_publisher":"https:\/\/www.facebook.com\/radisfurniture\/","article_modified_time":"2026-01-27T20:43:03+00:00","og_image":[{"width":1614,"height":1921,"url":"https:\/\/radis.ee\/wp-content\/uploads\/2024\/12\/Radis_wall_mounted_TV_stand_curved_FLOATY_oak_veneered_plywood_white_background.jpg","type":"image\/jpeg"}],"twitter_card":"summary_large_image","twitter_misc":{"Arvioitu lukuaika":"1 minuutti"},"schema":{"@context":"https:\/\/schema.org","@graph":[{"@type":"WebPage","@id":"https:\/\/radis.ee\/fi\/kaareva-seinalle-asennettava-tv-taso-floaty\/","url":"https:\/\/radis.ee\/fi\/kaareva-seinalle-asennettava-tv-taso-floaty\/","name":"Kaareva sein\u00e4lle kiinnitett\u00e4v\u00e4 TV-taso FLOATY - Radis","isPartOf":{"@id":"https:\/\/radis.ee\/#website"},"primaryImageOfPage":{"@id":"https:\/\/radis.ee\/fi\/kaareva-seinalle-asennettava-tv-taso-floaty\/#primaryimage"},"image":{"@id":"https:\/\/radis.ee\/fi\/kaareva-seinalle-asennettava-tv-taso-floaty\/#primaryimage"},"thumbnailUrl":"https:\/\/radis.ee\/wp-content\/uploads\/2024\/12\/Radis_wall_mounted_TV_stand_curved_FLOATY_oak_veneered_plywood_white_background.jpg","datePublished":"2024-12-27T10:49:20+00:00","dateModified":"2026-01-27T20:43:03+00:00","breadcrumb":{"@id":"https:\/\/radis.ee\/fi\/kaareva-seinalle-asennettava-tv-taso-floaty\/#breadcrumb"},"inLanguage":"fi","potentialAction":[{"@type":"ReadAction","target":["https:\/\/radis.ee\/fi\/kaareva-seinalle-asennettava-tv-taso-floaty\/"]}]},{"@type":"ImageObject","inLanguage":"fi","@id":"https:\/\/radis.ee\/fi\/kaareva-seinalle-asennettava-tv-taso-floaty\/#primaryimage","url":"https:\/\/radis.ee\/wp-content\/uploads\/2024\/12\/Radis_wall_mounted_TV_stand_curved_FLOATY_oak_veneered_plywood_white_background.jpg","contentUrl":"https:\/\/radis.ee\/wp-content\/uploads\/2024\/12\/Radis_wall_mounted_TV_stand_curved_FLOATY_oak_veneered_plywood_white_background.jpg","width":1614,"height":1921,"caption":"Radis wall mounted curved TV-stand FLOATY oak veneered plywood"},{"@type":"BreadcrumbList","@id":"https:\/\/radis.ee\/fi\/kaareva-seinalle-asennettava-tv-taso-floaty\/#breadcrumb","itemListElement":[{"@type":"ListItem","position":1,"name":"Home","item":"https:\/\/radis.ee\/"},{"@type":"ListItem","position":2,"name":"Tuotteet","item":"https:\/\/radis.ee\/fi\/tuotteet\/"},{"@type":"ListItem","position":3,"name":"Kaareva sein\u00e4lle kiinnitett\u00e4v\u00e4 TV-taso FLOATY"}]},{"@type":"WebSite","@id":"https:\/\/radis.ee\/#website","url":"https:\/\/radis.ee\/","name":"Radis","description":"Nordic design furniture, environmentally friendly and sustainable.","publisher":{"@id":"https:\/\/radis.ee\/#organization"},"potentialAction":[{"@type":"SearchAction","target":{"@type":"EntryPoint","urlTemplate":"https:\/\/radis.ee\/?s={search_term_string}"},"query-input":{"@type":"PropertyValueSpecification","valueRequired":true,"valueName":"search_term_string"}}],"inLanguage":"fi"},{"@type":"Organization","@id":"https:\/\/radis.ee\/#organization","name":"Radis O\u00dc","url":"https:\/\/radis.ee\/","logo":{"@type":"ImageObject","inLanguage":"fi","@id":"https:\/\/radis.ee\/#\/schema\/logo\/image\/","url":"https:\/\/radis.ee\/wp-content\/uploads\/2020\/10\/Radis-logo.png","contentUrl":"https:\/\/radis.ee\/wp-content\/uploads\/2020\/10\/Radis-logo.png","width":300,"height":63,"caption":"Radis O\u00dc"},"image":{"@id":"https:\/\/radis.ee\/#\/schema\/logo\/image\/"},"sameAs":["https:\/\/www.facebook.com\/radisfurniture\/"]}]}},"_links":{"self":[{"href":"https:\/\/radis.ee\/fi\/wp-json\/wp\/v2\/product\/27971","targetHints":{"allow":["GET"]}}],"collection":[{"href":"https:\/\/radis.ee\/fi\/wp-json\/wp\/v2\/product"}],"about":[{"href":"https:\/\/radis.ee\/fi\/wp-json\/wp\/v2\/types\/product"}],"replies":[{"embeddable":true,"href":"https:\/\/radis.ee\/fi\/wp-json\/wp\/v2\/comments?post=27971"}],"wp:featuredmedia":[{"embeddable":true,"href":"https:\/\/radis.ee\/fi\/wp-json\/wp\/v2\/media\/28079"}],"wp:attachment":[{"href":"https:\/\/radis.ee\/fi\/wp-json\/wp\/v2\/media?parent=27971"}],"wp:term":[{"taxonomy":"product_brand","embeddable":true,"href":"https:\/\/radis.ee\/fi\/wp-json\/wp\/v2\/product_brand?post=27971"},{"taxonomy":"product_cat","embeddable":true,"href":"https:\/\/radis.ee\/fi\/wp-json\/wp\/v2\/product_cat?post=27971"},{"taxonomy":"product_tag","embeddable":true,"href":"https:\/\/radis.ee\/fi\/wp-json\/wp\/v2\/product_tag?post=27971"}],"curies":[{"name":"wp","href":"https:\/\/api.w.org\/{rel}","templated":true}]}}