{"id":28104,"date":"2020-08-12T16:30:39","date_gmt":"2024-12-27T14:30:40","guid":{"rendered":"https:\/\/radis.ee\/?post_type=product&#038;p=28104"},"modified":"2025-03-12T16:02:42","modified_gmt":"2025-03-12T14:02:42","slug":"pyorea-hylly-ovilla-rund","status":"publish","type":"product","link":"https:\/\/radis.ee\/fi\/pyorea-hylly-ovilla-rund\/","title":{"rendered":"Py\u00f6re\u00e4 hylly ovilla RUND"},"content":{"rendered":"<p>Esittelyss\u00e4 RUND, pohjoismaisista vaikutteista saatava py\u00f6re\u00e4 hylly, jossa minimalistinen muotoilu yhdistyy poikkeukselliseen toimivuuteen. Laadukkaasta vanerista valmistettu ja tyylikk\u00e4ill\u00e4, moderneilla ovilla korostettu RUND on t\u00e4ydellinen ilme kaikkiin nykyaikaisiin sis\u00e4tiloihin.<\/p>\n<ul>\n<li>Ajaton muotoilu: Py\u00f6re\u00e4 rakenne luo silmiinpist\u00e4v\u00e4n visuaalisen keskipisteen, kun taas puhtaat linjat ilment\u00e4v\u00e4t skandinaavista yksinkertaisuutta.<\/li>\n<li>\u00c4lyk\u00e4s s\u00e4ilytys: RUND tarjoaa yhdistelm\u00e4n avoimia hyllyj\u00e4 ja piilolokeroita, ja se tarjoaa monipuolista s\u00e4ilytystilaa, joka pit\u00e4\u00e4 tilasi j\u00e4rjestyksess\u00e4 ja sotkuttomana.<\/li>\n<li>Valmistettu kest\u00e4m\u00e4\u00e4n: Valmistettu kest\u00e4v\u00e4st\u00e4, ymp\u00e4rist\u00f6yst\u00e4v\u00e4llisest\u00e4 vanerista, jossa on tarkkoja yksityiskohtia kest\u00e4v\u00e4n laadun takaamiseksi.<\/li>\n<li>Rohkea estetiikka: Kontrastiset mustat ovet ja vaaleat puun s\u00e4vyt tuovat esiin rohkean mutta luonnollisen eleganssin.<\/li>\n<\/ul>\n<p>T\u00e4ydellinen kirjojen, sisustuksen ja p\u00e4ivitt\u00e4isten tavaroiden esittelyyn sopiva RUND yhdist\u00e4\u00e4 geometrisen kauneuden k\u00e4yt\u00e4nn\u00f6lliseen s\u00e4ilytykseen. Muuta asuintilasi esineell\u00e4, joka on yht\u00e4 toimiva kuin ikoninenkin. Korosta kotisi pohjoismaisella hienostuneisuudella.<\/p>\n<p>Hylly RUND on valmistettu ymp\u00e4rist\u00f6yst\u00e4v\u00e4llisest\u00e4 laminoidusta vanerista, ovet-taustat my\u00f6s tammiviilutettua vaneria tai Forescolor (Organic Colored Throught Wood Fiber Board), \u00f6ljyvahattu. Pehme\u00e4sti sulkeutuvat saranat oviin.<\/p>\n","protected":false},"excerpt":{"rendered":"<p>Esittelyss\u00e4 RUND, pohjoismaisista vaikutteista saatava py\u00f6re\u00e4 hylly, jossa minimalistinen muotoilu yhdistyy poikkeukselliseen toimivuuteen. Laadukkaasta vanerista valmistettu ja tyylikk\u00e4ill\u00e4, moderneilla ovilla korostettu RUND on t\u00e4ydellinen ilme kaikkiin nykyaikaisiin sis\u00e4tiloihin. Ajaton muotoilu: Py\u00f6re\u00e4 rakenne luo silmiinpist\u00e4v\u00e4n visuaalisen keskipisteen, kun taas puhtaat linjat ilment\u00e4v\u00e4t skandinaavista yksinkertaisuutta. \u00c4lyk\u00e4s s\u00e4ilytys: RUND tarjoaa yhdistelm\u00e4n avoimia hyllyj\u00e4 ja piilolokeroita, ja se tarjoaa&#8230;<\/p>\n","protected":false},"featured_media":28880,"comment_status":"open","ping_status":"closed","template":"","meta":{"_acf_changed":false},"product_brand":[],"product_cat":[109],"product_tag":[],"class_list":{"0":"post-28104","1":"product","2":"type-product","3":"status-publish","4":"has-post-thumbnail","6":"product_cat-riiulid","8":"first","9":"instock","10":"sale","11":"taxable","12":"shipping-taxable","13":"purchasable","14":"product-type-variable","15":"has-default-attributes"},"acf":[],"yoast_head":"<!-- This site is optimized with the Yoast SEO plugin v27.4 - https:\/\/yoast.com\/product\/yoast-seo-wordpress\/ -->\n<title>Py\u00f6re\u00e4 hylly ovilla RUND - Radis<\/title>\n<meta name=\"robots\" content=\"index, follow, max-snippet:-1, max-image-preview:large, max-video-preview:-1\" \/>\n<link rel=\"canonical\" href=\"https:\/\/radis.ee\/fi\/pyorea-hylly-ovilla-rund\/\" \/>\n<meta property=\"og:locale\" content=\"fi_FI\" \/>\n<meta property=\"og:type\" content=\"article\" \/>\n<meta property=\"og:title\" content=\"Py\u00f6re\u00e4 hylly ovilla RUND - Radis\" \/>\n<meta property=\"og:description\" content=\"Esittelyss\u00e4 RUND, pohjoismaisista vaikutteista saatava py\u00f6re\u00e4 hylly, jossa minimalistinen muotoilu yhdistyy poikkeukselliseen toimivuuteen. Laadukkaasta vanerista valmistettu ja tyylikk\u00e4ill\u00e4, moderneilla ovilla korostettu RUND on t\u00e4ydellinen ilme kaikkiin nykyaikaisiin sis\u00e4tiloihin. Ajaton muotoilu: Py\u00f6re\u00e4 rakenne luo silmiinpist\u00e4v\u00e4n visuaalisen keskipisteen, kun taas puhtaat linjat ilment\u00e4v\u00e4t skandinaavista yksinkertaisuutta. \u00c4lyk\u00e4s s\u00e4ilytys: RUND tarjoaa yhdistelm\u00e4n avoimia hyllyj\u00e4 ja piilolokeroita, ja se tarjoaa...\" \/>\n<meta property=\"og:url\" content=\"https:\/\/radis.ee\/fi\/pyorea-hylly-ovilla-rund\/\" \/>\n<meta property=\"og:site_name\" content=\"Radis\" \/>\n<meta property=\"article:publisher\" content=\"https:\/\/www.facebook.com\/radisfurniture\/\" \/>\n<meta property=\"article:modified_time\" content=\"2025-03-12T14:02:42+00:00\" \/>\n<meta property=\"og:image\" content=\"https:\/\/radis.ee\/wp-content\/uploads\/2020\/08\/RADIS_shelf_GRUND_white_HPL_doors_Oak_veneered_white_background.jpg\" \/>\n\t<meta property=\"og:image:width\" content=\"874\" \/>\n\t<meta property=\"og:image:height\" content=\"1041\" \/>\n\t<meta property=\"og:image:type\" content=\"image\/jpeg\" \/>\n<meta name=\"twitter:card\" content=\"summary_large_image\" \/>\n<meta name=\"twitter:label1\" content=\"Arvioitu lukuaika\" \/>\n\t<meta name=\"twitter:data1\" content=\"1 minuutti\" \/>\n<script type=\"application\/ld+json\" class=\"yoast-schema-graph\">{\"@context\":\"https:\\\/\\\/schema.org\",\"@graph\":[{\"@type\":\"WebPage\",\"@id\":\"https:\\\/\\\/radis.ee\\\/fi\\\/pyorea-hylly-ovilla-rund\\\/\",\"url\":\"https:\\\/\\\/radis.ee\\\/fi\\\/pyorea-hylly-ovilla-rund\\\/\",\"name\":\"Py\u00f6re\u00e4 hylly ovilla RUND - Radis\",\"isPartOf\":{\"@id\":\"https:\\\/\\\/radis.ee\\\/#website\"},\"primaryImageOfPage\":{\"@id\":\"https:\\\/\\\/radis.ee\\\/fi\\\/pyorea-hylly-ovilla-rund\\\/#primaryimage\"},\"image\":{\"@id\":\"https:\\\/\\\/radis.ee\\\/fi\\\/pyorea-hylly-ovilla-rund\\\/#primaryimage\"},\"thumbnailUrl\":\"https:\\\/\\\/radis.ee\\\/wp-content\\\/uploads\\\/2020\\\/08\\\/RADIS_shelf_GRUND_white_HPL_doors_Oak_veneered_white_background.jpg\",\"datePublished\":\"2024-12-27T14:30:40+00:00\",\"dateModified\":\"2025-03-12T14:02:42+00:00\",\"breadcrumb\":{\"@id\":\"https:\\\/\\\/radis.ee\\\/fi\\\/pyorea-hylly-ovilla-rund\\\/#breadcrumb\"},\"inLanguage\":\"fi\",\"potentialAction\":[{\"@type\":\"ReadAction\",\"target\":[\"https:\\\/\\\/radis.ee\\\/fi\\\/pyorea-hylly-ovilla-rund\\\/\"]}]},{\"@type\":\"ImageObject\",\"inLanguage\":\"fi\",\"@id\":\"https:\\\/\\\/radis.ee\\\/fi\\\/pyorea-hylly-ovilla-rund\\\/#primaryimage\",\"url\":\"https:\\\/\\\/radis.ee\\\/wp-content\\\/uploads\\\/2020\\\/08\\\/RADIS_shelf_GRUND_white_HPL_doors_Oak_veneered_white_background.jpg\",\"contentUrl\":\"https:\\\/\\\/radis.ee\\\/wp-content\\\/uploads\\\/2020\\\/08\\\/RADIS_shelf_GRUND_white_HPL_doors_Oak_veneered_white_background.jpg\",\"width\":874,\"height\":1041,\"caption\":\"Radis shelf RUND white HPL doors Oak veneered\"},{\"@type\":\"BreadcrumbList\",\"@id\":\"https:\\\/\\\/radis.ee\\\/fi\\\/pyorea-hylly-ovilla-rund\\\/#breadcrumb\",\"itemListElement\":[{\"@type\":\"ListItem\",\"position\":1,\"name\":\"Home\",\"item\":\"https:\\\/\\\/radis.ee\\\/\"},{\"@type\":\"ListItem\",\"position\":2,\"name\":\"Tuotteet\",\"item\":\"https:\\\/\\\/radis.ee\\\/fi\\\/tuotteet\\\/\"},{\"@type\":\"ListItem\",\"position\":3,\"name\":\"Py\u00f6re\u00e4 hylly ovilla RUND\"}]},{\"@type\":\"WebSite\",\"@id\":\"https:\\\/\\\/radis.ee\\\/#website\",\"url\":\"https:\\\/\\\/radis.ee\\\/\",\"name\":\"Radis\",\"description\":\"Nordic design furniture, environmentally friendly and sustainable.\",\"publisher\":{\"@id\":\"https:\\\/\\\/radis.ee\\\/#organization\"},\"potentialAction\":[{\"@type\":\"SearchAction\",\"target\":{\"@type\":\"EntryPoint\",\"urlTemplate\":\"https:\\\/\\\/radis.ee\\\/?s={search_term_string}\"},\"query-input\":{\"@type\":\"PropertyValueSpecification\",\"valueRequired\":true,\"valueName\":\"search_term_string\"}}],\"inLanguage\":\"fi\"},{\"@type\":\"Organization\",\"@id\":\"https:\\\/\\\/radis.ee\\\/#organization\",\"name\":\"Radis O\u00dc\",\"url\":\"https:\\\/\\\/radis.ee\\\/\",\"logo\":{\"@type\":\"ImageObject\",\"inLanguage\":\"fi\",\"@id\":\"https:\\\/\\\/radis.ee\\\/#\\\/schema\\\/logo\\\/image\\\/\",\"url\":\"https:\\\/\\\/radis.ee\\\/wp-content\\\/uploads\\\/2020\\\/10\\\/Radis-logo.png\",\"contentUrl\":\"https:\\\/\\\/radis.ee\\\/wp-content\\\/uploads\\\/2020\\\/10\\\/Radis-logo.png\",\"width\":300,\"height\":63,\"caption\":\"Radis O\u00dc\"},\"image\":{\"@id\":\"https:\\\/\\\/radis.ee\\\/#\\\/schema\\\/logo\\\/image\\\/\"},\"sameAs\":[\"https:\\\/\\\/www.facebook.com\\\/radisfurniture\\\/\"]}]}<\/script>\n<!-- \/ Yoast SEO plugin. -->","yoast_head_json":{"title":"Py\u00f6re\u00e4 hylly ovilla RUND - Radis","robots":{"index":"index","follow":"follow","max-snippet":"max-snippet:-1","max-image-preview":"max-image-preview:large","max-video-preview":"max-video-preview:-1"},"canonical":"https:\/\/radis.ee\/fi\/pyorea-hylly-ovilla-rund\/","og_locale":"fi_FI","og_type":"article","og_title":"Py\u00f6re\u00e4 hylly ovilla RUND - Radis","og_description":"Esittelyss\u00e4 RUND, pohjoismaisista vaikutteista saatava py\u00f6re\u00e4 hylly, jossa minimalistinen muotoilu yhdistyy poikkeukselliseen toimivuuteen. Laadukkaasta vanerista valmistettu ja tyylikk\u00e4ill\u00e4, moderneilla ovilla korostettu RUND on t\u00e4ydellinen ilme kaikkiin nykyaikaisiin sis\u00e4tiloihin. Ajaton muotoilu: Py\u00f6re\u00e4 rakenne luo silmiinpist\u00e4v\u00e4n visuaalisen keskipisteen, kun taas puhtaat linjat ilment\u00e4v\u00e4t skandinaavista yksinkertaisuutta. \u00c4lyk\u00e4s s\u00e4ilytys: RUND tarjoaa yhdistelm\u00e4n avoimia hyllyj\u00e4 ja piilolokeroita, ja se tarjoaa...","og_url":"https:\/\/radis.ee\/fi\/pyorea-hylly-ovilla-rund\/","og_site_name":"Radis","article_publisher":"https:\/\/www.facebook.com\/radisfurniture\/","article_modified_time":"2025-03-12T14:02:42+00:00","og_image":[{"width":874,"height":1041,"url":"https:\/\/radis.ee\/wp-content\/uploads\/2020\/08\/RADIS_shelf_GRUND_white_HPL_doors_Oak_veneered_white_background.jpg","type":"image\/jpeg"}],"twitter_card":"summary_large_image","twitter_misc":{"Arvioitu lukuaika":"1 minuutti"},"schema":{"@context":"https:\/\/schema.org","@graph":[{"@type":"WebPage","@id":"https:\/\/radis.ee\/fi\/pyorea-hylly-ovilla-rund\/","url":"https:\/\/radis.ee\/fi\/pyorea-hylly-ovilla-rund\/","name":"Py\u00f6re\u00e4 hylly ovilla RUND - Radis","isPartOf":{"@id":"https:\/\/radis.ee\/#website"},"primaryImageOfPage":{"@id":"https:\/\/radis.ee\/fi\/pyorea-hylly-ovilla-rund\/#primaryimage"},"image":{"@id":"https:\/\/radis.ee\/fi\/pyorea-hylly-ovilla-rund\/#primaryimage"},"thumbnailUrl":"https:\/\/radis.ee\/wp-content\/uploads\/2020\/08\/RADIS_shelf_GRUND_white_HPL_doors_Oak_veneered_white_background.jpg","datePublished":"2024-12-27T14:30:40+00:00","dateModified":"2025-03-12T14:02:42+00:00","breadcrumb":{"@id":"https:\/\/radis.ee\/fi\/pyorea-hylly-ovilla-rund\/#breadcrumb"},"inLanguage":"fi","potentialAction":[{"@type":"ReadAction","target":["https:\/\/radis.ee\/fi\/pyorea-hylly-ovilla-rund\/"]}]},{"@type":"ImageObject","inLanguage":"fi","@id":"https:\/\/radis.ee\/fi\/pyorea-hylly-ovilla-rund\/#primaryimage","url":"https:\/\/radis.ee\/wp-content\/uploads\/2020\/08\/RADIS_shelf_GRUND_white_HPL_doors_Oak_veneered_white_background.jpg","contentUrl":"https:\/\/radis.ee\/wp-content\/uploads\/2020\/08\/RADIS_shelf_GRUND_white_HPL_doors_Oak_veneered_white_background.jpg","width":874,"height":1041,"caption":"Radis shelf RUND white HPL doors Oak veneered"},{"@type":"BreadcrumbList","@id":"https:\/\/radis.ee\/fi\/pyorea-hylly-ovilla-rund\/#breadcrumb","itemListElement":[{"@type":"ListItem","position":1,"name":"Home","item":"https:\/\/radis.ee\/"},{"@type":"ListItem","position":2,"name":"Tuotteet","item":"https:\/\/radis.ee\/fi\/tuotteet\/"},{"@type":"ListItem","position":3,"name":"Py\u00f6re\u00e4 hylly ovilla RUND"}]},{"@type":"WebSite","@id":"https:\/\/radis.ee\/#website","url":"https:\/\/radis.ee\/","name":"Radis","description":"Nordic design furniture, environmentally friendly and sustainable.","publisher":{"@id":"https:\/\/radis.ee\/#organization"},"potentialAction":[{"@type":"SearchAction","target":{"@type":"EntryPoint","urlTemplate":"https:\/\/radis.ee\/?s={search_term_string}"},"query-input":{"@type":"PropertyValueSpecification","valueRequired":true,"valueName":"search_term_string"}}],"inLanguage":"fi"},{"@type":"Organization","@id":"https:\/\/radis.ee\/#organization","name":"Radis O\u00dc","url":"https:\/\/radis.ee\/","logo":{"@type":"ImageObject","inLanguage":"fi","@id":"https:\/\/radis.ee\/#\/schema\/logo\/image\/","url":"https:\/\/radis.ee\/wp-content\/uploads\/2020\/10\/Radis-logo.png","contentUrl":"https:\/\/radis.ee\/wp-content\/uploads\/2020\/10\/Radis-logo.png","width":300,"height":63,"caption":"Radis O\u00dc"},"image":{"@id":"https:\/\/radis.ee\/#\/schema\/logo\/image\/"},"sameAs":["https:\/\/www.facebook.com\/radisfurniture\/"]}]}},"_links":{"self":[{"href":"https:\/\/radis.ee\/fi\/wp-json\/wp\/v2\/product\/28104","targetHints":{"allow":["GET"]}}],"collection":[{"href":"https:\/\/radis.ee\/fi\/wp-json\/wp\/v2\/product"}],"about":[{"href":"https:\/\/radis.ee\/fi\/wp-json\/wp\/v2\/types\/product"}],"replies":[{"embeddable":true,"href":"https:\/\/radis.ee\/fi\/wp-json\/wp\/v2\/comments?post=28104"}],"wp:featuredmedia":[{"embeddable":true,"href":"https:\/\/radis.ee\/fi\/wp-json\/wp\/v2\/media\/28880"}],"wp:attachment":[{"href":"https:\/\/radis.ee\/fi\/wp-json\/wp\/v2\/media?parent=28104"}],"wp:term":[{"taxonomy":"product_brand","embeddable":true,"href":"https:\/\/radis.ee\/fi\/wp-json\/wp\/v2\/product_brand?post=28104"},{"taxonomy":"product_cat","embeddable":true,"href":"https:\/\/radis.ee\/fi\/wp-json\/wp\/v2\/product_cat?post=28104"},{"taxonomy":"product_tag","embeddable":true,"href":"https:\/\/radis.ee\/fi\/wp-json\/wp\/v2\/product_tag?post=28104"}],"curies":[{"name":"wp","href":"https:\/\/api.w.org\/{rel}","templated":true}]}}