{"id":2811,"date":"2022-08-22T23:47:52","date_gmt":"2020-09-27T17:17:52","guid":{"rendered":"https:\/\/radis.ee\/Ei-luokiteltu\/taitettava-seinapoyta-radius\/"},"modified":"2024-10-08T10:08:33","modified_gmt":"2024-10-08T07:08:33","slug":"taitettava-seinapoyta-ring","status":"publish","type":"product","link":"https:\/\/radis.ee\/fi\/taitettava-seinapoyta-ring\/","title":{"rendered":"Taitettava sein\u00e4p\u00f6yt\u00e4 RING"},"content":{"rendered":"<p>Onko se aurinko? Onko se kuu? Onko se portti salaiseen maailmaan? Ei, se on Ring, Michael Hilgersin suunnittelema ainutlaatuinen taitettava ty\u00f6asema.<\/p>\n<p>Ihanteellinen niille, jotka eiv\u00e4t tarvitse ty\u00f6p\u00f6yt\u00e4\u00e4 p\u00e4ivitt\u00e4in, heill\u00e4 ei yksinkertaisesti ole tarpeeksi tilaa sille tai niill\u00e4 on tilaa, mutta haluat k\u00e4ytt\u00e4\u00e4 sit\u00e4 eri tavalla. S\u00e4de voidaan taittaa siististi, kun sit\u00e4 ei tarvita, ja vet\u00e4\u00e4 ulos ty\u00f6st\u00e4, asettaa jotain n\u00e4yt\u00f6lle tai tehd\u00e4 meikki\u00e4 &#8211; valitset.<\/p>\n<p>Kun irrotat sein\u00e4ty\u00f6kalusta, siit\u00e4 tulee hauska elementti sisustuksessa, lis\u00e4\u00e4en hienostuneisuutta ja luonnetta. S\u00e4de on saatavana valkoisena kalvovanerina ja tammiviiluvanerina.<\/p>\n<p>Asenna vain 2 ruuvia, joiden et\u00e4isyys on 35 cm, sein\u00e4lle ja voit aloittaa sen k\u00e4yt\u00f6n. Sein\u00e4konsolin etuhalkaisija on 70 cm ja syvyys 14 cm. Avaa etukansi syv\u00e4ll\u00e4 44-48 cm. Sis\u00e4ll\u00e4 s\u00e4\u00e4dett\u00e4v\u00e4t korkeudet ovat 45,5 cm leveit\u00e4 ja 12 cm syvi\u00e4. Sis\u00e4korkeus 45 cm. Vahvat H\u00e4fele-saranat. Saatavana sek\u00e4 valkoisena Koskisen HPL-vanerina ett\u00e4 tammiviilutettuna vanerina.<\/p>\n","protected":false},"excerpt":{"rendered":"<p>Onko se aurinko? Onko se kuu? Onko se portti salaiseen maailmaan? Ei, se on Ring, Michael Hilgersin suunnittelema ainutlaatuinen taitettava ty\u00f6asema. Ihanteellinen niille, jotka eiv\u00e4t tarvitse ty\u00f6p\u00f6yt\u00e4\u00e4 p\u00e4ivitt\u00e4in, heill\u00e4 ei yksinkertaisesti ole tarpeeksi tilaa sille tai niill\u00e4 on tilaa, mutta haluat k\u00e4ytt\u00e4\u00e4 sit\u00e4 eri tavalla. S\u00e4de voidaan taittaa siististi, kun sit\u00e4 ei tarvita, ja vet\u00e4\u00e4&#8230;<\/p>\n","protected":false},"featured_media":15157,"comment_status":"open","ping_status":"closed","template":"","meta":{"_acf_changed":false},"product_brand":[],"product_cat":[111],"product_tag":[],"class_list":{"0":"post-2811","1":"product","2":"type-product","3":"status-publish","4":"has-post-thumbnail","6":"product_cat-lauad","8":"first","9":"instock","10":"sale","11":"taxable","12":"shipping-taxable","13":"purchasable","14":"product-type-variable","15":"has-default-attributes"},"acf":[],"yoast_head":"<!-- This site is optimized with the Yoast SEO plugin v27.4 - https:\/\/yoast.com\/product\/yoast-seo-wordpress\/ -->\n<title>Taitettava sein\u00e4p\u00f6yt\u00e4 RING - Radis<\/title>\n<meta name=\"robots\" content=\"index, follow, max-snippet:-1, max-image-preview:large, max-video-preview:-1\" \/>\n<link rel=\"canonical\" href=\"https:\/\/radis.ee\/fi\/taitettava-seinapoyta-ring\/\" \/>\n<meta property=\"og:locale\" content=\"fi_FI\" \/>\n<meta property=\"og:type\" content=\"article\" \/>\n<meta property=\"og:title\" content=\"Taitettava sein\u00e4p\u00f6yt\u00e4 RING - Radis\" \/>\n<meta property=\"og:description\" content=\"Onko se aurinko? Onko se kuu? Onko se portti salaiseen maailmaan? Ei, se on Ring, Michael Hilgersin suunnittelema ainutlaatuinen taitettava ty\u00f6asema. Ihanteellinen niille, jotka eiv\u00e4t tarvitse ty\u00f6p\u00f6yt\u00e4\u00e4 p\u00e4ivitt\u00e4in, heill\u00e4 ei yksinkertaisesti ole tarpeeksi tilaa sille tai niill\u00e4 on tilaa, mutta haluat k\u00e4ytt\u00e4\u00e4 sit\u00e4 eri tavalla. S\u00e4de voidaan taittaa siististi, kun sit\u00e4 ei tarvita, ja vet\u00e4\u00e4...\" \/>\n<meta property=\"og:url\" content=\"https:\/\/radis.ee\/fi\/taitettava-seinapoyta-ring\/\" \/>\n<meta property=\"og:site_name\" content=\"Radis\" \/>\n<meta property=\"article:publisher\" content=\"https:\/\/www.facebook.com\/radisfurniture\/\" \/>\n<meta property=\"article:modified_time\" content=\"2024-10-08T07:08:33+00:00\" \/>\n<meta property=\"og:image\" content=\"https:\/\/radis.ee\/wp-content\/uploads\/2020\/05\/RA0646_RADIS_foldable_wall_desk_RING_oak_veneered_plywood_Michael_Hilgers_3_black_hinges_white_blackground.jpg\" \/>\n\t<meta property=\"og:image:width\" content=\"2444\" \/>\n\t<meta property=\"og:image:height\" content=\"2532\" \/>\n\t<meta property=\"og:image:type\" content=\"image\/jpeg\" \/>\n<meta name=\"twitter:card\" content=\"summary_large_image\" \/>\n<meta name=\"twitter:label1\" content=\"Arvioitu lukuaika\" \/>\n\t<meta name=\"twitter:data1\" content=\"1 minuutti\" \/>\n<script type=\"application\/ld+json\" class=\"yoast-schema-graph\">{\"@context\":\"https:\\\/\\\/schema.org\",\"@graph\":[{\"@type\":\"WebPage\",\"@id\":\"https:\\\/\\\/radis.ee\\\/fi\\\/taitettava-seinapoyta-ring\\\/\",\"url\":\"https:\\\/\\\/radis.ee\\\/fi\\\/taitettava-seinapoyta-ring\\\/\",\"name\":\"Taitettava sein\u00e4p\u00f6yt\u00e4 RING - Radis\",\"isPartOf\":{\"@id\":\"https:\\\/\\\/radis.ee\\\/#website\"},\"primaryImageOfPage\":{\"@id\":\"https:\\\/\\\/radis.ee\\\/fi\\\/taitettava-seinapoyta-ring\\\/#primaryimage\"},\"image\":{\"@id\":\"https:\\\/\\\/radis.ee\\\/fi\\\/taitettava-seinapoyta-ring\\\/#primaryimage\"},\"thumbnailUrl\":\"https:\\\/\\\/radis.ee\\\/wp-content\\\/uploads\\\/2020\\\/05\\\/RA0646_RADIS_foldable_wall_desk_RING_oak_veneered_plywood_Michael_Hilgers_3_black_hinges_white_blackground.jpg\",\"datePublished\":\"2020-09-27T17:17:52+00:00\",\"dateModified\":\"2024-10-08T07:08:33+00:00\",\"breadcrumb\":{\"@id\":\"https:\\\/\\\/radis.ee\\\/fi\\\/taitettava-seinapoyta-ring\\\/#breadcrumb\"},\"inLanguage\":\"fi\",\"potentialAction\":[{\"@type\":\"ReadAction\",\"target\":[\"https:\\\/\\\/radis.ee\\\/fi\\\/taitettava-seinapoyta-ring\\\/\"]}]},{\"@type\":\"ImageObject\",\"inLanguage\":\"fi\",\"@id\":\"https:\\\/\\\/radis.ee\\\/fi\\\/taitettava-seinapoyta-ring\\\/#primaryimage\",\"url\":\"https:\\\/\\\/radis.ee\\\/wp-content\\\/uploads\\\/2020\\\/05\\\/RA0646_RADIS_foldable_wall_desk_RING_oak_veneered_plywood_Michael_Hilgers_3_black_hinges_white_blackground.jpg\",\"contentUrl\":\"https:\\\/\\\/radis.ee\\\/wp-content\\\/uploads\\\/2020\\\/05\\\/RA0646_RADIS_foldable_wall_desk_RING_oak_veneered_plywood_Michael_Hilgers_3_black_hinges_white_blackground.jpg\",\"width\":2444,\"height\":2532,\"caption\":\"RADIS foldable wall desk RING oak veneered\"},{\"@type\":\"BreadcrumbList\",\"@id\":\"https:\\\/\\\/radis.ee\\\/fi\\\/taitettava-seinapoyta-ring\\\/#breadcrumb\",\"itemListElement\":[{\"@type\":\"ListItem\",\"position\":1,\"name\":\"Home\",\"item\":\"https:\\\/\\\/radis.ee\\\/\"},{\"@type\":\"ListItem\",\"position\":2,\"name\":\"Tuotteet\",\"item\":\"https:\\\/\\\/radis.ee\\\/fi\\\/tuotteet\\\/\"},{\"@type\":\"ListItem\",\"position\":3,\"name\":\"Taitettava sein\u00e4p\u00f6yt\u00e4 RING\"}]},{\"@type\":\"WebSite\",\"@id\":\"https:\\\/\\\/radis.ee\\\/#website\",\"url\":\"https:\\\/\\\/radis.ee\\\/\",\"name\":\"Radis\",\"description\":\"Nordic design furniture, environmentally friendly and sustainable.\",\"publisher\":{\"@id\":\"https:\\\/\\\/radis.ee\\\/#organization\"},\"potentialAction\":[{\"@type\":\"SearchAction\",\"target\":{\"@type\":\"EntryPoint\",\"urlTemplate\":\"https:\\\/\\\/radis.ee\\\/?s={search_term_string}\"},\"query-input\":{\"@type\":\"PropertyValueSpecification\",\"valueRequired\":true,\"valueName\":\"search_term_string\"}}],\"inLanguage\":\"fi\"},{\"@type\":\"Organization\",\"@id\":\"https:\\\/\\\/radis.ee\\\/#organization\",\"name\":\"Radis O\u00dc\",\"url\":\"https:\\\/\\\/radis.ee\\\/\",\"logo\":{\"@type\":\"ImageObject\",\"inLanguage\":\"fi\",\"@id\":\"https:\\\/\\\/radis.ee\\\/#\\\/schema\\\/logo\\\/image\\\/\",\"url\":\"https:\\\/\\\/radis.ee\\\/wp-content\\\/uploads\\\/2020\\\/10\\\/Radis-logo.png\",\"contentUrl\":\"https:\\\/\\\/radis.ee\\\/wp-content\\\/uploads\\\/2020\\\/10\\\/Radis-logo.png\",\"width\":300,\"height\":63,\"caption\":\"Radis O\u00dc\"},\"image\":{\"@id\":\"https:\\\/\\\/radis.ee\\\/#\\\/schema\\\/logo\\\/image\\\/\"},\"sameAs\":[\"https:\\\/\\\/www.facebook.com\\\/radisfurniture\\\/\"]}]}<\/script>\n<!-- \/ Yoast SEO plugin. -->","yoast_head_json":{"title":"Taitettava sein\u00e4p\u00f6yt\u00e4 RING - Radis","robots":{"index":"index","follow":"follow","max-snippet":"max-snippet:-1","max-image-preview":"max-image-preview:large","max-video-preview":"max-video-preview:-1"},"canonical":"https:\/\/radis.ee\/fi\/taitettava-seinapoyta-ring\/","og_locale":"fi_FI","og_type":"article","og_title":"Taitettava sein\u00e4p\u00f6yt\u00e4 RING - Radis","og_description":"Onko se aurinko? Onko se kuu? Onko se portti salaiseen maailmaan? Ei, se on Ring, Michael Hilgersin suunnittelema ainutlaatuinen taitettava ty\u00f6asema. Ihanteellinen niille, jotka eiv\u00e4t tarvitse ty\u00f6p\u00f6yt\u00e4\u00e4 p\u00e4ivitt\u00e4in, heill\u00e4 ei yksinkertaisesti ole tarpeeksi tilaa sille tai niill\u00e4 on tilaa, mutta haluat k\u00e4ytt\u00e4\u00e4 sit\u00e4 eri tavalla. S\u00e4de voidaan taittaa siististi, kun sit\u00e4 ei tarvita, ja vet\u00e4\u00e4...","og_url":"https:\/\/radis.ee\/fi\/taitettava-seinapoyta-ring\/","og_site_name":"Radis","article_publisher":"https:\/\/www.facebook.com\/radisfurniture\/","article_modified_time":"2024-10-08T07:08:33+00:00","og_image":[{"width":2444,"height":2532,"url":"https:\/\/radis.ee\/wp-content\/uploads\/2020\/05\/RA0646_RADIS_foldable_wall_desk_RING_oak_veneered_plywood_Michael_Hilgers_3_black_hinges_white_blackground.jpg","type":"image\/jpeg"}],"twitter_card":"summary_large_image","twitter_misc":{"Arvioitu lukuaika":"1 minuutti"},"schema":{"@context":"https:\/\/schema.org","@graph":[{"@type":"WebPage","@id":"https:\/\/radis.ee\/fi\/taitettava-seinapoyta-ring\/","url":"https:\/\/radis.ee\/fi\/taitettava-seinapoyta-ring\/","name":"Taitettava sein\u00e4p\u00f6yt\u00e4 RING - Radis","isPartOf":{"@id":"https:\/\/radis.ee\/#website"},"primaryImageOfPage":{"@id":"https:\/\/radis.ee\/fi\/taitettava-seinapoyta-ring\/#primaryimage"},"image":{"@id":"https:\/\/radis.ee\/fi\/taitettava-seinapoyta-ring\/#primaryimage"},"thumbnailUrl":"https:\/\/radis.ee\/wp-content\/uploads\/2020\/05\/RA0646_RADIS_foldable_wall_desk_RING_oak_veneered_plywood_Michael_Hilgers_3_black_hinges_white_blackground.jpg","datePublished":"2020-09-27T17:17:52+00:00","dateModified":"2024-10-08T07:08:33+00:00","breadcrumb":{"@id":"https:\/\/radis.ee\/fi\/taitettava-seinapoyta-ring\/#breadcrumb"},"inLanguage":"fi","potentialAction":[{"@type":"ReadAction","target":["https:\/\/radis.ee\/fi\/taitettava-seinapoyta-ring\/"]}]},{"@type":"ImageObject","inLanguage":"fi","@id":"https:\/\/radis.ee\/fi\/taitettava-seinapoyta-ring\/#primaryimage","url":"https:\/\/radis.ee\/wp-content\/uploads\/2020\/05\/RA0646_RADIS_foldable_wall_desk_RING_oak_veneered_plywood_Michael_Hilgers_3_black_hinges_white_blackground.jpg","contentUrl":"https:\/\/radis.ee\/wp-content\/uploads\/2020\/05\/RA0646_RADIS_foldable_wall_desk_RING_oak_veneered_plywood_Michael_Hilgers_3_black_hinges_white_blackground.jpg","width":2444,"height":2532,"caption":"RADIS foldable wall desk RING oak veneered"},{"@type":"BreadcrumbList","@id":"https:\/\/radis.ee\/fi\/taitettava-seinapoyta-ring\/#breadcrumb","itemListElement":[{"@type":"ListItem","position":1,"name":"Home","item":"https:\/\/radis.ee\/"},{"@type":"ListItem","position":2,"name":"Tuotteet","item":"https:\/\/radis.ee\/fi\/tuotteet\/"},{"@type":"ListItem","position":3,"name":"Taitettava sein\u00e4p\u00f6yt\u00e4 RING"}]},{"@type":"WebSite","@id":"https:\/\/radis.ee\/#website","url":"https:\/\/radis.ee\/","name":"Radis","description":"Nordic design furniture, environmentally friendly and sustainable.","publisher":{"@id":"https:\/\/radis.ee\/#organization"},"potentialAction":[{"@type":"SearchAction","target":{"@type":"EntryPoint","urlTemplate":"https:\/\/radis.ee\/?s={search_term_string}"},"query-input":{"@type":"PropertyValueSpecification","valueRequired":true,"valueName":"search_term_string"}}],"inLanguage":"fi"},{"@type":"Organization","@id":"https:\/\/radis.ee\/#organization","name":"Radis O\u00dc","url":"https:\/\/radis.ee\/","logo":{"@type":"ImageObject","inLanguage":"fi","@id":"https:\/\/radis.ee\/#\/schema\/logo\/image\/","url":"https:\/\/radis.ee\/wp-content\/uploads\/2020\/10\/Radis-logo.png","contentUrl":"https:\/\/radis.ee\/wp-content\/uploads\/2020\/10\/Radis-logo.png","width":300,"height":63,"caption":"Radis O\u00dc"},"image":{"@id":"https:\/\/radis.ee\/#\/schema\/logo\/image\/"},"sameAs":["https:\/\/www.facebook.com\/radisfurniture\/"]}]}},"_links":{"self":[{"href":"https:\/\/radis.ee\/fi\/wp-json\/wp\/v2\/product\/2811","targetHints":{"allow":["GET"]}}],"collection":[{"href":"https:\/\/radis.ee\/fi\/wp-json\/wp\/v2\/product"}],"about":[{"href":"https:\/\/radis.ee\/fi\/wp-json\/wp\/v2\/types\/product"}],"replies":[{"embeddable":true,"href":"https:\/\/radis.ee\/fi\/wp-json\/wp\/v2\/comments?post=2811"}],"wp:featuredmedia":[{"embeddable":true,"href":"https:\/\/radis.ee\/fi\/wp-json\/wp\/v2\/media\/15157"}],"wp:attachment":[{"href":"https:\/\/radis.ee\/fi\/wp-json\/wp\/v2\/media?parent=2811"}],"wp:term":[{"taxonomy":"product_brand","embeddable":true,"href":"https:\/\/radis.ee\/fi\/wp-json\/wp\/v2\/product_brand?post=2811"},{"taxonomy":"product_cat","embeddable":true,"href":"https:\/\/radis.ee\/fi\/wp-json\/wp\/v2\/product_cat?post=2811"},{"taxonomy":"product_tag","embeddable":true,"href":"https:\/\/radis.ee\/fi\/wp-json\/wp\/v2\/product_tag?post=2811"}],"curies":[{"name":"wp","href":"https:\/\/api.w.org\/{rel}","templated":true}]}}