{"id":28207,"date":"2025-01-10T18:54:31","date_gmt":"2025-01-10T16:54:31","guid":{"rendered":"https:\/\/radis.ee\/?post_type=product&#038;p=28207"},"modified":"2025-01-13T10:37:54","modified_gmt":"2025-01-13T08:37:54","slug":"jakkara-twist","status":"publish","type":"product","link":"https:\/\/radis.ee\/fi\/jakkara-twist\/","title":{"rendered":"Jakkara TWIST"},"content":{"rendered":"<p>Jakkara, jossa on t\u00e4ysin uusi ja innovatiivinen kokoonpanoj\u00e4rjestelm\u00e4.<br \/>\nSe keksii yksinkertaisen jakkaran uudelleen t\u00e4ysin uudella kokoonpanotekniikalla yhdistettyn\u00e4 ripaus retromodernia tyyli\u00e4.<\/p>\n<p>Keksij\u00e4n\u00e4 ja suunnittelijana Martin Lazarev pyrkii aina sis\u00e4llytt\u00e4m\u00e4\u00e4n tuotteisiinsa alkuper\u00e4isen ratkaisun tai n\u00e4pp\u00e4r\u00e4n k\u00e4\u00e4nteen.<\/p>\n<p>Miten t\u00e4m\u00e4 TWIST-jakkara toimii?<\/p>\n<p>Hyv\u00e4 kysymys&#8230; Jakkarassa on taitavasti piilotettu \u00e4lylukko, jota et ehk\u00e4 huomaa ensi silm\u00e4yksell\u00e4.<\/p>\n<p>T\u00e4m\u00e4 moderni retrotyylinen istuin kootaan ilman muttereita, ruuveja tai ty\u00f6kaluja, ja se voidaan avata painamalla pieness\u00e4 rei\u00e4ss\u00e4 olevaa salpaa tavallisen kyn\u00e4n tylpp\u00e4ll\u00e4 p\u00e4\u00e4ll\u00e4.<\/p>\n<p>Kokoamista varten yksinkertaisesti aseta istuinlevyt jalkoihin siten, ett\u00e4 liit\u00e4nt\u00e4linja on 45 asteen kulmassa jalkalinjaan n\u00e4hden. Paina niit\u00e4 alas ja kierr\u00e4, kunnes kuulet napsahduksen.<\/p>\n<p>TWIST-jakkara on eritt\u00e4in vakaa ja todella mukava istua suuren istuinlevyn ansiosta. Valmistettu tammiviilutetusta koivuvanerista.<\/p>\n<p>Suunnittelija: Martin Lazarev<\/p>\n<p>N\u00e4et jakkarakokoonpanon <a href=\"https:\/\/radis.ee\/wp-content\/uploads\/2025\/01\/Radis_stool_TWIST_mov_01_no_audio_480_sm.mov\">t\u00e4st\u00e4 videosta.<\/a><\/p>\n","protected":false},"excerpt":{"rendered":"<p>Jakkara, jossa on t\u00e4ysin uusi ja innovatiivinen kokoonpanoj\u00e4rjestelm\u00e4. Se keksii yksinkertaisen jakkaran uudelleen t\u00e4ysin uudella kokoonpanotekniikalla yhdistettyn\u00e4 ripaus retromodernia tyyli\u00e4. Keksij\u00e4n\u00e4 ja suunnittelijana Martin Lazarev pyrkii aina sis\u00e4llytt\u00e4m\u00e4\u00e4n tuotteisiinsa alkuper\u00e4isen ratkaisun tai n\u00e4pp\u00e4r\u00e4n k\u00e4\u00e4nteen. Miten t\u00e4m\u00e4 TWIST-jakkara toimii? Hyv\u00e4 kysymys&#8230; Jakkarassa on taitavasti piilotettu \u00e4lylukko, jota et ehk\u00e4 huomaa ensi silm\u00e4yksell\u00e4. T\u00e4m\u00e4 moderni retrotyylinen istuin&#8230;<\/p>\n","protected":false},"featured_media":28280,"comment_status":"open","ping_status":"closed","template":"","meta":{"_acf_changed":false},"product_brand":[],"product_cat":[34],"product_tag":[],"class_list":{"0":"post-28207","1":"product","2":"type-product","3":"status-publish","4":"has-post-thumbnail","6":"product_cat-aksessuaarid","8":"first","9":"instock","10":"taxable","11":"shipping-taxable","12":"purchasable","13":"product-type-simple"},"acf":[],"yoast_head":"<!-- This site is optimized with the Yoast SEO plugin v27.3 - https:\/\/yoast.com\/product\/yoast-seo-wordpress\/ -->\n<title>Jakkara TWIST - Radis<\/title>\n<meta name=\"robots\" content=\"index, follow, max-snippet:-1, max-image-preview:large, max-video-preview:-1\" \/>\n<link rel=\"canonical\" href=\"https:\/\/radis.ee\/tool-twist\/\" \/>\n<meta property=\"og:locale\" content=\"fi_FI\" \/>\n<meta property=\"og:type\" content=\"article\" \/>\n<meta property=\"og:title\" content=\"Jakkara TWIST - Radis\" \/>\n<meta property=\"og:description\" content=\"Jakkara, jossa on t\u00e4ysin uusi ja innovatiivinen kokoonpanoj\u00e4rjestelm\u00e4. Se keksii yksinkertaisen jakkaran uudelleen t\u00e4ysin uudella kokoonpanotekniikalla yhdistettyn\u00e4 ripaus retromodernia tyyli\u00e4. Keksij\u00e4n\u00e4 ja suunnittelijana Martin Lazarev pyrkii aina sis\u00e4llytt\u00e4m\u00e4\u00e4n tuotteisiinsa alkuper\u00e4isen ratkaisun tai n\u00e4pp\u00e4r\u00e4n k\u00e4\u00e4nteen. Miten t\u00e4m\u00e4 TWIST-jakkara toimii? Hyv\u00e4 kysymys&#8230; Jakkarassa on taitavasti piilotettu \u00e4lylukko, jota et ehk\u00e4 huomaa ensi silm\u00e4yksell\u00e4. T\u00e4m\u00e4 moderni retrotyylinen istuin...\" \/>\n<meta property=\"og:url\" content=\"https:\/\/radis.ee\/tool-twist\/\" \/>\n<meta property=\"og:site_name\" content=\"Radis\" \/>\n<meta property=\"article:publisher\" content=\"https:\/\/www.facebook.com\/radisfurniture\/\" \/>\n<meta property=\"article:modified_time\" content=\"2025-01-13T08:37:54+00:00\" \/>\n<meta property=\"og:image\" content=\"https:\/\/radis.ee\/wp-content\/uploads\/2025\/01\/Radis_stool_TWIST_Oak_veneered_white_Background-1.jpg\" \/>\n\t<meta property=\"og:image:width\" content=\"957\" \/>\n\t<meta property=\"og:image:height\" content=\"638\" \/>\n\t<meta property=\"og:image:type\" content=\"image\/jpeg\" \/>\n<meta name=\"twitter:card\" content=\"summary_large_image\" \/>\n<meta name=\"twitter:label1\" content=\"Arvioitu lukuaika\" \/>\n\t<meta name=\"twitter:data1\" content=\"1 minuutti\" \/>\n<script type=\"application\/ld+json\" class=\"yoast-schema-graph\">{\"@context\":\"https:\\\/\\\/schema.org\",\"@graph\":[{\"@type\":\"WebPage\",\"@id\":\"https:\\\/\\\/radis.ee\\\/tool-twist\\\/\",\"url\":\"https:\\\/\\\/radis.ee\\\/tool-twist\\\/\",\"name\":\"Jakkara TWIST - Radis\",\"isPartOf\":{\"@id\":\"https:\\\/\\\/radis.ee\\\/#website\"},\"primaryImageOfPage\":{\"@id\":\"https:\\\/\\\/radis.ee\\\/tool-twist\\\/#primaryimage\"},\"image\":{\"@id\":\"https:\\\/\\\/radis.ee\\\/tool-twist\\\/#primaryimage\"},\"thumbnailUrl\":\"https:\\\/\\\/radis.ee\\\/wp-content\\\/uploads\\\/2025\\\/01\\\/Radis_stool_TWIST_Oak_veneered_white_Background-1.jpg\",\"datePublished\":\"2025-01-10T16:54:31+00:00\",\"dateModified\":\"2025-01-13T08:37:54+00:00\",\"breadcrumb\":{\"@id\":\"https:\\\/\\\/radis.ee\\\/tool-twist\\\/#breadcrumb\"},\"inLanguage\":\"fi\",\"potentialAction\":[{\"@type\":\"ReadAction\",\"target\":[\"https:\\\/\\\/radis.ee\\\/tool-twist\\\/\"]}]},{\"@type\":\"ImageObject\",\"inLanguage\":\"fi\",\"@id\":\"https:\\\/\\\/radis.ee\\\/tool-twist\\\/#primaryimage\",\"url\":\"https:\\\/\\\/radis.ee\\\/wp-content\\\/uploads\\\/2025\\\/01\\\/Radis_stool_TWIST_Oak_veneered_white_Background-1.jpg\",\"contentUrl\":\"https:\\\/\\\/radis.ee\\\/wp-content\\\/uploads\\\/2025\\\/01\\\/Radis_stool_TWIST_Oak_veneered_white_Background-1.jpg\",\"width\":957,\"height\":638,\"caption\":\"Radis Furniture stool TWIST oak veneered by Martin Lazarev\"},{\"@type\":\"BreadcrumbList\",\"@id\":\"https:\\\/\\\/radis.ee\\\/tool-twist\\\/#breadcrumb\",\"itemListElement\":[{\"@type\":\"ListItem\",\"position\":1,\"name\":\"Home\",\"item\":\"https:\\\/\\\/radis.ee\\\/\"},{\"@type\":\"ListItem\",\"position\":2,\"name\":\"Tuotteet\",\"item\":\"https:\\\/\\\/radis.ee\\\/fi\\\/tuotteet\\\/\"},{\"@type\":\"ListItem\",\"position\":3,\"name\":\"Jakkara TWIST\"}]},{\"@type\":\"WebSite\",\"@id\":\"https:\\\/\\\/radis.ee\\\/#website\",\"url\":\"https:\\\/\\\/radis.ee\\\/\",\"name\":\"Radis\",\"description\":\"Nordic design furniture, environmentally friendly and sustainable.\",\"publisher\":{\"@id\":\"https:\\\/\\\/radis.ee\\\/#organization\"},\"potentialAction\":[{\"@type\":\"SearchAction\",\"target\":{\"@type\":\"EntryPoint\",\"urlTemplate\":\"https:\\\/\\\/radis.ee\\\/?s={search_term_string}\"},\"query-input\":{\"@type\":\"PropertyValueSpecification\",\"valueRequired\":true,\"valueName\":\"search_term_string\"}}],\"inLanguage\":\"fi\"},{\"@type\":\"Organization\",\"@id\":\"https:\\\/\\\/radis.ee\\\/#organization\",\"name\":\"Radis O\u00dc\",\"url\":\"https:\\\/\\\/radis.ee\\\/\",\"logo\":{\"@type\":\"ImageObject\",\"inLanguage\":\"fi\",\"@id\":\"https:\\\/\\\/radis.ee\\\/#\\\/schema\\\/logo\\\/image\\\/\",\"url\":\"https:\\\/\\\/radis.ee\\\/wp-content\\\/uploads\\\/2020\\\/10\\\/Radis-logo.png\",\"contentUrl\":\"https:\\\/\\\/radis.ee\\\/wp-content\\\/uploads\\\/2020\\\/10\\\/Radis-logo.png\",\"width\":300,\"height\":63,\"caption\":\"Radis O\u00dc\"},\"image\":{\"@id\":\"https:\\\/\\\/radis.ee\\\/#\\\/schema\\\/logo\\\/image\\\/\"},\"sameAs\":[\"https:\\\/\\\/www.facebook.com\\\/radisfurniture\\\/\"]}]}<\/script>\n<!-- \/ Yoast SEO plugin. -->","yoast_head_json":{"title":"Jakkara TWIST - Radis","robots":{"index":"index","follow":"follow","max-snippet":"max-snippet:-1","max-image-preview":"max-image-preview:large","max-video-preview":"max-video-preview:-1"},"canonical":"https:\/\/radis.ee\/tool-twist\/","og_locale":"fi_FI","og_type":"article","og_title":"Jakkara TWIST - Radis","og_description":"Jakkara, jossa on t\u00e4ysin uusi ja innovatiivinen kokoonpanoj\u00e4rjestelm\u00e4. Se keksii yksinkertaisen jakkaran uudelleen t\u00e4ysin uudella kokoonpanotekniikalla yhdistettyn\u00e4 ripaus retromodernia tyyli\u00e4. Keksij\u00e4n\u00e4 ja suunnittelijana Martin Lazarev pyrkii aina sis\u00e4llytt\u00e4m\u00e4\u00e4n tuotteisiinsa alkuper\u00e4isen ratkaisun tai n\u00e4pp\u00e4r\u00e4n k\u00e4\u00e4nteen. Miten t\u00e4m\u00e4 TWIST-jakkara toimii? Hyv\u00e4 kysymys&#8230; Jakkarassa on taitavasti piilotettu \u00e4lylukko, jota et ehk\u00e4 huomaa ensi silm\u00e4yksell\u00e4. T\u00e4m\u00e4 moderni retrotyylinen istuin...","og_url":"https:\/\/radis.ee\/tool-twist\/","og_site_name":"Radis","article_publisher":"https:\/\/www.facebook.com\/radisfurniture\/","article_modified_time":"2025-01-13T08:37:54+00:00","og_image":[{"width":957,"height":638,"url":"https:\/\/radis.ee\/wp-content\/uploads\/2025\/01\/Radis_stool_TWIST_Oak_veneered_white_Background-1.jpg","type":"image\/jpeg"}],"twitter_card":"summary_large_image","twitter_misc":{"Arvioitu lukuaika":"1 minuutti"},"schema":{"@context":"https:\/\/schema.org","@graph":[{"@type":"WebPage","@id":"https:\/\/radis.ee\/tool-twist\/","url":"https:\/\/radis.ee\/tool-twist\/","name":"Jakkara TWIST - Radis","isPartOf":{"@id":"https:\/\/radis.ee\/#website"},"primaryImageOfPage":{"@id":"https:\/\/radis.ee\/tool-twist\/#primaryimage"},"image":{"@id":"https:\/\/radis.ee\/tool-twist\/#primaryimage"},"thumbnailUrl":"https:\/\/radis.ee\/wp-content\/uploads\/2025\/01\/Radis_stool_TWIST_Oak_veneered_white_Background-1.jpg","datePublished":"2025-01-10T16:54:31+00:00","dateModified":"2025-01-13T08:37:54+00:00","breadcrumb":{"@id":"https:\/\/radis.ee\/tool-twist\/#breadcrumb"},"inLanguage":"fi","potentialAction":[{"@type":"ReadAction","target":["https:\/\/radis.ee\/tool-twist\/"]}]},{"@type":"ImageObject","inLanguage":"fi","@id":"https:\/\/radis.ee\/tool-twist\/#primaryimage","url":"https:\/\/radis.ee\/wp-content\/uploads\/2025\/01\/Radis_stool_TWIST_Oak_veneered_white_Background-1.jpg","contentUrl":"https:\/\/radis.ee\/wp-content\/uploads\/2025\/01\/Radis_stool_TWIST_Oak_veneered_white_Background-1.jpg","width":957,"height":638,"caption":"Radis Furniture stool TWIST oak veneered by Martin Lazarev"},{"@type":"BreadcrumbList","@id":"https:\/\/radis.ee\/tool-twist\/#breadcrumb","itemListElement":[{"@type":"ListItem","position":1,"name":"Home","item":"https:\/\/radis.ee\/"},{"@type":"ListItem","position":2,"name":"Tuotteet","item":"https:\/\/radis.ee\/fi\/tuotteet\/"},{"@type":"ListItem","position":3,"name":"Jakkara TWIST"}]},{"@type":"WebSite","@id":"https:\/\/radis.ee\/#website","url":"https:\/\/radis.ee\/","name":"Radis","description":"Nordic design furniture, environmentally friendly and sustainable.","publisher":{"@id":"https:\/\/radis.ee\/#organization"},"potentialAction":[{"@type":"SearchAction","target":{"@type":"EntryPoint","urlTemplate":"https:\/\/radis.ee\/?s={search_term_string}"},"query-input":{"@type":"PropertyValueSpecification","valueRequired":true,"valueName":"search_term_string"}}],"inLanguage":"fi"},{"@type":"Organization","@id":"https:\/\/radis.ee\/#organization","name":"Radis O\u00dc","url":"https:\/\/radis.ee\/","logo":{"@type":"ImageObject","inLanguage":"fi","@id":"https:\/\/radis.ee\/#\/schema\/logo\/image\/","url":"https:\/\/radis.ee\/wp-content\/uploads\/2020\/10\/Radis-logo.png","contentUrl":"https:\/\/radis.ee\/wp-content\/uploads\/2020\/10\/Radis-logo.png","width":300,"height":63,"caption":"Radis O\u00dc"},"image":{"@id":"https:\/\/radis.ee\/#\/schema\/logo\/image\/"},"sameAs":["https:\/\/www.facebook.com\/radisfurniture\/"]}]}},"_links":{"self":[{"href":"https:\/\/radis.ee\/fi\/wp-json\/wp\/v2\/product\/28207","targetHints":{"allow":["GET"]}}],"collection":[{"href":"https:\/\/radis.ee\/fi\/wp-json\/wp\/v2\/product"}],"about":[{"href":"https:\/\/radis.ee\/fi\/wp-json\/wp\/v2\/types\/product"}],"replies":[{"embeddable":true,"href":"https:\/\/radis.ee\/fi\/wp-json\/wp\/v2\/comments?post=28207"}],"wp:featuredmedia":[{"embeddable":true,"href":"https:\/\/radis.ee\/fi\/wp-json\/wp\/v2\/media\/28280"}],"wp:attachment":[{"href":"https:\/\/radis.ee\/fi\/wp-json\/wp\/v2\/media?parent=28207"}],"wp:term":[{"taxonomy":"product_brand","embeddable":true,"href":"https:\/\/radis.ee\/fi\/wp-json\/wp\/v2\/product_brand?post=28207"},{"taxonomy":"product_cat","embeddable":true,"href":"https:\/\/radis.ee\/fi\/wp-json\/wp\/v2\/product_cat?post=28207"},{"taxonomy":"product_tag","embeddable":true,"href":"https:\/\/radis.ee\/fi\/wp-json\/wp\/v2\/product_tag?post=28207"}],"curies":[{"name":"wp","href":"https:\/\/api.w.org\/{rel}","templated":true}]}}