{"id":2825,"date":"2020-10-05T19:38:10","date_gmt":"2020-09-27T16:38:10","guid":{"rendered":"https:\/\/radis.ee\/Ei-luokiteltu\/tv-taso-muster\/"},"modified":"2024-01-31T21:42:45","modified_gmt":"2024-01-31T19:42:45","slug":"tv-taso-romb","status":"publish","type":"product","link":"https:\/\/radis.ee\/fi\/tv-taso-romb\/","title":{"rendered":"TV-taso ROMB"},"content":{"rendered":"<p>Huumaava aaltokuvio puhuttelee katsojaansa. Nelj\u00e4 ovea peitt\u00e4\u00e4 kaiken, mit\u00e4 toisten ei tarvitse n\u00e4hd\u00e4. T\u00e4ss\u00e4 tv-tasossa yhdistyv\u00e4t rajaton kauneus ja mielet\u00f6n k\u00e4yt\u00e4nn\u00f6llisyys.<\/p>\n<p>Sis\u00e4korkeus on 33 cm, joten se sopii my\u00f6s toimistoon kansioiden tai suosikkivinyylilevyjen s\u00e4ilytt\u00e4miseen. Sis\u00e4ll\u00e4 on my\u00f6s kaksi korkeuss\u00e4\u00e4dett\u00e4v\u00e4\u00e4 v\u00e4lihylly\u00e4.<\/p>\n<p>Valmistettu laadukkaasta koivuvanerista, \u00f6ljyvahatusta tai valkoisesta KoskisenHPL-vanerista, push2open ovensaranat, jotka avautuvat ja sulkeutuvat paineella. Ovien kuvio on kaiverrettu. Kellari 8 cm korkea, joka sopii erilaisiin jalkalistaan.<\/p>\n","protected":false},"excerpt":{"rendered":"<p>Huumaava aaltokuvio puhuttelee katsojaansa. Nelj\u00e4 ovea peitt\u00e4\u00e4 kaiken, mit\u00e4 toisten ei tarvitse n\u00e4hd\u00e4. T\u00e4ss\u00e4 tv-tasossa yhdistyv\u00e4t rajaton kauneus ja mielet\u00f6n k\u00e4yt\u00e4nn\u00f6llisyys. Sis\u00e4korkeus on 33 cm, joten se sopii my\u00f6s toimistoon kansioiden tai suosikkivinyylilevyjen s\u00e4ilytt\u00e4miseen. Sis\u00e4ll\u00e4 on my\u00f6s kaksi korkeuss\u00e4\u00e4dett\u00e4v\u00e4\u00e4 v\u00e4lihylly\u00e4. Valmistettu laadukkaasta koivuvanerista, \u00f6ljyvahatusta tai valkoisesta KoskisenHPL-vanerista, push2open ovensaranat, jotka avautuvat ja sulkeutuvat paineella. Ovien&#8230;<\/p>\n","protected":false},"featured_media":15336,"comment_status":"open","ping_status":"closed","template":"","meta":{"_acf_changed":false},"product_brand":[],"product_cat":[112],"product_tag":[],"class_list":{"0":"post-2825","1":"product","2":"type-product","3":"status-publish","4":"has-post-thumbnail","6":"product_cat-tv-alused","8":"first","9":"instock","10":"taxable","11":"shipping-taxable","12":"purchasable","13":"product-type-variable","14":"has-default-attributes"},"acf":[],"yoast_head":"<!-- This site is optimized with the Yoast SEO plugin v27.4 - https:\/\/yoast.com\/product\/yoast-seo-wordpress\/ -->\n<title>TV-taso ROMB - Radis<\/title>\n<meta name=\"robots\" content=\"index, follow, max-snippet:-1, max-image-preview:large, max-video-preview:-1\" \/>\n<link rel=\"canonical\" href=\"https:\/\/radis.ee\/tv-alus-romb\/\" \/>\n<meta property=\"og:locale\" content=\"fi_FI\" \/>\n<meta property=\"og:type\" content=\"article\" \/>\n<meta property=\"og:title\" content=\"TV-taso ROMB - Radis\" \/>\n<meta property=\"og:description\" content=\"Huumaava aaltokuvio puhuttelee katsojaansa. Nelj\u00e4 ovea peitt\u00e4\u00e4 kaiken, mit\u00e4 toisten ei tarvitse n\u00e4hd\u00e4. T\u00e4ss\u00e4 tv-tasossa yhdistyv\u00e4t rajaton kauneus ja mielet\u00f6n k\u00e4yt\u00e4nn\u00f6llisyys. Sis\u00e4korkeus on 33 cm, joten se sopii my\u00f6s toimistoon kansioiden tai suosikkivinyylilevyjen s\u00e4ilytt\u00e4miseen. Sis\u00e4ll\u00e4 on my\u00f6s kaksi korkeuss\u00e4\u00e4dett\u00e4v\u00e4\u00e4 v\u00e4lihylly\u00e4. Valmistettu laadukkaasta koivuvanerista, \u00f6ljyvahatusta tai valkoisesta KoskisenHPL-vanerista, push2open ovensaranat, jotka avautuvat ja sulkeutuvat paineella. Ovien...\" \/>\n<meta property=\"og:url\" content=\"https:\/\/radis.ee\/tv-alus-romb\/\" \/>\n<meta property=\"og:site_name\" content=\"Radis\" \/>\n<meta property=\"article:publisher\" content=\"https:\/\/www.facebook.com\/radisfurniture\/\" \/>\n<meta property=\"article:modified_time\" content=\"2024-01-31T19:42:45+00:00\" \/>\n<meta property=\"og:image\" content=\"https:\/\/radis.ee\/wp-content\/uploads\/2020\/10\/RADIS_TVstand_ROMB_white_CPL_plywood_5-scaled.jpg\" \/>\n\t<meta property=\"og:image:width\" content=\"2166\" \/>\n\t<meta property=\"og:image:height\" content=\"2560\" \/>\n\t<meta property=\"og:image:type\" content=\"image\/jpeg\" \/>\n<meta name=\"twitter:card\" content=\"summary_large_image\" \/>\n<script type=\"application\/ld+json\" class=\"yoast-schema-graph\">{\"@context\":\"https:\\\/\\\/schema.org\",\"@graph\":[{\"@type\":\"WebPage\",\"@id\":\"https:\\\/\\\/radis.ee\\\/tv-alus-romb\\\/\",\"url\":\"https:\\\/\\\/radis.ee\\\/tv-alus-romb\\\/\",\"name\":\"TV-taso ROMB - Radis\",\"isPartOf\":{\"@id\":\"https:\\\/\\\/radis.ee\\\/#website\"},\"primaryImageOfPage\":{\"@id\":\"https:\\\/\\\/radis.ee\\\/tv-alus-romb\\\/#primaryimage\"},\"image\":{\"@id\":\"https:\\\/\\\/radis.ee\\\/tv-alus-romb\\\/#primaryimage\"},\"thumbnailUrl\":\"https:\\\/\\\/radis.ee\\\/wp-content\\\/uploads\\\/2020\\\/10\\\/RADIS_TVstand_ROMB_white_CPL_plywood_5-scaled.jpg\",\"datePublished\":\"2020-09-27T16:38:10+00:00\",\"dateModified\":\"2024-01-31T19:42:45+00:00\",\"breadcrumb\":{\"@id\":\"https:\\\/\\\/radis.ee\\\/tv-alus-romb\\\/#breadcrumb\"},\"inLanguage\":\"fi\",\"potentialAction\":[{\"@type\":\"ReadAction\",\"target\":[\"https:\\\/\\\/radis.ee\\\/tv-alus-romb\\\/\"]}]},{\"@type\":\"ImageObject\",\"inLanguage\":\"fi\",\"@id\":\"https:\\\/\\\/radis.ee\\\/tv-alus-romb\\\/#primaryimage\",\"url\":\"https:\\\/\\\/radis.ee\\\/wp-content\\\/uploads\\\/2020\\\/10\\\/RADIS_TVstand_ROMB_white_CPL_plywood_5-scaled.jpg\",\"contentUrl\":\"https:\\\/\\\/radis.ee\\\/wp-content\\\/uploads\\\/2020\\\/10\\\/RADIS_TVstand_ROMB_white_CPL_plywood_5-scaled.jpg\",\"width\":2166,\"height\":2560,\"caption\":\"RADIS TV-stand ROMB White CPL plywood\"},{\"@type\":\"BreadcrumbList\",\"@id\":\"https:\\\/\\\/radis.ee\\\/tv-alus-romb\\\/#breadcrumb\",\"itemListElement\":[{\"@type\":\"ListItem\",\"position\":1,\"name\":\"Home\",\"item\":\"https:\\\/\\\/radis.ee\\\/\"},{\"@type\":\"ListItem\",\"position\":2,\"name\":\"Tuotteet\",\"item\":\"https:\\\/\\\/radis.ee\\\/fi\\\/tuotteet\\\/\"},{\"@type\":\"ListItem\",\"position\":3,\"name\":\"TV-taso ROMB\"}]},{\"@type\":\"WebSite\",\"@id\":\"https:\\\/\\\/radis.ee\\\/#website\",\"url\":\"https:\\\/\\\/radis.ee\\\/\",\"name\":\"Radis\",\"description\":\"Nordic design furniture, environmentally friendly and sustainable.\",\"publisher\":{\"@id\":\"https:\\\/\\\/radis.ee\\\/#organization\"},\"potentialAction\":[{\"@type\":\"SearchAction\",\"target\":{\"@type\":\"EntryPoint\",\"urlTemplate\":\"https:\\\/\\\/radis.ee\\\/?s={search_term_string}\"},\"query-input\":{\"@type\":\"PropertyValueSpecification\",\"valueRequired\":true,\"valueName\":\"search_term_string\"}}],\"inLanguage\":\"fi\"},{\"@type\":\"Organization\",\"@id\":\"https:\\\/\\\/radis.ee\\\/#organization\",\"name\":\"Radis O\u00dc\",\"url\":\"https:\\\/\\\/radis.ee\\\/\",\"logo\":{\"@type\":\"ImageObject\",\"inLanguage\":\"fi\",\"@id\":\"https:\\\/\\\/radis.ee\\\/#\\\/schema\\\/logo\\\/image\\\/\",\"url\":\"https:\\\/\\\/radis.ee\\\/wp-content\\\/uploads\\\/2020\\\/10\\\/Radis-logo.png\",\"contentUrl\":\"https:\\\/\\\/radis.ee\\\/wp-content\\\/uploads\\\/2020\\\/10\\\/Radis-logo.png\",\"width\":300,\"height\":63,\"caption\":\"Radis O\u00dc\"},\"image\":{\"@id\":\"https:\\\/\\\/radis.ee\\\/#\\\/schema\\\/logo\\\/image\\\/\"},\"sameAs\":[\"https:\\\/\\\/www.facebook.com\\\/radisfurniture\\\/\"]}]}<\/script>\n<!-- \/ Yoast SEO plugin. -->","yoast_head_json":{"title":"TV-taso ROMB - Radis","robots":{"index":"index","follow":"follow","max-snippet":"max-snippet:-1","max-image-preview":"max-image-preview:large","max-video-preview":"max-video-preview:-1"},"canonical":"https:\/\/radis.ee\/tv-alus-romb\/","og_locale":"fi_FI","og_type":"article","og_title":"TV-taso ROMB - Radis","og_description":"Huumaava aaltokuvio puhuttelee katsojaansa. Nelj\u00e4 ovea peitt\u00e4\u00e4 kaiken, mit\u00e4 toisten ei tarvitse n\u00e4hd\u00e4. T\u00e4ss\u00e4 tv-tasossa yhdistyv\u00e4t rajaton kauneus ja mielet\u00f6n k\u00e4yt\u00e4nn\u00f6llisyys. Sis\u00e4korkeus on 33 cm, joten se sopii my\u00f6s toimistoon kansioiden tai suosikkivinyylilevyjen s\u00e4ilytt\u00e4miseen. Sis\u00e4ll\u00e4 on my\u00f6s kaksi korkeuss\u00e4\u00e4dett\u00e4v\u00e4\u00e4 v\u00e4lihylly\u00e4. Valmistettu laadukkaasta koivuvanerista, \u00f6ljyvahatusta tai valkoisesta KoskisenHPL-vanerista, push2open ovensaranat, jotka avautuvat ja sulkeutuvat paineella. Ovien...","og_url":"https:\/\/radis.ee\/tv-alus-romb\/","og_site_name":"Radis","article_publisher":"https:\/\/www.facebook.com\/radisfurniture\/","article_modified_time":"2024-01-31T19:42:45+00:00","og_image":[{"width":2166,"height":2560,"url":"https:\/\/radis.ee\/wp-content\/uploads\/2020\/10\/RADIS_TVstand_ROMB_white_CPL_plywood_5-scaled.jpg","type":"image\/jpeg"}],"twitter_card":"summary_large_image","schema":{"@context":"https:\/\/schema.org","@graph":[{"@type":"WebPage","@id":"https:\/\/radis.ee\/tv-alus-romb\/","url":"https:\/\/radis.ee\/tv-alus-romb\/","name":"TV-taso ROMB - Radis","isPartOf":{"@id":"https:\/\/radis.ee\/#website"},"primaryImageOfPage":{"@id":"https:\/\/radis.ee\/tv-alus-romb\/#primaryimage"},"image":{"@id":"https:\/\/radis.ee\/tv-alus-romb\/#primaryimage"},"thumbnailUrl":"https:\/\/radis.ee\/wp-content\/uploads\/2020\/10\/RADIS_TVstand_ROMB_white_CPL_plywood_5-scaled.jpg","datePublished":"2020-09-27T16:38:10+00:00","dateModified":"2024-01-31T19:42:45+00:00","breadcrumb":{"@id":"https:\/\/radis.ee\/tv-alus-romb\/#breadcrumb"},"inLanguage":"fi","potentialAction":[{"@type":"ReadAction","target":["https:\/\/radis.ee\/tv-alus-romb\/"]}]},{"@type":"ImageObject","inLanguage":"fi","@id":"https:\/\/radis.ee\/tv-alus-romb\/#primaryimage","url":"https:\/\/radis.ee\/wp-content\/uploads\/2020\/10\/RADIS_TVstand_ROMB_white_CPL_plywood_5-scaled.jpg","contentUrl":"https:\/\/radis.ee\/wp-content\/uploads\/2020\/10\/RADIS_TVstand_ROMB_white_CPL_plywood_5-scaled.jpg","width":2166,"height":2560,"caption":"RADIS TV-stand ROMB White CPL plywood"},{"@type":"BreadcrumbList","@id":"https:\/\/radis.ee\/tv-alus-romb\/#breadcrumb","itemListElement":[{"@type":"ListItem","position":1,"name":"Home","item":"https:\/\/radis.ee\/"},{"@type":"ListItem","position":2,"name":"Tuotteet","item":"https:\/\/radis.ee\/fi\/tuotteet\/"},{"@type":"ListItem","position":3,"name":"TV-taso ROMB"}]},{"@type":"WebSite","@id":"https:\/\/radis.ee\/#website","url":"https:\/\/radis.ee\/","name":"Radis","description":"Nordic design furniture, environmentally friendly and sustainable.","publisher":{"@id":"https:\/\/radis.ee\/#organization"},"potentialAction":[{"@type":"SearchAction","target":{"@type":"EntryPoint","urlTemplate":"https:\/\/radis.ee\/?s={search_term_string}"},"query-input":{"@type":"PropertyValueSpecification","valueRequired":true,"valueName":"search_term_string"}}],"inLanguage":"fi"},{"@type":"Organization","@id":"https:\/\/radis.ee\/#organization","name":"Radis O\u00dc","url":"https:\/\/radis.ee\/","logo":{"@type":"ImageObject","inLanguage":"fi","@id":"https:\/\/radis.ee\/#\/schema\/logo\/image\/","url":"https:\/\/radis.ee\/wp-content\/uploads\/2020\/10\/Radis-logo.png","contentUrl":"https:\/\/radis.ee\/wp-content\/uploads\/2020\/10\/Radis-logo.png","width":300,"height":63,"caption":"Radis O\u00dc"},"image":{"@id":"https:\/\/radis.ee\/#\/schema\/logo\/image\/"},"sameAs":["https:\/\/www.facebook.com\/radisfurniture\/"]}]}},"_links":{"self":[{"href":"https:\/\/radis.ee\/fi\/wp-json\/wp\/v2\/product\/2825","targetHints":{"allow":["GET"]}}],"collection":[{"href":"https:\/\/radis.ee\/fi\/wp-json\/wp\/v2\/product"}],"about":[{"href":"https:\/\/radis.ee\/fi\/wp-json\/wp\/v2\/types\/product"}],"replies":[{"embeddable":true,"href":"https:\/\/radis.ee\/fi\/wp-json\/wp\/v2\/comments?post=2825"}],"wp:featuredmedia":[{"embeddable":true,"href":"https:\/\/radis.ee\/fi\/wp-json\/wp\/v2\/media\/15336"}],"wp:attachment":[{"href":"https:\/\/radis.ee\/fi\/wp-json\/wp\/v2\/media?parent=2825"}],"wp:term":[{"taxonomy":"product_brand","embeddable":true,"href":"https:\/\/radis.ee\/fi\/wp-json\/wp\/v2\/product_brand?post=2825"},{"taxonomy":"product_cat","embeddable":true,"href":"https:\/\/radis.ee\/fi\/wp-json\/wp\/v2\/product_cat?post=2825"},{"taxonomy":"product_tag","embeddable":true,"href":"https:\/\/radis.ee\/fi\/wp-json\/wp\/v2\/product_tag?post=2825"}],"curies":[{"name":"wp","href":"https:\/\/api.w.org\/{rel}","templated":true}]}}