{"id":2829,"date":"2022-08-23T11:11:20","date_gmt":"2022-08-23T08:11:20","guid":{"rendered":"https:\/\/radis.ee\/Ei-luokiteltu\/kirjoituspoyta-huh\/"},"modified":"2020-11-04T14:05:40","modified_gmt":"2020-11-04T12:05:40","slug":"kirjoituspoyta-huh","status":"publish","type":"product","link":"https:\/\/radis.ee\/fi\/kirjoituspoyta-huh\/","title":{"rendered":"Kirjoitusp\u00f6yt\u00e4 HUH"},"content":{"rendered":"<p>N\u00e4in tyylikk\u00e4\u00e4n p\u00f6yd\u00e4n takana kyn\u00e4 alkaa juosta paperilla. Keskimm\u00e4isess\u00e4 hyllyss\u00e4 on paikka kynille ja sivulaatikoissa voi s\u00e4ilytt\u00e4\u00e4 t\u00e4rkeit\u00e4 papereita. Huom.! T\u00e4m\u00e4n p\u00f6yd\u00e4n takana sormet lent\u00e4v\u00e4t my\u00f6s n\u00e4pp\u00e4imist\u00f6ll\u00e4.<\/p>\n<p>Valmistettu \u00f6ljyvahatusta koivuvanerista, \u00f6ljyvahattu. Hitaasti sulkeutuvat laatikkokiskot. Molempien laatikoiden sis\u00e4mitat ovat 24 \u00d7 43 cm, sis\u00e4korkeus 7 cm. Keskihyllyn leveys 52 cm. P\u00f6yt\u00e4 on jo koottu, sinun tarvitsee vain ruuvata jalkasi kotona.<\/p>\n<p>HUH-mallisto oli Viron design-palkintoon Bruno 2014 2. palkintokierroksen ehdokas.<\/p>\n","protected":false},"excerpt":{"rendered":"<p>N\u00e4in tyylikk\u00e4\u00e4n p\u00f6yd\u00e4n takana kyn\u00e4 alkaa juosta paperilla. Keskimm\u00e4isess\u00e4 hyllyss\u00e4 on paikka kynille ja sivulaatikoissa voi s\u00e4ilytt\u00e4\u00e4 t\u00e4rkeit\u00e4 papereita. Huom.! T\u00e4m\u00e4n p\u00f6yd\u00e4n takana sormet lent\u00e4v\u00e4t my\u00f6s n\u00e4pp\u00e4imist\u00f6ll\u00e4. Valmistettu \u00f6ljyvahatusta koivuvanerista, \u00f6ljyvahattu. Hitaasti sulkeutuvat laatikkokiskot. Molempien laatikoiden sis\u00e4mitat ovat 24 \u00d7 43 cm, sis\u00e4korkeus 7 cm. Keskihyllyn leveys 52 cm. P\u00f6yt\u00e4 on jo koottu, sinun tarvitsee&#8230;<\/p>\n","protected":false},"featured_media":2198,"comment_status":"open","ping_status":"closed","template":"","meta":{"_acf_changed":false},"product_brand":[],"product_cat":[111],"product_tag":[],"class_list":{"0":"post-2829","1":"product","2":"type-product","3":"status-publish","4":"has-post-thumbnail","6":"product_cat-lauad","8":"first","9":"instock","10":"taxable","11":"shipping-taxable","12":"purchasable","13":"product-type-variable","14":"has-default-attributes"},"acf":[],"yoast_head":"<!-- This site is optimized with the Yoast SEO plugin v27.3 - https:\/\/yoast.com\/product\/yoast-seo-wordpress\/ -->\n<title>Kirjoitusp\u00f6yt\u00e4 HUH - Radis<\/title>\n<meta name=\"robots\" content=\"index, follow, max-snippet:-1, max-image-preview:large, max-video-preview:-1\" \/>\n<link rel=\"canonical\" href=\"https:\/\/radis.ee\/fi\/kirjoituspoyta-huh\/\" \/>\n<meta property=\"og:locale\" content=\"fi_FI\" \/>\n<meta property=\"og:type\" content=\"article\" \/>\n<meta property=\"og:title\" content=\"Kirjoitusp\u00f6yt\u00e4 HUH - Radis\" \/>\n<meta property=\"og:description\" content=\"N\u00e4in tyylikk\u00e4\u00e4n p\u00f6yd\u00e4n takana kyn\u00e4 alkaa juosta paperilla. Keskimm\u00e4isess\u00e4 hyllyss\u00e4 on paikka kynille ja sivulaatikoissa voi s\u00e4ilytt\u00e4\u00e4 t\u00e4rkeit\u00e4 papereita. Huom.! T\u00e4m\u00e4n p\u00f6yd\u00e4n takana sormet lent\u00e4v\u00e4t my\u00f6s n\u00e4pp\u00e4imist\u00f6ll\u00e4. Valmistettu \u00f6ljyvahatusta koivuvanerista, \u00f6ljyvahattu. Hitaasti sulkeutuvat laatikkokiskot. Molempien laatikoiden sis\u00e4mitat ovat 24 \u00d7 43 cm, sis\u00e4korkeus 7 cm. Keskihyllyn leveys 52 cm. P\u00f6yt\u00e4 on jo koottu, sinun tarvitsee...\" \/>\n<meta property=\"og:url\" content=\"https:\/\/radis.ee\/fi\/kirjoituspoyta-huh\/\" \/>\n<meta property=\"og:site_name\" content=\"Radis\" \/>\n<meta property=\"article:publisher\" content=\"https:\/\/www.facebook.com\/radisfurniture\/\" \/>\n<meta property=\"og:image\" content=\"https:\/\/radis.ee\/wp-content\/uploads\/2020\/09\/RA0324-Radis-desk-HUH-pebble-grey-legs-white-oilwaxed-scaled.jpg\" \/>\n\t<meta property=\"og:image:width\" content=\"3580\" \/>\n\t<meta property=\"og:image:height\" content=\"3580\" \/>\n\t<meta property=\"og:image:type\" content=\"image\/jpeg\" \/>\n<meta name=\"twitter:card\" content=\"summary_large_image\" \/>\n<script type=\"application\/ld+json\" class=\"yoast-schema-graph\">{\"@context\":\"https:\\\/\\\/schema.org\",\"@graph\":[{\"@type\":\"WebPage\",\"@id\":\"https:\\\/\\\/radis.ee\\\/fi\\\/kirjoituspoyta-huh\\\/\",\"url\":\"https:\\\/\\\/radis.ee\\\/fi\\\/kirjoituspoyta-huh\\\/\",\"name\":\"Kirjoitusp\u00f6yt\u00e4 HUH - Radis\",\"isPartOf\":{\"@id\":\"https:\\\/\\\/radis.ee\\\/#website\"},\"primaryImageOfPage\":{\"@id\":\"https:\\\/\\\/radis.ee\\\/fi\\\/kirjoituspoyta-huh\\\/#primaryimage\"},\"image\":{\"@id\":\"https:\\\/\\\/radis.ee\\\/fi\\\/kirjoituspoyta-huh\\\/#primaryimage\"},\"thumbnailUrl\":\"https:\\\/\\\/radis.ee\\\/wp-content\\\/uploads\\\/2020\\\/09\\\/RA0324-Radis-desk-HUH-pebble-grey-legs-white-oilwaxed-scaled.jpg\",\"datePublished\":\"2022-08-23T08:11:20+00:00\",\"breadcrumb\":{\"@id\":\"https:\\\/\\\/radis.ee\\\/fi\\\/kirjoituspoyta-huh\\\/#breadcrumb\"},\"inLanguage\":\"fi\",\"potentialAction\":[{\"@type\":\"ReadAction\",\"target\":[\"https:\\\/\\\/radis.ee\\\/fi\\\/kirjoituspoyta-huh\\\/\"]}]},{\"@type\":\"ImageObject\",\"inLanguage\":\"fi\",\"@id\":\"https:\\\/\\\/radis.ee\\\/fi\\\/kirjoituspoyta-huh\\\/#primaryimage\",\"url\":\"https:\\\/\\\/radis.ee\\\/wp-content\\\/uploads\\\/2020\\\/09\\\/RA0324-Radis-desk-HUH-pebble-grey-legs-white-oilwaxed-scaled.jpg\",\"contentUrl\":\"https:\\\/\\\/radis.ee\\\/wp-content\\\/uploads\\\/2020\\\/09\\\/RA0324-Radis-desk-HUH-pebble-grey-legs-white-oilwaxed-scaled.jpg\",\"width\":3580,\"height\":3580,\"caption\":\"DESK HUH\"},{\"@type\":\"BreadcrumbList\",\"@id\":\"https:\\\/\\\/radis.ee\\\/fi\\\/kirjoituspoyta-huh\\\/#breadcrumb\",\"itemListElement\":[{\"@type\":\"ListItem\",\"position\":1,\"name\":\"Home\",\"item\":\"https:\\\/\\\/radis.ee\\\/\"},{\"@type\":\"ListItem\",\"position\":2,\"name\":\"Tuotteet\",\"item\":\"https:\\\/\\\/radis.ee\\\/fi\\\/tuotteet\\\/\"},{\"@type\":\"ListItem\",\"position\":3,\"name\":\"Kirjoitusp\u00f6yt\u00e4 HUH\"}]},{\"@type\":\"WebSite\",\"@id\":\"https:\\\/\\\/radis.ee\\\/#website\",\"url\":\"https:\\\/\\\/radis.ee\\\/\",\"name\":\"Radis\",\"description\":\"Nordic design furniture, environmentally friendly and sustainable.\",\"publisher\":{\"@id\":\"https:\\\/\\\/radis.ee\\\/#organization\"},\"potentialAction\":[{\"@type\":\"SearchAction\",\"target\":{\"@type\":\"EntryPoint\",\"urlTemplate\":\"https:\\\/\\\/radis.ee\\\/?s={search_term_string}\"},\"query-input\":{\"@type\":\"PropertyValueSpecification\",\"valueRequired\":true,\"valueName\":\"search_term_string\"}}],\"inLanguage\":\"fi\"},{\"@type\":\"Organization\",\"@id\":\"https:\\\/\\\/radis.ee\\\/#organization\",\"name\":\"Radis O\u00dc\",\"url\":\"https:\\\/\\\/radis.ee\\\/\",\"logo\":{\"@type\":\"ImageObject\",\"inLanguage\":\"fi\",\"@id\":\"https:\\\/\\\/radis.ee\\\/#\\\/schema\\\/logo\\\/image\\\/\",\"url\":\"https:\\\/\\\/radis.ee\\\/wp-content\\\/uploads\\\/2020\\\/10\\\/Radis-logo.png\",\"contentUrl\":\"https:\\\/\\\/radis.ee\\\/wp-content\\\/uploads\\\/2020\\\/10\\\/Radis-logo.png\",\"width\":300,\"height\":63,\"caption\":\"Radis O\u00dc\"},\"image\":{\"@id\":\"https:\\\/\\\/radis.ee\\\/#\\\/schema\\\/logo\\\/image\\\/\"},\"sameAs\":[\"https:\\\/\\\/www.facebook.com\\\/radisfurniture\\\/\"]}]}<\/script>\n<!-- \/ Yoast SEO plugin. -->","yoast_head_json":{"title":"Kirjoitusp\u00f6yt\u00e4 HUH - Radis","robots":{"index":"index","follow":"follow","max-snippet":"max-snippet:-1","max-image-preview":"max-image-preview:large","max-video-preview":"max-video-preview:-1"},"canonical":"https:\/\/radis.ee\/fi\/kirjoituspoyta-huh\/","og_locale":"fi_FI","og_type":"article","og_title":"Kirjoitusp\u00f6yt\u00e4 HUH - Radis","og_description":"N\u00e4in tyylikk\u00e4\u00e4n p\u00f6yd\u00e4n takana kyn\u00e4 alkaa juosta paperilla. Keskimm\u00e4isess\u00e4 hyllyss\u00e4 on paikka kynille ja sivulaatikoissa voi s\u00e4ilytt\u00e4\u00e4 t\u00e4rkeit\u00e4 papereita. Huom.! T\u00e4m\u00e4n p\u00f6yd\u00e4n takana sormet lent\u00e4v\u00e4t my\u00f6s n\u00e4pp\u00e4imist\u00f6ll\u00e4. Valmistettu \u00f6ljyvahatusta koivuvanerista, \u00f6ljyvahattu. Hitaasti sulkeutuvat laatikkokiskot. Molempien laatikoiden sis\u00e4mitat ovat 24 \u00d7 43 cm, sis\u00e4korkeus 7 cm. Keskihyllyn leveys 52 cm. P\u00f6yt\u00e4 on jo koottu, sinun tarvitsee...","og_url":"https:\/\/radis.ee\/fi\/kirjoituspoyta-huh\/","og_site_name":"Radis","article_publisher":"https:\/\/www.facebook.com\/radisfurniture\/","og_image":[{"width":3580,"height":3580,"url":"https:\/\/radis.ee\/wp-content\/uploads\/2020\/09\/RA0324-Radis-desk-HUH-pebble-grey-legs-white-oilwaxed-scaled.jpg","type":"image\/jpeg"}],"twitter_card":"summary_large_image","schema":{"@context":"https:\/\/schema.org","@graph":[{"@type":"WebPage","@id":"https:\/\/radis.ee\/fi\/kirjoituspoyta-huh\/","url":"https:\/\/radis.ee\/fi\/kirjoituspoyta-huh\/","name":"Kirjoitusp\u00f6yt\u00e4 HUH - Radis","isPartOf":{"@id":"https:\/\/radis.ee\/#website"},"primaryImageOfPage":{"@id":"https:\/\/radis.ee\/fi\/kirjoituspoyta-huh\/#primaryimage"},"image":{"@id":"https:\/\/radis.ee\/fi\/kirjoituspoyta-huh\/#primaryimage"},"thumbnailUrl":"https:\/\/radis.ee\/wp-content\/uploads\/2020\/09\/RA0324-Radis-desk-HUH-pebble-grey-legs-white-oilwaxed-scaled.jpg","datePublished":"2022-08-23T08:11:20+00:00","breadcrumb":{"@id":"https:\/\/radis.ee\/fi\/kirjoituspoyta-huh\/#breadcrumb"},"inLanguage":"fi","potentialAction":[{"@type":"ReadAction","target":["https:\/\/radis.ee\/fi\/kirjoituspoyta-huh\/"]}]},{"@type":"ImageObject","inLanguage":"fi","@id":"https:\/\/radis.ee\/fi\/kirjoituspoyta-huh\/#primaryimage","url":"https:\/\/radis.ee\/wp-content\/uploads\/2020\/09\/RA0324-Radis-desk-HUH-pebble-grey-legs-white-oilwaxed-scaled.jpg","contentUrl":"https:\/\/radis.ee\/wp-content\/uploads\/2020\/09\/RA0324-Radis-desk-HUH-pebble-grey-legs-white-oilwaxed-scaled.jpg","width":3580,"height":3580,"caption":"DESK HUH"},{"@type":"BreadcrumbList","@id":"https:\/\/radis.ee\/fi\/kirjoituspoyta-huh\/#breadcrumb","itemListElement":[{"@type":"ListItem","position":1,"name":"Home","item":"https:\/\/radis.ee\/"},{"@type":"ListItem","position":2,"name":"Tuotteet","item":"https:\/\/radis.ee\/fi\/tuotteet\/"},{"@type":"ListItem","position":3,"name":"Kirjoitusp\u00f6yt\u00e4 HUH"}]},{"@type":"WebSite","@id":"https:\/\/radis.ee\/#website","url":"https:\/\/radis.ee\/","name":"Radis","description":"Nordic design furniture, environmentally friendly and sustainable.","publisher":{"@id":"https:\/\/radis.ee\/#organization"},"potentialAction":[{"@type":"SearchAction","target":{"@type":"EntryPoint","urlTemplate":"https:\/\/radis.ee\/?s={search_term_string}"},"query-input":{"@type":"PropertyValueSpecification","valueRequired":true,"valueName":"search_term_string"}}],"inLanguage":"fi"},{"@type":"Organization","@id":"https:\/\/radis.ee\/#organization","name":"Radis O\u00dc","url":"https:\/\/radis.ee\/","logo":{"@type":"ImageObject","inLanguage":"fi","@id":"https:\/\/radis.ee\/#\/schema\/logo\/image\/","url":"https:\/\/radis.ee\/wp-content\/uploads\/2020\/10\/Radis-logo.png","contentUrl":"https:\/\/radis.ee\/wp-content\/uploads\/2020\/10\/Radis-logo.png","width":300,"height":63,"caption":"Radis O\u00dc"},"image":{"@id":"https:\/\/radis.ee\/#\/schema\/logo\/image\/"},"sameAs":["https:\/\/www.facebook.com\/radisfurniture\/"]}]}},"_links":{"self":[{"href":"https:\/\/radis.ee\/fi\/wp-json\/wp\/v2\/product\/2829","targetHints":{"allow":["GET"]}}],"collection":[{"href":"https:\/\/radis.ee\/fi\/wp-json\/wp\/v2\/product"}],"about":[{"href":"https:\/\/radis.ee\/fi\/wp-json\/wp\/v2\/types\/product"}],"replies":[{"embeddable":true,"href":"https:\/\/radis.ee\/fi\/wp-json\/wp\/v2\/comments?post=2829"}],"wp:featuredmedia":[{"embeddable":true,"href":"https:\/\/radis.ee\/fi\/wp-json\/wp\/v2\/media\/2198"}],"wp:attachment":[{"href":"https:\/\/radis.ee\/fi\/wp-json\/wp\/v2\/media?parent=2829"}],"wp:term":[{"taxonomy":"product_brand","embeddable":true,"href":"https:\/\/radis.ee\/fi\/wp-json\/wp\/v2\/product_brand?post=2829"},{"taxonomy":"product_cat","embeddable":true,"href":"https:\/\/radis.ee\/fi\/wp-json\/wp\/v2\/product_cat?post=2829"},{"taxonomy":"product_tag","embeddable":true,"href":"https:\/\/radis.ee\/fi\/wp-json\/wp\/v2\/product_tag?post=2829"}],"curies":[{"name":"wp","href":"https:\/\/api.w.org\/{rel}","templated":true}]}}