{"id":28451,"date":"2025-01-31T15:10:32","date_gmt":"2025-01-31T13:10:32","guid":{"rendered":"https:\/\/radis.ee\/?post_type=product&#038;p=28451"},"modified":"2025-01-31T16:11:02","modified_gmt":"2025-01-31T14:11:02","slug":"lepotuoli-hyllylla-ruhe","status":"publish","type":"product","link":"https:\/\/radis.ee\/fi\/lepotuoli-hyllylla-ruhe\/","title":{"rendered":"Lepotuoli hyllyll\u00e4 RUHE"},"content":{"rendered":"<p>Koe puhdasta rentoutumista RUHE-lepotuolilla, jossa minimalistinen muotoilu yhdistyy toiminnalliseen eleganssiin. Korkealaatuisesta pohjoismaisesta luonnonvanerista valmistettu ja korkealuokkaisella huonekalulinoleumilla p\u00e4\u00e4llystetty RUHE tarjoaa tyylikk\u00e4\u00e4n mutta l\u00e4mpim\u00e4n estetiikan, joka sopii saumattomasti mihin tahansa moderniin sisustukseen.<\/p>\n<p>\u00c4\u00e4rimm\u00e4ist\u00e4 mukavuutta varten suunniteltu sen ergonominen muoto tarjoaa t\u00e4ydellisen makuuasennon rentoutumiseen kirjan parissa, meditoimiseen tai vain hetken hiljaisuuden nauttimiseen.<\/p>\n<p>Irrotettavan niskatuen avulla voit s\u00e4\u00e4t\u00e4\u00e4 tukea haluamallasi tavalla, mik\u00e4 takaa yksil\u00f6llisen rentoutumisen. Katsoitpa televisiota, ty\u00f6skentelet kannettavan tietokoneen parissa tai vain pid\u00e4t tauon, RUHE mukautuu vaivattomasti el\u00e4m\u00e4ntyyliisi.<\/p>\n<p>Integroidut hyllyt selk\u00e4nojassa ja istuimen alla antavat sinun pit\u00e4\u00e4 suosikkikirjasi ja -lehtesi k\u00e4den ulottuvilla, mik\u00e4 tekee RUHEsta enemm\u00e4n kuin pelk\u00e4n tuolin \u2013 se on pyh\u00e4kk\u00f6.<\/p>\n<p>Skandinaavisen k\u00e4sity\u00f6n inspiroima ja kest\u00e4v\u00e4\u00e4 kehityst\u00e4 ajatellen suunniteltu RUHE ilment\u00e4\u00e4 harmoniaa luonnon, muodon ja toiminnan v\u00e4lill\u00e4. Valmistettu koivuvanerista, my\u00f6s tammiviilutettu, \u00f6ljyvahattu. Istuinosa on p\u00e4\u00e4llystetty Forbo-huonekalulinoleumilla Nero mustalla.<\/p>\n<p>Hengit\u00e4 syv\u00e4\u00e4n. Istu alas. Etsi oma Ruhe.<\/p>\n","protected":false},"excerpt":{"rendered":"<p>Koe puhdasta rentoutumista RUHE-lepotuolilla, jossa minimalistinen muotoilu yhdistyy toiminnalliseen eleganssiin. Korkealaatuisesta pohjoismaisesta luonnonvanerista valmistettu ja korkealuokkaisella huonekalulinoleumilla p\u00e4\u00e4llystetty RUHE tarjoaa tyylikk\u00e4\u00e4n mutta l\u00e4mpim\u00e4n estetiikan, joka sopii saumattomasti mihin tahansa moderniin sisustukseen. \u00c4\u00e4rimm\u00e4ist\u00e4 mukavuutta varten suunniteltu sen ergonominen muoto tarjoaa t\u00e4ydellisen makuuasennon rentoutumiseen kirjan parissa, meditoimiseen tai vain hetken hiljaisuuden nauttimiseen. Irrotettavan niskatuen avulla voit s\u00e4\u00e4t\u00e4\u00e4&#8230;<\/p>\n","protected":false},"featured_media":28781,"comment_status":"open","ping_status":"closed","template":"","meta":{"_acf_changed":false},"product_brand":[],"product_cat":[34],"product_tag":[],"class_list":{"0":"post-28451","1":"product","2":"type-product","3":"status-publish","4":"has-post-thumbnail","6":"product_cat-aksessuaarid","8":"first","9":"instock","10":"taxable","11":"shipping-taxable","12":"purchasable","13":"product-type-variable","14":"has-default-attributes"},"acf":[],"yoast_head":"<!-- This site is optimized with the Yoast SEO plugin v27.3 - https:\/\/yoast.com\/product\/yoast-seo-wordpress\/ -->\n<title>Lepotuoli hyllyll\u00e4 RUHE - Radis<\/title>\n<meta name=\"robots\" content=\"index, follow, max-snippet:-1, max-image-preview:large, max-video-preview:-1\" \/>\n<link rel=\"canonical\" href=\"https:\/\/radis.ee\/fi\/lepotuoli-hyllylla-ruhe\/\" \/>\n<meta property=\"og:locale\" content=\"fi_FI\" \/>\n<meta property=\"og:type\" content=\"article\" \/>\n<meta property=\"og:title\" content=\"Lepotuoli hyllyll\u00e4 RUHE - Radis\" \/>\n<meta property=\"og:description\" content=\"Koe puhdasta rentoutumista RUHE-lepotuolilla, jossa minimalistinen muotoilu yhdistyy toiminnalliseen eleganssiin. Korkealaatuisesta pohjoismaisesta luonnonvanerista valmistettu ja korkealuokkaisella huonekalulinoleumilla p\u00e4\u00e4llystetty RUHE tarjoaa tyylikk\u00e4\u00e4n mutta l\u00e4mpim\u00e4n estetiikan, joka sopii saumattomasti mihin tahansa moderniin sisustukseen. \u00c4\u00e4rimm\u00e4ist\u00e4 mukavuutta varten suunniteltu sen ergonominen muoto tarjoaa t\u00e4ydellisen makuuasennon rentoutumiseen kirjan parissa, meditoimiseen tai vain hetken hiljaisuuden nauttimiseen. Irrotettavan niskatuen avulla voit s\u00e4\u00e4t\u00e4\u00e4...\" \/>\n<meta property=\"og:url\" content=\"https:\/\/radis.ee\/fi\/lepotuoli-hyllylla-ruhe\/\" \/>\n<meta property=\"og:site_name\" content=\"Radis\" \/>\n<meta property=\"article:publisher\" content=\"https:\/\/www.facebook.com\/radisfurniture\/\" \/>\n<meta property=\"article:modified_time\" content=\"2025-01-31T14:11:02+00:00\" \/>\n<meta property=\"og:image\" content=\"https:\/\/radis.ee\/wp-content\/uploads\/2025\/01\/Radis_lounge_chair_with_shelf_RUHE_natural_plywood_7_white_background.jpg\" \/>\n\t<meta property=\"og:image:width\" content=\"667\" \/>\n\t<meta property=\"og:image:height\" content=\"794\" \/>\n\t<meta property=\"og:image:type\" content=\"image\/jpeg\" \/>\n<meta name=\"twitter:card\" content=\"summary_large_image\" \/>\n<meta name=\"twitter:label1\" content=\"Arvioitu lukuaika\" \/>\n\t<meta name=\"twitter:data1\" content=\"1 minuutti\" \/>\n<script type=\"application\/ld+json\" class=\"yoast-schema-graph\">{\"@context\":\"https:\\\/\\\/schema.org\",\"@graph\":[{\"@type\":\"WebPage\",\"@id\":\"https:\\\/\\\/radis.ee\\\/fi\\\/lepotuoli-hyllylla-ruhe\\\/\",\"url\":\"https:\\\/\\\/radis.ee\\\/fi\\\/lepotuoli-hyllylla-ruhe\\\/\",\"name\":\"Lepotuoli hyllyll\u00e4 RUHE - Radis\",\"isPartOf\":{\"@id\":\"https:\\\/\\\/radis.ee\\\/#website\"},\"primaryImageOfPage\":{\"@id\":\"https:\\\/\\\/radis.ee\\\/fi\\\/lepotuoli-hyllylla-ruhe\\\/#primaryimage\"},\"image\":{\"@id\":\"https:\\\/\\\/radis.ee\\\/fi\\\/lepotuoli-hyllylla-ruhe\\\/#primaryimage\"},\"thumbnailUrl\":\"https:\\\/\\\/radis.ee\\\/wp-content\\\/uploads\\\/2025\\\/01\\\/Radis_lounge_chair_with_shelf_RUHE_natural_plywood_7_white_background.jpg\",\"datePublished\":\"2025-01-31T13:10:32+00:00\",\"dateModified\":\"2025-01-31T14:11:02+00:00\",\"breadcrumb\":{\"@id\":\"https:\\\/\\\/radis.ee\\\/fi\\\/lepotuoli-hyllylla-ruhe\\\/#breadcrumb\"},\"inLanguage\":\"fi\",\"potentialAction\":[{\"@type\":\"ReadAction\",\"target\":[\"https:\\\/\\\/radis.ee\\\/fi\\\/lepotuoli-hyllylla-ruhe\\\/\"]}]},{\"@type\":\"ImageObject\",\"inLanguage\":\"fi\",\"@id\":\"https:\\\/\\\/radis.ee\\\/fi\\\/lepotuoli-hyllylla-ruhe\\\/#primaryimage\",\"url\":\"https:\\\/\\\/radis.ee\\\/wp-content\\\/uploads\\\/2025\\\/01\\\/Radis_lounge_chair_with_shelf_RUHE_natural_plywood_7_white_background.jpg\",\"contentUrl\":\"https:\\\/\\\/radis.ee\\\/wp-content\\\/uploads\\\/2025\\\/01\\\/Radis_lounge_chair_with_shelf_RUHE_natural_plywood_7_white_background.jpg\",\"width\":667,\"height\":794,\"caption\":\"Radis lounge chair RUHE natural plywood black Nero Forbo linoleum\"},{\"@type\":\"BreadcrumbList\",\"@id\":\"https:\\\/\\\/radis.ee\\\/fi\\\/lepotuoli-hyllylla-ruhe\\\/#breadcrumb\",\"itemListElement\":[{\"@type\":\"ListItem\",\"position\":1,\"name\":\"Home\",\"item\":\"https:\\\/\\\/radis.ee\\\/\"},{\"@type\":\"ListItem\",\"position\":2,\"name\":\"Tuotteet\",\"item\":\"https:\\\/\\\/radis.ee\\\/fi\\\/tuotteet\\\/\"},{\"@type\":\"ListItem\",\"position\":3,\"name\":\"Lepotuoli hyllyll\u00e4 RUHE\"}]},{\"@type\":\"WebSite\",\"@id\":\"https:\\\/\\\/radis.ee\\\/#website\",\"url\":\"https:\\\/\\\/radis.ee\\\/\",\"name\":\"Radis\",\"description\":\"Nordic design furniture, environmentally friendly and sustainable.\",\"publisher\":{\"@id\":\"https:\\\/\\\/radis.ee\\\/#organization\"},\"potentialAction\":[{\"@type\":\"SearchAction\",\"target\":{\"@type\":\"EntryPoint\",\"urlTemplate\":\"https:\\\/\\\/radis.ee\\\/?s={search_term_string}\"},\"query-input\":{\"@type\":\"PropertyValueSpecification\",\"valueRequired\":true,\"valueName\":\"search_term_string\"}}],\"inLanguage\":\"fi\"},{\"@type\":\"Organization\",\"@id\":\"https:\\\/\\\/radis.ee\\\/#organization\",\"name\":\"Radis O\u00dc\",\"url\":\"https:\\\/\\\/radis.ee\\\/\",\"logo\":{\"@type\":\"ImageObject\",\"inLanguage\":\"fi\",\"@id\":\"https:\\\/\\\/radis.ee\\\/#\\\/schema\\\/logo\\\/image\\\/\",\"url\":\"https:\\\/\\\/radis.ee\\\/wp-content\\\/uploads\\\/2020\\\/10\\\/Radis-logo.png\",\"contentUrl\":\"https:\\\/\\\/radis.ee\\\/wp-content\\\/uploads\\\/2020\\\/10\\\/Radis-logo.png\",\"width\":300,\"height\":63,\"caption\":\"Radis O\u00dc\"},\"image\":{\"@id\":\"https:\\\/\\\/radis.ee\\\/#\\\/schema\\\/logo\\\/image\\\/\"},\"sameAs\":[\"https:\\\/\\\/www.facebook.com\\\/radisfurniture\\\/\"]}]}<\/script>\n<!-- \/ Yoast SEO plugin. -->","yoast_head_json":{"title":"Lepotuoli hyllyll\u00e4 RUHE - Radis","robots":{"index":"index","follow":"follow","max-snippet":"max-snippet:-1","max-image-preview":"max-image-preview:large","max-video-preview":"max-video-preview:-1"},"canonical":"https:\/\/radis.ee\/fi\/lepotuoli-hyllylla-ruhe\/","og_locale":"fi_FI","og_type":"article","og_title":"Lepotuoli hyllyll\u00e4 RUHE - Radis","og_description":"Koe puhdasta rentoutumista RUHE-lepotuolilla, jossa minimalistinen muotoilu yhdistyy toiminnalliseen eleganssiin. Korkealaatuisesta pohjoismaisesta luonnonvanerista valmistettu ja korkealuokkaisella huonekalulinoleumilla p\u00e4\u00e4llystetty RUHE tarjoaa tyylikk\u00e4\u00e4n mutta l\u00e4mpim\u00e4n estetiikan, joka sopii saumattomasti mihin tahansa moderniin sisustukseen. \u00c4\u00e4rimm\u00e4ist\u00e4 mukavuutta varten suunniteltu sen ergonominen muoto tarjoaa t\u00e4ydellisen makuuasennon rentoutumiseen kirjan parissa, meditoimiseen tai vain hetken hiljaisuuden nauttimiseen. Irrotettavan niskatuen avulla voit s\u00e4\u00e4t\u00e4\u00e4...","og_url":"https:\/\/radis.ee\/fi\/lepotuoli-hyllylla-ruhe\/","og_site_name":"Radis","article_publisher":"https:\/\/www.facebook.com\/radisfurniture\/","article_modified_time":"2025-01-31T14:11:02+00:00","og_image":[{"width":667,"height":794,"url":"https:\/\/radis.ee\/wp-content\/uploads\/2025\/01\/Radis_lounge_chair_with_shelf_RUHE_natural_plywood_7_white_background.jpg","type":"image\/jpeg"}],"twitter_card":"summary_large_image","twitter_misc":{"Arvioitu lukuaika":"1 minuutti"},"schema":{"@context":"https:\/\/schema.org","@graph":[{"@type":"WebPage","@id":"https:\/\/radis.ee\/fi\/lepotuoli-hyllylla-ruhe\/","url":"https:\/\/radis.ee\/fi\/lepotuoli-hyllylla-ruhe\/","name":"Lepotuoli hyllyll\u00e4 RUHE - Radis","isPartOf":{"@id":"https:\/\/radis.ee\/#website"},"primaryImageOfPage":{"@id":"https:\/\/radis.ee\/fi\/lepotuoli-hyllylla-ruhe\/#primaryimage"},"image":{"@id":"https:\/\/radis.ee\/fi\/lepotuoli-hyllylla-ruhe\/#primaryimage"},"thumbnailUrl":"https:\/\/radis.ee\/wp-content\/uploads\/2025\/01\/Radis_lounge_chair_with_shelf_RUHE_natural_plywood_7_white_background.jpg","datePublished":"2025-01-31T13:10:32+00:00","dateModified":"2025-01-31T14:11:02+00:00","breadcrumb":{"@id":"https:\/\/radis.ee\/fi\/lepotuoli-hyllylla-ruhe\/#breadcrumb"},"inLanguage":"fi","potentialAction":[{"@type":"ReadAction","target":["https:\/\/radis.ee\/fi\/lepotuoli-hyllylla-ruhe\/"]}]},{"@type":"ImageObject","inLanguage":"fi","@id":"https:\/\/radis.ee\/fi\/lepotuoli-hyllylla-ruhe\/#primaryimage","url":"https:\/\/radis.ee\/wp-content\/uploads\/2025\/01\/Radis_lounge_chair_with_shelf_RUHE_natural_plywood_7_white_background.jpg","contentUrl":"https:\/\/radis.ee\/wp-content\/uploads\/2025\/01\/Radis_lounge_chair_with_shelf_RUHE_natural_plywood_7_white_background.jpg","width":667,"height":794,"caption":"Radis lounge chair RUHE natural plywood black Nero Forbo linoleum"},{"@type":"BreadcrumbList","@id":"https:\/\/radis.ee\/fi\/lepotuoli-hyllylla-ruhe\/#breadcrumb","itemListElement":[{"@type":"ListItem","position":1,"name":"Home","item":"https:\/\/radis.ee\/"},{"@type":"ListItem","position":2,"name":"Tuotteet","item":"https:\/\/radis.ee\/fi\/tuotteet\/"},{"@type":"ListItem","position":3,"name":"Lepotuoli hyllyll\u00e4 RUHE"}]},{"@type":"WebSite","@id":"https:\/\/radis.ee\/#website","url":"https:\/\/radis.ee\/","name":"Radis","description":"Nordic design furniture, environmentally friendly and sustainable.","publisher":{"@id":"https:\/\/radis.ee\/#organization"},"potentialAction":[{"@type":"SearchAction","target":{"@type":"EntryPoint","urlTemplate":"https:\/\/radis.ee\/?s={search_term_string}"},"query-input":{"@type":"PropertyValueSpecification","valueRequired":true,"valueName":"search_term_string"}}],"inLanguage":"fi"},{"@type":"Organization","@id":"https:\/\/radis.ee\/#organization","name":"Radis O\u00dc","url":"https:\/\/radis.ee\/","logo":{"@type":"ImageObject","inLanguage":"fi","@id":"https:\/\/radis.ee\/#\/schema\/logo\/image\/","url":"https:\/\/radis.ee\/wp-content\/uploads\/2020\/10\/Radis-logo.png","contentUrl":"https:\/\/radis.ee\/wp-content\/uploads\/2020\/10\/Radis-logo.png","width":300,"height":63,"caption":"Radis O\u00dc"},"image":{"@id":"https:\/\/radis.ee\/#\/schema\/logo\/image\/"},"sameAs":["https:\/\/www.facebook.com\/radisfurniture\/"]}]}},"_links":{"self":[{"href":"https:\/\/radis.ee\/fi\/wp-json\/wp\/v2\/product\/28451","targetHints":{"allow":["GET"]}}],"collection":[{"href":"https:\/\/radis.ee\/fi\/wp-json\/wp\/v2\/product"}],"about":[{"href":"https:\/\/radis.ee\/fi\/wp-json\/wp\/v2\/types\/product"}],"replies":[{"embeddable":true,"href":"https:\/\/radis.ee\/fi\/wp-json\/wp\/v2\/comments?post=28451"}],"wp:featuredmedia":[{"embeddable":true,"href":"https:\/\/radis.ee\/fi\/wp-json\/wp\/v2\/media\/28781"}],"wp:attachment":[{"href":"https:\/\/radis.ee\/fi\/wp-json\/wp\/v2\/media?parent=28451"}],"wp:term":[{"taxonomy":"product_brand","embeddable":true,"href":"https:\/\/radis.ee\/fi\/wp-json\/wp\/v2\/product_brand?post=28451"},{"taxonomy":"product_cat","embeddable":true,"href":"https:\/\/radis.ee\/fi\/wp-json\/wp\/v2\/product_cat?post=28451"},{"taxonomy":"product_tag","embeddable":true,"href":"https:\/\/radis.ee\/fi\/wp-json\/wp\/v2\/product_tag?post=28451"}],"curies":[{"name":"wp","href":"https:\/\/api.w.org\/{rel}","templated":true}]}}