{"id":2905,"date":"2020-10-14T00:13:33","date_gmt":"2020-10-13T21:13:33","guid":{"rendered":"https:\/\/radis.ee\/Ei-luokiteltu\/vaatekaappi-huh-2-ovea-ylatasoinen\/"},"modified":"2026-02-09T23:44:44","modified_gmt":"2026-02-09T21:44:44","slug":"vaatekaappi-huh-2-ovea-ylimaaraisella-tasolla","status":"publish","type":"product","link":"https:\/\/radis.ee\/fi\/vaatekaappi-huh-2-ovea-ylimaaraisella-tasolla\/","title":{"rendered":"Vaatekaappi HUH 2 ovea ylim\u00e4\u00e4r\u00e4isell\u00e4 tasolla"},"content":{"rendered":"<p>HUH-kaksiovinen vaatekaappi lis\u00e4tasolla on palkittu s\u00e4ilytysratkaisu, joka on valmistettu kest\u00e4v\u00e4st\u00e4 koivuvanerista. Siin\u00e4 on tilava sis\u00e4tila s\u00e4\u00e4dett\u00e4vine hyllyineen, ripustuskiskoineen ja pehme\u00e4sti sulkeutuvine laatikoineen, jotka maksimoivat pystysuoran tilan miss\u00e4 tahansa modernissa makuuhuoneessa.<\/p>\n<p>T\u00e4m\u00e4 kaappi j\u00e4rjest\u00e4\u00e4 vaatehuoneesi. Siihen mahtuvat sek\u00e4 mekot, pikkutakit ett\u00e4 p\u00e4\u00e4llystakit. Laatikoihin mahtuvat alusvaatteet, sukat ja solmiot.<\/p>\n<p>Yksi ovi piilottaa yl\u00e4hyllyn ja 41 cm pituisen ripustimen 120 cm korkeudella vaatekaapin pohjasta. Toisen oven takana on 3 s\u00e4\u00e4dett\u00e4v\u00e4\u00e4 hylly\u00e4 ja niiden alla 2 isoa laatikkoa. Lis\u00e4tasolla on my\u00f6s s\u00e4\u00e4dett\u00e4v\u00e4 hylly.<\/p>\n<p>Valmistettu koivuvanerista, \u00f6ljyvahattu. Pehme\u00e4sti sulkeutuvat H\u00e4fele oven saranat ja piilotetut laatikostot. Ovet Koskisen valkoinen HPL vanerilla, sis\u00e4ll\u00e4 H\u00e4fele metallitangot pitkien ovien suorana. Voit valita kahdesta kahvamallista. 8 cm korkea sokkeli, joka sopii hyvin kaikkien jalkalistaan.<\/p>\n<p>Lis\u00e4ksi vaatekaappiin on nyt mahdollista lis\u00e4t\u00e4 24 cm syv\u00e4 hylly.<\/p>\n<p>Mallisto HUH oli ehdolla Viron Bruno 2014 -muotoilupalkinnon saajaksi.<\/p>\n","protected":false},"excerpt":{"rendered":"<p>HUH-kaksiovinen vaatekaappi lis\u00e4tasolla on palkittu s\u00e4ilytysratkaisu, joka on valmistettu kest\u00e4v\u00e4st\u00e4 koivuvanerista. Siin\u00e4 on tilava sis\u00e4tila s\u00e4\u00e4dett\u00e4vine hyllyineen, ripustuskiskoineen ja pehme\u00e4sti sulkeutuvine laatikoineen, jotka maksimoivat pystysuoran tilan miss\u00e4 tahansa modernissa makuuhuoneessa. T\u00e4m\u00e4 kaappi j\u00e4rjest\u00e4\u00e4 vaatehuoneesi. Siihen mahtuvat sek\u00e4 mekot, pikkutakit ett\u00e4 p\u00e4\u00e4llystakit. Laatikoihin mahtuvat alusvaatteet, sukat ja solmiot. Yksi ovi piilottaa yl\u00e4hyllyn ja 41 cm pituisen&#8230;<\/p>\n","protected":false},"featured_media":15145,"comment_status":"open","ping_status":"closed","template":"","meta":{"_acf_changed":false},"product_brand":[],"product_cat":[110],"product_tag":[],"class_list":{"0":"post-2905","1":"product","2":"type-product","3":"status-publish","4":"has-post-thumbnail","6":"product_cat-riidekapid","8":"first","9":"instock","10":"sale","11":"taxable","12":"shipping-taxable","13":"purchasable","14":"product-type-variable","15":"has-default-attributes"},"acf":[],"yoast_head":"<!-- This site is optimized with the Yoast SEO plugin v27.3 - https:\/\/yoast.com\/product\/yoast-seo-wordpress\/ -->\n<title>Vaatekaappi HUH 2 ovea ylim\u00e4\u00e4r\u00e4isell\u00e4 tasolla - Radis<\/title>\n<meta name=\"robots\" content=\"index, follow, max-snippet:-1, max-image-preview:large, max-video-preview:-1\" \/>\n<link rel=\"canonical\" href=\"https:\/\/radis.ee\/fi\/vaatekaappi-huh-2-ovea-ylimaaraisella-tasolla\/\" \/>\n<meta property=\"og:locale\" content=\"fi_FI\" \/>\n<meta property=\"og:type\" content=\"article\" \/>\n<meta property=\"og:title\" content=\"Vaatekaappi HUH 2 ovea ylim\u00e4\u00e4r\u00e4isell\u00e4 tasolla - Radis\" \/>\n<meta property=\"og:description\" content=\"HUH-kaksiovinen vaatekaappi lis\u00e4tasolla on palkittu s\u00e4ilytysratkaisu, joka on valmistettu kest\u00e4v\u00e4st\u00e4 koivuvanerista. Siin\u00e4 on tilava sis\u00e4tila s\u00e4\u00e4dett\u00e4vine hyllyineen, ripustuskiskoineen ja pehme\u00e4sti sulkeutuvine laatikoineen, jotka maksimoivat pystysuoran tilan miss\u00e4 tahansa modernissa makuuhuoneessa. T\u00e4m\u00e4 kaappi j\u00e4rjest\u00e4\u00e4 vaatehuoneesi. Siihen mahtuvat sek\u00e4 mekot, pikkutakit ett\u00e4 p\u00e4\u00e4llystakit. Laatikoihin mahtuvat alusvaatteet, sukat ja solmiot. Yksi ovi piilottaa yl\u00e4hyllyn ja 41 cm pituisen...\" \/>\n<meta property=\"og:url\" content=\"https:\/\/radis.ee\/fi\/vaatekaappi-huh-2-ovea-ylimaaraisella-tasolla\/\" \/>\n<meta property=\"og:site_name\" content=\"Radis\" \/>\n<meta property=\"article:publisher\" content=\"https:\/\/www.facebook.com\/radisfurniture\/\" \/>\n<meta property=\"article:modified_time\" content=\"2026-02-09T21:44:44+00:00\" \/>\n<meta property=\"og:image\" content=\"https:\/\/radis.ee\/wp-content\/uploads\/2020\/10\/RADIS_wardrobe_HUH_2_doors_extra_level_-Light_Oak_doors_White_CPL_plywood-1-1-scaled.jpg\" \/>\n\t<meta property=\"og:image:width\" content=\"2149\" \/>\n\t<meta property=\"og:image:height\" content=\"2560\" \/>\n\t<meta property=\"og:image:type\" content=\"image\/jpeg\" \/>\n<meta name=\"twitter:card\" content=\"summary_large_image\" \/>\n<meta name=\"twitter:label1\" content=\"Arvioitu lukuaika\" \/>\n\t<meta name=\"twitter:data1\" content=\"1 minuutti\" \/>\n<script type=\"application\/ld+json\" class=\"yoast-schema-graph\">{\"@context\":\"https:\\\/\\\/schema.org\",\"@graph\":[{\"@type\":\"WebPage\",\"@id\":\"https:\\\/\\\/radis.ee\\\/fi\\\/vaatekaappi-huh-2-ovea-ylimaaraisella-tasolla\\\/\",\"url\":\"https:\\\/\\\/radis.ee\\\/fi\\\/vaatekaappi-huh-2-ovea-ylimaaraisella-tasolla\\\/\",\"name\":\"Vaatekaappi HUH 2 ovea ylim\u00e4\u00e4r\u00e4isell\u00e4 tasolla - Radis\",\"isPartOf\":{\"@id\":\"https:\\\/\\\/radis.ee\\\/#website\"},\"primaryImageOfPage\":{\"@id\":\"https:\\\/\\\/radis.ee\\\/fi\\\/vaatekaappi-huh-2-ovea-ylimaaraisella-tasolla\\\/#primaryimage\"},\"image\":{\"@id\":\"https:\\\/\\\/radis.ee\\\/fi\\\/vaatekaappi-huh-2-ovea-ylimaaraisella-tasolla\\\/#primaryimage\"},\"thumbnailUrl\":\"https:\\\/\\\/radis.ee\\\/wp-content\\\/uploads\\\/2020\\\/10\\\/RADIS_wardrobe_HUH_2_doors_extra_level_-Light_Oak_doors_White_CPL_plywood-1-1-scaled.jpg\",\"datePublished\":\"2020-10-13T21:13:33+00:00\",\"dateModified\":\"2026-02-09T21:44:44+00:00\",\"breadcrumb\":{\"@id\":\"https:\\\/\\\/radis.ee\\\/fi\\\/vaatekaappi-huh-2-ovea-ylimaaraisella-tasolla\\\/#breadcrumb\"},\"inLanguage\":\"fi\",\"potentialAction\":[{\"@type\":\"ReadAction\",\"target\":[\"https:\\\/\\\/radis.ee\\\/fi\\\/vaatekaappi-huh-2-ovea-ylimaaraisella-tasolla\\\/\"]}]},{\"@type\":\"ImageObject\",\"inLanguage\":\"fi\",\"@id\":\"https:\\\/\\\/radis.ee\\\/fi\\\/vaatekaappi-huh-2-ovea-ylimaaraisella-tasolla\\\/#primaryimage\",\"url\":\"https:\\\/\\\/radis.ee\\\/wp-content\\\/uploads\\\/2020\\\/10\\\/RADIS_wardrobe_HUH_2_doors_extra_level_-Light_Oak_doors_White_CPL_plywood-1-1-scaled.jpg\",\"contentUrl\":\"https:\\\/\\\/radis.ee\\\/wp-content\\\/uploads\\\/2020\\\/10\\\/RADIS_wardrobe_HUH_2_doors_extra_level_-Light_Oak_doors_White_CPL_plywood-1-1-scaled.jpg\",\"width\":2149,\"height\":2560,\"caption\":\"RADIS wardrobe HUH 2 doors with extra level Light Oak\"},{\"@type\":\"BreadcrumbList\",\"@id\":\"https:\\\/\\\/radis.ee\\\/fi\\\/vaatekaappi-huh-2-ovea-ylimaaraisella-tasolla\\\/#breadcrumb\",\"itemListElement\":[{\"@type\":\"ListItem\",\"position\":1,\"name\":\"Home\",\"item\":\"https:\\\/\\\/radis.ee\\\/\"},{\"@type\":\"ListItem\",\"position\":2,\"name\":\"Tuotteet\",\"item\":\"https:\\\/\\\/radis.ee\\\/fi\\\/tuotteet\\\/\"},{\"@type\":\"ListItem\",\"position\":3,\"name\":\"Vaatekaappi HUH 2 ovea ylim\u00e4\u00e4r\u00e4isell\u00e4 tasolla\"}]},{\"@type\":\"WebSite\",\"@id\":\"https:\\\/\\\/radis.ee\\\/#website\",\"url\":\"https:\\\/\\\/radis.ee\\\/\",\"name\":\"Radis\",\"description\":\"Nordic design furniture, environmentally friendly and sustainable.\",\"publisher\":{\"@id\":\"https:\\\/\\\/radis.ee\\\/#organization\"},\"potentialAction\":[{\"@type\":\"SearchAction\",\"target\":{\"@type\":\"EntryPoint\",\"urlTemplate\":\"https:\\\/\\\/radis.ee\\\/?s={search_term_string}\"},\"query-input\":{\"@type\":\"PropertyValueSpecification\",\"valueRequired\":true,\"valueName\":\"search_term_string\"}}],\"inLanguage\":\"fi\"},{\"@type\":\"Organization\",\"@id\":\"https:\\\/\\\/radis.ee\\\/#organization\",\"name\":\"Radis O\u00dc\",\"url\":\"https:\\\/\\\/radis.ee\\\/\",\"logo\":{\"@type\":\"ImageObject\",\"inLanguage\":\"fi\",\"@id\":\"https:\\\/\\\/radis.ee\\\/#\\\/schema\\\/logo\\\/image\\\/\",\"url\":\"https:\\\/\\\/radis.ee\\\/wp-content\\\/uploads\\\/2020\\\/10\\\/Radis-logo.png\",\"contentUrl\":\"https:\\\/\\\/radis.ee\\\/wp-content\\\/uploads\\\/2020\\\/10\\\/Radis-logo.png\",\"width\":300,\"height\":63,\"caption\":\"Radis O\u00dc\"},\"image\":{\"@id\":\"https:\\\/\\\/radis.ee\\\/#\\\/schema\\\/logo\\\/image\\\/\"},\"sameAs\":[\"https:\\\/\\\/www.facebook.com\\\/radisfurniture\\\/\"]}]}<\/script>\n<!-- \/ Yoast SEO plugin. -->","yoast_head_json":{"title":"Vaatekaappi HUH 2 ovea ylim\u00e4\u00e4r\u00e4isell\u00e4 tasolla - Radis","robots":{"index":"index","follow":"follow","max-snippet":"max-snippet:-1","max-image-preview":"max-image-preview:large","max-video-preview":"max-video-preview:-1"},"canonical":"https:\/\/radis.ee\/fi\/vaatekaappi-huh-2-ovea-ylimaaraisella-tasolla\/","og_locale":"fi_FI","og_type":"article","og_title":"Vaatekaappi HUH 2 ovea ylim\u00e4\u00e4r\u00e4isell\u00e4 tasolla - Radis","og_description":"HUH-kaksiovinen vaatekaappi lis\u00e4tasolla on palkittu s\u00e4ilytysratkaisu, joka on valmistettu kest\u00e4v\u00e4st\u00e4 koivuvanerista. Siin\u00e4 on tilava sis\u00e4tila s\u00e4\u00e4dett\u00e4vine hyllyineen, ripustuskiskoineen ja pehme\u00e4sti sulkeutuvine laatikoineen, jotka maksimoivat pystysuoran tilan miss\u00e4 tahansa modernissa makuuhuoneessa. T\u00e4m\u00e4 kaappi j\u00e4rjest\u00e4\u00e4 vaatehuoneesi. Siihen mahtuvat sek\u00e4 mekot, pikkutakit ett\u00e4 p\u00e4\u00e4llystakit. Laatikoihin mahtuvat alusvaatteet, sukat ja solmiot. Yksi ovi piilottaa yl\u00e4hyllyn ja 41 cm pituisen...","og_url":"https:\/\/radis.ee\/fi\/vaatekaappi-huh-2-ovea-ylimaaraisella-tasolla\/","og_site_name":"Radis","article_publisher":"https:\/\/www.facebook.com\/radisfurniture\/","article_modified_time":"2026-02-09T21:44:44+00:00","og_image":[{"width":2149,"height":2560,"url":"https:\/\/radis.ee\/wp-content\/uploads\/2020\/10\/RADIS_wardrobe_HUH_2_doors_extra_level_-Light_Oak_doors_White_CPL_plywood-1-1-scaled.jpg","type":"image\/jpeg"}],"twitter_card":"summary_large_image","twitter_misc":{"Arvioitu lukuaika":"1 minuutti"},"schema":{"@context":"https:\/\/schema.org","@graph":[{"@type":"WebPage","@id":"https:\/\/radis.ee\/fi\/vaatekaappi-huh-2-ovea-ylimaaraisella-tasolla\/","url":"https:\/\/radis.ee\/fi\/vaatekaappi-huh-2-ovea-ylimaaraisella-tasolla\/","name":"Vaatekaappi HUH 2 ovea ylim\u00e4\u00e4r\u00e4isell\u00e4 tasolla - Radis","isPartOf":{"@id":"https:\/\/radis.ee\/#website"},"primaryImageOfPage":{"@id":"https:\/\/radis.ee\/fi\/vaatekaappi-huh-2-ovea-ylimaaraisella-tasolla\/#primaryimage"},"image":{"@id":"https:\/\/radis.ee\/fi\/vaatekaappi-huh-2-ovea-ylimaaraisella-tasolla\/#primaryimage"},"thumbnailUrl":"https:\/\/radis.ee\/wp-content\/uploads\/2020\/10\/RADIS_wardrobe_HUH_2_doors_extra_level_-Light_Oak_doors_White_CPL_plywood-1-1-scaled.jpg","datePublished":"2020-10-13T21:13:33+00:00","dateModified":"2026-02-09T21:44:44+00:00","breadcrumb":{"@id":"https:\/\/radis.ee\/fi\/vaatekaappi-huh-2-ovea-ylimaaraisella-tasolla\/#breadcrumb"},"inLanguage":"fi","potentialAction":[{"@type":"ReadAction","target":["https:\/\/radis.ee\/fi\/vaatekaappi-huh-2-ovea-ylimaaraisella-tasolla\/"]}]},{"@type":"ImageObject","inLanguage":"fi","@id":"https:\/\/radis.ee\/fi\/vaatekaappi-huh-2-ovea-ylimaaraisella-tasolla\/#primaryimage","url":"https:\/\/radis.ee\/wp-content\/uploads\/2020\/10\/RADIS_wardrobe_HUH_2_doors_extra_level_-Light_Oak_doors_White_CPL_plywood-1-1-scaled.jpg","contentUrl":"https:\/\/radis.ee\/wp-content\/uploads\/2020\/10\/RADIS_wardrobe_HUH_2_doors_extra_level_-Light_Oak_doors_White_CPL_plywood-1-1-scaled.jpg","width":2149,"height":2560,"caption":"RADIS wardrobe HUH 2 doors with extra level Light Oak"},{"@type":"BreadcrumbList","@id":"https:\/\/radis.ee\/fi\/vaatekaappi-huh-2-ovea-ylimaaraisella-tasolla\/#breadcrumb","itemListElement":[{"@type":"ListItem","position":1,"name":"Home","item":"https:\/\/radis.ee\/"},{"@type":"ListItem","position":2,"name":"Tuotteet","item":"https:\/\/radis.ee\/fi\/tuotteet\/"},{"@type":"ListItem","position":3,"name":"Vaatekaappi HUH 2 ovea ylim\u00e4\u00e4r\u00e4isell\u00e4 tasolla"}]},{"@type":"WebSite","@id":"https:\/\/radis.ee\/#website","url":"https:\/\/radis.ee\/","name":"Radis","description":"Nordic design furniture, environmentally friendly and sustainable.","publisher":{"@id":"https:\/\/radis.ee\/#organization"},"potentialAction":[{"@type":"SearchAction","target":{"@type":"EntryPoint","urlTemplate":"https:\/\/radis.ee\/?s={search_term_string}"},"query-input":{"@type":"PropertyValueSpecification","valueRequired":true,"valueName":"search_term_string"}}],"inLanguage":"fi"},{"@type":"Organization","@id":"https:\/\/radis.ee\/#organization","name":"Radis O\u00dc","url":"https:\/\/radis.ee\/","logo":{"@type":"ImageObject","inLanguage":"fi","@id":"https:\/\/radis.ee\/#\/schema\/logo\/image\/","url":"https:\/\/radis.ee\/wp-content\/uploads\/2020\/10\/Radis-logo.png","contentUrl":"https:\/\/radis.ee\/wp-content\/uploads\/2020\/10\/Radis-logo.png","width":300,"height":63,"caption":"Radis O\u00dc"},"image":{"@id":"https:\/\/radis.ee\/#\/schema\/logo\/image\/"},"sameAs":["https:\/\/www.facebook.com\/radisfurniture\/"]}]}},"_links":{"self":[{"href":"https:\/\/radis.ee\/fi\/wp-json\/wp\/v2\/product\/2905","targetHints":{"allow":["GET"]}}],"collection":[{"href":"https:\/\/radis.ee\/fi\/wp-json\/wp\/v2\/product"}],"about":[{"href":"https:\/\/radis.ee\/fi\/wp-json\/wp\/v2\/types\/product"}],"replies":[{"embeddable":true,"href":"https:\/\/radis.ee\/fi\/wp-json\/wp\/v2\/comments?post=2905"}],"wp:featuredmedia":[{"embeddable":true,"href":"https:\/\/radis.ee\/fi\/wp-json\/wp\/v2\/media\/15145"}],"wp:attachment":[{"href":"https:\/\/radis.ee\/fi\/wp-json\/wp\/v2\/media?parent=2905"}],"wp:term":[{"taxonomy":"product_brand","embeddable":true,"href":"https:\/\/radis.ee\/fi\/wp-json\/wp\/v2\/product_brand?post=2905"},{"taxonomy":"product_cat","embeddable":true,"href":"https:\/\/radis.ee\/fi\/wp-json\/wp\/v2\/product_cat?post=2905"},{"taxonomy":"product_tag","embeddable":true,"href":"https:\/\/radis.ee\/fi\/wp-json\/wp\/v2\/product_tag?post=2905"}],"curies":[{"name":"wp","href":"https:\/\/api.w.org\/{rel}","templated":true}]}}