{"id":29188,"date":"2019-12-19T15:46:57","date_gmt":"2019-12-19T13:46:57","guid":{"rendered":"https:\/\/radis.ee\/?post_type=product&#038;p=29188"},"modified":"2025-06-19T14:23:44","modified_gmt":"2025-06-19T11:23:44","slug":"vaatekaappi-noble-2-ovea-laatikot-nakyvissa","status":"publish","type":"product","link":"https:\/\/radis.ee\/fi\/vaatekaappi-noble-2-ovea-laatikot-nakyvissa\/","title":{"rendered":"Vaatekaappi NOBLE 2 ovea, laatikot n\u00e4kyviss\u00e4"},"content":{"rendered":"<p>NOBLE-sarjan vaatekaappi t\u00e4ht\u00e4\u00e4 korkealle! Korkeutensa ansiosta t\u00e4m\u00e4 tyylik\u00e4s vaatekaappi on korvaamaton s\u00e4ilytyspaikka kengillesi, vaatteillesi ja vuodenaikojen tavaroillesi. Samanaikaisesti NOBLE-vaatekaapissa on monia eri osioita, joiden ansiosta kaiken siistin\u00e4 pit\u00e4minen ja asioiden j\u00e4rjest\u00e4minen on helppoa.<\/p>\n<p>Se on valmistettu korkealaatuisesta tammiviiluvanerista, \u00f6ljyvahatusta tai Koskisen White HPL -vanerista. Pehme\u00e4sti sulkeutuvat piilolaatikon kiskot, Blum pehme\u00e4sti sulkeutuvat oven saranat. H\u00e4fele metallitangot ovissa vakautta varten. S\u00e4\u00e4dett\u00e4v\u00e4t jalat alareunassa pit\u00e4m\u00e4\u00e4n vaatekaapin suorana. Haluttaessa laatikot ovat heti n\u00e4kyviss\u00e4 \u2013 silloin ne voidaan avata avaamatta suuria vaatekaapin ovia.<\/p>\n<p>Sis\u00e4ll\u00e4 78 cm leve\u00e4 vaateripustin ja 2 hylly\u00e4. Ripustin on 120 cm vaatekaapin laatikoiden yl\u00e4puolella. Haluttaessa tanko voidaan sijoittaa my\u00f6s korkeammalle j\u00e4tt\u00e4en yl\u00e4hyllyn &#8211; silloin tangon korkeus laatikoiden yl\u00e4puolella on 145 cm (j\u00e4t\u00e4 yksi hylly) tai 170 cm (j\u00e4t\u00e4 2 hylly\u00e4). Alla kaksi isoa laatikkoa, sis\u00e4 xpace 68x48cm, korkeus 12cm.<\/p>\n<p>NOBLE-vaatekaappi on tullut palvelemaan sinua vuosikymmeni\u00e4.<\/p>\n","protected":false},"excerpt":{"rendered":"<p>NOBLE-sarjan vaatekaappi t\u00e4ht\u00e4\u00e4 korkealle! Korkeutensa ansiosta t\u00e4m\u00e4 tyylik\u00e4s vaatekaappi on korvaamaton s\u00e4ilytyspaikka kengillesi, vaatteillesi ja vuodenaikojen tavaroillesi. Samanaikaisesti NOBLE-vaatekaapissa on monia eri osioita, joiden ansiosta kaiken siistin\u00e4 pit\u00e4minen ja asioiden j\u00e4rjest\u00e4minen on helppoa. Se on valmistettu korkealaatuisesta tammiviiluvanerista, \u00f6ljyvahatusta tai Koskisen White HPL -vanerista. Pehme\u00e4sti sulkeutuvat piilolaatikon kiskot, Blum pehme\u00e4sti sulkeutuvat oven saranat. H\u00e4fele metallitangot&#8230;<\/p>\n","protected":false},"featured_media":29449,"comment_status":"open","ping_status":"closed","template":"","meta":{"_acf_changed":false},"product_brand":[],"product_cat":[110],"product_tag":[],"class_list":{"0":"post-29188","1":"product","2":"type-product","3":"status-publish","4":"has-post-thumbnail","6":"product_cat-riidekapid","8":"first","9":"instock","10":"sale","11":"taxable","12":"shipping-taxable","13":"purchasable","14":"product-type-variable","15":"has-default-attributes"},"acf":[],"yoast_head":"<!-- This site is optimized with the Yoast SEO plugin v27.3 - https:\/\/yoast.com\/product\/yoast-seo-wordpress\/ -->\n<title>Vaatekaappi NOBLE 2 ovea, laatikot n\u00e4kyviss\u00e4 - Radis<\/title>\n<meta name=\"robots\" content=\"index, follow, max-snippet:-1, max-image-preview:large, max-video-preview:-1\" \/>\n<link rel=\"canonical\" href=\"https:\/\/radis.ee\/riidekapp-noble-2-uksega-sahtlid-nahtaval\/\" \/>\n<meta property=\"og:locale\" content=\"fi_FI\" \/>\n<meta property=\"og:type\" content=\"article\" \/>\n<meta property=\"og:title\" content=\"Vaatekaappi NOBLE 2 ovea, laatikot n\u00e4kyviss\u00e4 - Radis\" \/>\n<meta property=\"og:description\" content=\"NOBLE-sarjan vaatekaappi t\u00e4ht\u00e4\u00e4 korkealle! Korkeutensa ansiosta t\u00e4m\u00e4 tyylik\u00e4s vaatekaappi on korvaamaton s\u00e4ilytyspaikka kengillesi, vaatteillesi ja vuodenaikojen tavaroillesi. Samanaikaisesti NOBLE-vaatekaapissa on monia eri osioita, joiden ansiosta kaiken siistin\u00e4 pit\u00e4minen ja asioiden j\u00e4rjest\u00e4minen on helppoa. Se on valmistettu korkealaatuisesta tammiviiluvanerista, \u00f6ljyvahatusta tai Koskisen White HPL -vanerista. Pehme\u00e4sti sulkeutuvat piilolaatikon kiskot, Blum pehme\u00e4sti sulkeutuvat oven saranat. H\u00e4fele metallitangot...\" \/>\n<meta property=\"og:url\" content=\"https:\/\/radis.ee\/riidekapp-noble-2-uksega-sahtlid-nahtaval\/\" \/>\n<meta property=\"og:site_name\" content=\"Radis\" \/>\n<meta property=\"article:publisher\" content=\"https:\/\/www.facebook.com\/radisfurniture\/\" \/>\n<meta property=\"article:modified_time\" content=\"2025-06-19T11:23:44+00:00\" \/>\n<meta property=\"og:image\" content=\"https:\/\/radis.ee\/wp-content\/uploads\/2019\/12\/Radis_wardrobe_NOBLE_2_doors_drawers_visible_white_HPL_white_background_2.webp\" \/>\n\t<meta property=\"og:image:width\" content=\"1600\" \/>\n\t<meta property=\"og:image:height\" content=\"1416\" \/>\n\t<meta property=\"og:image:type\" content=\"image\/webp\" \/>\n<meta name=\"twitter:card\" content=\"summary_large_image\" \/>\n<meta name=\"twitter:label1\" content=\"Arvioitu lukuaika\" \/>\n\t<meta name=\"twitter:data1\" content=\"1 minuutti\" \/>\n<script type=\"application\/ld+json\" class=\"yoast-schema-graph\">{\"@context\":\"https:\\\/\\\/schema.org\",\"@graph\":[{\"@type\":\"WebPage\",\"@id\":\"https:\\\/\\\/radis.ee\\\/riidekapp-noble-2-uksega-sahtlid-nahtaval\\\/\",\"url\":\"https:\\\/\\\/radis.ee\\\/riidekapp-noble-2-uksega-sahtlid-nahtaval\\\/\",\"name\":\"Vaatekaappi NOBLE 2 ovea, laatikot n\u00e4kyviss\u00e4 - Radis\",\"isPartOf\":{\"@id\":\"https:\\\/\\\/radis.ee\\\/#website\"},\"primaryImageOfPage\":{\"@id\":\"https:\\\/\\\/radis.ee\\\/riidekapp-noble-2-uksega-sahtlid-nahtaval\\\/#primaryimage\"},\"image\":{\"@id\":\"https:\\\/\\\/radis.ee\\\/riidekapp-noble-2-uksega-sahtlid-nahtaval\\\/#primaryimage\"},\"thumbnailUrl\":\"https:\\\/\\\/radis.ee\\\/wp-content\\\/uploads\\\/2019\\\/12\\\/Radis_wardrobe_NOBLE_2_doors_drawers_visible_white_HPL_white_background_2.webp\",\"datePublished\":\"2019-12-19T13:46:57+00:00\",\"dateModified\":\"2025-06-19T11:23:44+00:00\",\"breadcrumb\":{\"@id\":\"https:\\\/\\\/radis.ee\\\/riidekapp-noble-2-uksega-sahtlid-nahtaval\\\/#breadcrumb\"},\"inLanguage\":\"fi\",\"potentialAction\":[{\"@type\":\"ReadAction\",\"target\":[\"https:\\\/\\\/radis.ee\\\/riidekapp-noble-2-uksega-sahtlid-nahtaval\\\/\"]}]},{\"@type\":\"ImageObject\",\"inLanguage\":\"fi\",\"@id\":\"https:\\\/\\\/radis.ee\\\/riidekapp-noble-2-uksega-sahtlid-nahtaval\\\/#primaryimage\",\"url\":\"https:\\\/\\\/radis.ee\\\/wp-content\\\/uploads\\\/2019\\\/12\\\/Radis_wardrobe_NOBLE_2_doors_drawers_visible_white_HPL_white_background_2.webp\",\"contentUrl\":\"https:\\\/\\\/radis.ee\\\/wp-content\\\/uploads\\\/2019\\\/12\\\/Radis_wardrobe_NOBLE_2_doors_drawers_visible_white_HPL_white_background_2.webp\",\"width\":1600,\"height\":1416,\"caption\":\"RADIS_wardrobe_NOBLE_white_HPL_plywood_drawers_visible\"},{\"@type\":\"BreadcrumbList\",\"@id\":\"https:\\\/\\\/radis.ee\\\/riidekapp-noble-2-uksega-sahtlid-nahtaval\\\/#breadcrumb\",\"itemListElement\":[{\"@type\":\"ListItem\",\"position\":1,\"name\":\"Home\",\"item\":\"https:\\\/\\\/radis.ee\\\/\"},{\"@type\":\"ListItem\",\"position\":2,\"name\":\"Tuotteet\",\"item\":\"https:\\\/\\\/radis.ee\\\/fi\\\/tuotteet\\\/\"},{\"@type\":\"ListItem\",\"position\":3,\"name\":\"Vaatekaappi NOBLE 2 ovea, laatikot n\u00e4kyviss\u00e4\"}]},{\"@type\":\"WebSite\",\"@id\":\"https:\\\/\\\/radis.ee\\\/#website\",\"url\":\"https:\\\/\\\/radis.ee\\\/\",\"name\":\"Radis\",\"description\":\"Nordic design furniture, environmentally friendly and sustainable.\",\"publisher\":{\"@id\":\"https:\\\/\\\/radis.ee\\\/#organization\"},\"potentialAction\":[{\"@type\":\"SearchAction\",\"target\":{\"@type\":\"EntryPoint\",\"urlTemplate\":\"https:\\\/\\\/radis.ee\\\/?s={search_term_string}\"},\"query-input\":{\"@type\":\"PropertyValueSpecification\",\"valueRequired\":true,\"valueName\":\"search_term_string\"}}],\"inLanguage\":\"fi\"},{\"@type\":\"Organization\",\"@id\":\"https:\\\/\\\/radis.ee\\\/#organization\",\"name\":\"Radis O\u00dc\",\"url\":\"https:\\\/\\\/radis.ee\\\/\",\"logo\":{\"@type\":\"ImageObject\",\"inLanguage\":\"fi\",\"@id\":\"https:\\\/\\\/radis.ee\\\/#\\\/schema\\\/logo\\\/image\\\/\",\"url\":\"https:\\\/\\\/radis.ee\\\/wp-content\\\/uploads\\\/2020\\\/10\\\/Radis-logo.png\",\"contentUrl\":\"https:\\\/\\\/radis.ee\\\/wp-content\\\/uploads\\\/2020\\\/10\\\/Radis-logo.png\",\"width\":300,\"height\":63,\"caption\":\"Radis O\u00dc\"},\"image\":{\"@id\":\"https:\\\/\\\/radis.ee\\\/#\\\/schema\\\/logo\\\/image\\\/\"},\"sameAs\":[\"https:\\\/\\\/www.facebook.com\\\/radisfurniture\\\/\"]}]}<\/script>\n<!-- \/ Yoast SEO plugin. -->","yoast_head_json":{"title":"Vaatekaappi NOBLE 2 ovea, laatikot n\u00e4kyviss\u00e4 - Radis","robots":{"index":"index","follow":"follow","max-snippet":"max-snippet:-1","max-image-preview":"max-image-preview:large","max-video-preview":"max-video-preview:-1"},"canonical":"https:\/\/radis.ee\/riidekapp-noble-2-uksega-sahtlid-nahtaval\/","og_locale":"fi_FI","og_type":"article","og_title":"Vaatekaappi NOBLE 2 ovea, laatikot n\u00e4kyviss\u00e4 - Radis","og_description":"NOBLE-sarjan vaatekaappi t\u00e4ht\u00e4\u00e4 korkealle! Korkeutensa ansiosta t\u00e4m\u00e4 tyylik\u00e4s vaatekaappi on korvaamaton s\u00e4ilytyspaikka kengillesi, vaatteillesi ja vuodenaikojen tavaroillesi. Samanaikaisesti NOBLE-vaatekaapissa on monia eri osioita, joiden ansiosta kaiken siistin\u00e4 pit\u00e4minen ja asioiden j\u00e4rjest\u00e4minen on helppoa. Se on valmistettu korkealaatuisesta tammiviiluvanerista, \u00f6ljyvahatusta tai Koskisen White HPL -vanerista. Pehme\u00e4sti sulkeutuvat piilolaatikon kiskot, Blum pehme\u00e4sti sulkeutuvat oven saranat. H\u00e4fele metallitangot...","og_url":"https:\/\/radis.ee\/riidekapp-noble-2-uksega-sahtlid-nahtaval\/","og_site_name":"Radis","article_publisher":"https:\/\/www.facebook.com\/radisfurniture\/","article_modified_time":"2025-06-19T11:23:44+00:00","og_image":[{"width":1600,"height":1416,"url":"https:\/\/radis.ee\/wp-content\/uploads\/2019\/12\/Radis_wardrobe_NOBLE_2_doors_drawers_visible_white_HPL_white_background_2.webp","type":"image\/webp"}],"twitter_card":"summary_large_image","twitter_misc":{"Arvioitu lukuaika":"1 minuutti"},"schema":{"@context":"https:\/\/schema.org","@graph":[{"@type":"WebPage","@id":"https:\/\/radis.ee\/riidekapp-noble-2-uksega-sahtlid-nahtaval\/","url":"https:\/\/radis.ee\/riidekapp-noble-2-uksega-sahtlid-nahtaval\/","name":"Vaatekaappi NOBLE 2 ovea, laatikot n\u00e4kyviss\u00e4 - Radis","isPartOf":{"@id":"https:\/\/radis.ee\/#website"},"primaryImageOfPage":{"@id":"https:\/\/radis.ee\/riidekapp-noble-2-uksega-sahtlid-nahtaval\/#primaryimage"},"image":{"@id":"https:\/\/radis.ee\/riidekapp-noble-2-uksega-sahtlid-nahtaval\/#primaryimage"},"thumbnailUrl":"https:\/\/radis.ee\/wp-content\/uploads\/2019\/12\/Radis_wardrobe_NOBLE_2_doors_drawers_visible_white_HPL_white_background_2.webp","datePublished":"2019-12-19T13:46:57+00:00","dateModified":"2025-06-19T11:23:44+00:00","breadcrumb":{"@id":"https:\/\/radis.ee\/riidekapp-noble-2-uksega-sahtlid-nahtaval\/#breadcrumb"},"inLanguage":"fi","potentialAction":[{"@type":"ReadAction","target":["https:\/\/radis.ee\/riidekapp-noble-2-uksega-sahtlid-nahtaval\/"]}]},{"@type":"ImageObject","inLanguage":"fi","@id":"https:\/\/radis.ee\/riidekapp-noble-2-uksega-sahtlid-nahtaval\/#primaryimage","url":"https:\/\/radis.ee\/wp-content\/uploads\/2019\/12\/Radis_wardrobe_NOBLE_2_doors_drawers_visible_white_HPL_white_background_2.webp","contentUrl":"https:\/\/radis.ee\/wp-content\/uploads\/2019\/12\/Radis_wardrobe_NOBLE_2_doors_drawers_visible_white_HPL_white_background_2.webp","width":1600,"height":1416,"caption":"RADIS_wardrobe_NOBLE_white_HPL_plywood_drawers_visible"},{"@type":"BreadcrumbList","@id":"https:\/\/radis.ee\/riidekapp-noble-2-uksega-sahtlid-nahtaval\/#breadcrumb","itemListElement":[{"@type":"ListItem","position":1,"name":"Home","item":"https:\/\/radis.ee\/"},{"@type":"ListItem","position":2,"name":"Tuotteet","item":"https:\/\/radis.ee\/fi\/tuotteet\/"},{"@type":"ListItem","position":3,"name":"Vaatekaappi NOBLE 2 ovea, laatikot n\u00e4kyviss\u00e4"}]},{"@type":"WebSite","@id":"https:\/\/radis.ee\/#website","url":"https:\/\/radis.ee\/","name":"Radis","description":"Nordic design furniture, environmentally friendly and sustainable.","publisher":{"@id":"https:\/\/radis.ee\/#organization"},"potentialAction":[{"@type":"SearchAction","target":{"@type":"EntryPoint","urlTemplate":"https:\/\/radis.ee\/?s={search_term_string}"},"query-input":{"@type":"PropertyValueSpecification","valueRequired":true,"valueName":"search_term_string"}}],"inLanguage":"fi"},{"@type":"Organization","@id":"https:\/\/radis.ee\/#organization","name":"Radis O\u00dc","url":"https:\/\/radis.ee\/","logo":{"@type":"ImageObject","inLanguage":"fi","@id":"https:\/\/radis.ee\/#\/schema\/logo\/image\/","url":"https:\/\/radis.ee\/wp-content\/uploads\/2020\/10\/Radis-logo.png","contentUrl":"https:\/\/radis.ee\/wp-content\/uploads\/2020\/10\/Radis-logo.png","width":300,"height":63,"caption":"Radis O\u00dc"},"image":{"@id":"https:\/\/radis.ee\/#\/schema\/logo\/image\/"},"sameAs":["https:\/\/www.facebook.com\/radisfurniture\/"]}]}},"_links":{"self":[{"href":"https:\/\/radis.ee\/fi\/wp-json\/wp\/v2\/product\/29188","targetHints":{"allow":["GET"]}}],"collection":[{"href":"https:\/\/radis.ee\/fi\/wp-json\/wp\/v2\/product"}],"about":[{"href":"https:\/\/radis.ee\/fi\/wp-json\/wp\/v2\/types\/product"}],"replies":[{"embeddable":true,"href":"https:\/\/radis.ee\/fi\/wp-json\/wp\/v2\/comments?post=29188"}],"wp:featuredmedia":[{"embeddable":true,"href":"https:\/\/radis.ee\/fi\/wp-json\/wp\/v2\/media\/29449"}],"wp:attachment":[{"href":"https:\/\/radis.ee\/fi\/wp-json\/wp\/v2\/media?parent=29188"}],"wp:term":[{"taxonomy":"product_brand","embeddable":true,"href":"https:\/\/radis.ee\/fi\/wp-json\/wp\/v2\/product_brand?post=29188"},{"taxonomy":"product_cat","embeddable":true,"href":"https:\/\/radis.ee\/fi\/wp-json\/wp\/v2\/product_cat?post=29188"},{"taxonomy":"product_tag","embeddable":true,"href":"https:\/\/radis.ee\/fi\/wp-json\/wp\/v2\/product_tag?post=29188"}],"curies":[{"name":"wp","href":"https:\/\/api.w.org\/{rel}","templated":true}]}}