{"id":2919,"date":"2022-02-28T22:24:17","date_gmt":"2022-02-28T20:24:17","guid":{"rendered":"https:\/\/radis.ee\/Ei-luokiteltu\/tv-taso-noble\/"},"modified":"2025-01-24T19:05:32","modified_gmt":"2025-01-24T17:05:32","slug":"tv-taso-noble","status":"publish","type":"product","link":"https:\/\/radis.ee\/fi\/tv-taso-noble\/","title":{"rendered":"TV-taso NOBLE"},"content":{"rendered":"<p>Noble-sarjan TV-p\u00f6yt\u00e4 saa todella kaipaamaan superhienoa 70-lukua. Kevyt rakenne sulavilla jaloilla ja liukuovilla vaikeuttaa keskittymist\u00e4 sen p\u00e4\u00e4ll\u00e4 olevaan televisioon!<\/p>\n<p>TV-taso on valmistettu laadukkaasta ja kest\u00e4v\u00e4st\u00e4 tammiviilutetusta tai koivuvanerista, \u00f6ljyvahattu. Liukuovet ovat H\u00e4fele rullilla. Mustaksi pulverimaalatut s\u00e4\u00e4dett\u00e4v\u00e4t metallijalat, korkeus 17 cm. Tai halutessasi sein\u00e4\u00e4n asennettava versio \u2013 voit kiinnitt\u00e4\u00e4 sen sein\u00e4\u00e4n ruuveilla vahvan takasein\u00e4n l\u00e4pi.<\/p>\n<p>Kaikissa kolmessa osassa on s\u00e4\u00e4dett\u00e4v\u00e4t hyllyt, syvyys 36 cm ja leveys 47 cm (2m vaihtoehto 64 cm leve\u00e4). Sis\u00e4korkeus 32 cm.<\/p>\n<p>NOBLE TV-taso oli ehdolla Estonian Design Award Bruno 2022 -palkinnon saajaksi.<\/p>\n","protected":false},"excerpt":{"rendered":"<p>Noble-sarjan TV-p\u00f6yt\u00e4 saa todella kaipaamaan superhienoa 70-lukua. Kevyt rakenne sulavilla jaloilla ja liukuovilla vaikeuttaa keskittymist\u00e4 sen p\u00e4\u00e4ll\u00e4 olevaan televisioon! TV-taso on valmistettu laadukkaasta ja kest\u00e4v\u00e4st\u00e4 tammiviilutetusta tai koivuvanerista, \u00f6ljyvahattu. Liukuovet ovat H\u00e4fele rullilla. Mustaksi pulverimaalatut s\u00e4\u00e4dett\u00e4v\u00e4t metallijalat, korkeus 17 cm. Tai halutessasi sein\u00e4\u00e4n asennettava versio \u2013 voit kiinnitt\u00e4\u00e4 sen sein\u00e4\u00e4n ruuveilla vahvan takasein\u00e4n l\u00e4pi. Kaikissa&#8230;<\/p>\n","protected":false},"featured_media":15622,"comment_status":"open","ping_status":"closed","template":"","meta":{"_acf_changed":false},"product_brand":[],"product_cat":[112],"product_tag":[],"class_list":{"0":"post-2919","1":"product","2":"type-product","3":"status-publish","4":"has-post-thumbnail","6":"product_cat-tv-alused","8":"first","9":"instock","10":"sale","11":"taxable","12":"shipping-taxable","13":"purchasable","14":"product-type-variable","15":"has-default-attributes"},"acf":[],"yoast_head":"<!-- This site is optimized with the Yoast SEO plugin v27.4 - https:\/\/yoast.com\/product\/yoast-seo-wordpress\/ -->\n<title>TV-taso NOBLE - Radis<\/title>\n<meta name=\"robots\" content=\"index, follow, max-snippet:-1, max-image-preview:large, max-video-preview:-1\" \/>\n<link rel=\"canonical\" href=\"https:\/\/radis.ee\/fi\/tv-taso-noble\/\" \/>\n<meta property=\"og:locale\" content=\"fi_FI\" \/>\n<meta property=\"og:type\" content=\"article\" \/>\n<meta property=\"og:title\" content=\"TV-taso NOBLE - Radis\" \/>\n<meta property=\"og:description\" content=\"Noble-sarjan TV-p\u00f6yt\u00e4 saa todella kaipaamaan superhienoa 70-lukua. Kevyt rakenne sulavilla jaloilla ja liukuovilla vaikeuttaa keskittymist\u00e4 sen p\u00e4\u00e4ll\u00e4 olevaan televisioon! TV-taso on valmistettu laadukkaasta ja kest\u00e4v\u00e4st\u00e4 tammiviilutetusta tai koivuvanerista, \u00f6ljyvahattu. Liukuovet ovat H\u00e4fele rullilla. Mustaksi pulverimaalatut s\u00e4\u00e4dett\u00e4v\u00e4t metallijalat, korkeus 17 cm. Tai halutessasi sein\u00e4\u00e4n asennettava versio \u2013 voit kiinnitt\u00e4\u00e4 sen sein\u00e4\u00e4n ruuveilla vahvan takasein\u00e4n l\u00e4pi. Kaikissa...\" \/>\n<meta property=\"og:url\" content=\"https:\/\/radis.ee\/fi\/tv-taso-noble\/\" \/>\n<meta property=\"og:site_name\" content=\"Radis\" \/>\n<meta property=\"article:publisher\" content=\"https:\/\/www.facebook.com\/radisfurniture\/\" \/>\n<meta property=\"article:modified_time\" content=\"2025-01-24T17:05:32+00:00\" \/>\n<meta property=\"og:image\" content=\"https:\/\/radis.ee\/wp-content\/uploads\/2022\/02\/RADIS_TV-stand_NOBLE_200cm_Oak_veneered_plywood_doors_Black_stain_doors_open_white_background_3-scaled.jpg\" \/>\n\t<meta property=\"og:image:width\" content=\"2166\" \/>\n\t<meta property=\"og:image:height\" content=\"2560\" \/>\n\t<meta property=\"og:image:type\" content=\"image\/jpeg\" \/>\n<meta name=\"twitter:card\" content=\"summary_large_image\" \/>\n<script type=\"application\/ld+json\" class=\"yoast-schema-graph\">{\"@context\":\"https:\\\/\\\/schema.org\",\"@graph\":[{\"@type\":\"WebPage\",\"@id\":\"https:\\\/\\\/radis.ee\\\/fi\\\/tv-taso-noble\\\/\",\"url\":\"https:\\\/\\\/radis.ee\\\/fi\\\/tv-taso-noble\\\/\",\"name\":\"TV-taso NOBLE - Radis\",\"isPartOf\":{\"@id\":\"https:\\\/\\\/radis.ee\\\/#website\"},\"primaryImageOfPage\":{\"@id\":\"https:\\\/\\\/radis.ee\\\/fi\\\/tv-taso-noble\\\/#primaryimage\"},\"image\":{\"@id\":\"https:\\\/\\\/radis.ee\\\/fi\\\/tv-taso-noble\\\/#primaryimage\"},\"thumbnailUrl\":\"https:\\\/\\\/radis.ee\\\/wp-content\\\/uploads\\\/2022\\\/02\\\/RADIS_TV-stand_NOBLE_200cm_Oak_veneered_plywood_doors_Black_stain_doors_open_white_background_3-scaled.jpg\",\"datePublished\":\"2022-02-28T20:24:17+00:00\",\"dateModified\":\"2025-01-24T17:05:32+00:00\",\"breadcrumb\":{\"@id\":\"https:\\\/\\\/radis.ee\\\/fi\\\/tv-taso-noble\\\/#breadcrumb\"},\"inLanguage\":\"fi\",\"potentialAction\":[{\"@type\":\"ReadAction\",\"target\":[\"https:\\\/\\\/radis.ee\\\/fi\\\/tv-taso-noble\\\/\"]}]},{\"@type\":\"ImageObject\",\"inLanguage\":\"fi\",\"@id\":\"https:\\\/\\\/radis.ee\\\/fi\\\/tv-taso-noble\\\/#primaryimage\",\"url\":\"https:\\\/\\\/radis.ee\\\/wp-content\\\/uploads\\\/2022\\\/02\\\/RADIS_TV-stand_NOBLE_200cm_Oak_veneered_plywood_doors_Black_stain_doors_open_white_background_3-scaled.jpg\",\"contentUrl\":\"https:\\\/\\\/radis.ee\\\/wp-content\\\/uploads\\\/2022\\\/02\\\/RADIS_TV-stand_NOBLE_200cm_Oak_veneered_plywood_doors_Black_stain_doors_open_white_background_3-scaled.jpg\",\"width\":2166,\"height\":2560,\"caption\":\"RADIS TV-stand NOBLE 200 cm Oak veneered\"},{\"@type\":\"BreadcrumbList\",\"@id\":\"https:\\\/\\\/radis.ee\\\/fi\\\/tv-taso-noble\\\/#breadcrumb\",\"itemListElement\":[{\"@type\":\"ListItem\",\"position\":1,\"name\":\"Home\",\"item\":\"https:\\\/\\\/radis.ee\\\/\"},{\"@type\":\"ListItem\",\"position\":2,\"name\":\"Tuotteet\",\"item\":\"https:\\\/\\\/radis.ee\\\/fi\\\/tuotteet\\\/\"},{\"@type\":\"ListItem\",\"position\":3,\"name\":\"TV-taso NOBLE\"}]},{\"@type\":\"WebSite\",\"@id\":\"https:\\\/\\\/radis.ee\\\/#website\",\"url\":\"https:\\\/\\\/radis.ee\\\/\",\"name\":\"Radis\",\"description\":\"Nordic design furniture, environmentally friendly and sustainable.\",\"publisher\":{\"@id\":\"https:\\\/\\\/radis.ee\\\/#organization\"},\"potentialAction\":[{\"@type\":\"SearchAction\",\"target\":{\"@type\":\"EntryPoint\",\"urlTemplate\":\"https:\\\/\\\/radis.ee\\\/?s={search_term_string}\"},\"query-input\":{\"@type\":\"PropertyValueSpecification\",\"valueRequired\":true,\"valueName\":\"search_term_string\"}}],\"inLanguage\":\"fi\"},{\"@type\":\"Organization\",\"@id\":\"https:\\\/\\\/radis.ee\\\/#organization\",\"name\":\"Radis O\u00dc\",\"url\":\"https:\\\/\\\/radis.ee\\\/\",\"logo\":{\"@type\":\"ImageObject\",\"inLanguage\":\"fi\",\"@id\":\"https:\\\/\\\/radis.ee\\\/#\\\/schema\\\/logo\\\/image\\\/\",\"url\":\"https:\\\/\\\/radis.ee\\\/wp-content\\\/uploads\\\/2020\\\/10\\\/Radis-logo.png\",\"contentUrl\":\"https:\\\/\\\/radis.ee\\\/wp-content\\\/uploads\\\/2020\\\/10\\\/Radis-logo.png\",\"width\":300,\"height\":63,\"caption\":\"Radis O\u00dc\"},\"image\":{\"@id\":\"https:\\\/\\\/radis.ee\\\/#\\\/schema\\\/logo\\\/image\\\/\"},\"sameAs\":[\"https:\\\/\\\/www.facebook.com\\\/radisfurniture\\\/\"]}]}<\/script>\n<!-- \/ Yoast SEO plugin. -->","yoast_head_json":{"title":"TV-taso NOBLE - Radis","robots":{"index":"index","follow":"follow","max-snippet":"max-snippet:-1","max-image-preview":"max-image-preview:large","max-video-preview":"max-video-preview:-1"},"canonical":"https:\/\/radis.ee\/fi\/tv-taso-noble\/","og_locale":"fi_FI","og_type":"article","og_title":"TV-taso NOBLE - Radis","og_description":"Noble-sarjan TV-p\u00f6yt\u00e4 saa todella kaipaamaan superhienoa 70-lukua. Kevyt rakenne sulavilla jaloilla ja liukuovilla vaikeuttaa keskittymist\u00e4 sen p\u00e4\u00e4ll\u00e4 olevaan televisioon! TV-taso on valmistettu laadukkaasta ja kest\u00e4v\u00e4st\u00e4 tammiviilutetusta tai koivuvanerista, \u00f6ljyvahattu. Liukuovet ovat H\u00e4fele rullilla. Mustaksi pulverimaalatut s\u00e4\u00e4dett\u00e4v\u00e4t metallijalat, korkeus 17 cm. Tai halutessasi sein\u00e4\u00e4n asennettava versio \u2013 voit kiinnitt\u00e4\u00e4 sen sein\u00e4\u00e4n ruuveilla vahvan takasein\u00e4n l\u00e4pi. Kaikissa...","og_url":"https:\/\/radis.ee\/fi\/tv-taso-noble\/","og_site_name":"Radis","article_publisher":"https:\/\/www.facebook.com\/radisfurniture\/","article_modified_time":"2025-01-24T17:05:32+00:00","og_image":[{"width":2166,"height":2560,"url":"https:\/\/radis.ee\/wp-content\/uploads\/2022\/02\/RADIS_TV-stand_NOBLE_200cm_Oak_veneered_plywood_doors_Black_stain_doors_open_white_background_3-scaled.jpg","type":"image\/jpeg"}],"twitter_card":"summary_large_image","schema":{"@context":"https:\/\/schema.org","@graph":[{"@type":"WebPage","@id":"https:\/\/radis.ee\/fi\/tv-taso-noble\/","url":"https:\/\/radis.ee\/fi\/tv-taso-noble\/","name":"TV-taso NOBLE - Radis","isPartOf":{"@id":"https:\/\/radis.ee\/#website"},"primaryImageOfPage":{"@id":"https:\/\/radis.ee\/fi\/tv-taso-noble\/#primaryimage"},"image":{"@id":"https:\/\/radis.ee\/fi\/tv-taso-noble\/#primaryimage"},"thumbnailUrl":"https:\/\/radis.ee\/wp-content\/uploads\/2022\/02\/RADIS_TV-stand_NOBLE_200cm_Oak_veneered_plywood_doors_Black_stain_doors_open_white_background_3-scaled.jpg","datePublished":"2022-02-28T20:24:17+00:00","dateModified":"2025-01-24T17:05:32+00:00","breadcrumb":{"@id":"https:\/\/radis.ee\/fi\/tv-taso-noble\/#breadcrumb"},"inLanguage":"fi","potentialAction":[{"@type":"ReadAction","target":["https:\/\/radis.ee\/fi\/tv-taso-noble\/"]}]},{"@type":"ImageObject","inLanguage":"fi","@id":"https:\/\/radis.ee\/fi\/tv-taso-noble\/#primaryimage","url":"https:\/\/radis.ee\/wp-content\/uploads\/2022\/02\/RADIS_TV-stand_NOBLE_200cm_Oak_veneered_plywood_doors_Black_stain_doors_open_white_background_3-scaled.jpg","contentUrl":"https:\/\/radis.ee\/wp-content\/uploads\/2022\/02\/RADIS_TV-stand_NOBLE_200cm_Oak_veneered_plywood_doors_Black_stain_doors_open_white_background_3-scaled.jpg","width":2166,"height":2560,"caption":"RADIS TV-stand NOBLE 200 cm Oak veneered"},{"@type":"BreadcrumbList","@id":"https:\/\/radis.ee\/fi\/tv-taso-noble\/#breadcrumb","itemListElement":[{"@type":"ListItem","position":1,"name":"Home","item":"https:\/\/radis.ee\/"},{"@type":"ListItem","position":2,"name":"Tuotteet","item":"https:\/\/radis.ee\/fi\/tuotteet\/"},{"@type":"ListItem","position":3,"name":"TV-taso NOBLE"}]},{"@type":"WebSite","@id":"https:\/\/radis.ee\/#website","url":"https:\/\/radis.ee\/","name":"Radis","description":"Nordic design furniture, environmentally friendly and sustainable.","publisher":{"@id":"https:\/\/radis.ee\/#organization"},"potentialAction":[{"@type":"SearchAction","target":{"@type":"EntryPoint","urlTemplate":"https:\/\/radis.ee\/?s={search_term_string}"},"query-input":{"@type":"PropertyValueSpecification","valueRequired":true,"valueName":"search_term_string"}}],"inLanguage":"fi"},{"@type":"Organization","@id":"https:\/\/radis.ee\/#organization","name":"Radis O\u00dc","url":"https:\/\/radis.ee\/","logo":{"@type":"ImageObject","inLanguage":"fi","@id":"https:\/\/radis.ee\/#\/schema\/logo\/image\/","url":"https:\/\/radis.ee\/wp-content\/uploads\/2020\/10\/Radis-logo.png","contentUrl":"https:\/\/radis.ee\/wp-content\/uploads\/2020\/10\/Radis-logo.png","width":300,"height":63,"caption":"Radis O\u00dc"},"image":{"@id":"https:\/\/radis.ee\/#\/schema\/logo\/image\/"},"sameAs":["https:\/\/www.facebook.com\/radisfurniture\/"]}]}},"_links":{"self":[{"href":"https:\/\/radis.ee\/fi\/wp-json\/wp\/v2\/product\/2919","targetHints":{"allow":["GET"]}}],"collection":[{"href":"https:\/\/radis.ee\/fi\/wp-json\/wp\/v2\/product"}],"about":[{"href":"https:\/\/radis.ee\/fi\/wp-json\/wp\/v2\/types\/product"}],"replies":[{"embeddable":true,"href":"https:\/\/radis.ee\/fi\/wp-json\/wp\/v2\/comments?post=2919"}],"wp:featuredmedia":[{"embeddable":true,"href":"https:\/\/radis.ee\/fi\/wp-json\/wp\/v2\/media\/15622"}],"wp:attachment":[{"href":"https:\/\/radis.ee\/fi\/wp-json\/wp\/v2\/media?parent=2919"}],"wp:term":[{"taxonomy":"product_brand","embeddable":true,"href":"https:\/\/radis.ee\/fi\/wp-json\/wp\/v2\/product_brand?post=2919"},{"taxonomy":"product_cat","embeddable":true,"href":"https:\/\/radis.ee\/fi\/wp-json\/wp\/v2\/product_cat?post=2919"},{"taxonomy":"product_tag","embeddable":true,"href":"https:\/\/radis.ee\/fi\/wp-json\/wp\/v2\/product_tag?post=2919"}],"curies":[{"name":"wp","href":"https:\/\/api.w.org\/{rel}","templated":true}]}}