{"id":2937,"date":"2020-10-07T22:15:12","date_gmt":"2020-09-07T19:15:12","guid":{"rendered":"https:\/\/radis.ee\/Ei-luokiteltu\/liukuovellinen-tv-taso-huh\/"},"modified":"2022-01-31T19:29:50","modified_gmt":"2022-01-31T17:29:50","slug":"liukuovellinen-tv-taso-huh","status":"publish","type":"product","link":"https:\/\/radis.ee\/fi\/liukuovellinen-tv-taso-huh\/","title":{"rendered":"Liukuovellinen TV-taso HUH"},"content":{"rendered":"<p>Massiivinen tv-taso kest\u00e4\u00e4 kevyesti suuren television painon ja suurten tunteiden taakan. Pienet s\u00e4hk\u00f6tarvikkeet saat piilotettua liukuovien taakse.<\/p>\n<p>Liukuovet avautuvat molempiin suuntiin, joten tekniikkaa voidaan ohjata kauko-ohjaimella. Takasein\u00e4ss\u00e4 aukko johdoille. Sis\u00e4ll\u00e4 my\u00f6s 2 s\u00e4\u00e4dett\u00e4v\u00e4\u00e4 hylly\u00e4.<\/p>\n<p>Valmistettu koivuvanerista, \u00f6ljyvahattu.<\/p>\n<p>HUH-mallisto oli Viron design-palkintoon Bruno 2014 2. palkintokierroksen ehdokas.<\/p>\n","protected":false},"excerpt":{"rendered":"<p>Massiivinen tv-taso kest\u00e4\u00e4 kevyesti suuren television painon ja suurten tunteiden taakan. Pienet s\u00e4hk\u00f6tarvikkeet saat piilotettua liukuovien taakse. Liukuovet avautuvat molempiin suuntiin, joten tekniikkaa voidaan ohjata kauko-ohjaimella. Takasein\u00e4ss\u00e4 aukko johdoille. Sis\u00e4ll\u00e4 my\u00f6s 2 s\u00e4\u00e4dett\u00e4v\u00e4\u00e4 hylly\u00e4. Valmistettu koivuvanerista, \u00f6ljyvahattu. HUH-mallisto oli Viron design-palkintoon Bruno 2014 2. palkintokierroksen ehdokas.<\/p>\n","protected":false},"featured_media":14391,"comment_status":"open","ping_status":"closed","template":"","meta":{"_acf_changed":false},"product_brand":[],"product_cat":[112],"product_tag":[],"class_list":{"0":"post-2937","1":"product","2":"type-product","3":"status-publish","4":"has-post-thumbnail","6":"product_cat-tv-alused","8":"first","9":"instock","10":"taxable","11":"shipping-taxable","12":"purchasable","13":"product-type-variable","14":"has-default-attributes"},"acf":[],"yoast_head":"<!-- This site is optimized with the Yoast SEO plugin v27.3 - https:\/\/yoast.com\/product\/yoast-seo-wordpress\/ -->\n<title>Liukuovellinen TV-taso HUH - Radis<\/title>\n<meta name=\"robots\" content=\"index, follow, max-snippet:-1, max-image-preview:large, max-video-preview:-1\" \/>\n<link rel=\"canonical\" href=\"https:\/\/radis.ee\/lukandustega-tv-alus-huh\/\" \/>\n<meta property=\"og:locale\" content=\"fi_FI\" \/>\n<meta property=\"og:type\" content=\"article\" \/>\n<meta property=\"og:title\" content=\"Liukuovellinen TV-taso HUH - Radis\" \/>\n<meta property=\"og:description\" content=\"Massiivinen tv-taso kest\u00e4\u00e4 kevyesti suuren television painon ja suurten tunteiden taakan. Pienet s\u00e4hk\u00f6tarvikkeet saat piilotettua liukuovien taakse. Liukuovet avautuvat molempiin suuntiin, joten tekniikkaa voidaan ohjata kauko-ohjaimella. Takasein\u00e4ss\u00e4 aukko johdoille. Sis\u00e4ll\u00e4 my\u00f6s 2 s\u00e4\u00e4dett\u00e4v\u00e4\u00e4 hylly\u00e4. Valmistettu koivuvanerista, \u00f6ljyvahattu. HUH-mallisto oli Viron design-palkintoon Bruno 2014 2. palkintokierroksen ehdokas.\" \/>\n<meta property=\"og:url\" content=\"https:\/\/radis.ee\/lukandustega-tv-alus-huh\/\" \/>\n<meta property=\"og:site_name\" content=\"Radis\" \/>\n<meta property=\"article:publisher\" content=\"https:\/\/www.facebook.com\/radisfurniture\/\" \/>\n<meta property=\"article:modified_time\" content=\"2022-01-31T17:29:50+00:00\" \/>\n<meta property=\"og:image\" content=\"https:\/\/radis.ee\/wp-content\/uploads\/2020\/10\/RADIS_TV-stand_HUH_Medium_Oak_doors_Black_stain-scaled.jpg\" \/>\n\t<meta property=\"og:image:width\" content=\"2150\" \/>\n\t<meta property=\"og:image:height\" content=\"2560\" \/>\n\t<meta property=\"og:image:type\" content=\"image\/jpeg\" \/>\n<meta name=\"twitter:card\" content=\"summary_large_image\" \/>\n<script type=\"application\/ld+json\" class=\"yoast-schema-graph\">{\"@context\":\"https:\\\/\\\/schema.org\",\"@graph\":[{\"@type\":\"WebPage\",\"@id\":\"https:\\\/\\\/radis.ee\\\/lukandustega-tv-alus-huh\\\/\",\"url\":\"https:\\\/\\\/radis.ee\\\/lukandustega-tv-alus-huh\\\/\",\"name\":\"Liukuovellinen TV-taso HUH - Radis\",\"isPartOf\":{\"@id\":\"https:\\\/\\\/radis.ee\\\/#website\"},\"primaryImageOfPage\":{\"@id\":\"https:\\\/\\\/radis.ee\\\/lukandustega-tv-alus-huh\\\/#primaryimage\"},\"image\":{\"@id\":\"https:\\\/\\\/radis.ee\\\/lukandustega-tv-alus-huh\\\/#primaryimage\"},\"thumbnailUrl\":\"https:\\\/\\\/radis.ee\\\/wp-content\\\/uploads\\\/2020\\\/10\\\/RADIS_TV-stand_HUH_Medium_Oak_doors_Black_stain-scaled.jpg\",\"datePublished\":\"2020-09-07T19:15:12+00:00\",\"dateModified\":\"2022-01-31T17:29:50+00:00\",\"breadcrumb\":{\"@id\":\"https:\\\/\\\/radis.ee\\\/lukandustega-tv-alus-huh\\\/#breadcrumb\"},\"inLanguage\":\"fi\",\"potentialAction\":[{\"@type\":\"ReadAction\",\"target\":[\"https:\\\/\\\/radis.ee\\\/lukandustega-tv-alus-huh\\\/\"]}]},{\"@type\":\"ImageObject\",\"inLanguage\":\"fi\",\"@id\":\"https:\\\/\\\/radis.ee\\\/lukandustega-tv-alus-huh\\\/#primaryimage\",\"url\":\"https:\\\/\\\/radis.ee\\\/wp-content\\\/uploads\\\/2020\\\/10\\\/RADIS_TV-stand_HUH_Medium_Oak_doors_Black_stain-scaled.jpg\",\"contentUrl\":\"https:\\\/\\\/radis.ee\\\/wp-content\\\/uploads\\\/2020\\\/10\\\/RADIS_TV-stand_HUH_Medium_Oak_doors_Black_stain-scaled.jpg\",\"width\":2150,\"height\":2560},{\"@type\":\"BreadcrumbList\",\"@id\":\"https:\\\/\\\/radis.ee\\\/lukandustega-tv-alus-huh\\\/#breadcrumb\",\"itemListElement\":[{\"@type\":\"ListItem\",\"position\":1,\"name\":\"Home\",\"item\":\"https:\\\/\\\/radis.ee\\\/\"},{\"@type\":\"ListItem\",\"position\":2,\"name\":\"Tuotteet\",\"item\":\"https:\\\/\\\/radis.ee\\\/fi\\\/tuotteet\\\/\"},{\"@type\":\"ListItem\",\"position\":3,\"name\":\"Liukuovellinen TV-taso HUH\"}]},{\"@type\":\"WebSite\",\"@id\":\"https:\\\/\\\/radis.ee\\\/#website\",\"url\":\"https:\\\/\\\/radis.ee\\\/\",\"name\":\"Radis\",\"description\":\"Nordic design furniture, environmentally friendly and sustainable.\",\"publisher\":{\"@id\":\"https:\\\/\\\/radis.ee\\\/#organization\"},\"potentialAction\":[{\"@type\":\"SearchAction\",\"target\":{\"@type\":\"EntryPoint\",\"urlTemplate\":\"https:\\\/\\\/radis.ee\\\/?s={search_term_string}\"},\"query-input\":{\"@type\":\"PropertyValueSpecification\",\"valueRequired\":true,\"valueName\":\"search_term_string\"}}],\"inLanguage\":\"fi\"},{\"@type\":\"Organization\",\"@id\":\"https:\\\/\\\/radis.ee\\\/#organization\",\"name\":\"Radis O\u00dc\",\"url\":\"https:\\\/\\\/radis.ee\\\/\",\"logo\":{\"@type\":\"ImageObject\",\"inLanguage\":\"fi\",\"@id\":\"https:\\\/\\\/radis.ee\\\/#\\\/schema\\\/logo\\\/image\\\/\",\"url\":\"https:\\\/\\\/radis.ee\\\/wp-content\\\/uploads\\\/2020\\\/10\\\/Radis-logo.png\",\"contentUrl\":\"https:\\\/\\\/radis.ee\\\/wp-content\\\/uploads\\\/2020\\\/10\\\/Radis-logo.png\",\"width\":300,\"height\":63,\"caption\":\"Radis O\u00dc\"},\"image\":{\"@id\":\"https:\\\/\\\/radis.ee\\\/#\\\/schema\\\/logo\\\/image\\\/\"},\"sameAs\":[\"https:\\\/\\\/www.facebook.com\\\/radisfurniture\\\/\"]}]}<\/script>\n<!-- \/ Yoast SEO plugin. -->","yoast_head_json":{"title":"Liukuovellinen TV-taso HUH - Radis","robots":{"index":"index","follow":"follow","max-snippet":"max-snippet:-1","max-image-preview":"max-image-preview:large","max-video-preview":"max-video-preview:-1"},"canonical":"https:\/\/radis.ee\/lukandustega-tv-alus-huh\/","og_locale":"fi_FI","og_type":"article","og_title":"Liukuovellinen TV-taso HUH - Radis","og_description":"Massiivinen tv-taso kest\u00e4\u00e4 kevyesti suuren television painon ja suurten tunteiden taakan. Pienet s\u00e4hk\u00f6tarvikkeet saat piilotettua liukuovien taakse. Liukuovet avautuvat molempiin suuntiin, joten tekniikkaa voidaan ohjata kauko-ohjaimella. Takasein\u00e4ss\u00e4 aukko johdoille. Sis\u00e4ll\u00e4 my\u00f6s 2 s\u00e4\u00e4dett\u00e4v\u00e4\u00e4 hylly\u00e4. Valmistettu koivuvanerista, \u00f6ljyvahattu. HUH-mallisto oli Viron design-palkintoon Bruno 2014 2. palkintokierroksen ehdokas.","og_url":"https:\/\/radis.ee\/lukandustega-tv-alus-huh\/","og_site_name":"Radis","article_publisher":"https:\/\/www.facebook.com\/radisfurniture\/","article_modified_time":"2022-01-31T17:29:50+00:00","og_image":[{"width":2150,"height":2560,"url":"https:\/\/radis.ee\/wp-content\/uploads\/2020\/10\/RADIS_TV-stand_HUH_Medium_Oak_doors_Black_stain-scaled.jpg","type":"image\/jpeg"}],"twitter_card":"summary_large_image","schema":{"@context":"https:\/\/schema.org","@graph":[{"@type":"WebPage","@id":"https:\/\/radis.ee\/lukandustega-tv-alus-huh\/","url":"https:\/\/radis.ee\/lukandustega-tv-alus-huh\/","name":"Liukuovellinen TV-taso HUH - Radis","isPartOf":{"@id":"https:\/\/radis.ee\/#website"},"primaryImageOfPage":{"@id":"https:\/\/radis.ee\/lukandustega-tv-alus-huh\/#primaryimage"},"image":{"@id":"https:\/\/radis.ee\/lukandustega-tv-alus-huh\/#primaryimage"},"thumbnailUrl":"https:\/\/radis.ee\/wp-content\/uploads\/2020\/10\/RADIS_TV-stand_HUH_Medium_Oak_doors_Black_stain-scaled.jpg","datePublished":"2020-09-07T19:15:12+00:00","dateModified":"2022-01-31T17:29:50+00:00","breadcrumb":{"@id":"https:\/\/radis.ee\/lukandustega-tv-alus-huh\/#breadcrumb"},"inLanguage":"fi","potentialAction":[{"@type":"ReadAction","target":["https:\/\/radis.ee\/lukandustega-tv-alus-huh\/"]}]},{"@type":"ImageObject","inLanguage":"fi","@id":"https:\/\/radis.ee\/lukandustega-tv-alus-huh\/#primaryimage","url":"https:\/\/radis.ee\/wp-content\/uploads\/2020\/10\/RADIS_TV-stand_HUH_Medium_Oak_doors_Black_stain-scaled.jpg","contentUrl":"https:\/\/radis.ee\/wp-content\/uploads\/2020\/10\/RADIS_TV-stand_HUH_Medium_Oak_doors_Black_stain-scaled.jpg","width":2150,"height":2560},{"@type":"BreadcrumbList","@id":"https:\/\/radis.ee\/lukandustega-tv-alus-huh\/#breadcrumb","itemListElement":[{"@type":"ListItem","position":1,"name":"Home","item":"https:\/\/radis.ee\/"},{"@type":"ListItem","position":2,"name":"Tuotteet","item":"https:\/\/radis.ee\/fi\/tuotteet\/"},{"@type":"ListItem","position":3,"name":"Liukuovellinen TV-taso HUH"}]},{"@type":"WebSite","@id":"https:\/\/radis.ee\/#website","url":"https:\/\/radis.ee\/","name":"Radis","description":"Nordic design furniture, environmentally friendly and sustainable.","publisher":{"@id":"https:\/\/radis.ee\/#organization"},"potentialAction":[{"@type":"SearchAction","target":{"@type":"EntryPoint","urlTemplate":"https:\/\/radis.ee\/?s={search_term_string}"},"query-input":{"@type":"PropertyValueSpecification","valueRequired":true,"valueName":"search_term_string"}}],"inLanguage":"fi"},{"@type":"Organization","@id":"https:\/\/radis.ee\/#organization","name":"Radis O\u00dc","url":"https:\/\/radis.ee\/","logo":{"@type":"ImageObject","inLanguage":"fi","@id":"https:\/\/radis.ee\/#\/schema\/logo\/image\/","url":"https:\/\/radis.ee\/wp-content\/uploads\/2020\/10\/Radis-logo.png","contentUrl":"https:\/\/radis.ee\/wp-content\/uploads\/2020\/10\/Radis-logo.png","width":300,"height":63,"caption":"Radis O\u00dc"},"image":{"@id":"https:\/\/radis.ee\/#\/schema\/logo\/image\/"},"sameAs":["https:\/\/www.facebook.com\/radisfurniture\/"]}]}},"_links":{"self":[{"href":"https:\/\/radis.ee\/fi\/wp-json\/wp\/v2\/product\/2937","targetHints":{"allow":["GET"]}}],"collection":[{"href":"https:\/\/radis.ee\/fi\/wp-json\/wp\/v2\/product"}],"about":[{"href":"https:\/\/radis.ee\/fi\/wp-json\/wp\/v2\/types\/product"}],"replies":[{"embeddable":true,"href":"https:\/\/radis.ee\/fi\/wp-json\/wp\/v2\/comments?post=2937"}],"wp:featuredmedia":[{"embeddable":true,"href":"https:\/\/radis.ee\/fi\/wp-json\/wp\/v2\/media\/14391"}],"wp:attachment":[{"href":"https:\/\/radis.ee\/fi\/wp-json\/wp\/v2\/media?parent=2937"}],"wp:term":[{"taxonomy":"product_brand","embeddable":true,"href":"https:\/\/radis.ee\/fi\/wp-json\/wp\/v2\/product_brand?post=2937"},{"taxonomy":"product_cat","embeddable":true,"href":"https:\/\/radis.ee\/fi\/wp-json\/wp\/v2\/product_cat?post=2937"},{"taxonomy":"product_tag","embeddable":true,"href":"https:\/\/radis.ee\/fi\/wp-json\/wp\/v2\/product_tag?post=2937"}],"curies":[{"name":"wp","href":"https:\/\/api.w.org\/{rel}","templated":true}]}}