{"id":2965,"date":"2022-10-28T02:04:36","date_gmt":"2022-10-27T23:04:36","guid":{"rendered":"https:\/\/radis.ee\/?post_type=product&#038;p=2965"},"modified":"2026-02-09T22:57:51","modified_gmt":"2026-02-09T20:57:51","slug":"jatkettava-ruokapoyta-nam-nam","status":"publish","type":"product","link":"https:\/\/radis.ee\/fi\/jatkettava-ruokapoyta-nam-nam\/","title":{"rendered":"Jatkettava ruokap\u00f6yt\u00e4 NAM-NAM"},"content":{"rendered":"<p>NAM-NAM-jatkettava ruokap\u00f6yt\u00e4 on monipuolinen, pohjoismaisesta tyylist\u00e4 inspiroitunut mestariteos, jossa on piilotetut integroidut jatkolevyt ja kest\u00e4v\u00e4 HPL- tai tammiviilutettu kansilevy. Se on t\u00e4ydellinen tyylik\u00e4s ratkaisu niin p\u00e4ivitt\u00e4isiin perheen aterioihin kuin suuriin illallisjuhliinkin.<\/p>\n<p>P\u00f6yt\u00e4 voidaan jatkaa hetkess\u00e4 pidemm\u00e4ksi suuremmalle seurueelle. K\u00e4tev\u00e4 p\u00f6yt\u00e4 sek\u00e4 kotona ett\u00e4 konttorissa, sill\u00e4 kokoukset ja juhlat pidet\u00e4\u00e4n aina p\u00f6yd\u00e4n \u00e4\u00e4ress\u00e4.<\/p>\n<p>P\u00f6yd\u00e4n jatko-osat voidaan taittaa kokoon ja ne voidaan s\u00e4ilytt\u00e4\u00e4 p\u00f6yt\u00e4levyn alla. Yhden metrin pitk\u00e4nomainen p\u00f6yt\u00e4 voidaan my\u00f6s pident\u00e4\u00e4 puoleen v\u00e4hemm\u00e4n eli 194 cm: n pituuteen.<\/p>\n<p>Jalkojen et\u00e4isyys tuolin korkeudessa 50 cm:<\/p>\n<ul>\n<li>NAM-NAM 90x120cm &#8211; 87cm, 60cm jatkeella 147cm<\/li>\n<li>NAM-NAM 96x144cm &#8211; 111cm, 50cm jatkeella 161cm, toisella 50cm jatkeella 211cm<\/li>\n<li>NAM-NAM 120x120cm &#8211; 83cm, 50cm jatkeella 133cm, toisella 50cm jatkeella 183cm<\/li>\n<\/ul>\n<p>Valmistettu silkkimattoisesta korkeapainelaminaatista (HPL) vanerilla, v\u00e4lilevyt tilauksesta \u00f6ljyvahattua koivuvaneria, jalat koivua. HPL-p\u00f6yt\u00e4levyjen v\u00e4rit ovat valkoinen (RAL 9003), vaaleanharmaa (RAL 7042) tai musta (PK F2253 Formica Diamond Black). Saatavana my\u00f6s Forbon kalustelinoleumilla ja vanerilla viilutetulla tammella, sitten p\u00f6yd\u00e4n jalat ovat my\u00f6s massiivitammea. P\u00f6yd\u00e4n pohjalaatikon korkeus maasta on 65 cm.<\/p>\n<p>Laajennettava p\u00f6yt\u00e4 Nam-Nam on jo koottu, sinun on vain kiinnitett\u00e4v\u00e4 jalat helposti.<\/p>\n<p>MAN-mallisto oli Viron design-palkintoon Bruno 2016 2. palkintokierroksen ehdokas.<\/p>\n","protected":false},"excerpt":{"rendered":"<p>NAM-NAM-jatkettava ruokap\u00f6yt\u00e4 on monipuolinen, pohjoismaisesta tyylist\u00e4 inspiroitunut mestariteos, jossa on piilotetut integroidut jatkolevyt ja kest\u00e4v\u00e4 HPL- tai tammiviilutettu kansilevy. Se on t\u00e4ydellinen tyylik\u00e4s ratkaisu niin p\u00e4ivitt\u00e4isiin perheen aterioihin kuin suuriin illallisjuhliinkin. P\u00f6yt\u00e4 voidaan jatkaa hetkess\u00e4 pidemm\u00e4ksi suuremmalle seurueelle. K\u00e4tev\u00e4 p\u00f6yt\u00e4 sek\u00e4 kotona ett\u00e4 konttorissa, sill\u00e4 kokoukset ja juhlat pidet\u00e4\u00e4n aina p\u00f6yd\u00e4n \u00e4\u00e4ress\u00e4. P\u00f6yd\u00e4n jatko-osat voidaan&#8230;<\/p>\n","protected":false},"featured_media":4583,"comment_status":"open","ping_status":"closed","template":"","meta":{"_acf_changed":false},"product_brand":[],"product_cat":[111],"product_tag":[],"class_list":{"0":"post-2965","1":"product","2":"type-product","3":"status-publish","4":"has-post-thumbnail","6":"product_cat-lauad","8":"first","9":"instock","10":"sale","11":"taxable","12":"shipping-taxable","13":"purchasable","14":"product-type-variable","15":"has-default-attributes"},"acf":[],"yoast_head":"<!-- This site is optimized with the Yoast SEO plugin v27.4 - https:\/\/yoast.com\/product\/yoast-seo-wordpress\/ -->\n<title>Jatkettava ruokap\u00f6yt\u00e4 NAM-NAM - Radis<\/title>\n<meta name=\"robots\" content=\"index, follow, max-snippet:-1, max-image-preview:large, max-video-preview:-1\" \/>\n<link rel=\"canonical\" href=\"https:\/\/radis.ee\/fi\/jatkettava-ruokapoyta-nam-nam\/\" \/>\n<meta property=\"og:locale\" content=\"fi_FI\" \/>\n<meta property=\"og:type\" content=\"article\" \/>\n<meta property=\"og:title\" content=\"Jatkettava ruokap\u00f6yt\u00e4 NAM-NAM - Radis\" \/>\n<meta property=\"og:description\" content=\"NAM-NAM-jatkettava ruokap\u00f6yt\u00e4 on monipuolinen, pohjoismaisesta tyylist\u00e4 inspiroitunut mestariteos, jossa on piilotetut integroidut jatkolevyt ja kest\u00e4v\u00e4 HPL- tai tammiviilutettu kansilevy. Se on t\u00e4ydellinen tyylik\u00e4s ratkaisu niin p\u00e4ivitt\u00e4isiin perheen aterioihin kuin suuriin illallisjuhliinkin. P\u00f6yt\u00e4 voidaan jatkaa hetkess\u00e4 pidemm\u00e4ksi suuremmalle seurueelle. K\u00e4tev\u00e4 p\u00f6yt\u00e4 sek\u00e4 kotona ett\u00e4 konttorissa, sill\u00e4 kokoukset ja juhlat pidet\u00e4\u00e4n aina p\u00f6yd\u00e4n \u00e4\u00e4ress\u00e4. P\u00f6yd\u00e4n jatko-osat voidaan...\" \/>\n<meta property=\"og:url\" content=\"https:\/\/radis.ee\/fi\/jatkettava-ruokapoyta-nam-nam\/\" \/>\n<meta property=\"og:site_name\" content=\"Radis\" \/>\n<meta property=\"article:publisher\" content=\"https:\/\/www.facebook.com\/radisfurniture\/\" \/>\n<meta property=\"article:modified_time\" content=\"2026-02-09T20:57:51+00:00\" \/>\n<meta property=\"og:image\" content=\"https:\/\/radis.ee\/wp-content\/uploads\/2020\/10\/RA0468-Radis-extendable-dinner-table-NAM-NAM-2-white-top-light-oak.jpg\" \/>\n\t<meta property=\"og:image:width\" content=\"2500\" \/>\n\t<meta property=\"og:image:height\" content=\"2500\" \/>\n\t<meta property=\"og:image:type\" content=\"image\/jpeg\" \/>\n<meta name=\"twitter:card\" content=\"summary_large_image\" \/>\n<meta name=\"twitter:label1\" content=\"Arvioitu lukuaika\" \/>\n\t<meta name=\"twitter:data1\" content=\"1 minuutti\" \/>\n<script type=\"application\/ld+json\" class=\"yoast-schema-graph\">{\"@context\":\"https:\\\/\\\/schema.org\",\"@graph\":[{\"@type\":\"WebPage\",\"@id\":\"https:\\\/\\\/radis.ee\\\/fi\\\/jatkettava-ruokapoyta-nam-nam\\\/\",\"url\":\"https:\\\/\\\/radis.ee\\\/fi\\\/jatkettava-ruokapoyta-nam-nam\\\/\",\"name\":\"Jatkettava ruokap\u00f6yt\u00e4 NAM-NAM - Radis\",\"isPartOf\":{\"@id\":\"https:\\\/\\\/radis.ee\\\/#website\"},\"primaryImageOfPage\":{\"@id\":\"https:\\\/\\\/radis.ee\\\/fi\\\/jatkettava-ruokapoyta-nam-nam\\\/#primaryimage\"},\"image\":{\"@id\":\"https:\\\/\\\/radis.ee\\\/fi\\\/jatkettava-ruokapoyta-nam-nam\\\/#primaryimage\"},\"thumbnailUrl\":\"https:\\\/\\\/radis.ee\\\/wp-content\\\/uploads\\\/2020\\\/10\\\/RA0468-Radis-extendable-dinner-table-NAM-NAM-2-white-top-light-oak.jpg\",\"datePublished\":\"2022-10-27T23:04:36+00:00\",\"dateModified\":\"2026-02-09T20:57:51+00:00\",\"breadcrumb\":{\"@id\":\"https:\\\/\\\/radis.ee\\\/fi\\\/jatkettava-ruokapoyta-nam-nam\\\/#breadcrumb\"},\"inLanguage\":\"fi\",\"potentialAction\":[{\"@type\":\"ReadAction\",\"target\":[\"https:\\\/\\\/radis.ee\\\/fi\\\/jatkettava-ruokapoyta-nam-nam\\\/\"]}]},{\"@type\":\"ImageObject\",\"inLanguage\":\"fi\",\"@id\":\"https:\\\/\\\/radis.ee\\\/fi\\\/jatkettava-ruokapoyta-nam-nam\\\/#primaryimage\",\"url\":\"https:\\\/\\\/radis.ee\\\/wp-content\\\/uploads\\\/2020\\\/10\\\/RA0468-Radis-extendable-dinner-table-NAM-NAM-2-white-top-light-oak.jpg\",\"contentUrl\":\"https:\\\/\\\/radis.ee\\\/wp-content\\\/uploads\\\/2020\\\/10\\\/RA0468-Radis-extendable-dinner-table-NAM-NAM-2-white-top-light-oak.jpg\",\"width\":2500,\"height\":2500},{\"@type\":\"BreadcrumbList\",\"@id\":\"https:\\\/\\\/radis.ee\\\/fi\\\/jatkettava-ruokapoyta-nam-nam\\\/#breadcrumb\",\"itemListElement\":[{\"@type\":\"ListItem\",\"position\":1,\"name\":\"Home\",\"item\":\"https:\\\/\\\/radis.ee\\\/\"},{\"@type\":\"ListItem\",\"position\":2,\"name\":\"Tuotteet\",\"item\":\"https:\\\/\\\/radis.ee\\\/fi\\\/tuotteet\\\/\"},{\"@type\":\"ListItem\",\"position\":3,\"name\":\"Jatkettava ruokap\u00f6yt\u00e4 NAM-NAM\"}]},{\"@type\":\"WebSite\",\"@id\":\"https:\\\/\\\/radis.ee\\\/#website\",\"url\":\"https:\\\/\\\/radis.ee\\\/\",\"name\":\"Radis\",\"description\":\"Nordic design furniture, environmentally friendly and sustainable.\",\"publisher\":{\"@id\":\"https:\\\/\\\/radis.ee\\\/#organization\"},\"potentialAction\":[{\"@type\":\"SearchAction\",\"target\":{\"@type\":\"EntryPoint\",\"urlTemplate\":\"https:\\\/\\\/radis.ee\\\/?s={search_term_string}\"},\"query-input\":{\"@type\":\"PropertyValueSpecification\",\"valueRequired\":true,\"valueName\":\"search_term_string\"}}],\"inLanguage\":\"fi\"},{\"@type\":\"Organization\",\"@id\":\"https:\\\/\\\/radis.ee\\\/#organization\",\"name\":\"Radis O\u00dc\",\"url\":\"https:\\\/\\\/radis.ee\\\/\",\"logo\":{\"@type\":\"ImageObject\",\"inLanguage\":\"fi\",\"@id\":\"https:\\\/\\\/radis.ee\\\/#\\\/schema\\\/logo\\\/image\\\/\",\"url\":\"https:\\\/\\\/radis.ee\\\/wp-content\\\/uploads\\\/2020\\\/10\\\/Radis-logo.png\",\"contentUrl\":\"https:\\\/\\\/radis.ee\\\/wp-content\\\/uploads\\\/2020\\\/10\\\/Radis-logo.png\",\"width\":300,\"height\":63,\"caption\":\"Radis O\u00dc\"},\"image\":{\"@id\":\"https:\\\/\\\/radis.ee\\\/#\\\/schema\\\/logo\\\/image\\\/\"},\"sameAs\":[\"https:\\\/\\\/www.facebook.com\\\/radisfurniture\\\/\"]}]}<\/script>\n<!-- \/ Yoast SEO plugin. -->","yoast_head_json":{"title":"Jatkettava ruokap\u00f6yt\u00e4 NAM-NAM - Radis","robots":{"index":"index","follow":"follow","max-snippet":"max-snippet:-1","max-image-preview":"max-image-preview:large","max-video-preview":"max-video-preview:-1"},"canonical":"https:\/\/radis.ee\/fi\/jatkettava-ruokapoyta-nam-nam\/","og_locale":"fi_FI","og_type":"article","og_title":"Jatkettava ruokap\u00f6yt\u00e4 NAM-NAM - Radis","og_description":"NAM-NAM-jatkettava ruokap\u00f6yt\u00e4 on monipuolinen, pohjoismaisesta tyylist\u00e4 inspiroitunut mestariteos, jossa on piilotetut integroidut jatkolevyt ja kest\u00e4v\u00e4 HPL- tai tammiviilutettu kansilevy. Se on t\u00e4ydellinen tyylik\u00e4s ratkaisu niin p\u00e4ivitt\u00e4isiin perheen aterioihin kuin suuriin illallisjuhliinkin. P\u00f6yt\u00e4 voidaan jatkaa hetkess\u00e4 pidemm\u00e4ksi suuremmalle seurueelle. K\u00e4tev\u00e4 p\u00f6yt\u00e4 sek\u00e4 kotona ett\u00e4 konttorissa, sill\u00e4 kokoukset ja juhlat pidet\u00e4\u00e4n aina p\u00f6yd\u00e4n \u00e4\u00e4ress\u00e4. P\u00f6yd\u00e4n jatko-osat voidaan...","og_url":"https:\/\/radis.ee\/fi\/jatkettava-ruokapoyta-nam-nam\/","og_site_name":"Radis","article_publisher":"https:\/\/www.facebook.com\/radisfurniture\/","article_modified_time":"2026-02-09T20:57:51+00:00","og_image":[{"width":2500,"height":2500,"url":"https:\/\/radis.ee\/wp-content\/uploads\/2020\/10\/RA0468-Radis-extendable-dinner-table-NAM-NAM-2-white-top-light-oak.jpg","type":"image\/jpeg"}],"twitter_card":"summary_large_image","twitter_misc":{"Arvioitu lukuaika":"1 minuutti"},"schema":{"@context":"https:\/\/schema.org","@graph":[{"@type":"WebPage","@id":"https:\/\/radis.ee\/fi\/jatkettava-ruokapoyta-nam-nam\/","url":"https:\/\/radis.ee\/fi\/jatkettava-ruokapoyta-nam-nam\/","name":"Jatkettava ruokap\u00f6yt\u00e4 NAM-NAM - Radis","isPartOf":{"@id":"https:\/\/radis.ee\/#website"},"primaryImageOfPage":{"@id":"https:\/\/radis.ee\/fi\/jatkettava-ruokapoyta-nam-nam\/#primaryimage"},"image":{"@id":"https:\/\/radis.ee\/fi\/jatkettava-ruokapoyta-nam-nam\/#primaryimage"},"thumbnailUrl":"https:\/\/radis.ee\/wp-content\/uploads\/2020\/10\/RA0468-Radis-extendable-dinner-table-NAM-NAM-2-white-top-light-oak.jpg","datePublished":"2022-10-27T23:04:36+00:00","dateModified":"2026-02-09T20:57:51+00:00","breadcrumb":{"@id":"https:\/\/radis.ee\/fi\/jatkettava-ruokapoyta-nam-nam\/#breadcrumb"},"inLanguage":"fi","potentialAction":[{"@type":"ReadAction","target":["https:\/\/radis.ee\/fi\/jatkettava-ruokapoyta-nam-nam\/"]}]},{"@type":"ImageObject","inLanguage":"fi","@id":"https:\/\/radis.ee\/fi\/jatkettava-ruokapoyta-nam-nam\/#primaryimage","url":"https:\/\/radis.ee\/wp-content\/uploads\/2020\/10\/RA0468-Radis-extendable-dinner-table-NAM-NAM-2-white-top-light-oak.jpg","contentUrl":"https:\/\/radis.ee\/wp-content\/uploads\/2020\/10\/RA0468-Radis-extendable-dinner-table-NAM-NAM-2-white-top-light-oak.jpg","width":2500,"height":2500},{"@type":"BreadcrumbList","@id":"https:\/\/radis.ee\/fi\/jatkettava-ruokapoyta-nam-nam\/#breadcrumb","itemListElement":[{"@type":"ListItem","position":1,"name":"Home","item":"https:\/\/radis.ee\/"},{"@type":"ListItem","position":2,"name":"Tuotteet","item":"https:\/\/radis.ee\/fi\/tuotteet\/"},{"@type":"ListItem","position":3,"name":"Jatkettava ruokap\u00f6yt\u00e4 NAM-NAM"}]},{"@type":"WebSite","@id":"https:\/\/radis.ee\/#website","url":"https:\/\/radis.ee\/","name":"Radis","description":"Nordic design furniture, environmentally friendly and sustainable.","publisher":{"@id":"https:\/\/radis.ee\/#organization"},"potentialAction":[{"@type":"SearchAction","target":{"@type":"EntryPoint","urlTemplate":"https:\/\/radis.ee\/?s={search_term_string}"},"query-input":{"@type":"PropertyValueSpecification","valueRequired":true,"valueName":"search_term_string"}}],"inLanguage":"fi"},{"@type":"Organization","@id":"https:\/\/radis.ee\/#organization","name":"Radis O\u00dc","url":"https:\/\/radis.ee\/","logo":{"@type":"ImageObject","inLanguage":"fi","@id":"https:\/\/radis.ee\/#\/schema\/logo\/image\/","url":"https:\/\/radis.ee\/wp-content\/uploads\/2020\/10\/Radis-logo.png","contentUrl":"https:\/\/radis.ee\/wp-content\/uploads\/2020\/10\/Radis-logo.png","width":300,"height":63,"caption":"Radis O\u00dc"},"image":{"@id":"https:\/\/radis.ee\/#\/schema\/logo\/image\/"},"sameAs":["https:\/\/www.facebook.com\/radisfurniture\/"]}]}},"_links":{"self":[{"href":"https:\/\/radis.ee\/fi\/wp-json\/wp\/v2\/product\/2965","targetHints":{"allow":["GET"]}}],"collection":[{"href":"https:\/\/radis.ee\/fi\/wp-json\/wp\/v2\/product"}],"about":[{"href":"https:\/\/radis.ee\/fi\/wp-json\/wp\/v2\/types\/product"}],"replies":[{"embeddable":true,"href":"https:\/\/radis.ee\/fi\/wp-json\/wp\/v2\/comments?post=2965"}],"wp:featuredmedia":[{"embeddable":true,"href":"https:\/\/radis.ee\/fi\/wp-json\/wp\/v2\/media\/4583"}],"wp:attachment":[{"href":"https:\/\/radis.ee\/fi\/wp-json\/wp\/v2\/media?parent=2965"}],"wp:term":[{"taxonomy":"product_brand","embeddable":true,"href":"https:\/\/radis.ee\/fi\/wp-json\/wp\/v2\/product_brand?post=2965"},{"taxonomy":"product_cat","embeddable":true,"href":"https:\/\/radis.ee\/fi\/wp-json\/wp\/v2\/product_cat?post=2965"},{"taxonomy":"product_tag","embeddable":true,"href":"https:\/\/radis.ee\/fi\/wp-json\/wp\/v2\/product_tag?post=2965"}],"curies":[{"name":"wp","href":"https:\/\/api.w.org\/{rel}","templated":true}]}}