{"id":29843,"date":"2022-10-08T07:19:20","date_gmt":"2022-10-08T04:19:20","guid":{"rendered":"https:\/\/radis.ee\/?post_type=product&#038;p=29843"},"modified":"2025-10-09T15:51:34","modified_gmt":"2025-10-09T12:51:34","slug":"kenkakaappi-noble","status":"publish","type":"product","link":"https:\/\/radis.ee\/fi\/kenkakaappi-noble\/","title":{"rendered":"Kenk\u00e4kaappi NOBLE"},"content":{"rendered":"<p>Tuo eleganssia ja j\u00e4rjestyst\u00e4 eteiseen NOBLE-kenk\u00e4kaapin avulla. Se on tyylik\u00e4s ja toimiva kaappi, joka on suunniteltu maksimoimaan tilan tinkim\u00e4tt\u00e4 tyylist\u00e4. Kest\u00e4v\u00e4st\u00e4 vanerista valmistettu kaappi on t\u00e4ydellinen ratkaisu kenkien siististi piilottamiseen.<\/p>\n<p>T\u00e4rkeimm\u00e4t ominaisuudet:<\/p>\n<p>Tilaa s\u00e4\u00e4st\u00e4v\u00e4 muotoilu: Nykyaikaiseen el\u00e4m\u00e4\u00e4n suunniteltu NOBLE-kaappi on suunniteltu seisomaan sein\u00e4\u00e4 vasten, joten se sopii erinomaisesti kapeisiin k\u00e4yt\u00e4viin ja kompakteihin tiloihin.<\/p>\n<p>Ulos kallistuvat kenk\u00e4lokerot: Kaksi ulos kallistettavaa laatikkoa s\u00e4ilytt\u00e4v\u00e4t kenki\u00e4 tehokkaasti pystysuunnassa hy\u00f6dynt\u00e4en syvyytt\u00e4 leveyden sijaan.<\/p>\n<p>Integroitu yl\u00e4laatikko: Sis\u00e4lt\u00e4\u00e4 matalan yl\u00e4laatikon, joka sopii t\u00e4ydellisesti arkip\u00e4iv\u00e4isten v\u00e4ltt\u00e4m\u00e4tt\u00f6myystarvikkeiden, kuten avainten, k\u00e4sineiden, lompakoiden tai koiranhihnojen, s\u00e4ilytt\u00e4miseen.<\/p>\n<p>Tyypilliset vanerireunat: Korostavat vanerin kaunista kerrostettua reunaa, joka on Radiksen tunnusmerkki sitoutumisesta rehellisiin, luonnollisiin materiaaleihin.<\/p>\n<p>R\u00e4\u00e4t\u00e4l\u00f6i viimeistely: NOBLE-kaappi on saatavilla useilla eri viimeistelyvaihtoehdoilla, jotka sopivat t\u00e4ydellisesti sisustukseesi: tammiviilutettu vaneri, valkoinen HPL-vaneri, erilaiset \u00f6ljyvahatut koivuvanerivaihtoehdot tai <span>\u00f6ljyvahatusta Forescolorista (Orgaaninen v\u00e4rillinen l\u00e4pikuidulla oleva puukuitulevy)<\/span>.<\/p>\n<p>Kokoonpanovaihtoehdot: Voit valita kaapin kelluvan (sein\u00e4kiinnityksen) minimalistisen ilmeen saavuttamiseksi tai parantaa sen tyyli\u00e4 ja k\u00e4ytett\u00e4vyytt\u00e4 Noble collEctionin 17 cm korkeilla metallijaloilla (sein\u00e4kiinnitys vaaditaan edelleen kaatumissuojan takaamiseksi).<\/p>\n<p>NOBLE-kenk\u00e4kaappi on kohta, jossa toiminnallinen s\u00e4ilytystila kohtaa kauniin ja kest\u00e4v\u00e4n muotoilun.<\/p>\n","protected":false},"excerpt":{"rendered":"<p>Tuo eleganssia ja j\u00e4rjestyst\u00e4 eteiseen NOBLE-kenk\u00e4kaapin avulla. Se on tyylik\u00e4s ja toimiva kaappi, joka on suunniteltu maksimoimaan tilan tinkim\u00e4tt\u00e4 tyylist\u00e4. Kest\u00e4v\u00e4st\u00e4 vanerista valmistettu kaappi on t\u00e4ydellinen ratkaisu kenkien siististi piilottamiseen. T\u00e4rkeimm\u00e4t ominaisuudet: Tilaa s\u00e4\u00e4st\u00e4v\u00e4 muotoilu: Nykyaikaiseen el\u00e4m\u00e4\u00e4n suunniteltu NOBLE-kaappi on suunniteltu seisomaan sein\u00e4\u00e4 vasten, joten se sopii erinomaisesti kapeisiin k\u00e4yt\u00e4viin ja kompakteihin tiloihin. Ulos kallistuvat&#8230;<\/p>\n","protected":false},"featured_media":30000,"comment_status":"open","ping_status":"closed","template":"","meta":{"_acf_changed":false},"product_brand":[],"product_cat":[17],"product_tag":[],"class_list":{"0":"post-29843","1":"product","2":"type-product","3":"status-publish","4":"has-post-thumbnail","6":"product_cat-kummutid","8":"first","9":"instock","10":"taxable","11":"shipping-taxable","12":"purchasable","13":"product-type-variable","14":"has-default-attributes"},"acf":[],"yoast_head":"<!-- This site is optimized with the Yoast SEO plugin v27.3 - https:\/\/yoast.com\/product\/yoast-seo-wordpress\/ -->\n<title>Kenk\u00e4kaappi NOBLE - Radis<\/title>\n<meta name=\"robots\" content=\"index, follow, max-snippet:-1, max-image-preview:large, max-video-preview:-1\" \/>\n<link rel=\"canonical\" href=\"https:\/\/radis.ee\/fi\/kenkakaappi-noble\/\" \/>\n<meta property=\"og:locale\" content=\"fi_FI\" \/>\n<meta property=\"og:type\" content=\"article\" \/>\n<meta property=\"og:title\" content=\"Kenk\u00e4kaappi NOBLE - Radis\" \/>\n<meta property=\"og:description\" content=\"Tuo eleganssia ja j\u00e4rjestyst\u00e4 eteiseen NOBLE-kenk\u00e4kaapin avulla. Se on tyylik\u00e4s ja toimiva kaappi, joka on suunniteltu maksimoimaan tilan tinkim\u00e4tt\u00e4 tyylist\u00e4. Kest\u00e4v\u00e4st\u00e4 vanerista valmistettu kaappi on t\u00e4ydellinen ratkaisu kenkien siististi piilottamiseen. T\u00e4rkeimm\u00e4t ominaisuudet: Tilaa s\u00e4\u00e4st\u00e4v\u00e4 muotoilu: Nykyaikaiseen el\u00e4m\u00e4\u00e4n suunniteltu NOBLE-kaappi on suunniteltu seisomaan sein\u00e4\u00e4 vasten, joten se sopii erinomaisesti kapeisiin k\u00e4yt\u00e4viin ja kompakteihin tiloihin. Ulos kallistuvat...\" \/>\n<meta property=\"og:url\" content=\"https:\/\/radis.ee\/fi\/kenkakaappi-noble\/\" \/>\n<meta property=\"og:site_name\" content=\"Radis\" \/>\n<meta property=\"article:publisher\" content=\"https:\/\/www.facebook.com\/radisfurniture\/\" \/>\n<meta property=\"article:modified_time\" content=\"2025-10-09T12:51:34+00:00\" \/>\n<meta property=\"og:image\" content=\"https:\/\/radis.ee\/wp-content\/uploads\/2022\/10\/Radis_shoe_storage_cabinet_NOBLE_Oak_veneered_plywood_white_background-1.webp\" \/>\n\t<meta property=\"og:image:width\" content=\"433\" \/>\n\t<meta property=\"og:image:height\" content=\"596\" \/>\n\t<meta property=\"og:image:type\" content=\"image\/webp\" \/>\n<meta name=\"twitter:card\" content=\"summary_large_image\" \/>\n<meta name=\"twitter:label1\" content=\"Arvioitu lukuaika\" \/>\n\t<meta name=\"twitter:data1\" content=\"1 minuutti\" \/>\n<script type=\"application\/ld+json\" class=\"yoast-schema-graph\">{\"@context\":\"https:\\\/\\\/schema.org\",\"@graph\":[{\"@type\":\"WebPage\",\"@id\":\"https:\\\/\\\/radis.ee\\\/fi\\\/kenkakaappi-noble\\\/\",\"url\":\"https:\\\/\\\/radis.ee\\\/fi\\\/kenkakaappi-noble\\\/\",\"name\":\"Kenk\u00e4kaappi NOBLE - Radis\",\"isPartOf\":{\"@id\":\"https:\\\/\\\/radis.ee\\\/#website\"},\"primaryImageOfPage\":{\"@id\":\"https:\\\/\\\/radis.ee\\\/fi\\\/kenkakaappi-noble\\\/#primaryimage\"},\"image\":{\"@id\":\"https:\\\/\\\/radis.ee\\\/fi\\\/kenkakaappi-noble\\\/#primaryimage\"},\"thumbnailUrl\":\"https:\\\/\\\/radis.ee\\\/wp-content\\\/uploads\\\/2022\\\/10\\\/Radis_shoe_storage_cabinet_NOBLE_Oak_veneered_plywood_white_background-1.webp\",\"datePublished\":\"2022-10-08T04:19:20+00:00\",\"dateModified\":\"2025-10-09T12:51:34+00:00\",\"breadcrumb\":{\"@id\":\"https:\\\/\\\/radis.ee\\\/fi\\\/kenkakaappi-noble\\\/#breadcrumb\"},\"inLanguage\":\"fi\",\"potentialAction\":[{\"@type\":\"ReadAction\",\"target\":[\"https:\\\/\\\/radis.ee\\\/fi\\\/kenkakaappi-noble\\\/\"]}]},{\"@type\":\"ImageObject\",\"inLanguage\":\"fi\",\"@id\":\"https:\\\/\\\/radis.ee\\\/fi\\\/kenkakaappi-noble\\\/#primaryimage\",\"url\":\"https:\\\/\\\/radis.ee\\\/wp-content\\\/uploads\\\/2022\\\/10\\\/Radis_shoe_storage_cabinet_NOBLE_Oak_veneered_plywood_white_background-1.webp\",\"contentUrl\":\"https:\\\/\\\/radis.ee\\\/wp-content\\\/uploads\\\/2022\\\/10\\\/Radis_shoe_storage_cabinet_NOBLE_Oak_veneered_plywood_white_background-1.webp\",\"width\":433,\"height\":596,\"caption\":\"Radis_shoe_storage_cabinet_NOBLE_Oak_veneered_plywood_white_background\"},{\"@type\":\"BreadcrumbList\",\"@id\":\"https:\\\/\\\/radis.ee\\\/fi\\\/kenkakaappi-noble\\\/#breadcrumb\",\"itemListElement\":[{\"@type\":\"ListItem\",\"position\":1,\"name\":\"Home\",\"item\":\"https:\\\/\\\/radis.ee\\\/\"},{\"@type\":\"ListItem\",\"position\":2,\"name\":\"Tuotteet\",\"item\":\"https:\\\/\\\/radis.ee\\\/fi\\\/tuotteet\\\/\"},{\"@type\":\"ListItem\",\"position\":3,\"name\":\"Kenk\u00e4kaappi NOBLE\"}]},{\"@type\":\"WebSite\",\"@id\":\"https:\\\/\\\/radis.ee\\\/#website\",\"url\":\"https:\\\/\\\/radis.ee\\\/\",\"name\":\"Radis\",\"description\":\"Nordic design furniture, environmentally friendly and sustainable.\",\"publisher\":{\"@id\":\"https:\\\/\\\/radis.ee\\\/#organization\"},\"potentialAction\":[{\"@type\":\"SearchAction\",\"target\":{\"@type\":\"EntryPoint\",\"urlTemplate\":\"https:\\\/\\\/radis.ee\\\/?s={search_term_string}\"},\"query-input\":{\"@type\":\"PropertyValueSpecification\",\"valueRequired\":true,\"valueName\":\"search_term_string\"}}],\"inLanguage\":\"fi\"},{\"@type\":\"Organization\",\"@id\":\"https:\\\/\\\/radis.ee\\\/#organization\",\"name\":\"Radis O\u00dc\",\"url\":\"https:\\\/\\\/radis.ee\\\/\",\"logo\":{\"@type\":\"ImageObject\",\"inLanguage\":\"fi\",\"@id\":\"https:\\\/\\\/radis.ee\\\/#\\\/schema\\\/logo\\\/image\\\/\",\"url\":\"https:\\\/\\\/radis.ee\\\/wp-content\\\/uploads\\\/2020\\\/10\\\/Radis-logo.png\",\"contentUrl\":\"https:\\\/\\\/radis.ee\\\/wp-content\\\/uploads\\\/2020\\\/10\\\/Radis-logo.png\",\"width\":300,\"height\":63,\"caption\":\"Radis O\u00dc\"},\"image\":{\"@id\":\"https:\\\/\\\/radis.ee\\\/#\\\/schema\\\/logo\\\/image\\\/\"},\"sameAs\":[\"https:\\\/\\\/www.facebook.com\\\/radisfurniture\\\/\"]}]}<\/script>\n<!-- \/ Yoast SEO plugin. -->","yoast_head_json":{"title":"Kenk\u00e4kaappi NOBLE - Radis","robots":{"index":"index","follow":"follow","max-snippet":"max-snippet:-1","max-image-preview":"max-image-preview:large","max-video-preview":"max-video-preview:-1"},"canonical":"https:\/\/radis.ee\/fi\/kenkakaappi-noble\/","og_locale":"fi_FI","og_type":"article","og_title":"Kenk\u00e4kaappi NOBLE - Radis","og_description":"Tuo eleganssia ja j\u00e4rjestyst\u00e4 eteiseen NOBLE-kenk\u00e4kaapin avulla. Se on tyylik\u00e4s ja toimiva kaappi, joka on suunniteltu maksimoimaan tilan tinkim\u00e4tt\u00e4 tyylist\u00e4. Kest\u00e4v\u00e4st\u00e4 vanerista valmistettu kaappi on t\u00e4ydellinen ratkaisu kenkien siististi piilottamiseen. T\u00e4rkeimm\u00e4t ominaisuudet: Tilaa s\u00e4\u00e4st\u00e4v\u00e4 muotoilu: Nykyaikaiseen el\u00e4m\u00e4\u00e4n suunniteltu NOBLE-kaappi on suunniteltu seisomaan sein\u00e4\u00e4 vasten, joten se sopii erinomaisesti kapeisiin k\u00e4yt\u00e4viin ja kompakteihin tiloihin. Ulos kallistuvat...","og_url":"https:\/\/radis.ee\/fi\/kenkakaappi-noble\/","og_site_name":"Radis","article_publisher":"https:\/\/www.facebook.com\/radisfurniture\/","article_modified_time":"2025-10-09T12:51:34+00:00","og_image":[{"width":433,"height":596,"url":"https:\/\/radis.ee\/wp-content\/uploads\/2022\/10\/Radis_shoe_storage_cabinet_NOBLE_Oak_veneered_plywood_white_background-1.webp","type":"image\/webp"}],"twitter_card":"summary_large_image","twitter_misc":{"Arvioitu lukuaika":"1 minuutti"},"schema":{"@context":"https:\/\/schema.org","@graph":[{"@type":"WebPage","@id":"https:\/\/radis.ee\/fi\/kenkakaappi-noble\/","url":"https:\/\/radis.ee\/fi\/kenkakaappi-noble\/","name":"Kenk\u00e4kaappi NOBLE - Radis","isPartOf":{"@id":"https:\/\/radis.ee\/#website"},"primaryImageOfPage":{"@id":"https:\/\/radis.ee\/fi\/kenkakaappi-noble\/#primaryimage"},"image":{"@id":"https:\/\/radis.ee\/fi\/kenkakaappi-noble\/#primaryimage"},"thumbnailUrl":"https:\/\/radis.ee\/wp-content\/uploads\/2022\/10\/Radis_shoe_storage_cabinet_NOBLE_Oak_veneered_plywood_white_background-1.webp","datePublished":"2022-10-08T04:19:20+00:00","dateModified":"2025-10-09T12:51:34+00:00","breadcrumb":{"@id":"https:\/\/radis.ee\/fi\/kenkakaappi-noble\/#breadcrumb"},"inLanguage":"fi","potentialAction":[{"@type":"ReadAction","target":["https:\/\/radis.ee\/fi\/kenkakaappi-noble\/"]}]},{"@type":"ImageObject","inLanguage":"fi","@id":"https:\/\/radis.ee\/fi\/kenkakaappi-noble\/#primaryimage","url":"https:\/\/radis.ee\/wp-content\/uploads\/2022\/10\/Radis_shoe_storage_cabinet_NOBLE_Oak_veneered_plywood_white_background-1.webp","contentUrl":"https:\/\/radis.ee\/wp-content\/uploads\/2022\/10\/Radis_shoe_storage_cabinet_NOBLE_Oak_veneered_plywood_white_background-1.webp","width":433,"height":596,"caption":"Radis_shoe_storage_cabinet_NOBLE_Oak_veneered_plywood_white_background"},{"@type":"BreadcrumbList","@id":"https:\/\/radis.ee\/fi\/kenkakaappi-noble\/#breadcrumb","itemListElement":[{"@type":"ListItem","position":1,"name":"Home","item":"https:\/\/radis.ee\/"},{"@type":"ListItem","position":2,"name":"Tuotteet","item":"https:\/\/radis.ee\/fi\/tuotteet\/"},{"@type":"ListItem","position":3,"name":"Kenk\u00e4kaappi NOBLE"}]},{"@type":"WebSite","@id":"https:\/\/radis.ee\/#website","url":"https:\/\/radis.ee\/","name":"Radis","description":"Nordic design furniture, environmentally friendly and sustainable.","publisher":{"@id":"https:\/\/radis.ee\/#organization"},"potentialAction":[{"@type":"SearchAction","target":{"@type":"EntryPoint","urlTemplate":"https:\/\/radis.ee\/?s={search_term_string}"},"query-input":{"@type":"PropertyValueSpecification","valueRequired":true,"valueName":"search_term_string"}}],"inLanguage":"fi"},{"@type":"Organization","@id":"https:\/\/radis.ee\/#organization","name":"Radis O\u00dc","url":"https:\/\/radis.ee\/","logo":{"@type":"ImageObject","inLanguage":"fi","@id":"https:\/\/radis.ee\/#\/schema\/logo\/image\/","url":"https:\/\/radis.ee\/wp-content\/uploads\/2020\/10\/Radis-logo.png","contentUrl":"https:\/\/radis.ee\/wp-content\/uploads\/2020\/10\/Radis-logo.png","width":300,"height":63,"caption":"Radis O\u00dc"},"image":{"@id":"https:\/\/radis.ee\/#\/schema\/logo\/image\/"},"sameAs":["https:\/\/www.facebook.com\/radisfurniture\/"]}]}},"_links":{"self":[{"href":"https:\/\/radis.ee\/fi\/wp-json\/wp\/v2\/product\/29843","targetHints":{"allow":["GET"]}}],"collection":[{"href":"https:\/\/radis.ee\/fi\/wp-json\/wp\/v2\/product"}],"about":[{"href":"https:\/\/radis.ee\/fi\/wp-json\/wp\/v2\/types\/product"}],"replies":[{"embeddable":true,"href":"https:\/\/radis.ee\/fi\/wp-json\/wp\/v2\/comments?post=29843"}],"wp:featuredmedia":[{"embeddable":true,"href":"https:\/\/radis.ee\/fi\/wp-json\/wp\/v2\/media\/30000"}],"wp:attachment":[{"href":"https:\/\/radis.ee\/fi\/wp-json\/wp\/v2\/media?parent=29843"}],"wp:term":[{"taxonomy":"product_brand","embeddable":true,"href":"https:\/\/radis.ee\/fi\/wp-json\/wp\/v2\/product_brand?post=29843"},{"taxonomy":"product_cat","embeddable":true,"href":"https:\/\/radis.ee\/fi\/wp-json\/wp\/v2\/product_cat?post=29843"},{"taxonomy":"product_tag","embeddable":true,"href":"https:\/\/radis.ee\/fi\/wp-json\/wp\/v2\/product_tag?post=29843"}],"curies":[{"name":"wp","href":"https:\/\/api.w.org\/{rel}","templated":true}]}}