{"id":30251,"date":"2023-06-27T08:13:42","date_gmt":"2023-06-27T05:13:42","guid":{"rendered":"https:\/\/radis.ee\/?post_type=product&#038;p=30251"},"modified":"2025-11-14T10:07:13","modified_gmt":"2025-11-14T08:07:13","slug":"hylly-finn","status":"publish","type":"product","link":"https:\/\/radis.ee\/fi\/hylly-finn\/","title":{"rendered":"Hylly FINN"},"content":{"rendered":"<p>Pohjoismaisen muotoilun puhtaista linjoista inspiroitunut ja kodikkaan eleganssin luomiseen suunniteltu hylly.<\/p>\n<p>T\u00e4m\u00e4 upea, korkealaatuisella tammiviilulla tai HPL-laminaatilla p\u00e4\u00e4llystetty hylly on enemm\u00e4n kuin vain s\u00e4ilytystilaa; se on dynaaminen keskipiste. Sen lomitettu, ep\u00e4symmetrinen ruudukko antaa sinun lajitella kirjojasi ja aarteitasi, jolloin jokainen esill\u00e4 oleva esine muuttuu taideteokseksi.<\/p>\n<p>FINN-hylly tuo l\u00e4mp\u00f6\u00e4 ja modernia rakennetta mihin tahansa asuintilaan ja t\u00e4ydent\u00e4\u00e4 luonnollisesti sohviasi ja tekstiilej\u00e4si. Se on t\u00e4ydellinen muodon ja toiminnallisuuden yhdistelm\u00e4 luomaan todella pohjoismaisen viihtyis\u00e4n kodin.<\/p>\n<p>FINN on valmistettu ymp\u00e4rist\u00f6yst\u00e4v\u00e4llisest\u00e4 koivuvanerista, joka on p\u00e4\u00e4llystetty tammiviilulla tai HPL-laminaatilla. Hyllyn alaosassa on 8 cm:n sokkeli, joka sopii erilaisiin jalkalistoihin. J\u00e4ykkyytt\u00e4 yll\u00e4pit\u00e4v\u00e4t ulkokulmien takasein\u00e4t. Ulkosein\u00e4t on kiinnitetty tapilla ja ep\u00e4keskoilla, sis\u00e4sein\u00e4t tapeilla. Sis\u00e4hyllyjen v\u00e4linen korkeus 28 cm.<\/p>\n","protected":false},"excerpt":{"rendered":"<p>Pohjoismaisen muotoilun puhtaista linjoista inspiroitunut ja kodikkaan eleganssin luomiseen suunniteltu hylly. T\u00e4m\u00e4 upea, korkealaatuisella tammiviilulla tai HPL-laminaatilla p\u00e4\u00e4llystetty hylly on enemm\u00e4n kuin vain s\u00e4ilytystilaa; se on dynaaminen keskipiste. Sen lomitettu, ep\u00e4symmetrinen ruudukko antaa sinun lajitella kirjojasi ja aarteitasi, jolloin jokainen esill\u00e4 oleva esine muuttuu taideteokseksi. FINN-hylly tuo l\u00e4mp\u00f6\u00e4 ja modernia rakennetta mihin tahansa asuintilaan ja&#8230;<\/p>\n","protected":false},"featured_media":30555,"comment_status":"open","ping_status":"closed","template":"","meta":{"_acf_changed":false},"product_brand":[],"product_cat":[109],"product_tag":[],"class_list":{"0":"post-30251","1":"product","2":"type-product","3":"status-publish","4":"has-post-thumbnail","6":"product_cat-riiulid","8":"first","9":"instock","10":"taxable","11":"shipping-taxable","12":"purchasable","13":"product-type-variable","14":"has-default-attributes"},"acf":[],"yoast_head":"<!-- This site is optimized with the Yoast SEO plugin v27.4 - https:\/\/yoast.com\/product\/yoast-seo-wordpress\/ -->\n<title>Hylly FINN - Radis<\/title>\n<meta name=\"robots\" content=\"index, follow, max-snippet:-1, max-image-preview:large, max-video-preview:-1\" \/>\n<link rel=\"canonical\" href=\"https:\/\/radis.ee\/fi\/hylly-finn\/\" \/>\n<meta property=\"og:locale\" content=\"fi_FI\" \/>\n<meta property=\"og:type\" content=\"article\" \/>\n<meta property=\"og:title\" content=\"Hylly FINN - Radis\" \/>\n<meta property=\"og:description\" content=\"Pohjoismaisen muotoilun puhtaista linjoista inspiroitunut ja kodikkaan eleganssin luomiseen suunniteltu hylly. T\u00e4m\u00e4 upea, korkealaatuisella tammiviilulla tai HPL-laminaatilla p\u00e4\u00e4llystetty hylly on enemm\u00e4n kuin vain s\u00e4ilytystilaa; se on dynaaminen keskipiste. Sen lomitettu, ep\u00e4symmetrinen ruudukko antaa sinun lajitella kirjojasi ja aarteitasi, jolloin jokainen esill\u00e4 oleva esine muuttuu taideteokseksi. FINN-hylly tuo l\u00e4mp\u00f6\u00e4 ja modernia rakennetta mihin tahansa asuintilaan ja...\" \/>\n<meta property=\"og:url\" content=\"https:\/\/radis.ee\/fi\/hylly-finn\/\" \/>\n<meta property=\"og:site_name\" content=\"Radis\" \/>\n<meta property=\"article:publisher\" content=\"https:\/\/www.facebook.com\/radisfurniture\/\" \/>\n<meta property=\"article:modified_time\" content=\"2025-11-14T08:07:13+00:00\" \/>\n<meta property=\"og:image\" content=\"https:\/\/radis.ee\/wp-content\/uploads\/2025\/11\/Radis_Furniture_shelf_FINN_Oak_veneered_plywood_white_background.webp\" \/>\n\t<meta property=\"og:image:width\" content=\"864\" \/>\n\t<meta property=\"og:image:height\" content=\"1184\" \/>\n\t<meta property=\"og:image:type\" content=\"image\/webp\" \/>\n<meta name=\"twitter:card\" content=\"summary_large_image\" \/>\n<meta name=\"twitter:label1\" content=\"Arvioitu lukuaika\" \/>\n\t<meta name=\"twitter:data1\" content=\"1 minuutti\" \/>\n<script type=\"application\/ld+json\" class=\"yoast-schema-graph\">{\"@context\":\"https:\\\/\\\/schema.org\",\"@graph\":[{\"@type\":\"WebPage\",\"@id\":\"https:\\\/\\\/radis.ee\\\/fi\\\/hylly-finn\\\/\",\"url\":\"https:\\\/\\\/radis.ee\\\/fi\\\/hylly-finn\\\/\",\"name\":\"Hylly FINN - Radis\",\"isPartOf\":{\"@id\":\"https:\\\/\\\/radis.ee\\\/#website\"},\"primaryImageOfPage\":{\"@id\":\"https:\\\/\\\/radis.ee\\\/fi\\\/hylly-finn\\\/#primaryimage\"},\"image\":{\"@id\":\"https:\\\/\\\/radis.ee\\\/fi\\\/hylly-finn\\\/#primaryimage\"},\"thumbnailUrl\":\"https:\\\/\\\/radis.ee\\\/wp-content\\\/uploads\\\/2025\\\/11\\\/Radis_Furniture_shelf_FINN_Oak_veneered_plywood_white_background_2.webp\",\"datePublished\":\"2023-06-27T05:13:42+00:00\",\"dateModified\":\"2025-11-14T08:07:13+00:00\",\"breadcrumb\":{\"@id\":\"https:\\\/\\\/radis.ee\\\/fi\\\/hylly-finn\\\/#breadcrumb\"},\"inLanguage\":\"fi\",\"potentialAction\":[{\"@type\":\"ReadAction\",\"target\":[\"https:\\\/\\\/radis.ee\\\/fi\\\/hylly-finn\\\/\"]}]},{\"@type\":\"ImageObject\",\"inLanguage\":\"fi\",\"@id\":\"https:\\\/\\\/radis.ee\\\/fi\\\/hylly-finn\\\/#primaryimage\",\"url\":\"https:\\\/\\\/radis.ee\\\/wp-content\\\/uploads\\\/2025\\\/11\\\/Radis_Furniture_shelf_FINN_Oak_veneered_plywood_white_background_2.webp\",\"contentUrl\":\"https:\\\/\\\/radis.ee\\\/wp-content\\\/uploads\\\/2025\\\/11\\\/Radis_Furniture_shelf_FINN_Oak_veneered_plywood_white_background_2.webp\",\"width\":864,\"height\":1184,\"caption\":\"Radis Furniture shelf FINN Oak veneered plywood\"},{\"@type\":\"BreadcrumbList\",\"@id\":\"https:\\\/\\\/radis.ee\\\/fi\\\/hylly-finn\\\/#breadcrumb\",\"itemListElement\":[{\"@type\":\"ListItem\",\"position\":1,\"name\":\"Home\",\"item\":\"https:\\\/\\\/radis.ee\\\/\"},{\"@type\":\"ListItem\",\"position\":2,\"name\":\"Tuotteet\",\"item\":\"https:\\\/\\\/radis.ee\\\/fi\\\/tuotteet\\\/\"},{\"@type\":\"ListItem\",\"position\":3,\"name\":\"Hylly FINN\"}]},{\"@type\":\"WebSite\",\"@id\":\"https:\\\/\\\/radis.ee\\\/#website\",\"url\":\"https:\\\/\\\/radis.ee\\\/\",\"name\":\"Radis\",\"description\":\"Nordic design furniture, environmentally friendly and sustainable.\",\"publisher\":{\"@id\":\"https:\\\/\\\/radis.ee\\\/#organization\"},\"potentialAction\":[{\"@type\":\"SearchAction\",\"target\":{\"@type\":\"EntryPoint\",\"urlTemplate\":\"https:\\\/\\\/radis.ee\\\/?s={search_term_string}\"},\"query-input\":{\"@type\":\"PropertyValueSpecification\",\"valueRequired\":true,\"valueName\":\"search_term_string\"}}],\"inLanguage\":\"fi\"},{\"@type\":\"Organization\",\"@id\":\"https:\\\/\\\/radis.ee\\\/#organization\",\"name\":\"Radis O\u00dc\",\"url\":\"https:\\\/\\\/radis.ee\\\/\",\"logo\":{\"@type\":\"ImageObject\",\"inLanguage\":\"fi\",\"@id\":\"https:\\\/\\\/radis.ee\\\/#\\\/schema\\\/logo\\\/image\\\/\",\"url\":\"https:\\\/\\\/radis.ee\\\/wp-content\\\/uploads\\\/2020\\\/10\\\/Radis-logo.png\",\"contentUrl\":\"https:\\\/\\\/radis.ee\\\/wp-content\\\/uploads\\\/2020\\\/10\\\/Radis-logo.png\",\"width\":300,\"height\":63,\"caption\":\"Radis O\u00dc\"},\"image\":{\"@id\":\"https:\\\/\\\/radis.ee\\\/#\\\/schema\\\/logo\\\/image\\\/\"},\"sameAs\":[\"https:\\\/\\\/www.facebook.com\\\/radisfurniture\\\/\"]}]}<\/script>\n<!-- \/ Yoast SEO plugin. -->","yoast_head_json":{"title":"Hylly FINN - Radis","robots":{"index":"index","follow":"follow","max-snippet":"max-snippet:-1","max-image-preview":"max-image-preview:large","max-video-preview":"max-video-preview:-1"},"canonical":"https:\/\/radis.ee\/fi\/hylly-finn\/","og_locale":"fi_FI","og_type":"article","og_title":"Hylly FINN - Radis","og_description":"Pohjoismaisen muotoilun puhtaista linjoista inspiroitunut ja kodikkaan eleganssin luomiseen suunniteltu hylly. T\u00e4m\u00e4 upea, korkealaatuisella tammiviilulla tai HPL-laminaatilla p\u00e4\u00e4llystetty hylly on enemm\u00e4n kuin vain s\u00e4ilytystilaa; se on dynaaminen keskipiste. Sen lomitettu, ep\u00e4symmetrinen ruudukko antaa sinun lajitella kirjojasi ja aarteitasi, jolloin jokainen esill\u00e4 oleva esine muuttuu taideteokseksi. FINN-hylly tuo l\u00e4mp\u00f6\u00e4 ja modernia rakennetta mihin tahansa asuintilaan ja...","og_url":"https:\/\/radis.ee\/fi\/hylly-finn\/","og_site_name":"Radis","article_publisher":"https:\/\/www.facebook.com\/radisfurniture\/","article_modified_time":"2025-11-14T08:07:13+00:00","og_image":[{"width":864,"height":1184,"url":"https:\/\/radis.ee\/wp-content\/uploads\/2025\/11\/Radis_Furniture_shelf_FINN_Oak_veneered_plywood_white_background.webp","type":"image\/webp"}],"twitter_card":"summary_large_image","twitter_misc":{"Arvioitu lukuaika":"1 minuutti"},"schema":{"@context":"https:\/\/schema.org","@graph":[{"@type":"WebPage","@id":"https:\/\/radis.ee\/fi\/hylly-finn\/","url":"https:\/\/radis.ee\/fi\/hylly-finn\/","name":"Hylly FINN - Radis","isPartOf":{"@id":"https:\/\/radis.ee\/#website"},"primaryImageOfPage":{"@id":"https:\/\/radis.ee\/fi\/hylly-finn\/#primaryimage"},"image":{"@id":"https:\/\/radis.ee\/fi\/hylly-finn\/#primaryimage"},"thumbnailUrl":"https:\/\/radis.ee\/wp-content\/uploads\/2025\/11\/Radis_Furniture_shelf_FINN_Oak_veneered_plywood_white_background_2.webp","datePublished":"2023-06-27T05:13:42+00:00","dateModified":"2025-11-14T08:07:13+00:00","breadcrumb":{"@id":"https:\/\/radis.ee\/fi\/hylly-finn\/#breadcrumb"},"inLanguage":"fi","potentialAction":[{"@type":"ReadAction","target":["https:\/\/radis.ee\/fi\/hylly-finn\/"]}]},{"@type":"ImageObject","inLanguage":"fi","@id":"https:\/\/radis.ee\/fi\/hylly-finn\/#primaryimage","url":"https:\/\/radis.ee\/wp-content\/uploads\/2025\/11\/Radis_Furniture_shelf_FINN_Oak_veneered_plywood_white_background_2.webp","contentUrl":"https:\/\/radis.ee\/wp-content\/uploads\/2025\/11\/Radis_Furniture_shelf_FINN_Oak_veneered_plywood_white_background_2.webp","width":864,"height":1184,"caption":"Radis Furniture shelf FINN Oak veneered plywood"},{"@type":"BreadcrumbList","@id":"https:\/\/radis.ee\/fi\/hylly-finn\/#breadcrumb","itemListElement":[{"@type":"ListItem","position":1,"name":"Home","item":"https:\/\/radis.ee\/"},{"@type":"ListItem","position":2,"name":"Tuotteet","item":"https:\/\/radis.ee\/fi\/tuotteet\/"},{"@type":"ListItem","position":3,"name":"Hylly FINN"}]},{"@type":"WebSite","@id":"https:\/\/radis.ee\/#website","url":"https:\/\/radis.ee\/","name":"Radis","description":"Nordic design furniture, environmentally friendly and sustainable.","publisher":{"@id":"https:\/\/radis.ee\/#organization"},"potentialAction":[{"@type":"SearchAction","target":{"@type":"EntryPoint","urlTemplate":"https:\/\/radis.ee\/?s={search_term_string}"},"query-input":{"@type":"PropertyValueSpecification","valueRequired":true,"valueName":"search_term_string"}}],"inLanguage":"fi"},{"@type":"Organization","@id":"https:\/\/radis.ee\/#organization","name":"Radis O\u00dc","url":"https:\/\/radis.ee\/","logo":{"@type":"ImageObject","inLanguage":"fi","@id":"https:\/\/radis.ee\/#\/schema\/logo\/image\/","url":"https:\/\/radis.ee\/wp-content\/uploads\/2020\/10\/Radis-logo.png","contentUrl":"https:\/\/radis.ee\/wp-content\/uploads\/2020\/10\/Radis-logo.png","width":300,"height":63,"caption":"Radis O\u00dc"},"image":{"@id":"https:\/\/radis.ee\/#\/schema\/logo\/image\/"},"sameAs":["https:\/\/www.facebook.com\/radisfurniture\/"]}]}},"_links":{"self":[{"href":"https:\/\/radis.ee\/fi\/wp-json\/wp\/v2\/product\/30251","targetHints":{"allow":["GET"]}}],"collection":[{"href":"https:\/\/radis.ee\/fi\/wp-json\/wp\/v2\/product"}],"about":[{"href":"https:\/\/radis.ee\/fi\/wp-json\/wp\/v2\/types\/product"}],"replies":[{"embeddable":true,"href":"https:\/\/radis.ee\/fi\/wp-json\/wp\/v2\/comments?post=30251"}],"wp:featuredmedia":[{"embeddable":true,"href":"https:\/\/radis.ee\/fi\/wp-json\/wp\/v2\/media\/30555"}],"wp:attachment":[{"href":"https:\/\/radis.ee\/fi\/wp-json\/wp\/v2\/media?parent=30251"}],"wp:term":[{"taxonomy":"product_brand","embeddable":true,"href":"https:\/\/radis.ee\/fi\/wp-json\/wp\/v2\/product_brand?post=30251"},{"taxonomy":"product_cat","embeddable":true,"href":"https:\/\/radis.ee\/fi\/wp-json\/wp\/v2\/product_cat?post=30251"},{"taxonomy":"product_tag","embeddable":true,"href":"https:\/\/radis.ee\/fi\/wp-json\/wp\/v2\/product_tag?post=30251"}],"curies":[{"name":"wp","href":"https:\/\/api.w.org\/{rel}","templated":true}]}}