{"id":3047,"date":"2020-06-10T21:50:48","date_gmt":"2020-08-28T18:50:48","guid":{"rendered":"https:\/\/radis.ee\/Ei-luokiteltu\/lipasto-man\/"},"modified":"2020-12-08T09:23:27","modified_gmt":"2020-12-08T07:23:27","slug":"lipasto-man","status":"publish","type":"product","link":"https:\/\/radis.ee\/fi\/lipasto-man\/","title":{"rendered":"Lipasto MAN"},"content":{"rendered":"<p>Vahvassa ja kest\u00e4v\u00e4ss\u00e4 senkiss\u00e4 on keskell\u00e4 laatikot ja sivuilla kaapit. T\u00e4m\u00e4 hyv\u00e4ntahtoinen huonekalu seuraa puuhasteluasi eteisess\u00e4 tai huoneen nurkassa.<\/p>\n<p>Kaapinovien takaa l\u00f6ytyv\u00e4t hyllyt. Valmistettu Light Oak \u00f6ljyvahatusta koivuvanerista. Ovet ja laatikot Koskisen CPL vanerilla. Hitaasti sulkeutuvat saranat ja laatikon kiskot. Molempien ovien takana on korkeuss\u00e4\u00e4dett\u00e4v\u00e4t v\u00e4lihyllyt.<\/p>\n<p>MAN-mallisto oli Viron design-palkintoon Bruno 2016 ehdokas.<\/p>\n","protected":false},"excerpt":{"rendered":"<p>Vahvassa ja kest\u00e4v\u00e4ss\u00e4 senkiss\u00e4 on keskell\u00e4 laatikot ja sivuilla kaapit. T\u00e4m\u00e4 hyv\u00e4ntahtoinen huonekalu seuraa puuhasteluasi eteisess\u00e4 tai huoneen nurkassa. Kaapinovien takaa l\u00f6ytyv\u00e4t hyllyt. Valmistettu Light Oak \u00f6ljyvahatusta koivuvanerista. Ovet ja laatikot Koskisen CPL vanerilla. Hitaasti sulkeutuvat saranat ja laatikon kiskot. Molempien ovien takana on korkeuss\u00e4\u00e4dett\u00e4v\u00e4t v\u00e4lihyllyt. MAN-mallisto oli Viron design-palkintoon Bruno 2016 ehdokas.<\/p>\n","protected":false},"featured_media":4919,"comment_status":"open","ping_status":"closed","template":"","meta":{"_acf_changed":false},"product_brand":[],"product_cat":[17],"product_tag":[],"class_list":{"0":"post-3047","1":"product","2":"type-product","3":"status-publish","4":"has-post-thumbnail","6":"product_cat-kummutid","8":"first","9":"instock","10":"taxable","11":"shipping-taxable","12":"purchasable","13":"product-type-simple"},"acf":[],"yoast_head":"<!-- This site is optimized with the Yoast SEO plugin v27.3 - https:\/\/yoast.com\/product\/yoast-seo-wordpress\/ -->\n<title>Lipasto MAN - Radis<\/title>\n<meta name=\"robots\" content=\"index, follow, max-snippet:-1, max-image-preview:large, max-video-preview:-1\" \/>\n<link rel=\"canonical\" href=\"https:\/\/radis.ee\/kummut-man\/\" \/>\n<meta property=\"og:locale\" content=\"fi_FI\" \/>\n<meta property=\"og:type\" content=\"article\" \/>\n<meta property=\"og:title\" content=\"Lipasto MAN - Radis\" \/>\n<meta property=\"og:description\" content=\"Vahvassa ja kest\u00e4v\u00e4ss\u00e4 senkiss\u00e4 on keskell\u00e4 laatikot ja sivuilla kaapit. T\u00e4m\u00e4 hyv\u00e4ntahtoinen huonekalu seuraa puuhasteluasi eteisess\u00e4 tai huoneen nurkassa. Kaapinovien takaa l\u00f6ytyv\u00e4t hyllyt. Valmistettu Light Oak \u00f6ljyvahatusta koivuvanerista. Ovet ja laatikot Koskisen CPL vanerilla. Hitaasti sulkeutuvat saranat ja laatikon kiskot. Molempien ovien takana on korkeuss\u00e4\u00e4dett\u00e4v\u00e4t v\u00e4lihyllyt. MAN-mallisto oli Viron design-palkintoon Bruno 2016 ehdokas.\" \/>\n<meta property=\"og:url\" content=\"https:\/\/radis.ee\/kummut-man\/\" \/>\n<meta property=\"og:site_name\" content=\"Radis\" \/>\n<meta property=\"article:publisher\" content=\"https:\/\/www.facebook.com\/radisfurniture\/\" \/>\n<meta property=\"article:modified_time\" content=\"2020-12-08T07:23:27+00:00\" \/>\n<meta property=\"og:image\" content=\"https:\/\/radis.ee\/wp-content\/uploads\/2020\/08\/RA0466-Radis-sideboard-MAN-light-oak-door-white.jpg\" \/>\n\t<meta property=\"og:image:width\" content=\"2500\" \/>\n\t<meta property=\"og:image:height\" content=\"2501\" \/>\n\t<meta property=\"og:image:type\" content=\"image\/jpeg\" \/>\n<meta name=\"twitter:card\" content=\"summary_large_image\" \/>\n<script type=\"application\/ld+json\" class=\"yoast-schema-graph\">{\"@context\":\"https:\\\/\\\/schema.org\",\"@graph\":[{\"@type\":\"WebPage\",\"@id\":\"https:\\\/\\\/radis.ee\\\/kummut-man\\\/\",\"url\":\"https:\\\/\\\/radis.ee\\\/kummut-man\\\/\",\"name\":\"Lipasto MAN - Radis\",\"isPartOf\":{\"@id\":\"https:\\\/\\\/radis.ee\\\/#website\"},\"primaryImageOfPage\":{\"@id\":\"https:\\\/\\\/radis.ee\\\/kummut-man\\\/#primaryimage\"},\"image\":{\"@id\":\"https:\\\/\\\/radis.ee\\\/kummut-man\\\/#primaryimage\"},\"thumbnailUrl\":\"https:\\\/\\\/radis.ee\\\/wp-content\\\/uploads\\\/2020\\\/08\\\/RA0466-Radis-sideboard-MAN-light-oak-door-white.jpg\",\"datePublished\":\"2020-08-28T18:50:48+00:00\",\"dateModified\":\"2020-12-08T07:23:27+00:00\",\"breadcrumb\":{\"@id\":\"https:\\\/\\\/radis.ee\\\/kummut-man\\\/#breadcrumb\"},\"inLanguage\":\"fi\",\"potentialAction\":[{\"@type\":\"ReadAction\",\"target\":[\"https:\\\/\\\/radis.ee\\\/kummut-man\\\/\"]}]},{\"@type\":\"ImageObject\",\"inLanguage\":\"fi\",\"@id\":\"https:\\\/\\\/radis.ee\\\/kummut-man\\\/#primaryimage\",\"url\":\"https:\\\/\\\/radis.ee\\\/wp-content\\\/uploads\\\/2020\\\/08\\\/RA0466-Radis-sideboard-MAN-light-oak-door-white.jpg\",\"contentUrl\":\"https:\\\/\\\/radis.ee\\\/wp-content\\\/uploads\\\/2020\\\/08\\\/RA0466-Radis-sideboard-MAN-light-oak-door-white.jpg\",\"width\":2500,\"height\":2501},{\"@type\":\"BreadcrumbList\",\"@id\":\"https:\\\/\\\/radis.ee\\\/kummut-man\\\/#breadcrumb\",\"itemListElement\":[{\"@type\":\"ListItem\",\"position\":1,\"name\":\"Home\",\"item\":\"https:\\\/\\\/radis.ee\\\/\"},{\"@type\":\"ListItem\",\"position\":2,\"name\":\"Tuotteet\",\"item\":\"https:\\\/\\\/radis.ee\\\/fi\\\/tuotteet\\\/\"},{\"@type\":\"ListItem\",\"position\":3,\"name\":\"Lipasto MAN\"}]},{\"@type\":\"WebSite\",\"@id\":\"https:\\\/\\\/radis.ee\\\/#website\",\"url\":\"https:\\\/\\\/radis.ee\\\/\",\"name\":\"Radis\",\"description\":\"Nordic design furniture, environmentally friendly and sustainable.\",\"publisher\":{\"@id\":\"https:\\\/\\\/radis.ee\\\/#organization\"},\"potentialAction\":[{\"@type\":\"SearchAction\",\"target\":{\"@type\":\"EntryPoint\",\"urlTemplate\":\"https:\\\/\\\/radis.ee\\\/?s={search_term_string}\"},\"query-input\":{\"@type\":\"PropertyValueSpecification\",\"valueRequired\":true,\"valueName\":\"search_term_string\"}}],\"inLanguage\":\"fi\"},{\"@type\":\"Organization\",\"@id\":\"https:\\\/\\\/radis.ee\\\/#organization\",\"name\":\"Radis O\u00dc\",\"url\":\"https:\\\/\\\/radis.ee\\\/\",\"logo\":{\"@type\":\"ImageObject\",\"inLanguage\":\"fi\",\"@id\":\"https:\\\/\\\/radis.ee\\\/#\\\/schema\\\/logo\\\/image\\\/\",\"url\":\"https:\\\/\\\/radis.ee\\\/wp-content\\\/uploads\\\/2020\\\/10\\\/Radis-logo.png\",\"contentUrl\":\"https:\\\/\\\/radis.ee\\\/wp-content\\\/uploads\\\/2020\\\/10\\\/Radis-logo.png\",\"width\":300,\"height\":63,\"caption\":\"Radis O\u00dc\"},\"image\":{\"@id\":\"https:\\\/\\\/radis.ee\\\/#\\\/schema\\\/logo\\\/image\\\/\"},\"sameAs\":[\"https:\\\/\\\/www.facebook.com\\\/radisfurniture\\\/\"]}]}<\/script>\n<!-- \/ Yoast SEO plugin. -->","yoast_head_json":{"title":"Lipasto MAN - Radis","robots":{"index":"index","follow":"follow","max-snippet":"max-snippet:-1","max-image-preview":"max-image-preview:large","max-video-preview":"max-video-preview:-1"},"canonical":"https:\/\/radis.ee\/kummut-man\/","og_locale":"fi_FI","og_type":"article","og_title":"Lipasto MAN - Radis","og_description":"Vahvassa ja kest\u00e4v\u00e4ss\u00e4 senkiss\u00e4 on keskell\u00e4 laatikot ja sivuilla kaapit. T\u00e4m\u00e4 hyv\u00e4ntahtoinen huonekalu seuraa puuhasteluasi eteisess\u00e4 tai huoneen nurkassa. Kaapinovien takaa l\u00f6ytyv\u00e4t hyllyt. Valmistettu Light Oak \u00f6ljyvahatusta koivuvanerista. Ovet ja laatikot Koskisen CPL vanerilla. Hitaasti sulkeutuvat saranat ja laatikon kiskot. Molempien ovien takana on korkeuss\u00e4\u00e4dett\u00e4v\u00e4t v\u00e4lihyllyt. MAN-mallisto oli Viron design-palkintoon Bruno 2016 ehdokas.","og_url":"https:\/\/radis.ee\/kummut-man\/","og_site_name":"Radis","article_publisher":"https:\/\/www.facebook.com\/radisfurniture\/","article_modified_time":"2020-12-08T07:23:27+00:00","og_image":[{"width":2500,"height":2501,"url":"https:\/\/radis.ee\/wp-content\/uploads\/2020\/08\/RA0466-Radis-sideboard-MAN-light-oak-door-white.jpg","type":"image\/jpeg"}],"twitter_card":"summary_large_image","schema":{"@context":"https:\/\/schema.org","@graph":[{"@type":"WebPage","@id":"https:\/\/radis.ee\/kummut-man\/","url":"https:\/\/radis.ee\/kummut-man\/","name":"Lipasto MAN - Radis","isPartOf":{"@id":"https:\/\/radis.ee\/#website"},"primaryImageOfPage":{"@id":"https:\/\/radis.ee\/kummut-man\/#primaryimage"},"image":{"@id":"https:\/\/radis.ee\/kummut-man\/#primaryimage"},"thumbnailUrl":"https:\/\/radis.ee\/wp-content\/uploads\/2020\/08\/RA0466-Radis-sideboard-MAN-light-oak-door-white.jpg","datePublished":"2020-08-28T18:50:48+00:00","dateModified":"2020-12-08T07:23:27+00:00","breadcrumb":{"@id":"https:\/\/radis.ee\/kummut-man\/#breadcrumb"},"inLanguage":"fi","potentialAction":[{"@type":"ReadAction","target":["https:\/\/radis.ee\/kummut-man\/"]}]},{"@type":"ImageObject","inLanguage":"fi","@id":"https:\/\/radis.ee\/kummut-man\/#primaryimage","url":"https:\/\/radis.ee\/wp-content\/uploads\/2020\/08\/RA0466-Radis-sideboard-MAN-light-oak-door-white.jpg","contentUrl":"https:\/\/radis.ee\/wp-content\/uploads\/2020\/08\/RA0466-Radis-sideboard-MAN-light-oak-door-white.jpg","width":2500,"height":2501},{"@type":"BreadcrumbList","@id":"https:\/\/radis.ee\/kummut-man\/#breadcrumb","itemListElement":[{"@type":"ListItem","position":1,"name":"Home","item":"https:\/\/radis.ee\/"},{"@type":"ListItem","position":2,"name":"Tuotteet","item":"https:\/\/radis.ee\/fi\/tuotteet\/"},{"@type":"ListItem","position":3,"name":"Lipasto MAN"}]},{"@type":"WebSite","@id":"https:\/\/radis.ee\/#website","url":"https:\/\/radis.ee\/","name":"Radis","description":"Nordic design furniture, environmentally friendly and sustainable.","publisher":{"@id":"https:\/\/radis.ee\/#organization"},"potentialAction":[{"@type":"SearchAction","target":{"@type":"EntryPoint","urlTemplate":"https:\/\/radis.ee\/?s={search_term_string}"},"query-input":{"@type":"PropertyValueSpecification","valueRequired":true,"valueName":"search_term_string"}}],"inLanguage":"fi"},{"@type":"Organization","@id":"https:\/\/radis.ee\/#organization","name":"Radis O\u00dc","url":"https:\/\/radis.ee\/","logo":{"@type":"ImageObject","inLanguage":"fi","@id":"https:\/\/radis.ee\/#\/schema\/logo\/image\/","url":"https:\/\/radis.ee\/wp-content\/uploads\/2020\/10\/Radis-logo.png","contentUrl":"https:\/\/radis.ee\/wp-content\/uploads\/2020\/10\/Radis-logo.png","width":300,"height":63,"caption":"Radis O\u00dc"},"image":{"@id":"https:\/\/radis.ee\/#\/schema\/logo\/image\/"},"sameAs":["https:\/\/www.facebook.com\/radisfurniture\/"]}]}},"_links":{"self":[{"href":"https:\/\/radis.ee\/fi\/wp-json\/wp\/v2\/product\/3047","targetHints":{"allow":["GET"]}}],"collection":[{"href":"https:\/\/radis.ee\/fi\/wp-json\/wp\/v2\/product"}],"about":[{"href":"https:\/\/radis.ee\/fi\/wp-json\/wp\/v2\/types\/product"}],"replies":[{"embeddable":true,"href":"https:\/\/radis.ee\/fi\/wp-json\/wp\/v2\/comments?post=3047"}],"wp:featuredmedia":[{"embeddable":true,"href":"https:\/\/radis.ee\/fi\/wp-json\/wp\/v2\/media\/4919"}],"wp:attachment":[{"href":"https:\/\/radis.ee\/fi\/wp-json\/wp\/v2\/media?parent=3047"}],"wp:term":[{"taxonomy":"product_brand","embeddable":true,"href":"https:\/\/radis.ee\/fi\/wp-json\/wp\/v2\/product_brand?post=3047"},{"taxonomy":"product_cat","embeddable":true,"href":"https:\/\/radis.ee\/fi\/wp-json\/wp\/v2\/product_cat?post=3047"},{"taxonomy":"product_tag","embeddable":true,"href":"https:\/\/radis.ee\/fi\/wp-json\/wp\/v2\/product_tag?post=3047"}],"curies":[{"name":"wp","href":"https:\/\/api.w.org\/{rel}","templated":true}]}}