{"id":3081,"date":"2022-02-19T20:43:45","date_gmt":"2022-02-19T18:43:45","guid":{"rendered":"https:\/\/radis.ee\/Ei-luokiteltu\/senkki-sosixties-1-ovi\/"},"modified":"2022-06-03T13:59:31","modified_gmt":"2022-06-03T10:59:31","slug":"senkki-sosixties-1-ovi","status":"publish","type":"product","link":"https:\/\/radis.ee\/fi\/senkki-sosixties-1-ovi\/","title":{"rendered":"Senkki SoSixties 1 ovi"},"content":{"rendered":"<p>Liukuovet ovat taas muodissa! N\u00e4iden ovien takaa l\u00f6ytyv\u00e4t kirjat tai sukat! S\u00e4ilyt\u00e4 laatikoissa koruja ja lomakuvia. Iloisenv\u00e4rinen senkki on kodin syd\u00e4n. Retro-tyylinen senkki, jossa on 3 laatikkoa ja liukuoven takana tilava kaappi, jossa on s\u00e4\u00e4dett\u00e4v\u00e4 jakohylly.<\/p>\n<p>Valmistettu \u00f6ljyvahatusta koivuvanerista, Light Oak tuoni. Pehme\u00e4sti sulkeutuvat laatikkokiskot, ovi H\u00e4fele-rullilla. Korkeuss\u00e4\u00e4dett\u00e4v\u00e4n v\u00e4lihyllyn leveys on 48 cm.<\/p>\n","protected":false},"excerpt":{"rendered":"<p>Liukuovet ovat taas muodissa! N\u00e4iden ovien takaa l\u00f6ytyv\u00e4t kirjat tai sukat! S\u00e4ilyt\u00e4 laatikoissa koruja ja lomakuvia. Iloisenv\u00e4rinen senkki on kodin syd\u00e4n. Retro-tyylinen senkki, jossa on 3 laatikkoa ja liukuoven takana tilava kaappi, jossa on s\u00e4\u00e4dett\u00e4v\u00e4 jakohylly. Valmistettu \u00f6ljyvahatusta koivuvanerista, Light Oak tuoni. Pehme\u00e4sti sulkeutuvat laatikkokiskot, ovi H\u00e4fele-rullilla. Korkeuss\u00e4\u00e4dett\u00e4v\u00e4n v\u00e4lihyllyn leveys on 48 cm.<\/p>\n","protected":false},"featured_media":4591,"comment_status":"open","ping_status":"closed","template":"","meta":{"_acf_changed":false},"product_brand":[],"product_cat":[17],"product_tag":[],"class_list":{"0":"post-3081","1":"product","2":"type-product","3":"status-publish","4":"has-post-thumbnail","6":"product_cat-kummutid","8":"first","9":"instock","10":"taxable","11":"shipping-taxable","12":"purchasable","13":"product-type-variable","14":"has-default-attributes"},"acf":[],"yoast_head":"<!-- This site is optimized with the Yoast SEO plugin v27.3 - https:\/\/yoast.com\/product\/yoast-seo-wordpress\/ -->\n<title>Senkki SoSixties 1 ovi - Radis<\/title>\n<meta name=\"robots\" content=\"index, follow, max-snippet:-1, max-image-preview:large, max-video-preview:-1\" \/>\n<link rel=\"canonical\" href=\"https:\/\/radis.ee\/fi\/senkki-sosixties-1-ovi\/\" \/>\n<meta property=\"og:locale\" content=\"fi_FI\" \/>\n<meta property=\"og:type\" content=\"article\" \/>\n<meta property=\"og:title\" content=\"Senkki SoSixties 1 ovi - Radis\" \/>\n<meta property=\"og:description\" content=\"Liukuovet ovat taas muodissa! N\u00e4iden ovien takaa l\u00f6ytyv\u00e4t kirjat tai sukat! S\u00e4ilyt\u00e4 laatikoissa koruja ja lomakuvia. Iloisenv\u00e4rinen senkki on kodin syd\u00e4n. Retro-tyylinen senkki, jossa on 3 laatikkoa ja liukuoven takana tilava kaappi, jossa on s\u00e4\u00e4dett\u00e4v\u00e4 jakohylly. Valmistettu \u00f6ljyvahatusta koivuvanerista, Light Oak tuoni. Pehme\u00e4sti sulkeutuvat laatikkokiskot, ovi H\u00e4fele-rullilla. Korkeuss\u00e4\u00e4dett\u00e4v\u00e4n v\u00e4lihyllyn leveys on 48 cm.\" \/>\n<meta property=\"og:url\" content=\"https:\/\/radis.ee\/fi\/senkki-sosixties-1-ovi\/\" \/>\n<meta property=\"og:site_name\" content=\"Radis\" \/>\n<meta property=\"article:publisher\" content=\"https:\/\/www.facebook.com\/radisfurniture\/\" \/>\n<meta property=\"article:modified_time\" content=\"2022-06-03T10:59:31+00:00\" \/>\n<meta property=\"og:image\" content=\"https:\/\/radis.ee\/wp-content\/uploads\/2020\/08\/RA0493-Radis-sideboard-SoSixties-102-medium-oak-oilwaxed-door-white-RAL-9010.jpg\" \/>\n\t<meta property=\"og:image:width\" content=\"2560\" \/>\n\t<meta property=\"og:image:height\" content=\"2560\" \/>\n\t<meta property=\"og:image:type\" content=\"image\/jpeg\" \/>\n<meta name=\"twitter:card\" content=\"summary_large_image\" \/>\n<script type=\"application\/ld+json\" class=\"yoast-schema-graph\">{\"@context\":\"https:\\\/\\\/schema.org\",\"@graph\":[{\"@type\":\"WebPage\",\"@id\":\"https:\\\/\\\/radis.ee\\\/fi\\\/senkki-sosixties-1-ovi\\\/\",\"url\":\"https:\\\/\\\/radis.ee\\\/fi\\\/senkki-sosixties-1-ovi\\\/\",\"name\":\"Senkki SoSixties 1 ovi - Radis\",\"isPartOf\":{\"@id\":\"https:\\\/\\\/radis.ee\\\/#website\"},\"primaryImageOfPage\":{\"@id\":\"https:\\\/\\\/radis.ee\\\/fi\\\/senkki-sosixties-1-ovi\\\/#primaryimage\"},\"image\":{\"@id\":\"https:\\\/\\\/radis.ee\\\/fi\\\/senkki-sosixties-1-ovi\\\/#primaryimage\"},\"thumbnailUrl\":\"https:\\\/\\\/radis.ee\\\/wp-content\\\/uploads\\\/2020\\\/08\\\/RA0493-Radis-sideboard-SoSixties-102-medium-oak-oilwaxed-door-white-RAL-9010.jpg\",\"datePublished\":\"2022-02-19T18:43:45+00:00\",\"dateModified\":\"2022-06-03T10:59:31+00:00\",\"breadcrumb\":{\"@id\":\"https:\\\/\\\/radis.ee\\\/fi\\\/senkki-sosixties-1-ovi\\\/#breadcrumb\"},\"inLanguage\":\"fi\",\"potentialAction\":[{\"@type\":\"ReadAction\",\"target\":[\"https:\\\/\\\/radis.ee\\\/fi\\\/senkki-sosixties-1-ovi\\\/\"]}]},{\"@type\":\"ImageObject\",\"inLanguage\":\"fi\",\"@id\":\"https:\\\/\\\/radis.ee\\\/fi\\\/senkki-sosixties-1-ovi\\\/#primaryimage\",\"url\":\"https:\\\/\\\/radis.ee\\\/wp-content\\\/uploads\\\/2020\\\/08\\\/RA0493-Radis-sideboard-SoSixties-102-medium-oak-oilwaxed-door-white-RAL-9010.jpg\",\"contentUrl\":\"https:\\\/\\\/radis.ee\\\/wp-content\\\/uploads\\\/2020\\\/08\\\/RA0493-Radis-sideboard-SoSixties-102-medium-oak-oilwaxed-door-white-RAL-9010.jpg\",\"width\":2560,\"height\":2560},{\"@type\":\"BreadcrumbList\",\"@id\":\"https:\\\/\\\/radis.ee\\\/fi\\\/senkki-sosixties-1-ovi\\\/#breadcrumb\",\"itemListElement\":[{\"@type\":\"ListItem\",\"position\":1,\"name\":\"Home\",\"item\":\"https:\\\/\\\/radis.ee\\\/\"},{\"@type\":\"ListItem\",\"position\":2,\"name\":\"Tuotteet\",\"item\":\"https:\\\/\\\/radis.ee\\\/fi\\\/tuotteet\\\/\"},{\"@type\":\"ListItem\",\"position\":3,\"name\":\"Senkki SoSixties 1 ovi\"}]},{\"@type\":\"WebSite\",\"@id\":\"https:\\\/\\\/radis.ee\\\/#website\",\"url\":\"https:\\\/\\\/radis.ee\\\/\",\"name\":\"Radis\",\"description\":\"Nordic design furniture, environmentally friendly and sustainable.\",\"publisher\":{\"@id\":\"https:\\\/\\\/radis.ee\\\/#organization\"},\"potentialAction\":[{\"@type\":\"SearchAction\",\"target\":{\"@type\":\"EntryPoint\",\"urlTemplate\":\"https:\\\/\\\/radis.ee\\\/?s={search_term_string}\"},\"query-input\":{\"@type\":\"PropertyValueSpecification\",\"valueRequired\":true,\"valueName\":\"search_term_string\"}}],\"inLanguage\":\"fi\"},{\"@type\":\"Organization\",\"@id\":\"https:\\\/\\\/radis.ee\\\/#organization\",\"name\":\"Radis O\u00dc\",\"url\":\"https:\\\/\\\/radis.ee\\\/\",\"logo\":{\"@type\":\"ImageObject\",\"inLanguage\":\"fi\",\"@id\":\"https:\\\/\\\/radis.ee\\\/#\\\/schema\\\/logo\\\/image\\\/\",\"url\":\"https:\\\/\\\/radis.ee\\\/wp-content\\\/uploads\\\/2020\\\/10\\\/Radis-logo.png\",\"contentUrl\":\"https:\\\/\\\/radis.ee\\\/wp-content\\\/uploads\\\/2020\\\/10\\\/Radis-logo.png\",\"width\":300,\"height\":63,\"caption\":\"Radis O\u00dc\"},\"image\":{\"@id\":\"https:\\\/\\\/radis.ee\\\/#\\\/schema\\\/logo\\\/image\\\/\"},\"sameAs\":[\"https:\\\/\\\/www.facebook.com\\\/radisfurniture\\\/\"]}]}<\/script>\n<!-- \/ Yoast SEO plugin. -->","yoast_head_json":{"title":"Senkki SoSixties 1 ovi - Radis","robots":{"index":"index","follow":"follow","max-snippet":"max-snippet:-1","max-image-preview":"max-image-preview:large","max-video-preview":"max-video-preview:-1"},"canonical":"https:\/\/radis.ee\/fi\/senkki-sosixties-1-ovi\/","og_locale":"fi_FI","og_type":"article","og_title":"Senkki SoSixties 1 ovi - Radis","og_description":"Liukuovet ovat taas muodissa! N\u00e4iden ovien takaa l\u00f6ytyv\u00e4t kirjat tai sukat! S\u00e4ilyt\u00e4 laatikoissa koruja ja lomakuvia. Iloisenv\u00e4rinen senkki on kodin syd\u00e4n. Retro-tyylinen senkki, jossa on 3 laatikkoa ja liukuoven takana tilava kaappi, jossa on s\u00e4\u00e4dett\u00e4v\u00e4 jakohylly. Valmistettu \u00f6ljyvahatusta koivuvanerista, Light Oak tuoni. Pehme\u00e4sti sulkeutuvat laatikkokiskot, ovi H\u00e4fele-rullilla. Korkeuss\u00e4\u00e4dett\u00e4v\u00e4n v\u00e4lihyllyn leveys on 48 cm.","og_url":"https:\/\/radis.ee\/fi\/senkki-sosixties-1-ovi\/","og_site_name":"Radis","article_publisher":"https:\/\/www.facebook.com\/radisfurniture\/","article_modified_time":"2022-06-03T10:59:31+00:00","og_image":[{"width":2560,"height":2560,"url":"https:\/\/radis.ee\/wp-content\/uploads\/2020\/08\/RA0493-Radis-sideboard-SoSixties-102-medium-oak-oilwaxed-door-white-RAL-9010.jpg","type":"image\/jpeg"}],"twitter_card":"summary_large_image","schema":{"@context":"https:\/\/schema.org","@graph":[{"@type":"WebPage","@id":"https:\/\/radis.ee\/fi\/senkki-sosixties-1-ovi\/","url":"https:\/\/radis.ee\/fi\/senkki-sosixties-1-ovi\/","name":"Senkki SoSixties 1 ovi - Radis","isPartOf":{"@id":"https:\/\/radis.ee\/#website"},"primaryImageOfPage":{"@id":"https:\/\/radis.ee\/fi\/senkki-sosixties-1-ovi\/#primaryimage"},"image":{"@id":"https:\/\/radis.ee\/fi\/senkki-sosixties-1-ovi\/#primaryimage"},"thumbnailUrl":"https:\/\/radis.ee\/wp-content\/uploads\/2020\/08\/RA0493-Radis-sideboard-SoSixties-102-medium-oak-oilwaxed-door-white-RAL-9010.jpg","datePublished":"2022-02-19T18:43:45+00:00","dateModified":"2022-06-03T10:59:31+00:00","breadcrumb":{"@id":"https:\/\/radis.ee\/fi\/senkki-sosixties-1-ovi\/#breadcrumb"},"inLanguage":"fi","potentialAction":[{"@type":"ReadAction","target":["https:\/\/radis.ee\/fi\/senkki-sosixties-1-ovi\/"]}]},{"@type":"ImageObject","inLanguage":"fi","@id":"https:\/\/radis.ee\/fi\/senkki-sosixties-1-ovi\/#primaryimage","url":"https:\/\/radis.ee\/wp-content\/uploads\/2020\/08\/RA0493-Radis-sideboard-SoSixties-102-medium-oak-oilwaxed-door-white-RAL-9010.jpg","contentUrl":"https:\/\/radis.ee\/wp-content\/uploads\/2020\/08\/RA0493-Radis-sideboard-SoSixties-102-medium-oak-oilwaxed-door-white-RAL-9010.jpg","width":2560,"height":2560},{"@type":"BreadcrumbList","@id":"https:\/\/radis.ee\/fi\/senkki-sosixties-1-ovi\/#breadcrumb","itemListElement":[{"@type":"ListItem","position":1,"name":"Home","item":"https:\/\/radis.ee\/"},{"@type":"ListItem","position":2,"name":"Tuotteet","item":"https:\/\/radis.ee\/fi\/tuotteet\/"},{"@type":"ListItem","position":3,"name":"Senkki SoSixties 1 ovi"}]},{"@type":"WebSite","@id":"https:\/\/radis.ee\/#website","url":"https:\/\/radis.ee\/","name":"Radis","description":"Nordic design furniture, environmentally friendly and sustainable.","publisher":{"@id":"https:\/\/radis.ee\/#organization"},"potentialAction":[{"@type":"SearchAction","target":{"@type":"EntryPoint","urlTemplate":"https:\/\/radis.ee\/?s={search_term_string}"},"query-input":{"@type":"PropertyValueSpecification","valueRequired":true,"valueName":"search_term_string"}}],"inLanguage":"fi"},{"@type":"Organization","@id":"https:\/\/radis.ee\/#organization","name":"Radis O\u00dc","url":"https:\/\/radis.ee\/","logo":{"@type":"ImageObject","inLanguage":"fi","@id":"https:\/\/radis.ee\/#\/schema\/logo\/image\/","url":"https:\/\/radis.ee\/wp-content\/uploads\/2020\/10\/Radis-logo.png","contentUrl":"https:\/\/radis.ee\/wp-content\/uploads\/2020\/10\/Radis-logo.png","width":300,"height":63,"caption":"Radis O\u00dc"},"image":{"@id":"https:\/\/radis.ee\/#\/schema\/logo\/image\/"},"sameAs":["https:\/\/www.facebook.com\/radisfurniture\/"]}]}},"_links":{"self":[{"href":"https:\/\/radis.ee\/fi\/wp-json\/wp\/v2\/product\/3081","targetHints":{"allow":["GET"]}}],"collection":[{"href":"https:\/\/radis.ee\/fi\/wp-json\/wp\/v2\/product"}],"about":[{"href":"https:\/\/radis.ee\/fi\/wp-json\/wp\/v2\/types\/product"}],"replies":[{"embeddable":true,"href":"https:\/\/radis.ee\/fi\/wp-json\/wp\/v2\/comments?post=3081"}],"wp:featuredmedia":[{"embeddable":true,"href":"https:\/\/radis.ee\/fi\/wp-json\/wp\/v2\/media\/4591"}],"wp:attachment":[{"href":"https:\/\/radis.ee\/fi\/wp-json\/wp\/v2\/media?parent=3081"}],"wp:term":[{"taxonomy":"product_brand","embeddable":true,"href":"https:\/\/radis.ee\/fi\/wp-json\/wp\/v2\/product_brand?post=3081"},{"taxonomy":"product_cat","embeddable":true,"href":"https:\/\/radis.ee\/fi\/wp-json\/wp\/v2\/product_cat?post=3081"},{"taxonomy":"product_tag","embeddable":true,"href":"https:\/\/radis.ee\/fi\/wp-json\/wp\/v2\/product_tag?post=3081"}],"curies":[{"name":"wp","href":"https:\/\/api.w.org\/{rel}","templated":true}]}}