{"id":30951,"date":"2019-04-09T17:20:15","date_gmt":"2019-04-09T14:20:15","guid":{"rendered":"https:\/\/radis.ee\/?post_type=product&#038;p=30951"},"modified":"2025-12-29T18:33:25","modified_gmt":"2025-12-29T16:33:25","slug":"kaareva-seinahylly-liukuovella-floaty","status":"publish","type":"product","link":"https:\/\/radis.ee\/fi\/kaareva-seinahylly-liukuovella-floaty\/","title":{"rendered":"Kaareva sein\u00e4hylly liukuovella FLOATY"},"content":{"rendered":"<p>Tuo pehmeytt\u00e4 ja toiminnallista muotoilua kotiisi Floaty-sein\u00e4hyllyll\u00e4. T\u00e4m\u00e4 minimalistinen mutta persoonallinen huonekalu on suunniteltu niille, jotka arvostavat puhdasta pohjoismaista estetiikkaa ja \u00e4lykk\u00e4it\u00e4 s\u00e4ilytysratkaisuja.<\/p>\n<p>Hyllyn kohokohta on sen virtaviivainen kaareva muoto ja pystysuorilla raidoilla varustettu liukuovi, joka liikkuu sujuvasti hyllyn runkoa pitkin. T\u00e4m\u00e4 antaa sinulle valinnanvaraa: piilota arkip\u00e4iv\u00e4iset tavarat oven taakse tai j\u00e4t\u00e4 suosikkiesineesi esille avoimelle hyllyosiolle.<\/p>\n<p>Ilmaisen sein\u00e4kiinnityksen ansiosta t\u00e4m\u00e4 hylly sopii t\u00e4ydellisesti mihin tahansa huoneeseen:<\/p>\n<p>Eteinen: Se on t\u00e4ydellinen &#8221;laskeutumispaikka&#8221; avaimille, aurinkolaseille ja postille. Kompakti muoto ei vie liikaa tilaa kapeassa k\u00e4yt\u00e4v\u00e4ss\u00e4, mutta lis\u00e4\u00e4 heti tyyli\u00e4 sis\u00e4\u00e4n astuessasi.<\/p>\n<p>Olohuoneessa: K\u00e4yt\u00e4 sit\u00e4 eleganttina konsolina koristevalon, taiteen tai huonekasvin alla. Hylly toimii veistoksellisena elementtin\u00e4 sein\u00e4ll\u00e4 ja tarjoaa samalla huomaamattoman s\u00e4ilytystilan pienelle elektroniikalle tai kirjoille.<\/p>\n<p>Kaareva FLOATY on valmistettu kest\u00e4vist\u00e4 ja ymp\u00e4rist\u00f6yst\u00e4v\u00e4llisist\u00e4 materiaaleista ajattoman laadun takaamiseksi &#8211; koivuvanerista tammiviilulla. Voit halutessasi valita \u00f6ljyvaha-s\u00e4vyn itse. Hyllyn sis\u00e4korkeus on 16 cm, kokonaiskorkeus 19 cm, syvyys 24 cm, leveys 95 cm.<\/p>\n<p>Tarkasti ja huolellisesti suunniteltu FLOATY tuo l\u00e4mp\u00f6\u00e4 ja hienostuneisuutta asuintilaasi ja auttaa sinua kokemaan yksinkertaisuuden taiteen.<\/p>\n","protected":false},"excerpt":{"rendered":"<p>Tuo pehmeytt\u00e4 ja toiminnallista muotoilua kotiisi Floaty-sein\u00e4hyllyll\u00e4. T\u00e4m\u00e4 minimalistinen mutta persoonallinen huonekalu on suunniteltu niille, jotka arvostavat puhdasta pohjoismaista estetiikkaa ja \u00e4lykk\u00e4it\u00e4 s\u00e4ilytysratkaisuja. Hyllyn kohokohta on sen virtaviivainen kaareva muoto ja pystysuorilla raidoilla varustettu liukuovi, joka liikkuu sujuvasti hyllyn runkoa pitkin. T\u00e4m\u00e4 antaa sinulle valinnanvaraa: piilota arkip\u00e4iv\u00e4iset tavarat oven taakse tai j\u00e4t\u00e4 suosikkiesineesi esille avoimelle&#8230;<\/p>\n","protected":false},"featured_media":31075,"comment_status":"open","ping_status":"closed","template":"","meta":{"_acf_changed":false},"product_brand":[],"product_cat":[109],"product_tag":[],"class_list":{"0":"post-30951","1":"product","2":"type-product","3":"status-publish","4":"has-post-thumbnail","6":"product_cat-riiulid","8":"first","9":"instock","10":"taxable","11":"shipping-taxable","12":"purchasable","13":"product-type-simple"},"acf":[],"yoast_head":"<!-- This site is optimized with the Yoast SEO plugin v27.3 - https:\/\/yoast.com\/product\/yoast-seo-wordpress\/ -->\n<title>Kaareva sein\u00e4hylly liukuovella FLOATY - Radis<\/title>\n<meta name=\"robots\" content=\"index, follow, max-snippet:-1, max-image-preview:large, max-video-preview:-1\" \/>\n<link rel=\"canonical\" href=\"https:\/\/radis.ee\/fi\/kaareva-seinahylly-liukuovella-floaty\/\" \/>\n<meta property=\"og:locale\" content=\"fi_FI\" \/>\n<meta property=\"og:type\" content=\"article\" \/>\n<meta property=\"og:title\" content=\"Kaareva sein\u00e4hylly liukuovella FLOATY - Radis\" \/>\n<meta property=\"og:description\" content=\"Tuo pehmeytt\u00e4 ja toiminnallista muotoilua kotiisi Floaty-sein\u00e4hyllyll\u00e4. T\u00e4m\u00e4 minimalistinen mutta persoonallinen huonekalu on suunniteltu niille, jotka arvostavat puhdasta pohjoismaista estetiikkaa ja \u00e4lykk\u00e4it\u00e4 s\u00e4ilytysratkaisuja. Hyllyn kohokohta on sen virtaviivainen kaareva muoto ja pystysuorilla raidoilla varustettu liukuovi, joka liikkuu sujuvasti hyllyn runkoa pitkin. T\u00e4m\u00e4 antaa sinulle valinnanvaraa: piilota arkip\u00e4iv\u00e4iset tavarat oven taakse tai j\u00e4t\u00e4 suosikkiesineesi esille avoimelle...\" \/>\n<meta property=\"og:url\" content=\"https:\/\/radis.ee\/fi\/kaareva-seinahylly-liukuovella-floaty\/\" \/>\n<meta property=\"og:site_name\" content=\"Radis\" \/>\n<meta property=\"article:publisher\" content=\"https:\/\/www.facebook.com\/radisfurniture\/\" \/>\n<meta property=\"article:modified_time\" content=\"2025-12-29T16:33:25+00:00\" \/>\n<meta property=\"og:image\" content=\"https:\/\/radis.ee\/wp-content\/uploads\/2025\/12\/Radis_Furniture_curved_wallshelf_sliding_door_FLOATY_Oak_veneered_plywood.webp\" \/>\n\t<meta property=\"og:image:width\" content=\"599\" \/>\n\t<meta property=\"og:image:height\" content=\"831\" \/>\n\t<meta property=\"og:image:type\" content=\"image\/webp\" \/>\n<meta name=\"twitter:card\" content=\"summary_large_image\" \/>\n<meta name=\"twitter:label1\" content=\"Arvioitu lukuaika\" \/>\n\t<meta name=\"twitter:data1\" content=\"1 minuutti\" \/>\n<script type=\"application\/ld+json\" class=\"yoast-schema-graph\">{\"@context\":\"https:\\\/\\\/schema.org\",\"@graph\":[{\"@type\":\"WebPage\",\"@id\":\"https:\\\/\\\/radis.ee\\\/fi\\\/kaareva-seinahylly-liukuovella-floaty\\\/\",\"url\":\"https:\\\/\\\/radis.ee\\\/fi\\\/kaareva-seinahylly-liukuovella-floaty\\\/\",\"name\":\"Kaareva sein\u00e4hylly liukuovella FLOATY - Radis\",\"isPartOf\":{\"@id\":\"https:\\\/\\\/radis.ee\\\/#website\"},\"primaryImageOfPage\":{\"@id\":\"https:\\\/\\\/radis.ee\\\/fi\\\/kaareva-seinahylly-liukuovella-floaty\\\/#primaryimage\"},\"image\":{\"@id\":\"https:\\\/\\\/radis.ee\\\/fi\\\/kaareva-seinahylly-liukuovella-floaty\\\/#primaryimage\"},\"thumbnailUrl\":\"https:\\\/\\\/radis.ee\\\/wp-content\\\/uploads\\\/2019\\\/04\\\/Radis_Furniture_curved_wallshelf_sliding_door_FLOATY_Oak_veneered_plywood_2.webp\",\"datePublished\":\"2019-04-09T14:20:15+00:00\",\"dateModified\":\"2025-12-29T16:33:25+00:00\",\"breadcrumb\":{\"@id\":\"https:\\\/\\\/radis.ee\\\/fi\\\/kaareva-seinahylly-liukuovella-floaty\\\/#breadcrumb\"},\"inLanguage\":\"fi\",\"potentialAction\":[{\"@type\":\"ReadAction\",\"target\":[\"https:\\\/\\\/radis.ee\\\/fi\\\/kaareva-seinahylly-liukuovella-floaty\\\/\"]}]},{\"@type\":\"ImageObject\",\"inLanguage\":\"fi\",\"@id\":\"https:\\\/\\\/radis.ee\\\/fi\\\/kaareva-seinahylly-liukuovella-floaty\\\/#primaryimage\",\"url\":\"https:\\\/\\\/radis.ee\\\/wp-content\\\/uploads\\\/2019\\\/04\\\/Radis_Furniture_curved_wallshelf_sliding_door_FLOATY_Oak_veneered_plywood_2.webp\",\"contentUrl\":\"https:\\\/\\\/radis.ee\\\/wp-content\\\/uploads\\\/2019\\\/04\\\/Radis_Furniture_curved_wallshelf_sliding_door_FLOATY_Oak_veneered_plywood_2.webp\",\"width\":880,\"height\":1216,\"caption\":\"Radis Furniture curved wallshelf with sliding door FLOATY Oak veneered plywood\"},{\"@type\":\"BreadcrumbList\",\"@id\":\"https:\\\/\\\/radis.ee\\\/fi\\\/kaareva-seinahylly-liukuovella-floaty\\\/#breadcrumb\",\"itemListElement\":[{\"@type\":\"ListItem\",\"position\":1,\"name\":\"Home\",\"item\":\"https:\\\/\\\/radis.ee\\\/\"},{\"@type\":\"ListItem\",\"position\":2,\"name\":\"Tuotteet\",\"item\":\"https:\\\/\\\/radis.ee\\\/fi\\\/tuotteet\\\/\"},{\"@type\":\"ListItem\",\"position\":3,\"name\":\"Kaareva sein\u00e4hylly liukuovella FLOATY\"}]},{\"@type\":\"WebSite\",\"@id\":\"https:\\\/\\\/radis.ee\\\/#website\",\"url\":\"https:\\\/\\\/radis.ee\\\/\",\"name\":\"Radis\",\"description\":\"Nordic design furniture, environmentally friendly and sustainable.\",\"publisher\":{\"@id\":\"https:\\\/\\\/radis.ee\\\/#organization\"},\"potentialAction\":[{\"@type\":\"SearchAction\",\"target\":{\"@type\":\"EntryPoint\",\"urlTemplate\":\"https:\\\/\\\/radis.ee\\\/?s={search_term_string}\"},\"query-input\":{\"@type\":\"PropertyValueSpecification\",\"valueRequired\":true,\"valueName\":\"search_term_string\"}}],\"inLanguage\":\"fi\"},{\"@type\":\"Organization\",\"@id\":\"https:\\\/\\\/radis.ee\\\/#organization\",\"name\":\"Radis O\u00dc\",\"url\":\"https:\\\/\\\/radis.ee\\\/\",\"logo\":{\"@type\":\"ImageObject\",\"inLanguage\":\"fi\",\"@id\":\"https:\\\/\\\/radis.ee\\\/#\\\/schema\\\/logo\\\/image\\\/\",\"url\":\"https:\\\/\\\/radis.ee\\\/wp-content\\\/uploads\\\/2020\\\/10\\\/Radis-logo.png\",\"contentUrl\":\"https:\\\/\\\/radis.ee\\\/wp-content\\\/uploads\\\/2020\\\/10\\\/Radis-logo.png\",\"width\":300,\"height\":63,\"caption\":\"Radis O\u00dc\"},\"image\":{\"@id\":\"https:\\\/\\\/radis.ee\\\/#\\\/schema\\\/logo\\\/image\\\/\"},\"sameAs\":[\"https:\\\/\\\/www.facebook.com\\\/radisfurniture\\\/\"]}]}<\/script>\n<!-- \/ Yoast SEO plugin. -->","yoast_head_json":{"title":"Kaareva sein\u00e4hylly liukuovella FLOATY - Radis","robots":{"index":"index","follow":"follow","max-snippet":"max-snippet:-1","max-image-preview":"max-image-preview:large","max-video-preview":"max-video-preview:-1"},"canonical":"https:\/\/radis.ee\/fi\/kaareva-seinahylly-liukuovella-floaty\/","og_locale":"fi_FI","og_type":"article","og_title":"Kaareva sein\u00e4hylly liukuovella FLOATY - Radis","og_description":"Tuo pehmeytt\u00e4 ja toiminnallista muotoilua kotiisi Floaty-sein\u00e4hyllyll\u00e4. T\u00e4m\u00e4 minimalistinen mutta persoonallinen huonekalu on suunniteltu niille, jotka arvostavat puhdasta pohjoismaista estetiikkaa ja \u00e4lykk\u00e4it\u00e4 s\u00e4ilytysratkaisuja. Hyllyn kohokohta on sen virtaviivainen kaareva muoto ja pystysuorilla raidoilla varustettu liukuovi, joka liikkuu sujuvasti hyllyn runkoa pitkin. T\u00e4m\u00e4 antaa sinulle valinnanvaraa: piilota arkip\u00e4iv\u00e4iset tavarat oven taakse tai j\u00e4t\u00e4 suosikkiesineesi esille avoimelle...","og_url":"https:\/\/radis.ee\/fi\/kaareva-seinahylly-liukuovella-floaty\/","og_site_name":"Radis","article_publisher":"https:\/\/www.facebook.com\/radisfurniture\/","article_modified_time":"2025-12-29T16:33:25+00:00","og_image":[{"width":599,"height":831,"url":"https:\/\/radis.ee\/wp-content\/uploads\/2025\/12\/Radis_Furniture_curved_wallshelf_sliding_door_FLOATY_Oak_veneered_plywood.webp","type":"image\/webp"}],"twitter_card":"summary_large_image","twitter_misc":{"Arvioitu lukuaika":"1 minuutti"},"schema":{"@context":"https:\/\/schema.org","@graph":[{"@type":"WebPage","@id":"https:\/\/radis.ee\/fi\/kaareva-seinahylly-liukuovella-floaty\/","url":"https:\/\/radis.ee\/fi\/kaareva-seinahylly-liukuovella-floaty\/","name":"Kaareva sein\u00e4hylly liukuovella FLOATY - Radis","isPartOf":{"@id":"https:\/\/radis.ee\/#website"},"primaryImageOfPage":{"@id":"https:\/\/radis.ee\/fi\/kaareva-seinahylly-liukuovella-floaty\/#primaryimage"},"image":{"@id":"https:\/\/radis.ee\/fi\/kaareva-seinahylly-liukuovella-floaty\/#primaryimage"},"thumbnailUrl":"https:\/\/radis.ee\/wp-content\/uploads\/2019\/04\/Radis_Furniture_curved_wallshelf_sliding_door_FLOATY_Oak_veneered_plywood_2.webp","datePublished":"2019-04-09T14:20:15+00:00","dateModified":"2025-12-29T16:33:25+00:00","breadcrumb":{"@id":"https:\/\/radis.ee\/fi\/kaareva-seinahylly-liukuovella-floaty\/#breadcrumb"},"inLanguage":"fi","potentialAction":[{"@type":"ReadAction","target":["https:\/\/radis.ee\/fi\/kaareva-seinahylly-liukuovella-floaty\/"]}]},{"@type":"ImageObject","inLanguage":"fi","@id":"https:\/\/radis.ee\/fi\/kaareva-seinahylly-liukuovella-floaty\/#primaryimage","url":"https:\/\/radis.ee\/wp-content\/uploads\/2019\/04\/Radis_Furniture_curved_wallshelf_sliding_door_FLOATY_Oak_veneered_plywood_2.webp","contentUrl":"https:\/\/radis.ee\/wp-content\/uploads\/2019\/04\/Radis_Furniture_curved_wallshelf_sliding_door_FLOATY_Oak_veneered_plywood_2.webp","width":880,"height":1216,"caption":"Radis Furniture curved wallshelf with sliding door FLOATY Oak veneered plywood"},{"@type":"BreadcrumbList","@id":"https:\/\/radis.ee\/fi\/kaareva-seinahylly-liukuovella-floaty\/#breadcrumb","itemListElement":[{"@type":"ListItem","position":1,"name":"Home","item":"https:\/\/radis.ee\/"},{"@type":"ListItem","position":2,"name":"Tuotteet","item":"https:\/\/radis.ee\/fi\/tuotteet\/"},{"@type":"ListItem","position":3,"name":"Kaareva sein\u00e4hylly liukuovella FLOATY"}]},{"@type":"WebSite","@id":"https:\/\/radis.ee\/#website","url":"https:\/\/radis.ee\/","name":"Radis","description":"Nordic design furniture, environmentally friendly and sustainable.","publisher":{"@id":"https:\/\/radis.ee\/#organization"},"potentialAction":[{"@type":"SearchAction","target":{"@type":"EntryPoint","urlTemplate":"https:\/\/radis.ee\/?s={search_term_string}"},"query-input":{"@type":"PropertyValueSpecification","valueRequired":true,"valueName":"search_term_string"}}],"inLanguage":"fi"},{"@type":"Organization","@id":"https:\/\/radis.ee\/#organization","name":"Radis O\u00dc","url":"https:\/\/radis.ee\/","logo":{"@type":"ImageObject","inLanguage":"fi","@id":"https:\/\/radis.ee\/#\/schema\/logo\/image\/","url":"https:\/\/radis.ee\/wp-content\/uploads\/2020\/10\/Radis-logo.png","contentUrl":"https:\/\/radis.ee\/wp-content\/uploads\/2020\/10\/Radis-logo.png","width":300,"height":63,"caption":"Radis O\u00dc"},"image":{"@id":"https:\/\/radis.ee\/#\/schema\/logo\/image\/"},"sameAs":["https:\/\/www.facebook.com\/radisfurniture\/"]}]}},"_links":{"self":[{"href":"https:\/\/radis.ee\/fi\/wp-json\/wp\/v2\/product\/30951","targetHints":{"allow":["GET"]}}],"collection":[{"href":"https:\/\/radis.ee\/fi\/wp-json\/wp\/v2\/product"}],"about":[{"href":"https:\/\/radis.ee\/fi\/wp-json\/wp\/v2\/types\/product"}],"replies":[{"embeddable":true,"href":"https:\/\/radis.ee\/fi\/wp-json\/wp\/v2\/comments?post=30951"}],"wp:featuredmedia":[{"embeddable":true,"href":"https:\/\/radis.ee\/fi\/wp-json\/wp\/v2\/media\/31075"}],"wp:attachment":[{"href":"https:\/\/radis.ee\/fi\/wp-json\/wp\/v2\/media?parent=30951"}],"wp:term":[{"taxonomy":"product_brand","embeddable":true,"href":"https:\/\/radis.ee\/fi\/wp-json\/wp\/v2\/product_brand?post=30951"},{"taxonomy":"product_cat","embeddable":true,"href":"https:\/\/radis.ee\/fi\/wp-json\/wp\/v2\/product_cat?post=30951"},{"taxonomy":"product_tag","embeddable":true,"href":"https:\/\/radis.ee\/fi\/wp-json\/wp\/v2\/product_tag?post=30951"}],"curies":[{"name":"wp","href":"https:\/\/api.w.org\/{rel}","templated":true}]}}