{"id":3099,"date":"2020-10-15T23:24:50","date_gmt":"2020-09-21T20:24:50","guid":{"rendered":"https:\/\/radis.ee\/Ei-luokiteltu\/hyllysto-pix-m\/"},"modified":"2024-03-05T19:59:11","modified_gmt":"2024-03-05T17:59:11","slug":"hyllysto-pix-m","status":"publish","type":"product","link":"https:\/\/radis.ee\/fi\/hyllysto-pix-m\/","title":{"rendered":"Hyllyst\u00f6 PIX M"},"content":{"rendered":"<p>Hyllyst\u00f6 kaapilla, joka on tyylik\u00e4s muotoiluelementti, sek\u00e4 tilava s\u00e4ilytystila. Mik\u00e4 menee ovien taakse ja mik\u00e4 on esill\u00e4 &#8211; se on sinun teht\u00e4v\u00e4si!<\/p>\n<p>Jokaisessa hyllytilassa on my\u00f6s ovenkaapit, joiden avautumissuunnan voit m\u00e4\u00e4ritt\u00e4\u00e4 kullekin kaapille k\u00e4ytett\u00e4ess\u00e4 hylly\u00e4 tilanjakajana.<\/p>\n<p>Hyllyv\u00e4lin korkeus on 33 cm, joten hyllyihin mahtuvat my\u00f6s korkeammat kansiot ja kirjat. Kaapin sis\u00e4leveys on 33 cm. 8 cm korkea sokkeli, joka sopii hyvin kaikkien jalkalistaan.<\/p>\n<p>Valmistettu 15mm koivuvanerista tai tammiviilusta, \u00f6ljyvahattu, my\u00f6s valkoiseksi HPL-pinnoitettu. Pehme\u00e4sti sulkeutuvat oven saranat.<\/p>\n","protected":false},"excerpt":{"rendered":"<p>Hyllyst\u00f6 kaapilla, joka on tyylik\u00e4s muotoiluelementti, sek\u00e4 tilava s\u00e4ilytystila. Mik\u00e4 menee ovien taakse ja mik\u00e4 on esill\u00e4 &#8211; se on sinun teht\u00e4v\u00e4si! Jokaisessa hyllytilassa on my\u00f6s ovenkaapit, joiden avautumissuunnan voit m\u00e4\u00e4ritt\u00e4\u00e4 kullekin kaapille k\u00e4ytett\u00e4ess\u00e4 hylly\u00e4 tilanjakajana. Hyllyv\u00e4lin korkeus on 33 cm, joten hyllyihin mahtuvat my\u00f6s korkeammat kansiot ja kirjat. Kaapin sis\u00e4leveys on 33 cm. 8&#8230;<\/p>\n","protected":false},"featured_media":3543,"comment_status":"open","ping_status":"closed","template":"","meta":{"_acf_changed":false},"product_brand":[],"product_cat":[109],"product_tag":[],"class_list":{"0":"post-3099","1":"product","2":"type-product","3":"status-publish","4":"has-post-thumbnail","6":"product_cat-riiulid","8":"first","9":"instock","10":"sale","11":"taxable","12":"shipping-taxable","13":"purchasable","14":"product-type-variable","15":"has-default-attributes"},"acf":[],"yoast_head":"<!-- This site is optimized with the Yoast SEO plugin v27.3 - https:\/\/yoast.com\/product\/yoast-seo-wordpress\/ -->\n<title>Hyllyst\u00f6 PIX M - Radis<\/title>\n<meta name=\"robots\" content=\"index, follow, max-snippet:-1, max-image-preview:large, max-video-preview:-1\" \/>\n<link rel=\"canonical\" href=\"https:\/\/radis.ee\/fi\/hyllysto-pix-m\/\" \/>\n<meta property=\"og:locale\" content=\"fi_FI\" \/>\n<meta property=\"og:type\" content=\"article\" \/>\n<meta property=\"og:title\" content=\"Hyllyst\u00f6 PIX M - Radis\" \/>\n<meta property=\"og:description\" content=\"Hyllyst\u00f6 kaapilla, joka on tyylik\u00e4s muotoiluelementti, sek\u00e4 tilava s\u00e4ilytystila. Mik\u00e4 menee ovien taakse ja mik\u00e4 on esill\u00e4 &#8211; se on sinun teht\u00e4v\u00e4si! Jokaisessa hyllytilassa on my\u00f6s ovenkaapit, joiden avautumissuunnan voit m\u00e4\u00e4ritt\u00e4\u00e4 kullekin kaapille k\u00e4ytett\u00e4ess\u00e4 hylly\u00e4 tilanjakajana. Hyllyv\u00e4lin korkeus on 33 cm, joten hyllyihin mahtuvat my\u00f6s korkeammat kansiot ja kirjat. Kaapin sis\u00e4leveys on 33 cm. 8...\" \/>\n<meta property=\"og:url\" content=\"https:\/\/radis.ee\/fi\/hyllysto-pix-m\/\" \/>\n<meta property=\"og:site_name\" content=\"Radis\" \/>\n<meta property=\"article:publisher\" content=\"https:\/\/www.facebook.com\/radisfurniture\/\" \/>\n<meta property=\"article:modified_time\" content=\"2024-03-05T17:59:11+00:00\" \/>\n<meta property=\"og:image\" content=\"https:\/\/radis.ee\/wp-content\/uploads\/2020\/09\/Radis_shelf_PIX_M_150cm_oak_veneered-scaled.jpg\" \/>\n\t<meta property=\"og:image:width\" content=\"5000\" \/>\n\t<meta property=\"og:image:height\" content=\"3750\" \/>\n\t<meta property=\"og:image:type\" content=\"image\/jpeg\" \/>\n<meta name=\"twitter:card\" content=\"summary_large_image\" \/>\n<script type=\"application\/ld+json\" class=\"yoast-schema-graph\">{\"@context\":\"https:\\\/\\\/schema.org\",\"@graph\":[{\"@type\":\"WebPage\",\"@id\":\"https:\\\/\\\/radis.ee\\\/fi\\\/hyllysto-pix-m\\\/\",\"url\":\"https:\\\/\\\/radis.ee\\\/fi\\\/hyllysto-pix-m\\\/\",\"name\":\"Hyllyst\u00f6 PIX M - Radis\",\"isPartOf\":{\"@id\":\"https:\\\/\\\/radis.ee\\\/#website\"},\"primaryImageOfPage\":{\"@id\":\"https:\\\/\\\/radis.ee\\\/fi\\\/hyllysto-pix-m\\\/#primaryimage\"},\"image\":{\"@id\":\"https:\\\/\\\/radis.ee\\\/fi\\\/hyllysto-pix-m\\\/#primaryimage\"},\"thumbnailUrl\":\"https:\\\/\\\/radis.ee\\\/wp-content\\\/uploads\\\/2020\\\/09\\\/Radis_shelf_PIX_M_150cm_oak_veneered-scaled.jpg\",\"datePublished\":\"2020-09-21T20:24:50+00:00\",\"dateModified\":\"2024-03-05T17:59:11+00:00\",\"breadcrumb\":{\"@id\":\"https:\\\/\\\/radis.ee\\\/fi\\\/hyllysto-pix-m\\\/#breadcrumb\"},\"inLanguage\":\"fi\",\"potentialAction\":[{\"@type\":\"ReadAction\",\"target\":[\"https:\\\/\\\/radis.ee\\\/fi\\\/hyllysto-pix-m\\\/\"]}]},{\"@type\":\"ImageObject\",\"inLanguage\":\"fi\",\"@id\":\"https:\\\/\\\/radis.ee\\\/fi\\\/hyllysto-pix-m\\\/#primaryimage\",\"url\":\"https:\\\/\\\/radis.ee\\\/wp-content\\\/uploads\\\/2020\\\/09\\\/Radis_shelf_PIX_M_150cm_oak_veneered-scaled.jpg\",\"contentUrl\":\"https:\\\/\\\/radis.ee\\\/wp-content\\\/uploads\\\/2020\\\/09\\\/Radis_shelf_PIX_M_150cm_oak_veneered-scaled.jpg\",\"width\":5000,\"height\":3750,\"caption\":\"SHELF PIX S OAK VENEERED\"},{\"@type\":\"BreadcrumbList\",\"@id\":\"https:\\\/\\\/radis.ee\\\/fi\\\/hyllysto-pix-m\\\/#breadcrumb\",\"itemListElement\":[{\"@type\":\"ListItem\",\"position\":1,\"name\":\"Home\",\"item\":\"https:\\\/\\\/radis.ee\\\/\"},{\"@type\":\"ListItem\",\"position\":2,\"name\":\"Tuotteet\",\"item\":\"https:\\\/\\\/radis.ee\\\/fi\\\/tuotteet\\\/\"},{\"@type\":\"ListItem\",\"position\":3,\"name\":\"Hyllyst\u00f6 PIX M\"}]},{\"@type\":\"WebSite\",\"@id\":\"https:\\\/\\\/radis.ee\\\/#website\",\"url\":\"https:\\\/\\\/radis.ee\\\/\",\"name\":\"Radis\",\"description\":\"Nordic design furniture, environmentally friendly and sustainable.\",\"publisher\":{\"@id\":\"https:\\\/\\\/radis.ee\\\/#organization\"},\"potentialAction\":[{\"@type\":\"SearchAction\",\"target\":{\"@type\":\"EntryPoint\",\"urlTemplate\":\"https:\\\/\\\/radis.ee\\\/?s={search_term_string}\"},\"query-input\":{\"@type\":\"PropertyValueSpecification\",\"valueRequired\":true,\"valueName\":\"search_term_string\"}}],\"inLanguage\":\"fi\"},{\"@type\":\"Organization\",\"@id\":\"https:\\\/\\\/radis.ee\\\/#organization\",\"name\":\"Radis O\u00dc\",\"url\":\"https:\\\/\\\/radis.ee\\\/\",\"logo\":{\"@type\":\"ImageObject\",\"inLanguage\":\"fi\",\"@id\":\"https:\\\/\\\/radis.ee\\\/#\\\/schema\\\/logo\\\/image\\\/\",\"url\":\"https:\\\/\\\/radis.ee\\\/wp-content\\\/uploads\\\/2020\\\/10\\\/Radis-logo.png\",\"contentUrl\":\"https:\\\/\\\/radis.ee\\\/wp-content\\\/uploads\\\/2020\\\/10\\\/Radis-logo.png\",\"width\":300,\"height\":63,\"caption\":\"Radis O\u00dc\"},\"image\":{\"@id\":\"https:\\\/\\\/radis.ee\\\/#\\\/schema\\\/logo\\\/image\\\/\"},\"sameAs\":[\"https:\\\/\\\/www.facebook.com\\\/radisfurniture\\\/\"]}]}<\/script>\n<!-- \/ Yoast SEO plugin. -->","yoast_head_json":{"title":"Hyllyst\u00f6 PIX M - Radis","robots":{"index":"index","follow":"follow","max-snippet":"max-snippet:-1","max-image-preview":"max-image-preview:large","max-video-preview":"max-video-preview:-1"},"canonical":"https:\/\/radis.ee\/fi\/hyllysto-pix-m\/","og_locale":"fi_FI","og_type":"article","og_title":"Hyllyst\u00f6 PIX M - Radis","og_description":"Hyllyst\u00f6 kaapilla, joka on tyylik\u00e4s muotoiluelementti, sek\u00e4 tilava s\u00e4ilytystila. Mik\u00e4 menee ovien taakse ja mik\u00e4 on esill\u00e4 &#8211; se on sinun teht\u00e4v\u00e4si! Jokaisessa hyllytilassa on my\u00f6s ovenkaapit, joiden avautumissuunnan voit m\u00e4\u00e4ritt\u00e4\u00e4 kullekin kaapille k\u00e4ytett\u00e4ess\u00e4 hylly\u00e4 tilanjakajana. Hyllyv\u00e4lin korkeus on 33 cm, joten hyllyihin mahtuvat my\u00f6s korkeammat kansiot ja kirjat. Kaapin sis\u00e4leveys on 33 cm. 8...","og_url":"https:\/\/radis.ee\/fi\/hyllysto-pix-m\/","og_site_name":"Radis","article_publisher":"https:\/\/www.facebook.com\/radisfurniture\/","article_modified_time":"2024-03-05T17:59:11+00:00","og_image":[{"width":5000,"height":3750,"url":"https:\/\/radis.ee\/wp-content\/uploads\/2020\/09\/Radis_shelf_PIX_M_150cm_oak_veneered-scaled.jpg","type":"image\/jpeg"}],"twitter_card":"summary_large_image","schema":{"@context":"https:\/\/schema.org","@graph":[{"@type":"WebPage","@id":"https:\/\/radis.ee\/fi\/hyllysto-pix-m\/","url":"https:\/\/radis.ee\/fi\/hyllysto-pix-m\/","name":"Hyllyst\u00f6 PIX M - Radis","isPartOf":{"@id":"https:\/\/radis.ee\/#website"},"primaryImageOfPage":{"@id":"https:\/\/radis.ee\/fi\/hyllysto-pix-m\/#primaryimage"},"image":{"@id":"https:\/\/radis.ee\/fi\/hyllysto-pix-m\/#primaryimage"},"thumbnailUrl":"https:\/\/radis.ee\/wp-content\/uploads\/2020\/09\/Radis_shelf_PIX_M_150cm_oak_veneered-scaled.jpg","datePublished":"2020-09-21T20:24:50+00:00","dateModified":"2024-03-05T17:59:11+00:00","breadcrumb":{"@id":"https:\/\/radis.ee\/fi\/hyllysto-pix-m\/#breadcrumb"},"inLanguage":"fi","potentialAction":[{"@type":"ReadAction","target":["https:\/\/radis.ee\/fi\/hyllysto-pix-m\/"]}]},{"@type":"ImageObject","inLanguage":"fi","@id":"https:\/\/radis.ee\/fi\/hyllysto-pix-m\/#primaryimage","url":"https:\/\/radis.ee\/wp-content\/uploads\/2020\/09\/Radis_shelf_PIX_M_150cm_oak_veneered-scaled.jpg","contentUrl":"https:\/\/radis.ee\/wp-content\/uploads\/2020\/09\/Radis_shelf_PIX_M_150cm_oak_veneered-scaled.jpg","width":5000,"height":3750,"caption":"SHELF PIX S OAK VENEERED"},{"@type":"BreadcrumbList","@id":"https:\/\/radis.ee\/fi\/hyllysto-pix-m\/#breadcrumb","itemListElement":[{"@type":"ListItem","position":1,"name":"Home","item":"https:\/\/radis.ee\/"},{"@type":"ListItem","position":2,"name":"Tuotteet","item":"https:\/\/radis.ee\/fi\/tuotteet\/"},{"@type":"ListItem","position":3,"name":"Hyllyst\u00f6 PIX M"}]},{"@type":"WebSite","@id":"https:\/\/radis.ee\/#website","url":"https:\/\/radis.ee\/","name":"Radis","description":"Nordic design furniture, environmentally friendly and sustainable.","publisher":{"@id":"https:\/\/radis.ee\/#organization"},"potentialAction":[{"@type":"SearchAction","target":{"@type":"EntryPoint","urlTemplate":"https:\/\/radis.ee\/?s={search_term_string}"},"query-input":{"@type":"PropertyValueSpecification","valueRequired":true,"valueName":"search_term_string"}}],"inLanguage":"fi"},{"@type":"Organization","@id":"https:\/\/radis.ee\/#organization","name":"Radis O\u00dc","url":"https:\/\/radis.ee\/","logo":{"@type":"ImageObject","inLanguage":"fi","@id":"https:\/\/radis.ee\/#\/schema\/logo\/image\/","url":"https:\/\/radis.ee\/wp-content\/uploads\/2020\/10\/Radis-logo.png","contentUrl":"https:\/\/radis.ee\/wp-content\/uploads\/2020\/10\/Radis-logo.png","width":300,"height":63,"caption":"Radis O\u00dc"},"image":{"@id":"https:\/\/radis.ee\/#\/schema\/logo\/image\/"},"sameAs":["https:\/\/www.facebook.com\/radisfurniture\/"]}]}},"_links":{"self":[{"href":"https:\/\/radis.ee\/fi\/wp-json\/wp\/v2\/product\/3099","targetHints":{"allow":["GET"]}}],"collection":[{"href":"https:\/\/radis.ee\/fi\/wp-json\/wp\/v2\/product"}],"about":[{"href":"https:\/\/radis.ee\/fi\/wp-json\/wp\/v2\/types\/product"}],"replies":[{"embeddable":true,"href":"https:\/\/radis.ee\/fi\/wp-json\/wp\/v2\/comments?post=3099"}],"wp:featuredmedia":[{"embeddable":true,"href":"https:\/\/radis.ee\/fi\/wp-json\/wp\/v2\/media\/3543"}],"wp:attachment":[{"href":"https:\/\/radis.ee\/fi\/wp-json\/wp\/v2\/media?parent=3099"}],"wp:term":[{"taxonomy":"product_brand","embeddable":true,"href":"https:\/\/radis.ee\/fi\/wp-json\/wp\/v2\/product_brand?post=3099"},{"taxonomy":"product_cat","embeddable":true,"href":"https:\/\/radis.ee\/fi\/wp-json\/wp\/v2\/product_cat?post=3099"},{"taxonomy":"product_tag","embeddable":true,"href":"https:\/\/radis.ee\/fi\/wp-json\/wp\/v2\/product_tag?post=3099"}],"curies":[{"name":"wp","href":"https:\/\/api.w.org\/{rel}","templated":true}]}}