{"id":3116,"date":"2020-08-15T11:06:04","date_gmt":"2020-08-15T08:06:04","guid":{"rendered":"https:\/\/radis.ee\/Ei-luokiteltu\/hylly-mesh\/"},"modified":"2025-01-27T18:26:38","modified_gmt":"2025-01-27T16:26:38","slug":"hylly-mesh","status":"publish","type":"product","link":"https:\/\/radis.ee\/fi\/hylly-mesh\/","title":{"rendered":"Hylly MESH"},"content":{"rendered":"<p>Kennoa muistuttava hylly her\u00e4tt\u00e4\u00e4 kateutta naapurin lis\u00e4ksi koko maakunnan mehil\u00e4isiss\u00e4. J\u00e4nnitt\u00e4v\u00e4t nurkat tuovat sisustukseen s\u00e4rm\u00e4\u00e4, jota ei voi koskaan olla liikaa.<\/p>\n<p>Saatavana nelj\u00e4ss\u00e4 koossa:<\/p>\n<ul>\n<li>2&#215;5 &#8211; korkeus 61 cm, leveys 151 cm<\/li>\n<li>5&#215;5 &#8211; korkeus ja leveys 151 cm<\/li>\n<li>7&#215;5 &#8211; korkeus 211 cm, leveys 151 cm<\/li>\n<li>7&#215;8 &#8211; korkeus 211 cm, leveys 241 cm<\/li>\n<\/ul>\n<p>Hyllyn syvyys on 30-40 cm riippuen hyllyn reunasta. Yhden hyllyn korkeus ja leveys on 29 cm. T\u00e4m\u00e4 tekee t\u00e4st\u00e4 hyllyst\u00e4 my\u00f6s eritt\u00e4in vahvan. Hylly\u00e4 voidaan k\u00e4ytt\u00e4\u00e4 sek\u00e4 pystysuorassa ett\u00e4 vaakasuunnassa.<\/p>\n<p>Laadukas hylly on valmistettu 12mm valkoisesta HPL-koivuvanerista tai 16mm tammiviiluvanerista, eritt\u00e4in kest\u00e4v\u00e4st\u00e4 materiaalista. Ulkopuolet on kiinnitetty tapilla ja ep\u00e4keskoilla, sis\u00e4puoli tapilla. Valinnainen 8 cm korkea sokkeli alla.<\/p>\n<div id=\"1594130576079-fbc9a5a6-ed5cc019-c3e0\" class=\"w-tabs-section active\">\n<div id=\"content-1594130576079-fbc9a5a6-ed5cc019-c3e0\" class=\"w-tabs-section-content\" aria-expanded=\"true\">\n<div class=\"w-tabs-section-content-h i-cf\">\n<div class=\"w-post-elm post_content\">\n<p><strong>2 viikon toimitus kaikkialle Suomeen!<\/strong><\/p>\n<\/div>\n<\/div>\n<\/div>\n<\/div>\n","protected":false},"excerpt":{"rendered":"<p>Kennoa muistuttava hylly her\u00e4tt\u00e4\u00e4 kateutta naapurin lis\u00e4ksi koko maakunnan mehil\u00e4isiss\u00e4. J\u00e4nnitt\u00e4v\u00e4t nurkat tuovat sisustukseen s\u00e4rm\u00e4\u00e4, jota ei voi koskaan olla liikaa. Saatavana nelj\u00e4ss\u00e4 koossa: 2&#215;5 &#8211; korkeus 61 cm, leveys 151 cm 5&#215;5 &#8211; korkeus ja leveys 151 cm 7&#215;5 &#8211; korkeus 211 cm, leveys 151 cm 7&#215;8 &#8211; korkeus 211 cm, leveys 241 cm&#8230;<\/p>\n","protected":false},"featured_media":4905,"comment_status":"open","ping_status":"closed","template":"","meta":{"_acf_changed":false},"product_brand":[],"product_cat":[109],"product_tag":[],"class_list":{"0":"post-3116","1":"product","2":"type-product","3":"status-publish","4":"has-post-thumbnail","6":"product_cat-riiulid","8":"first","9":"instock","10":"taxable","11":"shipping-taxable","12":"purchasable","13":"product-type-variable","14":"has-default-attributes"},"acf":[],"yoast_head":"<!-- This site is optimized with the Yoast SEO plugin v27.3 - https:\/\/yoast.com\/product\/yoast-seo-wordpress\/ -->\n<title>Hylly MESH - Radis<\/title>\n<meta name=\"robots\" content=\"index, follow, max-snippet:-1, max-image-preview:large, max-video-preview:-1\" \/>\n<link rel=\"canonical\" href=\"https:\/\/radis.ee\/fi\/hylly-mesh\/\" \/>\n<meta property=\"og:locale\" content=\"fi_FI\" \/>\n<meta property=\"og:type\" content=\"article\" \/>\n<meta property=\"og:title\" content=\"Hylly MESH - Radis\" \/>\n<meta property=\"og:description\" content=\"Kennoa muistuttava hylly her\u00e4tt\u00e4\u00e4 kateutta naapurin lis\u00e4ksi koko maakunnan mehil\u00e4isiss\u00e4. J\u00e4nnitt\u00e4v\u00e4t nurkat tuovat sisustukseen s\u00e4rm\u00e4\u00e4, jota ei voi koskaan olla liikaa. Saatavana nelj\u00e4ss\u00e4 koossa: 2&#215;5 &#8211; korkeus 61 cm, leveys 151 cm 5&#215;5 &#8211; korkeus ja leveys 151 cm 7&#215;5 &#8211; korkeus 211 cm, leveys 151 cm 7&#215;8 &#8211; korkeus 211 cm, leveys 241 cm...\" \/>\n<meta property=\"og:url\" content=\"https:\/\/radis.ee\/fi\/hylly-mesh\/\" \/>\n<meta property=\"og:site_name\" content=\"Radis\" \/>\n<meta property=\"article:publisher\" content=\"https:\/\/www.facebook.com\/radisfurniture\/\" \/>\n<meta property=\"article:modified_time\" content=\"2025-01-27T16:26:38+00:00\" \/>\n<meta property=\"og:image\" content=\"https:\/\/radis.ee\/wp-content\/uploads\/2020\/08\/RADIS_shelf_ESH_5x7_white_film-scaled.jpg\" \/>\n\t<meta property=\"og:image:width\" content=\"5000\" \/>\n\t<meta property=\"og:image:height\" content=\"3750\" \/>\n\t<meta property=\"og:image:type\" content=\"image\/jpeg\" \/>\n<meta name=\"twitter:card\" content=\"summary_large_image\" \/>\n<meta name=\"twitter:label1\" content=\"Arvioitu lukuaika\" \/>\n\t<meta name=\"twitter:data1\" content=\"1 minuutti\" \/>\n<script type=\"application\/ld+json\" class=\"yoast-schema-graph\">{\"@context\":\"https:\\\/\\\/schema.org\",\"@graph\":[{\"@type\":\"WebPage\",\"@id\":\"https:\\\/\\\/radis.ee\\\/fi\\\/hylly-mesh\\\/\",\"url\":\"https:\\\/\\\/radis.ee\\\/fi\\\/hylly-mesh\\\/\",\"name\":\"Hylly MESH - Radis\",\"isPartOf\":{\"@id\":\"https:\\\/\\\/radis.ee\\\/#website\"},\"primaryImageOfPage\":{\"@id\":\"https:\\\/\\\/radis.ee\\\/fi\\\/hylly-mesh\\\/#primaryimage\"},\"image\":{\"@id\":\"https:\\\/\\\/radis.ee\\\/fi\\\/hylly-mesh\\\/#primaryimage\"},\"thumbnailUrl\":\"https:\\\/\\\/radis.ee\\\/wp-content\\\/uploads\\\/2020\\\/08\\\/RADIS_shelf_ESH_5x7_white_film-scaled.jpg\",\"datePublished\":\"2020-08-15T08:06:04+00:00\",\"dateModified\":\"2025-01-27T16:26:38+00:00\",\"breadcrumb\":{\"@id\":\"https:\\\/\\\/radis.ee\\\/fi\\\/hylly-mesh\\\/#breadcrumb\"},\"inLanguage\":\"fi\",\"potentialAction\":[{\"@type\":\"ReadAction\",\"target\":[\"https:\\\/\\\/radis.ee\\\/fi\\\/hylly-mesh\\\/\"]}]},{\"@type\":\"ImageObject\",\"inLanguage\":\"fi\",\"@id\":\"https:\\\/\\\/radis.ee\\\/fi\\\/hylly-mesh\\\/#primaryimage\",\"url\":\"https:\\\/\\\/radis.ee\\\/wp-content\\\/uploads\\\/2020\\\/08\\\/RADIS_shelf_ESH_5x7_white_film-scaled.jpg\",\"contentUrl\":\"https:\\\/\\\/radis.ee\\\/wp-content\\\/uploads\\\/2020\\\/08\\\/RADIS_shelf_ESH_5x7_white_film-scaled.jpg\",\"width\":5000,\"height\":3750,\"caption\":\"SHELF MESH 5X7\"},{\"@type\":\"BreadcrumbList\",\"@id\":\"https:\\\/\\\/radis.ee\\\/fi\\\/hylly-mesh\\\/#breadcrumb\",\"itemListElement\":[{\"@type\":\"ListItem\",\"position\":1,\"name\":\"Home\",\"item\":\"https:\\\/\\\/radis.ee\\\/\"},{\"@type\":\"ListItem\",\"position\":2,\"name\":\"Tuotteet\",\"item\":\"https:\\\/\\\/radis.ee\\\/fi\\\/tuotteet\\\/\"},{\"@type\":\"ListItem\",\"position\":3,\"name\":\"Hylly MESH\"}]},{\"@type\":\"WebSite\",\"@id\":\"https:\\\/\\\/radis.ee\\\/#website\",\"url\":\"https:\\\/\\\/radis.ee\\\/\",\"name\":\"Radis\",\"description\":\"Nordic design furniture, environmentally friendly and sustainable.\",\"publisher\":{\"@id\":\"https:\\\/\\\/radis.ee\\\/#organization\"},\"potentialAction\":[{\"@type\":\"SearchAction\",\"target\":{\"@type\":\"EntryPoint\",\"urlTemplate\":\"https:\\\/\\\/radis.ee\\\/?s={search_term_string}\"},\"query-input\":{\"@type\":\"PropertyValueSpecification\",\"valueRequired\":true,\"valueName\":\"search_term_string\"}}],\"inLanguage\":\"fi\"},{\"@type\":\"Organization\",\"@id\":\"https:\\\/\\\/radis.ee\\\/#organization\",\"name\":\"Radis O\u00dc\",\"url\":\"https:\\\/\\\/radis.ee\\\/\",\"logo\":{\"@type\":\"ImageObject\",\"inLanguage\":\"fi\",\"@id\":\"https:\\\/\\\/radis.ee\\\/#\\\/schema\\\/logo\\\/image\\\/\",\"url\":\"https:\\\/\\\/radis.ee\\\/wp-content\\\/uploads\\\/2020\\\/10\\\/Radis-logo.png\",\"contentUrl\":\"https:\\\/\\\/radis.ee\\\/wp-content\\\/uploads\\\/2020\\\/10\\\/Radis-logo.png\",\"width\":300,\"height\":63,\"caption\":\"Radis O\u00dc\"},\"image\":{\"@id\":\"https:\\\/\\\/radis.ee\\\/#\\\/schema\\\/logo\\\/image\\\/\"},\"sameAs\":[\"https:\\\/\\\/www.facebook.com\\\/radisfurniture\\\/\"]}]}<\/script>\n<!-- \/ Yoast SEO plugin. -->","yoast_head_json":{"title":"Hylly MESH - Radis","robots":{"index":"index","follow":"follow","max-snippet":"max-snippet:-1","max-image-preview":"max-image-preview:large","max-video-preview":"max-video-preview:-1"},"canonical":"https:\/\/radis.ee\/fi\/hylly-mesh\/","og_locale":"fi_FI","og_type":"article","og_title":"Hylly MESH - Radis","og_description":"Kennoa muistuttava hylly her\u00e4tt\u00e4\u00e4 kateutta naapurin lis\u00e4ksi koko maakunnan mehil\u00e4isiss\u00e4. J\u00e4nnitt\u00e4v\u00e4t nurkat tuovat sisustukseen s\u00e4rm\u00e4\u00e4, jota ei voi koskaan olla liikaa. Saatavana nelj\u00e4ss\u00e4 koossa: 2&#215;5 &#8211; korkeus 61 cm, leveys 151 cm 5&#215;5 &#8211; korkeus ja leveys 151 cm 7&#215;5 &#8211; korkeus 211 cm, leveys 151 cm 7&#215;8 &#8211; korkeus 211 cm, leveys 241 cm...","og_url":"https:\/\/radis.ee\/fi\/hylly-mesh\/","og_site_name":"Radis","article_publisher":"https:\/\/www.facebook.com\/radisfurniture\/","article_modified_time":"2025-01-27T16:26:38+00:00","og_image":[{"width":5000,"height":3750,"url":"https:\/\/radis.ee\/wp-content\/uploads\/2020\/08\/RADIS_shelf_ESH_5x7_white_film-scaled.jpg","type":"image\/jpeg"}],"twitter_card":"summary_large_image","twitter_misc":{"Arvioitu lukuaika":"1 minuutti"},"schema":{"@context":"https:\/\/schema.org","@graph":[{"@type":"WebPage","@id":"https:\/\/radis.ee\/fi\/hylly-mesh\/","url":"https:\/\/radis.ee\/fi\/hylly-mesh\/","name":"Hylly MESH - Radis","isPartOf":{"@id":"https:\/\/radis.ee\/#website"},"primaryImageOfPage":{"@id":"https:\/\/radis.ee\/fi\/hylly-mesh\/#primaryimage"},"image":{"@id":"https:\/\/radis.ee\/fi\/hylly-mesh\/#primaryimage"},"thumbnailUrl":"https:\/\/radis.ee\/wp-content\/uploads\/2020\/08\/RADIS_shelf_ESH_5x7_white_film-scaled.jpg","datePublished":"2020-08-15T08:06:04+00:00","dateModified":"2025-01-27T16:26:38+00:00","breadcrumb":{"@id":"https:\/\/radis.ee\/fi\/hylly-mesh\/#breadcrumb"},"inLanguage":"fi","potentialAction":[{"@type":"ReadAction","target":["https:\/\/radis.ee\/fi\/hylly-mesh\/"]}]},{"@type":"ImageObject","inLanguage":"fi","@id":"https:\/\/radis.ee\/fi\/hylly-mesh\/#primaryimage","url":"https:\/\/radis.ee\/wp-content\/uploads\/2020\/08\/RADIS_shelf_ESH_5x7_white_film-scaled.jpg","contentUrl":"https:\/\/radis.ee\/wp-content\/uploads\/2020\/08\/RADIS_shelf_ESH_5x7_white_film-scaled.jpg","width":5000,"height":3750,"caption":"SHELF MESH 5X7"},{"@type":"BreadcrumbList","@id":"https:\/\/radis.ee\/fi\/hylly-mesh\/#breadcrumb","itemListElement":[{"@type":"ListItem","position":1,"name":"Home","item":"https:\/\/radis.ee\/"},{"@type":"ListItem","position":2,"name":"Tuotteet","item":"https:\/\/radis.ee\/fi\/tuotteet\/"},{"@type":"ListItem","position":3,"name":"Hylly MESH"}]},{"@type":"WebSite","@id":"https:\/\/radis.ee\/#website","url":"https:\/\/radis.ee\/","name":"Radis","description":"Nordic design furniture, environmentally friendly and sustainable.","publisher":{"@id":"https:\/\/radis.ee\/#organization"},"potentialAction":[{"@type":"SearchAction","target":{"@type":"EntryPoint","urlTemplate":"https:\/\/radis.ee\/?s={search_term_string}"},"query-input":{"@type":"PropertyValueSpecification","valueRequired":true,"valueName":"search_term_string"}}],"inLanguage":"fi"},{"@type":"Organization","@id":"https:\/\/radis.ee\/#organization","name":"Radis O\u00dc","url":"https:\/\/radis.ee\/","logo":{"@type":"ImageObject","inLanguage":"fi","@id":"https:\/\/radis.ee\/#\/schema\/logo\/image\/","url":"https:\/\/radis.ee\/wp-content\/uploads\/2020\/10\/Radis-logo.png","contentUrl":"https:\/\/radis.ee\/wp-content\/uploads\/2020\/10\/Radis-logo.png","width":300,"height":63,"caption":"Radis O\u00dc"},"image":{"@id":"https:\/\/radis.ee\/#\/schema\/logo\/image\/"},"sameAs":["https:\/\/www.facebook.com\/radisfurniture\/"]}]}},"_links":{"self":[{"href":"https:\/\/radis.ee\/fi\/wp-json\/wp\/v2\/product\/3116","targetHints":{"allow":["GET"]}}],"collection":[{"href":"https:\/\/radis.ee\/fi\/wp-json\/wp\/v2\/product"}],"about":[{"href":"https:\/\/radis.ee\/fi\/wp-json\/wp\/v2\/types\/product"}],"replies":[{"embeddable":true,"href":"https:\/\/radis.ee\/fi\/wp-json\/wp\/v2\/comments?post=3116"}],"wp:featuredmedia":[{"embeddable":true,"href":"https:\/\/radis.ee\/fi\/wp-json\/wp\/v2\/media\/4905"}],"wp:attachment":[{"href":"https:\/\/radis.ee\/fi\/wp-json\/wp\/v2\/media?parent=3116"}],"wp:term":[{"taxonomy":"product_brand","embeddable":true,"href":"https:\/\/radis.ee\/fi\/wp-json\/wp\/v2\/product_brand?post=3116"},{"taxonomy":"product_cat","embeddable":true,"href":"https:\/\/radis.ee\/fi\/wp-json\/wp\/v2\/product_cat?post=3116"},{"taxonomy":"product_tag","embeddable":true,"href":"https:\/\/radis.ee\/fi\/wp-json\/wp\/v2\/product_tag?post=3116"}],"curies":[{"name":"wp","href":"https:\/\/api.w.org\/{rel}","templated":true}]}}