{"id":31287,"date":"2023-05-20T23:08:37","date_gmt":"2023-05-20T20:08:37","guid":{"rendered":"https:\/\/radis.ee\/?post_type=product&#038;p=31287"},"modified":"2026-02-13T00:26:44","modified_gmt":"2026-02-12T22:26:44","slug":"hylly-salu","status":"publish","type":"product","link":"https:\/\/radis.ee\/fi\/hylly-salu\/","title":{"rendered":"Hylly SALU"},"content":{"rendered":"<p>SALU-hylly on yhdistelm\u00e4 teollista minimalismia ja l\u00e4mmint\u00e4 pohjoismaista muotoilua. SALU on suunniteltu niille, jotka arvostavat selkeit\u00e4 linjoja, kest\u00e4vyytt\u00e4 ja mahdollisuutta sovittaa huonekalut kotinsa luonteeseen.<\/p>\n<p>Hyllyn visuaalisena selk\u00e4rankana ovat mustat pulverimaalatut metalliosat, jotka antavat rakenteelle ilmavan, mutta horjumattoman vakaan muodon. Se on t\u00e4ydellinen ratkaisu kirjojen ja sisustuselementtien esillepanoon olohuoneessa tai tyylikk\u00e4\u00e4seen kotitoimistoon.<\/p>\n<p>Miksi valita SALU-hylly?<\/p>\n<ul>\n<li>Kest\u00e4v\u00e4t materiaalit &#8211; hyllylevyt on valmistettu korkealaatuisesta vanerista, joka kest\u00e4\u00e4 sukupolvien ajan.<\/li>\n<li>Personaalinen viimeistely, valitse kolmesta eri levymateriaalista:\n<ul>\n<li>Musta kalvop\u00e4\u00e4llysteinen vaneri: Moderni ja kest\u00e4v\u00e4, n\u00e4kyv\u00e4t vaneriraidat reunoilla<\/li>\n<li>Valkoinen kalvop\u00e4\u00e4llysteinen vaneri: Kirkas ja puhdas, t\u00e4ydellinen skandinaaviseen sisustukseen<\/li>\n<li>Tammiviilutettu vaneri: Ajaton klassikko, joka tuo luonnollista l\u00e4mp\u00f6\u00e4 ja ylellisyytt\u00e4 huoneeseen<\/li>\n<\/ul>\n<\/li>\n<li>Teollinen aksentti: Jauhemaalatut mustat metalliosat luovat tehokkaan kontrastin puun tekstuurille.<\/li>\n<\/ul>\n<p>Oikea koko jokaiseen huoneeseen: SALU on saatavilla kahdessa eri koossa (120 and 230 cm), joten voit valita tarpeisiisi sopivan vaihtoehdon \u2013 olipa kyseess\u00e4 sitten kompakti lis\u00e4taso tai tilava sein\u00e4elementti.<\/p>\n<p>Tee kodin j\u00e4rjest\u00e4misest\u00e4 taidetta. Valitse SALU \u2013 hylly, joka ei peit\u00e4 tavaroita, vaan korostaa niit\u00e4.<\/p>\n<p>Valmistettu 15 mm:n valkoisesta tai mustasta kalvop\u00e4\u00e4llysteisest\u00e4 vanerista tai 16 mm:n tammiviilutetusta vanerista, \u00f6ljyvahattu. Mustat pulverimaalatut metalliset v\u00e4lilistat, joiden korkeus on 30 cm. Hyllyn alla on 8 cm korkea sokkeli, joka sopii useimpiin jalkalistoihin.<\/p>\n<p>Suunnittelu: Tambet K\u00fctt, Raul Abner.<\/p>\n","protected":false},"excerpt":{"rendered":"<p>SALU-hylly on yhdistelm\u00e4 teollista minimalismia ja l\u00e4mmint\u00e4 pohjoismaista muotoilua. SALU on suunniteltu niille, jotka arvostavat selkeit\u00e4 linjoja, kest\u00e4vyytt\u00e4 ja mahdollisuutta sovittaa huonekalut kotinsa luonteeseen. Hyllyn visuaalisena selk\u00e4rankana ovat mustat pulverimaalatut metalliosat, jotka antavat rakenteelle ilmavan, mutta horjumattoman vakaan muodon. Se on t\u00e4ydellinen ratkaisu kirjojen ja sisustuselementtien esillepanoon olohuoneessa tai tyylikk\u00e4\u00e4seen kotitoimistoon. Miksi valita SALU-hylly? Kest\u00e4v\u00e4t&#8230;<\/p>\n","protected":false},"featured_media":31406,"comment_status":"open","ping_status":"closed","template":"","meta":{"_acf_changed":false},"product_brand":[],"product_cat":[109],"product_tag":[],"class_list":{"0":"post-31287","1":"product","2":"type-product","3":"status-publish","4":"has-post-thumbnail","6":"product_cat-riiulid","8":"first","9":"instock","10":"taxable","11":"shipping-taxable","12":"purchasable","13":"product-type-variable","14":"has-default-attributes"},"acf":[],"yoast_head":"<!-- This site is optimized with the Yoast SEO plugin v27.4 - https:\/\/yoast.com\/product\/yoast-seo-wordpress\/ -->\n<title>Hylly SALU - Radis<\/title>\n<meta name=\"robots\" content=\"index, follow, max-snippet:-1, max-image-preview:large, max-video-preview:-1\" \/>\n<link rel=\"canonical\" href=\"https:\/\/radis.ee\/fi\/hylly-salu\/\" \/>\n<meta property=\"og:locale\" content=\"fi_FI\" \/>\n<meta property=\"og:type\" content=\"article\" \/>\n<meta property=\"og:title\" content=\"Hylly SALU - Radis\" \/>\n<meta property=\"og:description\" content=\"SALU-hylly on yhdistelm\u00e4 teollista minimalismia ja l\u00e4mmint\u00e4 pohjoismaista muotoilua. SALU on suunniteltu niille, jotka arvostavat selkeit\u00e4 linjoja, kest\u00e4vyytt\u00e4 ja mahdollisuutta sovittaa huonekalut kotinsa luonteeseen. Hyllyn visuaalisena selk\u00e4rankana ovat mustat pulverimaalatut metalliosat, jotka antavat rakenteelle ilmavan, mutta horjumattoman vakaan muodon. Se on t\u00e4ydellinen ratkaisu kirjojen ja sisustuselementtien esillepanoon olohuoneessa tai tyylikk\u00e4\u00e4seen kotitoimistoon. Miksi valita SALU-hylly? Kest\u00e4v\u00e4t...\" \/>\n<meta property=\"og:url\" content=\"https:\/\/radis.ee\/fi\/hylly-salu\/\" \/>\n<meta property=\"og:site_name\" content=\"Radis\" \/>\n<meta property=\"article:publisher\" content=\"https:\/\/www.facebook.com\/radisfurniture\/\" \/>\n<meta property=\"article:modified_time\" content=\"2026-02-12T22:26:44+00:00\" \/>\n<meta property=\"og:image\" content=\"https:\/\/radis.ee\/wp-content\/uploads\/2026\/02\/Radis_shelf_SALU_M_Oak_veneered_plywood_white_background.webp\" \/>\n\t<meta property=\"og:image:width\" content=\"864\" \/>\n\t<meta property=\"og:image:height\" content=\"1184\" \/>\n\t<meta property=\"og:image:type\" content=\"image\/webp\" \/>\n<meta name=\"twitter:card\" content=\"summary_large_image\" \/>\n<meta name=\"twitter:label1\" content=\"Arvioitu lukuaika\" \/>\n\t<meta name=\"twitter:data1\" content=\"2 minuuttia\" \/>\n<script type=\"application\/ld+json\" class=\"yoast-schema-graph\">{\"@context\":\"https:\\\/\\\/schema.org\",\"@graph\":[{\"@type\":\"WebPage\",\"@id\":\"https:\\\/\\\/radis.ee\\\/fi\\\/hylly-salu\\\/\",\"url\":\"https:\\\/\\\/radis.ee\\\/fi\\\/hylly-salu\\\/\",\"name\":\"Hylly SALU - Radis\",\"isPartOf\":{\"@id\":\"https:\\\/\\\/radis.ee\\\/#website\"},\"primaryImageOfPage\":{\"@id\":\"https:\\\/\\\/radis.ee\\\/fi\\\/hylly-salu\\\/#primaryimage\"},\"image\":{\"@id\":\"https:\\\/\\\/radis.ee\\\/fi\\\/hylly-salu\\\/#primaryimage\"},\"thumbnailUrl\":\"https:\\\/\\\/radis.ee\\\/wp-content\\\/uploads\\\/2026\\\/02\\\/Radis_shelf_SALU_M_Oak_veneered_plywood_white_background.webp\",\"datePublished\":\"2023-05-20T20:08:37+00:00\",\"dateModified\":\"2026-02-12T22:26:44+00:00\",\"breadcrumb\":{\"@id\":\"https:\\\/\\\/radis.ee\\\/fi\\\/hylly-salu\\\/#breadcrumb\"},\"inLanguage\":\"fi\",\"potentialAction\":[{\"@type\":\"ReadAction\",\"target\":[\"https:\\\/\\\/radis.ee\\\/fi\\\/hylly-salu\\\/\"]}]},{\"@type\":\"ImageObject\",\"inLanguage\":\"fi\",\"@id\":\"https:\\\/\\\/radis.ee\\\/fi\\\/hylly-salu\\\/#primaryimage\",\"url\":\"https:\\\/\\\/radis.ee\\\/wp-content\\\/uploads\\\/2026\\\/02\\\/Radis_shelf_SALU_M_Oak_veneered_plywood_white_background.webp\",\"contentUrl\":\"https:\\\/\\\/radis.ee\\\/wp-content\\\/uploads\\\/2026\\\/02\\\/Radis_shelf_SALU_M_Oak_veneered_plywood_white_background.webp\",\"width\":864,\"height\":1184,\"caption\":\"Radis Furniture shelf SALU\"},{\"@type\":\"BreadcrumbList\",\"@id\":\"https:\\\/\\\/radis.ee\\\/fi\\\/hylly-salu\\\/#breadcrumb\",\"itemListElement\":[{\"@type\":\"ListItem\",\"position\":1,\"name\":\"Home\",\"item\":\"https:\\\/\\\/radis.ee\\\/\"},{\"@type\":\"ListItem\",\"position\":2,\"name\":\"Tuotteet\",\"item\":\"https:\\\/\\\/radis.ee\\\/fi\\\/tuotteet\\\/\"},{\"@type\":\"ListItem\",\"position\":3,\"name\":\"Hylly SALU\"}]},{\"@type\":\"WebSite\",\"@id\":\"https:\\\/\\\/radis.ee\\\/#website\",\"url\":\"https:\\\/\\\/radis.ee\\\/\",\"name\":\"Radis\",\"description\":\"Nordic design furniture, environmentally friendly and sustainable.\",\"publisher\":{\"@id\":\"https:\\\/\\\/radis.ee\\\/#organization\"},\"potentialAction\":[{\"@type\":\"SearchAction\",\"target\":{\"@type\":\"EntryPoint\",\"urlTemplate\":\"https:\\\/\\\/radis.ee\\\/?s={search_term_string}\"},\"query-input\":{\"@type\":\"PropertyValueSpecification\",\"valueRequired\":true,\"valueName\":\"search_term_string\"}}],\"inLanguage\":\"fi\"},{\"@type\":\"Organization\",\"@id\":\"https:\\\/\\\/radis.ee\\\/#organization\",\"name\":\"Radis O\u00dc\",\"url\":\"https:\\\/\\\/radis.ee\\\/\",\"logo\":{\"@type\":\"ImageObject\",\"inLanguage\":\"fi\",\"@id\":\"https:\\\/\\\/radis.ee\\\/#\\\/schema\\\/logo\\\/image\\\/\",\"url\":\"https:\\\/\\\/radis.ee\\\/wp-content\\\/uploads\\\/2020\\\/10\\\/Radis-logo.png\",\"contentUrl\":\"https:\\\/\\\/radis.ee\\\/wp-content\\\/uploads\\\/2020\\\/10\\\/Radis-logo.png\",\"width\":300,\"height\":63,\"caption\":\"Radis O\u00dc\"},\"image\":{\"@id\":\"https:\\\/\\\/radis.ee\\\/#\\\/schema\\\/logo\\\/image\\\/\"},\"sameAs\":[\"https:\\\/\\\/www.facebook.com\\\/radisfurniture\\\/\"]}]}<\/script>\n<!-- \/ Yoast SEO plugin. -->","yoast_head_json":{"title":"Hylly SALU - Radis","robots":{"index":"index","follow":"follow","max-snippet":"max-snippet:-1","max-image-preview":"max-image-preview:large","max-video-preview":"max-video-preview:-1"},"canonical":"https:\/\/radis.ee\/fi\/hylly-salu\/","og_locale":"fi_FI","og_type":"article","og_title":"Hylly SALU - Radis","og_description":"SALU-hylly on yhdistelm\u00e4 teollista minimalismia ja l\u00e4mmint\u00e4 pohjoismaista muotoilua. SALU on suunniteltu niille, jotka arvostavat selkeit\u00e4 linjoja, kest\u00e4vyytt\u00e4 ja mahdollisuutta sovittaa huonekalut kotinsa luonteeseen. Hyllyn visuaalisena selk\u00e4rankana ovat mustat pulverimaalatut metalliosat, jotka antavat rakenteelle ilmavan, mutta horjumattoman vakaan muodon. Se on t\u00e4ydellinen ratkaisu kirjojen ja sisustuselementtien esillepanoon olohuoneessa tai tyylikk\u00e4\u00e4seen kotitoimistoon. Miksi valita SALU-hylly? Kest\u00e4v\u00e4t...","og_url":"https:\/\/radis.ee\/fi\/hylly-salu\/","og_site_name":"Radis","article_publisher":"https:\/\/www.facebook.com\/radisfurniture\/","article_modified_time":"2026-02-12T22:26:44+00:00","og_image":[{"width":864,"height":1184,"url":"https:\/\/radis.ee\/wp-content\/uploads\/2026\/02\/Radis_shelf_SALU_M_Oak_veneered_plywood_white_background.webp","type":"image\/webp"}],"twitter_card":"summary_large_image","twitter_misc":{"Arvioitu lukuaika":"2 minuuttia"},"schema":{"@context":"https:\/\/schema.org","@graph":[{"@type":"WebPage","@id":"https:\/\/radis.ee\/fi\/hylly-salu\/","url":"https:\/\/radis.ee\/fi\/hylly-salu\/","name":"Hylly SALU - Radis","isPartOf":{"@id":"https:\/\/radis.ee\/#website"},"primaryImageOfPage":{"@id":"https:\/\/radis.ee\/fi\/hylly-salu\/#primaryimage"},"image":{"@id":"https:\/\/radis.ee\/fi\/hylly-salu\/#primaryimage"},"thumbnailUrl":"https:\/\/radis.ee\/wp-content\/uploads\/2026\/02\/Radis_shelf_SALU_M_Oak_veneered_plywood_white_background.webp","datePublished":"2023-05-20T20:08:37+00:00","dateModified":"2026-02-12T22:26:44+00:00","breadcrumb":{"@id":"https:\/\/radis.ee\/fi\/hylly-salu\/#breadcrumb"},"inLanguage":"fi","potentialAction":[{"@type":"ReadAction","target":["https:\/\/radis.ee\/fi\/hylly-salu\/"]}]},{"@type":"ImageObject","inLanguage":"fi","@id":"https:\/\/radis.ee\/fi\/hylly-salu\/#primaryimage","url":"https:\/\/radis.ee\/wp-content\/uploads\/2026\/02\/Radis_shelf_SALU_M_Oak_veneered_plywood_white_background.webp","contentUrl":"https:\/\/radis.ee\/wp-content\/uploads\/2026\/02\/Radis_shelf_SALU_M_Oak_veneered_plywood_white_background.webp","width":864,"height":1184,"caption":"Radis Furniture shelf SALU"},{"@type":"BreadcrumbList","@id":"https:\/\/radis.ee\/fi\/hylly-salu\/#breadcrumb","itemListElement":[{"@type":"ListItem","position":1,"name":"Home","item":"https:\/\/radis.ee\/"},{"@type":"ListItem","position":2,"name":"Tuotteet","item":"https:\/\/radis.ee\/fi\/tuotteet\/"},{"@type":"ListItem","position":3,"name":"Hylly SALU"}]},{"@type":"WebSite","@id":"https:\/\/radis.ee\/#website","url":"https:\/\/radis.ee\/","name":"Radis","description":"Nordic design furniture, environmentally friendly and sustainable.","publisher":{"@id":"https:\/\/radis.ee\/#organization"},"potentialAction":[{"@type":"SearchAction","target":{"@type":"EntryPoint","urlTemplate":"https:\/\/radis.ee\/?s={search_term_string}"},"query-input":{"@type":"PropertyValueSpecification","valueRequired":true,"valueName":"search_term_string"}}],"inLanguage":"fi"},{"@type":"Organization","@id":"https:\/\/radis.ee\/#organization","name":"Radis O\u00dc","url":"https:\/\/radis.ee\/","logo":{"@type":"ImageObject","inLanguage":"fi","@id":"https:\/\/radis.ee\/#\/schema\/logo\/image\/","url":"https:\/\/radis.ee\/wp-content\/uploads\/2020\/10\/Radis-logo.png","contentUrl":"https:\/\/radis.ee\/wp-content\/uploads\/2020\/10\/Radis-logo.png","width":300,"height":63,"caption":"Radis O\u00dc"},"image":{"@id":"https:\/\/radis.ee\/#\/schema\/logo\/image\/"},"sameAs":["https:\/\/www.facebook.com\/radisfurniture\/"]}]}},"_links":{"self":[{"href":"https:\/\/radis.ee\/fi\/wp-json\/wp\/v2\/product\/31287","targetHints":{"allow":["GET"]}}],"collection":[{"href":"https:\/\/radis.ee\/fi\/wp-json\/wp\/v2\/product"}],"about":[{"href":"https:\/\/radis.ee\/fi\/wp-json\/wp\/v2\/types\/product"}],"replies":[{"embeddable":true,"href":"https:\/\/radis.ee\/fi\/wp-json\/wp\/v2\/comments?post=31287"}],"wp:featuredmedia":[{"embeddable":true,"href":"https:\/\/radis.ee\/fi\/wp-json\/wp\/v2\/media\/31406"}],"wp:attachment":[{"href":"https:\/\/radis.ee\/fi\/wp-json\/wp\/v2\/media?parent=31287"}],"wp:term":[{"taxonomy":"product_brand","embeddable":true,"href":"https:\/\/radis.ee\/fi\/wp-json\/wp\/v2\/product_brand?post=31287"},{"taxonomy":"product_cat","embeddable":true,"href":"https:\/\/radis.ee\/fi\/wp-json\/wp\/v2\/product_cat?post=31287"},{"taxonomy":"product_tag","embeddable":true,"href":"https:\/\/radis.ee\/fi\/wp-json\/wp\/v2\/product_tag?post=31287"}],"curies":[{"name":"wp","href":"https:\/\/api.w.org\/{rel}","templated":true}]}}