{"id":3131,"date":"2020-06-28T20:41:07","date_gmt":"2020-06-28T17:41:07","guid":{"rendered":"https:\/\/radis.ee\/Ei-luokiteltu\/hylly-sik-sak\/"},"modified":"2020-10-18T23:12:48","modified_gmt":"2020-10-18T20:12:48","slug":"hylly-sik-sak","status":"publish","type":"product","link":"https:\/\/radis.ee\/fi\/hylly-sik-sak\/","title":{"rendered":"Hylly SIK-SAK"},"content":{"rendered":"<p>SIK-SAK-hylly ei taivu suurenkaan painon alla. Siit\u00e4 voi tehd\u00e4 my\u00f6s tilanjakajan. Kirjat ja Aasian matkoilta mukaan tarttuneet norsut tarvitsevat oman paikkansa.<\/p>\n<p>Kaikki tuotteet on valmistettu \u00f6ljyvahatusta koivuvanerista, my\u00f6s tammeviilutettu.<\/p>\n<p>Hylly SIK-SAK oli Viron design-palkintoon Bruno 2014 2. palkintokierroksen ehdokas.<\/p>\n","protected":false},"excerpt":{"rendered":"<p>SIK-SAK-hylly ei taivu suurenkaan painon alla. Siit\u00e4 voi tehd\u00e4 my\u00f6s tilanjakajan. Kirjat ja Aasian matkoilta mukaan tarttuneet norsut tarvitsevat oman paikkansa. Kaikki tuotteet on valmistettu \u00f6ljyvahatusta koivuvanerista, my\u00f6s tammeviilutettu. Hylly SIK-SAK oli Viron design-palkintoon Bruno 2014 2. palkintokierroksen ehdokas.<\/p>\n","protected":false},"featured_media":4933,"comment_status":"open","ping_status":"closed","template":"","meta":{"_acf_changed":false},"product_brand":[],"product_cat":[109],"product_tag":[],"class_list":{"0":"post-3131","1":"product","2":"type-product","3":"status-publish","4":"has-post-thumbnail","6":"product_cat-riiulid","8":"first","9":"instock","10":"taxable","11":"shipping-taxable","12":"purchasable","13":"product-type-variable","14":"has-default-attributes"},"acf":[],"yoast_head":"<!-- This site is optimized with the Yoast SEO plugin v27.3 - https:\/\/yoast.com\/product\/yoast-seo-wordpress\/ -->\n<title>Hylly SIK-SAK - Radis<\/title>\n<meta name=\"robots\" content=\"index, follow, max-snippet:-1, max-image-preview:large, max-video-preview:-1\" \/>\n<link rel=\"canonical\" href=\"https:\/\/radis.ee\/fi\/hylly-sik-sak\/\" \/>\n<meta property=\"og:locale\" content=\"fi_FI\" \/>\n<meta property=\"og:type\" content=\"article\" \/>\n<meta property=\"og:title\" content=\"Hylly SIK-SAK - Radis\" \/>\n<meta property=\"og:description\" content=\"SIK-SAK-hylly ei taivu suurenkaan painon alla. Siit\u00e4 voi tehd\u00e4 my\u00f6s tilanjakajan. Kirjat ja Aasian matkoilta mukaan tarttuneet norsut tarvitsevat oman paikkansa. Kaikki tuotteet on valmistettu \u00f6ljyvahatusta koivuvanerista, my\u00f6s tammeviilutettu. Hylly SIK-SAK oli Viron design-palkintoon Bruno 2014 2. palkintokierroksen ehdokas.\" \/>\n<meta property=\"og:url\" content=\"https:\/\/radis.ee\/fi\/hylly-sik-sak\/\" \/>\n<meta property=\"og:site_name\" content=\"Radis\" \/>\n<meta property=\"article:publisher\" content=\"https:\/\/www.facebook.com\/radisfurniture\/\" \/>\n<meta property=\"article:modified_time\" content=\"2020-10-18T20:12:48+00:00\" \/>\n<meta property=\"og:image\" content=\"https:\/\/radis.ee\/wp-content\/uploads\/2020\/08\/RA0221-Radis-Shelf-ZIG-ZAG-SIK-SAK_WHITE_OSMO_BLACK_LEGS.jpg\" \/>\n\t<meta property=\"og:image:width\" content=\"2500\" \/>\n\t<meta property=\"og:image:height\" content=\"2501\" \/>\n\t<meta property=\"og:image:type\" content=\"image\/jpeg\" \/>\n<meta name=\"twitter:card\" content=\"summary_large_image\" \/>\n<script type=\"application\/ld+json\" class=\"yoast-schema-graph\">{\"@context\":\"https:\\\/\\\/schema.org\",\"@graph\":[{\"@type\":\"WebPage\",\"@id\":\"https:\\\/\\\/radis.ee\\\/fi\\\/hylly-sik-sak\\\/\",\"url\":\"https:\\\/\\\/radis.ee\\\/fi\\\/hylly-sik-sak\\\/\",\"name\":\"Hylly SIK-SAK - Radis\",\"isPartOf\":{\"@id\":\"https:\\\/\\\/radis.ee\\\/#website\"},\"primaryImageOfPage\":{\"@id\":\"https:\\\/\\\/radis.ee\\\/fi\\\/hylly-sik-sak\\\/#primaryimage\"},\"image\":{\"@id\":\"https:\\\/\\\/radis.ee\\\/fi\\\/hylly-sik-sak\\\/#primaryimage\"},\"thumbnailUrl\":\"https:\\\/\\\/radis.ee\\\/wp-content\\\/uploads\\\/2020\\\/08\\\/RA0221-Radis-Shelf-ZIG-ZAG-SIK-SAK_WHITE_OSMO_BLACK_LEGS.jpg\",\"datePublished\":\"2020-06-28T17:41:07+00:00\",\"dateModified\":\"2020-10-18T20:12:48+00:00\",\"breadcrumb\":{\"@id\":\"https:\\\/\\\/radis.ee\\\/fi\\\/hylly-sik-sak\\\/#breadcrumb\"},\"inLanguage\":\"fi\",\"potentialAction\":[{\"@type\":\"ReadAction\",\"target\":[\"https:\\\/\\\/radis.ee\\\/fi\\\/hylly-sik-sak\\\/\"]}]},{\"@type\":\"ImageObject\",\"inLanguage\":\"fi\",\"@id\":\"https:\\\/\\\/radis.ee\\\/fi\\\/hylly-sik-sak\\\/#primaryimage\",\"url\":\"https:\\\/\\\/radis.ee\\\/wp-content\\\/uploads\\\/2020\\\/08\\\/RA0221-Radis-Shelf-ZIG-ZAG-SIK-SAK_WHITE_OSMO_BLACK_LEGS.jpg\",\"contentUrl\":\"https:\\\/\\\/radis.ee\\\/wp-content\\\/uploads\\\/2020\\\/08\\\/RA0221-Radis-Shelf-ZIG-ZAG-SIK-SAK_WHITE_OSMO_BLACK_LEGS.jpg\",\"width\":2500,\"height\":2501},{\"@type\":\"BreadcrumbList\",\"@id\":\"https:\\\/\\\/radis.ee\\\/fi\\\/hylly-sik-sak\\\/#breadcrumb\",\"itemListElement\":[{\"@type\":\"ListItem\",\"position\":1,\"name\":\"Home\",\"item\":\"https:\\\/\\\/radis.ee\\\/\"},{\"@type\":\"ListItem\",\"position\":2,\"name\":\"Tuotteet\",\"item\":\"https:\\\/\\\/radis.ee\\\/fi\\\/tuotteet\\\/\"},{\"@type\":\"ListItem\",\"position\":3,\"name\":\"Hylly SIK-SAK\"}]},{\"@type\":\"WebSite\",\"@id\":\"https:\\\/\\\/radis.ee\\\/#website\",\"url\":\"https:\\\/\\\/radis.ee\\\/\",\"name\":\"Radis\",\"description\":\"Nordic design furniture, environmentally friendly and sustainable.\",\"publisher\":{\"@id\":\"https:\\\/\\\/radis.ee\\\/#organization\"},\"potentialAction\":[{\"@type\":\"SearchAction\",\"target\":{\"@type\":\"EntryPoint\",\"urlTemplate\":\"https:\\\/\\\/radis.ee\\\/?s={search_term_string}\"},\"query-input\":{\"@type\":\"PropertyValueSpecification\",\"valueRequired\":true,\"valueName\":\"search_term_string\"}}],\"inLanguage\":\"fi\"},{\"@type\":\"Organization\",\"@id\":\"https:\\\/\\\/radis.ee\\\/#organization\",\"name\":\"Radis O\u00dc\",\"url\":\"https:\\\/\\\/radis.ee\\\/\",\"logo\":{\"@type\":\"ImageObject\",\"inLanguage\":\"fi\",\"@id\":\"https:\\\/\\\/radis.ee\\\/#\\\/schema\\\/logo\\\/image\\\/\",\"url\":\"https:\\\/\\\/radis.ee\\\/wp-content\\\/uploads\\\/2020\\\/10\\\/Radis-logo.png\",\"contentUrl\":\"https:\\\/\\\/radis.ee\\\/wp-content\\\/uploads\\\/2020\\\/10\\\/Radis-logo.png\",\"width\":300,\"height\":63,\"caption\":\"Radis O\u00dc\"},\"image\":{\"@id\":\"https:\\\/\\\/radis.ee\\\/#\\\/schema\\\/logo\\\/image\\\/\"},\"sameAs\":[\"https:\\\/\\\/www.facebook.com\\\/radisfurniture\\\/\"]}]}<\/script>\n<!-- \/ Yoast SEO plugin. -->","yoast_head_json":{"title":"Hylly SIK-SAK - Radis","robots":{"index":"index","follow":"follow","max-snippet":"max-snippet:-1","max-image-preview":"max-image-preview:large","max-video-preview":"max-video-preview:-1"},"canonical":"https:\/\/radis.ee\/fi\/hylly-sik-sak\/","og_locale":"fi_FI","og_type":"article","og_title":"Hylly SIK-SAK - Radis","og_description":"SIK-SAK-hylly ei taivu suurenkaan painon alla. Siit\u00e4 voi tehd\u00e4 my\u00f6s tilanjakajan. Kirjat ja Aasian matkoilta mukaan tarttuneet norsut tarvitsevat oman paikkansa. Kaikki tuotteet on valmistettu \u00f6ljyvahatusta koivuvanerista, my\u00f6s tammeviilutettu. Hylly SIK-SAK oli Viron design-palkintoon Bruno 2014 2. palkintokierroksen ehdokas.","og_url":"https:\/\/radis.ee\/fi\/hylly-sik-sak\/","og_site_name":"Radis","article_publisher":"https:\/\/www.facebook.com\/radisfurniture\/","article_modified_time":"2020-10-18T20:12:48+00:00","og_image":[{"width":2500,"height":2501,"url":"https:\/\/radis.ee\/wp-content\/uploads\/2020\/08\/RA0221-Radis-Shelf-ZIG-ZAG-SIK-SAK_WHITE_OSMO_BLACK_LEGS.jpg","type":"image\/jpeg"}],"twitter_card":"summary_large_image","schema":{"@context":"https:\/\/schema.org","@graph":[{"@type":"WebPage","@id":"https:\/\/radis.ee\/fi\/hylly-sik-sak\/","url":"https:\/\/radis.ee\/fi\/hylly-sik-sak\/","name":"Hylly SIK-SAK - Radis","isPartOf":{"@id":"https:\/\/radis.ee\/#website"},"primaryImageOfPage":{"@id":"https:\/\/radis.ee\/fi\/hylly-sik-sak\/#primaryimage"},"image":{"@id":"https:\/\/radis.ee\/fi\/hylly-sik-sak\/#primaryimage"},"thumbnailUrl":"https:\/\/radis.ee\/wp-content\/uploads\/2020\/08\/RA0221-Radis-Shelf-ZIG-ZAG-SIK-SAK_WHITE_OSMO_BLACK_LEGS.jpg","datePublished":"2020-06-28T17:41:07+00:00","dateModified":"2020-10-18T20:12:48+00:00","breadcrumb":{"@id":"https:\/\/radis.ee\/fi\/hylly-sik-sak\/#breadcrumb"},"inLanguage":"fi","potentialAction":[{"@type":"ReadAction","target":["https:\/\/radis.ee\/fi\/hylly-sik-sak\/"]}]},{"@type":"ImageObject","inLanguage":"fi","@id":"https:\/\/radis.ee\/fi\/hylly-sik-sak\/#primaryimage","url":"https:\/\/radis.ee\/wp-content\/uploads\/2020\/08\/RA0221-Radis-Shelf-ZIG-ZAG-SIK-SAK_WHITE_OSMO_BLACK_LEGS.jpg","contentUrl":"https:\/\/radis.ee\/wp-content\/uploads\/2020\/08\/RA0221-Radis-Shelf-ZIG-ZAG-SIK-SAK_WHITE_OSMO_BLACK_LEGS.jpg","width":2500,"height":2501},{"@type":"BreadcrumbList","@id":"https:\/\/radis.ee\/fi\/hylly-sik-sak\/#breadcrumb","itemListElement":[{"@type":"ListItem","position":1,"name":"Home","item":"https:\/\/radis.ee\/"},{"@type":"ListItem","position":2,"name":"Tuotteet","item":"https:\/\/radis.ee\/fi\/tuotteet\/"},{"@type":"ListItem","position":3,"name":"Hylly SIK-SAK"}]},{"@type":"WebSite","@id":"https:\/\/radis.ee\/#website","url":"https:\/\/radis.ee\/","name":"Radis","description":"Nordic design furniture, environmentally friendly and sustainable.","publisher":{"@id":"https:\/\/radis.ee\/#organization"},"potentialAction":[{"@type":"SearchAction","target":{"@type":"EntryPoint","urlTemplate":"https:\/\/radis.ee\/?s={search_term_string}"},"query-input":{"@type":"PropertyValueSpecification","valueRequired":true,"valueName":"search_term_string"}}],"inLanguage":"fi"},{"@type":"Organization","@id":"https:\/\/radis.ee\/#organization","name":"Radis O\u00dc","url":"https:\/\/radis.ee\/","logo":{"@type":"ImageObject","inLanguage":"fi","@id":"https:\/\/radis.ee\/#\/schema\/logo\/image\/","url":"https:\/\/radis.ee\/wp-content\/uploads\/2020\/10\/Radis-logo.png","contentUrl":"https:\/\/radis.ee\/wp-content\/uploads\/2020\/10\/Radis-logo.png","width":300,"height":63,"caption":"Radis O\u00dc"},"image":{"@id":"https:\/\/radis.ee\/#\/schema\/logo\/image\/"},"sameAs":["https:\/\/www.facebook.com\/radisfurniture\/"]}]}},"_links":{"self":[{"href":"https:\/\/radis.ee\/fi\/wp-json\/wp\/v2\/product\/3131","targetHints":{"allow":["GET"]}}],"collection":[{"href":"https:\/\/radis.ee\/fi\/wp-json\/wp\/v2\/product"}],"about":[{"href":"https:\/\/radis.ee\/fi\/wp-json\/wp\/v2\/types\/product"}],"replies":[{"embeddable":true,"href":"https:\/\/radis.ee\/fi\/wp-json\/wp\/v2\/comments?post=3131"}],"wp:featuredmedia":[{"embeddable":true,"href":"https:\/\/radis.ee\/fi\/wp-json\/wp\/v2\/media\/4933"}],"wp:attachment":[{"href":"https:\/\/radis.ee\/fi\/wp-json\/wp\/v2\/media?parent=3131"}],"wp:term":[{"taxonomy":"product_brand","embeddable":true,"href":"https:\/\/radis.ee\/fi\/wp-json\/wp\/v2\/product_brand?post=3131"},{"taxonomy":"product_cat","embeddable":true,"href":"https:\/\/radis.ee\/fi\/wp-json\/wp\/v2\/product_cat?post=3131"},{"taxonomy":"product_tag","embeddable":true,"href":"https:\/\/radis.ee\/fi\/wp-json\/wp\/v2\/product_tag?post=3131"}],"curies":[{"name":"wp","href":"https:\/\/api.w.org\/{rel}","templated":true}]}}