{"id":3148,"date":"2020-10-11T20:24:14","date_gmt":"2020-08-28T17:24:14","guid":{"rendered":"https:\/\/radis.ee\/Ei-luokiteltu\/hyllysto-lift-m\/"},"modified":"2023-10-30T12:32:22","modified_gmt":"2023-10-30T10:32:22","slug":"hyllysto-lift-m","status":"publish","type":"product","link":"https:\/\/radis.ee\/fi\/hyllysto-lift-m\/","title":{"rendered":"Hyllyst\u00f6 LIFT M"},"content":{"rendered":"<p>El\u00e4m\u00e4 on joskus arvaamatonta: olipa uusi ty\u00f6, uudet k\u00e4mpp\u00e4kaverit tai suuri rakkaus, se pit\u00e4\u00e4 aina uusia yll\u00e4tyksi\u00e4 meille. Siksi haluamme pysy\u00e4 joustavina &#8211; uuden LIFT-hyllyn ansiosta t\u00e4m\u00e4 ei ole en\u00e4\u00e4 ongelma kodissasi!<\/p>\n<p>LIFT-hylly kasvaa kanssamme. Jos joskus meid\u00e4n on pakko ottaa huomioon huonekalut, kun laitamme omaisuuttamme, t\u00e4ss\u00e4 tapauksessa tapahtuu p\u00e4invastoin. Korkeuss\u00e4\u00e4dett\u00e4v\u00e4t hyllyt sopivat sek\u00e4 suurille ett\u00e4 pienille kirjoille. Haluttaessa hylly voidaan helposti laajentaa lis\u00e4\u00e4m\u00e4ll\u00e4 pystysuoria seini\u00e4. Vahvat vaneritiedot osoittavat niiden kest\u00e4vyyden siirrytt\u00e4ess\u00e4 paikasta toiseen. Kuljetuksen helpottamiseksi pisimm\u00e4t yksityiskohdat ovat vain 1,15 metri\u00e4 pitki\u00e4. Laajemman v\u00e4lihyllyn leveys on 49 cm (16 kpl), kapeamman leveyden 18 cm (8 kpl).<\/p>\n<p>Jatkokehityksen\u00e4 LIFT-hylly\u00e4 voidaan k\u00e4ytt\u00e4\u00e4 my\u00f6s kotitoimistona. Kotitoimistoversiossa on 45 cm syv\u00e4 ja 69 cm leve\u00e4 p\u00f6yt\u00e4levy, t\u00e4m\u00e4 on yhden v\u00e4lihyllyn sijaan. Voit valita p\u00f6yt\u00e4levyn sijoittelun itse. Joko istuma-asento, jonka korkeus on 73 cm, tai seisoma-asento, jonka korkeus on 90 &#8211; 110 cm.<\/p>\n<p>Ilmavan rakenteen ansiosta auringon s\u00e4teet putoavat hyllyn l\u00e4pi luoden valon leikin kirkkailla pinnoilla. LIFT-hylly sopii sek\u00e4 moderniin ett\u00e4 historialliseen sisustukseen. Muutamilla kirjoilla se n\u00e4ytt\u00e4\u00e4 kauniilta huonekalujen arkkitehtuurirakenteilta. Tiiviisti kirjoihin pakattu se on kuitenkin vaatimattomasti huomaamaton. LIFT-hyllyn t\u00e4rkeimm\u00e4t avainsanat ovat joustavuus ja yksil\u00f6llisten toiveiden huomioon ottaminen.<\/p>\n<p>Laadukas hylly on valmistettu 12 mm koivuvanerista, Koskisen valkoisesta HPL:st\u00e4, eritt\u00e4in kest\u00e4v\u00e4st\u00e4 materiaalista tai 16mm tammiviiluvanerista tai 12mm Forescolor-Valchromatista (Organic Colored Throught Wood Fiber Board) mukautuu uusiin tarpeisiin. Hyllyn vakauden takaavat taka-urat, ne ovat 9-19 cm, 96-106 cm, 124-134 cm ja 211-221 cm lattiasta mitattuna. Joten kaikki sinulle t\u00e4rke\u00e4t l\u00f6yt\u00e4v\u00e4t aina paikkansa. Ja jos se olisi liian tiukka, sinun tarvitsee vain rakentaa lis\u00e4\u00e4 tallennustilaa!<\/p>\n<p>Hylly LIFT voitti Special Mention -palkinnon Saksan muotoilupalkinnossa 2019!<\/p>\n<div id=\"1594130576079-fbc9a5a6-ed5cc019-c3e0\" class=\"w-tabs-section active\">\n<div id=\"content-1594130576079-fbc9a5a6-ed5cc019-c3e0\" class=\"w-tabs-section-content\" aria-expanded=\"true\">\n<div class=\"w-tabs-section-content-h i-cf\">\n<div class=\"w-post-elm post_content\">\n<p><strong>2 viikon toimitus kaikkialle Suomeen!<\/strong><\/p>\n<\/div>\n<\/div>\n<\/div>\n<\/div>\n","protected":false},"excerpt":{"rendered":"<p>El\u00e4m\u00e4 on joskus arvaamatonta: olipa uusi ty\u00f6, uudet k\u00e4mpp\u00e4kaverit tai suuri rakkaus, se pit\u00e4\u00e4 aina uusia yll\u00e4tyksi\u00e4 meille. Siksi haluamme pysy\u00e4 joustavina &#8211; uuden LIFT-hyllyn ansiosta t\u00e4m\u00e4 ei ole en\u00e4\u00e4 ongelma kodissasi! LIFT-hylly kasvaa kanssamme. Jos joskus meid\u00e4n on pakko ottaa huomioon huonekalut, kun laitamme omaisuuttamme, t\u00e4ss\u00e4 tapauksessa tapahtuu p\u00e4invastoin. Korkeuss\u00e4\u00e4dett\u00e4v\u00e4t hyllyt sopivat sek\u00e4 suurille&#8230;<\/p>\n","protected":false},"featured_media":1164,"comment_status":"open","ping_status":"closed","template":"","meta":{"_acf_changed":false},"product_brand":[],"product_cat":[109],"product_tag":[],"class_list":{"0":"post-3148","1":"product","2":"type-product","3":"status-publish","4":"has-post-thumbnail","6":"product_cat-riiulid","8":"first","9":"instock","10":"sale","11":"taxable","12":"shipping-taxable","13":"purchasable","14":"product-type-variable","15":"has-default-attributes"},"acf":[],"yoast_head":"<!-- This site is optimized with the Yoast SEO plugin v27.3 - https:\/\/yoast.com\/product\/yoast-seo-wordpress\/ -->\n<title>Hyllyst\u00f6 LIFT M - Radis<\/title>\n<meta name=\"robots\" content=\"index, follow, max-snippet:-1, max-image-preview:large, max-video-preview:-1\" \/>\n<link rel=\"canonical\" href=\"https:\/\/radis.ee\/fi\/hyllysto-lift-m\/\" \/>\n<meta property=\"og:locale\" content=\"fi_FI\" \/>\n<meta property=\"og:type\" content=\"article\" \/>\n<meta property=\"og:title\" content=\"Hyllyst\u00f6 LIFT M - Radis\" \/>\n<meta property=\"og:description\" content=\"El\u00e4m\u00e4 on joskus arvaamatonta: olipa uusi ty\u00f6, uudet k\u00e4mpp\u00e4kaverit tai suuri rakkaus, se pit\u00e4\u00e4 aina uusia yll\u00e4tyksi\u00e4 meille. Siksi haluamme pysy\u00e4 joustavina &#8211; uuden LIFT-hyllyn ansiosta t\u00e4m\u00e4 ei ole en\u00e4\u00e4 ongelma kodissasi! LIFT-hylly kasvaa kanssamme. Jos joskus meid\u00e4n on pakko ottaa huomioon huonekalut, kun laitamme omaisuuttamme, t\u00e4ss\u00e4 tapauksessa tapahtuu p\u00e4invastoin. Korkeuss\u00e4\u00e4dett\u00e4v\u00e4t hyllyt sopivat sek\u00e4 suurille...\" \/>\n<meta property=\"og:url\" content=\"https:\/\/radis.ee\/fi\/hyllysto-lift-m\/\" \/>\n<meta property=\"og:site_name\" content=\"Radis\" \/>\n<meta property=\"article:publisher\" content=\"https:\/\/www.facebook.com\/radisfurniture\/\" \/>\n<meta property=\"article:modified_time\" content=\"2023-10-30T10:32:22+00:00\" \/>\n<meta property=\"og:image\" content=\"https:\/\/radis.ee\/wp-content\/uploads\/2020\/09\/RA0546-Radis-shelf-LIFT-medium-2.jpg\" \/>\n\t<meta property=\"og:image:width\" content=\"1165\" \/>\n\t<meta property=\"og:image:height\" content=\"1800\" \/>\n\t<meta property=\"og:image:type\" content=\"image\/jpeg\" \/>\n<meta name=\"twitter:card\" content=\"summary_large_image\" \/>\n<meta name=\"twitter:label1\" content=\"Arvioitu lukuaika\" \/>\n\t<meta name=\"twitter:data1\" content=\"1 minuutti\" \/>\n<script type=\"application\/ld+json\" class=\"yoast-schema-graph\">{\"@context\":\"https:\\\/\\\/schema.org\",\"@graph\":[{\"@type\":\"WebPage\",\"@id\":\"https:\\\/\\\/radis.ee\\\/fi\\\/hyllysto-lift-m\\\/\",\"url\":\"https:\\\/\\\/radis.ee\\\/fi\\\/hyllysto-lift-m\\\/\",\"name\":\"Hyllyst\u00f6 LIFT M - Radis\",\"isPartOf\":{\"@id\":\"https:\\\/\\\/radis.ee\\\/#website\"},\"primaryImageOfPage\":{\"@id\":\"https:\\\/\\\/radis.ee\\\/fi\\\/hyllysto-lift-m\\\/#primaryimage\"},\"image\":{\"@id\":\"https:\\\/\\\/radis.ee\\\/fi\\\/hyllysto-lift-m\\\/#primaryimage\"},\"thumbnailUrl\":\"https:\\\/\\\/radis.ee\\\/wp-content\\\/uploads\\\/2020\\\/09\\\/RA0546-Radis-shelf-LIFT-medium-2.jpg\",\"datePublished\":\"2020-08-28T17:24:14+00:00\",\"dateModified\":\"2023-10-30T10:32:22+00:00\",\"breadcrumb\":{\"@id\":\"https:\\\/\\\/radis.ee\\\/fi\\\/hyllysto-lift-m\\\/#breadcrumb\"},\"inLanguage\":\"fi\",\"potentialAction\":[{\"@type\":\"ReadAction\",\"target\":[\"https:\\\/\\\/radis.ee\\\/fi\\\/hyllysto-lift-m\\\/\"]}]},{\"@type\":\"ImageObject\",\"inLanguage\":\"fi\",\"@id\":\"https:\\\/\\\/radis.ee\\\/fi\\\/hyllysto-lift-m\\\/#primaryimage\",\"url\":\"https:\\\/\\\/radis.ee\\\/wp-content\\\/uploads\\\/2020\\\/09\\\/RA0546-Radis-shelf-LIFT-medium-2.jpg\",\"contentUrl\":\"https:\\\/\\\/radis.ee\\\/wp-content\\\/uploads\\\/2020\\\/09\\\/RA0546-Radis-shelf-LIFT-medium-2.jpg\",\"width\":1165,\"height\":1800,\"caption\":\"SHELF LIFT M\"},{\"@type\":\"BreadcrumbList\",\"@id\":\"https:\\\/\\\/radis.ee\\\/fi\\\/hyllysto-lift-m\\\/#breadcrumb\",\"itemListElement\":[{\"@type\":\"ListItem\",\"position\":1,\"name\":\"Home\",\"item\":\"https:\\\/\\\/radis.ee\\\/\"},{\"@type\":\"ListItem\",\"position\":2,\"name\":\"Tuotteet\",\"item\":\"https:\\\/\\\/radis.ee\\\/fi\\\/tuotteet\\\/\"},{\"@type\":\"ListItem\",\"position\":3,\"name\":\"Hyllyst\u00f6 LIFT M\"}]},{\"@type\":\"WebSite\",\"@id\":\"https:\\\/\\\/radis.ee\\\/#website\",\"url\":\"https:\\\/\\\/radis.ee\\\/\",\"name\":\"Radis\",\"description\":\"Nordic design furniture, environmentally friendly and sustainable.\",\"publisher\":{\"@id\":\"https:\\\/\\\/radis.ee\\\/#organization\"},\"potentialAction\":[{\"@type\":\"SearchAction\",\"target\":{\"@type\":\"EntryPoint\",\"urlTemplate\":\"https:\\\/\\\/radis.ee\\\/?s={search_term_string}\"},\"query-input\":{\"@type\":\"PropertyValueSpecification\",\"valueRequired\":true,\"valueName\":\"search_term_string\"}}],\"inLanguage\":\"fi\"},{\"@type\":\"Organization\",\"@id\":\"https:\\\/\\\/radis.ee\\\/#organization\",\"name\":\"Radis O\u00dc\",\"url\":\"https:\\\/\\\/radis.ee\\\/\",\"logo\":{\"@type\":\"ImageObject\",\"inLanguage\":\"fi\",\"@id\":\"https:\\\/\\\/radis.ee\\\/#\\\/schema\\\/logo\\\/image\\\/\",\"url\":\"https:\\\/\\\/radis.ee\\\/wp-content\\\/uploads\\\/2020\\\/10\\\/Radis-logo.png\",\"contentUrl\":\"https:\\\/\\\/radis.ee\\\/wp-content\\\/uploads\\\/2020\\\/10\\\/Radis-logo.png\",\"width\":300,\"height\":63,\"caption\":\"Radis O\u00dc\"},\"image\":{\"@id\":\"https:\\\/\\\/radis.ee\\\/#\\\/schema\\\/logo\\\/image\\\/\"},\"sameAs\":[\"https:\\\/\\\/www.facebook.com\\\/radisfurniture\\\/\"]}]}<\/script>\n<!-- \/ Yoast SEO plugin. -->","yoast_head_json":{"title":"Hyllyst\u00f6 LIFT M - Radis","robots":{"index":"index","follow":"follow","max-snippet":"max-snippet:-1","max-image-preview":"max-image-preview:large","max-video-preview":"max-video-preview:-1"},"canonical":"https:\/\/radis.ee\/fi\/hyllysto-lift-m\/","og_locale":"fi_FI","og_type":"article","og_title":"Hyllyst\u00f6 LIFT M - Radis","og_description":"El\u00e4m\u00e4 on joskus arvaamatonta: olipa uusi ty\u00f6, uudet k\u00e4mpp\u00e4kaverit tai suuri rakkaus, se pit\u00e4\u00e4 aina uusia yll\u00e4tyksi\u00e4 meille. Siksi haluamme pysy\u00e4 joustavina &#8211; uuden LIFT-hyllyn ansiosta t\u00e4m\u00e4 ei ole en\u00e4\u00e4 ongelma kodissasi! LIFT-hylly kasvaa kanssamme. Jos joskus meid\u00e4n on pakko ottaa huomioon huonekalut, kun laitamme omaisuuttamme, t\u00e4ss\u00e4 tapauksessa tapahtuu p\u00e4invastoin. Korkeuss\u00e4\u00e4dett\u00e4v\u00e4t hyllyt sopivat sek\u00e4 suurille...","og_url":"https:\/\/radis.ee\/fi\/hyllysto-lift-m\/","og_site_name":"Radis","article_publisher":"https:\/\/www.facebook.com\/radisfurniture\/","article_modified_time":"2023-10-30T10:32:22+00:00","og_image":[{"width":1165,"height":1800,"url":"https:\/\/radis.ee\/wp-content\/uploads\/2020\/09\/RA0546-Radis-shelf-LIFT-medium-2.jpg","type":"image\/jpeg"}],"twitter_card":"summary_large_image","twitter_misc":{"Arvioitu lukuaika":"1 minuutti"},"schema":{"@context":"https:\/\/schema.org","@graph":[{"@type":"WebPage","@id":"https:\/\/radis.ee\/fi\/hyllysto-lift-m\/","url":"https:\/\/radis.ee\/fi\/hyllysto-lift-m\/","name":"Hyllyst\u00f6 LIFT M - Radis","isPartOf":{"@id":"https:\/\/radis.ee\/#website"},"primaryImageOfPage":{"@id":"https:\/\/radis.ee\/fi\/hyllysto-lift-m\/#primaryimage"},"image":{"@id":"https:\/\/radis.ee\/fi\/hyllysto-lift-m\/#primaryimage"},"thumbnailUrl":"https:\/\/radis.ee\/wp-content\/uploads\/2020\/09\/RA0546-Radis-shelf-LIFT-medium-2.jpg","datePublished":"2020-08-28T17:24:14+00:00","dateModified":"2023-10-30T10:32:22+00:00","breadcrumb":{"@id":"https:\/\/radis.ee\/fi\/hyllysto-lift-m\/#breadcrumb"},"inLanguage":"fi","potentialAction":[{"@type":"ReadAction","target":["https:\/\/radis.ee\/fi\/hyllysto-lift-m\/"]}]},{"@type":"ImageObject","inLanguage":"fi","@id":"https:\/\/radis.ee\/fi\/hyllysto-lift-m\/#primaryimage","url":"https:\/\/radis.ee\/wp-content\/uploads\/2020\/09\/RA0546-Radis-shelf-LIFT-medium-2.jpg","contentUrl":"https:\/\/radis.ee\/wp-content\/uploads\/2020\/09\/RA0546-Radis-shelf-LIFT-medium-2.jpg","width":1165,"height":1800,"caption":"SHELF LIFT M"},{"@type":"BreadcrumbList","@id":"https:\/\/radis.ee\/fi\/hyllysto-lift-m\/#breadcrumb","itemListElement":[{"@type":"ListItem","position":1,"name":"Home","item":"https:\/\/radis.ee\/"},{"@type":"ListItem","position":2,"name":"Tuotteet","item":"https:\/\/radis.ee\/fi\/tuotteet\/"},{"@type":"ListItem","position":3,"name":"Hyllyst\u00f6 LIFT M"}]},{"@type":"WebSite","@id":"https:\/\/radis.ee\/#website","url":"https:\/\/radis.ee\/","name":"Radis","description":"Nordic design furniture, environmentally friendly and sustainable.","publisher":{"@id":"https:\/\/radis.ee\/#organization"},"potentialAction":[{"@type":"SearchAction","target":{"@type":"EntryPoint","urlTemplate":"https:\/\/radis.ee\/?s={search_term_string}"},"query-input":{"@type":"PropertyValueSpecification","valueRequired":true,"valueName":"search_term_string"}}],"inLanguage":"fi"},{"@type":"Organization","@id":"https:\/\/radis.ee\/#organization","name":"Radis O\u00dc","url":"https:\/\/radis.ee\/","logo":{"@type":"ImageObject","inLanguage":"fi","@id":"https:\/\/radis.ee\/#\/schema\/logo\/image\/","url":"https:\/\/radis.ee\/wp-content\/uploads\/2020\/10\/Radis-logo.png","contentUrl":"https:\/\/radis.ee\/wp-content\/uploads\/2020\/10\/Radis-logo.png","width":300,"height":63,"caption":"Radis O\u00dc"},"image":{"@id":"https:\/\/radis.ee\/#\/schema\/logo\/image\/"},"sameAs":["https:\/\/www.facebook.com\/radisfurniture\/"]}]}},"_links":{"self":[{"href":"https:\/\/radis.ee\/fi\/wp-json\/wp\/v2\/product\/3148","targetHints":{"allow":["GET"]}}],"collection":[{"href":"https:\/\/radis.ee\/fi\/wp-json\/wp\/v2\/product"}],"about":[{"href":"https:\/\/radis.ee\/fi\/wp-json\/wp\/v2\/types\/product"}],"replies":[{"embeddable":true,"href":"https:\/\/radis.ee\/fi\/wp-json\/wp\/v2\/comments?post=3148"}],"wp:featuredmedia":[{"embeddable":true,"href":"https:\/\/radis.ee\/fi\/wp-json\/wp\/v2\/media\/1164"}],"wp:attachment":[{"href":"https:\/\/radis.ee\/fi\/wp-json\/wp\/v2\/media?parent=3148"}],"wp:term":[{"taxonomy":"product_brand","embeddable":true,"href":"https:\/\/radis.ee\/fi\/wp-json\/wp\/v2\/product_brand?post=3148"},{"taxonomy":"product_cat","embeddable":true,"href":"https:\/\/radis.ee\/fi\/wp-json\/wp\/v2\/product_cat?post=3148"},{"taxonomy":"product_tag","embeddable":true,"href":"https:\/\/radis.ee\/fi\/wp-json\/wp\/v2\/product_tag?post=3148"}],"curies":[{"name":"wp","href":"https:\/\/api.w.org\/{rel}","templated":true}]}}