{"id":3172,"date":"2023-05-13T02:29:42","date_gmt":"2023-05-12T23:29:42","guid":{"rendered":"https:\/\/radis.ee\/Ei-luokiteltu\/hyllysto-criss-cross-iso\/"},"modified":"2024-03-04T19:53:13","modified_gmt":"2024-03-04T17:53:13","slug":"hyllysto-criss-cross-iso","status":"publish","type":"product","link":"https:\/\/radis.ee\/fi\/hyllysto-criss-cross-iso\/","title":{"rendered":"Hyllyst\u00f6 Criss-Cross"},"content":{"rendered":"<p>Houkuttelevan leikkis\u00e4 ja avarakatseinen! Hylly, jossa voit s\u00e4ilytt\u00e4\u00e4 salaisuuksiasi. Kaikki on n\u00e4kyvill\u00e4, mutta vain itse tied\u00e4t, miss\u00e4 mik\u00e4kin tavara sijaitsee. T\u00e4m\u00e4 paloista koottava hylly antaa kodillesi ilmett\u00e4 ja saa vieraat haukkomaan henke\u00e4!<\/p>\n<p>Isompi sarja sis\u00e4lt\u00e4\u00e4 8 kpl kuusi kyn\u00e4\u00e4 (pituus 146 cm), 8 kpl nelj\u00e4 kyn\u00e4\u00e4 (97 cm), 4 kpl kolme kyn\u00e4\u00e4 (72 cm) ja 4 kpl kahdella kyn\u00e4ll\u00e4 (48 cm). Joten kaikki yhdess\u00e4 24 kappaletta. Pienemm\u00e4ss\u00e4 sarjassa on tasan puolet v\u00e4hemm\u00e4n hyllyosia.<\/p>\n<p>Kaikki osat voidaan sekoittaa yhteen. Kahden tenon v\u00e4linen et\u00e4isyys on 25 cm.<\/p>\n<p>Valmistettu 12 mm koivuvanerista, Koskisen valkoinen HPL, eritt\u00e4in kest\u00e4v\u00e4 materiaali. Se on my\u00f6s eritt\u00e4in ymp\u00e4rist\u00f6yst\u00e4v\u00e4llinen hylly &#8211; j\u00e4tteit\u00e4 varten on vain hyvin pieni pala j\u00e4tteest\u00e4.<\/p>\n<p>Houkuttelevan leikkis\u00e4 ja avarakatseinen! Hylly, jossa voit s\u00e4ilytt\u00e4\u00e4 salaisuuksiasi. Kaikki on n\u00e4kyvill\u00e4, mutta vain itse tied\u00e4t, miss\u00e4 mik\u00e4kin tavara sijaitsee. T\u00e4m\u00e4 paloista koottava hylly antaa kodillesi ilmett\u00e4 ja saa vieraat haukkomaan henke\u00e4!<\/p>\n<p>N\u00e4ytekuvassa suurempi hyllyn asetuskorkeus ja pituus on 223 cm.<\/p>\n<p>Kaikki tuotteet on valmistettu koivuvanerista, valkoinen filmi 12 mm tai 16 mm tammiviiluvanerista. Se on my\u00f6s eritt\u00e4in ymp\u00e4rist\u00f6yst\u00e4v\u00e4llinen hylly &#8211; j\u00e4tteit\u00e4 varten on vain hyvin pieni pala j\u00e4tteest\u00e4. Hylly on liitett\u00e4v\u00e4 sein\u00e4\u00e4n mukana toimitetuilla varusteilla.<\/p>\n<p>Hylly Criss-Cross oli Viron design-palkintoon Bruno 2018 ehdokas.<\/p>\n<p><strong>2 viikon toimitus kaikkialle Suomeen!<\/strong><\/p>\n","protected":false},"excerpt":{"rendered":"<p>Houkuttelevan leikkis\u00e4 ja avarakatseinen! Hylly, jossa voit s\u00e4ilytt\u00e4\u00e4 salaisuuksiasi. Kaikki on n\u00e4kyvill\u00e4, mutta vain itse tied\u00e4t, miss\u00e4 mik\u00e4kin tavara sijaitsee. T\u00e4m\u00e4 paloista koottava hylly antaa kodillesi ilmett\u00e4 ja saa vieraat haukkomaan henke\u00e4! Isompi sarja sis\u00e4lt\u00e4\u00e4 8 kpl kuusi kyn\u00e4\u00e4 (pituus 146 cm), 8 kpl nelj\u00e4 kyn\u00e4\u00e4 (97 cm), 4 kpl kolme kyn\u00e4\u00e4 (72 cm) ja&#8230;<\/p>\n","protected":false},"featured_media":1990,"comment_status":"open","ping_status":"closed","template":"","meta":{"_acf_changed":false},"product_brand":[],"product_cat":[109],"product_tag":[],"class_list":{"0":"post-3172","1":"product","2":"type-product","3":"status-publish","4":"has-post-thumbnail","6":"product_cat-riiulid","8":"first","9":"instock","10":"sale","11":"taxable","12":"shipping-taxable","13":"purchasable","14":"product-type-variable","15":"has-default-attributes"},"acf":[],"yoast_head":"<!-- This site is optimized with the Yoast SEO plugin v27.4 - https:\/\/yoast.com\/product\/yoast-seo-wordpress\/ -->\n<title>Hyllyst\u00f6 Criss-Cross - Radis<\/title>\n<meta name=\"robots\" content=\"index, follow, max-snippet:-1, max-image-preview:large, max-video-preview:-1\" \/>\n<link rel=\"canonical\" href=\"https:\/\/radis.ee\/fi\/hyllysto-criss-cross-iso\/\" \/>\n<meta property=\"og:locale\" content=\"fi_FI\" \/>\n<meta property=\"og:type\" content=\"article\" \/>\n<meta property=\"og:title\" content=\"Hyllyst\u00f6 Criss-Cross - Radis\" \/>\n<meta property=\"og:description\" content=\"Houkuttelevan leikkis\u00e4 ja avarakatseinen! Hylly, jossa voit s\u00e4ilytt\u00e4\u00e4 salaisuuksiasi. Kaikki on n\u00e4kyvill\u00e4, mutta vain itse tied\u00e4t, miss\u00e4 mik\u00e4kin tavara sijaitsee. T\u00e4m\u00e4 paloista koottava hylly antaa kodillesi ilmett\u00e4 ja saa vieraat haukkomaan henke\u00e4! Isompi sarja sis\u00e4lt\u00e4\u00e4 8 kpl kuusi kyn\u00e4\u00e4 (pituus 146 cm), 8 kpl nelj\u00e4 kyn\u00e4\u00e4 (97 cm), 4 kpl kolme kyn\u00e4\u00e4 (72 cm) ja...\" \/>\n<meta property=\"og:url\" content=\"https:\/\/radis.ee\/fi\/hyllysto-criss-cross-iso\/\" \/>\n<meta property=\"og:site_name\" content=\"Radis\" \/>\n<meta property=\"article:publisher\" content=\"https:\/\/www.facebook.com\/radisfurniture\/\" \/>\n<meta property=\"article:modified_time\" content=\"2024-03-04T17:53:13+00:00\" \/>\n<meta property=\"og:image\" content=\"https:\/\/radis.ee\/wp-content\/uploads\/2020\/09\/RA0544-Radis-shelf-CrissCross-double-details-white-multiplex-plywood-with-books-transparent-scaled.jpg\" \/>\n\t<meta property=\"og:image:width\" content=\"2489\" \/>\n\t<meta property=\"og:image:height\" content=\"2664\" \/>\n\t<meta property=\"og:image:type\" content=\"image\/jpeg\" \/>\n<meta name=\"twitter:card\" content=\"summary_large_image\" \/>\n<meta name=\"twitter:label1\" content=\"Arvioitu lukuaika\" \/>\n\t<meta name=\"twitter:data1\" content=\"1 minuutti\" \/>\n<script type=\"application\/ld+json\" class=\"yoast-schema-graph\">{\"@context\":\"https:\\\/\\\/schema.org\",\"@graph\":[{\"@type\":\"WebPage\",\"@id\":\"https:\\\/\\\/radis.ee\\\/fi\\\/hyllysto-criss-cross-iso\\\/\",\"url\":\"https:\\\/\\\/radis.ee\\\/fi\\\/hyllysto-criss-cross-iso\\\/\",\"name\":\"Hyllyst\u00f6 Criss-Cross - Radis\",\"isPartOf\":{\"@id\":\"https:\\\/\\\/radis.ee\\\/#website\"},\"primaryImageOfPage\":{\"@id\":\"https:\\\/\\\/radis.ee\\\/fi\\\/hyllysto-criss-cross-iso\\\/#primaryimage\"},\"image\":{\"@id\":\"https:\\\/\\\/radis.ee\\\/fi\\\/hyllysto-criss-cross-iso\\\/#primaryimage\"},\"thumbnailUrl\":\"https:\\\/\\\/radis.ee\\\/wp-content\\\/uploads\\\/2020\\\/09\\\/RA0544-Radis-shelf-CrissCross-double-details-white-multiplex-plywood-with-books-transparent-scaled.jpg\",\"datePublished\":\"2023-05-12T23:29:42+00:00\",\"dateModified\":\"2024-03-04T17:53:13+00:00\",\"breadcrumb\":{\"@id\":\"https:\\\/\\\/radis.ee\\\/fi\\\/hyllysto-criss-cross-iso\\\/#breadcrumb\"},\"inLanguage\":\"fi\",\"potentialAction\":[{\"@type\":\"ReadAction\",\"target\":[\"https:\\\/\\\/radis.ee\\\/fi\\\/hyllysto-criss-cross-iso\\\/\"]}]},{\"@type\":\"ImageObject\",\"inLanguage\":\"fi\",\"@id\":\"https:\\\/\\\/radis.ee\\\/fi\\\/hyllysto-criss-cross-iso\\\/#primaryimage\",\"url\":\"https:\\\/\\\/radis.ee\\\/wp-content\\\/uploads\\\/2020\\\/09\\\/RA0544-Radis-shelf-CrissCross-double-details-white-multiplex-plywood-with-books-transparent-scaled.jpg\",\"contentUrl\":\"https:\\\/\\\/radis.ee\\\/wp-content\\\/uploads\\\/2020\\\/09\\\/RA0544-Radis-shelf-CrissCross-double-details-white-multiplex-plywood-with-books-transparent-scaled.jpg\",\"width\":2489,\"height\":2664,\"caption\":\"SHELF CRISS-CROSS Large\"},{\"@type\":\"BreadcrumbList\",\"@id\":\"https:\\\/\\\/radis.ee\\\/fi\\\/hyllysto-criss-cross-iso\\\/#breadcrumb\",\"itemListElement\":[{\"@type\":\"ListItem\",\"position\":1,\"name\":\"Home\",\"item\":\"https:\\\/\\\/radis.ee\\\/\"},{\"@type\":\"ListItem\",\"position\":2,\"name\":\"Tuotteet\",\"item\":\"https:\\\/\\\/radis.ee\\\/fi\\\/tuotteet\\\/\"},{\"@type\":\"ListItem\",\"position\":3,\"name\":\"Hyllyst\u00f6 Criss-Cross\"}]},{\"@type\":\"WebSite\",\"@id\":\"https:\\\/\\\/radis.ee\\\/#website\",\"url\":\"https:\\\/\\\/radis.ee\\\/\",\"name\":\"Radis\",\"description\":\"Nordic design furniture, environmentally friendly and sustainable.\",\"publisher\":{\"@id\":\"https:\\\/\\\/radis.ee\\\/#organization\"},\"potentialAction\":[{\"@type\":\"SearchAction\",\"target\":{\"@type\":\"EntryPoint\",\"urlTemplate\":\"https:\\\/\\\/radis.ee\\\/?s={search_term_string}\"},\"query-input\":{\"@type\":\"PropertyValueSpecification\",\"valueRequired\":true,\"valueName\":\"search_term_string\"}}],\"inLanguage\":\"fi\"},{\"@type\":\"Organization\",\"@id\":\"https:\\\/\\\/radis.ee\\\/#organization\",\"name\":\"Radis O\u00dc\",\"url\":\"https:\\\/\\\/radis.ee\\\/\",\"logo\":{\"@type\":\"ImageObject\",\"inLanguage\":\"fi\",\"@id\":\"https:\\\/\\\/radis.ee\\\/#\\\/schema\\\/logo\\\/image\\\/\",\"url\":\"https:\\\/\\\/radis.ee\\\/wp-content\\\/uploads\\\/2020\\\/10\\\/Radis-logo.png\",\"contentUrl\":\"https:\\\/\\\/radis.ee\\\/wp-content\\\/uploads\\\/2020\\\/10\\\/Radis-logo.png\",\"width\":300,\"height\":63,\"caption\":\"Radis O\u00dc\"},\"image\":{\"@id\":\"https:\\\/\\\/radis.ee\\\/#\\\/schema\\\/logo\\\/image\\\/\"},\"sameAs\":[\"https:\\\/\\\/www.facebook.com\\\/radisfurniture\\\/\"]}]}<\/script>\n<!-- \/ Yoast SEO plugin. -->","yoast_head_json":{"title":"Hyllyst\u00f6 Criss-Cross - Radis","robots":{"index":"index","follow":"follow","max-snippet":"max-snippet:-1","max-image-preview":"max-image-preview:large","max-video-preview":"max-video-preview:-1"},"canonical":"https:\/\/radis.ee\/fi\/hyllysto-criss-cross-iso\/","og_locale":"fi_FI","og_type":"article","og_title":"Hyllyst\u00f6 Criss-Cross - Radis","og_description":"Houkuttelevan leikkis\u00e4 ja avarakatseinen! Hylly, jossa voit s\u00e4ilytt\u00e4\u00e4 salaisuuksiasi. Kaikki on n\u00e4kyvill\u00e4, mutta vain itse tied\u00e4t, miss\u00e4 mik\u00e4kin tavara sijaitsee. T\u00e4m\u00e4 paloista koottava hylly antaa kodillesi ilmett\u00e4 ja saa vieraat haukkomaan henke\u00e4! Isompi sarja sis\u00e4lt\u00e4\u00e4 8 kpl kuusi kyn\u00e4\u00e4 (pituus 146 cm), 8 kpl nelj\u00e4 kyn\u00e4\u00e4 (97 cm), 4 kpl kolme kyn\u00e4\u00e4 (72 cm) ja...","og_url":"https:\/\/radis.ee\/fi\/hyllysto-criss-cross-iso\/","og_site_name":"Radis","article_publisher":"https:\/\/www.facebook.com\/radisfurniture\/","article_modified_time":"2024-03-04T17:53:13+00:00","og_image":[{"width":2489,"height":2664,"url":"https:\/\/radis.ee\/wp-content\/uploads\/2020\/09\/RA0544-Radis-shelf-CrissCross-double-details-white-multiplex-plywood-with-books-transparent-scaled.jpg","type":"image\/jpeg"}],"twitter_card":"summary_large_image","twitter_misc":{"Arvioitu lukuaika":"1 minuutti"},"schema":{"@context":"https:\/\/schema.org","@graph":[{"@type":"WebPage","@id":"https:\/\/radis.ee\/fi\/hyllysto-criss-cross-iso\/","url":"https:\/\/radis.ee\/fi\/hyllysto-criss-cross-iso\/","name":"Hyllyst\u00f6 Criss-Cross - Radis","isPartOf":{"@id":"https:\/\/radis.ee\/#website"},"primaryImageOfPage":{"@id":"https:\/\/radis.ee\/fi\/hyllysto-criss-cross-iso\/#primaryimage"},"image":{"@id":"https:\/\/radis.ee\/fi\/hyllysto-criss-cross-iso\/#primaryimage"},"thumbnailUrl":"https:\/\/radis.ee\/wp-content\/uploads\/2020\/09\/RA0544-Radis-shelf-CrissCross-double-details-white-multiplex-plywood-with-books-transparent-scaled.jpg","datePublished":"2023-05-12T23:29:42+00:00","dateModified":"2024-03-04T17:53:13+00:00","breadcrumb":{"@id":"https:\/\/radis.ee\/fi\/hyllysto-criss-cross-iso\/#breadcrumb"},"inLanguage":"fi","potentialAction":[{"@type":"ReadAction","target":["https:\/\/radis.ee\/fi\/hyllysto-criss-cross-iso\/"]}]},{"@type":"ImageObject","inLanguage":"fi","@id":"https:\/\/radis.ee\/fi\/hyllysto-criss-cross-iso\/#primaryimage","url":"https:\/\/radis.ee\/wp-content\/uploads\/2020\/09\/RA0544-Radis-shelf-CrissCross-double-details-white-multiplex-plywood-with-books-transparent-scaled.jpg","contentUrl":"https:\/\/radis.ee\/wp-content\/uploads\/2020\/09\/RA0544-Radis-shelf-CrissCross-double-details-white-multiplex-plywood-with-books-transparent-scaled.jpg","width":2489,"height":2664,"caption":"SHELF CRISS-CROSS Large"},{"@type":"BreadcrumbList","@id":"https:\/\/radis.ee\/fi\/hyllysto-criss-cross-iso\/#breadcrumb","itemListElement":[{"@type":"ListItem","position":1,"name":"Home","item":"https:\/\/radis.ee\/"},{"@type":"ListItem","position":2,"name":"Tuotteet","item":"https:\/\/radis.ee\/fi\/tuotteet\/"},{"@type":"ListItem","position":3,"name":"Hyllyst\u00f6 Criss-Cross"}]},{"@type":"WebSite","@id":"https:\/\/radis.ee\/#website","url":"https:\/\/radis.ee\/","name":"Radis","description":"Nordic design furniture, environmentally friendly and sustainable.","publisher":{"@id":"https:\/\/radis.ee\/#organization"},"potentialAction":[{"@type":"SearchAction","target":{"@type":"EntryPoint","urlTemplate":"https:\/\/radis.ee\/?s={search_term_string}"},"query-input":{"@type":"PropertyValueSpecification","valueRequired":true,"valueName":"search_term_string"}}],"inLanguage":"fi"},{"@type":"Organization","@id":"https:\/\/radis.ee\/#organization","name":"Radis O\u00dc","url":"https:\/\/radis.ee\/","logo":{"@type":"ImageObject","inLanguage":"fi","@id":"https:\/\/radis.ee\/#\/schema\/logo\/image\/","url":"https:\/\/radis.ee\/wp-content\/uploads\/2020\/10\/Radis-logo.png","contentUrl":"https:\/\/radis.ee\/wp-content\/uploads\/2020\/10\/Radis-logo.png","width":300,"height":63,"caption":"Radis O\u00dc"},"image":{"@id":"https:\/\/radis.ee\/#\/schema\/logo\/image\/"},"sameAs":["https:\/\/www.facebook.com\/radisfurniture\/"]}]}},"_links":{"self":[{"href":"https:\/\/radis.ee\/fi\/wp-json\/wp\/v2\/product\/3172","targetHints":{"allow":["GET"]}}],"collection":[{"href":"https:\/\/radis.ee\/fi\/wp-json\/wp\/v2\/product"}],"about":[{"href":"https:\/\/radis.ee\/fi\/wp-json\/wp\/v2\/types\/product"}],"replies":[{"embeddable":true,"href":"https:\/\/radis.ee\/fi\/wp-json\/wp\/v2\/comments?post=3172"}],"wp:featuredmedia":[{"embeddable":true,"href":"https:\/\/radis.ee\/fi\/wp-json\/wp\/v2\/media\/1990"}],"wp:attachment":[{"href":"https:\/\/radis.ee\/fi\/wp-json\/wp\/v2\/media?parent=3172"}],"wp:term":[{"taxonomy":"product_brand","embeddable":true,"href":"https:\/\/radis.ee\/fi\/wp-json\/wp\/v2\/product_brand?post=3172"},{"taxonomy":"product_cat","embeddable":true,"href":"https:\/\/radis.ee\/fi\/wp-json\/wp\/v2\/product_cat?post=3172"},{"taxonomy":"product_tag","embeddable":true,"href":"https:\/\/radis.ee\/fi\/wp-json\/wp\/v2\/product_tag?post=3172"}],"curies":[{"name":"wp","href":"https:\/\/api.w.org\/{rel}","templated":true}]}}