{"id":31762,"date":"2026-04-01T22:38:21","date_gmt":"2026-04-01T19:38:21","guid":{"rendered":"https:\/\/radis.ee\/?post_type=product&#038;p=31762"},"modified":"2026-04-07T23:02:38","modified_gmt":"2026-04-07T20:02:38","slug":"nojatuoli-pauze","status":"publish","type":"product","link":"https:\/\/radis.ee\/fi\/nojatuoli-pauze\/","title":{"rendered":"Nojatuoli PAUZE"},"content":{"rendered":"<p>Ota aikasi. Uusi suosikkipaikkasi on t\u00e4\u00e4ll\u00e4. PAUZE-nojatuoli on luotu niille, jotka arvostavat sek\u00e4 rauhaa ett\u00e4 rytmi\u00e4 suunnittelussa. Radisin uusin malli yhdist\u00e4\u00e4 Keski-Euroopan modernin muotokielen pohjoismaiseen luonnollisuuteen tarjoten t\u00e4ydellisen tasapainon arkkitehtonisen keveyden ja \u00e4\u00e4rimm\u00e4isen istumismukavuuden v\u00e4lill\u00e4.<\/p>\n<p><strong>Arkkitehtoninen keveys<\/strong><br \/>\nPAUZE-muotoilun ytimess\u00e4 on sen ainutlaatuinen diagonaalinen runko, joka luo visuaalista dynamiikkaa ja keveytt\u00e4. Tuolin avoin profiili ja graafiset linjat ovat saaneet inspiraationsa modernista arkkitehtuurista. T\u00e4m\u00e4 on huonekalu, joka ei ainoastaan \u200b\u200bt\u00e4yt\u00e4 tilaa, vaan antaa sille luonnetta.<\/p>\n<p><strong>Materiaalit ja k\u00e4sity\u00f6taito<\/strong><br \/>\nMeille materiaalin rehellisyys ja puhtaus ovat ensiarvoisen t\u00e4rkeit\u00e4:<\/p>\n<p><strong>Virtaviivainen runko<\/strong>: Mestarillisesti valmistettu luonnonv\u00e4rinen koivuvaneri tammiviilulla, joka heijastaa kest\u00e4vyytt\u00e4 ja laatua. Jokainen yksityiskohta on hiottu t\u00e4ydelliseksi tarjoten sek\u00e4 visuaalista nautintoa ett\u00e4 silkkist\u00e4 tuntumaa. Saatavilla my\u00f6s valkoisena laminoituna koivuvanerina.<\/p>\n<p><strong>Ergonominen geometria<\/strong>: Tuolin selk\u00e4nojan ja istuimen kulma on huolellisesti kalibroitu tarjoamaan optimaalinen tuki vartalolle ja mahdollistaen syv\u00e4n rentoutumisen. Istuinkorkeus 42 cm, istuimen leveys 51 cm, istuimen syvyys 48 cm.<\/p>\n<p><strong>Korkealaatuiset tekstiilit<\/strong>: Valitut Nevotex Stella -kankaat ovat kest\u00e4vi\u00e4 ja luonnollisissa s\u00e4vyiss\u00e4, jotka sointuvat yhteen puun l\u00e4mm\u00f6n kanssa ja t\u00e4ytt\u00e4v\u00e4t korkeimmat eurooppalaiset sisustussuunnittelustandardit. Stella on korkealaatuinen polyesterikangas, jonka ilme on saanut inspiraationsa villasta.<\/p>\n<p><strong>Miksi valita PAUZE?<\/strong><br \/>\nAjaton estetiikka: Puhtaat diagonaalilinjat, jotka pysyv\u00e4t moderneina vuosikymmeni\u00e4.<\/p>\n<p>Kest\u00e4v\u00e4 muotoilu: Valmistettu ekologisista ja korkealaatuisista materiaaleista ymp\u00e4rist\u00f6 ja tulevat sukupolvet mieless\u00e4 pit\u00e4en.<\/p>\n<p>Monipuolisuus: Ilmavan muotonsa ansiosta se sopii sek\u00e4 valoisaan olohuoneeseen ett\u00e4 rauhalliseen lukunurkkaukseen.<\/p>\n<p>Hemmottele itse\u00e4si PAUZE-kankaalla. Koska kotisi on rauhan keidas.<\/p>\n","protected":false},"excerpt":{"rendered":"<p>Ota aikasi. Uusi suosikkipaikkasi on t\u00e4\u00e4ll\u00e4. PAUZE-nojatuoli on luotu niille, jotka arvostavat sek\u00e4 rauhaa ett\u00e4 rytmi\u00e4 suunnittelussa. Radisin uusin malli yhdist\u00e4\u00e4 Keski-Euroopan modernin muotokielen pohjoismaiseen luonnollisuuteen tarjoten t\u00e4ydellisen tasapainon arkkitehtonisen keveyden ja \u00e4\u00e4rimm\u00e4isen istumismukavuuden v\u00e4lill\u00e4. Arkkitehtoninen keveys PAUZE-muotoilun ytimess\u00e4 on sen ainutlaatuinen diagonaalinen runko, joka luo visuaalista dynamiikkaa ja keveytt\u00e4. Tuolin avoin profiili ja graafiset&#8230;<\/p>\n","protected":false},"featured_media":31892,"comment_status":"open","ping_status":"closed","template":"","meta":{"_acf_changed":false},"product_brand":[],"product_cat":[34],"product_tag":[],"class_list":{"0":"post-31762","1":"product","2":"type-product","3":"status-publish","4":"has-post-thumbnail","6":"product_cat-aksessuaarid","8":"first","9":"instock","10":"taxable","11":"shipping-taxable","12":"purchasable","13":"product-type-variable","14":"has-default-attributes"},"acf":[],"yoast_head":"<!-- This site is optimized with the Yoast SEO plugin v27.4 - https:\/\/yoast.com\/product\/yoast-seo-wordpress\/ -->\n<title>Nojatuoli PAUZE - Radis<\/title>\n<meta name=\"robots\" content=\"index, follow, max-snippet:-1, max-image-preview:large, max-video-preview:-1\" \/>\n<link rel=\"canonical\" href=\"https:\/\/radis.ee\/fi\/nojatuoli-pauze\/\" \/>\n<meta property=\"og:locale\" content=\"fi_FI\" \/>\n<meta property=\"og:type\" content=\"article\" \/>\n<meta property=\"og:title\" content=\"Nojatuoli PAUZE - Radis\" \/>\n<meta property=\"og:description\" content=\"Ota aikasi. Uusi suosikkipaikkasi on t\u00e4\u00e4ll\u00e4. PAUZE-nojatuoli on luotu niille, jotka arvostavat sek\u00e4 rauhaa ett\u00e4 rytmi\u00e4 suunnittelussa. Radisin uusin malli yhdist\u00e4\u00e4 Keski-Euroopan modernin muotokielen pohjoismaiseen luonnollisuuteen tarjoten t\u00e4ydellisen tasapainon arkkitehtonisen keveyden ja \u00e4\u00e4rimm\u00e4isen istumismukavuuden v\u00e4lill\u00e4. Arkkitehtoninen keveys PAUZE-muotoilun ytimess\u00e4 on sen ainutlaatuinen diagonaalinen runko, joka luo visuaalista dynamiikkaa ja keveytt\u00e4. Tuolin avoin profiili ja graafiset...\" \/>\n<meta property=\"og:url\" content=\"https:\/\/radis.ee\/fi\/nojatuoli-pauze\/\" \/>\n<meta property=\"og:site_name\" content=\"Radis\" \/>\n<meta property=\"article:publisher\" content=\"https:\/\/www.facebook.com\/radisfurniture\/\" \/>\n<meta property=\"article:modified_time\" content=\"2026-04-07T20:02:38+00:00\" \/>\n<meta property=\"og:image\" content=\"https:\/\/radis.ee\/wp-content\/uploads\/2026\/04\/Radis_Furniture_armchair_PAUZE_Oak_veneered_plywood_Black_fabric_white_background.webp\" \/>\n\t<meta property=\"og:image:width\" content=\"653\" \/>\n\t<meta property=\"og:image:height\" content=\"1062\" \/>\n\t<meta property=\"og:image:type\" content=\"image\/webp\" \/>\n<meta name=\"twitter:card\" content=\"summary_large_image\" \/>\n<meta name=\"twitter:label1\" content=\"Arvioitu lukuaika\" \/>\n\t<meta name=\"twitter:data1\" content=\"2 minuuttia\" \/>\n<script type=\"application\/ld+json\" class=\"yoast-schema-graph\">{\"@context\":\"https:\\\/\\\/schema.org\",\"@graph\":[{\"@type\":\"WebPage\",\"@id\":\"https:\\\/\\\/radis.ee\\\/fi\\\/nojatuoli-pauze\\\/\",\"url\":\"https:\\\/\\\/radis.ee\\\/fi\\\/nojatuoli-pauze\\\/\",\"name\":\"Nojatuoli PAUZE - Radis\",\"isPartOf\":{\"@id\":\"https:\\\/\\\/radis.ee\\\/#website\"},\"primaryImageOfPage\":{\"@id\":\"https:\\\/\\\/radis.ee\\\/fi\\\/nojatuoli-pauze\\\/#primaryimage\"},\"image\":{\"@id\":\"https:\\\/\\\/radis.ee\\\/fi\\\/nojatuoli-pauze\\\/#primaryimage\"},\"thumbnailUrl\":\"https:\\\/\\\/radis.ee\\\/wp-content\\\/uploads\\\/2026\\\/04\\\/Radis_Furniture_armchair_PAUZE_Oak_veneered_plywood_Dark_Grey_fabric_white_background_2.webp\",\"datePublished\":\"2026-04-01T19:38:21+00:00\",\"dateModified\":\"2026-04-07T20:02:38+00:00\",\"breadcrumb\":{\"@id\":\"https:\\\/\\\/radis.ee\\\/fi\\\/nojatuoli-pauze\\\/#breadcrumb\"},\"inLanguage\":\"fi\",\"potentialAction\":[{\"@type\":\"ReadAction\",\"target\":[\"https:\\\/\\\/radis.ee\\\/fi\\\/nojatuoli-pauze\\\/\"]}]},{\"@type\":\"ImageObject\",\"inLanguage\":\"fi\",\"@id\":\"https:\\\/\\\/radis.ee\\\/fi\\\/nojatuoli-pauze\\\/#primaryimage\",\"url\":\"https:\\\/\\\/radis.ee\\\/wp-content\\\/uploads\\\/2026\\\/04\\\/Radis_Furniture_armchair_PAUZE_Oak_veneered_plywood_Dark_Grey_fabric_white_background_2.webp\",\"contentUrl\":\"https:\\\/\\\/radis.ee\\\/wp-content\\\/uploads\\\/2026\\\/04\\\/Radis_Furniture_armchair_PAUZE_Oak_veneered_plywood_Dark_Grey_fabric_white_background_2.webp\",\"width\":733,\"height\":852,\"caption\":\"Radis Furniture armchair PAUZE Oak veneered plywood Grey fabric\"},{\"@type\":\"BreadcrumbList\",\"@id\":\"https:\\\/\\\/radis.ee\\\/fi\\\/nojatuoli-pauze\\\/#breadcrumb\",\"itemListElement\":[{\"@type\":\"ListItem\",\"position\":1,\"name\":\"Home\",\"item\":\"https:\\\/\\\/radis.ee\\\/\"},{\"@type\":\"ListItem\",\"position\":2,\"name\":\"Tuotteet\",\"item\":\"https:\\\/\\\/radis.ee\\\/fi\\\/tuotteet\\\/\"},{\"@type\":\"ListItem\",\"position\":3,\"name\":\"Nojatuoli PAUZE\"}]},{\"@type\":\"WebSite\",\"@id\":\"https:\\\/\\\/radis.ee\\\/#website\",\"url\":\"https:\\\/\\\/radis.ee\\\/\",\"name\":\"Radis\",\"description\":\"Nordic design furniture, environmentally friendly and sustainable.\",\"publisher\":{\"@id\":\"https:\\\/\\\/radis.ee\\\/#organization\"},\"potentialAction\":[{\"@type\":\"SearchAction\",\"target\":{\"@type\":\"EntryPoint\",\"urlTemplate\":\"https:\\\/\\\/radis.ee\\\/?s={search_term_string}\"},\"query-input\":{\"@type\":\"PropertyValueSpecification\",\"valueRequired\":true,\"valueName\":\"search_term_string\"}}],\"inLanguage\":\"fi\"},{\"@type\":\"Organization\",\"@id\":\"https:\\\/\\\/radis.ee\\\/#organization\",\"name\":\"Radis O\u00dc\",\"url\":\"https:\\\/\\\/radis.ee\\\/\",\"logo\":{\"@type\":\"ImageObject\",\"inLanguage\":\"fi\",\"@id\":\"https:\\\/\\\/radis.ee\\\/#\\\/schema\\\/logo\\\/image\\\/\",\"url\":\"https:\\\/\\\/radis.ee\\\/wp-content\\\/uploads\\\/2020\\\/10\\\/Radis-logo.png\",\"contentUrl\":\"https:\\\/\\\/radis.ee\\\/wp-content\\\/uploads\\\/2020\\\/10\\\/Radis-logo.png\",\"width\":300,\"height\":63,\"caption\":\"Radis O\u00dc\"},\"image\":{\"@id\":\"https:\\\/\\\/radis.ee\\\/#\\\/schema\\\/logo\\\/image\\\/\"},\"sameAs\":[\"https:\\\/\\\/www.facebook.com\\\/radisfurniture\\\/\"]}]}<\/script>\n<!-- \/ Yoast SEO plugin. -->","yoast_head_json":{"title":"Nojatuoli PAUZE - Radis","robots":{"index":"index","follow":"follow","max-snippet":"max-snippet:-1","max-image-preview":"max-image-preview:large","max-video-preview":"max-video-preview:-1"},"canonical":"https:\/\/radis.ee\/fi\/nojatuoli-pauze\/","og_locale":"fi_FI","og_type":"article","og_title":"Nojatuoli PAUZE - Radis","og_description":"Ota aikasi. Uusi suosikkipaikkasi on t\u00e4\u00e4ll\u00e4. PAUZE-nojatuoli on luotu niille, jotka arvostavat sek\u00e4 rauhaa ett\u00e4 rytmi\u00e4 suunnittelussa. Radisin uusin malli yhdist\u00e4\u00e4 Keski-Euroopan modernin muotokielen pohjoismaiseen luonnollisuuteen tarjoten t\u00e4ydellisen tasapainon arkkitehtonisen keveyden ja \u00e4\u00e4rimm\u00e4isen istumismukavuuden v\u00e4lill\u00e4. Arkkitehtoninen keveys PAUZE-muotoilun ytimess\u00e4 on sen ainutlaatuinen diagonaalinen runko, joka luo visuaalista dynamiikkaa ja keveytt\u00e4. Tuolin avoin profiili ja graafiset...","og_url":"https:\/\/radis.ee\/fi\/nojatuoli-pauze\/","og_site_name":"Radis","article_publisher":"https:\/\/www.facebook.com\/radisfurniture\/","article_modified_time":"2026-04-07T20:02:38+00:00","og_image":[{"width":653,"height":1062,"url":"https:\/\/radis.ee\/wp-content\/uploads\/2026\/04\/Radis_Furniture_armchair_PAUZE_Oak_veneered_plywood_Black_fabric_white_background.webp","type":"image\/webp"}],"twitter_card":"summary_large_image","twitter_misc":{"Arvioitu lukuaika":"2 minuuttia"},"schema":{"@context":"https:\/\/schema.org","@graph":[{"@type":"WebPage","@id":"https:\/\/radis.ee\/fi\/nojatuoli-pauze\/","url":"https:\/\/radis.ee\/fi\/nojatuoli-pauze\/","name":"Nojatuoli PAUZE - Radis","isPartOf":{"@id":"https:\/\/radis.ee\/#website"},"primaryImageOfPage":{"@id":"https:\/\/radis.ee\/fi\/nojatuoli-pauze\/#primaryimage"},"image":{"@id":"https:\/\/radis.ee\/fi\/nojatuoli-pauze\/#primaryimage"},"thumbnailUrl":"https:\/\/radis.ee\/wp-content\/uploads\/2026\/04\/Radis_Furniture_armchair_PAUZE_Oak_veneered_plywood_Dark_Grey_fabric_white_background_2.webp","datePublished":"2026-04-01T19:38:21+00:00","dateModified":"2026-04-07T20:02:38+00:00","breadcrumb":{"@id":"https:\/\/radis.ee\/fi\/nojatuoli-pauze\/#breadcrumb"},"inLanguage":"fi","potentialAction":[{"@type":"ReadAction","target":["https:\/\/radis.ee\/fi\/nojatuoli-pauze\/"]}]},{"@type":"ImageObject","inLanguage":"fi","@id":"https:\/\/radis.ee\/fi\/nojatuoli-pauze\/#primaryimage","url":"https:\/\/radis.ee\/wp-content\/uploads\/2026\/04\/Radis_Furniture_armchair_PAUZE_Oak_veneered_plywood_Dark_Grey_fabric_white_background_2.webp","contentUrl":"https:\/\/radis.ee\/wp-content\/uploads\/2026\/04\/Radis_Furniture_armchair_PAUZE_Oak_veneered_plywood_Dark_Grey_fabric_white_background_2.webp","width":733,"height":852,"caption":"Radis Furniture armchair PAUZE Oak veneered plywood Grey fabric"},{"@type":"BreadcrumbList","@id":"https:\/\/radis.ee\/fi\/nojatuoli-pauze\/#breadcrumb","itemListElement":[{"@type":"ListItem","position":1,"name":"Home","item":"https:\/\/radis.ee\/"},{"@type":"ListItem","position":2,"name":"Tuotteet","item":"https:\/\/radis.ee\/fi\/tuotteet\/"},{"@type":"ListItem","position":3,"name":"Nojatuoli PAUZE"}]},{"@type":"WebSite","@id":"https:\/\/radis.ee\/#website","url":"https:\/\/radis.ee\/","name":"Radis","description":"Nordic design furniture, environmentally friendly and sustainable.","publisher":{"@id":"https:\/\/radis.ee\/#organization"},"potentialAction":[{"@type":"SearchAction","target":{"@type":"EntryPoint","urlTemplate":"https:\/\/radis.ee\/?s={search_term_string}"},"query-input":{"@type":"PropertyValueSpecification","valueRequired":true,"valueName":"search_term_string"}}],"inLanguage":"fi"},{"@type":"Organization","@id":"https:\/\/radis.ee\/#organization","name":"Radis O\u00dc","url":"https:\/\/radis.ee\/","logo":{"@type":"ImageObject","inLanguage":"fi","@id":"https:\/\/radis.ee\/#\/schema\/logo\/image\/","url":"https:\/\/radis.ee\/wp-content\/uploads\/2020\/10\/Radis-logo.png","contentUrl":"https:\/\/radis.ee\/wp-content\/uploads\/2020\/10\/Radis-logo.png","width":300,"height":63,"caption":"Radis O\u00dc"},"image":{"@id":"https:\/\/radis.ee\/#\/schema\/logo\/image\/"},"sameAs":["https:\/\/www.facebook.com\/radisfurniture\/"]}]}},"_links":{"self":[{"href":"https:\/\/radis.ee\/fi\/wp-json\/wp\/v2\/product\/31762","targetHints":{"allow":["GET"]}}],"collection":[{"href":"https:\/\/radis.ee\/fi\/wp-json\/wp\/v2\/product"}],"about":[{"href":"https:\/\/radis.ee\/fi\/wp-json\/wp\/v2\/types\/product"}],"replies":[{"embeddable":true,"href":"https:\/\/radis.ee\/fi\/wp-json\/wp\/v2\/comments?post=31762"}],"wp:featuredmedia":[{"embeddable":true,"href":"https:\/\/radis.ee\/fi\/wp-json\/wp\/v2\/media\/31892"}],"wp:attachment":[{"href":"https:\/\/radis.ee\/fi\/wp-json\/wp\/v2\/media?parent=31762"}],"wp:term":[{"taxonomy":"product_brand","embeddable":true,"href":"https:\/\/radis.ee\/fi\/wp-json\/wp\/v2\/product_brand?post=31762"},{"taxonomy":"product_cat","embeddable":true,"href":"https:\/\/radis.ee\/fi\/wp-json\/wp\/v2\/product_cat?post=31762"},{"taxonomy":"product_tag","embeddable":true,"href":"https:\/\/radis.ee\/fi\/wp-json\/wp\/v2\/product_tag?post=31762"}],"curies":[{"name":"wp","href":"https:\/\/api.w.org\/{rel}","templated":true}]}}