{"id":3190,"date":"2025-06-28T00:40:49","date_gmt":"2020-09-27T21:40:49","guid":{"rendered":"https:\/\/radis.ee\/Ei-luokiteltu\/keinutuoli-gee\/"},"modified":"2024-01-30T20:29:41","modified_gmt":"2024-01-30T18:29:41","slug":"keinutuoli-gee","status":"publish","type":"product","link":"https:\/\/radis.ee\/fi\/keinutuoli-gee\/","title":{"rendered":"Keinutuoli GEE"},"content":{"rendered":"<p>Kuka sanoi, ett\u00e4 keinuminen on vain lapsille? Nyt voit sin\u00e4kin kiikkua ilman h\u00e4pe\u00e4\u00e4 tv:n tai takan edess\u00e4 omassa kodissasi. Kenenk\u00e4\u00e4n n\u00e4kem\u00e4tt\u00e4. My\u00f6s jalkatuella.<\/p>\n<p>Valmistettu 36 mm koivuvanerista, my\u00f6s tammiviilutettu, \u00f6ljyvahattu. Tyynyjen osalta ne on valmistettu huolella Nevotex Linoso, korkealaatuisesta ruotsalaisesta kangasta, joka tarjoaa sinulle t\u00e4ydellisen jousivaihteen.<\/p>\n<p>Keinutuoli GEE leveys 63 cm, korkeus 103 cm, istuimen syvyys 50 cm.<\/p>\n","protected":false},"excerpt":{"rendered":"<p>Kuka sanoi, ett\u00e4 keinuminen on vain lapsille? Nyt voit sin\u00e4kin kiikkua ilman h\u00e4pe\u00e4\u00e4 tv:n tai takan edess\u00e4 omassa kodissasi. Kenenk\u00e4\u00e4n n\u00e4kem\u00e4tt\u00e4. My\u00f6s jalkatuella. Valmistettu 36 mm koivuvanerista, my\u00f6s tammiviilutettu, \u00f6ljyvahattu. Tyynyjen osalta ne on valmistettu huolella Nevotex Linoso, korkealaatuisesta ruotsalaisesta kangasta, joka tarjoaa sinulle t\u00e4ydellisen jousivaihteen. Keinutuoli GEE leveys 63 cm, korkeus 103 cm, istuimen&#8230;<\/p>\n","protected":false},"featured_media":2417,"comment_status":"open","ping_status":"closed","template":"","meta":{"_acf_changed":false},"product_brand":[],"product_cat":[34],"product_tag":[],"class_list":{"0":"post-3190","1":"product","2":"type-product","3":"status-publish","4":"has-post-thumbnail","6":"product_cat-aksessuaarid","8":"first","9":"instock","10":"sale","11":"taxable","12":"shipping-taxable","13":"purchasable","14":"product-type-variable","15":"has-default-attributes"},"acf":[],"yoast_head":"<!-- This site is optimized with the Yoast SEO plugin v27.3 - https:\/\/yoast.com\/product\/yoast-seo-wordpress\/ -->\n<title>Keinutuoli GEE - Radis<\/title>\n<meta name=\"robots\" content=\"index, follow, max-snippet:-1, max-image-preview:large, max-video-preview:-1\" \/>\n<link rel=\"canonical\" href=\"https:\/\/radis.ee\/kiiktool-gee\/\" \/>\n<meta property=\"og:locale\" content=\"fi_FI\" \/>\n<meta property=\"og:type\" content=\"article\" \/>\n<meta property=\"og:title\" content=\"Keinutuoli GEE - Radis\" \/>\n<meta property=\"og:description\" content=\"Kuka sanoi, ett\u00e4 keinuminen on vain lapsille? Nyt voit sin\u00e4kin kiikkua ilman h\u00e4pe\u00e4\u00e4 tv:n tai takan edess\u00e4 omassa kodissasi. Kenenk\u00e4\u00e4n n\u00e4kem\u00e4tt\u00e4. My\u00f6s jalkatuella. Valmistettu 36 mm koivuvanerista, my\u00f6s tammiviilutettu, \u00f6ljyvahattu. Tyynyjen osalta ne on valmistettu huolella Nevotex Linoso, korkealaatuisesta ruotsalaisesta kangasta, joka tarjoaa sinulle t\u00e4ydellisen jousivaihteen. Keinutuoli GEE leveys 63 cm, korkeus 103 cm, istuimen...\" \/>\n<meta property=\"og:url\" content=\"https:\/\/radis.ee\/kiiktool-gee\/\" \/>\n<meta property=\"og:site_name\" content=\"Radis\" \/>\n<meta property=\"article:publisher\" content=\"https:\/\/www.facebook.com\/radisfurniture\/\" \/>\n<meta property=\"article:modified_time\" content=\"2024-01-30T18:29:41+00:00\" \/>\n<meta property=\"og:image\" content=\"https:\/\/radis.ee\/wp-content\/uploads\/2020\/09\/RA0464-Radis-rocking-chair-GEE-pebble-grey-fabric-dark-grey-2-2-1-scaled.jpg\" \/>\n\t<meta property=\"og:image:width\" content=\"3651\" \/>\n\t<meta property=\"og:image:height\" content=\"3651\" \/>\n\t<meta property=\"og:image:type\" content=\"image\/jpeg\" \/>\n<meta name=\"twitter:card\" content=\"summary_large_image\" \/>\n<script type=\"application\/ld+json\" class=\"yoast-schema-graph\">{\"@context\":\"https:\\\/\\\/schema.org\",\"@graph\":[{\"@type\":\"WebPage\",\"@id\":\"https:\\\/\\\/radis.ee\\\/kiiktool-gee\\\/\",\"url\":\"https:\\\/\\\/radis.ee\\\/kiiktool-gee\\\/\",\"name\":\"Keinutuoli GEE - Radis\",\"isPartOf\":{\"@id\":\"https:\\\/\\\/radis.ee\\\/#website\"},\"primaryImageOfPage\":{\"@id\":\"https:\\\/\\\/radis.ee\\\/kiiktool-gee\\\/#primaryimage\"},\"image\":{\"@id\":\"https:\\\/\\\/radis.ee\\\/kiiktool-gee\\\/#primaryimage\"},\"thumbnailUrl\":\"https:\\\/\\\/radis.ee\\\/wp-content\\\/uploads\\\/2020\\\/09\\\/RA0464-Radis-rocking-chair-GEE-pebble-grey-fabric-dark-grey-2-2-1-scaled.jpg\",\"datePublished\":\"2020-09-27T21:40:49+00:00\",\"dateModified\":\"2024-01-30T18:29:41+00:00\",\"breadcrumb\":{\"@id\":\"https:\\\/\\\/radis.ee\\\/kiiktool-gee\\\/#breadcrumb\"},\"inLanguage\":\"fi\",\"potentialAction\":[{\"@type\":\"ReadAction\",\"target\":[\"https:\\\/\\\/radis.ee\\\/kiiktool-gee\\\/\"]}]},{\"@type\":\"ImageObject\",\"inLanguage\":\"fi\",\"@id\":\"https:\\\/\\\/radis.ee\\\/kiiktool-gee\\\/#primaryimage\",\"url\":\"https:\\\/\\\/radis.ee\\\/wp-content\\\/uploads\\\/2020\\\/09\\\/RA0464-Radis-rocking-chair-GEE-pebble-grey-fabric-dark-grey-2-2-1-scaled.jpg\",\"contentUrl\":\"https:\\\/\\\/radis.ee\\\/wp-content\\\/uploads\\\/2020\\\/09\\\/RA0464-Radis-rocking-chair-GEE-pebble-grey-fabric-dark-grey-2-2-1-scaled.jpg\",\"width\":3651,\"height\":3651,\"caption\":\"ROCKING CHAIR GEE\"},{\"@type\":\"BreadcrumbList\",\"@id\":\"https:\\\/\\\/radis.ee\\\/kiiktool-gee\\\/#breadcrumb\",\"itemListElement\":[{\"@type\":\"ListItem\",\"position\":1,\"name\":\"Home\",\"item\":\"https:\\\/\\\/radis.ee\\\/\"},{\"@type\":\"ListItem\",\"position\":2,\"name\":\"Tuotteet\",\"item\":\"https:\\\/\\\/radis.ee\\\/fi\\\/tuotteet\\\/\"},{\"@type\":\"ListItem\",\"position\":3,\"name\":\"Keinutuoli GEE\"}]},{\"@type\":\"WebSite\",\"@id\":\"https:\\\/\\\/radis.ee\\\/#website\",\"url\":\"https:\\\/\\\/radis.ee\\\/\",\"name\":\"Radis\",\"description\":\"Nordic design furniture, environmentally friendly and sustainable.\",\"publisher\":{\"@id\":\"https:\\\/\\\/radis.ee\\\/#organization\"},\"potentialAction\":[{\"@type\":\"SearchAction\",\"target\":{\"@type\":\"EntryPoint\",\"urlTemplate\":\"https:\\\/\\\/radis.ee\\\/?s={search_term_string}\"},\"query-input\":{\"@type\":\"PropertyValueSpecification\",\"valueRequired\":true,\"valueName\":\"search_term_string\"}}],\"inLanguage\":\"fi\"},{\"@type\":\"Organization\",\"@id\":\"https:\\\/\\\/radis.ee\\\/#organization\",\"name\":\"Radis O\u00dc\",\"url\":\"https:\\\/\\\/radis.ee\\\/\",\"logo\":{\"@type\":\"ImageObject\",\"inLanguage\":\"fi\",\"@id\":\"https:\\\/\\\/radis.ee\\\/#\\\/schema\\\/logo\\\/image\\\/\",\"url\":\"https:\\\/\\\/radis.ee\\\/wp-content\\\/uploads\\\/2020\\\/10\\\/Radis-logo.png\",\"contentUrl\":\"https:\\\/\\\/radis.ee\\\/wp-content\\\/uploads\\\/2020\\\/10\\\/Radis-logo.png\",\"width\":300,\"height\":63,\"caption\":\"Radis O\u00dc\"},\"image\":{\"@id\":\"https:\\\/\\\/radis.ee\\\/#\\\/schema\\\/logo\\\/image\\\/\"},\"sameAs\":[\"https:\\\/\\\/www.facebook.com\\\/radisfurniture\\\/\"]}]}<\/script>\n<!-- \/ Yoast SEO plugin. -->","yoast_head_json":{"title":"Keinutuoli GEE - Radis","robots":{"index":"index","follow":"follow","max-snippet":"max-snippet:-1","max-image-preview":"max-image-preview:large","max-video-preview":"max-video-preview:-1"},"canonical":"https:\/\/radis.ee\/kiiktool-gee\/","og_locale":"fi_FI","og_type":"article","og_title":"Keinutuoli GEE - Radis","og_description":"Kuka sanoi, ett\u00e4 keinuminen on vain lapsille? Nyt voit sin\u00e4kin kiikkua ilman h\u00e4pe\u00e4\u00e4 tv:n tai takan edess\u00e4 omassa kodissasi. Kenenk\u00e4\u00e4n n\u00e4kem\u00e4tt\u00e4. My\u00f6s jalkatuella. Valmistettu 36 mm koivuvanerista, my\u00f6s tammiviilutettu, \u00f6ljyvahattu. Tyynyjen osalta ne on valmistettu huolella Nevotex Linoso, korkealaatuisesta ruotsalaisesta kangasta, joka tarjoaa sinulle t\u00e4ydellisen jousivaihteen. Keinutuoli GEE leveys 63 cm, korkeus 103 cm, istuimen...","og_url":"https:\/\/radis.ee\/kiiktool-gee\/","og_site_name":"Radis","article_publisher":"https:\/\/www.facebook.com\/radisfurniture\/","article_modified_time":"2024-01-30T18:29:41+00:00","og_image":[{"width":3651,"height":3651,"url":"https:\/\/radis.ee\/wp-content\/uploads\/2020\/09\/RA0464-Radis-rocking-chair-GEE-pebble-grey-fabric-dark-grey-2-2-1-scaled.jpg","type":"image\/jpeg"}],"twitter_card":"summary_large_image","schema":{"@context":"https:\/\/schema.org","@graph":[{"@type":"WebPage","@id":"https:\/\/radis.ee\/kiiktool-gee\/","url":"https:\/\/radis.ee\/kiiktool-gee\/","name":"Keinutuoli GEE - Radis","isPartOf":{"@id":"https:\/\/radis.ee\/#website"},"primaryImageOfPage":{"@id":"https:\/\/radis.ee\/kiiktool-gee\/#primaryimage"},"image":{"@id":"https:\/\/radis.ee\/kiiktool-gee\/#primaryimage"},"thumbnailUrl":"https:\/\/radis.ee\/wp-content\/uploads\/2020\/09\/RA0464-Radis-rocking-chair-GEE-pebble-grey-fabric-dark-grey-2-2-1-scaled.jpg","datePublished":"2020-09-27T21:40:49+00:00","dateModified":"2024-01-30T18:29:41+00:00","breadcrumb":{"@id":"https:\/\/radis.ee\/kiiktool-gee\/#breadcrumb"},"inLanguage":"fi","potentialAction":[{"@type":"ReadAction","target":["https:\/\/radis.ee\/kiiktool-gee\/"]}]},{"@type":"ImageObject","inLanguage":"fi","@id":"https:\/\/radis.ee\/kiiktool-gee\/#primaryimage","url":"https:\/\/radis.ee\/wp-content\/uploads\/2020\/09\/RA0464-Radis-rocking-chair-GEE-pebble-grey-fabric-dark-grey-2-2-1-scaled.jpg","contentUrl":"https:\/\/radis.ee\/wp-content\/uploads\/2020\/09\/RA0464-Radis-rocking-chair-GEE-pebble-grey-fabric-dark-grey-2-2-1-scaled.jpg","width":3651,"height":3651,"caption":"ROCKING CHAIR GEE"},{"@type":"BreadcrumbList","@id":"https:\/\/radis.ee\/kiiktool-gee\/#breadcrumb","itemListElement":[{"@type":"ListItem","position":1,"name":"Home","item":"https:\/\/radis.ee\/"},{"@type":"ListItem","position":2,"name":"Tuotteet","item":"https:\/\/radis.ee\/fi\/tuotteet\/"},{"@type":"ListItem","position":3,"name":"Keinutuoli GEE"}]},{"@type":"WebSite","@id":"https:\/\/radis.ee\/#website","url":"https:\/\/radis.ee\/","name":"Radis","description":"Nordic design furniture, environmentally friendly and sustainable.","publisher":{"@id":"https:\/\/radis.ee\/#organization"},"potentialAction":[{"@type":"SearchAction","target":{"@type":"EntryPoint","urlTemplate":"https:\/\/radis.ee\/?s={search_term_string}"},"query-input":{"@type":"PropertyValueSpecification","valueRequired":true,"valueName":"search_term_string"}}],"inLanguage":"fi"},{"@type":"Organization","@id":"https:\/\/radis.ee\/#organization","name":"Radis O\u00dc","url":"https:\/\/radis.ee\/","logo":{"@type":"ImageObject","inLanguage":"fi","@id":"https:\/\/radis.ee\/#\/schema\/logo\/image\/","url":"https:\/\/radis.ee\/wp-content\/uploads\/2020\/10\/Radis-logo.png","contentUrl":"https:\/\/radis.ee\/wp-content\/uploads\/2020\/10\/Radis-logo.png","width":300,"height":63,"caption":"Radis O\u00dc"},"image":{"@id":"https:\/\/radis.ee\/#\/schema\/logo\/image\/"},"sameAs":["https:\/\/www.facebook.com\/radisfurniture\/"]}]}},"_links":{"self":[{"href":"https:\/\/radis.ee\/fi\/wp-json\/wp\/v2\/product\/3190","targetHints":{"allow":["GET"]}}],"collection":[{"href":"https:\/\/radis.ee\/fi\/wp-json\/wp\/v2\/product"}],"about":[{"href":"https:\/\/radis.ee\/fi\/wp-json\/wp\/v2\/types\/product"}],"replies":[{"embeddable":true,"href":"https:\/\/radis.ee\/fi\/wp-json\/wp\/v2\/comments?post=3190"}],"wp:featuredmedia":[{"embeddable":true,"href":"https:\/\/radis.ee\/fi\/wp-json\/wp\/v2\/media\/2417"}],"wp:attachment":[{"href":"https:\/\/radis.ee\/fi\/wp-json\/wp\/v2\/media?parent=3190"}],"wp:term":[{"taxonomy":"product_brand","embeddable":true,"href":"https:\/\/radis.ee\/fi\/wp-json\/wp\/v2\/product_brand?post=3190"},{"taxonomy":"product_cat","embeddable":true,"href":"https:\/\/radis.ee\/fi\/wp-json\/wp\/v2\/product_cat?post=3190"},{"taxonomy":"product_tag","embeddable":true,"href":"https:\/\/radis.ee\/fi\/wp-json\/wp\/v2\/product_tag?post=3190"}],"curies":[{"name":"wp","href":"https:\/\/api.w.org\/{rel}","templated":true}]}}