{"id":3206,"date":"2022-08-22T10:23:56","date_gmt":"2022-08-22T07:23:56","guid":{"rendered":"https:\/\/radis.ee\/Ei-luokiteltu\/jakkara-chick\/"},"modified":"2025-06-02T12:22:41","modified_gmt":"2025-06-02T09:22:41","slug":"jakkara-chick","status":"publish","type":"product","link":"https:\/\/radis.ee\/fi\/jakkara-chick\/","title":{"rendered":"Jakkara CHICK"},"content":{"rendered":"<p>\u201dChick\u201d on sisustuselementti, joka erottuu leikkis\u00e4st\u00e4 suunnittelustaan.<\/p>\n<p>\u201dChick\u201d suunniteltiin alun perin pieneksi jakkaraksi, mutta toistaiseksi se on pikemminkin pieni koriste-elementti, jota k\u00e4ytet\u00e4\u00e4n pienen\u00e4 sivup\u00f6yd\u00e4ll\u00e4 tai y\u00f6p\u00f6yd\u00e4ll\u00e4, jalkatuena nojatuolia, mutta lis\u00e4ksi siin\u00e4 on lis\u00e4toiminto &#8211; saada sinut hymyilem\u00e4\u00e4n!<\/p>\n<p>Liimattua koivua, nokka mahonkia tai tammea, jalat mustaksi maalattua metallia. Luonnonpuuta, pieni\u00e4 v\u00e4rieroja ja pieni\u00e4 oksankohtia saattaa esiinty\u00e4.<\/p>\n","protected":false},"excerpt":{"rendered":"<p>\u201dChick\u201d on sisustuselementti, joka erottuu leikkis\u00e4st\u00e4 suunnittelustaan. \u201dChick\u201d suunniteltiin alun perin pieneksi jakkaraksi, mutta toistaiseksi se on pikemminkin pieni koriste-elementti, jota k\u00e4ytet\u00e4\u00e4n pienen\u00e4 sivup\u00f6yd\u00e4ll\u00e4 tai y\u00f6p\u00f6yd\u00e4ll\u00e4, jalkatuena nojatuolia, mutta lis\u00e4ksi siin\u00e4 on lis\u00e4toiminto &#8211; saada sinut hymyilem\u00e4\u00e4n! Liimattua koivua, nokka mahonkia tai tammea, jalat mustaksi maalattua metallia. Luonnonpuuta, pieni\u00e4 v\u00e4rieroja ja pieni\u00e4 oksankohtia saattaa esiinty\u00e4.<\/p>\n","protected":false},"featured_media":2475,"comment_status":"open","ping_status":"closed","template":"","meta":{"_acf_changed":false},"product_brand":[],"product_cat":[34,111],"product_tag":[],"class_list":{"0":"post-3206","1":"product","2":"type-product","3":"status-publish","4":"has-post-thumbnail","6":"product_cat-aksessuaarid","7":"product_cat-lauad","9":"first","10":"instock","11":"sale","12":"taxable","13":"shipping-taxable","14":"purchasable","15":"product-type-variable","16":"has-default-attributes"},"acf":[],"yoast_head":"<!-- This site is optimized with the Yoast SEO plugin v27.4 - https:\/\/yoast.com\/product\/yoast-seo-wordpress\/ -->\n<title>Jakkara CHICK - Radis<\/title>\n<meta name=\"robots\" content=\"index, follow, max-snippet:-1, max-image-preview:large, max-video-preview:-1\" \/>\n<link rel=\"canonical\" href=\"https:\/\/radis.ee\/fi\/jakkara-chick\/\" \/>\n<meta property=\"og:locale\" content=\"fi_FI\" \/>\n<meta property=\"og:type\" content=\"article\" \/>\n<meta property=\"og:title\" content=\"Jakkara CHICK - Radis\" \/>\n<meta property=\"og:description\" content=\"\u201dChick\u201d on sisustuselementti, joka erottuu leikkis\u00e4st\u00e4 suunnittelustaan. \u201dChick\u201d suunniteltiin alun perin pieneksi jakkaraksi, mutta toistaiseksi se on pikemminkin pieni koriste-elementti, jota k\u00e4ytet\u00e4\u00e4n pienen\u00e4 sivup\u00f6yd\u00e4ll\u00e4 tai y\u00f6p\u00f6yd\u00e4ll\u00e4, jalkatuena nojatuolia, mutta lis\u00e4ksi siin\u00e4 on lis\u00e4toiminto &#8211; saada sinut hymyilem\u00e4\u00e4n! Liimattua koivua, nokka mahonkia tai tammea, jalat mustaksi maalattua metallia. Luonnonpuuta, pieni\u00e4 v\u00e4rieroja ja pieni\u00e4 oksankohtia saattaa esiinty\u00e4.\" \/>\n<meta property=\"og:url\" content=\"https:\/\/radis.ee\/fi\/jakkara-chick\/\" \/>\n<meta property=\"og:site_name\" content=\"Radis\" \/>\n<meta property=\"article:publisher\" content=\"https:\/\/www.facebook.com\/radisfurniture\/\" \/>\n<meta property=\"article:modified_time\" content=\"2025-06-02T09:22:41+00:00\" \/>\n<meta property=\"og:image\" content=\"https:\/\/radis.ee\/wp-content\/uploads\/2020\/09\/RADIS_stool_CHICK_Maria_-R\u00e4sta_natural-scaled.jpg\" \/>\n\t<meta property=\"og:image:width\" content=\"3840\" \/>\n\t<meta property=\"og:image:height\" content=\"3840\" \/>\n\t<meta property=\"og:image:type\" content=\"image\/jpeg\" \/>\n<meta name=\"twitter:card\" content=\"summary_large_image\" \/>\n<script type=\"application\/ld+json\" class=\"yoast-schema-graph\">{\"@context\":\"https:\\\/\\\/schema.org\",\"@graph\":[{\"@type\":\"WebPage\",\"@id\":\"https:\\\/\\\/radis.ee\\\/fi\\\/jakkara-chick\\\/\",\"url\":\"https:\\\/\\\/radis.ee\\\/fi\\\/jakkara-chick\\\/\",\"name\":\"Jakkara CHICK - Radis\",\"isPartOf\":{\"@id\":\"https:\\\/\\\/radis.ee\\\/#website\"},\"primaryImageOfPage\":{\"@id\":\"https:\\\/\\\/radis.ee\\\/fi\\\/jakkara-chick\\\/#primaryimage\"},\"image\":{\"@id\":\"https:\\\/\\\/radis.ee\\\/fi\\\/jakkara-chick\\\/#primaryimage\"},\"thumbnailUrl\":\"https:\\\/\\\/radis.ee\\\/wp-content\\\/uploads\\\/2020\\\/09\\\/RADIS_stool_CHICK_Maria_-R\u00e4sta_natural-scaled.jpg\",\"datePublished\":\"2022-08-22T07:23:56+00:00\",\"dateModified\":\"2025-06-02T09:22:41+00:00\",\"breadcrumb\":{\"@id\":\"https:\\\/\\\/radis.ee\\\/fi\\\/jakkara-chick\\\/#breadcrumb\"},\"inLanguage\":\"fi\",\"potentialAction\":[{\"@type\":\"ReadAction\",\"target\":[\"https:\\\/\\\/radis.ee\\\/fi\\\/jakkara-chick\\\/\"]}]},{\"@type\":\"ImageObject\",\"inLanguage\":\"fi\",\"@id\":\"https:\\\/\\\/radis.ee\\\/fi\\\/jakkara-chick\\\/#primaryimage\",\"url\":\"https:\\\/\\\/radis.ee\\\/wp-content\\\/uploads\\\/2020\\\/09\\\/RADIS_stool_CHICK_Maria_-R\u00e4sta_natural-scaled.jpg\",\"contentUrl\":\"https:\\\/\\\/radis.ee\\\/wp-content\\\/uploads\\\/2020\\\/09\\\/RADIS_stool_CHICK_Maria_-R\u00e4sta_natural-scaled.jpg\",\"width\":3840,\"height\":3840,\"caption\":\"CHICK NATURAL\"},{\"@type\":\"BreadcrumbList\",\"@id\":\"https:\\\/\\\/radis.ee\\\/fi\\\/jakkara-chick\\\/#breadcrumb\",\"itemListElement\":[{\"@type\":\"ListItem\",\"position\":1,\"name\":\"Home\",\"item\":\"https:\\\/\\\/radis.ee\\\/\"},{\"@type\":\"ListItem\",\"position\":2,\"name\":\"Tuotteet\",\"item\":\"https:\\\/\\\/radis.ee\\\/fi\\\/tuotteet\\\/\"},{\"@type\":\"ListItem\",\"position\":3,\"name\":\"Jakkara CHICK\"}]},{\"@type\":\"WebSite\",\"@id\":\"https:\\\/\\\/radis.ee\\\/#website\",\"url\":\"https:\\\/\\\/radis.ee\\\/\",\"name\":\"Radis\",\"description\":\"Nordic design furniture, environmentally friendly and sustainable.\",\"publisher\":{\"@id\":\"https:\\\/\\\/radis.ee\\\/#organization\"},\"potentialAction\":[{\"@type\":\"SearchAction\",\"target\":{\"@type\":\"EntryPoint\",\"urlTemplate\":\"https:\\\/\\\/radis.ee\\\/?s={search_term_string}\"},\"query-input\":{\"@type\":\"PropertyValueSpecification\",\"valueRequired\":true,\"valueName\":\"search_term_string\"}}],\"inLanguage\":\"fi\"},{\"@type\":\"Organization\",\"@id\":\"https:\\\/\\\/radis.ee\\\/#organization\",\"name\":\"Radis O\u00dc\",\"url\":\"https:\\\/\\\/radis.ee\\\/\",\"logo\":{\"@type\":\"ImageObject\",\"inLanguage\":\"fi\",\"@id\":\"https:\\\/\\\/radis.ee\\\/#\\\/schema\\\/logo\\\/image\\\/\",\"url\":\"https:\\\/\\\/radis.ee\\\/wp-content\\\/uploads\\\/2020\\\/10\\\/Radis-logo.png\",\"contentUrl\":\"https:\\\/\\\/radis.ee\\\/wp-content\\\/uploads\\\/2020\\\/10\\\/Radis-logo.png\",\"width\":300,\"height\":63,\"caption\":\"Radis O\u00dc\"},\"image\":{\"@id\":\"https:\\\/\\\/radis.ee\\\/#\\\/schema\\\/logo\\\/image\\\/\"},\"sameAs\":[\"https:\\\/\\\/www.facebook.com\\\/radisfurniture\\\/\"]}]}<\/script>\n<!-- \/ Yoast SEO plugin. -->","yoast_head_json":{"title":"Jakkara CHICK - Radis","robots":{"index":"index","follow":"follow","max-snippet":"max-snippet:-1","max-image-preview":"max-image-preview:large","max-video-preview":"max-video-preview:-1"},"canonical":"https:\/\/radis.ee\/fi\/jakkara-chick\/","og_locale":"fi_FI","og_type":"article","og_title":"Jakkara CHICK - Radis","og_description":"\u201dChick\u201d on sisustuselementti, joka erottuu leikkis\u00e4st\u00e4 suunnittelustaan. \u201dChick\u201d suunniteltiin alun perin pieneksi jakkaraksi, mutta toistaiseksi se on pikemminkin pieni koriste-elementti, jota k\u00e4ytet\u00e4\u00e4n pienen\u00e4 sivup\u00f6yd\u00e4ll\u00e4 tai y\u00f6p\u00f6yd\u00e4ll\u00e4, jalkatuena nojatuolia, mutta lis\u00e4ksi siin\u00e4 on lis\u00e4toiminto &#8211; saada sinut hymyilem\u00e4\u00e4n! Liimattua koivua, nokka mahonkia tai tammea, jalat mustaksi maalattua metallia. Luonnonpuuta, pieni\u00e4 v\u00e4rieroja ja pieni\u00e4 oksankohtia saattaa esiinty\u00e4.","og_url":"https:\/\/radis.ee\/fi\/jakkara-chick\/","og_site_name":"Radis","article_publisher":"https:\/\/www.facebook.com\/radisfurniture\/","article_modified_time":"2025-06-02T09:22:41+00:00","og_image":[{"width":3840,"height":3840,"url":"https:\/\/radis.ee\/wp-content\/uploads\/2020\/09\/RADIS_stool_CHICK_Maria_-R\u00e4sta_natural-scaled.jpg","type":"image\/jpeg"}],"twitter_card":"summary_large_image","schema":{"@context":"https:\/\/schema.org","@graph":[{"@type":"WebPage","@id":"https:\/\/radis.ee\/fi\/jakkara-chick\/","url":"https:\/\/radis.ee\/fi\/jakkara-chick\/","name":"Jakkara CHICK - Radis","isPartOf":{"@id":"https:\/\/radis.ee\/#website"},"primaryImageOfPage":{"@id":"https:\/\/radis.ee\/fi\/jakkara-chick\/#primaryimage"},"image":{"@id":"https:\/\/radis.ee\/fi\/jakkara-chick\/#primaryimage"},"thumbnailUrl":"https:\/\/radis.ee\/wp-content\/uploads\/2020\/09\/RADIS_stool_CHICK_Maria_-R\u00e4sta_natural-scaled.jpg","datePublished":"2022-08-22T07:23:56+00:00","dateModified":"2025-06-02T09:22:41+00:00","breadcrumb":{"@id":"https:\/\/radis.ee\/fi\/jakkara-chick\/#breadcrumb"},"inLanguage":"fi","potentialAction":[{"@type":"ReadAction","target":["https:\/\/radis.ee\/fi\/jakkara-chick\/"]}]},{"@type":"ImageObject","inLanguage":"fi","@id":"https:\/\/radis.ee\/fi\/jakkara-chick\/#primaryimage","url":"https:\/\/radis.ee\/wp-content\/uploads\/2020\/09\/RADIS_stool_CHICK_Maria_-R\u00e4sta_natural-scaled.jpg","contentUrl":"https:\/\/radis.ee\/wp-content\/uploads\/2020\/09\/RADIS_stool_CHICK_Maria_-R\u00e4sta_natural-scaled.jpg","width":3840,"height":3840,"caption":"CHICK NATURAL"},{"@type":"BreadcrumbList","@id":"https:\/\/radis.ee\/fi\/jakkara-chick\/#breadcrumb","itemListElement":[{"@type":"ListItem","position":1,"name":"Home","item":"https:\/\/radis.ee\/"},{"@type":"ListItem","position":2,"name":"Tuotteet","item":"https:\/\/radis.ee\/fi\/tuotteet\/"},{"@type":"ListItem","position":3,"name":"Jakkara CHICK"}]},{"@type":"WebSite","@id":"https:\/\/radis.ee\/#website","url":"https:\/\/radis.ee\/","name":"Radis","description":"Nordic design furniture, environmentally friendly and sustainable.","publisher":{"@id":"https:\/\/radis.ee\/#organization"},"potentialAction":[{"@type":"SearchAction","target":{"@type":"EntryPoint","urlTemplate":"https:\/\/radis.ee\/?s={search_term_string}"},"query-input":{"@type":"PropertyValueSpecification","valueRequired":true,"valueName":"search_term_string"}}],"inLanguage":"fi"},{"@type":"Organization","@id":"https:\/\/radis.ee\/#organization","name":"Radis O\u00dc","url":"https:\/\/radis.ee\/","logo":{"@type":"ImageObject","inLanguage":"fi","@id":"https:\/\/radis.ee\/#\/schema\/logo\/image\/","url":"https:\/\/radis.ee\/wp-content\/uploads\/2020\/10\/Radis-logo.png","contentUrl":"https:\/\/radis.ee\/wp-content\/uploads\/2020\/10\/Radis-logo.png","width":300,"height":63,"caption":"Radis O\u00dc"},"image":{"@id":"https:\/\/radis.ee\/#\/schema\/logo\/image\/"},"sameAs":["https:\/\/www.facebook.com\/radisfurniture\/"]}]}},"_links":{"self":[{"href":"https:\/\/radis.ee\/fi\/wp-json\/wp\/v2\/product\/3206","targetHints":{"allow":["GET"]}}],"collection":[{"href":"https:\/\/radis.ee\/fi\/wp-json\/wp\/v2\/product"}],"about":[{"href":"https:\/\/radis.ee\/fi\/wp-json\/wp\/v2\/types\/product"}],"replies":[{"embeddable":true,"href":"https:\/\/radis.ee\/fi\/wp-json\/wp\/v2\/comments?post=3206"}],"wp:featuredmedia":[{"embeddable":true,"href":"https:\/\/radis.ee\/fi\/wp-json\/wp\/v2\/media\/2475"}],"wp:attachment":[{"href":"https:\/\/radis.ee\/fi\/wp-json\/wp\/v2\/media?parent=3206"}],"wp:term":[{"taxonomy":"product_brand","embeddable":true,"href":"https:\/\/radis.ee\/fi\/wp-json\/wp\/v2\/product_brand?post=3206"},{"taxonomy":"product_cat","embeddable":true,"href":"https:\/\/radis.ee\/fi\/wp-json\/wp\/v2\/product_cat?post=3206"},{"taxonomy":"product_tag","embeddable":true,"href":"https:\/\/radis.ee\/fi\/wp-json\/wp\/v2\/product_tag?post=3206"}],"curies":[{"name":"wp","href":"https:\/\/api.w.org\/{rel}","templated":true}]}}