{"id":3223,"date":"2022-08-20T22:44:50","date_gmt":"2022-08-20T19:44:50","guid":{"rendered":"https:\/\/radis.ee\/?post_type=product&#038;p=3223"},"modified":"2020-11-30T21:30:55","modified_gmt":"2020-11-30T19:30:55","slug":"yopoyta-huh","status":"publish","type":"product","link":"https:\/\/radis.ee\/fi\/yopoyta-huh\/","title":{"rendered":"Y\u00f6p\u00f6yt\u00e4 HUH"},"content":{"rendered":"<p>Kun pujahdat lakanoiden v\u00e4liin, mukana kupillinen kuumaa teet\u00e4 tai vedett\u00e4v\u00e4 her\u00e4tyskello \u2013 y\u00f6p\u00f6yt\u00e4 HUH on vieress\u00e4si. Ja lempikirja odottamassa y\u00f6p\u00f6yd\u00e4n laatikossa.<\/p>\n<p>Kahden p\u00f6yd\u00e4n lis\u00e4ksi y\u00f6p\u00f6yd\u00e4ss\u00e4 on my\u00f6s tilava laatikko. Valmistettu \u00f6ljyvahatusta koivuvanerista. Hitaasti sulkeutuvat laatikon kiskot.<\/p>\n<p>HUH-mallisto oli Viron design-palkintoon Bruno 2014 2. palkintokierroksen ehdokas.<\/p>\n","protected":false},"excerpt":{"rendered":"<p>Kun pujahdat lakanoiden v\u00e4liin, mukana kupillinen kuumaa teet\u00e4 tai vedett\u00e4v\u00e4 her\u00e4tyskello \u2013 y\u00f6p\u00f6yt\u00e4 HUH on vieress\u00e4si. Ja lempikirja odottamassa y\u00f6p\u00f6yd\u00e4n laatikossa. Kahden p\u00f6yd\u00e4n lis\u00e4ksi y\u00f6p\u00f6yd\u00e4ss\u00e4 on my\u00f6s tilava laatikko. Valmistettu \u00f6ljyvahatusta koivuvanerista. Hitaasti sulkeutuvat laatikon kiskot. HUH-mallisto oli Viron design-palkintoon Bruno 2014 2. palkintokierroksen ehdokas.<\/p>\n","protected":false},"featured_media":3907,"comment_status":"open","ping_status":"closed","template":"","meta":{"_acf_changed":false},"product_brand":[],"product_cat":[441,264],"product_tag":[],"class_list":{"0":"post-3223","1":"product","2":"type-product","3":"status-publish","4":"has-post-thumbnail","6":"product_cat-lisatarvikkeet","7":"product_cat-sangyt","9":"first","10":"instock","11":"taxable","12":"shipping-taxable","13":"purchasable","14":"product-type-variable","15":"has-default-attributes"},"acf":[],"yoast_head":"<!-- This site is optimized with the Yoast SEO plugin v27.4 - https:\/\/yoast.com\/product\/yoast-seo-wordpress\/ -->\n<title>Y\u00f6p\u00f6yt\u00e4 HUH - Radis<\/title>\n<meta name=\"robots\" content=\"index, follow, max-snippet:-1, max-image-preview:large, max-video-preview:-1\" \/>\n<link rel=\"canonical\" href=\"https:\/\/radis.ee\/fi\/yopoyta-huh\/\" \/>\n<meta property=\"og:locale\" content=\"fi_FI\" \/>\n<meta property=\"og:type\" content=\"article\" \/>\n<meta property=\"og:title\" content=\"Y\u00f6p\u00f6yt\u00e4 HUH - Radis\" \/>\n<meta property=\"og:description\" content=\"Kun pujahdat lakanoiden v\u00e4liin, mukana kupillinen kuumaa teet\u00e4 tai vedett\u00e4v\u00e4 her\u00e4tyskello \u2013 y\u00f6p\u00f6yt\u00e4 HUH on vieress\u00e4si. Ja lempikirja odottamassa y\u00f6p\u00f6yd\u00e4n laatikossa. Kahden p\u00f6yd\u00e4n lis\u00e4ksi y\u00f6p\u00f6yd\u00e4ss\u00e4 on my\u00f6s tilava laatikko. Valmistettu \u00f6ljyvahatusta koivuvanerista. Hitaasti sulkeutuvat laatikon kiskot. HUH-mallisto oli Viron design-palkintoon Bruno 2014 2. palkintokierroksen ehdokas.\" \/>\n<meta property=\"og:url\" content=\"https:\/\/radis.ee\/fi\/yopoyta-huh\/\" \/>\n<meta property=\"og:site_name\" content=\"Radis\" \/>\n<meta property=\"article:publisher\" content=\"https:\/\/www.facebook.com\/radisfurniture\/\" \/>\n<meta property=\"og:image\" content=\"https:\/\/radis.ee\/wp-content\/uploads\/2020\/10\/RA0542-Radis-night-stand-HUH-Pebble-Grey-and-White-oilwaxed-scaled.jpg\" \/>\n\t<meta property=\"og:image:width\" content=\"3177\" \/>\n\t<meta property=\"og:image:height\" content=\"3971\" \/>\n\t<meta property=\"og:image:type\" content=\"image\/jpeg\" \/>\n<meta name=\"twitter:card\" content=\"summary_large_image\" \/>\n<script type=\"application\/ld+json\" class=\"yoast-schema-graph\">{\"@context\":\"https:\\\/\\\/schema.org\",\"@graph\":[{\"@type\":\"WebPage\",\"@id\":\"https:\\\/\\\/radis.ee\\\/fi\\\/yopoyta-huh\\\/\",\"url\":\"https:\\\/\\\/radis.ee\\\/fi\\\/yopoyta-huh\\\/\",\"name\":\"Y\u00f6p\u00f6yt\u00e4 HUH - Radis\",\"isPartOf\":{\"@id\":\"https:\\\/\\\/radis.ee\\\/#website\"},\"primaryImageOfPage\":{\"@id\":\"https:\\\/\\\/radis.ee\\\/fi\\\/yopoyta-huh\\\/#primaryimage\"},\"image\":{\"@id\":\"https:\\\/\\\/radis.ee\\\/fi\\\/yopoyta-huh\\\/#primaryimage\"},\"thumbnailUrl\":\"https:\\\/\\\/radis.ee\\\/wp-content\\\/uploads\\\/2020\\\/10\\\/RA0542-Radis-night-stand-HUH-Pebble-Grey-and-White-oilwaxed-scaled.jpg\",\"datePublished\":\"2022-08-20T19:44:50+00:00\",\"breadcrumb\":{\"@id\":\"https:\\\/\\\/radis.ee\\\/fi\\\/yopoyta-huh\\\/#breadcrumb\"},\"inLanguage\":\"fi\",\"potentialAction\":[{\"@type\":\"ReadAction\",\"target\":[\"https:\\\/\\\/radis.ee\\\/fi\\\/yopoyta-huh\\\/\"]}]},{\"@type\":\"ImageObject\",\"inLanguage\":\"fi\",\"@id\":\"https:\\\/\\\/radis.ee\\\/fi\\\/yopoyta-huh\\\/#primaryimage\",\"url\":\"https:\\\/\\\/radis.ee\\\/wp-content\\\/uploads\\\/2020\\\/10\\\/RA0542-Radis-night-stand-HUH-Pebble-Grey-and-White-oilwaxed-scaled.jpg\",\"contentUrl\":\"https:\\\/\\\/radis.ee\\\/wp-content\\\/uploads\\\/2020\\\/10\\\/RA0542-Radis-night-stand-HUH-Pebble-Grey-and-White-oilwaxed-scaled.jpg\",\"width\":3177,\"height\":3971,\"caption\":\"NIGHT STAND HUH\"},{\"@type\":\"BreadcrumbList\",\"@id\":\"https:\\\/\\\/radis.ee\\\/fi\\\/yopoyta-huh\\\/#breadcrumb\",\"itemListElement\":[{\"@type\":\"ListItem\",\"position\":1,\"name\":\"Home\",\"item\":\"https:\\\/\\\/radis.ee\\\/\"},{\"@type\":\"ListItem\",\"position\":2,\"name\":\"Tuotteet\",\"item\":\"https:\\\/\\\/radis.ee\\\/fi\\\/tuotteet\\\/\"},{\"@type\":\"ListItem\",\"position\":3,\"name\":\"Y\u00f6p\u00f6yt\u00e4 HUH\"}]},{\"@type\":\"WebSite\",\"@id\":\"https:\\\/\\\/radis.ee\\\/#website\",\"url\":\"https:\\\/\\\/radis.ee\\\/\",\"name\":\"Radis\",\"description\":\"Nordic design furniture, environmentally friendly and sustainable.\",\"publisher\":{\"@id\":\"https:\\\/\\\/radis.ee\\\/#organization\"},\"potentialAction\":[{\"@type\":\"SearchAction\",\"target\":{\"@type\":\"EntryPoint\",\"urlTemplate\":\"https:\\\/\\\/radis.ee\\\/?s={search_term_string}\"},\"query-input\":{\"@type\":\"PropertyValueSpecification\",\"valueRequired\":true,\"valueName\":\"search_term_string\"}}],\"inLanguage\":\"fi\"},{\"@type\":\"Organization\",\"@id\":\"https:\\\/\\\/radis.ee\\\/#organization\",\"name\":\"Radis O\u00dc\",\"url\":\"https:\\\/\\\/radis.ee\\\/\",\"logo\":{\"@type\":\"ImageObject\",\"inLanguage\":\"fi\",\"@id\":\"https:\\\/\\\/radis.ee\\\/#\\\/schema\\\/logo\\\/image\\\/\",\"url\":\"https:\\\/\\\/radis.ee\\\/wp-content\\\/uploads\\\/2020\\\/10\\\/Radis-logo.png\",\"contentUrl\":\"https:\\\/\\\/radis.ee\\\/wp-content\\\/uploads\\\/2020\\\/10\\\/Radis-logo.png\",\"width\":300,\"height\":63,\"caption\":\"Radis O\u00dc\"},\"image\":{\"@id\":\"https:\\\/\\\/radis.ee\\\/#\\\/schema\\\/logo\\\/image\\\/\"},\"sameAs\":[\"https:\\\/\\\/www.facebook.com\\\/radisfurniture\\\/\"]}]}<\/script>\n<!-- \/ Yoast SEO plugin. -->","yoast_head_json":{"title":"Y\u00f6p\u00f6yt\u00e4 HUH - Radis","robots":{"index":"index","follow":"follow","max-snippet":"max-snippet:-1","max-image-preview":"max-image-preview:large","max-video-preview":"max-video-preview:-1"},"canonical":"https:\/\/radis.ee\/fi\/yopoyta-huh\/","og_locale":"fi_FI","og_type":"article","og_title":"Y\u00f6p\u00f6yt\u00e4 HUH - Radis","og_description":"Kun pujahdat lakanoiden v\u00e4liin, mukana kupillinen kuumaa teet\u00e4 tai vedett\u00e4v\u00e4 her\u00e4tyskello \u2013 y\u00f6p\u00f6yt\u00e4 HUH on vieress\u00e4si. Ja lempikirja odottamassa y\u00f6p\u00f6yd\u00e4n laatikossa. Kahden p\u00f6yd\u00e4n lis\u00e4ksi y\u00f6p\u00f6yd\u00e4ss\u00e4 on my\u00f6s tilava laatikko. Valmistettu \u00f6ljyvahatusta koivuvanerista. Hitaasti sulkeutuvat laatikon kiskot. HUH-mallisto oli Viron design-palkintoon Bruno 2014 2. palkintokierroksen ehdokas.","og_url":"https:\/\/radis.ee\/fi\/yopoyta-huh\/","og_site_name":"Radis","article_publisher":"https:\/\/www.facebook.com\/radisfurniture\/","og_image":[{"width":3177,"height":3971,"url":"https:\/\/radis.ee\/wp-content\/uploads\/2020\/10\/RA0542-Radis-night-stand-HUH-Pebble-Grey-and-White-oilwaxed-scaled.jpg","type":"image\/jpeg"}],"twitter_card":"summary_large_image","schema":{"@context":"https:\/\/schema.org","@graph":[{"@type":"WebPage","@id":"https:\/\/radis.ee\/fi\/yopoyta-huh\/","url":"https:\/\/radis.ee\/fi\/yopoyta-huh\/","name":"Y\u00f6p\u00f6yt\u00e4 HUH - Radis","isPartOf":{"@id":"https:\/\/radis.ee\/#website"},"primaryImageOfPage":{"@id":"https:\/\/radis.ee\/fi\/yopoyta-huh\/#primaryimage"},"image":{"@id":"https:\/\/radis.ee\/fi\/yopoyta-huh\/#primaryimage"},"thumbnailUrl":"https:\/\/radis.ee\/wp-content\/uploads\/2020\/10\/RA0542-Radis-night-stand-HUH-Pebble-Grey-and-White-oilwaxed-scaled.jpg","datePublished":"2022-08-20T19:44:50+00:00","breadcrumb":{"@id":"https:\/\/radis.ee\/fi\/yopoyta-huh\/#breadcrumb"},"inLanguage":"fi","potentialAction":[{"@type":"ReadAction","target":["https:\/\/radis.ee\/fi\/yopoyta-huh\/"]}]},{"@type":"ImageObject","inLanguage":"fi","@id":"https:\/\/radis.ee\/fi\/yopoyta-huh\/#primaryimage","url":"https:\/\/radis.ee\/wp-content\/uploads\/2020\/10\/RA0542-Radis-night-stand-HUH-Pebble-Grey-and-White-oilwaxed-scaled.jpg","contentUrl":"https:\/\/radis.ee\/wp-content\/uploads\/2020\/10\/RA0542-Radis-night-stand-HUH-Pebble-Grey-and-White-oilwaxed-scaled.jpg","width":3177,"height":3971,"caption":"NIGHT STAND HUH"},{"@type":"BreadcrumbList","@id":"https:\/\/radis.ee\/fi\/yopoyta-huh\/#breadcrumb","itemListElement":[{"@type":"ListItem","position":1,"name":"Home","item":"https:\/\/radis.ee\/"},{"@type":"ListItem","position":2,"name":"Tuotteet","item":"https:\/\/radis.ee\/fi\/tuotteet\/"},{"@type":"ListItem","position":3,"name":"Y\u00f6p\u00f6yt\u00e4 HUH"}]},{"@type":"WebSite","@id":"https:\/\/radis.ee\/#website","url":"https:\/\/radis.ee\/","name":"Radis","description":"Nordic design furniture, environmentally friendly and sustainable.","publisher":{"@id":"https:\/\/radis.ee\/#organization"},"potentialAction":[{"@type":"SearchAction","target":{"@type":"EntryPoint","urlTemplate":"https:\/\/radis.ee\/?s={search_term_string}"},"query-input":{"@type":"PropertyValueSpecification","valueRequired":true,"valueName":"search_term_string"}}],"inLanguage":"fi"},{"@type":"Organization","@id":"https:\/\/radis.ee\/#organization","name":"Radis O\u00dc","url":"https:\/\/radis.ee\/","logo":{"@type":"ImageObject","inLanguage":"fi","@id":"https:\/\/radis.ee\/#\/schema\/logo\/image\/","url":"https:\/\/radis.ee\/wp-content\/uploads\/2020\/10\/Radis-logo.png","contentUrl":"https:\/\/radis.ee\/wp-content\/uploads\/2020\/10\/Radis-logo.png","width":300,"height":63,"caption":"Radis O\u00dc"},"image":{"@id":"https:\/\/radis.ee\/#\/schema\/logo\/image\/"},"sameAs":["https:\/\/www.facebook.com\/radisfurniture\/"]}]}},"_links":{"self":[{"href":"https:\/\/radis.ee\/fi\/wp-json\/wp\/v2\/product\/3223","targetHints":{"allow":["GET"]}}],"collection":[{"href":"https:\/\/radis.ee\/fi\/wp-json\/wp\/v2\/product"}],"about":[{"href":"https:\/\/radis.ee\/fi\/wp-json\/wp\/v2\/types\/product"}],"replies":[{"embeddable":true,"href":"https:\/\/radis.ee\/fi\/wp-json\/wp\/v2\/comments?post=3223"}],"wp:featuredmedia":[{"embeddable":true,"href":"https:\/\/radis.ee\/fi\/wp-json\/wp\/v2\/media\/3907"}],"wp:attachment":[{"href":"https:\/\/radis.ee\/fi\/wp-json\/wp\/v2\/media?parent=3223"}],"wp:term":[{"taxonomy":"product_brand","embeddable":true,"href":"https:\/\/radis.ee\/fi\/wp-json\/wp\/v2\/product_brand?post=3223"},{"taxonomy":"product_cat","embeddable":true,"href":"https:\/\/radis.ee\/fi\/wp-json\/wp\/v2\/product_cat?post=3223"},{"taxonomy":"product_tag","embeddable":true,"href":"https:\/\/radis.ee\/fi\/wp-json\/wp\/v2\/product_tag?post=3223"}],"curies":[{"name":"wp","href":"https:\/\/api.w.org\/{rel}","templated":true}]}}