{"id":3389,"date":"2022-09-13T00:28:05","date_gmt":"2022-09-12T21:28:05","guid":{"rendered":"https:\/\/radis.ee\/Ei-luokiteltu\/sanky-huh\/"},"modified":"2024-01-31T22:08:05","modified_gmt":"2024-01-31T20:08:05","slug":"sanky-huh","status":"publish","type":"product","link":"https:\/\/radis.ee\/fi\/sanky-huh\/","title":{"rendered":"S\u00e4nky HUH"},"content":{"rendered":"<p>Kun hankit t\u00e4m\u00e4n kest\u00e4v\u00e4n s\u00e4ngyn, saat siit\u00e4 pitk\u00e4aikaisen yst\u00e4v\u00e4n. Piehtaroi lasten tai puolison kanssa \u2013 kyll\u00e4 HUH kest\u00e4\u00e4! Vuode on helppo koota ja purkaa ja se kiinnittyy vahvaan runkoon.<\/p>\n<p>P\u00e4\u00e4ty on sopivasti kallellaan, jotta s\u00e4ngyss\u00e4 olisi mukava lukea. S\u00e4ngyn runko on 7 cm leve\u00e4mpi kuin patjan leveys, pituus 209 cm, pohjan korkeus 25 cm, niskatukeen korkeus 90 cm. Sopiva patjan korkeus on korkeintaan 25 cm. Jos sinulla on korkeampi, kerro meille.<\/p>\n<p>Saatavana my\u00f6s kahdella y\u00f6p\u00f6yt\u00e4hyllyll\u00e4 s\u00e4ngyn jaloilla. Y\u00f6p\u00f6yt\u00e4 on 36 cm pitk\u00e4, 40 cm korkea maasta, hyllyjen sis\u00e4korkeus 15 cm ja syvyys 23-36 cm.<\/p>\n<p>Valmistettu koivuvanerista tai tammiviilutusta vanerista, \u00f6ljyvahattu, my\u00f6s valkoinen Koskisen HPL vanerilla. Sis\u00e4lt\u00e4\u00e4 vaneripohjat. Leve\u00e4mmiss\u00e4 s\u00e4ngyiss\u00e4 on my\u00f6s tukijalka keskell\u00e4.<\/p>\n<p>HUH-mallisto oli Viron design-palkintoon Bruno 2014 2. palkintokierroksen ehdokas.<\/p>\n","protected":false},"excerpt":{"rendered":"<p>Kun hankit t\u00e4m\u00e4n kest\u00e4v\u00e4n s\u00e4ngyn, saat siit\u00e4 pitk\u00e4aikaisen yst\u00e4v\u00e4n. Piehtaroi lasten tai puolison kanssa \u2013 kyll\u00e4 HUH kest\u00e4\u00e4! Vuode on helppo koota ja purkaa ja se kiinnittyy vahvaan runkoon. P\u00e4\u00e4ty on sopivasti kallellaan, jotta s\u00e4ngyss\u00e4 olisi mukava lukea. S\u00e4ngyn runko on 7 cm leve\u00e4mpi kuin patjan leveys, pituus 209 cm, pohjan korkeus 25 cm, niskatukeen&#8230;<\/p>\n","protected":false},"featured_media":9066,"comment_status":"open","ping_status":"closed","template":"","meta":{"_acf_changed":false},"product_brand":[],"product_cat":[113],"product_tag":[],"class_list":{"0":"post-3389","1":"product","2":"type-product","3":"status-publish","4":"has-post-thumbnail","6":"product_cat-voodid","8":"first","9":"instock","10":"sale","11":"taxable","12":"shipping-taxable","13":"purchasable","14":"product-type-variable","15":"has-default-attributes"},"acf":[],"yoast_head":"<!-- This site is optimized with the Yoast SEO plugin v27.4 - https:\/\/yoast.com\/product\/yoast-seo-wordpress\/ -->\n<title>S\u00e4nky HUH - Radis<\/title>\n<meta name=\"robots\" content=\"index, follow, max-snippet:-1, max-image-preview:large, max-video-preview:-1\" \/>\n<link rel=\"canonical\" href=\"https:\/\/radis.ee\/voodi-huh\/\" \/>\n<meta property=\"og:locale\" content=\"fi_FI\" \/>\n<meta property=\"og:type\" content=\"article\" \/>\n<meta property=\"og:title\" content=\"S\u00e4nky HUH - Radis\" \/>\n<meta property=\"og:description\" content=\"Kun hankit t\u00e4m\u00e4n kest\u00e4v\u00e4n s\u00e4ngyn, saat siit\u00e4 pitk\u00e4aikaisen yst\u00e4v\u00e4n. Piehtaroi lasten tai puolison kanssa \u2013 kyll\u00e4 HUH kest\u00e4\u00e4! Vuode on helppo koota ja purkaa ja se kiinnittyy vahvaan runkoon. P\u00e4\u00e4ty on sopivasti kallellaan, jotta s\u00e4ngyss\u00e4 olisi mukava lukea. S\u00e4ngyn runko on 7 cm leve\u00e4mpi kuin patjan leveys, pituus 209 cm, pohjan korkeus 25 cm, niskatukeen...\" \/>\n<meta property=\"og:url\" content=\"https:\/\/radis.ee\/voodi-huh\/\" \/>\n<meta property=\"og:site_name\" content=\"Radis\" \/>\n<meta property=\"article:publisher\" content=\"https:\/\/www.facebook.com\/radisfurniture\/\" \/>\n<meta property=\"article:modified_time\" content=\"2024-01-31T20:08:05+00:00\" \/>\n<meta property=\"og:image\" content=\"https:\/\/radis.ee\/wp-content\/uploads\/2020\/10\/RADIS_bed_HUH_OAK_VENEERED_avafoto.jpg\" \/>\n\t<meta property=\"og:image:width\" content=\"1376\" \/>\n\t<meta property=\"og:image:height\" content=\"1867\" \/>\n\t<meta property=\"og:image:type\" content=\"image\/jpeg\" \/>\n<meta name=\"twitter:card\" content=\"summary_large_image\" \/>\n<meta name=\"twitter:label1\" content=\"Arvioitu lukuaika\" \/>\n\t<meta name=\"twitter:data1\" content=\"1 minuutti\" \/>\n<script type=\"application\/ld+json\" class=\"yoast-schema-graph\">{\"@context\":\"https:\\\/\\\/schema.org\",\"@graph\":[{\"@type\":\"WebPage\",\"@id\":\"https:\\\/\\\/radis.ee\\\/voodi-huh\\\/\",\"url\":\"https:\\\/\\\/radis.ee\\\/voodi-huh\\\/\",\"name\":\"S\u00e4nky HUH - Radis\",\"isPartOf\":{\"@id\":\"https:\\\/\\\/radis.ee\\\/#website\"},\"primaryImageOfPage\":{\"@id\":\"https:\\\/\\\/radis.ee\\\/voodi-huh\\\/#primaryimage\"},\"image\":{\"@id\":\"https:\\\/\\\/radis.ee\\\/voodi-huh\\\/#primaryimage\"},\"thumbnailUrl\":\"https:\\\/\\\/radis.ee\\\/wp-content\\\/uploads\\\/2020\\\/10\\\/RADIS_bed_HUH_OAK_VENEERED_avafoto.jpg\",\"datePublished\":\"2022-09-12T21:28:05+00:00\",\"dateModified\":\"2024-01-31T20:08:05+00:00\",\"breadcrumb\":{\"@id\":\"https:\\\/\\\/radis.ee\\\/voodi-huh\\\/#breadcrumb\"},\"inLanguage\":\"fi\",\"potentialAction\":[{\"@type\":\"ReadAction\",\"target\":[\"https:\\\/\\\/radis.ee\\\/voodi-huh\\\/\"]}]},{\"@type\":\"ImageObject\",\"inLanguage\":\"fi\",\"@id\":\"https:\\\/\\\/radis.ee\\\/voodi-huh\\\/#primaryimage\",\"url\":\"https:\\\/\\\/radis.ee\\\/wp-content\\\/uploads\\\/2020\\\/10\\\/RADIS_bed_HUH_OAK_VENEERED_avafoto.jpg\",\"contentUrl\":\"https:\\\/\\\/radis.ee\\\/wp-content\\\/uploads\\\/2020\\\/10\\\/RADIS_bed_HUH_OAK_VENEERED_avafoto.jpg\",\"width\":1376,\"height\":1867,\"caption\":\"BED HUH OAK VENEERED\"},{\"@type\":\"BreadcrumbList\",\"@id\":\"https:\\\/\\\/radis.ee\\\/voodi-huh\\\/#breadcrumb\",\"itemListElement\":[{\"@type\":\"ListItem\",\"position\":1,\"name\":\"Home\",\"item\":\"https:\\\/\\\/radis.ee\\\/\"},{\"@type\":\"ListItem\",\"position\":2,\"name\":\"Tuotteet\",\"item\":\"https:\\\/\\\/radis.ee\\\/fi\\\/tuotteet\\\/\"},{\"@type\":\"ListItem\",\"position\":3,\"name\":\"S\u00e4nky HUH\"}]},{\"@type\":\"WebSite\",\"@id\":\"https:\\\/\\\/radis.ee\\\/#website\",\"url\":\"https:\\\/\\\/radis.ee\\\/\",\"name\":\"Radis\",\"description\":\"Nordic design furniture, environmentally friendly and sustainable.\",\"publisher\":{\"@id\":\"https:\\\/\\\/radis.ee\\\/#organization\"},\"potentialAction\":[{\"@type\":\"SearchAction\",\"target\":{\"@type\":\"EntryPoint\",\"urlTemplate\":\"https:\\\/\\\/radis.ee\\\/?s={search_term_string}\"},\"query-input\":{\"@type\":\"PropertyValueSpecification\",\"valueRequired\":true,\"valueName\":\"search_term_string\"}}],\"inLanguage\":\"fi\"},{\"@type\":\"Organization\",\"@id\":\"https:\\\/\\\/radis.ee\\\/#organization\",\"name\":\"Radis O\u00dc\",\"url\":\"https:\\\/\\\/radis.ee\\\/\",\"logo\":{\"@type\":\"ImageObject\",\"inLanguage\":\"fi\",\"@id\":\"https:\\\/\\\/radis.ee\\\/#\\\/schema\\\/logo\\\/image\\\/\",\"url\":\"https:\\\/\\\/radis.ee\\\/wp-content\\\/uploads\\\/2020\\\/10\\\/Radis-logo.png\",\"contentUrl\":\"https:\\\/\\\/radis.ee\\\/wp-content\\\/uploads\\\/2020\\\/10\\\/Radis-logo.png\",\"width\":300,\"height\":63,\"caption\":\"Radis O\u00dc\"},\"image\":{\"@id\":\"https:\\\/\\\/radis.ee\\\/#\\\/schema\\\/logo\\\/image\\\/\"},\"sameAs\":[\"https:\\\/\\\/www.facebook.com\\\/radisfurniture\\\/\"]}]}<\/script>\n<!-- \/ Yoast SEO plugin. -->","yoast_head_json":{"title":"S\u00e4nky HUH - Radis","robots":{"index":"index","follow":"follow","max-snippet":"max-snippet:-1","max-image-preview":"max-image-preview:large","max-video-preview":"max-video-preview:-1"},"canonical":"https:\/\/radis.ee\/voodi-huh\/","og_locale":"fi_FI","og_type":"article","og_title":"S\u00e4nky HUH - Radis","og_description":"Kun hankit t\u00e4m\u00e4n kest\u00e4v\u00e4n s\u00e4ngyn, saat siit\u00e4 pitk\u00e4aikaisen yst\u00e4v\u00e4n. Piehtaroi lasten tai puolison kanssa \u2013 kyll\u00e4 HUH kest\u00e4\u00e4! Vuode on helppo koota ja purkaa ja se kiinnittyy vahvaan runkoon. P\u00e4\u00e4ty on sopivasti kallellaan, jotta s\u00e4ngyss\u00e4 olisi mukava lukea. S\u00e4ngyn runko on 7 cm leve\u00e4mpi kuin patjan leveys, pituus 209 cm, pohjan korkeus 25 cm, niskatukeen...","og_url":"https:\/\/radis.ee\/voodi-huh\/","og_site_name":"Radis","article_publisher":"https:\/\/www.facebook.com\/radisfurniture\/","article_modified_time":"2024-01-31T20:08:05+00:00","og_image":[{"width":1376,"height":1867,"url":"https:\/\/radis.ee\/wp-content\/uploads\/2020\/10\/RADIS_bed_HUH_OAK_VENEERED_avafoto.jpg","type":"image\/jpeg"}],"twitter_card":"summary_large_image","twitter_misc":{"Arvioitu lukuaika":"1 minuutti"},"schema":{"@context":"https:\/\/schema.org","@graph":[{"@type":"WebPage","@id":"https:\/\/radis.ee\/voodi-huh\/","url":"https:\/\/radis.ee\/voodi-huh\/","name":"S\u00e4nky HUH - Radis","isPartOf":{"@id":"https:\/\/radis.ee\/#website"},"primaryImageOfPage":{"@id":"https:\/\/radis.ee\/voodi-huh\/#primaryimage"},"image":{"@id":"https:\/\/radis.ee\/voodi-huh\/#primaryimage"},"thumbnailUrl":"https:\/\/radis.ee\/wp-content\/uploads\/2020\/10\/RADIS_bed_HUH_OAK_VENEERED_avafoto.jpg","datePublished":"2022-09-12T21:28:05+00:00","dateModified":"2024-01-31T20:08:05+00:00","breadcrumb":{"@id":"https:\/\/radis.ee\/voodi-huh\/#breadcrumb"},"inLanguage":"fi","potentialAction":[{"@type":"ReadAction","target":["https:\/\/radis.ee\/voodi-huh\/"]}]},{"@type":"ImageObject","inLanguage":"fi","@id":"https:\/\/radis.ee\/voodi-huh\/#primaryimage","url":"https:\/\/radis.ee\/wp-content\/uploads\/2020\/10\/RADIS_bed_HUH_OAK_VENEERED_avafoto.jpg","contentUrl":"https:\/\/radis.ee\/wp-content\/uploads\/2020\/10\/RADIS_bed_HUH_OAK_VENEERED_avafoto.jpg","width":1376,"height":1867,"caption":"BED HUH OAK VENEERED"},{"@type":"BreadcrumbList","@id":"https:\/\/radis.ee\/voodi-huh\/#breadcrumb","itemListElement":[{"@type":"ListItem","position":1,"name":"Home","item":"https:\/\/radis.ee\/"},{"@type":"ListItem","position":2,"name":"Tuotteet","item":"https:\/\/radis.ee\/fi\/tuotteet\/"},{"@type":"ListItem","position":3,"name":"S\u00e4nky HUH"}]},{"@type":"WebSite","@id":"https:\/\/radis.ee\/#website","url":"https:\/\/radis.ee\/","name":"Radis","description":"Nordic design furniture, environmentally friendly and sustainable.","publisher":{"@id":"https:\/\/radis.ee\/#organization"},"potentialAction":[{"@type":"SearchAction","target":{"@type":"EntryPoint","urlTemplate":"https:\/\/radis.ee\/?s={search_term_string}"},"query-input":{"@type":"PropertyValueSpecification","valueRequired":true,"valueName":"search_term_string"}}],"inLanguage":"fi"},{"@type":"Organization","@id":"https:\/\/radis.ee\/#organization","name":"Radis O\u00dc","url":"https:\/\/radis.ee\/","logo":{"@type":"ImageObject","inLanguage":"fi","@id":"https:\/\/radis.ee\/#\/schema\/logo\/image\/","url":"https:\/\/radis.ee\/wp-content\/uploads\/2020\/10\/Radis-logo.png","contentUrl":"https:\/\/radis.ee\/wp-content\/uploads\/2020\/10\/Radis-logo.png","width":300,"height":63,"caption":"Radis O\u00dc"},"image":{"@id":"https:\/\/radis.ee\/#\/schema\/logo\/image\/"},"sameAs":["https:\/\/www.facebook.com\/radisfurniture\/"]}]}},"_links":{"self":[{"href":"https:\/\/radis.ee\/fi\/wp-json\/wp\/v2\/product\/3389","targetHints":{"allow":["GET"]}}],"collection":[{"href":"https:\/\/radis.ee\/fi\/wp-json\/wp\/v2\/product"}],"about":[{"href":"https:\/\/radis.ee\/fi\/wp-json\/wp\/v2\/types\/product"}],"replies":[{"embeddable":true,"href":"https:\/\/radis.ee\/fi\/wp-json\/wp\/v2\/comments?post=3389"}],"wp:featuredmedia":[{"embeddable":true,"href":"https:\/\/radis.ee\/fi\/wp-json\/wp\/v2\/media\/9066"}],"wp:attachment":[{"href":"https:\/\/radis.ee\/fi\/wp-json\/wp\/v2\/media?parent=3389"}],"wp:term":[{"taxonomy":"product_brand","embeddable":true,"href":"https:\/\/radis.ee\/fi\/wp-json\/wp\/v2\/product_brand?post=3389"},{"taxonomy":"product_cat","embeddable":true,"href":"https:\/\/radis.ee\/fi\/wp-json\/wp\/v2\/product_cat?post=3389"},{"taxonomy":"product_tag","embeddable":true,"href":"https:\/\/radis.ee\/fi\/wp-json\/wp\/v2\/product_tag?post=3389"}],"curies":[{"name":"wp","href":"https:\/\/api.w.org\/{rel}","templated":true}]}}