{"id":3442,"date":"2020-05-01T12:19:16","date_gmt":"2020-10-04T09:19:16","guid":{"rendered":"https:\/\/radis.ee\/Ei-luokiteltu\/kirjoituspoyta-noble\/"},"modified":"2020-11-03T21:43:40","modified_gmt":"2020-11-03T19:43:40","slug":"kirjoituspoyta-noble","status":"publish","type":"product","link":"https:\/\/radis.ee\/fi\/kirjoituspoyta-noble\/","title":{"rendered":"Kirjoitusp\u00f6yt\u00e4 NOBLE"},"content":{"rendered":"<p>T\u00e4m\u00e4 Noble-sarjan kirjoitusp\u00f6yt\u00e4 on \u00e4lyk\u00e4s sivutila, johon voit tallentaa tulostimen, kasvien tai purring-laitteen kissa, joka rakastaa katsomaan, miten ty\u00f6skentelet.<\/p>\n<p>Kaikki muut ominaisuudet ovat yht\u00e4 suuret kuin muissa Noble-sarjan tuotteissa on. Korkealaatuinen tammen vaneri on p\u00e4\u00e4materiaali. Luonollinen Forbo linoleum tai eritt\u00e4in kest\u00e4v\u00e4 HPL vanerilla (valkoinen RAL 9003 tai vaaleanharmaa RAL 7042) peitt\u00e4\u00e4 p\u00f6yd\u00e4n. T\u00e4m\u00e4 p\u00f6yt\u00e4 on paikka jonka takia ammatilliset tavoitteet ja unelmat toteutuvat.<\/p>\n<p>Piilotetut pehme\u00e4t laatikkokiskot. NOBLE-ty\u00f6p\u00f6yd\u00e4n laatikon sis\u00e4mitat ovat 48x64cm, sis\u00e4korkeus 5cm. Metallijauhemaalatut hairpin-jalat, s\u00e4vy antrasiitti.<\/p>\n<p>NOBLE-ty\u00f6p\u00f6yt\u00e4 on jo koottu, sinun on vain kiinnitett\u00e4v\u00e4 jalat.<\/p>\n<p>NOBLE-sarja p\u00e4\u00e4si Viron muotoilupalkinnon Bruno 2020 toiselle kierrokselle.<\/p>\n","protected":false},"excerpt":{"rendered":"<p>T\u00e4m\u00e4 Noble-sarjan kirjoitusp\u00f6yt\u00e4 on \u00e4lyk\u00e4s sivutila, johon voit tallentaa tulostimen, kasvien tai purring-laitteen kissa, joka rakastaa katsomaan, miten ty\u00f6skentelet. Kaikki muut ominaisuudet ovat yht\u00e4 suuret kuin muissa Noble-sarjan tuotteissa on. Korkealaatuinen tammen vaneri on p\u00e4\u00e4materiaali. Luonollinen Forbo linoleum tai eritt\u00e4in kest\u00e4v\u00e4 HPL vanerilla (valkoinen RAL 9003 tai vaaleanharmaa RAL 7042) peitt\u00e4\u00e4 p\u00f6yd\u00e4n. T\u00e4m\u00e4 p\u00f6yt\u00e4 on&#8230;<\/p>\n","protected":false},"featured_media":1644,"comment_status":"open","ping_status":"closed","template":"","meta":{"_acf_changed":false},"product_brand":[],"product_cat":[],"product_tag":[],"class_list":{"0":"post-3442","1":"product","2":"type-product","3":"status-publish","4":"has-post-thumbnail","7":"first","8":"instock","9":"taxable","10":"shipping-taxable","11":"purchasable","12":"product-type-variable"},"acf":[],"yoast_head":"<!-- This site is optimized with the Yoast SEO plugin v27.4 - https:\/\/yoast.com\/product\/yoast-seo-wordpress\/ -->\n<title>Kirjoitusp\u00f6yt\u00e4 NOBLE - Radis<\/title>\n<meta name=\"robots\" content=\"index, follow, max-snippet:-1, max-image-preview:large, max-video-preview:-1\" \/>\n<link rel=\"canonical\" href=\"https:\/\/radis.ee\/fi\/kirjoituspoyta-noble\/\" \/>\n<meta property=\"og:locale\" content=\"fi_FI\" \/>\n<meta property=\"og:type\" content=\"article\" \/>\n<meta property=\"og:title\" content=\"Kirjoitusp\u00f6yt\u00e4 NOBLE - Radis\" \/>\n<meta property=\"og:description\" content=\"T\u00e4m\u00e4 Noble-sarjan kirjoitusp\u00f6yt\u00e4 on \u00e4lyk\u00e4s sivutila, johon voit tallentaa tulostimen, kasvien tai purring-laitteen kissa, joka rakastaa katsomaan, miten ty\u00f6skentelet. Kaikki muut ominaisuudet ovat yht\u00e4 suuret kuin muissa Noble-sarjan tuotteissa on. Korkealaatuinen tammen vaneri on p\u00e4\u00e4materiaali. Luonollinen Forbo linoleum tai eritt\u00e4in kest\u00e4v\u00e4 HPL vanerilla (valkoinen RAL 9003 tai vaaleanharmaa RAL 7042) peitt\u00e4\u00e4 p\u00f6yd\u00e4n. T\u00e4m\u00e4 p\u00f6yt\u00e4 on...\" \/>\n<meta property=\"og:url\" content=\"https:\/\/radis.ee\/fi\/kirjoituspoyta-noble\/\" \/>\n<meta property=\"og:site_name\" content=\"Radis\" \/>\n<meta property=\"article:publisher\" content=\"https:\/\/www.facebook.com\/radisfurniture\/\" \/>\n<meta property=\"article:modified_time\" content=\"2020-11-03T19:43:40+00:00\" \/>\n<meta property=\"og:image\" content=\"https:\/\/radis.ee\/wp-content\/uploads\/2020\/09\/RA0635-Radis-desk-NOBLE-oak-plywood-olive-linoleum-print-scaled.jpg\" \/>\n\t<meta property=\"og:image:width\" content=\"5300\" \/>\n\t<meta property=\"og:image:height\" content=\"5300\" \/>\n\t<meta property=\"og:image:type\" content=\"image\/jpeg\" \/>\n<meta name=\"twitter:card\" content=\"summary_large_image\" \/>\n<meta name=\"twitter:label1\" content=\"Arvioitu lukuaika\" \/>\n\t<meta name=\"twitter:data1\" content=\"1 minuutti\" \/>\n<script type=\"application\/ld+json\" class=\"yoast-schema-graph\">{\"@context\":\"https:\\\/\\\/schema.org\",\"@graph\":[{\"@type\":\"WebPage\",\"@id\":\"https:\\\/\\\/radis.ee\\\/fi\\\/kirjoituspoyta-noble\\\/\",\"url\":\"https:\\\/\\\/radis.ee\\\/fi\\\/kirjoituspoyta-noble\\\/\",\"name\":\"Kirjoitusp\u00f6yt\u00e4 NOBLE - Radis\",\"isPartOf\":{\"@id\":\"https:\\\/\\\/radis.ee\\\/#website\"},\"primaryImageOfPage\":{\"@id\":\"https:\\\/\\\/radis.ee\\\/fi\\\/kirjoituspoyta-noble\\\/#primaryimage\"},\"image\":{\"@id\":\"https:\\\/\\\/radis.ee\\\/fi\\\/kirjoituspoyta-noble\\\/#primaryimage\"},\"thumbnailUrl\":\"https:\\\/\\\/radis.ee\\\/wp-content\\\/uploads\\\/2020\\\/09\\\/RA0635-Radis-desk-NOBLE-oak-plywood-olive-linoleum-print-scaled.jpg\",\"datePublished\":\"2020-10-04T09:19:16+00:00\",\"dateModified\":\"2020-11-03T19:43:40+00:00\",\"breadcrumb\":{\"@id\":\"https:\\\/\\\/radis.ee\\\/fi\\\/kirjoituspoyta-noble\\\/#breadcrumb\"},\"inLanguage\":\"fi\",\"potentialAction\":[{\"@type\":\"ReadAction\",\"target\":[\"https:\\\/\\\/radis.ee\\\/fi\\\/kirjoituspoyta-noble\\\/\"]}]},{\"@type\":\"ImageObject\",\"inLanguage\":\"fi\",\"@id\":\"https:\\\/\\\/radis.ee\\\/fi\\\/kirjoituspoyta-noble\\\/#primaryimage\",\"url\":\"https:\\\/\\\/radis.ee\\\/wp-content\\\/uploads\\\/2020\\\/09\\\/RA0635-Radis-desk-NOBLE-oak-plywood-olive-linoleum-print-scaled.jpg\",\"contentUrl\":\"https:\\\/\\\/radis.ee\\\/wp-content\\\/uploads\\\/2020\\\/09\\\/RA0635-Radis-desk-NOBLE-oak-plywood-olive-linoleum-print-scaled.jpg\",\"width\":5300,\"height\":5300,\"caption\":\"DESK NOBLE\"},{\"@type\":\"BreadcrumbList\",\"@id\":\"https:\\\/\\\/radis.ee\\\/fi\\\/kirjoituspoyta-noble\\\/#breadcrumb\",\"itemListElement\":[{\"@type\":\"ListItem\",\"position\":1,\"name\":\"Home\",\"item\":\"https:\\\/\\\/radis.ee\\\/\"},{\"@type\":\"ListItem\",\"position\":2,\"name\":\"Tuotteet\",\"item\":\"https:\\\/\\\/radis.ee\\\/fi\\\/tuotteet\\\/\"},{\"@type\":\"ListItem\",\"position\":3,\"name\":\"Kirjoitusp\u00f6yt\u00e4 NOBLE\"}]},{\"@type\":\"WebSite\",\"@id\":\"https:\\\/\\\/radis.ee\\\/#website\",\"url\":\"https:\\\/\\\/radis.ee\\\/\",\"name\":\"Radis\",\"description\":\"Nordic design furniture, environmentally friendly and sustainable.\",\"publisher\":{\"@id\":\"https:\\\/\\\/radis.ee\\\/#organization\"},\"potentialAction\":[{\"@type\":\"SearchAction\",\"target\":{\"@type\":\"EntryPoint\",\"urlTemplate\":\"https:\\\/\\\/radis.ee\\\/?s={search_term_string}\"},\"query-input\":{\"@type\":\"PropertyValueSpecification\",\"valueRequired\":true,\"valueName\":\"search_term_string\"}}],\"inLanguage\":\"fi\"},{\"@type\":\"Organization\",\"@id\":\"https:\\\/\\\/radis.ee\\\/#organization\",\"name\":\"Radis O\u00dc\",\"url\":\"https:\\\/\\\/radis.ee\\\/\",\"logo\":{\"@type\":\"ImageObject\",\"inLanguage\":\"fi\",\"@id\":\"https:\\\/\\\/radis.ee\\\/#\\\/schema\\\/logo\\\/image\\\/\",\"url\":\"https:\\\/\\\/radis.ee\\\/wp-content\\\/uploads\\\/2020\\\/10\\\/Radis-logo.png\",\"contentUrl\":\"https:\\\/\\\/radis.ee\\\/wp-content\\\/uploads\\\/2020\\\/10\\\/Radis-logo.png\",\"width\":300,\"height\":63,\"caption\":\"Radis O\u00dc\"},\"image\":{\"@id\":\"https:\\\/\\\/radis.ee\\\/#\\\/schema\\\/logo\\\/image\\\/\"},\"sameAs\":[\"https:\\\/\\\/www.facebook.com\\\/radisfurniture\\\/\"]}]}<\/script>\n<!-- \/ Yoast SEO plugin. -->","yoast_head_json":{"title":"Kirjoitusp\u00f6yt\u00e4 NOBLE - Radis","robots":{"index":"index","follow":"follow","max-snippet":"max-snippet:-1","max-image-preview":"max-image-preview:large","max-video-preview":"max-video-preview:-1"},"canonical":"https:\/\/radis.ee\/fi\/kirjoituspoyta-noble\/","og_locale":"fi_FI","og_type":"article","og_title":"Kirjoitusp\u00f6yt\u00e4 NOBLE - Radis","og_description":"T\u00e4m\u00e4 Noble-sarjan kirjoitusp\u00f6yt\u00e4 on \u00e4lyk\u00e4s sivutila, johon voit tallentaa tulostimen, kasvien tai purring-laitteen kissa, joka rakastaa katsomaan, miten ty\u00f6skentelet. Kaikki muut ominaisuudet ovat yht\u00e4 suuret kuin muissa Noble-sarjan tuotteissa on. Korkealaatuinen tammen vaneri on p\u00e4\u00e4materiaali. Luonollinen Forbo linoleum tai eritt\u00e4in kest\u00e4v\u00e4 HPL vanerilla (valkoinen RAL 9003 tai vaaleanharmaa RAL 7042) peitt\u00e4\u00e4 p\u00f6yd\u00e4n. T\u00e4m\u00e4 p\u00f6yt\u00e4 on...","og_url":"https:\/\/radis.ee\/fi\/kirjoituspoyta-noble\/","og_site_name":"Radis","article_publisher":"https:\/\/www.facebook.com\/radisfurniture\/","article_modified_time":"2020-11-03T19:43:40+00:00","og_image":[{"width":5300,"height":5300,"url":"https:\/\/radis.ee\/wp-content\/uploads\/2020\/09\/RA0635-Radis-desk-NOBLE-oak-plywood-olive-linoleum-print-scaled.jpg","type":"image\/jpeg"}],"twitter_card":"summary_large_image","twitter_misc":{"Arvioitu lukuaika":"1 minuutti"},"schema":{"@context":"https:\/\/schema.org","@graph":[{"@type":"WebPage","@id":"https:\/\/radis.ee\/fi\/kirjoituspoyta-noble\/","url":"https:\/\/radis.ee\/fi\/kirjoituspoyta-noble\/","name":"Kirjoitusp\u00f6yt\u00e4 NOBLE - Radis","isPartOf":{"@id":"https:\/\/radis.ee\/#website"},"primaryImageOfPage":{"@id":"https:\/\/radis.ee\/fi\/kirjoituspoyta-noble\/#primaryimage"},"image":{"@id":"https:\/\/radis.ee\/fi\/kirjoituspoyta-noble\/#primaryimage"},"thumbnailUrl":"https:\/\/radis.ee\/wp-content\/uploads\/2020\/09\/RA0635-Radis-desk-NOBLE-oak-plywood-olive-linoleum-print-scaled.jpg","datePublished":"2020-10-04T09:19:16+00:00","dateModified":"2020-11-03T19:43:40+00:00","breadcrumb":{"@id":"https:\/\/radis.ee\/fi\/kirjoituspoyta-noble\/#breadcrumb"},"inLanguage":"fi","potentialAction":[{"@type":"ReadAction","target":["https:\/\/radis.ee\/fi\/kirjoituspoyta-noble\/"]}]},{"@type":"ImageObject","inLanguage":"fi","@id":"https:\/\/radis.ee\/fi\/kirjoituspoyta-noble\/#primaryimage","url":"https:\/\/radis.ee\/wp-content\/uploads\/2020\/09\/RA0635-Radis-desk-NOBLE-oak-plywood-olive-linoleum-print-scaled.jpg","contentUrl":"https:\/\/radis.ee\/wp-content\/uploads\/2020\/09\/RA0635-Radis-desk-NOBLE-oak-plywood-olive-linoleum-print-scaled.jpg","width":5300,"height":5300,"caption":"DESK NOBLE"},{"@type":"BreadcrumbList","@id":"https:\/\/radis.ee\/fi\/kirjoituspoyta-noble\/#breadcrumb","itemListElement":[{"@type":"ListItem","position":1,"name":"Home","item":"https:\/\/radis.ee\/"},{"@type":"ListItem","position":2,"name":"Tuotteet","item":"https:\/\/radis.ee\/fi\/tuotteet\/"},{"@type":"ListItem","position":3,"name":"Kirjoitusp\u00f6yt\u00e4 NOBLE"}]},{"@type":"WebSite","@id":"https:\/\/radis.ee\/#website","url":"https:\/\/radis.ee\/","name":"Radis","description":"Nordic design furniture, environmentally friendly and sustainable.","publisher":{"@id":"https:\/\/radis.ee\/#organization"},"potentialAction":[{"@type":"SearchAction","target":{"@type":"EntryPoint","urlTemplate":"https:\/\/radis.ee\/?s={search_term_string}"},"query-input":{"@type":"PropertyValueSpecification","valueRequired":true,"valueName":"search_term_string"}}],"inLanguage":"fi"},{"@type":"Organization","@id":"https:\/\/radis.ee\/#organization","name":"Radis O\u00dc","url":"https:\/\/radis.ee\/","logo":{"@type":"ImageObject","inLanguage":"fi","@id":"https:\/\/radis.ee\/#\/schema\/logo\/image\/","url":"https:\/\/radis.ee\/wp-content\/uploads\/2020\/10\/Radis-logo.png","contentUrl":"https:\/\/radis.ee\/wp-content\/uploads\/2020\/10\/Radis-logo.png","width":300,"height":63,"caption":"Radis O\u00dc"},"image":{"@id":"https:\/\/radis.ee\/#\/schema\/logo\/image\/"},"sameAs":["https:\/\/www.facebook.com\/radisfurniture\/"]}]}},"_links":{"self":[{"href":"https:\/\/radis.ee\/fi\/wp-json\/wp\/v2\/product\/3442","targetHints":{"allow":["GET"]}}],"collection":[{"href":"https:\/\/radis.ee\/fi\/wp-json\/wp\/v2\/product"}],"about":[{"href":"https:\/\/radis.ee\/fi\/wp-json\/wp\/v2\/types\/product"}],"replies":[{"embeddable":true,"href":"https:\/\/radis.ee\/fi\/wp-json\/wp\/v2\/comments?post=3442"}],"wp:featuredmedia":[{"embeddable":true,"href":"https:\/\/radis.ee\/fi\/wp-json\/wp\/v2\/media\/1644"}],"wp:attachment":[{"href":"https:\/\/radis.ee\/fi\/wp-json\/wp\/v2\/media?parent=3442"}],"wp:term":[{"taxonomy":"product_brand","embeddable":true,"href":"https:\/\/radis.ee\/fi\/wp-json\/wp\/v2\/product_brand?post=3442"},{"taxonomy":"product_cat","embeddable":true,"href":"https:\/\/radis.ee\/fi\/wp-json\/wp\/v2\/product_cat?post=3442"},{"taxonomy":"product_tag","embeddable":true,"href":"https:\/\/radis.ee\/fi\/wp-json\/wp\/v2\/product_tag?post=3442"}],"curies":[{"name":"wp","href":"https:\/\/api.w.org\/{rel}","templated":true}]}}