{"id":3513,"date":"2022-01-28T23:41:47","date_gmt":"2022-01-28T21:41:47","guid":{"rendered":"https:\/\/radis.ee\/Ei-luokiteltu\/tv-taso-boxy-4-ovea\/"},"modified":"2026-04-06T12:08:53","modified_gmt":"2026-04-06T09:08:53","slug":"tv-taso-pystysuorilla-aalloilla-riff","status":"publish","type":"product","link":"https:\/\/radis.ee\/fi\/tv-taso-pystysuorilla-aalloilla-riff\/","title":{"rendered":"TV-taso pystysuorilla aalloilla RIFF"},"content":{"rendered":"<p><strong>Muotoilu, joka hyv\u00e4ilee silm\u00e4\u00e4 (ja sormia)<\/strong> &#8211; RIFFille on ominaista rytminen aaltoileva etuosa. Pystysuorat jyrsityt linjat luovat valon ja varjon leikin, joka muuttaa kaapin ulkon\u00e4k\u00f6\u00e4 p\u00e4iv\u00e4n kulun mukaan. \u00d6ljyvahauksen ansiosta puu on silkinpehme\u00e4\u00e4 koskettaa, s\u00e4ilytt\u00e4en tammelle ominaisen l\u00e4mm\u00f6n ja aitouden.<\/p>\n<p><strong>Materiaali ja kest\u00e4vyys<\/strong> &#8211; emme tingi laadusta. RIFF on valmistettu koivuvanerista, joka on p\u00e4\u00e4llystetty huippuluokan tammiviilulla, ovien tammilaudoissa on urat. T\u00e4m\u00e4 yhdistelm\u00e4 varmistaa rakenteen vakauden ja pitk\u00e4ik\u00e4isyyden.<\/p>\n<p><strong>Valitse tyylisi<\/strong> &#8211; kotisi koosta ja tarpeista riippuen RIFF on saatavana kahdessa versiossa ja v\u00e4rimaailmassa:<\/p>\n<p>4-ovinen kompakti malli: Ihanteellinen keskikokoiseen asuntoon.<\/p>\n<p>6-ovinen massiivimalli: Todellinen &#8221;statement&#8221;-elementti suureen olohuoneeseen.<\/p>\n<p><strong>Viimeistely<\/strong>: Valitse luonnonvaalea tammi l\u00e4mpim\u00e4n ja viihtyis\u00e4n tunnelman luomiseksi tai musta petsattu, jos haluat lis\u00e4t\u00e4 sisustukseesi annoksen modernia draamaa.<\/p>\n<p><strong>Miksi valita RIFF TV-taso?<\/strong><\/p>\n<p><strong>Virtaviivainen rytmi<\/strong>: Pystysuora lineaarinen uritettu kuvio piilottaa taitavasti ovien v\u00e4liset raot.<\/p>\n<p><strong>Painamalla avattava j\u00e4rjestelm\u00e4<\/strong>: Puhdas muotoilu ilman kahvoja &#8211; ovet avautuvat kevyell\u00e4 painalluksella.<\/p>\n<p><strong>Vastuullinen suunnittelu<\/strong>: Valmistettu ymp\u00e4rist\u00f6yst\u00e4v\u00e4llisist\u00e4 materiaaleista Virossa.<\/p>\n<p><strong>Helppohoitoinen<\/strong>: Korkealaatuinen \u00f6ljyvaha suojaa pintaa ja tekee puhdistuksesta helppoa.<\/p>\n<p>Valmistettu tammiviilutetusta koivuvanerista, ovien urat tammilistoissa, \u00f6ljyvahattu, saatavana my\u00f6s mustana petsattuna. Painamalla avattavat ovet, pehme\u00e4sti sulkeutuvat saranat. Valinnaiset hyllyt ovien takana. TV-tason alla on 8 cm korkea sokkeli, joka sopii erilaisiin jalkalistoihin.<\/p>\n","protected":false},"excerpt":{"rendered":"<p>Muotoilu, joka hyv\u00e4ilee silm\u00e4\u00e4 (ja sormia) &#8211; RIFFille on ominaista rytminen aaltoileva etuosa. Pystysuorat jyrsityt linjat luovat valon ja varjon leikin, joka muuttaa kaapin ulkon\u00e4k\u00f6\u00e4 p\u00e4iv\u00e4n kulun mukaan. \u00d6ljyvahauksen ansiosta puu on silkinpehme\u00e4\u00e4 koskettaa, s\u00e4ilytt\u00e4en tammelle ominaisen l\u00e4mm\u00f6n ja aitouden. Materiaali ja kest\u00e4vyys &#8211; emme tingi laadusta. RIFF on valmistettu koivuvanerista, joka on p\u00e4\u00e4llystetty huippuluokan&#8230;<\/p>\n","protected":false},"featured_media":31706,"comment_status":"open","ping_status":"closed","template":"","meta":{"_acf_changed":false},"product_brand":[],"product_cat":[300],"product_tag":[],"class_list":{"0":"post-3513","1":"product","2":"type-product","3":"status-publish","4":"has-post-thumbnail","6":"product_cat-tv-tasot","8":"first","9":"instock","10":"taxable","11":"shipping-taxable","12":"purchasable","13":"product-type-variable","14":"has-default-attributes"},"acf":[],"yoast_head":"<!-- This site is optimized with the Yoast SEO plugin v27.4 - https:\/\/yoast.com\/product\/yoast-seo-wordpress\/ -->\n<title>TV-taso pystysuorilla aalloilla RIFF - Radis<\/title>\n<meta name=\"robots\" content=\"index, follow, max-snippet:-1, max-image-preview:large, max-video-preview:-1\" \/>\n<link rel=\"canonical\" href=\"https:\/\/radis.ee\/fi\/tv-taso-pystysuorilla-aalloilla-riff\/\" \/>\n<meta property=\"og:locale\" content=\"fi_FI\" \/>\n<meta property=\"og:type\" content=\"article\" \/>\n<meta property=\"og:title\" content=\"TV-taso pystysuorilla aalloilla RIFF - Radis\" \/>\n<meta property=\"og:description\" content=\"Muotoilu, joka hyv\u00e4ilee silm\u00e4\u00e4 (ja sormia) &#8211; RIFFille on ominaista rytminen aaltoileva etuosa. Pystysuorat jyrsityt linjat luovat valon ja varjon leikin, joka muuttaa kaapin ulkon\u00e4k\u00f6\u00e4 p\u00e4iv\u00e4n kulun mukaan. \u00d6ljyvahauksen ansiosta puu on silkinpehme\u00e4\u00e4 koskettaa, s\u00e4ilytt\u00e4en tammelle ominaisen l\u00e4mm\u00f6n ja aitouden. Materiaali ja kest\u00e4vyys &#8211; emme tingi laadusta. RIFF on valmistettu koivuvanerista, joka on p\u00e4\u00e4llystetty huippuluokan...\" \/>\n<meta property=\"og:url\" content=\"https:\/\/radis.ee\/fi\/tv-taso-pystysuorilla-aalloilla-riff\/\" \/>\n<meta property=\"og:site_name\" content=\"Radis\" \/>\n<meta property=\"article:publisher\" content=\"https:\/\/www.facebook.com\/radisfurniture\/\" \/>\n<meta property=\"article:modified_time\" content=\"2026-04-06T09:08:53+00:00\" \/>\n<meta property=\"og:image\" content=\"https:\/\/radis.ee\/wp-content\/uploads\/2022\/01\/Radis_Furniture_TV_stand_RIFF_6_doors_218cm_Oak_veneered_plywood_oilwaxed_vertical_wavy_lines_white_background_4.webp\" \/>\n\t<meta property=\"og:image:width\" content=\"763\" \/>\n\t<meta property=\"og:image:height\" content=\"882\" \/>\n\t<meta property=\"og:image:type\" content=\"image\/webp\" \/>\n<meta name=\"twitter:card\" content=\"summary_large_image\" \/>\n<meta name=\"twitter:label1\" content=\"Arvioitu lukuaika\" \/>\n\t<meta name=\"twitter:data1\" content=\"2 minuuttia\" \/>\n<script type=\"application\/ld+json\" class=\"yoast-schema-graph\">{\"@context\":\"https:\\\/\\\/schema.org\",\"@graph\":[{\"@type\":\"WebPage\",\"@id\":\"https:\\\/\\\/radis.ee\\\/fi\\\/tv-taso-pystysuorilla-aalloilla-riff\\\/\",\"url\":\"https:\\\/\\\/radis.ee\\\/fi\\\/tv-taso-pystysuorilla-aalloilla-riff\\\/\",\"name\":\"TV-taso pystysuorilla aalloilla RIFF - Radis\",\"isPartOf\":{\"@id\":\"https:\\\/\\\/radis.ee\\\/#website\"},\"primaryImageOfPage\":{\"@id\":\"https:\\\/\\\/radis.ee\\\/fi\\\/tv-taso-pystysuorilla-aalloilla-riff\\\/#primaryimage\"},\"image\":{\"@id\":\"https:\\\/\\\/radis.ee\\\/fi\\\/tv-taso-pystysuorilla-aalloilla-riff\\\/#primaryimage\"},\"thumbnailUrl\":\"https:\\\/\\\/radis.ee\\\/wp-content\\\/uploads\\\/2022\\\/01\\\/Radis_Furniture_TV_stand_RIFF_6_doors_218cm_Oak_veneered_plywood_oilwaxed_vertical_wavy_lines_white_background_4.webp\",\"datePublished\":\"2022-01-28T21:41:47+00:00\",\"dateModified\":\"2026-04-06T09:08:53+00:00\",\"breadcrumb\":{\"@id\":\"https:\\\/\\\/radis.ee\\\/fi\\\/tv-taso-pystysuorilla-aalloilla-riff\\\/#breadcrumb\"},\"inLanguage\":\"fi\",\"potentialAction\":[{\"@type\":\"ReadAction\",\"target\":[\"https:\\\/\\\/radis.ee\\\/fi\\\/tv-taso-pystysuorilla-aalloilla-riff\\\/\"]}]},{\"@type\":\"ImageObject\",\"inLanguage\":\"fi\",\"@id\":\"https:\\\/\\\/radis.ee\\\/fi\\\/tv-taso-pystysuorilla-aalloilla-riff\\\/#primaryimage\",\"url\":\"https:\\\/\\\/radis.ee\\\/wp-content\\\/uploads\\\/2022\\\/01\\\/Radis_Furniture_TV_stand_RIFF_6_doors_218cm_Oak_veneered_plywood_oilwaxed_vertical_wavy_lines_white_background_4.webp\",\"contentUrl\":\"https:\\\/\\\/radis.ee\\\/wp-content\\\/uploads\\\/2022\\\/01\\\/Radis_Furniture_TV_stand_RIFF_6_doors_218cm_Oak_veneered_plywood_oilwaxed_vertical_wavy_lines_white_background_4.webp\",\"width\":763,\"height\":882,\"caption\":\"Radis Furniture TV-stand RIFF Oak veneered plywood vertical wavy lines\"},{\"@type\":\"BreadcrumbList\",\"@id\":\"https:\\\/\\\/radis.ee\\\/fi\\\/tv-taso-pystysuorilla-aalloilla-riff\\\/#breadcrumb\",\"itemListElement\":[{\"@type\":\"ListItem\",\"position\":1,\"name\":\"Home\",\"item\":\"https:\\\/\\\/radis.ee\\\/\"},{\"@type\":\"ListItem\",\"position\":2,\"name\":\"Tuotteet\",\"item\":\"https:\\\/\\\/radis.ee\\\/fi\\\/tuotteet\\\/\"},{\"@type\":\"ListItem\",\"position\":3,\"name\":\"TV-taso pystysuorilla aalloilla RIFF\"}]},{\"@type\":\"WebSite\",\"@id\":\"https:\\\/\\\/radis.ee\\\/#website\",\"url\":\"https:\\\/\\\/radis.ee\\\/\",\"name\":\"Radis\",\"description\":\"Nordic design furniture, environmentally friendly and sustainable.\",\"publisher\":{\"@id\":\"https:\\\/\\\/radis.ee\\\/#organization\"},\"potentialAction\":[{\"@type\":\"SearchAction\",\"target\":{\"@type\":\"EntryPoint\",\"urlTemplate\":\"https:\\\/\\\/radis.ee\\\/?s={search_term_string}\"},\"query-input\":{\"@type\":\"PropertyValueSpecification\",\"valueRequired\":true,\"valueName\":\"search_term_string\"}}],\"inLanguage\":\"fi\"},{\"@type\":\"Organization\",\"@id\":\"https:\\\/\\\/radis.ee\\\/#organization\",\"name\":\"Radis O\u00dc\",\"url\":\"https:\\\/\\\/radis.ee\\\/\",\"logo\":{\"@type\":\"ImageObject\",\"inLanguage\":\"fi\",\"@id\":\"https:\\\/\\\/radis.ee\\\/#\\\/schema\\\/logo\\\/image\\\/\",\"url\":\"https:\\\/\\\/radis.ee\\\/wp-content\\\/uploads\\\/2020\\\/10\\\/Radis-logo.png\",\"contentUrl\":\"https:\\\/\\\/radis.ee\\\/wp-content\\\/uploads\\\/2020\\\/10\\\/Radis-logo.png\",\"width\":300,\"height\":63,\"caption\":\"Radis O\u00dc\"},\"image\":{\"@id\":\"https:\\\/\\\/radis.ee\\\/#\\\/schema\\\/logo\\\/image\\\/\"},\"sameAs\":[\"https:\\\/\\\/www.facebook.com\\\/radisfurniture\\\/\"]}]}<\/script>\n<!-- \/ Yoast SEO plugin. -->","yoast_head_json":{"title":"TV-taso pystysuorilla aalloilla RIFF - Radis","robots":{"index":"index","follow":"follow","max-snippet":"max-snippet:-1","max-image-preview":"max-image-preview:large","max-video-preview":"max-video-preview:-1"},"canonical":"https:\/\/radis.ee\/fi\/tv-taso-pystysuorilla-aalloilla-riff\/","og_locale":"fi_FI","og_type":"article","og_title":"TV-taso pystysuorilla aalloilla RIFF - Radis","og_description":"Muotoilu, joka hyv\u00e4ilee silm\u00e4\u00e4 (ja sormia) &#8211; RIFFille on ominaista rytminen aaltoileva etuosa. Pystysuorat jyrsityt linjat luovat valon ja varjon leikin, joka muuttaa kaapin ulkon\u00e4k\u00f6\u00e4 p\u00e4iv\u00e4n kulun mukaan. \u00d6ljyvahauksen ansiosta puu on silkinpehme\u00e4\u00e4 koskettaa, s\u00e4ilytt\u00e4en tammelle ominaisen l\u00e4mm\u00f6n ja aitouden. Materiaali ja kest\u00e4vyys &#8211; emme tingi laadusta. RIFF on valmistettu koivuvanerista, joka on p\u00e4\u00e4llystetty huippuluokan...","og_url":"https:\/\/radis.ee\/fi\/tv-taso-pystysuorilla-aalloilla-riff\/","og_site_name":"Radis","article_publisher":"https:\/\/www.facebook.com\/radisfurniture\/","article_modified_time":"2026-04-06T09:08:53+00:00","og_image":[{"width":763,"height":882,"url":"https:\/\/radis.ee\/wp-content\/uploads\/2022\/01\/Radis_Furniture_TV_stand_RIFF_6_doors_218cm_Oak_veneered_plywood_oilwaxed_vertical_wavy_lines_white_background_4.webp","type":"image\/webp"}],"twitter_card":"summary_large_image","twitter_misc":{"Arvioitu lukuaika":"2 minuuttia"},"schema":{"@context":"https:\/\/schema.org","@graph":[{"@type":"WebPage","@id":"https:\/\/radis.ee\/fi\/tv-taso-pystysuorilla-aalloilla-riff\/","url":"https:\/\/radis.ee\/fi\/tv-taso-pystysuorilla-aalloilla-riff\/","name":"TV-taso pystysuorilla aalloilla RIFF - Radis","isPartOf":{"@id":"https:\/\/radis.ee\/#website"},"primaryImageOfPage":{"@id":"https:\/\/radis.ee\/fi\/tv-taso-pystysuorilla-aalloilla-riff\/#primaryimage"},"image":{"@id":"https:\/\/radis.ee\/fi\/tv-taso-pystysuorilla-aalloilla-riff\/#primaryimage"},"thumbnailUrl":"https:\/\/radis.ee\/wp-content\/uploads\/2022\/01\/Radis_Furniture_TV_stand_RIFF_6_doors_218cm_Oak_veneered_plywood_oilwaxed_vertical_wavy_lines_white_background_4.webp","datePublished":"2022-01-28T21:41:47+00:00","dateModified":"2026-04-06T09:08:53+00:00","breadcrumb":{"@id":"https:\/\/radis.ee\/fi\/tv-taso-pystysuorilla-aalloilla-riff\/#breadcrumb"},"inLanguage":"fi","potentialAction":[{"@type":"ReadAction","target":["https:\/\/radis.ee\/fi\/tv-taso-pystysuorilla-aalloilla-riff\/"]}]},{"@type":"ImageObject","inLanguage":"fi","@id":"https:\/\/radis.ee\/fi\/tv-taso-pystysuorilla-aalloilla-riff\/#primaryimage","url":"https:\/\/radis.ee\/wp-content\/uploads\/2022\/01\/Radis_Furniture_TV_stand_RIFF_6_doors_218cm_Oak_veneered_plywood_oilwaxed_vertical_wavy_lines_white_background_4.webp","contentUrl":"https:\/\/radis.ee\/wp-content\/uploads\/2022\/01\/Radis_Furniture_TV_stand_RIFF_6_doors_218cm_Oak_veneered_plywood_oilwaxed_vertical_wavy_lines_white_background_4.webp","width":763,"height":882,"caption":"Radis Furniture TV-stand RIFF Oak veneered plywood vertical wavy lines"},{"@type":"BreadcrumbList","@id":"https:\/\/radis.ee\/fi\/tv-taso-pystysuorilla-aalloilla-riff\/#breadcrumb","itemListElement":[{"@type":"ListItem","position":1,"name":"Home","item":"https:\/\/radis.ee\/"},{"@type":"ListItem","position":2,"name":"Tuotteet","item":"https:\/\/radis.ee\/fi\/tuotteet\/"},{"@type":"ListItem","position":3,"name":"TV-taso pystysuorilla aalloilla RIFF"}]},{"@type":"WebSite","@id":"https:\/\/radis.ee\/#website","url":"https:\/\/radis.ee\/","name":"Radis","description":"Nordic design furniture, environmentally friendly and sustainable.","publisher":{"@id":"https:\/\/radis.ee\/#organization"},"potentialAction":[{"@type":"SearchAction","target":{"@type":"EntryPoint","urlTemplate":"https:\/\/radis.ee\/?s={search_term_string}"},"query-input":{"@type":"PropertyValueSpecification","valueRequired":true,"valueName":"search_term_string"}}],"inLanguage":"fi"},{"@type":"Organization","@id":"https:\/\/radis.ee\/#organization","name":"Radis O\u00dc","url":"https:\/\/radis.ee\/","logo":{"@type":"ImageObject","inLanguage":"fi","@id":"https:\/\/radis.ee\/#\/schema\/logo\/image\/","url":"https:\/\/radis.ee\/wp-content\/uploads\/2020\/10\/Radis-logo.png","contentUrl":"https:\/\/radis.ee\/wp-content\/uploads\/2020\/10\/Radis-logo.png","width":300,"height":63,"caption":"Radis O\u00dc"},"image":{"@id":"https:\/\/radis.ee\/#\/schema\/logo\/image\/"},"sameAs":["https:\/\/www.facebook.com\/radisfurniture\/"]}]}},"_links":{"self":[{"href":"https:\/\/radis.ee\/fi\/wp-json\/wp\/v2\/product\/3513","targetHints":{"allow":["GET"]}}],"collection":[{"href":"https:\/\/radis.ee\/fi\/wp-json\/wp\/v2\/product"}],"about":[{"href":"https:\/\/radis.ee\/fi\/wp-json\/wp\/v2\/types\/product"}],"replies":[{"embeddable":true,"href":"https:\/\/radis.ee\/fi\/wp-json\/wp\/v2\/comments?post=3513"}],"wp:featuredmedia":[{"embeddable":true,"href":"https:\/\/radis.ee\/fi\/wp-json\/wp\/v2\/media\/31706"}],"wp:attachment":[{"href":"https:\/\/radis.ee\/fi\/wp-json\/wp\/v2\/media?parent=3513"}],"wp:term":[{"taxonomy":"product_brand","embeddable":true,"href":"https:\/\/radis.ee\/fi\/wp-json\/wp\/v2\/product_brand?post=3513"},{"taxonomy":"product_cat","embeddable":true,"href":"https:\/\/radis.ee\/fi\/wp-json\/wp\/v2\/product_cat?post=3513"},{"taxonomy":"product_tag","embeddable":true,"href":"https:\/\/radis.ee\/fi\/wp-json\/wp\/v2\/product_tag?post=3513"}],"curies":[{"name":"wp","href":"https:\/\/api.w.org\/{rel}","templated":true}]}}