{"id":3589,"date":"2020-04-05T20:12:41","date_gmt":"2020-10-18T19:50:46","guid":{"rendered":"https:\/\/radis.ee\/?post_type=product&#038;p=3589"},"modified":"2020-10-18T22:50:46","modified_gmt":"2020-10-18T19:50:46","slug":"lasten-kirjoituspoyta-ja-hylly","status":"publish","type":"product","link":"https:\/\/radis.ee\/fi\/lasten-kirjoituspoyta-ja-hylly\/","title":{"rendered":"Lasten kirjoitusp\u00f6yt\u00e4 ja hylly"},"content":{"rendered":"<p>Leikkis\u00e4 ty\u00f6p\u00f6yt\u00e4, jossa on nelj\u00e4 laatikkoa ja hylly. P\u00f6yd\u00e4n toisella puolella on suuri hylly kirjoille ja muille n\u00e4ht\u00e4vyyksille. Hyv\u00e4lle koululaiselle ja mukavalle toimistolle.<\/p>\n<p>Valmistettu koivuvanerista, \u00f6ljyvahattu &#8211; Valkoinen Osmo, laatikot-hyllyt Pebble Grey ja keltainen \u00f6ljyvaha. Laatikon kiskot sulkeutuvat hiljaa. P\u00f6yd\u00e4n leveys 148 cm, syvyys 60 cm, korkeus 75 cm. Hyllyn korkeus 160 cm, leveys 24 cm. Haluttaessa se voidaan asentaa my\u00f6s peiliasentoon.<\/p>\n<p>Laatikko-boxi on jo koottu, sinun tarvitsee vain asettaa hylly ja p\u00f6yt\u00e4.<\/p>\n","protected":false},"excerpt":{"rendered":"<p>Leikkis\u00e4 ty\u00f6p\u00f6yt\u00e4, jossa on nelj\u00e4 laatikkoa ja hylly. P\u00f6yd\u00e4n toisella puolella on suuri hylly kirjoille ja muille n\u00e4ht\u00e4vyyksille. Hyv\u00e4lle koululaiselle ja mukavalle toimistolle. Valmistettu koivuvanerista, \u00f6ljyvahattu &#8211; Valkoinen Osmo, laatikot-hyllyt Pebble Grey ja keltainen \u00f6ljyvaha. Laatikon kiskot sulkeutuvat hiljaa. P\u00f6yd\u00e4n leveys 148 cm, syvyys 60 cm, korkeus 75 cm. Hyllyn korkeus 160 cm, leveys 24&#8230;<\/p>\n","protected":false},"featured_media":3756,"comment_status":"open","ping_status":"closed","template":"","meta":{"_acf_changed":false},"product_brand":[],"product_cat":[111],"product_tag":[],"class_list":{"0":"post-3589","1":"product","2":"type-product","3":"status-publish","4":"has-post-thumbnail","6":"product_cat-lauad","8":"first","9":"instock","10":"taxable","11":"shipping-taxable","12":"purchasable","13":"product-type-simple"},"acf":[],"yoast_head":"<!-- This site is optimized with the Yoast SEO plugin v27.3 - https:\/\/yoast.com\/product\/yoast-seo-wordpress\/ -->\n<title>Lasten kirjoitusp\u00f6yt\u00e4 ja hylly - Radis<\/title>\n<meta name=\"robots\" content=\"index, follow, max-snippet:-1, max-image-preview:large, max-video-preview:-1\" \/>\n<link rel=\"canonical\" href=\"https:\/\/radis.ee\/laste-kirjutuslaud-riiuliga\/\" \/>\n<meta property=\"og:locale\" content=\"fi_FI\" \/>\n<meta property=\"og:type\" content=\"article\" \/>\n<meta property=\"og:title\" content=\"Lasten kirjoitusp\u00f6yt\u00e4 ja hylly - Radis\" \/>\n<meta property=\"og:description\" content=\"Leikkis\u00e4 ty\u00f6p\u00f6yt\u00e4, jossa on nelj\u00e4 laatikkoa ja hylly. P\u00f6yd\u00e4n toisella puolella on suuri hylly kirjoille ja muille n\u00e4ht\u00e4vyyksille. Hyv\u00e4lle koululaiselle ja mukavalle toimistolle. Valmistettu koivuvanerista, \u00f6ljyvahattu &#8211; Valkoinen Osmo, laatikot-hyllyt Pebble Grey ja keltainen \u00f6ljyvaha. Laatikon kiskot sulkeutuvat hiljaa. P\u00f6yd\u00e4n leveys 148 cm, syvyys 60 cm, korkeus 75 cm. Hyllyn korkeus 160 cm, leveys 24...\" \/>\n<meta property=\"og:url\" content=\"https:\/\/radis.ee\/laste-kirjutuslaud-riiuliga\/\" \/>\n<meta property=\"og:site_name\" content=\"Radis\" \/>\n<meta property=\"article:publisher\" content=\"https:\/\/www.facebook.com\/radisfurniture\/\" \/>\n<meta property=\"og:image\" content=\"https:\/\/radis.ee\/wp-content\/uploads\/2020\/10\/Radis-children-desk-with-drawers-and-shelf_on_white_background-scaled.jpg\" \/>\n\t<meta property=\"og:image:width\" content=\"2601\" \/>\n\t<meta property=\"og:image:height\" content=\"2601\" \/>\n\t<meta property=\"og:image:type\" content=\"image\/jpeg\" \/>\n<meta name=\"twitter:card\" content=\"summary_large_image\" \/>\n<script type=\"application\/ld+json\" class=\"yoast-schema-graph\">{\"@context\":\"https:\\\/\\\/schema.org\",\"@graph\":[{\"@type\":\"WebPage\",\"@id\":\"https:\\\/\\\/radis.ee\\\/laste-kirjutuslaud-riiuliga\\\/\",\"url\":\"https:\\\/\\\/radis.ee\\\/laste-kirjutuslaud-riiuliga\\\/\",\"name\":\"Lasten kirjoitusp\u00f6yt\u00e4 ja hylly - Radis\",\"isPartOf\":{\"@id\":\"https:\\\/\\\/radis.ee\\\/#website\"},\"primaryImageOfPage\":{\"@id\":\"https:\\\/\\\/radis.ee\\\/laste-kirjutuslaud-riiuliga\\\/#primaryimage\"},\"image\":{\"@id\":\"https:\\\/\\\/radis.ee\\\/laste-kirjutuslaud-riiuliga\\\/#primaryimage\"},\"thumbnailUrl\":\"https:\\\/\\\/radis.ee\\\/wp-content\\\/uploads\\\/2020\\\/10\\\/Radis-children-desk-with-drawers-and-shelf_on_white_background-scaled.jpg\",\"datePublished\":\"2020-10-18T19:50:46+00:00\",\"breadcrumb\":{\"@id\":\"https:\\\/\\\/radis.ee\\\/laste-kirjutuslaud-riiuliga\\\/#breadcrumb\"},\"inLanguage\":\"fi\",\"potentialAction\":[{\"@type\":\"ReadAction\",\"target\":[\"https:\\\/\\\/radis.ee\\\/laste-kirjutuslaud-riiuliga\\\/\"]}]},{\"@type\":\"ImageObject\",\"inLanguage\":\"fi\",\"@id\":\"https:\\\/\\\/radis.ee\\\/laste-kirjutuslaud-riiuliga\\\/#primaryimage\",\"url\":\"https:\\\/\\\/radis.ee\\\/wp-content\\\/uploads\\\/2020\\\/10\\\/Radis-children-desk-with-drawers-and-shelf_on_white_background-scaled.jpg\",\"contentUrl\":\"https:\\\/\\\/radis.ee\\\/wp-content\\\/uploads\\\/2020\\\/10\\\/Radis-children-desk-with-drawers-and-shelf_on_white_background-scaled.jpg\",\"width\":2601,\"height\":2601,\"caption\":\"DESK WITH SHELF\"},{\"@type\":\"BreadcrumbList\",\"@id\":\"https:\\\/\\\/radis.ee\\\/laste-kirjutuslaud-riiuliga\\\/#breadcrumb\",\"itemListElement\":[{\"@type\":\"ListItem\",\"position\":1,\"name\":\"Home\",\"item\":\"https:\\\/\\\/radis.ee\\\/\"},{\"@type\":\"ListItem\",\"position\":2,\"name\":\"Tuotteet\",\"item\":\"https:\\\/\\\/radis.ee\\\/fi\\\/tuotteet\\\/\"},{\"@type\":\"ListItem\",\"position\":3,\"name\":\"Lasten kirjoitusp\u00f6yt\u00e4 ja hylly\"}]},{\"@type\":\"WebSite\",\"@id\":\"https:\\\/\\\/radis.ee\\\/#website\",\"url\":\"https:\\\/\\\/radis.ee\\\/\",\"name\":\"Radis\",\"description\":\"Nordic design furniture, environmentally friendly and sustainable.\",\"publisher\":{\"@id\":\"https:\\\/\\\/radis.ee\\\/#organization\"},\"potentialAction\":[{\"@type\":\"SearchAction\",\"target\":{\"@type\":\"EntryPoint\",\"urlTemplate\":\"https:\\\/\\\/radis.ee\\\/?s={search_term_string}\"},\"query-input\":{\"@type\":\"PropertyValueSpecification\",\"valueRequired\":true,\"valueName\":\"search_term_string\"}}],\"inLanguage\":\"fi\"},{\"@type\":\"Organization\",\"@id\":\"https:\\\/\\\/radis.ee\\\/#organization\",\"name\":\"Radis O\u00dc\",\"url\":\"https:\\\/\\\/radis.ee\\\/\",\"logo\":{\"@type\":\"ImageObject\",\"inLanguage\":\"fi\",\"@id\":\"https:\\\/\\\/radis.ee\\\/#\\\/schema\\\/logo\\\/image\\\/\",\"url\":\"https:\\\/\\\/radis.ee\\\/wp-content\\\/uploads\\\/2020\\\/10\\\/Radis-logo.png\",\"contentUrl\":\"https:\\\/\\\/radis.ee\\\/wp-content\\\/uploads\\\/2020\\\/10\\\/Radis-logo.png\",\"width\":300,\"height\":63,\"caption\":\"Radis O\u00dc\"},\"image\":{\"@id\":\"https:\\\/\\\/radis.ee\\\/#\\\/schema\\\/logo\\\/image\\\/\"},\"sameAs\":[\"https:\\\/\\\/www.facebook.com\\\/radisfurniture\\\/\"]}]}<\/script>\n<!-- \/ Yoast SEO plugin. -->","yoast_head_json":{"title":"Lasten kirjoitusp\u00f6yt\u00e4 ja hylly - Radis","robots":{"index":"index","follow":"follow","max-snippet":"max-snippet:-1","max-image-preview":"max-image-preview:large","max-video-preview":"max-video-preview:-1"},"canonical":"https:\/\/radis.ee\/laste-kirjutuslaud-riiuliga\/","og_locale":"fi_FI","og_type":"article","og_title":"Lasten kirjoitusp\u00f6yt\u00e4 ja hylly - Radis","og_description":"Leikkis\u00e4 ty\u00f6p\u00f6yt\u00e4, jossa on nelj\u00e4 laatikkoa ja hylly. P\u00f6yd\u00e4n toisella puolella on suuri hylly kirjoille ja muille n\u00e4ht\u00e4vyyksille. Hyv\u00e4lle koululaiselle ja mukavalle toimistolle. Valmistettu koivuvanerista, \u00f6ljyvahattu &#8211; Valkoinen Osmo, laatikot-hyllyt Pebble Grey ja keltainen \u00f6ljyvaha. Laatikon kiskot sulkeutuvat hiljaa. P\u00f6yd\u00e4n leveys 148 cm, syvyys 60 cm, korkeus 75 cm. Hyllyn korkeus 160 cm, leveys 24...","og_url":"https:\/\/radis.ee\/laste-kirjutuslaud-riiuliga\/","og_site_name":"Radis","article_publisher":"https:\/\/www.facebook.com\/radisfurniture\/","og_image":[{"width":2601,"height":2601,"url":"https:\/\/radis.ee\/wp-content\/uploads\/2020\/10\/Radis-children-desk-with-drawers-and-shelf_on_white_background-scaled.jpg","type":"image\/jpeg"}],"twitter_card":"summary_large_image","schema":{"@context":"https:\/\/schema.org","@graph":[{"@type":"WebPage","@id":"https:\/\/radis.ee\/laste-kirjutuslaud-riiuliga\/","url":"https:\/\/radis.ee\/laste-kirjutuslaud-riiuliga\/","name":"Lasten kirjoitusp\u00f6yt\u00e4 ja hylly - Radis","isPartOf":{"@id":"https:\/\/radis.ee\/#website"},"primaryImageOfPage":{"@id":"https:\/\/radis.ee\/laste-kirjutuslaud-riiuliga\/#primaryimage"},"image":{"@id":"https:\/\/radis.ee\/laste-kirjutuslaud-riiuliga\/#primaryimage"},"thumbnailUrl":"https:\/\/radis.ee\/wp-content\/uploads\/2020\/10\/Radis-children-desk-with-drawers-and-shelf_on_white_background-scaled.jpg","datePublished":"2020-10-18T19:50:46+00:00","breadcrumb":{"@id":"https:\/\/radis.ee\/laste-kirjutuslaud-riiuliga\/#breadcrumb"},"inLanguage":"fi","potentialAction":[{"@type":"ReadAction","target":["https:\/\/radis.ee\/laste-kirjutuslaud-riiuliga\/"]}]},{"@type":"ImageObject","inLanguage":"fi","@id":"https:\/\/radis.ee\/laste-kirjutuslaud-riiuliga\/#primaryimage","url":"https:\/\/radis.ee\/wp-content\/uploads\/2020\/10\/Radis-children-desk-with-drawers-and-shelf_on_white_background-scaled.jpg","contentUrl":"https:\/\/radis.ee\/wp-content\/uploads\/2020\/10\/Radis-children-desk-with-drawers-and-shelf_on_white_background-scaled.jpg","width":2601,"height":2601,"caption":"DESK WITH SHELF"},{"@type":"BreadcrumbList","@id":"https:\/\/radis.ee\/laste-kirjutuslaud-riiuliga\/#breadcrumb","itemListElement":[{"@type":"ListItem","position":1,"name":"Home","item":"https:\/\/radis.ee\/"},{"@type":"ListItem","position":2,"name":"Tuotteet","item":"https:\/\/radis.ee\/fi\/tuotteet\/"},{"@type":"ListItem","position":3,"name":"Lasten kirjoitusp\u00f6yt\u00e4 ja hylly"}]},{"@type":"WebSite","@id":"https:\/\/radis.ee\/#website","url":"https:\/\/radis.ee\/","name":"Radis","description":"Nordic design furniture, environmentally friendly and sustainable.","publisher":{"@id":"https:\/\/radis.ee\/#organization"},"potentialAction":[{"@type":"SearchAction","target":{"@type":"EntryPoint","urlTemplate":"https:\/\/radis.ee\/?s={search_term_string}"},"query-input":{"@type":"PropertyValueSpecification","valueRequired":true,"valueName":"search_term_string"}}],"inLanguage":"fi"},{"@type":"Organization","@id":"https:\/\/radis.ee\/#organization","name":"Radis O\u00dc","url":"https:\/\/radis.ee\/","logo":{"@type":"ImageObject","inLanguage":"fi","@id":"https:\/\/radis.ee\/#\/schema\/logo\/image\/","url":"https:\/\/radis.ee\/wp-content\/uploads\/2020\/10\/Radis-logo.png","contentUrl":"https:\/\/radis.ee\/wp-content\/uploads\/2020\/10\/Radis-logo.png","width":300,"height":63,"caption":"Radis O\u00dc"},"image":{"@id":"https:\/\/radis.ee\/#\/schema\/logo\/image\/"},"sameAs":["https:\/\/www.facebook.com\/radisfurniture\/"]}]}},"_links":{"self":[{"href":"https:\/\/radis.ee\/fi\/wp-json\/wp\/v2\/product\/3589","targetHints":{"allow":["GET"]}}],"collection":[{"href":"https:\/\/radis.ee\/fi\/wp-json\/wp\/v2\/product"}],"about":[{"href":"https:\/\/radis.ee\/fi\/wp-json\/wp\/v2\/types\/product"}],"replies":[{"embeddable":true,"href":"https:\/\/radis.ee\/fi\/wp-json\/wp\/v2\/comments?post=3589"}],"wp:featuredmedia":[{"embeddable":true,"href":"https:\/\/radis.ee\/fi\/wp-json\/wp\/v2\/media\/3756"}],"wp:attachment":[{"href":"https:\/\/radis.ee\/fi\/wp-json\/wp\/v2\/media?parent=3589"}],"wp:term":[{"taxonomy":"product_brand","embeddable":true,"href":"https:\/\/radis.ee\/fi\/wp-json\/wp\/v2\/product_brand?post=3589"},{"taxonomy":"product_cat","embeddable":true,"href":"https:\/\/radis.ee\/fi\/wp-json\/wp\/v2\/product_cat?post=3589"},{"taxonomy":"product_tag","embeddable":true,"href":"https:\/\/radis.ee\/fi\/wp-json\/wp\/v2\/product_tag?post=3589"}],"curies":[{"name":"wp","href":"https:\/\/api.w.org\/{rel}","templated":true}]}}