{"id":3925,"date":"2022-09-22T21:28:01","date_gmt":"2020-10-07T18:28:01","guid":{"rendered":"https:\/\/radis.ee\/Ei-luokiteltu\/jakkara-io\/"},"modified":"2020-10-19T00:52:27","modified_gmt":"2020-10-18T21:52:27","slug":"jakkara-io","status":"publish","type":"product","link":"https:\/\/radis.ee\/fi\/jakkara-io\/","title":{"rendered":"Jakkara IO"},"content":{"rendered":"<p>IO on kevyt ja tyylik\u00e4s huonekalu, joka on eritt\u00e4in toimiva lis\u00e4ys kaikkiin sis\u00e4tiloihin.<\/p>\n<p>Tyylik\u00e4s muotoilu tekee t\u00e4st\u00e4 korkeasta kauneudesta t\u00e4ydellisen sisustuksen elementin, k\u00e4ytitk\u00f6 sit\u00e4 my\u00f6s kiinnitett\u00e4ess\u00e4 keng\u00e4nnauhoja tai lis\u00e4istuimena suuremmalle kokoontumiselle.<\/p>\n<p>Kangas Nevotex Wooly, tammenjalat.<\/p>\n<p>Suunnittelija Raivo Prooso<\/p>\n","protected":false},"excerpt":{"rendered":"<p>IO on kevyt ja tyylik\u00e4s huonekalu, joka on eritt\u00e4in toimiva lis\u00e4ys kaikkiin sis\u00e4tiloihin. Tyylik\u00e4s muotoilu tekee t\u00e4st\u00e4 korkeasta kauneudesta t\u00e4ydellisen sisustuksen elementin, k\u00e4ytitk\u00f6 sit\u00e4 my\u00f6s kiinnitett\u00e4ess\u00e4 keng\u00e4nnauhoja tai lis\u00e4istuimena suuremmalle kokoontumiselle. Kangas Nevotex Wooly, tammenjalat. Suunnittelija Raivo Prooso<\/p>\n","protected":false},"featured_media":5292,"comment_status":"open","ping_status":"closed","template":"","meta":{"_acf_changed":false},"product_brand":[],"product_cat":[],"product_tag":[],"class_list":{"0":"post-3925","1":"product","2":"type-product","3":"status-publish","4":"has-post-thumbnail","7":"first","8":"instock","9":"taxable","10":"shipping-taxable","11":"purchasable","12":"product-type-variable","13":"has-default-attributes"},"acf":[],"yoast_head":"<!-- This site is optimized with the Yoast SEO plugin v27.4 - https:\/\/yoast.com\/product\/yoast-seo-wordpress\/ -->\n<title>Jakkara IO - Radis<\/title>\n<meta name=\"robots\" content=\"index, follow, max-snippet:-1, max-image-preview:large, max-video-preview:-1\" \/>\n<link rel=\"canonical\" href=\"https:\/\/radis.ee\/fi\/jakkara-io\/\" \/>\n<meta property=\"og:locale\" content=\"fi_FI\" \/>\n<meta property=\"og:type\" content=\"article\" \/>\n<meta property=\"og:title\" content=\"Jakkara IO - Radis\" \/>\n<meta property=\"og:description\" content=\"IO on kevyt ja tyylik\u00e4s huonekalu, joka on eritt\u00e4in toimiva lis\u00e4ys kaikkiin sis\u00e4tiloihin. Tyylik\u00e4s muotoilu tekee t\u00e4st\u00e4 korkeasta kauneudesta t\u00e4ydellisen sisustuksen elementin, k\u00e4ytitk\u00f6 sit\u00e4 my\u00f6s kiinnitett\u00e4ess\u00e4 keng\u00e4nnauhoja tai lis\u00e4istuimena suuremmalle kokoontumiselle. Kangas Nevotex Wooly, tammenjalat. Suunnittelija Raivo Prooso\" \/>\n<meta property=\"og:url\" content=\"https:\/\/radis.ee\/fi\/jakkara-io\/\" \/>\n<meta property=\"og:site_name\" content=\"Radis\" \/>\n<meta property=\"article:publisher\" content=\"https:\/\/www.facebook.com\/radisfurniture\/\" \/>\n<meta property=\"article:modified_time\" content=\"2020-10-18T21:52:27+00:00\" \/>\n<meta property=\"og:image\" content=\"https:\/\/radis.ee\/wp-content\/uploads\/2020\/10\/Stool_IO_Oak_fabric_Beige.jpg\" \/>\n\t<meta property=\"og:image:width\" content=\"2048\" \/>\n\t<meta property=\"og:image:height\" content=\"1367\" \/>\n\t<meta property=\"og:image:type\" content=\"image\/jpeg\" \/>\n<meta name=\"twitter:card\" content=\"summary_large_image\" \/>\n<script type=\"application\/ld+json\" class=\"yoast-schema-graph\">{\"@context\":\"https:\\\/\\\/schema.org\",\"@graph\":[{\"@type\":\"WebPage\",\"@id\":\"https:\\\/\\\/radis.ee\\\/fi\\\/jakkara-io\\\/\",\"url\":\"https:\\\/\\\/radis.ee\\\/fi\\\/jakkara-io\\\/\",\"name\":\"Jakkara IO - Radis\",\"isPartOf\":{\"@id\":\"https:\\\/\\\/radis.ee\\\/#website\"},\"primaryImageOfPage\":{\"@id\":\"https:\\\/\\\/radis.ee\\\/fi\\\/jakkara-io\\\/#primaryimage\"},\"image\":{\"@id\":\"https:\\\/\\\/radis.ee\\\/fi\\\/jakkara-io\\\/#primaryimage\"},\"thumbnailUrl\":\"https:\\\/\\\/radis.ee\\\/wp-content\\\/uploads\\\/2020\\\/10\\\/Stool_IO_Oak_fabric_Beige.jpg\",\"datePublished\":\"2020-10-07T18:28:01+00:00\",\"dateModified\":\"2020-10-18T21:52:27+00:00\",\"breadcrumb\":{\"@id\":\"https:\\\/\\\/radis.ee\\\/fi\\\/jakkara-io\\\/#breadcrumb\"},\"inLanguage\":\"fi\",\"potentialAction\":[{\"@type\":\"ReadAction\",\"target\":[\"https:\\\/\\\/radis.ee\\\/fi\\\/jakkara-io\\\/\"]}]},{\"@type\":\"ImageObject\",\"inLanguage\":\"fi\",\"@id\":\"https:\\\/\\\/radis.ee\\\/fi\\\/jakkara-io\\\/#primaryimage\",\"url\":\"https:\\\/\\\/radis.ee\\\/wp-content\\\/uploads\\\/2020\\\/10\\\/Stool_IO_Oak_fabric_Beige.jpg\",\"contentUrl\":\"https:\\\/\\\/radis.ee\\\/wp-content\\\/uploads\\\/2020\\\/10\\\/Stool_IO_Oak_fabric_Beige.jpg\",\"width\":2048,\"height\":1367,\"caption\":\"STOOL IO OAK BEIGE\"},{\"@type\":\"BreadcrumbList\",\"@id\":\"https:\\\/\\\/radis.ee\\\/fi\\\/jakkara-io\\\/#breadcrumb\",\"itemListElement\":[{\"@type\":\"ListItem\",\"position\":1,\"name\":\"Home\",\"item\":\"https:\\\/\\\/radis.ee\\\/\"},{\"@type\":\"ListItem\",\"position\":2,\"name\":\"Tuotteet\",\"item\":\"https:\\\/\\\/radis.ee\\\/fi\\\/tuotteet\\\/\"},{\"@type\":\"ListItem\",\"position\":3,\"name\":\"Jakkara IO\"}]},{\"@type\":\"WebSite\",\"@id\":\"https:\\\/\\\/radis.ee\\\/#website\",\"url\":\"https:\\\/\\\/radis.ee\\\/\",\"name\":\"Radis\",\"description\":\"Nordic design furniture, environmentally friendly and sustainable.\",\"publisher\":{\"@id\":\"https:\\\/\\\/radis.ee\\\/#organization\"},\"potentialAction\":[{\"@type\":\"SearchAction\",\"target\":{\"@type\":\"EntryPoint\",\"urlTemplate\":\"https:\\\/\\\/radis.ee\\\/?s={search_term_string}\"},\"query-input\":{\"@type\":\"PropertyValueSpecification\",\"valueRequired\":true,\"valueName\":\"search_term_string\"}}],\"inLanguage\":\"fi\"},{\"@type\":\"Organization\",\"@id\":\"https:\\\/\\\/radis.ee\\\/#organization\",\"name\":\"Radis O\u00dc\",\"url\":\"https:\\\/\\\/radis.ee\\\/\",\"logo\":{\"@type\":\"ImageObject\",\"inLanguage\":\"fi\",\"@id\":\"https:\\\/\\\/radis.ee\\\/#\\\/schema\\\/logo\\\/image\\\/\",\"url\":\"https:\\\/\\\/radis.ee\\\/wp-content\\\/uploads\\\/2020\\\/10\\\/Radis-logo.png\",\"contentUrl\":\"https:\\\/\\\/radis.ee\\\/wp-content\\\/uploads\\\/2020\\\/10\\\/Radis-logo.png\",\"width\":300,\"height\":63,\"caption\":\"Radis O\u00dc\"},\"image\":{\"@id\":\"https:\\\/\\\/radis.ee\\\/#\\\/schema\\\/logo\\\/image\\\/\"},\"sameAs\":[\"https:\\\/\\\/www.facebook.com\\\/radisfurniture\\\/\"]}]}<\/script>\n<!-- \/ Yoast SEO plugin. -->","yoast_head_json":{"title":"Jakkara IO - Radis","robots":{"index":"index","follow":"follow","max-snippet":"max-snippet:-1","max-image-preview":"max-image-preview:large","max-video-preview":"max-video-preview:-1"},"canonical":"https:\/\/radis.ee\/fi\/jakkara-io\/","og_locale":"fi_FI","og_type":"article","og_title":"Jakkara IO - Radis","og_description":"IO on kevyt ja tyylik\u00e4s huonekalu, joka on eritt\u00e4in toimiva lis\u00e4ys kaikkiin sis\u00e4tiloihin. Tyylik\u00e4s muotoilu tekee t\u00e4st\u00e4 korkeasta kauneudesta t\u00e4ydellisen sisustuksen elementin, k\u00e4ytitk\u00f6 sit\u00e4 my\u00f6s kiinnitett\u00e4ess\u00e4 keng\u00e4nnauhoja tai lis\u00e4istuimena suuremmalle kokoontumiselle. Kangas Nevotex Wooly, tammenjalat. Suunnittelija Raivo Prooso","og_url":"https:\/\/radis.ee\/fi\/jakkara-io\/","og_site_name":"Radis","article_publisher":"https:\/\/www.facebook.com\/radisfurniture\/","article_modified_time":"2020-10-18T21:52:27+00:00","og_image":[{"width":2048,"height":1367,"url":"https:\/\/radis.ee\/wp-content\/uploads\/2020\/10\/Stool_IO_Oak_fabric_Beige.jpg","type":"image\/jpeg"}],"twitter_card":"summary_large_image","schema":{"@context":"https:\/\/schema.org","@graph":[{"@type":"WebPage","@id":"https:\/\/radis.ee\/fi\/jakkara-io\/","url":"https:\/\/radis.ee\/fi\/jakkara-io\/","name":"Jakkara IO - Radis","isPartOf":{"@id":"https:\/\/radis.ee\/#website"},"primaryImageOfPage":{"@id":"https:\/\/radis.ee\/fi\/jakkara-io\/#primaryimage"},"image":{"@id":"https:\/\/radis.ee\/fi\/jakkara-io\/#primaryimage"},"thumbnailUrl":"https:\/\/radis.ee\/wp-content\/uploads\/2020\/10\/Stool_IO_Oak_fabric_Beige.jpg","datePublished":"2020-10-07T18:28:01+00:00","dateModified":"2020-10-18T21:52:27+00:00","breadcrumb":{"@id":"https:\/\/radis.ee\/fi\/jakkara-io\/#breadcrumb"},"inLanguage":"fi","potentialAction":[{"@type":"ReadAction","target":["https:\/\/radis.ee\/fi\/jakkara-io\/"]}]},{"@type":"ImageObject","inLanguage":"fi","@id":"https:\/\/radis.ee\/fi\/jakkara-io\/#primaryimage","url":"https:\/\/radis.ee\/wp-content\/uploads\/2020\/10\/Stool_IO_Oak_fabric_Beige.jpg","contentUrl":"https:\/\/radis.ee\/wp-content\/uploads\/2020\/10\/Stool_IO_Oak_fabric_Beige.jpg","width":2048,"height":1367,"caption":"STOOL IO OAK BEIGE"},{"@type":"BreadcrumbList","@id":"https:\/\/radis.ee\/fi\/jakkara-io\/#breadcrumb","itemListElement":[{"@type":"ListItem","position":1,"name":"Home","item":"https:\/\/radis.ee\/"},{"@type":"ListItem","position":2,"name":"Tuotteet","item":"https:\/\/radis.ee\/fi\/tuotteet\/"},{"@type":"ListItem","position":3,"name":"Jakkara IO"}]},{"@type":"WebSite","@id":"https:\/\/radis.ee\/#website","url":"https:\/\/radis.ee\/","name":"Radis","description":"Nordic design furniture, environmentally friendly and sustainable.","publisher":{"@id":"https:\/\/radis.ee\/#organization"},"potentialAction":[{"@type":"SearchAction","target":{"@type":"EntryPoint","urlTemplate":"https:\/\/radis.ee\/?s={search_term_string}"},"query-input":{"@type":"PropertyValueSpecification","valueRequired":true,"valueName":"search_term_string"}}],"inLanguage":"fi"},{"@type":"Organization","@id":"https:\/\/radis.ee\/#organization","name":"Radis O\u00dc","url":"https:\/\/radis.ee\/","logo":{"@type":"ImageObject","inLanguage":"fi","@id":"https:\/\/radis.ee\/#\/schema\/logo\/image\/","url":"https:\/\/radis.ee\/wp-content\/uploads\/2020\/10\/Radis-logo.png","contentUrl":"https:\/\/radis.ee\/wp-content\/uploads\/2020\/10\/Radis-logo.png","width":300,"height":63,"caption":"Radis O\u00dc"},"image":{"@id":"https:\/\/radis.ee\/#\/schema\/logo\/image\/"},"sameAs":["https:\/\/www.facebook.com\/radisfurniture\/"]}]}},"_links":{"self":[{"href":"https:\/\/radis.ee\/fi\/wp-json\/wp\/v2\/product\/3925","targetHints":{"allow":["GET"]}}],"collection":[{"href":"https:\/\/radis.ee\/fi\/wp-json\/wp\/v2\/product"}],"about":[{"href":"https:\/\/radis.ee\/fi\/wp-json\/wp\/v2\/types\/product"}],"replies":[{"embeddable":true,"href":"https:\/\/radis.ee\/fi\/wp-json\/wp\/v2\/comments?post=3925"}],"wp:featuredmedia":[{"embeddable":true,"href":"https:\/\/radis.ee\/fi\/wp-json\/wp\/v2\/media\/5292"}],"wp:attachment":[{"href":"https:\/\/radis.ee\/fi\/wp-json\/wp\/v2\/media?parent=3925"}],"wp:term":[{"taxonomy":"product_brand","embeddable":true,"href":"https:\/\/radis.ee\/fi\/wp-json\/wp\/v2\/product_brand?post=3925"},{"taxonomy":"product_cat","embeddable":true,"href":"https:\/\/radis.ee\/fi\/wp-json\/wp\/v2\/product_cat?post=3925"},{"taxonomy":"product_tag","embeddable":true,"href":"https:\/\/radis.ee\/fi\/wp-json\/wp\/v2\/product_tag?post=3925"}],"curies":[{"name":"wp","href":"https:\/\/api.w.org\/{rel}","templated":true}]}}