{"id":3996,"date":"2022-08-01T22:21:33","date_gmt":"2022-08-01T19:21:33","guid":{"rendered":"https:\/\/radis.ee\/?post_type=product&#038;p=3996"},"modified":"2022-09-21T15:57:26","modified_gmt":"2022-09-21T12:57:26","slug":"seinakello-taim","status":"publish","type":"product","link":"https:\/\/radis.ee\/fi\/seinakello-taim\/","title":{"rendered":"Sein\u00e4kello TAIM"},"content":{"rendered":"<p>TAIM-sein\u00e4kello on kaunis ja minimalistinen suunnittelukieli, joka on yhdistelm\u00e4laatuisia materiaaleja ja poikkeuksellista k\u00e4sity\u00f6t\u00e4.<\/p>\n<p>Kellon pinnalla on tammiviilu. Kellossa on hiljainen mekanismi, joka toimii yhdell\u00e4 AA-paristolla.<\/p>\n<p>Suunnittelija: Hoog<\/p>\n","protected":false},"excerpt":{"rendered":"<p>TAIM-sein\u00e4kello on kaunis ja minimalistinen suunnittelukieli, joka on yhdistelm\u00e4laatuisia materiaaleja ja poikkeuksellista k\u00e4sity\u00f6t\u00e4. Kellon pinnalla on tammiviilu. Kellossa on hiljainen mekanismi, joka toimii yhdell\u00e4 AA-paristolla. Suunnittelija: Hoog<\/p>\n","protected":false},"featured_media":3945,"comment_status":"open","ping_status":"closed","template":"","meta":{"_acf_changed":false},"product_brand":[],"product_cat":[441],"product_tag":[],"class_list":{"0":"post-3996","1":"product","2":"type-product","3":"status-publish","4":"has-post-thumbnail","6":"product_cat-lisatarvikkeet","8":"first","9":"instock","10":"taxable","11":"shipping-taxable","12":"purchasable","13":"product-type-variable","14":"has-default-attributes"},"acf":[],"yoast_head":"<!-- This site is optimized with the Yoast SEO plugin v27.3 - https:\/\/yoast.com\/product\/yoast-seo-wordpress\/ -->\n<title>Sein\u00e4kello TAIM - Radis<\/title>\n<meta name=\"robots\" content=\"index, follow, max-snippet:-1, max-image-preview:large, max-video-preview:-1\" \/>\n<link rel=\"canonical\" href=\"https:\/\/radis.ee\/kell-taim\/\" \/>\n<meta property=\"og:locale\" content=\"fi_FI\" \/>\n<meta property=\"og:type\" content=\"article\" \/>\n<meta property=\"og:title\" content=\"Sein\u00e4kello TAIM - Radis\" \/>\n<meta property=\"og:description\" content=\"TAIM-sein\u00e4kello on kaunis ja minimalistinen suunnittelukieli, joka on yhdistelm\u00e4laatuisia materiaaleja ja poikkeuksellista k\u00e4sity\u00f6t\u00e4. Kellon pinnalla on tammiviilu. Kellossa on hiljainen mekanismi, joka toimii yhdell\u00e4 AA-paristolla. Suunnittelija: Hoog\" \/>\n<meta property=\"og:url\" content=\"https:\/\/radis.ee\/kell-taim\/\" \/>\n<meta property=\"og:site_name\" content=\"Radis\" \/>\n<meta property=\"article:publisher\" content=\"https:\/\/www.facebook.com\/radisfurniture\/\" \/>\n<meta property=\"article:modified_time\" content=\"2022-09-21T12:57:26+00:00\" \/>\n<meta property=\"og:image\" content=\"https:\/\/radis.ee\/wp-content\/uploads\/2020\/10\/hoog_clock_medium_oak_001_web.jpg\" \/>\n\t<meta property=\"og:image:width\" content=\"1500\" \/>\n\t<meta property=\"og:image:height\" content=\"1500\" \/>\n\t<meta property=\"og:image:type\" content=\"image\/jpeg\" \/>\n<meta name=\"twitter:card\" content=\"summary_large_image\" \/>\n<script type=\"application\/ld+json\" class=\"yoast-schema-graph\">{\"@context\":\"https:\\\/\\\/schema.org\",\"@graph\":[{\"@type\":\"WebPage\",\"@id\":\"https:\\\/\\\/radis.ee\\\/kell-taim\\\/\",\"url\":\"https:\\\/\\\/radis.ee\\\/kell-taim\\\/\",\"name\":\"Sein\u00e4kello TAIM - Radis\",\"isPartOf\":{\"@id\":\"https:\\\/\\\/radis.ee\\\/#website\"},\"primaryImageOfPage\":{\"@id\":\"https:\\\/\\\/radis.ee\\\/kell-taim\\\/#primaryimage\"},\"image\":{\"@id\":\"https:\\\/\\\/radis.ee\\\/kell-taim\\\/#primaryimage\"},\"thumbnailUrl\":\"https:\\\/\\\/radis.ee\\\/wp-content\\\/uploads\\\/2020\\\/10\\\/hoog_clock_medium_oak_001_web.jpg\",\"datePublished\":\"2022-08-01T19:21:33+00:00\",\"dateModified\":\"2022-09-21T12:57:26+00:00\",\"breadcrumb\":{\"@id\":\"https:\\\/\\\/radis.ee\\\/kell-taim\\\/#breadcrumb\"},\"inLanguage\":\"fi\",\"potentialAction\":[{\"@type\":\"ReadAction\",\"target\":[\"https:\\\/\\\/radis.ee\\\/kell-taim\\\/\"]}]},{\"@type\":\"ImageObject\",\"inLanguage\":\"fi\",\"@id\":\"https:\\\/\\\/radis.ee\\\/kell-taim\\\/#primaryimage\",\"url\":\"https:\\\/\\\/radis.ee\\\/wp-content\\\/uploads\\\/2020\\\/10\\\/hoog_clock_medium_oak_001_web.jpg\",\"contentUrl\":\"https:\\\/\\\/radis.ee\\\/wp-content\\\/uploads\\\/2020\\\/10\\\/hoog_clock_medium_oak_001_web.jpg\",\"width\":1500,\"height\":1500,\"caption\":\"CLOCK TAIM\"},{\"@type\":\"BreadcrumbList\",\"@id\":\"https:\\\/\\\/radis.ee\\\/kell-taim\\\/#breadcrumb\",\"itemListElement\":[{\"@type\":\"ListItem\",\"position\":1,\"name\":\"Home\",\"item\":\"https:\\\/\\\/radis.ee\\\/\"},{\"@type\":\"ListItem\",\"position\":2,\"name\":\"Tuotteet\",\"item\":\"https:\\\/\\\/radis.ee\\\/fi\\\/tuotteet\\\/\"},{\"@type\":\"ListItem\",\"position\":3,\"name\":\"Sein\u00e4kello TAIM\"}]},{\"@type\":\"WebSite\",\"@id\":\"https:\\\/\\\/radis.ee\\\/#website\",\"url\":\"https:\\\/\\\/radis.ee\\\/\",\"name\":\"Radis\",\"description\":\"Nordic design furniture, environmentally friendly and sustainable.\",\"publisher\":{\"@id\":\"https:\\\/\\\/radis.ee\\\/#organization\"},\"potentialAction\":[{\"@type\":\"SearchAction\",\"target\":{\"@type\":\"EntryPoint\",\"urlTemplate\":\"https:\\\/\\\/radis.ee\\\/?s={search_term_string}\"},\"query-input\":{\"@type\":\"PropertyValueSpecification\",\"valueRequired\":true,\"valueName\":\"search_term_string\"}}],\"inLanguage\":\"fi\"},{\"@type\":\"Organization\",\"@id\":\"https:\\\/\\\/radis.ee\\\/#organization\",\"name\":\"Radis O\u00dc\",\"url\":\"https:\\\/\\\/radis.ee\\\/\",\"logo\":{\"@type\":\"ImageObject\",\"inLanguage\":\"fi\",\"@id\":\"https:\\\/\\\/radis.ee\\\/#\\\/schema\\\/logo\\\/image\\\/\",\"url\":\"https:\\\/\\\/radis.ee\\\/wp-content\\\/uploads\\\/2020\\\/10\\\/Radis-logo.png\",\"contentUrl\":\"https:\\\/\\\/radis.ee\\\/wp-content\\\/uploads\\\/2020\\\/10\\\/Radis-logo.png\",\"width\":300,\"height\":63,\"caption\":\"Radis O\u00dc\"},\"image\":{\"@id\":\"https:\\\/\\\/radis.ee\\\/#\\\/schema\\\/logo\\\/image\\\/\"},\"sameAs\":[\"https:\\\/\\\/www.facebook.com\\\/radisfurniture\\\/\"]}]}<\/script>\n<!-- \/ Yoast SEO plugin. -->","yoast_head_json":{"title":"Sein\u00e4kello TAIM - Radis","robots":{"index":"index","follow":"follow","max-snippet":"max-snippet:-1","max-image-preview":"max-image-preview:large","max-video-preview":"max-video-preview:-1"},"canonical":"https:\/\/radis.ee\/kell-taim\/","og_locale":"fi_FI","og_type":"article","og_title":"Sein\u00e4kello TAIM - Radis","og_description":"TAIM-sein\u00e4kello on kaunis ja minimalistinen suunnittelukieli, joka on yhdistelm\u00e4laatuisia materiaaleja ja poikkeuksellista k\u00e4sity\u00f6t\u00e4. Kellon pinnalla on tammiviilu. Kellossa on hiljainen mekanismi, joka toimii yhdell\u00e4 AA-paristolla. Suunnittelija: Hoog","og_url":"https:\/\/radis.ee\/kell-taim\/","og_site_name":"Radis","article_publisher":"https:\/\/www.facebook.com\/radisfurniture\/","article_modified_time":"2022-09-21T12:57:26+00:00","og_image":[{"width":1500,"height":1500,"url":"https:\/\/radis.ee\/wp-content\/uploads\/2020\/10\/hoog_clock_medium_oak_001_web.jpg","type":"image\/jpeg"}],"twitter_card":"summary_large_image","schema":{"@context":"https:\/\/schema.org","@graph":[{"@type":"WebPage","@id":"https:\/\/radis.ee\/kell-taim\/","url":"https:\/\/radis.ee\/kell-taim\/","name":"Sein\u00e4kello TAIM - Radis","isPartOf":{"@id":"https:\/\/radis.ee\/#website"},"primaryImageOfPage":{"@id":"https:\/\/radis.ee\/kell-taim\/#primaryimage"},"image":{"@id":"https:\/\/radis.ee\/kell-taim\/#primaryimage"},"thumbnailUrl":"https:\/\/radis.ee\/wp-content\/uploads\/2020\/10\/hoog_clock_medium_oak_001_web.jpg","datePublished":"2022-08-01T19:21:33+00:00","dateModified":"2022-09-21T12:57:26+00:00","breadcrumb":{"@id":"https:\/\/radis.ee\/kell-taim\/#breadcrumb"},"inLanguage":"fi","potentialAction":[{"@type":"ReadAction","target":["https:\/\/radis.ee\/kell-taim\/"]}]},{"@type":"ImageObject","inLanguage":"fi","@id":"https:\/\/radis.ee\/kell-taim\/#primaryimage","url":"https:\/\/radis.ee\/wp-content\/uploads\/2020\/10\/hoog_clock_medium_oak_001_web.jpg","contentUrl":"https:\/\/radis.ee\/wp-content\/uploads\/2020\/10\/hoog_clock_medium_oak_001_web.jpg","width":1500,"height":1500,"caption":"CLOCK TAIM"},{"@type":"BreadcrumbList","@id":"https:\/\/radis.ee\/kell-taim\/#breadcrumb","itemListElement":[{"@type":"ListItem","position":1,"name":"Home","item":"https:\/\/radis.ee\/"},{"@type":"ListItem","position":2,"name":"Tuotteet","item":"https:\/\/radis.ee\/fi\/tuotteet\/"},{"@type":"ListItem","position":3,"name":"Sein\u00e4kello TAIM"}]},{"@type":"WebSite","@id":"https:\/\/radis.ee\/#website","url":"https:\/\/radis.ee\/","name":"Radis","description":"Nordic design furniture, environmentally friendly and sustainable.","publisher":{"@id":"https:\/\/radis.ee\/#organization"},"potentialAction":[{"@type":"SearchAction","target":{"@type":"EntryPoint","urlTemplate":"https:\/\/radis.ee\/?s={search_term_string}"},"query-input":{"@type":"PropertyValueSpecification","valueRequired":true,"valueName":"search_term_string"}}],"inLanguage":"fi"},{"@type":"Organization","@id":"https:\/\/radis.ee\/#organization","name":"Radis O\u00dc","url":"https:\/\/radis.ee\/","logo":{"@type":"ImageObject","inLanguage":"fi","@id":"https:\/\/radis.ee\/#\/schema\/logo\/image\/","url":"https:\/\/radis.ee\/wp-content\/uploads\/2020\/10\/Radis-logo.png","contentUrl":"https:\/\/radis.ee\/wp-content\/uploads\/2020\/10\/Radis-logo.png","width":300,"height":63,"caption":"Radis O\u00dc"},"image":{"@id":"https:\/\/radis.ee\/#\/schema\/logo\/image\/"},"sameAs":["https:\/\/www.facebook.com\/radisfurniture\/"]}]}},"_links":{"self":[{"href":"https:\/\/radis.ee\/fi\/wp-json\/wp\/v2\/product\/3996","targetHints":{"allow":["GET"]}}],"collection":[{"href":"https:\/\/radis.ee\/fi\/wp-json\/wp\/v2\/product"}],"about":[{"href":"https:\/\/radis.ee\/fi\/wp-json\/wp\/v2\/types\/product"}],"replies":[{"embeddable":true,"href":"https:\/\/radis.ee\/fi\/wp-json\/wp\/v2\/comments?post=3996"}],"wp:featuredmedia":[{"embeddable":true,"href":"https:\/\/radis.ee\/fi\/wp-json\/wp\/v2\/media\/3945"}],"wp:attachment":[{"href":"https:\/\/radis.ee\/fi\/wp-json\/wp\/v2\/media?parent=3996"}],"wp:term":[{"taxonomy":"product_brand","embeddable":true,"href":"https:\/\/radis.ee\/fi\/wp-json\/wp\/v2\/product_brand?post=3996"},{"taxonomy":"product_cat","embeddable":true,"href":"https:\/\/radis.ee\/fi\/wp-json\/wp\/v2\/product_cat?post=3996"},{"taxonomy":"product_tag","embeddable":true,"href":"https:\/\/radis.ee\/fi\/wp-json\/wp\/v2\/product_tag?post=3996"}],"curies":[{"name":"wp","href":"https:\/\/api.w.org\/{rel}","templated":true}]}}