{"id":5148,"date":"2020-04-18T19:17:03","date_gmt":"2020-10-18T19:47:41","guid":{"rendered":"https:\/\/radis.ee\/?post_type=product&#038;p=5148"},"modified":"2024-03-05T21:00:48","modified_gmt":"2024-03-05T19:00:48","slug":"hylly-wav","status":"publish","type":"product","link":"https:\/\/radis.ee\/fi\/hylly-wav\/","title":{"rendered":"Hylly WAV"},"content":{"rendered":"<p>Heitt\u00e4ydy rohkeasti virran viet\u00e4v\u00e4ksi. Anna taianomaisten aaltojen vied\u00e4 mukanaan. Hyllyss\u00e4 on reippaasti tilaa joka suuntaan. Wav-hyllyss\u00e4 kauneimmat esineesi p\u00e4\u00e4sev\u00e4t tyylikk\u00e4\u00e4sti esille.<\/p>\n<p>Voidaan asentaa sek\u00e4 pystysuoraan ett\u00e4 laajempaan. Lattiaan tai sein\u00e4\u00e4n. 4 takasein\u00e4 ovat vakautta varten. Niit\u00e4 voidaan k\u00e4ytt\u00e4\u00e4 my\u00f6s ripustamaan hylly sein\u00e4lle.<\/p>\n<p>Valmistettu 12mm koivuvanerista, valkoinen HPL vaneri.<\/p>\n<div id=\"1594130576079-fbc9a5a6-ed5cc019-c3e0\" class=\"w-tabs-section active\">\n<div id=\"content-1594130576079-fbc9a5a6-ed5cc019-c3e0\" class=\"w-tabs-section-content\" aria-expanded=\"true\">\n<div class=\"w-tabs-section-content-h i-cf\">\n<div class=\"w-post-elm post_content\">\n<p><strong>2 viikon toimitus kaikkialle Suomeen!<\/strong><\/p>\n<\/div>\n<\/div>\n<\/div>\n<\/div>\n","protected":false},"excerpt":{"rendered":"<p>Heitt\u00e4ydy rohkeasti virran viet\u00e4v\u00e4ksi. Anna taianomaisten aaltojen vied\u00e4 mukanaan. Hyllyss\u00e4 on reippaasti tilaa joka suuntaan. Wav-hyllyss\u00e4 kauneimmat esineesi p\u00e4\u00e4sev\u00e4t tyylikk\u00e4\u00e4sti esille. Voidaan asentaa sek\u00e4 pystysuoraan ett\u00e4 laajempaan. Lattiaan tai sein\u00e4\u00e4n. 4 takasein\u00e4 ovat vakautta varten. Niit\u00e4 voidaan k\u00e4ytt\u00e4\u00e4 my\u00f6s ripustamaan hylly sein\u00e4lle. Valmistettu 12mm koivuvanerista, valkoinen HPL vaneri. 2 viikon toimitus kaikkialle Suomeen!<\/p>\n","protected":false},"featured_media":5132,"comment_status":"open","ping_status":"closed","template":"","meta":{"_acf_changed":false},"product_brand":[],"product_cat":[109],"product_tag":[],"class_list":{"0":"post-5148","1":"product","2":"type-product","3":"status-publish","4":"has-post-thumbnail","6":"product_cat-riiulid","8":"first","9":"instock","10":"taxable","11":"shipping-taxable","12":"purchasable","13":"product-type-simple"},"acf":[],"yoast_head":"<!-- This site is optimized with the Yoast SEO plugin v27.3 - https:\/\/yoast.com\/product\/yoast-seo-wordpress\/ -->\n<title>Hylly WAV - Radis<\/title>\n<meta name=\"robots\" content=\"index, follow, max-snippet:-1, max-image-preview:large, max-video-preview:-1\" \/>\n<link rel=\"canonical\" href=\"https:\/\/radis.ee\/fi\/hylly-wav\/\" \/>\n<meta property=\"og:locale\" content=\"fi_FI\" \/>\n<meta property=\"og:type\" content=\"article\" \/>\n<meta property=\"og:title\" content=\"Hylly WAV - Radis\" \/>\n<meta property=\"og:description\" content=\"Heitt\u00e4ydy rohkeasti virran viet\u00e4v\u00e4ksi. Anna taianomaisten aaltojen vied\u00e4 mukanaan. Hyllyss\u00e4 on reippaasti tilaa joka suuntaan. Wav-hyllyss\u00e4 kauneimmat esineesi p\u00e4\u00e4sev\u00e4t tyylikk\u00e4\u00e4sti esille. Voidaan asentaa sek\u00e4 pystysuoraan ett\u00e4 laajempaan. Lattiaan tai sein\u00e4\u00e4n. 4 takasein\u00e4 ovat vakautta varten. Niit\u00e4 voidaan k\u00e4ytt\u00e4\u00e4 my\u00f6s ripustamaan hylly sein\u00e4lle. Valmistettu 12mm koivuvanerista, valkoinen HPL vaneri. 2 viikon toimitus kaikkialle Suomeen!\" \/>\n<meta property=\"og:url\" content=\"https:\/\/radis.ee\/fi\/hylly-wav\/\" \/>\n<meta property=\"og:site_name\" content=\"Radis\" \/>\n<meta property=\"article:publisher\" content=\"https:\/\/www.facebook.com\/radisfurniture\/\" \/>\n<meta property=\"article:modified_time\" content=\"2024-03-05T19:00:48+00:00\" \/>\n<meta property=\"og:image\" content=\"https:\/\/radis.ee\/wp-content\/uploads\/2020\/10\/RA0551-Radis-shelf-WAV-white-film-plywood-scaled.jpg\" \/>\n\t<meta property=\"og:image:width\" content=\"3560\" \/>\n\t<meta property=\"og:image:height\" content=\"3560\" \/>\n\t<meta property=\"og:image:type\" content=\"image\/jpeg\" \/>\n<meta name=\"twitter:card\" content=\"summary_large_image\" \/>\n<script type=\"application\/ld+json\" class=\"yoast-schema-graph\">{\"@context\":\"https:\\\/\\\/schema.org\",\"@graph\":[{\"@type\":\"WebPage\",\"@id\":\"https:\\\/\\\/radis.ee\\\/fi\\\/hylly-wav\\\/\",\"url\":\"https:\\\/\\\/radis.ee\\\/fi\\\/hylly-wav\\\/\",\"name\":\"Hylly WAV - Radis\",\"isPartOf\":{\"@id\":\"https:\\\/\\\/radis.ee\\\/#website\"},\"primaryImageOfPage\":{\"@id\":\"https:\\\/\\\/radis.ee\\\/fi\\\/hylly-wav\\\/#primaryimage\"},\"image\":{\"@id\":\"https:\\\/\\\/radis.ee\\\/fi\\\/hylly-wav\\\/#primaryimage\"},\"thumbnailUrl\":\"https:\\\/\\\/radis.ee\\\/wp-content\\\/uploads\\\/2020\\\/10\\\/RA0551-Radis-shelf-WAV-white-film-plywood-scaled.jpg\",\"datePublished\":\"2020-10-18T19:47:41+00:00\",\"dateModified\":\"2024-03-05T19:00:48+00:00\",\"breadcrumb\":{\"@id\":\"https:\\\/\\\/radis.ee\\\/fi\\\/hylly-wav\\\/#breadcrumb\"},\"inLanguage\":\"fi\",\"potentialAction\":[{\"@type\":\"ReadAction\",\"target\":[\"https:\\\/\\\/radis.ee\\\/fi\\\/hylly-wav\\\/\"]}]},{\"@type\":\"ImageObject\",\"inLanguage\":\"fi\",\"@id\":\"https:\\\/\\\/radis.ee\\\/fi\\\/hylly-wav\\\/#primaryimage\",\"url\":\"https:\\\/\\\/radis.ee\\\/wp-content\\\/uploads\\\/2020\\\/10\\\/RA0551-Radis-shelf-WAV-white-film-plywood-scaled.jpg\",\"contentUrl\":\"https:\\\/\\\/radis.ee\\\/wp-content\\\/uploads\\\/2020\\\/10\\\/RA0551-Radis-shelf-WAV-white-film-plywood-scaled.jpg\",\"width\":3560,\"height\":3560,\"caption\":\"SHELF WAV\"},{\"@type\":\"BreadcrumbList\",\"@id\":\"https:\\\/\\\/radis.ee\\\/fi\\\/hylly-wav\\\/#breadcrumb\",\"itemListElement\":[{\"@type\":\"ListItem\",\"position\":1,\"name\":\"Home\",\"item\":\"https:\\\/\\\/radis.ee\\\/\"},{\"@type\":\"ListItem\",\"position\":2,\"name\":\"Tuotteet\",\"item\":\"https:\\\/\\\/radis.ee\\\/fi\\\/tuotteet\\\/\"},{\"@type\":\"ListItem\",\"position\":3,\"name\":\"Hylly WAV\"}]},{\"@type\":\"WebSite\",\"@id\":\"https:\\\/\\\/radis.ee\\\/#website\",\"url\":\"https:\\\/\\\/radis.ee\\\/\",\"name\":\"Radis\",\"description\":\"Nordic design furniture, environmentally friendly and sustainable.\",\"publisher\":{\"@id\":\"https:\\\/\\\/radis.ee\\\/#organization\"},\"potentialAction\":[{\"@type\":\"SearchAction\",\"target\":{\"@type\":\"EntryPoint\",\"urlTemplate\":\"https:\\\/\\\/radis.ee\\\/?s={search_term_string}\"},\"query-input\":{\"@type\":\"PropertyValueSpecification\",\"valueRequired\":true,\"valueName\":\"search_term_string\"}}],\"inLanguage\":\"fi\"},{\"@type\":\"Organization\",\"@id\":\"https:\\\/\\\/radis.ee\\\/#organization\",\"name\":\"Radis O\u00dc\",\"url\":\"https:\\\/\\\/radis.ee\\\/\",\"logo\":{\"@type\":\"ImageObject\",\"inLanguage\":\"fi\",\"@id\":\"https:\\\/\\\/radis.ee\\\/#\\\/schema\\\/logo\\\/image\\\/\",\"url\":\"https:\\\/\\\/radis.ee\\\/wp-content\\\/uploads\\\/2020\\\/10\\\/Radis-logo.png\",\"contentUrl\":\"https:\\\/\\\/radis.ee\\\/wp-content\\\/uploads\\\/2020\\\/10\\\/Radis-logo.png\",\"width\":300,\"height\":63,\"caption\":\"Radis O\u00dc\"},\"image\":{\"@id\":\"https:\\\/\\\/radis.ee\\\/#\\\/schema\\\/logo\\\/image\\\/\"},\"sameAs\":[\"https:\\\/\\\/www.facebook.com\\\/radisfurniture\\\/\"]}]}<\/script>\n<!-- \/ Yoast SEO plugin. -->","yoast_head_json":{"title":"Hylly WAV - Radis","robots":{"index":"index","follow":"follow","max-snippet":"max-snippet:-1","max-image-preview":"max-image-preview:large","max-video-preview":"max-video-preview:-1"},"canonical":"https:\/\/radis.ee\/fi\/hylly-wav\/","og_locale":"fi_FI","og_type":"article","og_title":"Hylly WAV - Radis","og_description":"Heitt\u00e4ydy rohkeasti virran viet\u00e4v\u00e4ksi. Anna taianomaisten aaltojen vied\u00e4 mukanaan. Hyllyss\u00e4 on reippaasti tilaa joka suuntaan. Wav-hyllyss\u00e4 kauneimmat esineesi p\u00e4\u00e4sev\u00e4t tyylikk\u00e4\u00e4sti esille. Voidaan asentaa sek\u00e4 pystysuoraan ett\u00e4 laajempaan. Lattiaan tai sein\u00e4\u00e4n. 4 takasein\u00e4 ovat vakautta varten. Niit\u00e4 voidaan k\u00e4ytt\u00e4\u00e4 my\u00f6s ripustamaan hylly sein\u00e4lle. Valmistettu 12mm koivuvanerista, valkoinen HPL vaneri. 2 viikon toimitus kaikkialle Suomeen!","og_url":"https:\/\/radis.ee\/fi\/hylly-wav\/","og_site_name":"Radis","article_publisher":"https:\/\/www.facebook.com\/radisfurniture\/","article_modified_time":"2024-03-05T19:00:48+00:00","og_image":[{"width":3560,"height":3560,"url":"https:\/\/radis.ee\/wp-content\/uploads\/2020\/10\/RA0551-Radis-shelf-WAV-white-film-plywood-scaled.jpg","type":"image\/jpeg"}],"twitter_card":"summary_large_image","schema":{"@context":"https:\/\/schema.org","@graph":[{"@type":"WebPage","@id":"https:\/\/radis.ee\/fi\/hylly-wav\/","url":"https:\/\/radis.ee\/fi\/hylly-wav\/","name":"Hylly WAV - Radis","isPartOf":{"@id":"https:\/\/radis.ee\/#website"},"primaryImageOfPage":{"@id":"https:\/\/radis.ee\/fi\/hylly-wav\/#primaryimage"},"image":{"@id":"https:\/\/radis.ee\/fi\/hylly-wav\/#primaryimage"},"thumbnailUrl":"https:\/\/radis.ee\/wp-content\/uploads\/2020\/10\/RA0551-Radis-shelf-WAV-white-film-plywood-scaled.jpg","datePublished":"2020-10-18T19:47:41+00:00","dateModified":"2024-03-05T19:00:48+00:00","breadcrumb":{"@id":"https:\/\/radis.ee\/fi\/hylly-wav\/#breadcrumb"},"inLanguage":"fi","potentialAction":[{"@type":"ReadAction","target":["https:\/\/radis.ee\/fi\/hylly-wav\/"]}]},{"@type":"ImageObject","inLanguage":"fi","@id":"https:\/\/radis.ee\/fi\/hylly-wav\/#primaryimage","url":"https:\/\/radis.ee\/wp-content\/uploads\/2020\/10\/RA0551-Radis-shelf-WAV-white-film-plywood-scaled.jpg","contentUrl":"https:\/\/radis.ee\/wp-content\/uploads\/2020\/10\/RA0551-Radis-shelf-WAV-white-film-plywood-scaled.jpg","width":3560,"height":3560,"caption":"SHELF WAV"},{"@type":"BreadcrumbList","@id":"https:\/\/radis.ee\/fi\/hylly-wav\/#breadcrumb","itemListElement":[{"@type":"ListItem","position":1,"name":"Home","item":"https:\/\/radis.ee\/"},{"@type":"ListItem","position":2,"name":"Tuotteet","item":"https:\/\/radis.ee\/fi\/tuotteet\/"},{"@type":"ListItem","position":3,"name":"Hylly WAV"}]},{"@type":"WebSite","@id":"https:\/\/radis.ee\/#website","url":"https:\/\/radis.ee\/","name":"Radis","description":"Nordic design furniture, environmentally friendly and sustainable.","publisher":{"@id":"https:\/\/radis.ee\/#organization"},"potentialAction":[{"@type":"SearchAction","target":{"@type":"EntryPoint","urlTemplate":"https:\/\/radis.ee\/?s={search_term_string}"},"query-input":{"@type":"PropertyValueSpecification","valueRequired":true,"valueName":"search_term_string"}}],"inLanguage":"fi"},{"@type":"Organization","@id":"https:\/\/radis.ee\/#organization","name":"Radis O\u00dc","url":"https:\/\/radis.ee\/","logo":{"@type":"ImageObject","inLanguage":"fi","@id":"https:\/\/radis.ee\/#\/schema\/logo\/image\/","url":"https:\/\/radis.ee\/wp-content\/uploads\/2020\/10\/Radis-logo.png","contentUrl":"https:\/\/radis.ee\/wp-content\/uploads\/2020\/10\/Radis-logo.png","width":300,"height":63,"caption":"Radis O\u00dc"},"image":{"@id":"https:\/\/radis.ee\/#\/schema\/logo\/image\/"},"sameAs":["https:\/\/www.facebook.com\/radisfurniture\/"]}]}},"_links":{"self":[{"href":"https:\/\/radis.ee\/fi\/wp-json\/wp\/v2\/product\/5148","targetHints":{"allow":["GET"]}}],"collection":[{"href":"https:\/\/radis.ee\/fi\/wp-json\/wp\/v2\/product"}],"about":[{"href":"https:\/\/radis.ee\/fi\/wp-json\/wp\/v2\/types\/product"}],"replies":[{"embeddable":true,"href":"https:\/\/radis.ee\/fi\/wp-json\/wp\/v2\/comments?post=5148"}],"wp:featuredmedia":[{"embeddable":true,"href":"https:\/\/radis.ee\/fi\/wp-json\/wp\/v2\/media\/5132"}],"wp:attachment":[{"href":"https:\/\/radis.ee\/fi\/wp-json\/wp\/v2\/media?parent=5148"}],"wp:term":[{"taxonomy":"product_brand","embeddable":true,"href":"https:\/\/radis.ee\/fi\/wp-json\/wp\/v2\/product_brand?post=5148"},{"taxonomy":"product_cat","embeddable":true,"href":"https:\/\/radis.ee\/fi\/wp-json\/wp\/v2\/product_cat?post=5148"},{"taxonomy":"product_tag","embeddable":true,"href":"https:\/\/radis.ee\/fi\/wp-json\/wp\/v2\/product_tag?post=5148"}],"curies":[{"name":"wp","href":"https:\/\/api.w.org\/{rel}","templated":true}]}}