{"id":5650,"date":"2022-10-18T21:31:38","date_gmt":"2022-10-18T18:31:38","guid":{"rendered":"https:\/\/radis.ee\/levitettava-ruokapoyta-dinn\/"},"modified":"2025-11-06T13:28:26","modified_gmt":"2025-11-06T11:28:26","slug":"levitettava-ruokapoyta-dinn","status":"publish","type":"product","link":"https:\/\/radis.ee\/fi\/levitettava-ruokapoyta-dinn\/","title":{"rendered":"Levitett\u00e4v\u00e4 ruokap\u00f6yt\u00e4 DINN"},"content":{"rendered":"<p>Kotiv\u00e4en kesken koruton, mutta vierailijoiden tullessa DINN levitt\u00e4\u00e4 siipens\u00e4. Heti syntyy metrin verran lis\u00e4tilaa m\u00e4tikulhoille, viinilaseille ja vieraiden kyyn\u00e4rp\u00e4ille.<\/p>\n<p>P\u00f6yt\u00e4levy eritt\u00e4in kest\u00e4v\u00e4 silkkinen matto HPL (korkeapainelaminaatti) tai Forbo huonekalulinoleumi vanerilla. P\u00f6yd\u00e4njalat \u00f6ljyvahattu koivupuu, vaalea tammi.<\/p>\n<p>P\u00f6yd\u00e4n jatkeiden ulosvet\u00e4minen on eritt\u00e4in sujuvaa. P\u00f6yt\u00e4 on jo koottu, sinun on vain kiinnitett\u00e4v\u00e4 jalat.<\/p>\n","protected":false},"excerpt":{"rendered":"<p>Kotiv\u00e4en kesken koruton, mutta vierailijoiden tullessa DINN levitt\u00e4\u00e4 siipens\u00e4. Heti syntyy metrin verran lis\u00e4tilaa m\u00e4tikulhoille, viinilaseille ja vieraiden kyyn\u00e4rp\u00e4ille. P\u00f6yt\u00e4levy eritt\u00e4in kest\u00e4v\u00e4 silkkinen matto HPL (korkeapainelaminaatti) tai Forbo huonekalulinoleumi vanerilla. P\u00f6yd\u00e4njalat \u00f6ljyvahattu koivupuu, vaalea tammi. P\u00f6yd\u00e4n jatkeiden ulosvet\u00e4minen on eritt\u00e4in sujuvaa. P\u00f6yt\u00e4 on jo koottu, sinun on vain kiinnitett\u00e4v\u00e4 jalat.<\/p>\n","protected":false},"featured_media":25031,"comment_status":"open","ping_status":"closed","template":"","meta":{"_acf_changed":false},"product_brand":[],"product_cat":[111],"product_tag":[],"class_list":{"0":"post-5650","1":"product","2":"type-product","3":"status-publish","4":"has-post-thumbnail","6":"product_cat-lauad","8":"first","9":"instock","10":"taxable","11":"shipping-taxable","12":"purchasable","13":"product-type-variable","14":"has-default-attributes"},"acf":[],"yoast_head":"<!-- This site is optimized with the Yoast SEO plugin v27.3 - https:\/\/yoast.com\/product\/yoast-seo-wordpress\/ -->\n<title>Levitett\u00e4v\u00e4 ruokap\u00f6yt\u00e4 DINN - Radis<\/title>\n<meta name=\"robots\" content=\"index, follow, max-snippet:-1, max-image-preview:large, max-video-preview:-1\" \/>\n<link rel=\"canonical\" href=\"https:\/\/radis.ee\/fi\/levitettava-ruokapoyta-dinn\/\" \/>\n<meta property=\"og:locale\" content=\"fi_FI\" \/>\n<meta property=\"og:type\" content=\"article\" \/>\n<meta property=\"og:title\" content=\"Levitett\u00e4v\u00e4 ruokap\u00f6yt\u00e4 DINN - Radis\" \/>\n<meta property=\"og:description\" content=\"Kotiv\u00e4en kesken koruton, mutta vierailijoiden tullessa DINN levitt\u00e4\u00e4 siipens\u00e4. Heti syntyy metrin verran lis\u00e4tilaa m\u00e4tikulhoille, viinilaseille ja vieraiden kyyn\u00e4rp\u00e4ille. P\u00f6yt\u00e4levy eritt\u00e4in kest\u00e4v\u00e4 silkkinen matto HPL (korkeapainelaminaatti) tai Forbo huonekalulinoleumi vanerilla. P\u00f6yd\u00e4njalat \u00f6ljyvahattu koivupuu, vaalea tammi. P\u00f6yd\u00e4n jatkeiden ulosvet\u00e4minen on eritt\u00e4in sujuvaa. P\u00f6yt\u00e4 on jo koottu, sinun on vain kiinnitett\u00e4v\u00e4 jalat.\" \/>\n<meta property=\"og:url\" content=\"https:\/\/radis.ee\/fi\/levitettava-ruokapoyta-dinn\/\" \/>\n<meta property=\"og:site_name\" content=\"Radis\" \/>\n<meta property=\"article:publisher\" content=\"https:\/\/www.facebook.com\/radisfurniture\/\" \/>\n<meta property=\"article:modified_time\" content=\"2025-11-06T11:28:26+00:00\" \/>\n<meta property=\"og:image\" content=\"https:\/\/radis.ee\/wp-content\/uploads\/2022\/10\/Radis_DINN_extendable_dinner_table_Ausziehbarer_Esstisch_Jatkettava_ruokapoyta.jpg\" \/>\n\t<meta property=\"og:image:width\" content=\"1115\" \/>\n\t<meta property=\"og:image:height\" content=\"1343\" \/>\n\t<meta property=\"og:image:type\" content=\"image\/jpeg\" \/>\n<meta name=\"twitter:card\" content=\"summary_large_image\" \/>\n<script type=\"application\/ld+json\" class=\"yoast-schema-graph\">{\"@context\":\"https:\\\/\\\/schema.org\",\"@graph\":[{\"@type\":\"WebPage\",\"@id\":\"https:\\\/\\\/radis.ee\\\/fi\\\/levitettava-ruokapoyta-dinn\\\/\",\"url\":\"https:\\\/\\\/radis.ee\\\/fi\\\/levitettava-ruokapoyta-dinn\\\/\",\"name\":\"Levitett\u00e4v\u00e4 ruokap\u00f6yt\u00e4 DINN - Radis\",\"isPartOf\":{\"@id\":\"https:\\\/\\\/radis.ee\\\/#website\"},\"primaryImageOfPage\":{\"@id\":\"https:\\\/\\\/radis.ee\\\/fi\\\/levitettava-ruokapoyta-dinn\\\/#primaryimage\"},\"image\":{\"@id\":\"https:\\\/\\\/radis.ee\\\/fi\\\/levitettava-ruokapoyta-dinn\\\/#primaryimage\"},\"thumbnailUrl\":\"https:\\\/\\\/radis.ee\\\/wp-content\\\/uploads\\\/2022\\\/10\\\/Radis_DINN_extendable_dinner_table_Ausziehbarer_Esstisch_Jatkettava_ruokapoyta.jpg\",\"datePublished\":\"2022-10-18T18:31:38+00:00\",\"dateModified\":\"2025-11-06T11:28:26+00:00\",\"breadcrumb\":{\"@id\":\"https:\\\/\\\/radis.ee\\\/fi\\\/levitettava-ruokapoyta-dinn\\\/#breadcrumb\"},\"inLanguage\":\"fi\",\"potentialAction\":[{\"@type\":\"ReadAction\",\"target\":[\"https:\\\/\\\/radis.ee\\\/fi\\\/levitettava-ruokapoyta-dinn\\\/\"]}]},{\"@type\":\"ImageObject\",\"inLanguage\":\"fi\",\"@id\":\"https:\\\/\\\/radis.ee\\\/fi\\\/levitettava-ruokapoyta-dinn\\\/#primaryimage\",\"url\":\"https:\\\/\\\/radis.ee\\\/wp-content\\\/uploads\\\/2022\\\/10\\\/Radis_DINN_extendable_dinner_table_Ausziehbarer_Esstisch_Jatkettava_ruokapoyta.jpg\",\"contentUrl\":\"https:\\\/\\\/radis.ee\\\/wp-content\\\/uploads\\\/2022\\\/10\\\/Radis_DINN_extendable_dinner_table_Ausziehbarer_Esstisch_Jatkettava_ruokapoyta.jpg\",\"width\":1115,\"height\":1343,\"caption\":\"RADIS EXTENDABLE DINNER TABLE DINN\"},{\"@type\":\"BreadcrumbList\",\"@id\":\"https:\\\/\\\/radis.ee\\\/fi\\\/levitettava-ruokapoyta-dinn\\\/#breadcrumb\",\"itemListElement\":[{\"@type\":\"ListItem\",\"position\":1,\"name\":\"Home\",\"item\":\"https:\\\/\\\/radis.ee\\\/\"},{\"@type\":\"ListItem\",\"position\":2,\"name\":\"Tuotteet\",\"item\":\"https:\\\/\\\/radis.ee\\\/fi\\\/tuotteet\\\/\"},{\"@type\":\"ListItem\",\"position\":3,\"name\":\"Levitett\u00e4v\u00e4 ruokap\u00f6yt\u00e4 DINN\"}]},{\"@type\":\"WebSite\",\"@id\":\"https:\\\/\\\/radis.ee\\\/#website\",\"url\":\"https:\\\/\\\/radis.ee\\\/\",\"name\":\"Radis\",\"description\":\"Nordic design furniture, environmentally friendly and sustainable.\",\"publisher\":{\"@id\":\"https:\\\/\\\/radis.ee\\\/#organization\"},\"potentialAction\":[{\"@type\":\"SearchAction\",\"target\":{\"@type\":\"EntryPoint\",\"urlTemplate\":\"https:\\\/\\\/radis.ee\\\/?s={search_term_string}\"},\"query-input\":{\"@type\":\"PropertyValueSpecification\",\"valueRequired\":true,\"valueName\":\"search_term_string\"}}],\"inLanguage\":\"fi\"},{\"@type\":\"Organization\",\"@id\":\"https:\\\/\\\/radis.ee\\\/#organization\",\"name\":\"Radis O\u00dc\",\"url\":\"https:\\\/\\\/radis.ee\\\/\",\"logo\":{\"@type\":\"ImageObject\",\"inLanguage\":\"fi\",\"@id\":\"https:\\\/\\\/radis.ee\\\/#\\\/schema\\\/logo\\\/image\\\/\",\"url\":\"https:\\\/\\\/radis.ee\\\/wp-content\\\/uploads\\\/2020\\\/10\\\/Radis-logo.png\",\"contentUrl\":\"https:\\\/\\\/radis.ee\\\/wp-content\\\/uploads\\\/2020\\\/10\\\/Radis-logo.png\",\"width\":300,\"height\":63,\"caption\":\"Radis O\u00dc\"},\"image\":{\"@id\":\"https:\\\/\\\/radis.ee\\\/#\\\/schema\\\/logo\\\/image\\\/\"},\"sameAs\":[\"https:\\\/\\\/www.facebook.com\\\/radisfurniture\\\/\"]}]}<\/script>\n<!-- \/ Yoast SEO plugin. -->","yoast_head_json":{"title":"Levitett\u00e4v\u00e4 ruokap\u00f6yt\u00e4 DINN - Radis","robots":{"index":"index","follow":"follow","max-snippet":"max-snippet:-1","max-image-preview":"max-image-preview:large","max-video-preview":"max-video-preview:-1"},"canonical":"https:\/\/radis.ee\/fi\/levitettava-ruokapoyta-dinn\/","og_locale":"fi_FI","og_type":"article","og_title":"Levitett\u00e4v\u00e4 ruokap\u00f6yt\u00e4 DINN - Radis","og_description":"Kotiv\u00e4en kesken koruton, mutta vierailijoiden tullessa DINN levitt\u00e4\u00e4 siipens\u00e4. Heti syntyy metrin verran lis\u00e4tilaa m\u00e4tikulhoille, viinilaseille ja vieraiden kyyn\u00e4rp\u00e4ille. P\u00f6yt\u00e4levy eritt\u00e4in kest\u00e4v\u00e4 silkkinen matto HPL (korkeapainelaminaatti) tai Forbo huonekalulinoleumi vanerilla. P\u00f6yd\u00e4njalat \u00f6ljyvahattu koivupuu, vaalea tammi. P\u00f6yd\u00e4n jatkeiden ulosvet\u00e4minen on eritt\u00e4in sujuvaa. P\u00f6yt\u00e4 on jo koottu, sinun on vain kiinnitett\u00e4v\u00e4 jalat.","og_url":"https:\/\/radis.ee\/fi\/levitettava-ruokapoyta-dinn\/","og_site_name":"Radis","article_publisher":"https:\/\/www.facebook.com\/radisfurniture\/","article_modified_time":"2025-11-06T11:28:26+00:00","og_image":[{"width":1115,"height":1343,"url":"https:\/\/radis.ee\/wp-content\/uploads\/2022\/10\/Radis_DINN_extendable_dinner_table_Ausziehbarer_Esstisch_Jatkettava_ruokapoyta.jpg","type":"image\/jpeg"}],"twitter_card":"summary_large_image","schema":{"@context":"https:\/\/schema.org","@graph":[{"@type":"WebPage","@id":"https:\/\/radis.ee\/fi\/levitettava-ruokapoyta-dinn\/","url":"https:\/\/radis.ee\/fi\/levitettava-ruokapoyta-dinn\/","name":"Levitett\u00e4v\u00e4 ruokap\u00f6yt\u00e4 DINN - Radis","isPartOf":{"@id":"https:\/\/radis.ee\/#website"},"primaryImageOfPage":{"@id":"https:\/\/radis.ee\/fi\/levitettava-ruokapoyta-dinn\/#primaryimage"},"image":{"@id":"https:\/\/radis.ee\/fi\/levitettava-ruokapoyta-dinn\/#primaryimage"},"thumbnailUrl":"https:\/\/radis.ee\/wp-content\/uploads\/2022\/10\/Radis_DINN_extendable_dinner_table_Ausziehbarer_Esstisch_Jatkettava_ruokapoyta.jpg","datePublished":"2022-10-18T18:31:38+00:00","dateModified":"2025-11-06T11:28:26+00:00","breadcrumb":{"@id":"https:\/\/radis.ee\/fi\/levitettava-ruokapoyta-dinn\/#breadcrumb"},"inLanguage":"fi","potentialAction":[{"@type":"ReadAction","target":["https:\/\/radis.ee\/fi\/levitettava-ruokapoyta-dinn\/"]}]},{"@type":"ImageObject","inLanguage":"fi","@id":"https:\/\/radis.ee\/fi\/levitettava-ruokapoyta-dinn\/#primaryimage","url":"https:\/\/radis.ee\/wp-content\/uploads\/2022\/10\/Radis_DINN_extendable_dinner_table_Ausziehbarer_Esstisch_Jatkettava_ruokapoyta.jpg","contentUrl":"https:\/\/radis.ee\/wp-content\/uploads\/2022\/10\/Radis_DINN_extendable_dinner_table_Ausziehbarer_Esstisch_Jatkettava_ruokapoyta.jpg","width":1115,"height":1343,"caption":"RADIS EXTENDABLE DINNER TABLE DINN"},{"@type":"BreadcrumbList","@id":"https:\/\/radis.ee\/fi\/levitettava-ruokapoyta-dinn\/#breadcrumb","itemListElement":[{"@type":"ListItem","position":1,"name":"Home","item":"https:\/\/radis.ee\/"},{"@type":"ListItem","position":2,"name":"Tuotteet","item":"https:\/\/radis.ee\/fi\/tuotteet\/"},{"@type":"ListItem","position":3,"name":"Levitett\u00e4v\u00e4 ruokap\u00f6yt\u00e4 DINN"}]},{"@type":"WebSite","@id":"https:\/\/radis.ee\/#website","url":"https:\/\/radis.ee\/","name":"Radis","description":"Nordic design furniture, environmentally friendly and sustainable.","publisher":{"@id":"https:\/\/radis.ee\/#organization"},"potentialAction":[{"@type":"SearchAction","target":{"@type":"EntryPoint","urlTemplate":"https:\/\/radis.ee\/?s={search_term_string}"},"query-input":{"@type":"PropertyValueSpecification","valueRequired":true,"valueName":"search_term_string"}}],"inLanguage":"fi"},{"@type":"Organization","@id":"https:\/\/radis.ee\/#organization","name":"Radis O\u00dc","url":"https:\/\/radis.ee\/","logo":{"@type":"ImageObject","inLanguage":"fi","@id":"https:\/\/radis.ee\/#\/schema\/logo\/image\/","url":"https:\/\/radis.ee\/wp-content\/uploads\/2020\/10\/Radis-logo.png","contentUrl":"https:\/\/radis.ee\/wp-content\/uploads\/2020\/10\/Radis-logo.png","width":300,"height":63,"caption":"Radis O\u00dc"},"image":{"@id":"https:\/\/radis.ee\/#\/schema\/logo\/image\/"},"sameAs":["https:\/\/www.facebook.com\/radisfurniture\/"]}]}},"_links":{"self":[{"href":"https:\/\/radis.ee\/fi\/wp-json\/wp\/v2\/product\/5650","targetHints":{"allow":["GET"]}}],"collection":[{"href":"https:\/\/radis.ee\/fi\/wp-json\/wp\/v2\/product"}],"about":[{"href":"https:\/\/radis.ee\/fi\/wp-json\/wp\/v2\/types\/product"}],"replies":[{"embeddable":true,"href":"https:\/\/radis.ee\/fi\/wp-json\/wp\/v2\/comments?post=5650"}],"wp:featuredmedia":[{"embeddable":true,"href":"https:\/\/radis.ee\/fi\/wp-json\/wp\/v2\/media\/25031"}],"wp:attachment":[{"href":"https:\/\/radis.ee\/fi\/wp-json\/wp\/v2\/media?parent=5650"}],"wp:term":[{"taxonomy":"product_brand","embeddable":true,"href":"https:\/\/radis.ee\/fi\/wp-json\/wp\/v2\/product_brand?post=5650"},{"taxonomy":"product_cat","embeddable":true,"href":"https:\/\/radis.ee\/fi\/wp-json\/wp\/v2\/product_cat?post=5650"},{"taxonomy":"product_tag","embeddable":true,"href":"https:\/\/radis.ee\/fi\/wp-json\/wp\/v2\/product_tag?post=5650"}],"curies":[{"name":"wp","href":"https:\/\/api.w.org\/{rel}","templated":true}]}}