{"id":6287,"date":"2022-10-17T21:56:00","date_gmt":"2022-10-17T18:56:00","guid":{"rendered":"https:\/\/radis.ee\/kirjoituspoyta-vista\/"},"modified":"2025-11-20T23:51:08","modified_gmt":"2025-11-20T21:51:08","slug":"kirjoituspoyta-vista","status":"publish","type":"product","link":"https:\/\/radis.ee\/fi\/kirjoituspoyta-vista\/","title":{"rendered":"Kirjoitusp\u00f6yt\u00e4 VISTA"},"content":{"rendered":"<p>Desk Vistassa on tilava laatikko kaikille asiakirjoillesi ja suuri p\u00f6yt\u00e4taso, johon on hyv\u00e4 sijoittaa kyn\u00e4kuppi, tuoksukynttil\u00e4 tai pieni kaiutin pit\u00e4m\u00e4\u00e4n ty\u00f6skentelytunnelman hyv\u00e4n\u00e4. Voit ohjata tietokoneen, lampun ja muiden laitteiden johdot suunnitellun p\u00f6yt\u00e4l\u00e4p\u00e4n alle, johon voit my\u00f6s piilottaa laturit ja jatkojohdot. P\u00f6yd\u00e4n puhdas muoto ja mukautumiskyky tekev\u00e4t siit\u00e4 kaikkien kotitoimistojen kuninkaan.<\/p>\n<p>Vista-p\u00f6yd\u00e4ss\u00e4 on mustat kartiomaiset metallijalat tai kapeat koivupuusta valmistetut jalat, jotka voivat olla joko mustat tai tammen v\u00e4riset makusi mukaan.<\/p>\n<p>P\u00f6yt\u00e4lautanen silkkimatta eritt\u00e4in vahva korkeapainelaminaatti (HPL) vanerilla (valkoinen RAL 9003) tai tammiviilutettu vaneri. Tilavan p\u00f6yt\u00e4laatikon sis\u00e4leveys on 60 cm, syvyys 40 cm, korkeus 8 cm. Laatikossa on \u00e4\u00e4nett\u00f6m\u00e4sti sulkeutuvat kiskot. Piilotettu johtokotelo on 66 cm leve\u00e4, 12 cm syv\u00e4 ja 10 cm korkea.<\/p>\n","protected":false},"excerpt":{"rendered":"<p>Desk Vistassa on tilava laatikko kaikille asiakirjoillesi ja suuri p\u00f6yt\u00e4taso, johon on hyv\u00e4 sijoittaa kyn\u00e4kuppi, tuoksukynttil\u00e4 tai pieni kaiutin pit\u00e4m\u00e4\u00e4n ty\u00f6skentelytunnelman hyv\u00e4n\u00e4. Voit ohjata tietokoneen, lampun ja muiden laitteiden johdot suunnitellun p\u00f6yt\u00e4l\u00e4p\u00e4n alle, johon voit my\u00f6s piilottaa laturit ja jatkojohdot. P\u00f6yd\u00e4n puhdas muoto ja mukautumiskyky tekev\u00e4t siit\u00e4 kaikkien kotitoimistojen kuninkaan. Vista-p\u00f6yd\u00e4ss\u00e4 on mustat kartiomaiset metallijalat&#8230;<\/p>\n","protected":false},"featured_media":30574,"comment_status":"open","ping_status":"closed","template":"","meta":{"_acf_changed":false},"product_brand":[],"product_cat":[111],"product_tag":[],"class_list":{"0":"post-6287","1":"product","2":"type-product","3":"status-publish","4":"has-post-thumbnail","6":"product_cat-lauad","8":"first","9":"instock","10":"taxable","11":"shipping-taxable","12":"purchasable","13":"product-type-variable","14":"has-default-attributes"},"acf":[],"yoast_head":"<!-- This site is optimized with the Yoast SEO plugin v27.4 - https:\/\/yoast.com\/product\/yoast-seo-wordpress\/ -->\n<title>Kirjoitusp\u00f6yt\u00e4 VISTA - Radis<\/title>\n<meta name=\"robots\" content=\"index, follow, max-snippet:-1, max-image-preview:large, max-video-preview:-1\" \/>\n<link rel=\"canonical\" href=\"https:\/\/radis.ee\/fi\/kirjoituspoyta-vista\/\" \/>\n<meta property=\"og:locale\" content=\"fi_FI\" \/>\n<meta property=\"og:type\" content=\"article\" \/>\n<meta property=\"og:title\" content=\"Kirjoitusp\u00f6yt\u00e4 VISTA - Radis\" \/>\n<meta property=\"og:description\" content=\"Desk Vistassa on tilava laatikko kaikille asiakirjoillesi ja suuri p\u00f6yt\u00e4taso, johon on hyv\u00e4 sijoittaa kyn\u00e4kuppi, tuoksukynttil\u00e4 tai pieni kaiutin pit\u00e4m\u00e4\u00e4n ty\u00f6skentelytunnelman hyv\u00e4n\u00e4. Voit ohjata tietokoneen, lampun ja muiden laitteiden johdot suunnitellun p\u00f6yt\u00e4l\u00e4p\u00e4n alle, johon voit my\u00f6s piilottaa laturit ja jatkojohdot. P\u00f6yd\u00e4n puhdas muoto ja mukautumiskyky tekev\u00e4t siit\u00e4 kaikkien kotitoimistojen kuninkaan. Vista-p\u00f6yd\u00e4ss\u00e4 on mustat kartiomaiset metallijalat...\" \/>\n<meta property=\"og:url\" content=\"https:\/\/radis.ee\/fi\/kirjoituspoyta-vista\/\" \/>\n<meta property=\"og:site_name\" content=\"Radis\" \/>\n<meta property=\"article:publisher\" content=\"https:\/\/www.facebook.com\/radisfurniture\/\" \/>\n<meta property=\"article:modified_time\" content=\"2025-11-20T21:51:08+00:00\" \/>\n<meta property=\"og:image\" content=\"https:\/\/radis.ee\/wp-content\/uploads\/2020\/09\/RADSI_desk_VISTA_oak_veneered_white_background.jpg\" \/>\n\t<meta property=\"og:image:width\" content=\"1200\" \/>\n\t<meta property=\"og:image:height\" content=\"1429\" \/>\n\t<meta property=\"og:image:type\" content=\"image\/jpeg\" \/>\n<meta name=\"twitter:card\" content=\"summary_large_image\" \/>\n<meta name=\"twitter:label1\" content=\"Arvioitu lukuaika\" \/>\n\t<meta name=\"twitter:data1\" content=\"1 minuutti\" \/>\n<script type=\"application\/ld+json\" class=\"yoast-schema-graph\">{\"@context\":\"https:\\\/\\\/schema.org\",\"@graph\":[{\"@type\":\"WebPage\",\"@id\":\"https:\\\/\\\/radis.ee\\\/fi\\\/kirjoituspoyta-vista\\\/\",\"url\":\"https:\\\/\\\/radis.ee\\\/fi\\\/kirjoituspoyta-vista\\\/\",\"name\":\"Kirjoitusp\u00f6yt\u00e4 VISTA - Radis\",\"isPartOf\":{\"@id\":\"https:\\\/\\\/radis.ee\\\/#website\"},\"primaryImageOfPage\":{\"@id\":\"https:\\\/\\\/radis.ee\\\/fi\\\/kirjoituspoyta-vista\\\/#primaryimage\"},\"image\":{\"@id\":\"https:\\\/\\\/radis.ee\\\/fi\\\/kirjoituspoyta-vista\\\/#primaryimage\"},\"thumbnailUrl\":\"https:\\\/\\\/radis.ee\\\/wp-content\\\/uploads\\\/2022\\\/10\\\/Radis_Furniture_desk_VISTA_Oak_veneered_plywood_black_conical_metal_legs_white_background-1.webp\",\"datePublished\":\"2022-10-17T18:56:00+00:00\",\"dateModified\":\"2025-11-20T21:51:08+00:00\",\"breadcrumb\":{\"@id\":\"https:\\\/\\\/radis.ee\\\/fi\\\/kirjoituspoyta-vista\\\/#breadcrumb\"},\"inLanguage\":\"fi\",\"potentialAction\":[{\"@type\":\"ReadAction\",\"target\":[\"https:\\\/\\\/radis.ee\\\/fi\\\/kirjoituspoyta-vista\\\/\"]}]},{\"@type\":\"ImageObject\",\"inLanguage\":\"fi\",\"@id\":\"https:\\\/\\\/radis.ee\\\/fi\\\/kirjoituspoyta-vista\\\/#primaryimage\",\"url\":\"https:\\\/\\\/radis.ee\\\/wp-content\\\/uploads\\\/2022\\\/10\\\/Radis_Furniture_desk_VISTA_Oak_veneered_plywood_black_conical_metal_legs_white_background-1.webp\",\"contentUrl\":\"https:\\\/\\\/radis.ee\\\/wp-content\\\/uploads\\\/2022\\\/10\\\/Radis_Furniture_desk_VISTA_Oak_veneered_plywood_black_conical_metal_legs_white_background-1.webp\",\"width\":738,\"height\":793,\"caption\":\"Radis Furniture desk VISTA Oak veneered plywood black conical metal legs\"},{\"@type\":\"BreadcrumbList\",\"@id\":\"https:\\\/\\\/radis.ee\\\/fi\\\/kirjoituspoyta-vista\\\/#breadcrumb\",\"itemListElement\":[{\"@type\":\"ListItem\",\"position\":1,\"name\":\"Home\",\"item\":\"https:\\\/\\\/radis.ee\\\/\"},{\"@type\":\"ListItem\",\"position\":2,\"name\":\"Tuotteet\",\"item\":\"https:\\\/\\\/radis.ee\\\/fi\\\/tuotteet\\\/\"},{\"@type\":\"ListItem\",\"position\":3,\"name\":\"Kirjoitusp\u00f6yt\u00e4 VISTA\"}]},{\"@type\":\"WebSite\",\"@id\":\"https:\\\/\\\/radis.ee\\\/#website\",\"url\":\"https:\\\/\\\/radis.ee\\\/\",\"name\":\"Radis\",\"description\":\"Nordic design furniture, environmentally friendly and sustainable.\",\"publisher\":{\"@id\":\"https:\\\/\\\/radis.ee\\\/#organization\"},\"potentialAction\":[{\"@type\":\"SearchAction\",\"target\":{\"@type\":\"EntryPoint\",\"urlTemplate\":\"https:\\\/\\\/radis.ee\\\/?s={search_term_string}\"},\"query-input\":{\"@type\":\"PropertyValueSpecification\",\"valueRequired\":true,\"valueName\":\"search_term_string\"}}],\"inLanguage\":\"fi\"},{\"@type\":\"Organization\",\"@id\":\"https:\\\/\\\/radis.ee\\\/#organization\",\"name\":\"Radis O\u00dc\",\"url\":\"https:\\\/\\\/radis.ee\\\/\",\"logo\":{\"@type\":\"ImageObject\",\"inLanguage\":\"fi\",\"@id\":\"https:\\\/\\\/radis.ee\\\/#\\\/schema\\\/logo\\\/image\\\/\",\"url\":\"https:\\\/\\\/radis.ee\\\/wp-content\\\/uploads\\\/2020\\\/10\\\/Radis-logo.png\",\"contentUrl\":\"https:\\\/\\\/radis.ee\\\/wp-content\\\/uploads\\\/2020\\\/10\\\/Radis-logo.png\",\"width\":300,\"height\":63,\"caption\":\"Radis O\u00dc\"},\"image\":{\"@id\":\"https:\\\/\\\/radis.ee\\\/#\\\/schema\\\/logo\\\/image\\\/\"},\"sameAs\":[\"https:\\\/\\\/www.facebook.com\\\/radisfurniture\\\/\"]}]}<\/script>\n<!-- \/ Yoast SEO plugin. -->","yoast_head_json":{"title":"Kirjoitusp\u00f6yt\u00e4 VISTA - Radis","robots":{"index":"index","follow":"follow","max-snippet":"max-snippet:-1","max-image-preview":"max-image-preview:large","max-video-preview":"max-video-preview:-1"},"canonical":"https:\/\/radis.ee\/fi\/kirjoituspoyta-vista\/","og_locale":"fi_FI","og_type":"article","og_title":"Kirjoitusp\u00f6yt\u00e4 VISTA - Radis","og_description":"Desk Vistassa on tilava laatikko kaikille asiakirjoillesi ja suuri p\u00f6yt\u00e4taso, johon on hyv\u00e4 sijoittaa kyn\u00e4kuppi, tuoksukynttil\u00e4 tai pieni kaiutin pit\u00e4m\u00e4\u00e4n ty\u00f6skentelytunnelman hyv\u00e4n\u00e4. Voit ohjata tietokoneen, lampun ja muiden laitteiden johdot suunnitellun p\u00f6yt\u00e4l\u00e4p\u00e4n alle, johon voit my\u00f6s piilottaa laturit ja jatkojohdot. P\u00f6yd\u00e4n puhdas muoto ja mukautumiskyky tekev\u00e4t siit\u00e4 kaikkien kotitoimistojen kuninkaan. Vista-p\u00f6yd\u00e4ss\u00e4 on mustat kartiomaiset metallijalat...","og_url":"https:\/\/radis.ee\/fi\/kirjoituspoyta-vista\/","og_site_name":"Radis","article_publisher":"https:\/\/www.facebook.com\/radisfurniture\/","article_modified_time":"2025-11-20T21:51:08+00:00","og_image":[{"width":1200,"height":1429,"url":"https:\/\/radis.ee\/wp-content\/uploads\/2020\/09\/RADSI_desk_VISTA_oak_veneered_white_background.jpg","type":"image\/jpeg"}],"twitter_card":"summary_large_image","twitter_misc":{"Arvioitu lukuaika":"1 minuutti"},"schema":{"@context":"https:\/\/schema.org","@graph":[{"@type":"WebPage","@id":"https:\/\/radis.ee\/fi\/kirjoituspoyta-vista\/","url":"https:\/\/radis.ee\/fi\/kirjoituspoyta-vista\/","name":"Kirjoitusp\u00f6yt\u00e4 VISTA - Radis","isPartOf":{"@id":"https:\/\/radis.ee\/#website"},"primaryImageOfPage":{"@id":"https:\/\/radis.ee\/fi\/kirjoituspoyta-vista\/#primaryimage"},"image":{"@id":"https:\/\/radis.ee\/fi\/kirjoituspoyta-vista\/#primaryimage"},"thumbnailUrl":"https:\/\/radis.ee\/wp-content\/uploads\/2022\/10\/Radis_Furniture_desk_VISTA_Oak_veneered_plywood_black_conical_metal_legs_white_background-1.webp","datePublished":"2022-10-17T18:56:00+00:00","dateModified":"2025-11-20T21:51:08+00:00","breadcrumb":{"@id":"https:\/\/radis.ee\/fi\/kirjoituspoyta-vista\/#breadcrumb"},"inLanguage":"fi","potentialAction":[{"@type":"ReadAction","target":["https:\/\/radis.ee\/fi\/kirjoituspoyta-vista\/"]}]},{"@type":"ImageObject","inLanguage":"fi","@id":"https:\/\/radis.ee\/fi\/kirjoituspoyta-vista\/#primaryimage","url":"https:\/\/radis.ee\/wp-content\/uploads\/2022\/10\/Radis_Furniture_desk_VISTA_Oak_veneered_plywood_black_conical_metal_legs_white_background-1.webp","contentUrl":"https:\/\/radis.ee\/wp-content\/uploads\/2022\/10\/Radis_Furniture_desk_VISTA_Oak_veneered_plywood_black_conical_metal_legs_white_background-1.webp","width":738,"height":793,"caption":"Radis Furniture desk VISTA Oak veneered plywood black conical metal legs"},{"@type":"BreadcrumbList","@id":"https:\/\/radis.ee\/fi\/kirjoituspoyta-vista\/#breadcrumb","itemListElement":[{"@type":"ListItem","position":1,"name":"Home","item":"https:\/\/radis.ee\/"},{"@type":"ListItem","position":2,"name":"Tuotteet","item":"https:\/\/radis.ee\/fi\/tuotteet\/"},{"@type":"ListItem","position":3,"name":"Kirjoitusp\u00f6yt\u00e4 VISTA"}]},{"@type":"WebSite","@id":"https:\/\/radis.ee\/#website","url":"https:\/\/radis.ee\/","name":"Radis","description":"Nordic design furniture, environmentally friendly and sustainable.","publisher":{"@id":"https:\/\/radis.ee\/#organization"},"potentialAction":[{"@type":"SearchAction","target":{"@type":"EntryPoint","urlTemplate":"https:\/\/radis.ee\/?s={search_term_string}"},"query-input":{"@type":"PropertyValueSpecification","valueRequired":true,"valueName":"search_term_string"}}],"inLanguage":"fi"},{"@type":"Organization","@id":"https:\/\/radis.ee\/#organization","name":"Radis O\u00dc","url":"https:\/\/radis.ee\/","logo":{"@type":"ImageObject","inLanguage":"fi","@id":"https:\/\/radis.ee\/#\/schema\/logo\/image\/","url":"https:\/\/radis.ee\/wp-content\/uploads\/2020\/10\/Radis-logo.png","contentUrl":"https:\/\/radis.ee\/wp-content\/uploads\/2020\/10\/Radis-logo.png","width":300,"height":63,"caption":"Radis O\u00dc"},"image":{"@id":"https:\/\/radis.ee\/#\/schema\/logo\/image\/"},"sameAs":["https:\/\/www.facebook.com\/radisfurniture\/"]}]}},"_links":{"self":[{"href":"https:\/\/radis.ee\/fi\/wp-json\/wp\/v2\/product\/6287","targetHints":{"allow":["GET"]}}],"collection":[{"href":"https:\/\/radis.ee\/fi\/wp-json\/wp\/v2\/product"}],"about":[{"href":"https:\/\/radis.ee\/fi\/wp-json\/wp\/v2\/types\/product"}],"replies":[{"embeddable":true,"href":"https:\/\/radis.ee\/fi\/wp-json\/wp\/v2\/comments?post=6287"}],"wp:featuredmedia":[{"embeddable":true,"href":"https:\/\/radis.ee\/fi\/wp-json\/wp\/v2\/media\/30574"}],"wp:attachment":[{"href":"https:\/\/radis.ee\/fi\/wp-json\/wp\/v2\/media?parent=6287"}],"wp:term":[{"taxonomy":"product_brand","embeddable":true,"href":"https:\/\/radis.ee\/fi\/wp-json\/wp\/v2\/product_brand?post=6287"},{"taxonomy":"product_cat","embeddable":true,"href":"https:\/\/radis.ee\/fi\/wp-json\/wp\/v2\/product_cat?post=6287"},{"taxonomy":"product_tag","embeddable":true,"href":"https:\/\/radis.ee\/fi\/wp-json\/wp\/v2\/product_tag?post=6287"}],"curies":[{"name":"wp","href":"https:\/\/api.w.org\/{rel}","templated":true}]}}