{"id":6296,"date":"2019-11-30T22:28:59","date_gmt":"2020-11-30T20:28:59","guid":{"rendered":"https:\/\/radis.ee\/sivupoyta-noble\/"},"modified":"2020-11-30T22:28:59","modified_gmt":"2020-11-30T20:28:59","slug":"sivupoyta-noble","status":"publish","type":"product","link":"https:\/\/radis.ee\/fi\/sivupoyta-noble\/","title":{"rendered":"Sivup\u00f6yt\u00e4 NOBLE"},"content":{"rendered":"<p>Sinun ei koskaan tarvitse kompromisseja, mik\u00e4 kakku leipoo ja tarjoilee. NOBLE-vaunup\u00f6yt\u00e4 on t\u00e4\u00e4ll\u00e4 tuomaan sen tyylikk\u00e4\u00e4sti p\u00f6yt\u00e4\u00e4n.<\/p>\n<p>K\u00e4yt\u00e4 sit\u00e4 ylim\u00e4\u00e4r\u00e4isen\u00e4 palvelup\u00f6yt\u00e4n\u00e4, kun sinulla on vieraita tai aivan s\u00f6p\u00f6 sivup\u00f6yt\u00e4, jossa kahvikuppi asetetaan sohvalle. S\u00f6p\u00f6jen py\u00f6rien ja erinomaisen toimivuuden ansiosta siit\u00e4 tulee uusi suosikki huonekalujasi.<\/p>\n<p>Valmistettu tammiviilutetusta koivuvanerista. \u00a0Vaunun alla on hiljaiset huonekalupy\u00f6r\u00e4t.<\/p>\n<p>NOBLE-tarjoilup\u00f6yd\u00e4st\u00e4 tulee sohvasi kiinte\u00e4 kumppani.<\/p>\n","protected":false},"excerpt":{"rendered":"<p>Sinun ei koskaan tarvitse kompromisseja, mik\u00e4 kakku leipoo ja tarjoilee. NOBLE-vaunup\u00f6yt\u00e4 on t\u00e4\u00e4ll\u00e4 tuomaan sen tyylikk\u00e4\u00e4sti p\u00f6yt\u00e4\u00e4n. K\u00e4yt\u00e4 sit\u00e4 ylim\u00e4\u00e4r\u00e4isen\u00e4 palvelup\u00f6yt\u00e4n\u00e4, kun sinulla on vieraita tai aivan s\u00f6p\u00f6 sivup\u00f6yt\u00e4, jossa kahvikuppi asetetaan sohvalle. S\u00f6p\u00f6jen py\u00f6rien ja erinomaisen toimivuuden ansiosta siit\u00e4 tulee uusi suosikki huonekalujasi. Valmistettu tammiviilutetusta koivuvanerista. \u00a0Vaunun alla on hiljaiset huonekalupy\u00f6r\u00e4t. NOBLE-tarjoilup\u00f6yd\u00e4st\u00e4 tulee sohvasi&#8230;<\/p>\n","protected":false},"featured_media":6318,"comment_status":"open","ping_status":"closed","template":"","meta":{"_acf_changed":false},"product_brand":[],"product_cat":[111],"product_tag":[],"class_list":{"0":"post-6296","1":"product","2":"type-product","3":"status-publish","4":"has-post-thumbnail","6":"product_cat-lauad","8":"first","9":"instock","10":"taxable","11":"shipping-taxable","12":"purchasable","13":"product-type-simple"},"acf":[],"yoast_head":"<!-- This site is optimized with the Yoast SEO plugin v27.4 - https:\/\/yoast.com\/product\/yoast-seo-wordpress\/ -->\n<title>Sivup\u00f6yt\u00e4 NOBLE - Radis<\/title>\n<meta name=\"robots\" content=\"index, follow, max-snippet:-1, max-image-preview:large, max-video-preview:-1\" \/>\n<link rel=\"canonical\" href=\"https:\/\/radis.ee\/serveerimislaud-noble\/\" \/>\n<meta property=\"og:locale\" content=\"fi_FI\" \/>\n<meta property=\"og:type\" content=\"article\" \/>\n<meta property=\"og:title\" content=\"Sivup\u00f6yt\u00e4 NOBLE - Radis\" \/>\n<meta property=\"og:description\" content=\"Sinun ei koskaan tarvitse kompromisseja, mik\u00e4 kakku leipoo ja tarjoilee. NOBLE-vaunup\u00f6yt\u00e4 on t\u00e4\u00e4ll\u00e4 tuomaan sen tyylikk\u00e4\u00e4sti p\u00f6yt\u00e4\u00e4n. K\u00e4yt\u00e4 sit\u00e4 ylim\u00e4\u00e4r\u00e4isen\u00e4 palvelup\u00f6yt\u00e4n\u00e4, kun sinulla on vieraita tai aivan s\u00f6p\u00f6 sivup\u00f6yt\u00e4, jossa kahvikuppi asetetaan sohvalle. S\u00f6p\u00f6jen py\u00f6rien ja erinomaisen toimivuuden ansiosta siit\u00e4 tulee uusi suosikki huonekalujasi. Valmistettu tammiviilutetusta koivuvanerista. \u00a0Vaunun alla on hiljaiset huonekalupy\u00f6r\u00e4t. NOBLE-tarjoilup\u00f6yd\u00e4st\u00e4 tulee sohvasi...\" \/>\n<meta property=\"og:url\" content=\"https:\/\/radis.ee\/serveerimislaud-noble\/\" \/>\n<meta property=\"og:site_name\" content=\"Radis\" \/>\n<meta property=\"article:publisher\" content=\"https:\/\/www.facebook.com\/radisfurniture\/\" \/>\n<meta property=\"og:image\" content=\"https:\/\/radis.ee\/wp-content\/uploads\/2019\/11\/Radis_trolley_table_NOBLE_oakveneered_interior_2_valgetaust-scaled.jpg\" \/>\n\t<meta property=\"og:image:width\" content=\"1798\" \/>\n\t<meta property=\"og:image:height\" content=\"2560\" \/>\n\t<meta property=\"og:image:type\" content=\"image\/jpeg\" \/>\n<meta name=\"twitter:card\" content=\"summary_large_image\" \/>\n<script type=\"application\/ld+json\" class=\"yoast-schema-graph\">{\"@context\":\"https:\\\/\\\/schema.org\",\"@graph\":[{\"@type\":\"WebPage\",\"@id\":\"https:\\\/\\\/radis.ee\\\/serveerimislaud-noble\\\/\",\"url\":\"https:\\\/\\\/radis.ee\\\/serveerimislaud-noble\\\/\",\"name\":\"Sivup\u00f6yt\u00e4 NOBLE - Radis\",\"isPartOf\":{\"@id\":\"https:\\\/\\\/radis.ee\\\/#website\"},\"primaryImageOfPage\":{\"@id\":\"https:\\\/\\\/radis.ee\\\/serveerimislaud-noble\\\/#primaryimage\"},\"image\":{\"@id\":\"https:\\\/\\\/radis.ee\\\/serveerimislaud-noble\\\/#primaryimage\"},\"thumbnailUrl\":\"https:\\\/\\\/radis.ee\\\/wp-content\\\/uploads\\\/2019\\\/11\\\/Radis_trolley_table_NOBLE_oakveneered_interior_2_valgetaust-scaled.jpg\",\"datePublished\":\"2020-11-30T20:28:59+00:00\",\"breadcrumb\":{\"@id\":\"https:\\\/\\\/radis.ee\\\/serveerimislaud-noble\\\/#breadcrumb\"},\"inLanguage\":\"fi\",\"potentialAction\":[{\"@type\":\"ReadAction\",\"target\":[\"https:\\\/\\\/radis.ee\\\/serveerimislaud-noble\\\/\"]}]},{\"@type\":\"ImageObject\",\"inLanguage\":\"fi\",\"@id\":\"https:\\\/\\\/radis.ee\\\/serveerimislaud-noble\\\/#primaryimage\",\"url\":\"https:\\\/\\\/radis.ee\\\/wp-content\\\/uploads\\\/2019\\\/11\\\/Radis_trolley_table_NOBLE_oakveneered_interior_2_valgetaust-scaled.jpg\",\"contentUrl\":\"https:\\\/\\\/radis.ee\\\/wp-content\\\/uploads\\\/2019\\\/11\\\/Radis_trolley_table_NOBLE_oakveneered_interior_2_valgetaust-scaled.jpg\",\"width\":1798,\"height\":2560,\"caption\":\"Trolley NOBLE\"},{\"@type\":\"BreadcrumbList\",\"@id\":\"https:\\\/\\\/radis.ee\\\/serveerimislaud-noble\\\/#breadcrumb\",\"itemListElement\":[{\"@type\":\"ListItem\",\"position\":1,\"name\":\"Home\",\"item\":\"https:\\\/\\\/radis.ee\\\/\"},{\"@type\":\"ListItem\",\"position\":2,\"name\":\"Tuotteet\",\"item\":\"https:\\\/\\\/radis.ee\\\/fi\\\/tuotteet\\\/\"},{\"@type\":\"ListItem\",\"position\":3,\"name\":\"Sivup\u00f6yt\u00e4 NOBLE\"}]},{\"@type\":\"WebSite\",\"@id\":\"https:\\\/\\\/radis.ee\\\/#website\",\"url\":\"https:\\\/\\\/radis.ee\\\/\",\"name\":\"Radis\",\"description\":\"Nordic design furniture, environmentally friendly and sustainable.\",\"publisher\":{\"@id\":\"https:\\\/\\\/radis.ee\\\/#organization\"},\"potentialAction\":[{\"@type\":\"SearchAction\",\"target\":{\"@type\":\"EntryPoint\",\"urlTemplate\":\"https:\\\/\\\/radis.ee\\\/?s={search_term_string}\"},\"query-input\":{\"@type\":\"PropertyValueSpecification\",\"valueRequired\":true,\"valueName\":\"search_term_string\"}}],\"inLanguage\":\"fi\"},{\"@type\":\"Organization\",\"@id\":\"https:\\\/\\\/radis.ee\\\/#organization\",\"name\":\"Radis O\u00dc\",\"url\":\"https:\\\/\\\/radis.ee\\\/\",\"logo\":{\"@type\":\"ImageObject\",\"inLanguage\":\"fi\",\"@id\":\"https:\\\/\\\/radis.ee\\\/#\\\/schema\\\/logo\\\/image\\\/\",\"url\":\"https:\\\/\\\/radis.ee\\\/wp-content\\\/uploads\\\/2020\\\/10\\\/Radis-logo.png\",\"contentUrl\":\"https:\\\/\\\/radis.ee\\\/wp-content\\\/uploads\\\/2020\\\/10\\\/Radis-logo.png\",\"width\":300,\"height\":63,\"caption\":\"Radis O\u00dc\"},\"image\":{\"@id\":\"https:\\\/\\\/radis.ee\\\/#\\\/schema\\\/logo\\\/image\\\/\"},\"sameAs\":[\"https:\\\/\\\/www.facebook.com\\\/radisfurniture\\\/\"]}]}<\/script>\n<!-- \/ Yoast SEO plugin. -->","yoast_head_json":{"title":"Sivup\u00f6yt\u00e4 NOBLE - Radis","robots":{"index":"index","follow":"follow","max-snippet":"max-snippet:-1","max-image-preview":"max-image-preview:large","max-video-preview":"max-video-preview:-1"},"canonical":"https:\/\/radis.ee\/serveerimislaud-noble\/","og_locale":"fi_FI","og_type":"article","og_title":"Sivup\u00f6yt\u00e4 NOBLE - Radis","og_description":"Sinun ei koskaan tarvitse kompromisseja, mik\u00e4 kakku leipoo ja tarjoilee. NOBLE-vaunup\u00f6yt\u00e4 on t\u00e4\u00e4ll\u00e4 tuomaan sen tyylikk\u00e4\u00e4sti p\u00f6yt\u00e4\u00e4n. K\u00e4yt\u00e4 sit\u00e4 ylim\u00e4\u00e4r\u00e4isen\u00e4 palvelup\u00f6yt\u00e4n\u00e4, kun sinulla on vieraita tai aivan s\u00f6p\u00f6 sivup\u00f6yt\u00e4, jossa kahvikuppi asetetaan sohvalle. S\u00f6p\u00f6jen py\u00f6rien ja erinomaisen toimivuuden ansiosta siit\u00e4 tulee uusi suosikki huonekalujasi. Valmistettu tammiviilutetusta koivuvanerista. \u00a0Vaunun alla on hiljaiset huonekalupy\u00f6r\u00e4t. NOBLE-tarjoilup\u00f6yd\u00e4st\u00e4 tulee sohvasi...","og_url":"https:\/\/radis.ee\/serveerimislaud-noble\/","og_site_name":"Radis","article_publisher":"https:\/\/www.facebook.com\/radisfurniture\/","og_image":[{"width":1798,"height":2560,"url":"https:\/\/radis.ee\/wp-content\/uploads\/2019\/11\/Radis_trolley_table_NOBLE_oakveneered_interior_2_valgetaust-scaled.jpg","type":"image\/jpeg"}],"twitter_card":"summary_large_image","schema":{"@context":"https:\/\/schema.org","@graph":[{"@type":"WebPage","@id":"https:\/\/radis.ee\/serveerimislaud-noble\/","url":"https:\/\/radis.ee\/serveerimislaud-noble\/","name":"Sivup\u00f6yt\u00e4 NOBLE - Radis","isPartOf":{"@id":"https:\/\/radis.ee\/#website"},"primaryImageOfPage":{"@id":"https:\/\/radis.ee\/serveerimislaud-noble\/#primaryimage"},"image":{"@id":"https:\/\/radis.ee\/serveerimislaud-noble\/#primaryimage"},"thumbnailUrl":"https:\/\/radis.ee\/wp-content\/uploads\/2019\/11\/Radis_trolley_table_NOBLE_oakveneered_interior_2_valgetaust-scaled.jpg","datePublished":"2020-11-30T20:28:59+00:00","breadcrumb":{"@id":"https:\/\/radis.ee\/serveerimislaud-noble\/#breadcrumb"},"inLanguage":"fi","potentialAction":[{"@type":"ReadAction","target":["https:\/\/radis.ee\/serveerimislaud-noble\/"]}]},{"@type":"ImageObject","inLanguage":"fi","@id":"https:\/\/radis.ee\/serveerimislaud-noble\/#primaryimage","url":"https:\/\/radis.ee\/wp-content\/uploads\/2019\/11\/Radis_trolley_table_NOBLE_oakveneered_interior_2_valgetaust-scaled.jpg","contentUrl":"https:\/\/radis.ee\/wp-content\/uploads\/2019\/11\/Radis_trolley_table_NOBLE_oakveneered_interior_2_valgetaust-scaled.jpg","width":1798,"height":2560,"caption":"Trolley NOBLE"},{"@type":"BreadcrumbList","@id":"https:\/\/radis.ee\/serveerimislaud-noble\/#breadcrumb","itemListElement":[{"@type":"ListItem","position":1,"name":"Home","item":"https:\/\/radis.ee\/"},{"@type":"ListItem","position":2,"name":"Tuotteet","item":"https:\/\/radis.ee\/fi\/tuotteet\/"},{"@type":"ListItem","position":3,"name":"Sivup\u00f6yt\u00e4 NOBLE"}]},{"@type":"WebSite","@id":"https:\/\/radis.ee\/#website","url":"https:\/\/radis.ee\/","name":"Radis","description":"Nordic design furniture, environmentally friendly and sustainable.","publisher":{"@id":"https:\/\/radis.ee\/#organization"},"potentialAction":[{"@type":"SearchAction","target":{"@type":"EntryPoint","urlTemplate":"https:\/\/radis.ee\/?s={search_term_string}"},"query-input":{"@type":"PropertyValueSpecification","valueRequired":true,"valueName":"search_term_string"}}],"inLanguage":"fi"},{"@type":"Organization","@id":"https:\/\/radis.ee\/#organization","name":"Radis O\u00dc","url":"https:\/\/radis.ee\/","logo":{"@type":"ImageObject","inLanguage":"fi","@id":"https:\/\/radis.ee\/#\/schema\/logo\/image\/","url":"https:\/\/radis.ee\/wp-content\/uploads\/2020\/10\/Radis-logo.png","contentUrl":"https:\/\/radis.ee\/wp-content\/uploads\/2020\/10\/Radis-logo.png","width":300,"height":63,"caption":"Radis O\u00dc"},"image":{"@id":"https:\/\/radis.ee\/#\/schema\/logo\/image\/"},"sameAs":["https:\/\/www.facebook.com\/radisfurniture\/"]}]}},"_links":{"self":[{"href":"https:\/\/radis.ee\/fi\/wp-json\/wp\/v2\/product\/6296","targetHints":{"allow":["GET"]}}],"collection":[{"href":"https:\/\/radis.ee\/fi\/wp-json\/wp\/v2\/product"}],"about":[{"href":"https:\/\/radis.ee\/fi\/wp-json\/wp\/v2\/types\/product"}],"replies":[{"embeddable":true,"href":"https:\/\/radis.ee\/fi\/wp-json\/wp\/v2\/comments?post=6296"}],"wp:featuredmedia":[{"embeddable":true,"href":"https:\/\/radis.ee\/fi\/wp-json\/wp\/v2\/media\/6318"}],"wp:attachment":[{"href":"https:\/\/radis.ee\/fi\/wp-json\/wp\/v2\/media?parent=6296"}],"wp:term":[{"taxonomy":"product_brand","embeddable":true,"href":"https:\/\/radis.ee\/fi\/wp-json\/wp\/v2\/product_brand?post=6296"},{"taxonomy":"product_cat","embeddable":true,"href":"https:\/\/radis.ee\/fi\/wp-json\/wp\/v2\/product_cat?post=6296"},{"taxonomy":"product_tag","embeddable":true,"href":"https:\/\/radis.ee\/fi\/wp-json\/wp\/v2\/product_tag?post=6296"}],"curies":[{"name":"wp","href":"https:\/\/api.w.org\/{rel}","templated":true}]}}