{"id":6396,"date":"2020-05-14T21:36:03","date_gmt":"2020-12-14T19:36:03","guid":{"rendered":"https:\/\/radis.ee\/saadettava-poyta-vista\/"},"modified":"2023-02-21T14:11:36","modified_gmt":"2023-02-21T12:11:36","slug":"saadettava-poyta-vista","status":"publish","type":"product","link":"https:\/\/radis.ee\/fi\/saadettava-poyta-vista\/","title":{"rendered":"S\u00e4\u00e4dett\u00e4v\u00e4 p\u00f6yt\u00e4 VISTA"},"content":{"rendered":"<p>S\u00e4\u00e4dett\u00e4v\u00e4 Vista-p\u00f6yt\u00e4 pit\u00e4\u00e4 kodin tai toimiston puhtaana. Se pit\u00e4\u00e4 my\u00f6s selk\u00e4si terveellisen\u00e4. Ty\u00f6p\u00e4iv\u00e4n aikana voit muuttaa ty\u00f6p\u00f6yd\u00e4n asennon istumisesta seisomiseen napin painalluksella. S\u00e4hk\u00f6isesti s\u00e4\u00e4dett\u00e4v\u00e4t ty\u00f6p\u00f6yd\u00e4n jalat mahdollistavat istuma- ja seisonta-asennon vaihtamisen helposti ty\u00f6skentelyn aikana. T\u00e4m\u00e4 vuorottelu ja monipuolisuus v\u00e4hent\u00e4v\u00e4t sel\u00e4n lihasj\u00e4nnityst\u00e4, koska sinua ei pakoteta olemaan samassa asennossa koko p\u00e4iv\u00e4n.<\/p>\n<p>Voit valita sopivan p\u00f6yd\u00e4n korkeuden senttimetrin tarkkuudella ja tallentaa ne p\u00f6yd\u00e4n muistiin. T\u00e4m\u00e4 on erityisen k\u00e4tev\u00e4\u00e4, jos p\u00f6yt\u00e4\u00e4 k\u00e4ytt\u00e4v\u00e4t useat ihmiset, joten jopa kolme ihmist\u00e4 voi tallentaa suosikkikorkeutensa ja s\u00e4\u00e4t\u00e4\u00e4 sen oikein yhdell\u00e4 painalluksella p\u00f6yd\u00e4n takana. Kahden moottorin ansiosta s\u00e4\u00e4dett\u00e4v\u00e4t jalat ovat eritt\u00e4in sile\u00e4t ja hiljaiset, kun muutat p\u00f6yd\u00e4n korkeutta. P\u00f6yt\u00e4levyn korkeusalue on 71-120 cm.P\u00f6yd\u00e4n kantavuus on 100 kg. S\u00e4hk\u00f6jaloissa on 3 tallennuskorkeutta.<\/p>\n<p>Vista-p\u00f6yd\u00e4ss\u00e4 on suuri laatikko kaikille asiakirjoillesi. Voit ohjata tietokoneen, lampun ja muiden laitteiden kaapelit erillisten p\u00f6yt\u00e4levyjen l\u00e4p\u00e4n alle, jossa voit my\u00f6s piilottaa laturit ja jatkojohdon. P\u00f6yd\u00e4n puhdas muoto ja mukautuvuus tekev\u00e4t siit\u00e4 kaikkien kotitoimistojen kuninkaan.<\/p>\n<p>Lautanen on valmistettu silkkimatosta, eritt\u00e4in vahvasta korkeapainelaminaatista (HPL) vanerilla tai tammiviilusta. Laadukkaita 2-moottorisia s\u00e4\u00e4dett\u00e4vi\u00e4 metallijalkoja on saatavana useina s\u00e4vyin\u00e4. Tilavan p\u00f6yt\u00e4laatikon sis\u00e4inen leveys on 57 cm, syvyys 34 cm, korkeus 8 cm. Laatikossa on hiljaiset sulkeutuvat kiskot.\u00a0 Kaapeliventtiilin alla on tilava peruskotelo kaapeleiden piilottamiseksi, joiden leveys on 63 cm, korkeus 8 cm ja syvyys 24 cm.<\/p>\n","protected":false},"excerpt":{"rendered":"<p>S\u00e4\u00e4dett\u00e4v\u00e4 Vista-p\u00f6yt\u00e4 pit\u00e4\u00e4 kodin tai toimiston puhtaana. Se pit\u00e4\u00e4 my\u00f6s selk\u00e4si terveellisen\u00e4. Ty\u00f6p\u00e4iv\u00e4n aikana voit muuttaa ty\u00f6p\u00f6yd\u00e4n asennon istumisesta seisomiseen napin painalluksella. S\u00e4hk\u00f6isesti s\u00e4\u00e4dett\u00e4v\u00e4t ty\u00f6p\u00f6yd\u00e4n jalat mahdollistavat istuma- ja seisonta-asennon vaihtamisen helposti ty\u00f6skentelyn aikana. T\u00e4m\u00e4 vuorottelu ja monipuolisuus v\u00e4hent\u00e4v\u00e4t sel\u00e4n lihasj\u00e4nnityst\u00e4, koska sinua ei pakoteta olemaan samassa asennossa koko p\u00e4iv\u00e4n. Voit valita sopivan p\u00f6yd\u00e4n korkeuden&#8230;<\/p>\n","protected":false},"featured_media":19803,"comment_status":"open","ping_status":"closed","template":"","meta":{"_acf_changed":false},"product_brand":[],"product_cat":[111],"product_tag":[],"class_list":{"0":"post-6396","1":"product","2":"type-product","3":"status-publish","4":"has-post-thumbnail","6":"product_cat-lauad","8":"first","9":"instock","10":"taxable","11":"shipping-taxable","12":"purchasable","13":"product-type-variable","14":"has-default-attributes"},"acf":[],"yoast_head":"<!-- This site is optimized with the Yoast SEO plugin v27.4 - https:\/\/yoast.com\/product\/yoast-seo-wordpress\/ -->\n<title>S\u00e4\u00e4dett\u00e4v\u00e4 p\u00f6yt\u00e4 VISTA - Radis<\/title>\n<meta name=\"robots\" content=\"index, follow, max-snippet:-1, max-image-preview:large, max-video-preview:-1\" \/>\n<link rel=\"canonical\" href=\"https:\/\/radis.ee\/reguleeritava-korgusega-seisulaud-vista\/\" \/>\n<meta property=\"og:locale\" content=\"fi_FI\" \/>\n<meta property=\"og:type\" content=\"article\" \/>\n<meta property=\"og:title\" content=\"S\u00e4\u00e4dett\u00e4v\u00e4 p\u00f6yt\u00e4 VISTA - Radis\" \/>\n<meta property=\"og:description\" content=\"S\u00e4\u00e4dett\u00e4v\u00e4 Vista-p\u00f6yt\u00e4 pit\u00e4\u00e4 kodin tai toimiston puhtaana. Se pit\u00e4\u00e4 my\u00f6s selk\u00e4si terveellisen\u00e4. Ty\u00f6p\u00e4iv\u00e4n aikana voit muuttaa ty\u00f6p\u00f6yd\u00e4n asennon istumisesta seisomiseen napin painalluksella. S\u00e4hk\u00f6isesti s\u00e4\u00e4dett\u00e4v\u00e4t ty\u00f6p\u00f6yd\u00e4n jalat mahdollistavat istuma- ja seisonta-asennon vaihtamisen helposti ty\u00f6skentelyn aikana. T\u00e4m\u00e4 vuorottelu ja monipuolisuus v\u00e4hent\u00e4v\u00e4t sel\u00e4n lihasj\u00e4nnityst\u00e4, koska sinua ei pakoteta olemaan samassa asennossa koko p\u00e4iv\u00e4n. Voit valita sopivan p\u00f6yd\u00e4n korkeuden...\" \/>\n<meta property=\"og:url\" content=\"https:\/\/radis.ee\/reguleeritava-korgusega-seisulaud-vista\/\" \/>\n<meta property=\"og:site_name\" content=\"Radis\" \/>\n<meta property=\"article:publisher\" content=\"https:\/\/www.facebook.com\/radisfurniture\/\" \/>\n<meta property=\"article:modified_time\" content=\"2023-02-21T12:11:36+00:00\" \/>\n<meta property=\"og:image\" content=\"https:\/\/radis.ee\/wp-content\/uploads\/2020\/05\/Radis_desk_VISTA_white_HPL_electrical_legs_white_background-scaled.jpg\" \/>\n\t<meta property=\"og:image:width\" content=\"2150\" \/>\n\t<meta property=\"og:image:height\" content=\"2560\" \/>\n\t<meta property=\"og:image:type\" content=\"image\/jpeg\" \/>\n<meta name=\"twitter:card\" content=\"summary_large_image\" \/>\n<meta name=\"twitter:label1\" content=\"Arvioitu lukuaika\" \/>\n\t<meta name=\"twitter:data1\" content=\"1 minuutti\" \/>\n<script type=\"application\/ld+json\" class=\"yoast-schema-graph\">{\"@context\":\"https:\\\/\\\/schema.org\",\"@graph\":[{\"@type\":\"WebPage\",\"@id\":\"https:\\\/\\\/radis.ee\\\/reguleeritava-korgusega-seisulaud-vista\\\/\",\"url\":\"https:\\\/\\\/radis.ee\\\/reguleeritava-korgusega-seisulaud-vista\\\/\",\"name\":\"S\u00e4\u00e4dett\u00e4v\u00e4 p\u00f6yt\u00e4 VISTA - Radis\",\"isPartOf\":{\"@id\":\"https:\\\/\\\/radis.ee\\\/#website\"},\"primaryImageOfPage\":{\"@id\":\"https:\\\/\\\/radis.ee\\\/reguleeritava-korgusega-seisulaud-vista\\\/#primaryimage\"},\"image\":{\"@id\":\"https:\\\/\\\/radis.ee\\\/reguleeritava-korgusega-seisulaud-vista\\\/#primaryimage\"},\"thumbnailUrl\":\"https:\\\/\\\/radis.ee\\\/wp-content\\\/uploads\\\/2020\\\/05\\\/Radis_desk_VISTA_white_HPL_electrical_legs_white_background-scaled.jpg\",\"datePublished\":\"2020-12-14T19:36:03+00:00\",\"dateModified\":\"2023-02-21T12:11:36+00:00\",\"breadcrumb\":{\"@id\":\"https:\\\/\\\/radis.ee\\\/reguleeritava-korgusega-seisulaud-vista\\\/#breadcrumb\"},\"inLanguage\":\"fi\",\"potentialAction\":[{\"@type\":\"ReadAction\",\"target\":[\"https:\\\/\\\/radis.ee\\\/reguleeritava-korgusega-seisulaud-vista\\\/\"]}]},{\"@type\":\"ImageObject\",\"inLanguage\":\"fi\",\"@id\":\"https:\\\/\\\/radis.ee\\\/reguleeritava-korgusega-seisulaud-vista\\\/#primaryimage\",\"url\":\"https:\\\/\\\/radis.ee\\\/wp-content\\\/uploads\\\/2020\\\/05\\\/Radis_desk_VISTA_white_HPL_electrical_legs_white_background-scaled.jpg\",\"contentUrl\":\"https:\\\/\\\/radis.ee\\\/wp-content\\\/uploads\\\/2020\\\/05\\\/Radis_desk_VISTA_white_HPL_electrical_legs_white_background-scaled.jpg\",\"width\":2150,\"height\":2560,\"caption\":\"Radis desk VISTA with height adjustable electrical\"},{\"@type\":\"BreadcrumbList\",\"@id\":\"https:\\\/\\\/radis.ee\\\/reguleeritava-korgusega-seisulaud-vista\\\/#breadcrumb\",\"itemListElement\":[{\"@type\":\"ListItem\",\"position\":1,\"name\":\"Home\",\"item\":\"https:\\\/\\\/radis.ee\\\/\"},{\"@type\":\"ListItem\",\"position\":2,\"name\":\"Tuotteet\",\"item\":\"https:\\\/\\\/radis.ee\\\/fi\\\/tuotteet\\\/\"},{\"@type\":\"ListItem\",\"position\":3,\"name\":\"S\u00e4\u00e4dett\u00e4v\u00e4 p\u00f6yt\u00e4 VISTA\"}]},{\"@type\":\"WebSite\",\"@id\":\"https:\\\/\\\/radis.ee\\\/#website\",\"url\":\"https:\\\/\\\/radis.ee\\\/\",\"name\":\"Radis\",\"description\":\"Nordic design furniture, environmentally friendly and sustainable.\",\"publisher\":{\"@id\":\"https:\\\/\\\/radis.ee\\\/#organization\"},\"potentialAction\":[{\"@type\":\"SearchAction\",\"target\":{\"@type\":\"EntryPoint\",\"urlTemplate\":\"https:\\\/\\\/radis.ee\\\/?s={search_term_string}\"},\"query-input\":{\"@type\":\"PropertyValueSpecification\",\"valueRequired\":true,\"valueName\":\"search_term_string\"}}],\"inLanguage\":\"fi\"},{\"@type\":\"Organization\",\"@id\":\"https:\\\/\\\/radis.ee\\\/#organization\",\"name\":\"Radis O\u00dc\",\"url\":\"https:\\\/\\\/radis.ee\\\/\",\"logo\":{\"@type\":\"ImageObject\",\"inLanguage\":\"fi\",\"@id\":\"https:\\\/\\\/radis.ee\\\/#\\\/schema\\\/logo\\\/image\\\/\",\"url\":\"https:\\\/\\\/radis.ee\\\/wp-content\\\/uploads\\\/2020\\\/10\\\/Radis-logo.png\",\"contentUrl\":\"https:\\\/\\\/radis.ee\\\/wp-content\\\/uploads\\\/2020\\\/10\\\/Radis-logo.png\",\"width\":300,\"height\":63,\"caption\":\"Radis O\u00dc\"},\"image\":{\"@id\":\"https:\\\/\\\/radis.ee\\\/#\\\/schema\\\/logo\\\/image\\\/\"},\"sameAs\":[\"https:\\\/\\\/www.facebook.com\\\/radisfurniture\\\/\"]}]}<\/script>\n<!-- \/ Yoast SEO plugin. -->","yoast_head_json":{"title":"S\u00e4\u00e4dett\u00e4v\u00e4 p\u00f6yt\u00e4 VISTA - Radis","robots":{"index":"index","follow":"follow","max-snippet":"max-snippet:-1","max-image-preview":"max-image-preview:large","max-video-preview":"max-video-preview:-1"},"canonical":"https:\/\/radis.ee\/reguleeritava-korgusega-seisulaud-vista\/","og_locale":"fi_FI","og_type":"article","og_title":"S\u00e4\u00e4dett\u00e4v\u00e4 p\u00f6yt\u00e4 VISTA - Radis","og_description":"S\u00e4\u00e4dett\u00e4v\u00e4 Vista-p\u00f6yt\u00e4 pit\u00e4\u00e4 kodin tai toimiston puhtaana. Se pit\u00e4\u00e4 my\u00f6s selk\u00e4si terveellisen\u00e4. Ty\u00f6p\u00e4iv\u00e4n aikana voit muuttaa ty\u00f6p\u00f6yd\u00e4n asennon istumisesta seisomiseen napin painalluksella. S\u00e4hk\u00f6isesti s\u00e4\u00e4dett\u00e4v\u00e4t ty\u00f6p\u00f6yd\u00e4n jalat mahdollistavat istuma- ja seisonta-asennon vaihtamisen helposti ty\u00f6skentelyn aikana. T\u00e4m\u00e4 vuorottelu ja monipuolisuus v\u00e4hent\u00e4v\u00e4t sel\u00e4n lihasj\u00e4nnityst\u00e4, koska sinua ei pakoteta olemaan samassa asennossa koko p\u00e4iv\u00e4n. Voit valita sopivan p\u00f6yd\u00e4n korkeuden...","og_url":"https:\/\/radis.ee\/reguleeritava-korgusega-seisulaud-vista\/","og_site_name":"Radis","article_publisher":"https:\/\/www.facebook.com\/radisfurniture\/","article_modified_time":"2023-02-21T12:11:36+00:00","og_image":[{"width":2150,"height":2560,"url":"https:\/\/radis.ee\/wp-content\/uploads\/2020\/05\/Radis_desk_VISTA_white_HPL_electrical_legs_white_background-scaled.jpg","type":"image\/jpeg"}],"twitter_card":"summary_large_image","twitter_misc":{"Arvioitu lukuaika":"1 minuutti"},"schema":{"@context":"https:\/\/schema.org","@graph":[{"@type":"WebPage","@id":"https:\/\/radis.ee\/reguleeritava-korgusega-seisulaud-vista\/","url":"https:\/\/radis.ee\/reguleeritava-korgusega-seisulaud-vista\/","name":"S\u00e4\u00e4dett\u00e4v\u00e4 p\u00f6yt\u00e4 VISTA - Radis","isPartOf":{"@id":"https:\/\/radis.ee\/#website"},"primaryImageOfPage":{"@id":"https:\/\/radis.ee\/reguleeritava-korgusega-seisulaud-vista\/#primaryimage"},"image":{"@id":"https:\/\/radis.ee\/reguleeritava-korgusega-seisulaud-vista\/#primaryimage"},"thumbnailUrl":"https:\/\/radis.ee\/wp-content\/uploads\/2020\/05\/Radis_desk_VISTA_white_HPL_electrical_legs_white_background-scaled.jpg","datePublished":"2020-12-14T19:36:03+00:00","dateModified":"2023-02-21T12:11:36+00:00","breadcrumb":{"@id":"https:\/\/radis.ee\/reguleeritava-korgusega-seisulaud-vista\/#breadcrumb"},"inLanguage":"fi","potentialAction":[{"@type":"ReadAction","target":["https:\/\/radis.ee\/reguleeritava-korgusega-seisulaud-vista\/"]}]},{"@type":"ImageObject","inLanguage":"fi","@id":"https:\/\/radis.ee\/reguleeritava-korgusega-seisulaud-vista\/#primaryimage","url":"https:\/\/radis.ee\/wp-content\/uploads\/2020\/05\/Radis_desk_VISTA_white_HPL_electrical_legs_white_background-scaled.jpg","contentUrl":"https:\/\/radis.ee\/wp-content\/uploads\/2020\/05\/Radis_desk_VISTA_white_HPL_electrical_legs_white_background-scaled.jpg","width":2150,"height":2560,"caption":"Radis desk VISTA with height adjustable electrical"},{"@type":"BreadcrumbList","@id":"https:\/\/radis.ee\/reguleeritava-korgusega-seisulaud-vista\/#breadcrumb","itemListElement":[{"@type":"ListItem","position":1,"name":"Home","item":"https:\/\/radis.ee\/"},{"@type":"ListItem","position":2,"name":"Tuotteet","item":"https:\/\/radis.ee\/fi\/tuotteet\/"},{"@type":"ListItem","position":3,"name":"S\u00e4\u00e4dett\u00e4v\u00e4 p\u00f6yt\u00e4 VISTA"}]},{"@type":"WebSite","@id":"https:\/\/radis.ee\/#website","url":"https:\/\/radis.ee\/","name":"Radis","description":"Nordic design furniture, environmentally friendly and sustainable.","publisher":{"@id":"https:\/\/radis.ee\/#organization"},"potentialAction":[{"@type":"SearchAction","target":{"@type":"EntryPoint","urlTemplate":"https:\/\/radis.ee\/?s={search_term_string}"},"query-input":{"@type":"PropertyValueSpecification","valueRequired":true,"valueName":"search_term_string"}}],"inLanguage":"fi"},{"@type":"Organization","@id":"https:\/\/radis.ee\/#organization","name":"Radis O\u00dc","url":"https:\/\/radis.ee\/","logo":{"@type":"ImageObject","inLanguage":"fi","@id":"https:\/\/radis.ee\/#\/schema\/logo\/image\/","url":"https:\/\/radis.ee\/wp-content\/uploads\/2020\/10\/Radis-logo.png","contentUrl":"https:\/\/radis.ee\/wp-content\/uploads\/2020\/10\/Radis-logo.png","width":300,"height":63,"caption":"Radis O\u00dc"},"image":{"@id":"https:\/\/radis.ee\/#\/schema\/logo\/image\/"},"sameAs":["https:\/\/www.facebook.com\/radisfurniture\/"]}]}},"_links":{"self":[{"href":"https:\/\/radis.ee\/fi\/wp-json\/wp\/v2\/product\/6396","targetHints":{"allow":["GET"]}}],"collection":[{"href":"https:\/\/radis.ee\/fi\/wp-json\/wp\/v2\/product"}],"about":[{"href":"https:\/\/radis.ee\/fi\/wp-json\/wp\/v2\/types\/product"}],"replies":[{"embeddable":true,"href":"https:\/\/radis.ee\/fi\/wp-json\/wp\/v2\/comments?post=6396"}],"wp:featuredmedia":[{"embeddable":true,"href":"https:\/\/radis.ee\/fi\/wp-json\/wp\/v2\/media\/19803"}],"wp:attachment":[{"href":"https:\/\/radis.ee\/fi\/wp-json\/wp\/v2\/media?parent=6396"}],"wp:term":[{"taxonomy":"product_brand","embeddable":true,"href":"https:\/\/radis.ee\/fi\/wp-json\/wp\/v2\/product_brand?post=6396"},{"taxonomy":"product_cat","embeddable":true,"href":"https:\/\/radis.ee\/fi\/wp-json\/wp\/v2\/product_cat?post=6396"},{"taxonomy":"product_tag","embeddable":true,"href":"https:\/\/radis.ee\/fi\/wp-json\/wp\/v2\/product_tag?post=6396"}],"curies":[{"name":"wp","href":"https:\/\/api.w.org\/{rel}","templated":true}]}}