{"id":6486,"date":"2020-08-24T12:28:16","date_gmt":"2020-12-24T10:28:17","guid":{"rendered":"https:\/\/radis.ee\/?post_type=product&#038;p=6486"},"modified":"2023-10-30T13:22:31","modified_gmt":"2023-10-30T11:22:31","slug":"kotitoimisto-lift","status":"publish","type":"product","link":"https:\/\/radis.ee\/fi\/kotitoimisto-lift\/","title":{"rendered":"Kotitoimisto LIFT"},"content":{"rendered":"<p>El\u00e4m\u00e4 on joskus arvaamatonta: olipa uusi ty\u00f6paikka, uudet k\u00e4mpp\u00e4kaverit tai suuri rakkaus, se pit\u00e4\u00e4 aina uusia yll\u00e4tyksi\u00e4 meille. Siksi haluamme pysy\u00e4 joustavina. Uuden LIFT-hyllyn ansiosta joustavuus ei en\u00e4\u00e4 ole ongelma kodissasi.<\/p>\n<p>LIFTin korkeuss\u00e4\u00e4dett\u00e4v\u00e4t hyllyt sopivat sek\u00e4 suurille ett\u00e4 pienille kirjoille. Haluttaessa hylly voidaan helposti laajentaa lis\u00e4\u00e4m\u00e4ll\u00e4 pystysuoria seini\u00e4. Vahvat vanerin yksityiskohdat osoittavat niiden kest\u00e4vyyden siirrytt\u00e4ess\u00e4 paikasta toiseen. Kuljetuksen helpottamiseksi pisimm\u00e4t yksityiskohdat ovat vain 1,15 metri\u00e4 pitki\u00e4. Laajemman v\u00e4lihyllyn leveys on 49 cm, kapeampi leveys 18 cm.<\/p>\n<p>Jatkokehityksen\u00e4 LIFT-hylly\u00e4 voidaan k\u00e4ytt\u00e4\u00e4 my\u00f6s kotitoimistona. Kotitoimistoversiossa on 45 cm syv\u00e4 ja 69 cm leve\u00e4 p\u00f6yt\u00e4levy, jonka voit valita itse. Joko istuma-asento, jonka korkeus on 73 cm, tai seisoma-asento, jonka korkeus on 90 &#8211; 110 cm.<\/p>\n<p>LIFT-kotitoimisto sopii sek\u00e4 moderniin ett\u00e4 historialliseen sisustukseen. Muutamilla kirjoilla se n\u00e4ytt\u00e4\u00e4 kauniilta ja ilmavalta rakenteelta, joka sopii sek\u00e4 moderniin ett\u00e4 klassisempaan sisustukseen. Tiiviisti kirjoilla pakattu, se pysyy vaatimattomasti huomaamattomana. LIFT-hyllyn t\u00e4rkeimm\u00e4t avainsanat ovat joustavuus ja yksil\u00f6llisten mieltymysten huomioon ottaminen.<\/p>\n<p>Laadukas hylly on valmistettu 12 mm koivuvanerista, Koskisen valkoisesta HPL:st\u00e4, eritt\u00e4in kest\u00e4v\u00e4st\u00e4 materiaalista tai\u00a016mm tammiviiluvanerista tai 12mm Forescolor-Valchromatista (Organic Colored Throught Wood Fiber Board) mukautuu uusiin tarpeisiin. Se tallentaa helposti kaiken t\u00e4rke\u00e4n. Ja jos se on liian tiukka, voit helposti rakentaa lis\u00e4\u00e4 tallennustilaa!<\/p>\n<p>LIFT-hylly on voittanut German Design Awards 2019 -palkinnon Special Mention -palkinnolla.<\/p>\n","protected":false},"excerpt":{"rendered":"<p>El\u00e4m\u00e4 on joskus arvaamatonta: olipa uusi ty\u00f6paikka, uudet k\u00e4mpp\u00e4kaverit tai suuri rakkaus, se pit\u00e4\u00e4 aina uusia yll\u00e4tyksi\u00e4 meille. Siksi haluamme pysy\u00e4 joustavina. Uuden LIFT-hyllyn ansiosta joustavuus ei en\u00e4\u00e4 ole ongelma kodissasi. LIFTin korkeuss\u00e4\u00e4dett\u00e4v\u00e4t hyllyt sopivat sek\u00e4 suurille ett\u00e4 pienille kirjoille. Haluttaessa hylly voidaan helposti laajentaa lis\u00e4\u00e4m\u00e4ll\u00e4 pystysuoria seini\u00e4. Vahvat vanerin yksityiskohdat osoittavat niiden kest\u00e4vyyden siirrytt\u00e4ess\u00e4&#8230;<\/p>\n","protected":false},"featured_media":6649,"comment_status":"open","ping_status":"closed","template":"","meta":{"_acf_changed":false},"product_brand":[],"product_cat":[109,111],"product_tag":[],"class_list":{"0":"post-6486","1":"product","2":"type-product","3":"status-publish","4":"has-post-thumbnail","6":"product_cat-riiulid","7":"product_cat-lauad","9":"first","10":"instock","11":"taxable","12":"shipping-taxable","13":"purchasable","14":"product-type-variable","15":"has-default-attributes"},"acf":[],"yoast_head":"<!-- This site is optimized with the Yoast SEO plugin v27.3 - https:\/\/yoast.com\/product\/yoast-seo-wordpress\/ -->\n<title>Kotitoimisto LIFT - Radis<\/title>\n<meta name=\"robots\" content=\"index, follow, max-snippet:-1, max-image-preview:large, max-video-preview:-1\" \/>\n<link rel=\"canonical\" href=\"https:\/\/radis.ee\/fi\/kotitoimisto-lift\/\" \/>\n<meta property=\"og:locale\" content=\"fi_FI\" \/>\n<meta property=\"og:type\" content=\"article\" \/>\n<meta property=\"og:title\" content=\"Kotitoimisto LIFT - Radis\" \/>\n<meta property=\"og:description\" content=\"El\u00e4m\u00e4 on joskus arvaamatonta: olipa uusi ty\u00f6paikka, uudet k\u00e4mpp\u00e4kaverit tai suuri rakkaus, se pit\u00e4\u00e4 aina uusia yll\u00e4tyksi\u00e4 meille. Siksi haluamme pysy\u00e4 joustavina. Uuden LIFT-hyllyn ansiosta joustavuus ei en\u00e4\u00e4 ole ongelma kodissasi. LIFTin korkeuss\u00e4\u00e4dett\u00e4v\u00e4t hyllyt sopivat sek\u00e4 suurille ett\u00e4 pienille kirjoille. Haluttaessa hylly voidaan helposti laajentaa lis\u00e4\u00e4m\u00e4ll\u00e4 pystysuoria seini\u00e4. Vahvat vanerin yksityiskohdat osoittavat niiden kest\u00e4vyyden siirrytt\u00e4ess\u00e4...\" \/>\n<meta property=\"og:url\" content=\"https:\/\/radis.ee\/fi\/kotitoimisto-lift\/\" \/>\n<meta property=\"og:site_name\" content=\"Radis\" \/>\n<meta property=\"article:publisher\" content=\"https:\/\/www.facebook.com\/radisfurniture\/\" \/>\n<meta property=\"article:modified_time\" content=\"2023-10-30T11:22:31+00:00\" \/>\n<meta property=\"og:image\" content=\"https:\/\/radis.ee\/wp-content\/uploads\/2020\/12\/Radis_home_office_LIFT_white_film_closeup_SR_ruut.jpg\" \/>\n\t<meta property=\"og:image:width\" content=\"933\" \/>\n\t<meta property=\"og:image:height\" content=\"811\" \/>\n\t<meta property=\"og:image:type\" content=\"image\/jpeg\" \/>\n<meta name=\"twitter:card\" content=\"summary_large_image\" \/>\n<meta name=\"twitter:label1\" content=\"Arvioitu lukuaika\" \/>\n\t<meta name=\"twitter:data1\" content=\"1 minuutti\" \/>\n<script type=\"application\/ld+json\" class=\"yoast-schema-graph\">{\"@context\":\"https:\\\/\\\/schema.org\",\"@graph\":[{\"@type\":\"WebPage\",\"@id\":\"https:\\\/\\\/radis.ee\\\/fi\\\/kotitoimisto-lift\\\/\",\"url\":\"https:\\\/\\\/radis.ee\\\/fi\\\/kotitoimisto-lift\\\/\",\"name\":\"Kotitoimisto LIFT - Radis\",\"isPartOf\":{\"@id\":\"https:\\\/\\\/radis.ee\\\/#website\"},\"primaryImageOfPage\":{\"@id\":\"https:\\\/\\\/radis.ee\\\/fi\\\/kotitoimisto-lift\\\/#primaryimage\"},\"image\":{\"@id\":\"https:\\\/\\\/radis.ee\\\/fi\\\/kotitoimisto-lift\\\/#primaryimage\"},\"thumbnailUrl\":\"https:\\\/\\\/radis.ee\\\/wp-content\\\/uploads\\\/2020\\\/12\\\/Radis_home_office_LIFT_white_film_closeup_SR_ruut.jpg\",\"datePublished\":\"2020-12-24T10:28:17+00:00\",\"dateModified\":\"2023-10-30T11:22:31+00:00\",\"breadcrumb\":{\"@id\":\"https:\\\/\\\/radis.ee\\\/fi\\\/kotitoimisto-lift\\\/#breadcrumb\"},\"inLanguage\":\"fi\",\"potentialAction\":[{\"@type\":\"ReadAction\",\"target\":[\"https:\\\/\\\/radis.ee\\\/fi\\\/kotitoimisto-lift\\\/\"]}]},{\"@type\":\"ImageObject\",\"inLanguage\":\"fi\",\"@id\":\"https:\\\/\\\/radis.ee\\\/fi\\\/kotitoimisto-lift\\\/#primaryimage\",\"url\":\"https:\\\/\\\/radis.ee\\\/wp-content\\\/uploads\\\/2020\\\/12\\\/Radis_home_office_LIFT_white_film_closeup_SR_ruut.jpg\",\"contentUrl\":\"https:\\\/\\\/radis.ee\\\/wp-content\\\/uploads\\\/2020\\\/12\\\/Radis_home_office_LIFT_white_film_closeup_SR_ruut.jpg\",\"width\":933,\"height\":811,\"caption\":\"LIFT HOME OFFICE\"},{\"@type\":\"BreadcrumbList\",\"@id\":\"https:\\\/\\\/radis.ee\\\/fi\\\/kotitoimisto-lift\\\/#breadcrumb\",\"itemListElement\":[{\"@type\":\"ListItem\",\"position\":1,\"name\":\"Home\",\"item\":\"https:\\\/\\\/radis.ee\\\/\"},{\"@type\":\"ListItem\",\"position\":2,\"name\":\"Tuotteet\",\"item\":\"https:\\\/\\\/radis.ee\\\/fi\\\/tuotteet\\\/\"},{\"@type\":\"ListItem\",\"position\":3,\"name\":\"Kotitoimisto LIFT\"}]},{\"@type\":\"WebSite\",\"@id\":\"https:\\\/\\\/radis.ee\\\/#website\",\"url\":\"https:\\\/\\\/radis.ee\\\/\",\"name\":\"Radis\",\"description\":\"Nordic design furniture, environmentally friendly and sustainable.\",\"publisher\":{\"@id\":\"https:\\\/\\\/radis.ee\\\/#organization\"},\"potentialAction\":[{\"@type\":\"SearchAction\",\"target\":{\"@type\":\"EntryPoint\",\"urlTemplate\":\"https:\\\/\\\/radis.ee\\\/?s={search_term_string}\"},\"query-input\":{\"@type\":\"PropertyValueSpecification\",\"valueRequired\":true,\"valueName\":\"search_term_string\"}}],\"inLanguage\":\"fi\"},{\"@type\":\"Organization\",\"@id\":\"https:\\\/\\\/radis.ee\\\/#organization\",\"name\":\"Radis O\u00dc\",\"url\":\"https:\\\/\\\/radis.ee\\\/\",\"logo\":{\"@type\":\"ImageObject\",\"inLanguage\":\"fi\",\"@id\":\"https:\\\/\\\/radis.ee\\\/#\\\/schema\\\/logo\\\/image\\\/\",\"url\":\"https:\\\/\\\/radis.ee\\\/wp-content\\\/uploads\\\/2020\\\/10\\\/Radis-logo.png\",\"contentUrl\":\"https:\\\/\\\/radis.ee\\\/wp-content\\\/uploads\\\/2020\\\/10\\\/Radis-logo.png\",\"width\":300,\"height\":63,\"caption\":\"Radis O\u00dc\"},\"image\":{\"@id\":\"https:\\\/\\\/radis.ee\\\/#\\\/schema\\\/logo\\\/image\\\/\"},\"sameAs\":[\"https:\\\/\\\/www.facebook.com\\\/radisfurniture\\\/\"]}]}<\/script>\n<!-- \/ Yoast SEO plugin. -->","yoast_head_json":{"title":"Kotitoimisto LIFT - Radis","robots":{"index":"index","follow":"follow","max-snippet":"max-snippet:-1","max-image-preview":"max-image-preview:large","max-video-preview":"max-video-preview:-1"},"canonical":"https:\/\/radis.ee\/fi\/kotitoimisto-lift\/","og_locale":"fi_FI","og_type":"article","og_title":"Kotitoimisto LIFT - Radis","og_description":"El\u00e4m\u00e4 on joskus arvaamatonta: olipa uusi ty\u00f6paikka, uudet k\u00e4mpp\u00e4kaverit tai suuri rakkaus, se pit\u00e4\u00e4 aina uusia yll\u00e4tyksi\u00e4 meille. Siksi haluamme pysy\u00e4 joustavina. Uuden LIFT-hyllyn ansiosta joustavuus ei en\u00e4\u00e4 ole ongelma kodissasi. LIFTin korkeuss\u00e4\u00e4dett\u00e4v\u00e4t hyllyt sopivat sek\u00e4 suurille ett\u00e4 pienille kirjoille. Haluttaessa hylly voidaan helposti laajentaa lis\u00e4\u00e4m\u00e4ll\u00e4 pystysuoria seini\u00e4. Vahvat vanerin yksityiskohdat osoittavat niiden kest\u00e4vyyden siirrytt\u00e4ess\u00e4...","og_url":"https:\/\/radis.ee\/fi\/kotitoimisto-lift\/","og_site_name":"Radis","article_publisher":"https:\/\/www.facebook.com\/radisfurniture\/","article_modified_time":"2023-10-30T11:22:31+00:00","og_image":[{"width":933,"height":811,"url":"https:\/\/radis.ee\/wp-content\/uploads\/2020\/12\/Radis_home_office_LIFT_white_film_closeup_SR_ruut.jpg","type":"image\/jpeg"}],"twitter_card":"summary_large_image","twitter_misc":{"Arvioitu lukuaika":"1 minuutti"},"schema":{"@context":"https:\/\/schema.org","@graph":[{"@type":"WebPage","@id":"https:\/\/radis.ee\/fi\/kotitoimisto-lift\/","url":"https:\/\/radis.ee\/fi\/kotitoimisto-lift\/","name":"Kotitoimisto LIFT - Radis","isPartOf":{"@id":"https:\/\/radis.ee\/#website"},"primaryImageOfPage":{"@id":"https:\/\/radis.ee\/fi\/kotitoimisto-lift\/#primaryimage"},"image":{"@id":"https:\/\/radis.ee\/fi\/kotitoimisto-lift\/#primaryimage"},"thumbnailUrl":"https:\/\/radis.ee\/wp-content\/uploads\/2020\/12\/Radis_home_office_LIFT_white_film_closeup_SR_ruut.jpg","datePublished":"2020-12-24T10:28:17+00:00","dateModified":"2023-10-30T11:22:31+00:00","breadcrumb":{"@id":"https:\/\/radis.ee\/fi\/kotitoimisto-lift\/#breadcrumb"},"inLanguage":"fi","potentialAction":[{"@type":"ReadAction","target":["https:\/\/radis.ee\/fi\/kotitoimisto-lift\/"]}]},{"@type":"ImageObject","inLanguage":"fi","@id":"https:\/\/radis.ee\/fi\/kotitoimisto-lift\/#primaryimage","url":"https:\/\/radis.ee\/wp-content\/uploads\/2020\/12\/Radis_home_office_LIFT_white_film_closeup_SR_ruut.jpg","contentUrl":"https:\/\/radis.ee\/wp-content\/uploads\/2020\/12\/Radis_home_office_LIFT_white_film_closeup_SR_ruut.jpg","width":933,"height":811,"caption":"LIFT HOME OFFICE"},{"@type":"BreadcrumbList","@id":"https:\/\/radis.ee\/fi\/kotitoimisto-lift\/#breadcrumb","itemListElement":[{"@type":"ListItem","position":1,"name":"Home","item":"https:\/\/radis.ee\/"},{"@type":"ListItem","position":2,"name":"Tuotteet","item":"https:\/\/radis.ee\/fi\/tuotteet\/"},{"@type":"ListItem","position":3,"name":"Kotitoimisto LIFT"}]},{"@type":"WebSite","@id":"https:\/\/radis.ee\/#website","url":"https:\/\/radis.ee\/","name":"Radis","description":"Nordic design furniture, environmentally friendly and sustainable.","publisher":{"@id":"https:\/\/radis.ee\/#organization"},"potentialAction":[{"@type":"SearchAction","target":{"@type":"EntryPoint","urlTemplate":"https:\/\/radis.ee\/?s={search_term_string}"},"query-input":{"@type":"PropertyValueSpecification","valueRequired":true,"valueName":"search_term_string"}}],"inLanguage":"fi"},{"@type":"Organization","@id":"https:\/\/radis.ee\/#organization","name":"Radis O\u00dc","url":"https:\/\/radis.ee\/","logo":{"@type":"ImageObject","inLanguage":"fi","@id":"https:\/\/radis.ee\/#\/schema\/logo\/image\/","url":"https:\/\/radis.ee\/wp-content\/uploads\/2020\/10\/Radis-logo.png","contentUrl":"https:\/\/radis.ee\/wp-content\/uploads\/2020\/10\/Radis-logo.png","width":300,"height":63,"caption":"Radis O\u00dc"},"image":{"@id":"https:\/\/radis.ee\/#\/schema\/logo\/image\/"},"sameAs":["https:\/\/www.facebook.com\/radisfurniture\/"]}]}},"_links":{"self":[{"href":"https:\/\/radis.ee\/fi\/wp-json\/wp\/v2\/product\/6486","targetHints":{"allow":["GET"]}}],"collection":[{"href":"https:\/\/radis.ee\/fi\/wp-json\/wp\/v2\/product"}],"about":[{"href":"https:\/\/radis.ee\/fi\/wp-json\/wp\/v2\/types\/product"}],"replies":[{"embeddable":true,"href":"https:\/\/radis.ee\/fi\/wp-json\/wp\/v2\/comments?post=6486"}],"wp:featuredmedia":[{"embeddable":true,"href":"https:\/\/radis.ee\/fi\/wp-json\/wp\/v2\/media\/6649"}],"wp:attachment":[{"href":"https:\/\/radis.ee\/fi\/wp-json\/wp\/v2\/media?parent=6486"}],"wp:term":[{"taxonomy":"product_brand","embeddable":true,"href":"https:\/\/radis.ee\/fi\/wp-json\/wp\/v2\/product_brand?post=6486"},{"taxonomy":"product_cat","embeddable":true,"href":"https:\/\/radis.ee\/fi\/wp-json\/wp\/v2\/product_cat?post=6486"},{"taxonomy":"product_tag","embeddable":true,"href":"https:\/\/radis.ee\/fi\/wp-json\/wp\/v2\/product_tag?post=6486"}],"curies":[{"name":"wp","href":"https:\/\/api.w.org\/{rel}","templated":true}]}}