{"id":6576,"date":"2020-10-06T13:09:02","date_gmt":"2021-01-03T11:09:02","guid":{"rendered":"https:\/\/radis.ee\/senkki-hylly-boxy\/"},"modified":"2024-01-30T22:06:48","modified_gmt":"2024-01-30T20:06:48","slug":"senkki-hylly-boxy","status":"publish","type":"product","link":"https:\/\/radis.ee\/fi\/senkki-hylly-boxy\/","title":{"rendered":"Senkki-hylly BOXY"},"content":{"rendered":"<p>BOXY-senkki-hylly on kuin tuore tuuli laatikkomaailmassa. Ainutlaatuinen muotoilu sijoittaa hyllyt ovineen keskelle, kun taas avoimet hyllyt ymp\u00e4r\u00f6iv\u00e4t niit\u00e4. T\u00e4m\u00e4 luo upean visuaalisen tehosteen ja tekee laatikosta k\u00e4yt\u00e4nn\u00f6llisen ja houkuttelevan. Neulanjalat antavat sille lis\u00e4\u00e4 ilmavaa tunnelmaa.<\/p>\n<p>BOXY-vetolaatikossa on paljon asioita painottamatta. Uusi suosikkisi, jota voit k\u00e4ytt\u00e4\u00e4 my\u00f6s tilanjakajana!<\/p>\n<p>Gemaakt van berkenmultiplex, ook eiken gefineerd, oliegewaxt of wit Koskisen HPL. Push2open ovet. Mustat metallijalat, korkeus 17 cm. Nelj\u00e4n oven takana on my\u00f6s korkeuss\u00e4\u00e4dett\u00e4v\u00e4t v\u00e4lihyllyt.<\/p>\n","protected":false},"excerpt":{"rendered":"<p>BOXY-senkki-hylly on kuin tuore tuuli laatikkomaailmassa. Ainutlaatuinen muotoilu sijoittaa hyllyt ovineen keskelle, kun taas avoimet hyllyt ymp\u00e4r\u00f6iv\u00e4t niit\u00e4. T\u00e4m\u00e4 luo upean visuaalisen tehosteen ja tekee laatikosta k\u00e4yt\u00e4nn\u00f6llisen ja houkuttelevan. Neulanjalat antavat sille lis\u00e4\u00e4 ilmavaa tunnelmaa. BOXY-vetolaatikossa on paljon asioita painottamatta. Uusi suosikkisi, jota voit k\u00e4ytt\u00e4\u00e4 my\u00f6s tilanjakajana! Gemaakt van berkenmultiplex, ook eiken gefineerd, oliegewaxt of&#8230;<\/p>\n","protected":false},"featured_media":20200,"comment_status":"open","ping_status":"closed","template":"","meta":{"_acf_changed":false},"product_brand":[],"product_cat":[17],"product_tag":[],"class_list":{"0":"post-6576","1":"product","2":"type-product","3":"status-publish","4":"has-post-thumbnail","6":"product_cat-kummutid","8":"first","9":"instock","10":"taxable","11":"shipping-taxable","12":"purchasable","13":"product-type-variable","14":"has-default-attributes"},"acf":[],"yoast_head":"<!-- This site is optimized with the Yoast SEO plugin v27.4 - https:\/\/yoast.com\/product\/yoast-seo-wordpress\/ -->\n<title>Senkki-hylly BOXY - Radis<\/title>\n<meta name=\"robots\" content=\"index, follow, max-snippet:-1, max-image-preview:large, max-video-preview:-1\" \/>\n<link rel=\"canonical\" href=\"https:\/\/radis.ee\/kummut-riiul-boxy\/\" \/>\n<meta property=\"og:locale\" content=\"fi_FI\" \/>\n<meta property=\"og:type\" content=\"article\" \/>\n<meta property=\"og:title\" content=\"Senkki-hylly BOXY - Radis\" \/>\n<meta property=\"og:description\" content=\"BOXY-senkki-hylly on kuin tuore tuuli laatikkomaailmassa. Ainutlaatuinen muotoilu sijoittaa hyllyt ovineen keskelle, kun taas avoimet hyllyt ymp\u00e4r\u00f6iv\u00e4t niit\u00e4. T\u00e4m\u00e4 luo upean visuaalisen tehosteen ja tekee laatikosta k\u00e4yt\u00e4nn\u00f6llisen ja houkuttelevan. Neulanjalat antavat sille lis\u00e4\u00e4 ilmavaa tunnelmaa. BOXY-vetolaatikossa on paljon asioita painottamatta. Uusi suosikkisi, jota voit k\u00e4ytt\u00e4\u00e4 my\u00f6s tilanjakajana! Gemaakt van berkenmultiplex, ook eiken gefineerd, oliegewaxt of...\" \/>\n<meta property=\"og:url\" content=\"https:\/\/radis.ee\/kummut-riiul-boxy\/\" \/>\n<meta property=\"og:site_name\" content=\"Radis\" \/>\n<meta property=\"article:publisher\" content=\"https:\/\/www.facebook.com\/radisfurniture\/\" \/>\n<meta property=\"article:modified_time\" content=\"2024-01-30T20:06:48+00:00\" \/>\n<meta property=\"og:image\" content=\"https:\/\/radis.ee\/wp-content\/uploads\/2020\/10\/RADIS_sideboard_shelf_BOXY_oak_veneered_white_background-1.jpg\" \/>\n\t<meta property=\"og:image:width\" content=\"1360\" \/>\n\t<meta property=\"og:image:height\" content=\"1620\" \/>\n\t<meta property=\"og:image:type\" content=\"image\/jpeg\" \/>\n<meta name=\"twitter:card\" content=\"summary_large_image\" \/>\n<script type=\"application\/ld+json\" class=\"yoast-schema-graph\">{\"@context\":\"https:\\\/\\\/schema.org\",\"@graph\":[{\"@type\":\"WebPage\",\"@id\":\"https:\\\/\\\/radis.ee\\\/kummut-riiul-boxy\\\/\",\"url\":\"https:\\\/\\\/radis.ee\\\/kummut-riiul-boxy\\\/\",\"name\":\"Senkki-hylly BOXY - Radis\",\"isPartOf\":{\"@id\":\"https:\\\/\\\/radis.ee\\\/#website\"},\"primaryImageOfPage\":{\"@id\":\"https:\\\/\\\/radis.ee\\\/kummut-riiul-boxy\\\/#primaryimage\"},\"image\":{\"@id\":\"https:\\\/\\\/radis.ee\\\/kummut-riiul-boxy\\\/#primaryimage\"},\"thumbnailUrl\":\"https:\\\/\\\/radis.ee\\\/wp-content\\\/uploads\\\/2020\\\/10\\\/RADIS_sideboard_shelf_BOXY_oak_veneered_white_background-1.jpg\",\"datePublished\":\"2021-01-03T11:09:02+00:00\",\"dateModified\":\"2024-01-30T20:06:48+00:00\",\"breadcrumb\":{\"@id\":\"https:\\\/\\\/radis.ee\\\/kummut-riiul-boxy\\\/#breadcrumb\"},\"inLanguage\":\"fi\",\"potentialAction\":[{\"@type\":\"ReadAction\",\"target\":[\"https:\\\/\\\/radis.ee\\\/kummut-riiul-boxy\\\/\"]}]},{\"@type\":\"ImageObject\",\"inLanguage\":\"fi\",\"@id\":\"https:\\\/\\\/radis.ee\\\/kummut-riiul-boxy\\\/#primaryimage\",\"url\":\"https:\\\/\\\/radis.ee\\\/wp-content\\\/uploads\\\/2020\\\/10\\\/RADIS_sideboard_shelf_BOXY_oak_veneered_white_background-1.jpg\",\"contentUrl\":\"https:\\\/\\\/radis.ee\\\/wp-content\\\/uploads\\\/2020\\\/10\\\/RADIS_sideboard_shelf_BOXY_oak_veneered_white_background-1.jpg\",\"width\":1360,\"height\":1620,\"caption\":\"RADIS sideboard shelf BOXY Oak veneered\"},{\"@type\":\"BreadcrumbList\",\"@id\":\"https:\\\/\\\/radis.ee\\\/kummut-riiul-boxy\\\/#breadcrumb\",\"itemListElement\":[{\"@type\":\"ListItem\",\"position\":1,\"name\":\"Home\",\"item\":\"https:\\\/\\\/radis.ee\\\/\"},{\"@type\":\"ListItem\",\"position\":2,\"name\":\"Tuotteet\",\"item\":\"https:\\\/\\\/radis.ee\\\/fi\\\/tuotteet\\\/\"},{\"@type\":\"ListItem\",\"position\":3,\"name\":\"Senkki-hylly BOXY\"}]},{\"@type\":\"WebSite\",\"@id\":\"https:\\\/\\\/radis.ee\\\/#website\",\"url\":\"https:\\\/\\\/radis.ee\\\/\",\"name\":\"Radis\",\"description\":\"Nordic design furniture, environmentally friendly and sustainable.\",\"publisher\":{\"@id\":\"https:\\\/\\\/radis.ee\\\/#organization\"},\"potentialAction\":[{\"@type\":\"SearchAction\",\"target\":{\"@type\":\"EntryPoint\",\"urlTemplate\":\"https:\\\/\\\/radis.ee\\\/?s={search_term_string}\"},\"query-input\":{\"@type\":\"PropertyValueSpecification\",\"valueRequired\":true,\"valueName\":\"search_term_string\"}}],\"inLanguage\":\"fi\"},{\"@type\":\"Organization\",\"@id\":\"https:\\\/\\\/radis.ee\\\/#organization\",\"name\":\"Radis O\u00dc\",\"url\":\"https:\\\/\\\/radis.ee\\\/\",\"logo\":{\"@type\":\"ImageObject\",\"inLanguage\":\"fi\",\"@id\":\"https:\\\/\\\/radis.ee\\\/#\\\/schema\\\/logo\\\/image\\\/\",\"url\":\"https:\\\/\\\/radis.ee\\\/wp-content\\\/uploads\\\/2020\\\/10\\\/Radis-logo.png\",\"contentUrl\":\"https:\\\/\\\/radis.ee\\\/wp-content\\\/uploads\\\/2020\\\/10\\\/Radis-logo.png\",\"width\":300,\"height\":63,\"caption\":\"Radis O\u00dc\"},\"image\":{\"@id\":\"https:\\\/\\\/radis.ee\\\/#\\\/schema\\\/logo\\\/image\\\/\"},\"sameAs\":[\"https:\\\/\\\/www.facebook.com\\\/radisfurniture\\\/\"]}]}<\/script>\n<!-- \/ Yoast SEO plugin. -->","yoast_head_json":{"title":"Senkki-hylly BOXY - Radis","robots":{"index":"index","follow":"follow","max-snippet":"max-snippet:-1","max-image-preview":"max-image-preview:large","max-video-preview":"max-video-preview:-1"},"canonical":"https:\/\/radis.ee\/kummut-riiul-boxy\/","og_locale":"fi_FI","og_type":"article","og_title":"Senkki-hylly BOXY - Radis","og_description":"BOXY-senkki-hylly on kuin tuore tuuli laatikkomaailmassa. Ainutlaatuinen muotoilu sijoittaa hyllyt ovineen keskelle, kun taas avoimet hyllyt ymp\u00e4r\u00f6iv\u00e4t niit\u00e4. T\u00e4m\u00e4 luo upean visuaalisen tehosteen ja tekee laatikosta k\u00e4yt\u00e4nn\u00f6llisen ja houkuttelevan. Neulanjalat antavat sille lis\u00e4\u00e4 ilmavaa tunnelmaa. BOXY-vetolaatikossa on paljon asioita painottamatta. Uusi suosikkisi, jota voit k\u00e4ytt\u00e4\u00e4 my\u00f6s tilanjakajana! Gemaakt van berkenmultiplex, ook eiken gefineerd, oliegewaxt of...","og_url":"https:\/\/radis.ee\/kummut-riiul-boxy\/","og_site_name":"Radis","article_publisher":"https:\/\/www.facebook.com\/radisfurniture\/","article_modified_time":"2024-01-30T20:06:48+00:00","og_image":[{"width":1360,"height":1620,"url":"https:\/\/radis.ee\/wp-content\/uploads\/2020\/10\/RADIS_sideboard_shelf_BOXY_oak_veneered_white_background-1.jpg","type":"image\/jpeg"}],"twitter_card":"summary_large_image","schema":{"@context":"https:\/\/schema.org","@graph":[{"@type":"WebPage","@id":"https:\/\/radis.ee\/kummut-riiul-boxy\/","url":"https:\/\/radis.ee\/kummut-riiul-boxy\/","name":"Senkki-hylly BOXY - Radis","isPartOf":{"@id":"https:\/\/radis.ee\/#website"},"primaryImageOfPage":{"@id":"https:\/\/radis.ee\/kummut-riiul-boxy\/#primaryimage"},"image":{"@id":"https:\/\/radis.ee\/kummut-riiul-boxy\/#primaryimage"},"thumbnailUrl":"https:\/\/radis.ee\/wp-content\/uploads\/2020\/10\/RADIS_sideboard_shelf_BOXY_oak_veneered_white_background-1.jpg","datePublished":"2021-01-03T11:09:02+00:00","dateModified":"2024-01-30T20:06:48+00:00","breadcrumb":{"@id":"https:\/\/radis.ee\/kummut-riiul-boxy\/#breadcrumb"},"inLanguage":"fi","potentialAction":[{"@type":"ReadAction","target":["https:\/\/radis.ee\/kummut-riiul-boxy\/"]}]},{"@type":"ImageObject","inLanguage":"fi","@id":"https:\/\/radis.ee\/kummut-riiul-boxy\/#primaryimage","url":"https:\/\/radis.ee\/wp-content\/uploads\/2020\/10\/RADIS_sideboard_shelf_BOXY_oak_veneered_white_background-1.jpg","contentUrl":"https:\/\/radis.ee\/wp-content\/uploads\/2020\/10\/RADIS_sideboard_shelf_BOXY_oak_veneered_white_background-1.jpg","width":1360,"height":1620,"caption":"RADIS sideboard shelf BOXY Oak veneered"},{"@type":"BreadcrumbList","@id":"https:\/\/radis.ee\/kummut-riiul-boxy\/#breadcrumb","itemListElement":[{"@type":"ListItem","position":1,"name":"Home","item":"https:\/\/radis.ee\/"},{"@type":"ListItem","position":2,"name":"Tuotteet","item":"https:\/\/radis.ee\/fi\/tuotteet\/"},{"@type":"ListItem","position":3,"name":"Senkki-hylly BOXY"}]},{"@type":"WebSite","@id":"https:\/\/radis.ee\/#website","url":"https:\/\/radis.ee\/","name":"Radis","description":"Nordic design furniture, environmentally friendly and sustainable.","publisher":{"@id":"https:\/\/radis.ee\/#organization"},"potentialAction":[{"@type":"SearchAction","target":{"@type":"EntryPoint","urlTemplate":"https:\/\/radis.ee\/?s={search_term_string}"},"query-input":{"@type":"PropertyValueSpecification","valueRequired":true,"valueName":"search_term_string"}}],"inLanguage":"fi"},{"@type":"Organization","@id":"https:\/\/radis.ee\/#organization","name":"Radis O\u00dc","url":"https:\/\/radis.ee\/","logo":{"@type":"ImageObject","inLanguage":"fi","@id":"https:\/\/radis.ee\/#\/schema\/logo\/image\/","url":"https:\/\/radis.ee\/wp-content\/uploads\/2020\/10\/Radis-logo.png","contentUrl":"https:\/\/radis.ee\/wp-content\/uploads\/2020\/10\/Radis-logo.png","width":300,"height":63,"caption":"Radis O\u00dc"},"image":{"@id":"https:\/\/radis.ee\/#\/schema\/logo\/image\/"},"sameAs":["https:\/\/www.facebook.com\/radisfurniture\/"]}]}},"_links":{"self":[{"href":"https:\/\/radis.ee\/fi\/wp-json\/wp\/v2\/product\/6576","targetHints":{"allow":["GET"]}}],"collection":[{"href":"https:\/\/radis.ee\/fi\/wp-json\/wp\/v2\/product"}],"about":[{"href":"https:\/\/radis.ee\/fi\/wp-json\/wp\/v2\/types\/product"}],"replies":[{"embeddable":true,"href":"https:\/\/radis.ee\/fi\/wp-json\/wp\/v2\/comments?post=6576"}],"wp:featuredmedia":[{"embeddable":true,"href":"https:\/\/radis.ee\/fi\/wp-json\/wp\/v2\/media\/20200"}],"wp:attachment":[{"href":"https:\/\/radis.ee\/fi\/wp-json\/wp\/v2\/media?parent=6576"}],"wp:term":[{"taxonomy":"product_brand","embeddable":true,"href":"https:\/\/radis.ee\/fi\/wp-json\/wp\/v2\/product_brand?post=6576"},{"taxonomy":"product_cat","embeddable":true,"href":"https:\/\/radis.ee\/fi\/wp-json\/wp\/v2\/product_cat?post=6576"},{"taxonomy":"product_tag","embeddable":true,"href":"https:\/\/radis.ee\/fi\/wp-json\/wp\/v2\/product_tag?post=6576"}],"curies":[{"name":"wp","href":"https:\/\/api.w.org\/{rel}","templated":true}]}}