{"id":6674,"date":"2022-09-12T19:38:07","date_gmt":"2021-01-05T17:38:07","guid":{"rendered":"https:\/\/radis.ee\/sanky-boxy\/"},"modified":"2021-01-08T17:03:18","modified_gmt":"2021-01-08T15:03:18","slug":"sanky-boxy-yopoydilla","status":"publish","type":"product","link":"https:\/\/radis.ee\/fi\/sanky-boxy-yopoydilla\/","title":{"rendered":"S\u00e4nky BOXY y\u00f6p\u00f6ydill\u00e4"},"content":{"rendered":"<p>BOXY-vuode on klassikko, jossa on puhtaat linjat ja kubismista inspiroiva muoto. P\u00e4\u00e4ty on minimaalinen ja koivuvanerin l\u00e4mp\u00f6 tekee siit\u00e4 k\u00e4yt\u00e4nn\u00f6llisen. Y\u00f6p\u00f6yd\u00e4t, jotka on kiinnitetty s\u00e4nkyyn, s\u00e4\u00e4st\u00e4v\u00e4t vaivaa, kun etsit t\u00e4ydellisi\u00e4 tuotteita s\u00e4nkyyn sopiviksi. BOXY-vuode on helmi makuuhuoneessasi, jota pid\u00e4t vuosien ajan.<\/p>\n<p>Niskatuki on sopivasti kulmainen lukemaan mukavasti s\u00e4ngyss\u00e4. Valmistettu koivuvanerista tai tammiviilutetusta vanerista, \u00f6ljyvahattu. Y\u00f6p\u00f6ydiss\u00e4 on pehme\u00e4sti sulkeutuvat laatikkokaiteet. S\u00e4ngyn alla on my\u00f6s kaksi py\u00f6rill\u00e4 varustettua s\u00e4ngyn laatikkoa, joiden koko on 120x60x19cm.<\/p>\n<p>Y\u00f6p\u00f6ydill\u00e4 varustettu s\u00e4nky on 75 cm leve\u00e4mpi kuin patjan leveys. S\u00e4ngyn pohjan korkeus on 25 cm maasta. Sis\u00e4lt\u00e4\u00e4 vaneriset s\u00e4ngynpohjat. Vuoteissa on my\u00f6s tukijalka keskell\u00e4.<\/p>\n","protected":false},"excerpt":{"rendered":"<p>BOXY-vuode on klassikko, jossa on puhtaat linjat ja kubismista inspiroiva muoto. P\u00e4\u00e4ty on minimaalinen ja koivuvanerin l\u00e4mp\u00f6 tekee siit\u00e4 k\u00e4yt\u00e4nn\u00f6llisen. Y\u00f6p\u00f6yd\u00e4t, jotka on kiinnitetty s\u00e4nkyyn, s\u00e4\u00e4st\u00e4v\u00e4t vaivaa, kun etsit t\u00e4ydellisi\u00e4 tuotteita s\u00e4nkyyn sopiviksi. BOXY-vuode on helmi makuuhuoneessasi, jota pid\u00e4t vuosien ajan. Niskatuki on sopivasti kulmainen lukemaan mukavasti s\u00e4ngyss\u00e4. Valmistettu koivuvanerista tai tammiviilutetusta vanerista, \u00f6ljyvahattu. Y\u00f6p\u00f6ydiss\u00e4&#8230;<\/p>\n","protected":false},"featured_media":6622,"comment_status":"open","ping_status":"closed","template":"","meta":{"_acf_changed":false},"product_brand":[],"product_cat":[113],"product_tag":[],"class_list":{"0":"post-6674","1":"product","2":"type-product","3":"status-publish","4":"has-post-thumbnail","6":"product_cat-voodid","8":"first","9":"instock","10":"taxable","11":"shipping-taxable","12":"purchasable","13":"product-type-variable","14":"has-default-attributes"},"acf":[],"yoast_head":"<!-- This site is optimized with the Yoast SEO plugin v27.4 - https:\/\/yoast.com\/product\/yoast-seo-wordpress\/ -->\n<title>S\u00e4nky BOXY y\u00f6p\u00f6ydill\u00e4 - Radis<\/title>\n<meta name=\"robots\" content=\"index, follow, max-snippet:-1, max-image-preview:large, max-video-preview:-1\" \/>\n<link rel=\"canonical\" href=\"https:\/\/radis.ee\/ookappidega-voodi-boxy\/\" \/>\n<meta property=\"og:locale\" content=\"fi_FI\" \/>\n<meta property=\"og:type\" content=\"article\" \/>\n<meta property=\"og:title\" content=\"S\u00e4nky BOXY y\u00f6p\u00f6ydill\u00e4 - Radis\" \/>\n<meta property=\"og:description\" content=\"BOXY-vuode on klassikko, jossa on puhtaat linjat ja kubismista inspiroiva muoto. P\u00e4\u00e4ty on minimaalinen ja koivuvanerin l\u00e4mp\u00f6 tekee siit\u00e4 k\u00e4yt\u00e4nn\u00f6llisen. Y\u00f6p\u00f6yd\u00e4t, jotka on kiinnitetty s\u00e4nkyyn, s\u00e4\u00e4st\u00e4v\u00e4t vaivaa, kun etsit t\u00e4ydellisi\u00e4 tuotteita s\u00e4nkyyn sopiviksi. BOXY-vuode on helmi makuuhuoneessasi, jota pid\u00e4t vuosien ajan. Niskatuki on sopivasti kulmainen lukemaan mukavasti s\u00e4ngyss\u00e4. Valmistettu koivuvanerista tai tammiviilutetusta vanerista, \u00f6ljyvahattu. Y\u00f6p\u00f6ydiss\u00e4...\" \/>\n<meta property=\"og:url\" content=\"https:\/\/radis.ee\/ookappidega-voodi-boxy\/\" \/>\n<meta property=\"og:site_name\" content=\"Radis\" \/>\n<meta property=\"article:publisher\" content=\"https:\/\/www.facebook.com\/radisfurniture\/\" \/>\n<meta property=\"article:modified_time\" content=\"2021-01-08T15:03:18+00:00\" \/>\n<meta property=\"og:image\" content=\"https:\/\/radis.ee\/wp-content\/uploads\/2021\/01\/Radis_bed_BOXY_Pebble_Grey_White_CPL_white_background_SR-scaled.jpg\" \/>\n\t<meta property=\"og:image:width\" content=\"2107\" \/>\n\t<meta property=\"og:image:height\" content=\"2560\" \/>\n\t<meta property=\"og:image:type\" content=\"image\/jpeg\" \/>\n<meta name=\"twitter:card\" content=\"summary_large_image\" \/>\n<meta name=\"twitter:label1\" content=\"Arvioitu lukuaika\" \/>\n\t<meta name=\"twitter:data1\" content=\"1 minuutti\" \/>\n<script type=\"application\/ld+json\" class=\"yoast-schema-graph\">{\"@context\":\"https:\\\/\\\/schema.org\",\"@graph\":[{\"@type\":\"WebPage\",\"@id\":\"https:\\\/\\\/radis.ee\\\/ookappidega-voodi-boxy\\\/\",\"url\":\"https:\\\/\\\/radis.ee\\\/ookappidega-voodi-boxy\\\/\",\"name\":\"S\u00e4nky BOXY y\u00f6p\u00f6ydill\u00e4 - Radis\",\"isPartOf\":{\"@id\":\"https:\\\/\\\/radis.ee\\\/#website\"},\"primaryImageOfPage\":{\"@id\":\"https:\\\/\\\/radis.ee\\\/ookappidega-voodi-boxy\\\/#primaryimage\"},\"image\":{\"@id\":\"https:\\\/\\\/radis.ee\\\/ookappidega-voodi-boxy\\\/#primaryimage\"},\"thumbnailUrl\":\"https:\\\/\\\/radis.ee\\\/wp-content\\\/uploads\\\/2021\\\/01\\\/Radis_bed_BOXY_Pebble_Grey_White_CPL_white_background_SR-scaled.jpg\",\"datePublished\":\"2021-01-05T17:38:07+00:00\",\"dateModified\":\"2021-01-08T15:03:18+00:00\",\"breadcrumb\":{\"@id\":\"https:\\\/\\\/radis.ee\\\/ookappidega-voodi-boxy\\\/#breadcrumb\"},\"inLanguage\":\"fi\",\"potentialAction\":[{\"@type\":\"ReadAction\",\"target\":[\"https:\\\/\\\/radis.ee\\\/ookappidega-voodi-boxy\\\/\"]}]},{\"@type\":\"ImageObject\",\"inLanguage\":\"fi\",\"@id\":\"https:\\\/\\\/radis.ee\\\/ookappidega-voodi-boxy\\\/#primaryimage\",\"url\":\"https:\\\/\\\/radis.ee\\\/wp-content\\\/uploads\\\/2021\\\/01\\\/Radis_bed_BOXY_Pebble_Grey_White_CPL_white_background_SR-scaled.jpg\",\"contentUrl\":\"https:\\\/\\\/radis.ee\\\/wp-content\\\/uploads\\\/2021\\\/01\\\/Radis_bed_BOXY_Pebble_Grey_White_CPL_white_background_SR-scaled.jpg\",\"width\":2107,\"height\":2560,\"caption\":\"Bed BOXY\"},{\"@type\":\"BreadcrumbList\",\"@id\":\"https:\\\/\\\/radis.ee\\\/ookappidega-voodi-boxy\\\/#breadcrumb\",\"itemListElement\":[{\"@type\":\"ListItem\",\"position\":1,\"name\":\"Home\",\"item\":\"https:\\\/\\\/radis.ee\\\/\"},{\"@type\":\"ListItem\",\"position\":2,\"name\":\"Tuotteet\",\"item\":\"https:\\\/\\\/radis.ee\\\/fi\\\/tuotteet\\\/\"},{\"@type\":\"ListItem\",\"position\":3,\"name\":\"S\u00e4nky BOXY y\u00f6p\u00f6ydill\u00e4\"}]},{\"@type\":\"WebSite\",\"@id\":\"https:\\\/\\\/radis.ee\\\/#website\",\"url\":\"https:\\\/\\\/radis.ee\\\/\",\"name\":\"Radis\",\"description\":\"Nordic design furniture, environmentally friendly and sustainable.\",\"publisher\":{\"@id\":\"https:\\\/\\\/radis.ee\\\/#organization\"},\"potentialAction\":[{\"@type\":\"SearchAction\",\"target\":{\"@type\":\"EntryPoint\",\"urlTemplate\":\"https:\\\/\\\/radis.ee\\\/?s={search_term_string}\"},\"query-input\":{\"@type\":\"PropertyValueSpecification\",\"valueRequired\":true,\"valueName\":\"search_term_string\"}}],\"inLanguage\":\"fi\"},{\"@type\":\"Organization\",\"@id\":\"https:\\\/\\\/radis.ee\\\/#organization\",\"name\":\"Radis O\u00dc\",\"url\":\"https:\\\/\\\/radis.ee\\\/\",\"logo\":{\"@type\":\"ImageObject\",\"inLanguage\":\"fi\",\"@id\":\"https:\\\/\\\/radis.ee\\\/#\\\/schema\\\/logo\\\/image\\\/\",\"url\":\"https:\\\/\\\/radis.ee\\\/wp-content\\\/uploads\\\/2020\\\/10\\\/Radis-logo.png\",\"contentUrl\":\"https:\\\/\\\/radis.ee\\\/wp-content\\\/uploads\\\/2020\\\/10\\\/Radis-logo.png\",\"width\":300,\"height\":63,\"caption\":\"Radis O\u00dc\"},\"image\":{\"@id\":\"https:\\\/\\\/radis.ee\\\/#\\\/schema\\\/logo\\\/image\\\/\"},\"sameAs\":[\"https:\\\/\\\/www.facebook.com\\\/radisfurniture\\\/\"]}]}<\/script>\n<!-- \/ Yoast SEO plugin. -->","yoast_head_json":{"title":"S\u00e4nky BOXY y\u00f6p\u00f6ydill\u00e4 - Radis","robots":{"index":"index","follow":"follow","max-snippet":"max-snippet:-1","max-image-preview":"max-image-preview:large","max-video-preview":"max-video-preview:-1"},"canonical":"https:\/\/radis.ee\/ookappidega-voodi-boxy\/","og_locale":"fi_FI","og_type":"article","og_title":"S\u00e4nky BOXY y\u00f6p\u00f6ydill\u00e4 - Radis","og_description":"BOXY-vuode on klassikko, jossa on puhtaat linjat ja kubismista inspiroiva muoto. P\u00e4\u00e4ty on minimaalinen ja koivuvanerin l\u00e4mp\u00f6 tekee siit\u00e4 k\u00e4yt\u00e4nn\u00f6llisen. Y\u00f6p\u00f6yd\u00e4t, jotka on kiinnitetty s\u00e4nkyyn, s\u00e4\u00e4st\u00e4v\u00e4t vaivaa, kun etsit t\u00e4ydellisi\u00e4 tuotteita s\u00e4nkyyn sopiviksi. BOXY-vuode on helmi makuuhuoneessasi, jota pid\u00e4t vuosien ajan. Niskatuki on sopivasti kulmainen lukemaan mukavasti s\u00e4ngyss\u00e4. Valmistettu koivuvanerista tai tammiviilutetusta vanerista, \u00f6ljyvahattu. Y\u00f6p\u00f6ydiss\u00e4...","og_url":"https:\/\/radis.ee\/ookappidega-voodi-boxy\/","og_site_name":"Radis","article_publisher":"https:\/\/www.facebook.com\/radisfurniture\/","article_modified_time":"2021-01-08T15:03:18+00:00","og_image":[{"width":2107,"height":2560,"url":"https:\/\/radis.ee\/wp-content\/uploads\/2021\/01\/Radis_bed_BOXY_Pebble_Grey_White_CPL_white_background_SR-scaled.jpg","type":"image\/jpeg"}],"twitter_card":"summary_large_image","twitter_misc":{"Arvioitu lukuaika":"1 minuutti"},"schema":{"@context":"https:\/\/schema.org","@graph":[{"@type":"WebPage","@id":"https:\/\/radis.ee\/ookappidega-voodi-boxy\/","url":"https:\/\/radis.ee\/ookappidega-voodi-boxy\/","name":"S\u00e4nky BOXY y\u00f6p\u00f6ydill\u00e4 - Radis","isPartOf":{"@id":"https:\/\/radis.ee\/#website"},"primaryImageOfPage":{"@id":"https:\/\/radis.ee\/ookappidega-voodi-boxy\/#primaryimage"},"image":{"@id":"https:\/\/radis.ee\/ookappidega-voodi-boxy\/#primaryimage"},"thumbnailUrl":"https:\/\/radis.ee\/wp-content\/uploads\/2021\/01\/Radis_bed_BOXY_Pebble_Grey_White_CPL_white_background_SR-scaled.jpg","datePublished":"2021-01-05T17:38:07+00:00","dateModified":"2021-01-08T15:03:18+00:00","breadcrumb":{"@id":"https:\/\/radis.ee\/ookappidega-voodi-boxy\/#breadcrumb"},"inLanguage":"fi","potentialAction":[{"@type":"ReadAction","target":["https:\/\/radis.ee\/ookappidega-voodi-boxy\/"]}]},{"@type":"ImageObject","inLanguage":"fi","@id":"https:\/\/radis.ee\/ookappidega-voodi-boxy\/#primaryimage","url":"https:\/\/radis.ee\/wp-content\/uploads\/2021\/01\/Radis_bed_BOXY_Pebble_Grey_White_CPL_white_background_SR-scaled.jpg","contentUrl":"https:\/\/radis.ee\/wp-content\/uploads\/2021\/01\/Radis_bed_BOXY_Pebble_Grey_White_CPL_white_background_SR-scaled.jpg","width":2107,"height":2560,"caption":"Bed BOXY"},{"@type":"BreadcrumbList","@id":"https:\/\/radis.ee\/ookappidega-voodi-boxy\/#breadcrumb","itemListElement":[{"@type":"ListItem","position":1,"name":"Home","item":"https:\/\/radis.ee\/"},{"@type":"ListItem","position":2,"name":"Tuotteet","item":"https:\/\/radis.ee\/fi\/tuotteet\/"},{"@type":"ListItem","position":3,"name":"S\u00e4nky BOXY y\u00f6p\u00f6ydill\u00e4"}]},{"@type":"WebSite","@id":"https:\/\/radis.ee\/#website","url":"https:\/\/radis.ee\/","name":"Radis","description":"Nordic design furniture, environmentally friendly and sustainable.","publisher":{"@id":"https:\/\/radis.ee\/#organization"},"potentialAction":[{"@type":"SearchAction","target":{"@type":"EntryPoint","urlTemplate":"https:\/\/radis.ee\/?s={search_term_string}"},"query-input":{"@type":"PropertyValueSpecification","valueRequired":true,"valueName":"search_term_string"}}],"inLanguage":"fi"},{"@type":"Organization","@id":"https:\/\/radis.ee\/#organization","name":"Radis O\u00dc","url":"https:\/\/radis.ee\/","logo":{"@type":"ImageObject","inLanguage":"fi","@id":"https:\/\/radis.ee\/#\/schema\/logo\/image\/","url":"https:\/\/radis.ee\/wp-content\/uploads\/2020\/10\/Radis-logo.png","contentUrl":"https:\/\/radis.ee\/wp-content\/uploads\/2020\/10\/Radis-logo.png","width":300,"height":63,"caption":"Radis O\u00dc"},"image":{"@id":"https:\/\/radis.ee\/#\/schema\/logo\/image\/"},"sameAs":["https:\/\/www.facebook.com\/radisfurniture\/"]}]}},"_links":{"self":[{"href":"https:\/\/radis.ee\/fi\/wp-json\/wp\/v2\/product\/6674","targetHints":{"allow":["GET"]}}],"collection":[{"href":"https:\/\/radis.ee\/fi\/wp-json\/wp\/v2\/product"}],"about":[{"href":"https:\/\/radis.ee\/fi\/wp-json\/wp\/v2\/types\/product"}],"replies":[{"embeddable":true,"href":"https:\/\/radis.ee\/fi\/wp-json\/wp\/v2\/comments?post=6674"}],"wp:featuredmedia":[{"embeddable":true,"href":"https:\/\/radis.ee\/fi\/wp-json\/wp\/v2\/media\/6622"}],"wp:attachment":[{"href":"https:\/\/radis.ee\/fi\/wp-json\/wp\/v2\/media?parent=6674"}],"wp:term":[{"taxonomy":"product_brand","embeddable":true,"href":"https:\/\/radis.ee\/fi\/wp-json\/wp\/v2\/product_brand?post=6674"},{"taxonomy":"product_cat","embeddable":true,"href":"https:\/\/radis.ee\/fi\/wp-json\/wp\/v2\/product_cat?post=6674"},{"taxonomy":"product_tag","embeddable":true,"href":"https:\/\/radis.ee\/fi\/wp-json\/wp\/v2\/product_tag?post=6674"}],"curies":[{"name":"wp","href":"https:\/\/api.w.org\/{rel}","templated":true}]}}