{"id":9347,"date":"2020-02-09T19:56:14","date_gmt":"2021-02-09T17:56:14","guid":{"rendered":"https:\/\/radis.ee\/seinavalaisin-priit\/"},"modified":"2021-02-09T21:03:18","modified_gmt":"2021-02-09T19:03:18","slug":"seinavalaisin-priit","status":"publish","type":"product","link":"https:\/\/radis.ee\/fi\/seinavalaisin-priit\/","title":{"rendered":"Sein\u00e4valaisin PRIIT"},"content":{"rendered":"<p>Priit-sein\u00e4valaisin sopii sek\u00e4 alempaan yleisvaloon ett\u00e4 lukuvaloon. Yksinkertainen ja toimiva asennus mahdollistaa valaisimen korkeuden muuttamisen eritt\u00e4in helposti my\u00f6s my\u00f6hemmin.<\/p>\n<p>Valmistettu tammesta lattiaj\u00e4\u00e4mist\u00e4. T\u00e4m\u00e4 on puu, joka muuten menisi uunil\u00e4mmitykseen. Suunnittelijat kuitenkin panevat n\u00e4m\u00e4 &#8221;polttopuut&#8221; palamaan eri tavalla &#8211; niist\u00e4 syntyy tammilamppuja.<\/p>\n<p>Valaisimessa on 2,5 m pitk\u00e4 musta kangaskaapeli ja musta pistoke ja kytkin. Sarja sis\u00e4lt\u00e4\u00e4 kiinnitysruuvin ja LED-lampun, jonka valovoima on 750 lumenia. Asennukseen tarvitsee vain tapin, joka sopii sein\u00e4materiaaliin. Priit-sein\u00e4valaisin on viimeistelty luonnon puu\u00f6ljyll\u00e4.<\/p>\n<p>Valaisimen puuosan pituus 12 cm, halkaisija 6 cm; sein\u00e4\u00e4n kiinnitetyn puuosan pituus 16,5 cm, halkaisija 4,3 cm.<\/p>\n<p>Suunnittelijat: Liis Tippel ja Katrin Girin<\/p>\n","protected":false},"excerpt":{"rendered":"<p>Priit-sein\u00e4valaisin sopii sek\u00e4 alempaan yleisvaloon ett\u00e4 lukuvaloon. Yksinkertainen ja toimiva asennus mahdollistaa valaisimen korkeuden muuttamisen eritt\u00e4in helposti my\u00f6s my\u00f6hemmin. Valmistettu tammesta lattiaj\u00e4\u00e4mist\u00e4. T\u00e4m\u00e4 on puu, joka muuten menisi uunil\u00e4mmitykseen. Suunnittelijat kuitenkin panevat n\u00e4m\u00e4 &#8221;polttopuut&#8221; palamaan eri tavalla &#8211; niist\u00e4 syntyy tammilamppuja. Valaisimessa on 2,5 m pitk\u00e4 musta kangaskaapeli ja musta pistoke ja kytkin. Sarja sis\u00e4lt\u00e4\u00e4&#8230;<\/p>\n","protected":false},"featured_media":9628,"comment_status":"open","ping_status":"closed","template":"","meta":{"_acf_changed":false},"product_brand":[],"product_cat":[34],"product_tag":[],"class_list":{"0":"post-9347","1":"product","2":"type-product","3":"status-publish","4":"has-post-thumbnail","6":"product_cat-aksessuaarid","8":"first","9":"instock","10":"taxable","11":"shipping-taxable","12":"purchasable","13":"product-type-simple"},"acf":[],"yoast_head":"<!-- This site is optimized with the Yoast SEO plugin v27.4 - https:\/\/yoast.com\/product\/yoast-seo-wordpress\/ -->\n<title>Sein\u00e4valaisin PRIIT - Radis<\/title>\n<meta name=\"robots\" content=\"index, follow, max-snippet:-1, max-image-preview:large, max-video-preview:-1\" \/>\n<link rel=\"canonical\" href=\"https:\/\/radis.ee\/seinavalgusti-priit\/\" \/>\n<meta property=\"og:locale\" content=\"fi_FI\" \/>\n<meta property=\"og:type\" content=\"article\" \/>\n<meta property=\"og:title\" content=\"Sein\u00e4valaisin PRIIT - Radis\" \/>\n<meta property=\"og:description\" content=\"Priit-sein\u00e4valaisin sopii sek\u00e4 alempaan yleisvaloon ett\u00e4 lukuvaloon. Yksinkertainen ja toimiva asennus mahdollistaa valaisimen korkeuden muuttamisen eritt\u00e4in helposti my\u00f6s my\u00f6hemmin. Valmistettu tammesta lattiaj\u00e4\u00e4mist\u00e4. T\u00e4m\u00e4 on puu, joka muuten menisi uunil\u00e4mmitykseen. Suunnittelijat kuitenkin panevat n\u00e4m\u00e4 &#8221;polttopuut&#8221; palamaan eri tavalla &#8211; niist\u00e4 syntyy tammilamppuja. Valaisimessa on 2,5 m pitk\u00e4 musta kangaskaapeli ja musta pistoke ja kytkin. Sarja sis\u00e4lt\u00e4\u00e4...\" \/>\n<meta property=\"og:url\" content=\"https:\/\/radis.ee\/seinavalgusti-priit\/\" \/>\n<meta property=\"og:site_name\" content=\"Radis\" \/>\n<meta property=\"article:publisher\" content=\"https:\/\/www.facebook.com\/radisfurniture\/\" \/>\n<meta property=\"article:modified_time\" content=\"2021-02-09T19:03:18+00:00\" \/>\n<meta property=\"og:image\" content=\"https:\/\/radis.ee\/wp-content\/uploads\/2020\/02\/PULO_disain_seinavalgusti_Priit_1.jpeg\" \/>\n\t<meta property=\"og:image:width\" content=\"640\" \/>\n\t<meta property=\"og:image:height\" content=\"427\" \/>\n\t<meta property=\"og:image:type\" content=\"image\/jpeg\" \/>\n<meta name=\"twitter:card\" content=\"summary_large_image\" \/>\n<meta name=\"twitter:label1\" content=\"Arvioitu lukuaika\" \/>\n\t<meta name=\"twitter:data1\" content=\"1 minuutti\" \/>\n<script type=\"application\/ld+json\" class=\"yoast-schema-graph\">{\"@context\":\"https:\\\/\\\/schema.org\",\"@graph\":[{\"@type\":\"WebPage\",\"@id\":\"https:\\\/\\\/radis.ee\\\/seinavalgusti-priit\\\/\",\"url\":\"https:\\\/\\\/radis.ee\\\/seinavalgusti-priit\\\/\",\"name\":\"Sein\u00e4valaisin PRIIT - Radis\",\"isPartOf\":{\"@id\":\"https:\\\/\\\/radis.ee\\\/#website\"},\"primaryImageOfPage\":{\"@id\":\"https:\\\/\\\/radis.ee\\\/seinavalgusti-priit\\\/#primaryimage\"},\"image\":{\"@id\":\"https:\\\/\\\/radis.ee\\\/seinavalgusti-priit\\\/#primaryimage\"},\"thumbnailUrl\":\"https:\\\/\\\/radis.ee\\\/wp-content\\\/uploads\\\/2020\\\/02\\\/PULO_disain_seinavalgusti_Priit_1.jpeg\",\"datePublished\":\"2021-02-09T17:56:14+00:00\",\"dateModified\":\"2021-02-09T19:03:18+00:00\",\"breadcrumb\":{\"@id\":\"https:\\\/\\\/radis.ee\\\/seinavalgusti-priit\\\/#breadcrumb\"},\"inLanguage\":\"fi\",\"potentialAction\":[{\"@type\":\"ReadAction\",\"target\":[\"https:\\\/\\\/radis.ee\\\/seinavalgusti-priit\\\/\"]}]},{\"@type\":\"ImageObject\",\"inLanguage\":\"fi\",\"@id\":\"https:\\\/\\\/radis.ee\\\/seinavalgusti-priit\\\/#primaryimage\",\"url\":\"https:\\\/\\\/radis.ee\\\/wp-content\\\/uploads\\\/2020\\\/02\\\/PULO_disain_seinavalgusti_Priit_1.jpeg\",\"contentUrl\":\"https:\\\/\\\/radis.ee\\\/wp-content\\\/uploads\\\/2020\\\/02\\\/PULO_disain_seinavalgusti_Priit_1.jpeg\",\"width\":640,\"height\":427,\"caption\":\"WALL LAMP PRIIT\"},{\"@type\":\"BreadcrumbList\",\"@id\":\"https:\\\/\\\/radis.ee\\\/seinavalgusti-priit\\\/#breadcrumb\",\"itemListElement\":[{\"@type\":\"ListItem\",\"position\":1,\"name\":\"Home\",\"item\":\"https:\\\/\\\/radis.ee\\\/\"},{\"@type\":\"ListItem\",\"position\":2,\"name\":\"Tuotteet\",\"item\":\"https:\\\/\\\/radis.ee\\\/fi\\\/tuotteet\\\/\"},{\"@type\":\"ListItem\",\"position\":3,\"name\":\"Sein\u00e4valaisin PRIIT\"}]},{\"@type\":\"WebSite\",\"@id\":\"https:\\\/\\\/radis.ee\\\/#website\",\"url\":\"https:\\\/\\\/radis.ee\\\/\",\"name\":\"Radis\",\"description\":\"Nordic design furniture, environmentally friendly and sustainable.\",\"publisher\":{\"@id\":\"https:\\\/\\\/radis.ee\\\/#organization\"},\"potentialAction\":[{\"@type\":\"SearchAction\",\"target\":{\"@type\":\"EntryPoint\",\"urlTemplate\":\"https:\\\/\\\/radis.ee\\\/?s={search_term_string}\"},\"query-input\":{\"@type\":\"PropertyValueSpecification\",\"valueRequired\":true,\"valueName\":\"search_term_string\"}}],\"inLanguage\":\"fi\"},{\"@type\":\"Organization\",\"@id\":\"https:\\\/\\\/radis.ee\\\/#organization\",\"name\":\"Radis O\u00dc\",\"url\":\"https:\\\/\\\/radis.ee\\\/\",\"logo\":{\"@type\":\"ImageObject\",\"inLanguage\":\"fi\",\"@id\":\"https:\\\/\\\/radis.ee\\\/#\\\/schema\\\/logo\\\/image\\\/\",\"url\":\"https:\\\/\\\/radis.ee\\\/wp-content\\\/uploads\\\/2020\\\/10\\\/Radis-logo.png\",\"contentUrl\":\"https:\\\/\\\/radis.ee\\\/wp-content\\\/uploads\\\/2020\\\/10\\\/Radis-logo.png\",\"width\":300,\"height\":63,\"caption\":\"Radis O\u00dc\"},\"image\":{\"@id\":\"https:\\\/\\\/radis.ee\\\/#\\\/schema\\\/logo\\\/image\\\/\"},\"sameAs\":[\"https:\\\/\\\/www.facebook.com\\\/radisfurniture\\\/\"]}]}<\/script>\n<!-- \/ Yoast SEO plugin. -->","yoast_head_json":{"title":"Sein\u00e4valaisin PRIIT - Radis","robots":{"index":"index","follow":"follow","max-snippet":"max-snippet:-1","max-image-preview":"max-image-preview:large","max-video-preview":"max-video-preview:-1"},"canonical":"https:\/\/radis.ee\/seinavalgusti-priit\/","og_locale":"fi_FI","og_type":"article","og_title":"Sein\u00e4valaisin PRIIT - Radis","og_description":"Priit-sein\u00e4valaisin sopii sek\u00e4 alempaan yleisvaloon ett\u00e4 lukuvaloon. Yksinkertainen ja toimiva asennus mahdollistaa valaisimen korkeuden muuttamisen eritt\u00e4in helposti my\u00f6s my\u00f6hemmin. Valmistettu tammesta lattiaj\u00e4\u00e4mist\u00e4. T\u00e4m\u00e4 on puu, joka muuten menisi uunil\u00e4mmitykseen. Suunnittelijat kuitenkin panevat n\u00e4m\u00e4 &#8221;polttopuut&#8221; palamaan eri tavalla &#8211; niist\u00e4 syntyy tammilamppuja. Valaisimessa on 2,5 m pitk\u00e4 musta kangaskaapeli ja musta pistoke ja kytkin. Sarja sis\u00e4lt\u00e4\u00e4...","og_url":"https:\/\/radis.ee\/seinavalgusti-priit\/","og_site_name":"Radis","article_publisher":"https:\/\/www.facebook.com\/radisfurniture\/","article_modified_time":"2021-02-09T19:03:18+00:00","og_image":[{"width":640,"height":427,"url":"https:\/\/radis.ee\/wp-content\/uploads\/2020\/02\/PULO_disain_seinavalgusti_Priit_1.jpeg","type":"image\/jpeg"}],"twitter_card":"summary_large_image","twitter_misc":{"Arvioitu lukuaika":"1 minuutti"},"schema":{"@context":"https:\/\/schema.org","@graph":[{"@type":"WebPage","@id":"https:\/\/radis.ee\/seinavalgusti-priit\/","url":"https:\/\/radis.ee\/seinavalgusti-priit\/","name":"Sein\u00e4valaisin PRIIT - Radis","isPartOf":{"@id":"https:\/\/radis.ee\/#website"},"primaryImageOfPage":{"@id":"https:\/\/radis.ee\/seinavalgusti-priit\/#primaryimage"},"image":{"@id":"https:\/\/radis.ee\/seinavalgusti-priit\/#primaryimage"},"thumbnailUrl":"https:\/\/radis.ee\/wp-content\/uploads\/2020\/02\/PULO_disain_seinavalgusti_Priit_1.jpeg","datePublished":"2021-02-09T17:56:14+00:00","dateModified":"2021-02-09T19:03:18+00:00","breadcrumb":{"@id":"https:\/\/radis.ee\/seinavalgusti-priit\/#breadcrumb"},"inLanguage":"fi","potentialAction":[{"@type":"ReadAction","target":["https:\/\/radis.ee\/seinavalgusti-priit\/"]}]},{"@type":"ImageObject","inLanguage":"fi","@id":"https:\/\/radis.ee\/seinavalgusti-priit\/#primaryimage","url":"https:\/\/radis.ee\/wp-content\/uploads\/2020\/02\/PULO_disain_seinavalgusti_Priit_1.jpeg","contentUrl":"https:\/\/radis.ee\/wp-content\/uploads\/2020\/02\/PULO_disain_seinavalgusti_Priit_1.jpeg","width":640,"height":427,"caption":"WALL LAMP PRIIT"},{"@type":"BreadcrumbList","@id":"https:\/\/radis.ee\/seinavalgusti-priit\/#breadcrumb","itemListElement":[{"@type":"ListItem","position":1,"name":"Home","item":"https:\/\/radis.ee\/"},{"@type":"ListItem","position":2,"name":"Tuotteet","item":"https:\/\/radis.ee\/fi\/tuotteet\/"},{"@type":"ListItem","position":3,"name":"Sein\u00e4valaisin PRIIT"}]},{"@type":"WebSite","@id":"https:\/\/radis.ee\/#website","url":"https:\/\/radis.ee\/","name":"Radis","description":"Nordic design furniture, environmentally friendly and sustainable.","publisher":{"@id":"https:\/\/radis.ee\/#organization"},"potentialAction":[{"@type":"SearchAction","target":{"@type":"EntryPoint","urlTemplate":"https:\/\/radis.ee\/?s={search_term_string}"},"query-input":{"@type":"PropertyValueSpecification","valueRequired":true,"valueName":"search_term_string"}}],"inLanguage":"fi"},{"@type":"Organization","@id":"https:\/\/radis.ee\/#organization","name":"Radis O\u00dc","url":"https:\/\/radis.ee\/","logo":{"@type":"ImageObject","inLanguage":"fi","@id":"https:\/\/radis.ee\/#\/schema\/logo\/image\/","url":"https:\/\/radis.ee\/wp-content\/uploads\/2020\/10\/Radis-logo.png","contentUrl":"https:\/\/radis.ee\/wp-content\/uploads\/2020\/10\/Radis-logo.png","width":300,"height":63,"caption":"Radis O\u00dc"},"image":{"@id":"https:\/\/radis.ee\/#\/schema\/logo\/image\/"},"sameAs":["https:\/\/www.facebook.com\/radisfurniture\/"]}]}},"_links":{"self":[{"href":"https:\/\/radis.ee\/fi\/wp-json\/wp\/v2\/product\/9347","targetHints":{"allow":["GET"]}}],"collection":[{"href":"https:\/\/radis.ee\/fi\/wp-json\/wp\/v2\/product"}],"about":[{"href":"https:\/\/radis.ee\/fi\/wp-json\/wp\/v2\/types\/product"}],"replies":[{"embeddable":true,"href":"https:\/\/radis.ee\/fi\/wp-json\/wp\/v2\/comments?post=9347"}],"wp:featuredmedia":[{"embeddable":true,"href":"https:\/\/radis.ee\/fi\/wp-json\/wp\/v2\/media\/9628"}],"wp:attachment":[{"href":"https:\/\/radis.ee\/fi\/wp-json\/wp\/v2\/media?parent=9347"}],"wp:term":[{"taxonomy":"product_brand","embeddable":true,"href":"https:\/\/radis.ee\/fi\/wp-json\/wp\/v2\/product_brand?post=9347"},{"taxonomy":"product_cat","embeddable":true,"href":"https:\/\/radis.ee\/fi\/wp-json\/wp\/v2\/product_cat?post=9347"},{"taxonomy":"product_tag","embeddable":true,"href":"https:\/\/radis.ee\/fi\/wp-json\/wp\/v2\/product_tag?post=9347"}],"curies":[{"name":"wp","href":"https:\/\/api.w.org\/{rel}","templated":true}]}}