{"id":9398,"date":"2020-02-09T20:39:58","date_gmt":"2020-02-09T18:39:58","guid":{"rendered":"https:\/\/radis.ee\/riippuvalaisin-paula\/"},"modified":"2021-02-09T20:53:31","modified_gmt":"2021-02-09T18:53:31","slug":"riippuvalaisin-paula","status":"publish","type":"product","link":"https:\/\/radis.ee\/fi\/riippuvalaisin-paula\/","title":{"rendered":"Riippuvalaisin PAULA"},"content":{"rendered":"<p>Paula on leikkisill\u00e4 muumioilla varustettu riipusvalaisin, joka soveltuu hyvin yleisvalaistukseen sek\u00e4 yksil\u00f6llisesti ett\u00e4 monin tavoin.<\/p>\n<p>Valmistettu tammesta lattiaj\u00e4\u00e4mist\u00e4. T\u00e4m\u00e4 on puu, joka muuten menisi uunil\u00e4mmitykseen. Suunnittelijat kuitenkin panevat n\u00e4m\u00e4 &#8221;polttopuut&#8221; palamaan eri tavalla &#8211; niist\u00e4 syntyy tammilamppuja.<\/p>\n<p>Valaisimessa on my\u00f6s puinen kattopistorasia ja sarja sis\u00e4lt\u00e4\u00e4 LED-lampun, jonka valovoima on 750 lumenia. Asennukseen tarvitaan vain kattokoukku, joka sopii vastaavaan kattomateriaaliin. Paula on viimeistelty luonnon puu\u00f6ljyll\u00e4.<\/p>\n<p>Valaisimen puisen osan pituus on 24,6 cm; kattosarja 5,5 cm, halkaisija 6,3 cm, 1,5 m musta kangaskaapeli, valonl\u00e4hde LED 12,5 cm.<\/p>\n<p>Suunnittelijat: Liis Tippel ja Katrin Girin<\/p>\n","protected":false},"excerpt":{"rendered":"<p>Paula on leikkisill\u00e4 muumioilla varustettu riipusvalaisin, joka soveltuu hyvin yleisvalaistukseen sek\u00e4 yksil\u00f6llisesti ett\u00e4 monin tavoin. Valmistettu tammesta lattiaj\u00e4\u00e4mist\u00e4. T\u00e4m\u00e4 on puu, joka muuten menisi uunil\u00e4mmitykseen. Suunnittelijat kuitenkin panevat n\u00e4m\u00e4 &#8221;polttopuut&#8221; palamaan eri tavalla &#8211; niist\u00e4 syntyy tammilamppuja. Valaisimessa on my\u00f6s puinen kattopistorasia ja sarja sis\u00e4lt\u00e4\u00e4 LED-lampun, jonka valovoima on 750 lumenia. Asennukseen tarvitaan vain kattokoukku,&#8230;<\/p>\n","protected":false},"featured_media":9634,"comment_status":"open","ping_status":"closed","template":"","meta":{"_acf_changed":false},"product_brand":[],"product_cat":[34],"product_tag":[],"class_list":{"0":"post-9398","1":"product","2":"type-product","3":"status-publish","4":"has-post-thumbnail","6":"product_cat-aksessuaarid","8":"first","9":"instock","10":"taxable","11":"shipping-taxable","12":"purchasable","13":"product-type-simple"},"acf":[],"yoast_head":"<!-- This site is optimized with the Yoast SEO plugin v27.3 - https:\/\/yoast.com\/product\/yoast-seo-wordpress\/ -->\n<title>Riippuvalaisin PAULA - Radis<\/title>\n<meta name=\"robots\" content=\"index, follow, max-snippet:-1, max-image-preview:large, max-video-preview:-1\" \/>\n<link rel=\"canonical\" href=\"https:\/\/radis.ee\/rippvalgusti-paula\/\" \/>\n<meta property=\"og:locale\" content=\"fi_FI\" \/>\n<meta property=\"og:type\" content=\"article\" \/>\n<meta property=\"og:title\" content=\"Riippuvalaisin PAULA - Radis\" \/>\n<meta property=\"og:description\" content=\"Paula on leikkisill\u00e4 muumioilla varustettu riipusvalaisin, joka soveltuu hyvin yleisvalaistukseen sek\u00e4 yksil\u00f6llisesti ett\u00e4 monin tavoin. Valmistettu tammesta lattiaj\u00e4\u00e4mist\u00e4. T\u00e4m\u00e4 on puu, joka muuten menisi uunil\u00e4mmitykseen. Suunnittelijat kuitenkin panevat n\u00e4m\u00e4 &#8221;polttopuut&#8221; palamaan eri tavalla &#8211; niist\u00e4 syntyy tammilamppuja. Valaisimessa on my\u00f6s puinen kattopistorasia ja sarja sis\u00e4lt\u00e4\u00e4 LED-lampun, jonka valovoima on 750 lumenia. Asennukseen tarvitaan vain kattokoukku,...\" \/>\n<meta property=\"og:url\" content=\"https:\/\/radis.ee\/rippvalgusti-paula\/\" \/>\n<meta property=\"og:site_name\" content=\"Radis\" \/>\n<meta property=\"article:publisher\" content=\"https:\/\/www.facebook.com\/radisfurniture\/\" \/>\n<meta property=\"article:modified_time\" content=\"2021-02-09T18:53:31+00:00\" \/>\n<meta property=\"og:image\" content=\"https:\/\/radis.ee\/wp-content\/uploads\/2020\/02\/Pendant_lamp_PAULA_1-1.jpg\" \/>\n\t<meta property=\"og:image:width\" content=\"1080\" \/>\n\t<meta property=\"og:image:height\" content=\"1080\" \/>\n\t<meta property=\"og:image:type\" content=\"image\/jpeg\" \/>\n<meta name=\"twitter:card\" content=\"summary_large_image\" \/>\n<script type=\"application\/ld+json\" class=\"yoast-schema-graph\">{\"@context\":\"https:\\\/\\\/schema.org\",\"@graph\":[{\"@type\":\"WebPage\",\"@id\":\"https:\\\/\\\/radis.ee\\\/rippvalgusti-paula\\\/\",\"url\":\"https:\\\/\\\/radis.ee\\\/rippvalgusti-paula\\\/\",\"name\":\"Riippuvalaisin PAULA - Radis\",\"isPartOf\":{\"@id\":\"https:\\\/\\\/radis.ee\\\/#website\"},\"primaryImageOfPage\":{\"@id\":\"https:\\\/\\\/radis.ee\\\/rippvalgusti-paula\\\/#primaryimage\"},\"image\":{\"@id\":\"https:\\\/\\\/radis.ee\\\/rippvalgusti-paula\\\/#primaryimage\"},\"thumbnailUrl\":\"https:\\\/\\\/radis.ee\\\/wp-content\\\/uploads\\\/2020\\\/02\\\/Pendant_lamp_PAULA_1-1.jpg\",\"datePublished\":\"2020-02-09T18:39:58+00:00\",\"dateModified\":\"2021-02-09T18:53:31+00:00\",\"breadcrumb\":{\"@id\":\"https:\\\/\\\/radis.ee\\\/rippvalgusti-paula\\\/#breadcrumb\"},\"inLanguage\":\"fi\",\"potentialAction\":[{\"@type\":\"ReadAction\",\"target\":[\"https:\\\/\\\/radis.ee\\\/rippvalgusti-paula\\\/\"]}]},{\"@type\":\"ImageObject\",\"inLanguage\":\"fi\",\"@id\":\"https:\\\/\\\/radis.ee\\\/rippvalgusti-paula\\\/#primaryimage\",\"url\":\"https:\\\/\\\/radis.ee\\\/wp-content\\\/uploads\\\/2020\\\/02\\\/Pendant_lamp_PAULA_1-1.jpg\",\"contentUrl\":\"https:\\\/\\\/radis.ee\\\/wp-content\\\/uploads\\\/2020\\\/02\\\/Pendant_lamp_PAULA_1-1.jpg\",\"width\":1080,\"height\":1080,\"caption\":\"PENDANT LAMP PAULA\"},{\"@type\":\"BreadcrumbList\",\"@id\":\"https:\\\/\\\/radis.ee\\\/rippvalgusti-paula\\\/#breadcrumb\",\"itemListElement\":[{\"@type\":\"ListItem\",\"position\":1,\"name\":\"Home\",\"item\":\"https:\\\/\\\/radis.ee\\\/\"},{\"@type\":\"ListItem\",\"position\":2,\"name\":\"Tuotteet\",\"item\":\"https:\\\/\\\/radis.ee\\\/fi\\\/tuotteet\\\/\"},{\"@type\":\"ListItem\",\"position\":3,\"name\":\"Riippuvalaisin PAULA\"}]},{\"@type\":\"WebSite\",\"@id\":\"https:\\\/\\\/radis.ee\\\/#website\",\"url\":\"https:\\\/\\\/radis.ee\\\/\",\"name\":\"Radis\",\"description\":\"Nordic design furniture, environmentally friendly and sustainable.\",\"publisher\":{\"@id\":\"https:\\\/\\\/radis.ee\\\/#organization\"},\"potentialAction\":[{\"@type\":\"SearchAction\",\"target\":{\"@type\":\"EntryPoint\",\"urlTemplate\":\"https:\\\/\\\/radis.ee\\\/?s={search_term_string}\"},\"query-input\":{\"@type\":\"PropertyValueSpecification\",\"valueRequired\":true,\"valueName\":\"search_term_string\"}}],\"inLanguage\":\"fi\"},{\"@type\":\"Organization\",\"@id\":\"https:\\\/\\\/radis.ee\\\/#organization\",\"name\":\"Radis O\u00dc\",\"url\":\"https:\\\/\\\/radis.ee\\\/\",\"logo\":{\"@type\":\"ImageObject\",\"inLanguage\":\"fi\",\"@id\":\"https:\\\/\\\/radis.ee\\\/#\\\/schema\\\/logo\\\/image\\\/\",\"url\":\"https:\\\/\\\/radis.ee\\\/wp-content\\\/uploads\\\/2020\\\/10\\\/Radis-logo.png\",\"contentUrl\":\"https:\\\/\\\/radis.ee\\\/wp-content\\\/uploads\\\/2020\\\/10\\\/Radis-logo.png\",\"width\":300,\"height\":63,\"caption\":\"Radis O\u00dc\"},\"image\":{\"@id\":\"https:\\\/\\\/radis.ee\\\/#\\\/schema\\\/logo\\\/image\\\/\"},\"sameAs\":[\"https:\\\/\\\/www.facebook.com\\\/radisfurniture\\\/\"]}]}<\/script>\n<!-- \/ Yoast SEO plugin. -->","yoast_head_json":{"title":"Riippuvalaisin PAULA - Radis","robots":{"index":"index","follow":"follow","max-snippet":"max-snippet:-1","max-image-preview":"max-image-preview:large","max-video-preview":"max-video-preview:-1"},"canonical":"https:\/\/radis.ee\/rippvalgusti-paula\/","og_locale":"fi_FI","og_type":"article","og_title":"Riippuvalaisin PAULA - Radis","og_description":"Paula on leikkisill\u00e4 muumioilla varustettu riipusvalaisin, joka soveltuu hyvin yleisvalaistukseen sek\u00e4 yksil\u00f6llisesti ett\u00e4 monin tavoin. Valmistettu tammesta lattiaj\u00e4\u00e4mist\u00e4. T\u00e4m\u00e4 on puu, joka muuten menisi uunil\u00e4mmitykseen. Suunnittelijat kuitenkin panevat n\u00e4m\u00e4 &#8221;polttopuut&#8221; palamaan eri tavalla &#8211; niist\u00e4 syntyy tammilamppuja. Valaisimessa on my\u00f6s puinen kattopistorasia ja sarja sis\u00e4lt\u00e4\u00e4 LED-lampun, jonka valovoima on 750 lumenia. Asennukseen tarvitaan vain kattokoukku,...","og_url":"https:\/\/radis.ee\/rippvalgusti-paula\/","og_site_name":"Radis","article_publisher":"https:\/\/www.facebook.com\/radisfurniture\/","article_modified_time":"2021-02-09T18:53:31+00:00","og_image":[{"width":1080,"height":1080,"url":"https:\/\/radis.ee\/wp-content\/uploads\/2020\/02\/Pendant_lamp_PAULA_1-1.jpg","type":"image\/jpeg"}],"twitter_card":"summary_large_image","schema":{"@context":"https:\/\/schema.org","@graph":[{"@type":"WebPage","@id":"https:\/\/radis.ee\/rippvalgusti-paula\/","url":"https:\/\/radis.ee\/rippvalgusti-paula\/","name":"Riippuvalaisin PAULA - Radis","isPartOf":{"@id":"https:\/\/radis.ee\/#website"},"primaryImageOfPage":{"@id":"https:\/\/radis.ee\/rippvalgusti-paula\/#primaryimage"},"image":{"@id":"https:\/\/radis.ee\/rippvalgusti-paula\/#primaryimage"},"thumbnailUrl":"https:\/\/radis.ee\/wp-content\/uploads\/2020\/02\/Pendant_lamp_PAULA_1-1.jpg","datePublished":"2020-02-09T18:39:58+00:00","dateModified":"2021-02-09T18:53:31+00:00","breadcrumb":{"@id":"https:\/\/radis.ee\/rippvalgusti-paula\/#breadcrumb"},"inLanguage":"fi","potentialAction":[{"@type":"ReadAction","target":["https:\/\/radis.ee\/rippvalgusti-paula\/"]}]},{"@type":"ImageObject","inLanguage":"fi","@id":"https:\/\/radis.ee\/rippvalgusti-paula\/#primaryimage","url":"https:\/\/radis.ee\/wp-content\/uploads\/2020\/02\/Pendant_lamp_PAULA_1-1.jpg","contentUrl":"https:\/\/radis.ee\/wp-content\/uploads\/2020\/02\/Pendant_lamp_PAULA_1-1.jpg","width":1080,"height":1080,"caption":"PENDANT LAMP PAULA"},{"@type":"BreadcrumbList","@id":"https:\/\/radis.ee\/rippvalgusti-paula\/#breadcrumb","itemListElement":[{"@type":"ListItem","position":1,"name":"Home","item":"https:\/\/radis.ee\/"},{"@type":"ListItem","position":2,"name":"Tuotteet","item":"https:\/\/radis.ee\/fi\/tuotteet\/"},{"@type":"ListItem","position":3,"name":"Riippuvalaisin PAULA"}]},{"@type":"WebSite","@id":"https:\/\/radis.ee\/#website","url":"https:\/\/radis.ee\/","name":"Radis","description":"Nordic design furniture, environmentally friendly and sustainable.","publisher":{"@id":"https:\/\/radis.ee\/#organization"},"potentialAction":[{"@type":"SearchAction","target":{"@type":"EntryPoint","urlTemplate":"https:\/\/radis.ee\/?s={search_term_string}"},"query-input":{"@type":"PropertyValueSpecification","valueRequired":true,"valueName":"search_term_string"}}],"inLanguage":"fi"},{"@type":"Organization","@id":"https:\/\/radis.ee\/#organization","name":"Radis O\u00dc","url":"https:\/\/radis.ee\/","logo":{"@type":"ImageObject","inLanguage":"fi","@id":"https:\/\/radis.ee\/#\/schema\/logo\/image\/","url":"https:\/\/radis.ee\/wp-content\/uploads\/2020\/10\/Radis-logo.png","contentUrl":"https:\/\/radis.ee\/wp-content\/uploads\/2020\/10\/Radis-logo.png","width":300,"height":63,"caption":"Radis O\u00dc"},"image":{"@id":"https:\/\/radis.ee\/#\/schema\/logo\/image\/"},"sameAs":["https:\/\/www.facebook.com\/radisfurniture\/"]}]}},"_links":{"self":[{"href":"https:\/\/radis.ee\/fi\/wp-json\/wp\/v2\/product\/9398","targetHints":{"allow":["GET"]}}],"collection":[{"href":"https:\/\/radis.ee\/fi\/wp-json\/wp\/v2\/product"}],"about":[{"href":"https:\/\/radis.ee\/fi\/wp-json\/wp\/v2\/types\/product"}],"replies":[{"embeddable":true,"href":"https:\/\/radis.ee\/fi\/wp-json\/wp\/v2\/comments?post=9398"}],"wp:featuredmedia":[{"embeddable":true,"href":"https:\/\/radis.ee\/fi\/wp-json\/wp\/v2\/media\/9634"}],"wp:attachment":[{"href":"https:\/\/radis.ee\/fi\/wp-json\/wp\/v2\/media?parent=9398"}],"wp:term":[{"taxonomy":"product_brand","embeddable":true,"href":"https:\/\/radis.ee\/fi\/wp-json\/wp\/v2\/product_brand?post=9398"},{"taxonomy":"product_cat","embeddable":true,"href":"https:\/\/radis.ee\/fi\/wp-json\/wp\/v2\/product_cat?post=9398"},{"taxonomy":"product_tag","embeddable":true,"href":"https:\/\/radis.ee\/fi\/wp-json\/wp\/v2\/product_tag?post=9398"}],"curies":[{"name":"wp","href":"https:\/\/api.w.org\/{rel}","templated":true}]}}