{"id":9543,"date":"2020-02-10T14:21:04","date_gmt":"2021-02-10T12:21:04","guid":{"rendered":"https:\/\/radis.ee\/poytavalaisin-voldemar\/"},"modified":"2021-02-10T16:44:32","modified_gmt":"2021-02-10T14:44:32","slug":"poytavalaisin-voldemar","status":"publish","type":"product","link":"https:\/\/radis.ee\/fi\/poytavalaisin-voldemar\/","title":{"rendered":"P\u00f6yt\u00e4valaisin VOLDEMAR"},"content":{"rendered":"<p>Voldemar-p\u00f6yt\u00e4valaisin on hyv\u00e4 kumppani ty\u00f6p\u00f6yd\u00e4llesi, y\u00f6p\u00f6yd\u00e4lle tai lukunurkkaan. Valaisimen p\u00e4\u00e4 liikkuu yl\u00f6s ja alas ohjaamaan valoa tarkalleen sinne, miss\u00e4 se on asetettava eniten.<\/p>\n<p>Valmistettu tammesta lattiaj\u00e4\u00e4mist\u00e4. T\u00e4m\u00e4 on puu, joka muuten menisi uunil\u00e4mmitykseen. Suunnittelijat saavat n\u00e4m\u00e4 &#8221;polttopuut&#8221; kuitenkin palamaan eri tavalla &#8211; ne synnytt\u00e4v\u00e4t puulamput.<\/p>\n<p>Valaisimessa on 2,5 m pitk\u00e4 kangaskaapeli &#8211; musta, harmaa tai valkoinen ja musta pistoke ja kytkin. Valaisimessa on my\u00f6s LED-lamppu, jonka valovoima on 450 lumenia. Puuosat on viimeistelty luonnon puu\u00f6ljyll\u00e4. Metallijalka on jauhemaalattu mustalla tai valkoisella. Puisen kupolin koko on 13,5 cm x syvyys 6,3 cm, pohjan halkaisija on 13 cm.<\/p>\n<p>Suunnittelijat: Liis Tippel ja Katrin Girin<\/p>\n<p>P\u00f6yt\u00e4valaisin Voldemar on Viron muotoilupalkintojen 2018 ehdokas Bruno.<\/p>\n","protected":false},"excerpt":{"rendered":"<p>Voldemar-p\u00f6yt\u00e4valaisin on hyv\u00e4 kumppani ty\u00f6p\u00f6yd\u00e4llesi, y\u00f6p\u00f6yd\u00e4lle tai lukunurkkaan. Valaisimen p\u00e4\u00e4 liikkuu yl\u00f6s ja alas ohjaamaan valoa tarkalleen sinne, miss\u00e4 se on asetettava eniten. Valmistettu tammesta lattiaj\u00e4\u00e4mist\u00e4. T\u00e4m\u00e4 on puu, joka muuten menisi uunil\u00e4mmitykseen. Suunnittelijat saavat n\u00e4m\u00e4 &#8221;polttopuut&#8221; kuitenkin palamaan eri tavalla &#8211; ne synnytt\u00e4v\u00e4t puulamput. Valaisimessa on 2,5 m pitk\u00e4 kangaskaapeli &#8211; musta, harmaa tai&#8230;<\/p>\n","protected":false},"featured_media":9622,"comment_status":"open","ping_status":"closed","template":"","meta":{"_acf_changed":false},"product_brand":[],"product_cat":[441],"product_tag":[],"class_list":{"0":"post-9543","1":"product","2":"type-product","3":"status-publish","4":"has-post-thumbnail","6":"product_cat-lisatarvikkeet","8":"first","9":"instock","10":"taxable","11":"shipping-taxable","12":"purchasable","13":"product-type-variable"},"acf":[],"yoast_head":"<!-- This site is optimized with the Yoast SEO plugin v27.4 - https:\/\/yoast.com\/product\/yoast-seo-wordpress\/ -->\n<title>P\u00f6yt\u00e4valaisin VOLDEMAR - Radis<\/title>\n<meta name=\"robots\" content=\"index, follow, max-snippet:-1, max-image-preview:large, max-video-preview:-1\" \/>\n<link rel=\"canonical\" href=\"https:\/\/radis.ee\/lauavalgusti-voldemar\/\" \/>\n<meta property=\"og:locale\" content=\"fi_FI\" \/>\n<meta property=\"og:type\" content=\"article\" \/>\n<meta property=\"og:title\" content=\"P\u00f6yt\u00e4valaisin VOLDEMAR - Radis\" \/>\n<meta property=\"og:description\" content=\"Voldemar-p\u00f6yt\u00e4valaisin on hyv\u00e4 kumppani ty\u00f6p\u00f6yd\u00e4llesi, y\u00f6p\u00f6yd\u00e4lle tai lukunurkkaan. Valaisimen p\u00e4\u00e4 liikkuu yl\u00f6s ja alas ohjaamaan valoa tarkalleen sinne, miss\u00e4 se on asetettava eniten. Valmistettu tammesta lattiaj\u00e4\u00e4mist\u00e4. T\u00e4m\u00e4 on puu, joka muuten menisi uunil\u00e4mmitykseen. Suunnittelijat saavat n\u00e4m\u00e4 &#8221;polttopuut&#8221; kuitenkin palamaan eri tavalla &#8211; ne synnytt\u00e4v\u00e4t puulamput. Valaisimessa on 2,5 m pitk\u00e4 kangaskaapeli &#8211; musta, harmaa tai...\" \/>\n<meta property=\"og:url\" content=\"https:\/\/radis.ee\/lauavalgusti-voldemar\/\" \/>\n<meta property=\"og:site_name\" content=\"Radis\" \/>\n<meta property=\"article:publisher\" content=\"https:\/\/www.facebook.com\/radisfurniture\/\" \/>\n<meta property=\"article:modified_time\" content=\"2021-02-10T14:44:32+00:00\" \/>\n<meta property=\"og:image\" content=\"https:\/\/radis.ee\/wp-content\/uploads\/2020\/02\/Desk_lamp_VOLDEMAR_white.jpg\" \/>\n\t<meta property=\"og:image:width\" content=\"449\" \/>\n\t<meta property=\"og:image:height\" content=\"565\" \/>\n\t<meta property=\"og:image:type\" content=\"image\/jpeg\" \/>\n<meta name=\"twitter:card\" content=\"summary_large_image\" \/>\n<meta name=\"twitter:label1\" content=\"Arvioitu lukuaika\" \/>\n\t<meta name=\"twitter:data1\" content=\"1 minuutti\" \/>\n<script type=\"application\/ld+json\" class=\"yoast-schema-graph\">{\"@context\":\"https:\\\/\\\/schema.org\",\"@graph\":[{\"@type\":\"WebPage\",\"@id\":\"https:\\\/\\\/radis.ee\\\/lauavalgusti-voldemar\\\/\",\"url\":\"https:\\\/\\\/radis.ee\\\/lauavalgusti-voldemar\\\/\",\"name\":\"P\u00f6yt\u00e4valaisin VOLDEMAR - Radis\",\"isPartOf\":{\"@id\":\"https:\\\/\\\/radis.ee\\\/#website\"},\"primaryImageOfPage\":{\"@id\":\"https:\\\/\\\/radis.ee\\\/lauavalgusti-voldemar\\\/#primaryimage\"},\"image\":{\"@id\":\"https:\\\/\\\/radis.ee\\\/lauavalgusti-voldemar\\\/#primaryimage\"},\"thumbnailUrl\":\"https:\\\/\\\/radis.ee\\\/wp-content\\\/uploads\\\/2020\\\/02\\\/Desk_lamp_VOLDEMAR_white.jpg\",\"datePublished\":\"2021-02-10T12:21:04+00:00\",\"dateModified\":\"2021-02-10T14:44:32+00:00\",\"breadcrumb\":{\"@id\":\"https:\\\/\\\/radis.ee\\\/lauavalgusti-voldemar\\\/#breadcrumb\"},\"inLanguage\":\"fi\",\"potentialAction\":[{\"@type\":\"ReadAction\",\"target\":[\"https:\\\/\\\/radis.ee\\\/lauavalgusti-voldemar\\\/\"]}]},{\"@type\":\"ImageObject\",\"inLanguage\":\"fi\",\"@id\":\"https:\\\/\\\/radis.ee\\\/lauavalgusti-voldemar\\\/#primaryimage\",\"url\":\"https:\\\/\\\/radis.ee\\\/wp-content\\\/uploads\\\/2020\\\/02\\\/Desk_lamp_VOLDEMAR_white.jpg\",\"contentUrl\":\"https:\\\/\\\/radis.ee\\\/wp-content\\\/uploads\\\/2020\\\/02\\\/Desk_lamp_VOLDEMAR_white.jpg\",\"width\":449,\"height\":565,\"caption\":\"DESK LAMP VOLDEMAR\"},{\"@type\":\"BreadcrumbList\",\"@id\":\"https:\\\/\\\/radis.ee\\\/lauavalgusti-voldemar\\\/#breadcrumb\",\"itemListElement\":[{\"@type\":\"ListItem\",\"position\":1,\"name\":\"Home\",\"item\":\"https:\\\/\\\/radis.ee\\\/\"},{\"@type\":\"ListItem\",\"position\":2,\"name\":\"Tuotteet\",\"item\":\"https:\\\/\\\/radis.ee\\\/fi\\\/tuotteet\\\/\"},{\"@type\":\"ListItem\",\"position\":3,\"name\":\"P\u00f6yt\u00e4valaisin VOLDEMAR\"}]},{\"@type\":\"WebSite\",\"@id\":\"https:\\\/\\\/radis.ee\\\/#website\",\"url\":\"https:\\\/\\\/radis.ee\\\/\",\"name\":\"Radis\",\"description\":\"Nordic design furniture, environmentally friendly and sustainable.\",\"publisher\":{\"@id\":\"https:\\\/\\\/radis.ee\\\/#organization\"},\"potentialAction\":[{\"@type\":\"SearchAction\",\"target\":{\"@type\":\"EntryPoint\",\"urlTemplate\":\"https:\\\/\\\/radis.ee\\\/?s={search_term_string}\"},\"query-input\":{\"@type\":\"PropertyValueSpecification\",\"valueRequired\":true,\"valueName\":\"search_term_string\"}}],\"inLanguage\":\"fi\"},{\"@type\":\"Organization\",\"@id\":\"https:\\\/\\\/radis.ee\\\/#organization\",\"name\":\"Radis O\u00dc\",\"url\":\"https:\\\/\\\/radis.ee\\\/\",\"logo\":{\"@type\":\"ImageObject\",\"inLanguage\":\"fi\",\"@id\":\"https:\\\/\\\/radis.ee\\\/#\\\/schema\\\/logo\\\/image\\\/\",\"url\":\"https:\\\/\\\/radis.ee\\\/wp-content\\\/uploads\\\/2020\\\/10\\\/Radis-logo.png\",\"contentUrl\":\"https:\\\/\\\/radis.ee\\\/wp-content\\\/uploads\\\/2020\\\/10\\\/Radis-logo.png\",\"width\":300,\"height\":63,\"caption\":\"Radis O\u00dc\"},\"image\":{\"@id\":\"https:\\\/\\\/radis.ee\\\/#\\\/schema\\\/logo\\\/image\\\/\"},\"sameAs\":[\"https:\\\/\\\/www.facebook.com\\\/radisfurniture\\\/\"]}]}<\/script>\n<!-- \/ Yoast SEO plugin. -->","yoast_head_json":{"title":"P\u00f6yt\u00e4valaisin VOLDEMAR - Radis","robots":{"index":"index","follow":"follow","max-snippet":"max-snippet:-1","max-image-preview":"max-image-preview:large","max-video-preview":"max-video-preview:-1"},"canonical":"https:\/\/radis.ee\/lauavalgusti-voldemar\/","og_locale":"fi_FI","og_type":"article","og_title":"P\u00f6yt\u00e4valaisin VOLDEMAR - Radis","og_description":"Voldemar-p\u00f6yt\u00e4valaisin on hyv\u00e4 kumppani ty\u00f6p\u00f6yd\u00e4llesi, y\u00f6p\u00f6yd\u00e4lle tai lukunurkkaan. Valaisimen p\u00e4\u00e4 liikkuu yl\u00f6s ja alas ohjaamaan valoa tarkalleen sinne, miss\u00e4 se on asetettava eniten. Valmistettu tammesta lattiaj\u00e4\u00e4mist\u00e4. T\u00e4m\u00e4 on puu, joka muuten menisi uunil\u00e4mmitykseen. Suunnittelijat saavat n\u00e4m\u00e4 &#8221;polttopuut&#8221; kuitenkin palamaan eri tavalla &#8211; ne synnytt\u00e4v\u00e4t puulamput. Valaisimessa on 2,5 m pitk\u00e4 kangaskaapeli &#8211; musta, harmaa tai...","og_url":"https:\/\/radis.ee\/lauavalgusti-voldemar\/","og_site_name":"Radis","article_publisher":"https:\/\/www.facebook.com\/radisfurniture\/","article_modified_time":"2021-02-10T14:44:32+00:00","og_image":[{"width":449,"height":565,"url":"https:\/\/radis.ee\/wp-content\/uploads\/2020\/02\/Desk_lamp_VOLDEMAR_white.jpg","type":"image\/jpeg"}],"twitter_card":"summary_large_image","twitter_misc":{"Arvioitu lukuaika":"1 minuutti"},"schema":{"@context":"https:\/\/schema.org","@graph":[{"@type":"WebPage","@id":"https:\/\/radis.ee\/lauavalgusti-voldemar\/","url":"https:\/\/radis.ee\/lauavalgusti-voldemar\/","name":"P\u00f6yt\u00e4valaisin VOLDEMAR - Radis","isPartOf":{"@id":"https:\/\/radis.ee\/#website"},"primaryImageOfPage":{"@id":"https:\/\/radis.ee\/lauavalgusti-voldemar\/#primaryimage"},"image":{"@id":"https:\/\/radis.ee\/lauavalgusti-voldemar\/#primaryimage"},"thumbnailUrl":"https:\/\/radis.ee\/wp-content\/uploads\/2020\/02\/Desk_lamp_VOLDEMAR_white.jpg","datePublished":"2021-02-10T12:21:04+00:00","dateModified":"2021-02-10T14:44:32+00:00","breadcrumb":{"@id":"https:\/\/radis.ee\/lauavalgusti-voldemar\/#breadcrumb"},"inLanguage":"fi","potentialAction":[{"@type":"ReadAction","target":["https:\/\/radis.ee\/lauavalgusti-voldemar\/"]}]},{"@type":"ImageObject","inLanguage":"fi","@id":"https:\/\/radis.ee\/lauavalgusti-voldemar\/#primaryimage","url":"https:\/\/radis.ee\/wp-content\/uploads\/2020\/02\/Desk_lamp_VOLDEMAR_white.jpg","contentUrl":"https:\/\/radis.ee\/wp-content\/uploads\/2020\/02\/Desk_lamp_VOLDEMAR_white.jpg","width":449,"height":565,"caption":"DESK LAMP VOLDEMAR"},{"@type":"BreadcrumbList","@id":"https:\/\/radis.ee\/lauavalgusti-voldemar\/#breadcrumb","itemListElement":[{"@type":"ListItem","position":1,"name":"Home","item":"https:\/\/radis.ee\/"},{"@type":"ListItem","position":2,"name":"Tuotteet","item":"https:\/\/radis.ee\/fi\/tuotteet\/"},{"@type":"ListItem","position":3,"name":"P\u00f6yt\u00e4valaisin VOLDEMAR"}]},{"@type":"WebSite","@id":"https:\/\/radis.ee\/#website","url":"https:\/\/radis.ee\/","name":"Radis","description":"Nordic design furniture, environmentally friendly and sustainable.","publisher":{"@id":"https:\/\/radis.ee\/#organization"},"potentialAction":[{"@type":"SearchAction","target":{"@type":"EntryPoint","urlTemplate":"https:\/\/radis.ee\/?s={search_term_string}"},"query-input":{"@type":"PropertyValueSpecification","valueRequired":true,"valueName":"search_term_string"}}],"inLanguage":"fi"},{"@type":"Organization","@id":"https:\/\/radis.ee\/#organization","name":"Radis O\u00dc","url":"https:\/\/radis.ee\/","logo":{"@type":"ImageObject","inLanguage":"fi","@id":"https:\/\/radis.ee\/#\/schema\/logo\/image\/","url":"https:\/\/radis.ee\/wp-content\/uploads\/2020\/10\/Radis-logo.png","contentUrl":"https:\/\/radis.ee\/wp-content\/uploads\/2020\/10\/Radis-logo.png","width":300,"height":63,"caption":"Radis O\u00dc"},"image":{"@id":"https:\/\/radis.ee\/#\/schema\/logo\/image\/"},"sameAs":["https:\/\/www.facebook.com\/radisfurniture\/"]}]}},"_links":{"self":[{"href":"https:\/\/radis.ee\/fi\/wp-json\/wp\/v2\/product\/9543","targetHints":{"allow":["GET"]}}],"collection":[{"href":"https:\/\/radis.ee\/fi\/wp-json\/wp\/v2\/product"}],"about":[{"href":"https:\/\/radis.ee\/fi\/wp-json\/wp\/v2\/types\/product"}],"replies":[{"embeddable":true,"href":"https:\/\/radis.ee\/fi\/wp-json\/wp\/v2\/comments?post=9543"}],"wp:featuredmedia":[{"embeddable":true,"href":"https:\/\/radis.ee\/fi\/wp-json\/wp\/v2\/media\/9622"}],"wp:attachment":[{"href":"https:\/\/radis.ee\/fi\/wp-json\/wp\/v2\/media?parent=9543"}],"wp:term":[{"taxonomy":"product_brand","embeddable":true,"href":"https:\/\/radis.ee\/fi\/wp-json\/wp\/v2\/product_brand?post=9543"},{"taxonomy":"product_cat","embeddable":true,"href":"https:\/\/radis.ee\/fi\/wp-json\/wp\/v2\/product_cat?post=9543"},{"taxonomy":"product_tag","embeddable":true,"href":"https:\/\/radis.ee\/fi\/wp-json\/wp\/v2\/product_tag?post=9543"}],"curies":[{"name":"wp","href":"https:\/\/api.w.org\/{rel}","templated":true}]}}