{"id":9604,"date":"2019-02-10T19:35:08","date_gmt":"2021-02-10T17:35:08","guid":{"rendered":"https:\/\/radis.ee\/ripustin-riina\/"},"modified":"2021-02-10T19:35:08","modified_gmt":"2021-02-10T17:35:08","slug":"ripustin-riina","status":"publish","type":"product","link":"https:\/\/radis.ee\/fi\/ripustin-riina\/","title":{"rendered":"Ripustin RIINA"},"content":{"rendered":"<p>Napitelineet sopivat hyvin laatikoihin ja kaappipainikkeisiin, mutta my\u00f6s moderneihin telineisiin. Koukutelineit\u00e4 on saatavana kolmessa koossa. L-koko on valtava (halkaisija 14 cm), mutta siell\u00e4 on my\u00f6s vaatimattomia M- (S 10 cm) ja S-kokoisia (D 7 cm) \u00e4itej\u00e4.<\/p>\n<p>Napitelineet on valmistettu tammesta, joka on per\u00e4isin lattiateollisuuden j\u00e4\u00e4nn\u00f6ksist\u00e4. T\u00e4m\u00e4 on puu, joka muuten menisi uunil\u00e4mmitykseen. Suunnittelijat s\u00e4\u00e4st\u00e4v\u00e4t kuitenkin puuta ja antavat sille uuden k\u00e4ytt\u00f6tavan napeina tai telinein\u00e4.<\/p>\n<p>Telineit\u00e4 on 3 kpl erikokoisia &#8211; S, M ja L, mukana my\u00f6s kiinnitysruuvit. Asennukseen tarvitsee vain tapin, joka sopii sein\u00e4materiaaliin. Tuotteet on viimeistelty luonnon puu\u00f6ljyll\u00e4.<\/p>\n<p>Suunnittelijat: Liis Tippel ja Katrin Girin<\/p>\n","protected":false},"excerpt":{"rendered":"<p>Napitelineet sopivat hyvin laatikoihin ja kaappipainikkeisiin, mutta my\u00f6s moderneihin telineisiin. Koukutelineit\u00e4 on saatavana kolmessa koossa. L-koko on valtava (halkaisija 14 cm), mutta siell\u00e4 on my\u00f6s vaatimattomia M- (S 10 cm) ja S-kokoisia (D 7 cm) \u00e4itej\u00e4. Napitelineet on valmistettu tammesta, joka on per\u00e4isin lattiateollisuuden j\u00e4\u00e4nn\u00f6ksist\u00e4. T\u00e4m\u00e4 on puu, joka muuten menisi uunil\u00e4mmitykseen. Suunnittelijat s\u00e4\u00e4st\u00e4v\u00e4t kuitenkin&#8230;<\/p>\n","protected":false},"featured_media":9599,"comment_status":"open","ping_status":"closed","template":"","meta":{"_acf_changed":false},"product_brand":[],"product_cat":[34],"product_tag":[],"class_list":{"0":"post-9604","1":"product","2":"type-product","3":"status-publish","4":"has-post-thumbnail","6":"product_cat-aksessuaarid","8":"first","9":"instock","10":"taxable","11":"shipping-taxable","12":"purchasable","13":"product-type-simple"},"acf":[],"yoast_head":"<!-- This site is optimized with the Yoast SEO plugin v27.4 - https:\/\/yoast.com\/product\/yoast-seo-wordpress\/ -->\n<title>Ripustin RIINA - Radis<\/title>\n<meta name=\"robots\" content=\"index, follow, max-snippet:-1, max-image-preview:large, max-video-preview:-1\" \/>\n<link rel=\"canonical\" href=\"https:\/\/radis.ee\/?post_type=product&p=9565\" \/>\n<meta property=\"og:locale\" content=\"fi_FI\" \/>\n<meta property=\"og:type\" content=\"article\" \/>\n<meta property=\"og:title\" content=\"Ripustin RIINA - Radis\" \/>\n<meta property=\"og:description\" content=\"Napitelineet sopivat hyvin laatikoihin ja kaappipainikkeisiin, mutta my\u00f6s moderneihin telineisiin. Koukutelineit\u00e4 on saatavana kolmessa koossa. L-koko on valtava (halkaisija 14 cm), mutta siell\u00e4 on my\u00f6s vaatimattomia M- (S 10 cm) ja S-kokoisia (D 7 cm) \u00e4itej\u00e4. Napitelineet on valmistettu tammesta, joka on per\u00e4isin lattiateollisuuden j\u00e4\u00e4nn\u00f6ksist\u00e4. T\u00e4m\u00e4 on puu, joka muuten menisi uunil\u00e4mmitykseen. Suunnittelijat s\u00e4\u00e4st\u00e4v\u00e4t kuitenkin...\" \/>\n<meta property=\"og:url\" content=\"https:\/\/radis.ee\/?post_type=product&amp;p=9565\" \/>\n<meta property=\"og:site_name\" content=\"Radis\" \/>\n<meta property=\"article:publisher\" content=\"https:\/\/www.facebook.com\/radisfurniture\/\" \/>\n<meta property=\"og:image\" content=\"https:\/\/radis.ee\/wp-content\/uploads\/2021\/02\/Hanging_dots_RIINA_white.jpg\" \/>\n\t<meta property=\"og:image:width\" content=\"551\" \/>\n\t<meta property=\"og:image:height\" content=\"549\" \/>\n\t<meta property=\"og:image:type\" content=\"image\/jpeg\" \/>\n<meta name=\"twitter:card\" content=\"summary_large_image\" \/>\n<meta name=\"twitter:label1\" content=\"Arvioitu lukuaika\" \/>\n\t<meta name=\"twitter:data1\" content=\"1 minuutti\" \/>\n<script type=\"application\/ld+json\" class=\"yoast-schema-graph\">{\"@context\":\"https:\\\/\\\/schema.org\",\"@graph\":[{\"@type\":\"WebPage\",\"@id\":\"https:\\\/\\\/radis.ee\\\/?post_type=product&p=9565\",\"url\":\"https:\\\/\\\/radis.ee\\\/?post_type=product&p=9565\",\"name\":\"Ripustin RIINA - Radis\",\"isPartOf\":{\"@id\":\"https:\\\/\\\/radis.ee\\\/#website\"},\"primaryImageOfPage\":{\"@id\":\"https:\\\/\\\/radis.ee\\\/?post_type=product&p=9565#primaryimage\"},\"image\":{\"@id\":\"https:\\\/\\\/radis.ee\\\/?post_type=product&p=9565#primaryimage\"},\"thumbnailUrl\":\"https:\\\/\\\/radis.ee\\\/wp-content\\\/uploads\\\/2021\\\/02\\\/Hanging_dots_RIINA_white.jpg\",\"datePublished\":\"2021-02-10T17:35:08+00:00\",\"breadcrumb\":{\"@id\":\"https:\\\/\\\/radis.ee\\\/?post_type=product&p=9565#breadcrumb\"},\"inLanguage\":\"fi\",\"potentialAction\":[{\"@type\":\"ReadAction\",\"target\":[\"https:\\\/\\\/radis.ee\\\/?post_type=product&p=9565\"]}]},{\"@type\":\"ImageObject\",\"inLanguage\":\"fi\",\"@id\":\"https:\\\/\\\/radis.ee\\\/?post_type=product&p=9565#primaryimage\",\"url\":\"https:\\\/\\\/radis.ee\\\/wp-content\\\/uploads\\\/2021\\\/02\\\/Hanging_dots_RIINA_white.jpg\",\"contentUrl\":\"https:\\\/\\\/radis.ee\\\/wp-content\\\/uploads\\\/2021\\\/02\\\/Hanging_dots_RIINA_white.jpg\",\"width\":551,\"height\":549,\"caption\":\"HOOK DOTS RIINA\"},{\"@type\":\"BreadcrumbList\",\"@id\":\"https:\\\/\\\/radis.ee\\\/?post_type=product&p=9565#breadcrumb\",\"itemListElement\":[{\"@type\":\"ListItem\",\"position\":1,\"name\":\"Home\",\"item\":\"https:\\\/\\\/radis.ee\\\/\"},{\"@type\":\"ListItem\",\"position\":2,\"name\":\"Tuotteet\",\"item\":\"https:\\\/\\\/radis.ee\\\/fi\\\/tuotteet\\\/\"},{\"@type\":\"ListItem\",\"position\":3,\"name\":\"Ripustin RIINA\"}]},{\"@type\":\"WebSite\",\"@id\":\"https:\\\/\\\/radis.ee\\\/#website\",\"url\":\"https:\\\/\\\/radis.ee\\\/\",\"name\":\"Radis\",\"description\":\"Nordic design furniture, environmentally friendly and sustainable.\",\"publisher\":{\"@id\":\"https:\\\/\\\/radis.ee\\\/#organization\"},\"potentialAction\":[{\"@type\":\"SearchAction\",\"target\":{\"@type\":\"EntryPoint\",\"urlTemplate\":\"https:\\\/\\\/radis.ee\\\/?s={search_term_string}\"},\"query-input\":{\"@type\":\"PropertyValueSpecification\",\"valueRequired\":true,\"valueName\":\"search_term_string\"}}],\"inLanguage\":\"fi\"},{\"@type\":\"Organization\",\"@id\":\"https:\\\/\\\/radis.ee\\\/#organization\",\"name\":\"Radis O\u00dc\",\"url\":\"https:\\\/\\\/radis.ee\\\/\",\"logo\":{\"@type\":\"ImageObject\",\"inLanguage\":\"fi\",\"@id\":\"https:\\\/\\\/radis.ee\\\/#\\\/schema\\\/logo\\\/image\\\/\",\"url\":\"https:\\\/\\\/radis.ee\\\/wp-content\\\/uploads\\\/2020\\\/10\\\/Radis-logo.png\",\"contentUrl\":\"https:\\\/\\\/radis.ee\\\/wp-content\\\/uploads\\\/2020\\\/10\\\/Radis-logo.png\",\"width\":300,\"height\":63,\"caption\":\"Radis O\u00dc\"},\"image\":{\"@id\":\"https:\\\/\\\/radis.ee\\\/#\\\/schema\\\/logo\\\/image\\\/\"},\"sameAs\":[\"https:\\\/\\\/www.facebook.com\\\/radisfurniture\\\/\"]}]}<\/script>\n<!-- \/ Yoast SEO plugin. -->","yoast_head_json":{"title":"Ripustin RIINA - Radis","robots":{"index":"index","follow":"follow","max-snippet":"max-snippet:-1","max-image-preview":"max-image-preview:large","max-video-preview":"max-video-preview:-1"},"canonical":"https:\/\/radis.ee\/?post_type=product&p=9565","og_locale":"fi_FI","og_type":"article","og_title":"Ripustin RIINA - Radis","og_description":"Napitelineet sopivat hyvin laatikoihin ja kaappipainikkeisiin, mutta my\u00f6s moderneihin telineisiin. Koukutelineit\u00e4 on saatavana kolmessa koossa. L-koko on valtava (halkaisija 14 cm), mutta siell\u00e4 on my\u00f6s vaatimattomia M- (S 10 cm) ja S-kokoisia (D 7 cm) \u00e4itej\u00e4. Napitelineet on valmistettu tammesta, joka on per\u00e4isin lattiateollisuuden j\u00e4\u00e4nn\u00f6ksist\u00e4. T\u00e4m\u00e4 on puu, joka muuten menisi uunil\u00e4mmitykseen. Suunnittelijat s\u00e4\u00e4st\u00e4v\u00e4t kuitenkin...","og_url":"https:\/\/radis.ee\/?post_type=product&p=9565","og_site_name":"Radis","article_publisher":"https:\/\/www.facebook.com\/radisfurniture\/","og_image":[{"width":551,"height":549,"url":"https:\/\/radis.ee\/wp-content\/uploads\/2021\/02\/Hanging_dots_RIINA_white.jpg","type":"image\/jpeg"}],"twitter_card":"summary_large_image","twitter_misc":{"Arvioitu lukuaika":"1 minuutti"},"schema":{"@context":"https:\/\/schema.org","@graph":[{"@type":"WebPage","@id":"https:\/\/radis.ee\/?post_type=product&p=9565","url":"https:\/\/radis.ee\/?post_type=product&p=9565","name":"Ripustin RIINA - Radis","isPartOf":{"@id":"https:\/\/radis.ee\/#website"},"primaryImageOfPage":{"@id":"https:\/\/radis.ee\/?post_type=product&p=9565#primaryimage"},"image":{"@id":"https:\/\/radis.ee\/?post_type=product&p=9565#primaryimage"},"thumbnailUrl":"https:\/\/radis.ee\/wp-content\/uploads\/2021\/02\/Hanging_dots_RIINA_white.jpg","datePublished":"2021-02-10T17:35:08+00:00","breadcrumb":{"@id":"https:\/\/radis.ee\/?post_type=product&p=9565#breadcrumb"},"inLanguage":"fi","potentialAction":[{"@type":"ReadAction","target":["https:\/\/radis.ee\/?post_type=product&p=9565"]}]},{"@type":"ImageObject","inLanguage":"fi","@id":"https:\/\/radis.ee\/?post_type=product&p=9565#primaryimage","url":"https:\/\/radis.ee\/wp-content\/uploads\/2021\/02\/Hanging_dots_RIINA_white.jpg","contentUrl":"https:\/\/radis.ee\/wp-content\/uploads\/2021\/02\/Hanging_dots_RIINA_white.jpg","width":551,"height":549,"caption":"HOOK DOTS RIINA"},{"@type":"BreadcrumbList","@id":"https:\/\/radis.ee\/?post_type=product&p=9565#breadcrumb","itemListElement":[{"@type":"ListItem","position":1,"name":"Home","item":"https:\/\/radis.ee\/"},{"@type":"ListItem","position":2,"name":"Tuotteet","item":"https:\/\/radis.ee\/fi\/tuotteet\/"},{"@type":"ListItem","position":3,"name":"Ripustin RIINA"}]},{"@type":"WebSite","@id":"https:\/\/radis.ee\/#website","url":"https:\/\/radis.ee\/","name":"Radis","description":"Nordic design furniture, environmentally friendly and sustainable.","publisher":{"@id":"https:\/\/radis.ee\/#organization"},"potentialAction":[{"@type":"SearchAction","target":{"@type":"EntryPoint","urlTemplate":"https:\/\/radis.ee\/?s={search_term_string}"},"query-input":{"@type":"PropertyValueSpecification","valueRequired":true,"valueName":"search_term_string"}}],"inLanguage":"fi"},{"@type":"Organization","@id":"https:\/\/radis.ee\/#organization","name":"Radis O\u00dc","url":"https:\/\/radis.ee\/","logo":{"@type":"ImageObject","inLanguage":"fi","@id":"https:\/\/radis.ee\/#\/schema\/logo\/image\/","url":"https:\/\/radis.ee\/wp-content\/uploads\/2020\/10\/Radis-logo.png","contentUrl":"https:\/\/radis.ee\/wp-content\/uploads\/2020\/10\/Radis-logo.png","width":300,"height":63,"caption":"Radis O\u00dc"},"image":{"@id":"https:\/\/radis.ee\/#\/schema\/logo\/image\/"},"sameAs":["https:\/\/www.facebook.com\/radisfurniture\/"]}]}},"_links":{"self":[{"href":"https:\/\/radis.ee\/fi\/wp-json\/wp\/v2\/product\/9604","targetHints":{"allow":["GET"]}}],"collection":[{"href":"https:\/\/radis.ee\/fi\/wp-json\/wp\/v2\/product"}],"about":[{"href":"https:\/\/radis.ee\/fi\/wp-json\/wp\/v2\/types\/product"}],"replies":[{"embeddable":true,"href":"https:\/\/radis.ee\/fi\/wp-json\/wp\/v2\/comments?post=9604"}],"wp:featuredmedia":[{"embeddable":true,"href":"https:\/\/radis.ee\/fi\/wp-json\/wp\/v2\/media\/9599"}],"wp:attachment":[{"href":"https:\/\/radis.ee\/fi\/wp-json\/wp\/v2\/media?parent=9604"}],"wp:term":[{"taxonomy":"product_brand","embeddable":true,"href":"https:\/\/radis.ee\/fi\/wp-json\/wp\/v2\/product_brand?post=9604"},{"taxonomy":"product_cat","embeddable":true,"href":"https:\/\/radis.ee\/fi\/wp-json\/wp\/v2\/product_cat?post=9604"},{"taxonomy":"product_tag","embeddable":true,"href":"https:\/\/radis.ee\/fi\/wp-json\/wp\/v2\/product_tag?post=9604"}],"curies":[{"name":"wp","href":"https:\/\/api.w.org\/{rel}","templated":true}]}}